{"id":3215,"date":"2021-03-30T16:24:50","date_gmt":"2021-03-30T16:24:50","guid":{"rendered":"http:\/\/omcsae.com.mialias.net\/?page_id=3215"},"modified":"2022-05-12T14:53:54","modified_gmt":"2022-05-12T14:53:54","slug":"technical-service-2","status":"publish","type":"page","link":"https:\/\/www.omcsae.com\/en\/technical-service-2\/","title":{"rendered":"Technical service"},"content":{"rendered":"<section class=\"section\" id=\"section_1912806901\">\n\t\t<div class=\"section-bg fill\" >\n\t\t\t<img loading=\"lazy\" decoding=\"async\" width=\"1280\" height=\"720\" src=\"https:\/\/www.omcsae.com\/wp-content\/uploads\/2022\/03\/TecnicoOMC.png\" class=\"bg attachment-original size-original\" alt=\"\" \/>\t\t\t\t\t\t<div class=\"section-bg-overlay absolute fill\"><\/div>\n\t\t\t\n\n\t\t<\/div>\n\n\t\t\n\n\t\t<div class=\"section-content relative\">\n\t\t\t\n\n<div class=\"row align-center\"  id=\"row-71878609\">\n\n\n\t<div id=\"col-540467820\" class=\"col medium-11 small-12 large-11\"  >\n\t\t\t\t<div class=\"col-inner text-center dark\"  >\n\t\t\t\n\t\t\t\n\n<h1 class=\"uppercase\" style=\"text-align: right;\"><span style=\"font-size: 150%;\">\u00a0 \u00a0 \u00a0 \u00a0<\/span><\/h1>\n<h1 class=\"uppercase\" style=\"text-align: right;\"><span style=\"font-size: 150%;\">TECHNICAL SERVICE<\/span><\/h1>\n<h3 style=\"text-align: right;\"><span style=\"font-size: 130%;\">Our reason for being<\/span><\/h3>\n\n\t\t<\/div>\n\t\t\t\t\t<\/div>\n\n\t\n\n<\/div>\n\n\t\t<\/div>\n\n\t\t\n<style>\n#section_1912806901 {\n  padding-top: 60px;\n  padding-bottom: 60px;\n  min-height: 300px;\n  background-color: rgb(245, 245, 245);\n}\n#section_1912806901 .section-bg-overlay {\n  background-color: rgba(0, 0, 0, 0.5);\n}\n#section_1912806901 .section-bg img {\n  object-position: 0% 51%;\n}\n<\/style>\n\t<\/section>\n\t\n\n\t<section class=\"section\" id=\"section_445380143\">\n\t\t<div class=\"section-bg fill\" >\n\t\t\t\t\t\t\t\t\t<div class=\"section-bg-overlay absolute fill\"><\/div>\n\t\t\t\n\n\t\t<\/div>\n\n\t\t\n\n\t\t<div class=\"section-content relative\">\n\t\t\t\n\n<div class=\"row row-collapse align-middle align-center\" style=\"max-width:\" id=\"row-597195778\">\n\n\n\t<div id=\"col-16245126\" class=\"col medium-9 small-12 large-9\"  >\n\t\t\t\t<div class=\"col-inner text-center\"  >\n\t\t\t\n\t\t\t\n\n\n\n<iframe loading=\"lazy\" title=\"youtube video player\" src=\"https:\/\/www.youtube.com\/embed\/Kfd-82Nk93g?rel=0&amp;mute=1&amp;autoplay=1&amp;loop=1&amp;playlist=Kfd-82Nk93g\" width=\"850\" height=\"480\" frameborder=\"0\" allowfullscreen=\"allowfullscreen\"><\/iframe>\n\n\t<div class=\"img has-hover x md-x lg-x y md-y lg-y\" id=\"image_571631794\">\n\t\t\t\t\t\t\t\t<div class=\"img-inner dark\" style=\"margin:0px 0px 30px 0px;\">\n\t\t\t<img loading=\"lazy\" decoding=\"async\" width=\"1011\" height=\"386\" src=\"https:\/\/www.omcsae.com\/wp-content\/uploads\/2025\/06\/marcas2025.png\" class=\"attachment-large size-large\" alt=\"\" srcset=\"https:\/\/www.omcsae.com\/wp-content\/uploads\/2025\/06\/marcas2025.png 1011w, https:\/\/www.omcsae.com\/wp-content\/uploads\/2025\/06\/marcas2025-300x115.png 300w, https:\/\/www.omcsae.com\/wp-content\/uploads\/2025\/06\/marcas2025-768x293.png 768w, https:\/\/www.omcsae.com\/wp-content\/uploads\/2025\/06\/marcas2025-18x7.png 18w, https:\/\/www.omcsae.com\/wp-content\/uploads\/2025\/06\/marcas2025-600x229.png 600w\" sizes=\"auto, (max-width: 1011px) 100vw, 1011px\" \/>\t\t\t\t\t\t\n\t\t\t\t\t<\/div>\n\t\t\t\t\t\t\t\t\n<style>\n#image_571631794 {\n  width: 100%;\n}\n<\/style>\n\t<\/div>\n\t\n\n<h2>Technical service<\/h2>\n<p><strong>Maximize<\/strong> Your uptime is the goal of our service team and we are here to help you <strong>sort out<\/strong> your problem. In many cases, we can solve your issue over a phone call, but if a service call is needed, your appointment will be scheduled quickly and efficiently.<\/p>\n<p>&nbsp;<\/p>\n<p><img loading=\"lazy\" decoding=\"async\" class=\"aligncenter wp-image-6798 size-full\" src=\"https:\/\/www.omcsae.com\/wp-content\/uploads\/2022\/03\/Tecnico-3.png\" alt=\"\" width=\"1280\" height=\"612\" srcset=\"https:\/\/www.omcsae.com\/wp-content\/uploads\/2022\/03\/Tecnico-3.png 1280w, https:\/\/www.omcsae.com\/wp-content\/uploads\/2022\/03\/Tecnico-3-600x287.png 600w, https:\/\/www.omcsae.com\/wp-content\/uploads\/2022\/03\/Tecnico-3-300x143.png 300w, https:\/\/www.omcsae.com\/wp-content\/uploads\/2022\/03\/Tecnico-3-1024x490.png 1024w, https:\/\/www.omcsae.com\/wp-content\/uploads\/2022\/03\/Tecnico-3-768x367.png 768w, https:\/\/www.omcsae.com\/wp-content\/uploads\/2022\/03\/Tecnico-3-18x9.png 18w\" sizes=\"auto, (max-width: 1280px) 100vw, 1280px\" \/><\/p>\n<p>&nbsp;<\/p>\n<p><strong>OMC Sae<\/strong> offers annual service \/ maintenance contracts. These include:<\/p>\n<h4>Phone support<\/h4>\n<h4>Labor and Parts<\/h4>\n<h4>Machine upgrades<\/h4>\n<h4>Disassembly \/ Assembly and Transfer of machinery<\/h4>\n<h4>Specialized training<\/h4>\n<h4>Original replacement<\/h4>\n<p>Our service technicians are trained by the manufacturer itself.<\/p>\n<p>With a team made up of demonstrators, electronic technicians and mechanical technicians who are among the most qualified in the industry.<\/p>\n<p>&nbsp;<\/p>\n<a href=\"http:\/\/www.omcsae.com\/en\/contact\/\" class=\"button primary\" >\n\t\t<span>Contact Us!<\/span>\n\t<\/a>\n\n\n<p>&nbsp;<\/p>\n\n\t\t<\/div>\n\t\t\t\t\t<\/div>\n\n\t\n\n<\/div>\n\t<div class=\"img has-hover x md-x lg-x y md-y lg-y\" id=\"image_408213155\">\n\t\t\t\t\t\t\t\t<div class=\"img-inner dark\" style=\"margin:0px 0px 0px 150px;\">\n\t\t\t<img loading=\"lazy\" decoding=\"async\" width=\"1280\" height=\"573\" src=\"https:\/\/www.omcsae.com\/wp-content\/uploads\/2022\/03\/TecnicoOMC2-e1648633302671.png\" class=\"attachment-original size-original\" alt=\"\" srcset=\"https:\/\/www.omcsae.com\/wp-content\/uploads\/2022\/03\/TecnicoOMC2-e1648633302671.png 1280w, https:\/\/www.omcsae.com\/wp-content\/uploads\/2022\/03\/TecnicoOMC2-e1648633302671-600x269.png 600w, https:\/\/www.omcsae.com\/wp-content\/uploads\/2022\/03\/TecnicoOMC2-e1648633302671-300x134.png 300w, https:\/\/www.omcsae.com\/wp-content\/uploads\/2022\/03\/TecnicoOMC2-e1648633302671-1024x458.png 1024w, https:\/\/www.omcsae.com\/wp-content\/uploads\/2022\/03\/TecnicoOMC2-e1648633302671-768x344.png 768w, https:\/\/www.omcsae.com\/wp-content\/uploads\/2022\/03\/TecnicoOMC2-e1648633302671-18x8.png 18w\" sizes=\"auto, (max-width: 1280px) 100vw, 1280px\" \/>\t\t\t\t\t\t\n\t\t\t\t\t<\/div>\n\t\t\t\t\t\t\t\t\n<style>\n#image_408213155 {\n  width: 87%;\n}\n<\/style>\n\t<\/div>\n\t\n\n\n\t\t<\/div>\n\n\t\t\n<style>\n#section_445380143 {\n  padding-top: 60px;\n  padding-bottom: 60px;\n}\n#section_445380143 .section-bg-overlay {\n  background-color: rgba(255, 255, 255, 0.85);\n}\n<\/style>\n\t<\/section>","protected":false},"excerpt":{"rendered":"","protected":false},"author":2,"featured_media":3229,"parent":0,"menu_order":0,"comment_status":"closed","ping_status":"closed","template":"","meta":{"footnotes":""},"class_list":["post-3215","page","type-page","status-publish","has-post-thumbnail","hentry"],"yoast_head":"<!-- This site is optimized with the Yoast SEO plugin v27.4 - https:\/\/yoast.com\/product\/yoast-seo-wordpress\/ -->\n<title>Servicio t\u00e9cnico y mantenimiento de m\u00e1quinas de impresi\u00f3n | OMC SAE<\/title>\n<meta name=\"description\" content=\"Nuestro servicio t\u00e9cnico y mantenimiento de m\u00e1quinas de impresi\u00f3n te ayuda a resolver su problema con nuestros productos. Soporte telef\u00f3nico.\" \/>\n<meta name=\"robots\" content=\"index, follow, max-snippet:-1, max-image-preview:large, max-video-preview:-1\" \/>\n<link rel=\"canonical\" href=\"https:\/\/www.omcsae.com\/en\/technical-service-2\/\" \/>\n<meta property=\"og:locale\" content=\"en_GB\" \/>\n<meta property=\"og:type\" content=\"article\" \/>\n<meta property=\"og:title\" content=\"Servicio t\u00e9cnico y mantenimiento de m\u00e1quinas de impresi\u00f3n | OMC SAE\" \/>\n<meta property=\"og:description\" content=\"Nuestro servicio t\u00e9cnico y mantenimiento de m\u00e1quinas de impresi\u00f3n te ayuda a resolver su problema con nuestros productos. Soporte telef\u00f3nico.\" \/>\n<meta property=\"og:url\" content=\"https:\/\/www.omcsae.com\/en\/technical-service-2\/\" \/>\n<meta property=\"og:site_name\" content=\"OMC sae\" \/>\n<meta property=\"article:modified_time\" content=\"2022-05-12T14:53:54+00:00\" \/>\n<meta property=\"og:image\" content=\"https:\/\/www.omcsae.com\/wp-content\/uploads\/2021\/03\/logos.jpg\" \/>\n\t<meta property=\"og:image:width\" content=\"1200\" \/>\n\t<meta property=\"og:image:height\" content=\"493\" \/>\n\t<meta property=\"og:image:type\" content=\"image\/jpeg\" \/>\n<meta name=\"twitter:card\" content=\"summary_large_image\" \/>\n<meta name=\"twitter:label1\" content=\"Estimated reading time\" \/>\n\t<meta name=\"twitter:data1\" content=\"1 minute\" \/>\n<script type=\"application\/ld+json\" class=\"yoast-schema-graph\">{\"@context\":\"https:\\\/\\\/schema.org\",\"@graph\":[{\"@type\":\"WebPage\",\"@id\":\"https:\\\/\\\/www.omcsae.com\\\/servicio-tecnico\\\/\",\"url\":\"https:\\\/\\\/www.omcsae.com\\\/servicio-tecnico\\\/\",\"name\":\"Servicio t\u00e9cnico y mantenimiento de m\u00e1quinas de impresi\u00f3n | OMC SAE\",\"isPartOf\":{\"@id\":\"https:\\\/\\\/www.omcsae.com\\\/#website\"},\"primaryImageOfPage\":{\"@id\":\"https:\\\/\\\/www.omcsae.com\\\/servicio-tecnico\\\/#primaryimage\"},\"image\":{\"@id\":\"https:\\\/\\\/www.omcsae.com\\\/servicio-tecnico\\\/#primaryimage\"},\"thumbnailUrl\":\"https:\\\/\\\/www.omcsae.com\\\/wp-content\\\/uploads\\\/2021\\\/03\\\/logos.jpg\",\"datePublished\":\"2021-03-30T16:24:50+00:00\",\"dateModified\":\"2022-05-12T14:53:54+00:00\",\"description\":\"Nuestro servicio t\u00e9cnico y mantenimiento de m\u00e1quinas de impresi\u00f3n te ayuda a resolver su problema con nuestros productos. Soporte telef\u00f3nico.\",\"breadcrumb\":{\"@id\":\"https:\\\/\\\/www.omcsae.com\\\/servicio-tecnico\\\/#breadcrumb\"},\"inLanguage\":\"en-GB\",\"potentialAction\":[{\"@type\":\"ReadAction\",\"target\":[\"https:\\\/\\\/www.omcsae.com\\\/servicio-tecnico\\\/\"]}]},{\"@type\":\"ImageObject\",\"inLanguage\":\"en-GB\",\"@id\":\"https:\\\/\\\/www.omcsae.com\\\/servicio-tecnico\\\/#primaryimage\",\"url\":\"https:\\\/\\\/www.omcsae.com\\\/wp-content\\\/uploads\\\/2021\\\/03\\\/logos.jpg\",\"contentUrl\":\"https:\\\/\\\/www.omcsae.com\\\/wp-content\\\/uploads\\\/2021\\\/03\\\/logos.jpg\",\"width\":1200,\"height\":493,\"caption\":\"Logos marcas | OMC SAE\"},{\"@type\":\"BreadcrumbList\",\"@id\":\"https:\\\/\\\/www.omcsae.com\\\/servicio-tecnico\\\/#breadcrumb\",\"itemListElement\":[{\"@type\":\"ListItem\",\"position\":1,\"name\":\"Portada\",\"item\":\"https:\\\/\\\/www.omcsae.com\\\/\"},{\"@type\":\"ListItem\",\"position\":2,\"name\":\"Servicio Tecnico\"}]},{\"@type\":\"WebSite\",\"@id\":\"https:\\\/\\\/www.omcsae.com\\\/#website\",\"url\":\"https:\\\/\\\/www.omcsae.com\\\/\",\"name\":\"OMC sae\",\"description\":\"Distribuidor de maquinaria, consumibles y equipos para imprentas, artes gr\u00e1ficas\",\"publisher\":{\"@id\":\"https:\\\/\\\/www.omcsae.com\\\/#organization\"},\"potentialAction\":[{\"@type\":\"SearchAction\",\"target\":{\"@type\":\"EntryPoint\",\"urlTemplate\":\"https:\\\/\\\/www.omcsae.com\\\/?s={search_term_string}\"},\"query-input\":{\"@type\":\"PropertyValueSpecification\",\"valueRequired\":true,\"valueName\":\"search_term_string\"}}],\"inLanguage\":\"en-GB\"},{\"@type\":\"Organization\",\"@id\":\"https:\\\/\\\/www.omcsae.com\\\/#organization\",\"name\":\"OMC SAE: distribuidor de maquinaria, consumibles y equipos para imprentas\",\"url\":\"https:\\\/\\\/www.omcsae.com\\\/\",\"logo\":{\"@type\":\"ImageObject\",\"inLanguage\":\"en-GB\",\"@id\":\"https:\\\/\\\/www.omcsae.com\\\/#\\\/schema\\\/logo\\\/image\\\/\",\"url\":\"https:\\\/\\\/www.omcsae.com\\\/wp-content\\\/uploads\\\/2020\\\/09\\\/OMC_Logo-transparent-e1646645548126.png\",\"contentUrl\":\"https:\\\/\\\/www.omcsae.com\\\/wp-content\\\/uploads\\\/2020\\\/09\\\/OMC_Logo-transparent-e1646645548126.png\",\"width\":303,\"height\":351,\"caption\":\"OMC SAE: distribuidor de maquinaria, consumibles y equipos para imprentas\"},\"image\":{\"@id\":\"https:\\\/\\\/www.omcsae.com\\\/#\\\/schema\\\/logo\\\/image\\\/\"}}]}<\/script>\n<!-- \/ Yoast SEO plugin. -->","yoast_head_json":{"title":"Technical service and maintenance of printing machines | OMC SAE","description":"Our technical service and maintenance of printing machines helps you solve your problem with our products. Telephone support.","robots":{"index":"index","follow":"follow","max-snippet":"max-snippet:-1","max-image-preview":"max-image-preview:large","max-video-preview":"max-video-preview:-1"},"canonical":"https:\/\/www.omcsae.com\/en\/technical-service-2\/","og_locale":"en_GB","og_type":"article","og_title":"Servicio t\u00e9cnico y mantenimiento de m\u00e1quinas de impresi\u00f3n | OMC SAE","og_description":"Nuestro servicio t\u00e9cnico y mantenimiento de m\u00e1quinas de impresi\u00f3n te ayuda a resolver su problema con nuestros productos. Soporte telef\u00f3nico.","og_url":"https:\/\/www.omcsae.com\/en\/technical-service-2\/","og_site_name":"OMC sae","article_modified_time":"2022-05-12T14:53:54+00:00","og_image":[{"width":1200,"height":493,"url":"https:\/\/www.omcsae.com\/wp-content\/uploads\/2021\/03\/logos.jpg","type":"image\/jpeg"}],"twitter_card":"summary_large_image","twitter_misc":{"Estimated reading time":"1 minute"},"schema":{"@context":"https:\/\/schema.org","@graph":[{"@type":"WebPage","@id":"https:\/\/www.omcsae.com\/servicio-tecnico\/","url":"https:\/\/www.omcsae.com\/servicio-tecnico\/","name":"Technical service and maintenance of printing machines | OMC SAE","isPartOf":{"@id":"https:\/\/www.omcsae.com\/#website"},"primaryImageOfPage":{"@id":"https:\/\/www.omcsae.com\/servicio-tecnico\/#primaryimage"},"image":{"@id":"https:\/\/www.omcsae.com\/servicio-tecnico\/#primaryimage"},"thumbnailUrl":"https:\/\/www.omcsae.com\/wp-content\/uploads\/2021\/03\/logos.jpg","datePublished":"2021-03-30T16:24:50+00:00","dateModified":"2022-05-12T14:53:54+00:00","description":"Our technical service and maintenance of printing machines helps you solve your problem with our products. Telephone support.","breadcrumb":{"@id":"https:\/\/www.omcsae.com\/servicio-tecnico\/#breadcrumb"},"inLanguage":"en-GB","potentialAction":[{"@type":"ReadAction","target":["https:\/\/www.omcsae.com\/servicio-tecnico\/"]}]},{"@type":"ImageObject","inLanguage":"en-GB","@id":"https:\/\/www.omcsae.com\/servicio-tecnico\/#primaryimage","url":"https:\/\/www.omcsae.com\/wp-content\/uploads\/2021\/03\/logos.jpg","contentUrl":"https:\/\/www.omcsae.com\/wp-content\/uploads\/2021\/03\/logos.jpg","width":1200,"height":493,"caption":"Logos marcas | OMC SAE"},{"@type":"BreadcrumbList","@id":"https:\/\/www.omcsae.com\/servicio-tecnico\/#breadcrumb","itemListElement":[{"@type":"ListItem","position":1,"name":"Portada","item":"https:\/\/www.omcsae.com\/"},{"@type":"ListItem","position":2,"name":"Servicio Tecnico"}]},{"@type":"WebSite","@id":"https:\/\/www.omcsae.com\/#website","url":"https:\/\/www.omcsae.com\/","name":"OMC sae","description":"Distributor of machinery, consumables and equipment for printing, graphic arts","publisher":{"@id":"https:\/\/www.omcsae.com\/#organization"},"potentialAction":[{"@type":"SearchAction","target":{"@type":"EntryPoint","urlTemplate":"https:\/\/www.omcsae.com\/?s={search_term_string}"},"query-input":{"@type":"PropertyValueSpecification","valueRequired":true,"valueName":"search_term_string"}}],"inLanguage":"en-GB"},{"@type":"Organization","@id":"https:\/\/www.omcsae.com\/#organization","name":"OMC SAE: distributor of machinery, consumables and equipment for the printing industry","url":"https:\/\/www.omcsae.com\/","logo":{"@type":"ImageObject","inLanguage":"en-GB","@id":"https:\/\/www.omcsae.com\/#\/schema\/logo\/image\/","url":"https:\/\/www.omcsae.com\/wp-content\/uploads\/2020\/09\/OMC_Logo-transparent-e1646645548126.png","contentUrl":"https:\/\/www.omcsae.com\/wp-content\/uploads\/2020\/09\/OMC_Logo-transparent-e1646645548126.png","width":303,"height":351,"caption":"OMC SAE: distribuidor de maquinaria, consumibles y equipos para imprentas"},"image":{"@id":"https:\/\/www.omcsae.com\/#\/schema\/logo\/image\/"}}]}},"_links":{"self":[{"href":"https:\/\/www.omcsae.com\/en\/wp-json\/wp\/v2\/pages\/3215","targetHints":{"allow":["GET"]}}],"collection":[{"href":"https:\/\/www.omcsae.com\/en\/wp-json\/wp\/v2\/pages"}],"about":[{"href":"https:\/\/www.omcsae.com\/en\/wp-json\/wp\/v2\/types\/page"}],"author":[{"embeddable":true,"href":"https:\/\/www.omcsae.com\/en\/wp-json\/wp\/v2\/users\/2"}],"replies":[{"embeddable":true,"href":"https:\/\/www.omcsae.com\/en\/wp-json\/wp\/v2\/comments?post=3215"}],"version-history":[{"count":3,"href":"https:\/\/www.omcsae.com\/en\/wp-json\/wp\/v2\/pages\/3215\/revisions"}],"predecessor-version":[{"id":7152,"href":"https:\/\/www.omcsae.com\/en\/wp-json\/wp\/v2\/pages\/3215\/revisions\/7152"}],"wp:featuredmedia":[{"embeddable":true,"href":"https:\/\/www.omcsae.com\/en\/wp-json\/wp\/v2\/media\/3229"}],"wp:attachment":[{"href":"https:\/\/www.omcsae.com\/en\/wp-json\/wp\/v2\/media?parent=3215"}],"curies":[{"name":"wp","href":"https:\/\/api.w.org\/{rel}","templated":true}]}}