{"id":3280,"date":"2021-04-07T16:13:03","date_gmt":"2021-04-07T16:13:03","guid":{"rendered":"http:\/\/omcsae.com.mialias.net\/?page_id=3280"},"modified":"2021-04-07T16:13:04","modified_gmt":"2021-04-07T16:13:04","slug":"mbo","status":"publish","type":"page","link":"https:\/\/www.omcsae.com\/en\/mbo\/","title":{"rendered":"MBO"},"content":{"rendered":"<section class=\"section dark\" id=\"section_1110432339\">\n\t\t<div class=\"section-bg fill\" >\n\t\t\t<img loading=\"lazy\" decoding=\"async\" width=\"2222\" height=\"1571\" src=\"https:\/\/www.omcsae.com\/wp-content\/uploads\/2021\/04\/Guia-Komori.jpeg\" class=\"bg attachment- size-\" alt=\"\" \/>\t\t\t\t\t\t<div class=\"section-bg-overlay absolute fill\"><\/div>\n\t\t\t\n\n\t\t<\/div>\n\n\t\t\n\n\t\t<div class=\"section-content relative\">\n\t\t\t\r\n\r\n<div class=\"row align-center\"  id=\"row-1176717155\">\r\n\r\n\n\t<div id=\"col-1031049312\" class=\"col medium-10 small-12 large-10\"  >\n\t\t\t\t<div class=\"col-inner text-center dark\"  >\n\t\t\t\n\t\t\t\r\n<h1 class=\"uppercase\"><span style=\"font-size: 150%;\">MBO &amp; H + H<\/span><\/h1>\r\n<h3>The world leader in folding solutions<\/h3>\r\n<a href=\"http:\/\/www.omcsae.com\/en\/brand\/mbohh\/#product_list_subtitle\" class=\"button primary\" >\n\t\t<span>see products<\/span>\n\t<\/a>\n\r\n\r\n\t\t<\/div>\n\t\t\t\t\t<\/div>\n\n\t\r\n\r\n<\/div>\r\n\r\n\t\t<\/div>\n\n\t\t\n<style>\n#section_1110432339 {\n  padding-top: 80px;\n  padding-bottom: 80px;\n  min-height: 300px;\n}\n#section_1110432339 .section-bg-overlay {\n  background-color: rgba(0, 0, 0, 0.378);\n}\n#section_1110432339 .section-bg img {\n  object-position: 100% 25%;\n}\n<\/style>\n\t<\/section>\n\t\r\n\n\t<section class=\"section\" id=\"section_1138237868\">\n\t\t<div class=\"section-bg fill\" >\n\t\t\t\t\t\t\t\t\t<div class=\"section-bg-overlay absolute fill\"><\/div>\n\t\t\t\n\n\t\t<\/div>\n\n\t\t\n\n\t\t<div class=\"section-content relative\">\n\t\t\t\r\n\r\n<div class=\"row row-small align-middle align-center\" style=\"max-width:\" id=\"row-751403057\">\r\n\r\n\n\t<div id=\"col-1213920909\" class=\"col medium-9 small-12 large-9\"  >\n\t\t\t\t<div class=\"col-inner text-center\"  >\n\t\t\t\n\t\t\t\r\n\r\n\t<div class=\"img has-hover x md-x lg-x y md-y lg-y\" id=\"image_1775068563\">\n\t\t\t\t\t\t\t\t<div class=\"img-inner dark\" >\n\t\t\t<img loading=\"lazy\" decoding=\"async\" width=\"1020\" height=\"536\" src=\"https:\/\/www.omcsae.com\/wp-content\/uploads\/2025\/06\/MBO-1_blue-1024x538.png\" class=\"attachment-large size-large\" alt=\"\" srcset=\"https:\/\/www.omcsae.com\/wp-content\/uploads\/2025\/06\/MBO-1_blue-1024x538.png 1024w, https:\/\/www.omcsae.com\/wp-content\/uploads\/2025\/06\/MBO-1_blue-300x158.png 300w, https:\/\/www.omcsae.com\/wp-content\/uploads\/2025\/06\/MBO-1_blue-768x403.png 768w, https:\/\/www.omcsae.com\/wp-content\/uploads\/2025\/06\/MBO-1_blue-1536x807.png 1536w, https:\/\/www.omcsae.com\/wp-content\/uploads\/2025\/06\/MBO-1_blue-2048x1076.png 2048w, https:\/\/www.omcsae.com\/wp-content\/uploads\/2025\/06\/MBO-1_blue-18x9.png 18w, https:\/\/www.omcsae.com\/wp-content\/uploads\/2025\/06\/MBO-1_blue-600x315.png 600w\" sizes=\"auto, (max-width: 1020px) 100vw, 1020px\" \/>\t\t\t\t\t\t\n\t\t\t\t\t<\/div>\n\t\t\t\t\t\t\t\t\n<style>\n#image_1775068563 {\n  width: 45%;\n}\n@media (min-width:550px) {\n  #image_1775068563 {\n    width: 27%;\n  }\n}\n@media (min-width:850px) {\n  #image_1775068563 {\n    width: 20%;\n  }\n}\n<\/style>\n\t<\/div>\n\t\r\n\r\n\t<div class=\"img has-hover x md-x lg-x y md-y lg-y\" id=\"image_944164022\">\n\t\t\t\t\t\t\t\t<div class=\"img-inner dark\" style=\"margin:-25px 0px 0px 0px;\">\n\t\t\t<img loading=\"lazy\" decoding=\"async\" width=\"1020\" height=\"567\" src=\"https:\/\/www.omcsae.com\/wp-content\/uploads\/2025\/06\/HH-1_blue-1024x569.png\" class=\"attachment-large size-large\" alt=\"\" srcset=\"https:\/\/www.omcsae.com\/wp-content\/uploads\/2025\/06\/HH-1_blue-1024x569.png 1024w, https:\/\/www.omcsae.com\/wp-content\/uploads\/2025\/06\/HH-1_blue-300x167.png 300w, https:\/\/www.omcsae.com\/wp-content\/uploads\/2025\/06\/HH-1_blue-768x427.png 768w, https:\/\/www.omcsae.com\/wp-content\/uploads\/2025\/06\/HH-1_blue-1536x854.png 1536w, https:\/\/www.omcsae.com\/wp-content\/uploads\/2025\/06\/HH-1_blue-2048x1138.png 2048w, https:\/\/www.omcsae.com\/wp-content\/uploads\/2025\/06\/HH-1_blue-18x10.png 18w, https:\/\/www.omcsae.com\/wp-content\/uploads\/2025\/06\/HH-1_blue-600x333.png 600w\" sizes=\"auto, (max-width: 1020px) 100vw, 1020px\" \/>\t\t\t\t\t\t\n\t\t\t\t\t<\/div>\n\t\t\t\t\t\t\t\t\n<style>\n#image_944164022 {\n  width: 43%;\n}\n@media (min-width:550px) {\n  #image_944164022 {\n    width: 25%;\n  }\n}\n@media (min-width:850px) {\n  #image_944164022 {\n    width: 18%;\n  }\n}\n<\/style>\n\t<\/div>\n\t\r\n<p style=\"text-align: left;\"><a href=\"https:\/\/www.mbo-pps.com\/?language=en\"><strong>MBO<\/strong><\/a>, founded in 1965, operates worldwide and is internationally recognized as a specialist and market benchmark in the development, production and marketing of high-quality folding machines and robots for digital and offset printing finishing, as well as for postal applications, mailing, pharmaceuticals and specials with your brand <a href=\"https:\/\/www.hh-pps.com\/\"><strong>Herzog + Heymann<\/strong><\/a>.<\/p>\r\n\t\t<\/div>\n\t\t\t\t\t<\/div>\n\n\t\r\n\n\t<div id=\"col-1718421885\" class=\"col medium-6 small-12 large-6\"  >\n\t\t\t\t<div class=\"col-inner\"  >\n\t\t\t\n\t\t\t\r\n<ul>\r\n \t<li style=\"text-align: left;\">Manufacturer of automated folding machines and robots for printers<\/li>\r\n \t<li style=\"text-align: left;\">MBO Postpress Solutions GmbH is a subsidiary of KOMORI Corporation.<\/li>\r\n \t<li style=\"text-align: left;\">MBO has been a renowned manufacturer and provider of post-press solutions (folders) in print shops and binderies for over 55 years.<\/li>\r\n \t<li style=\"text-align: left;\">MBO develops, produces and sells high-quality folding machines and robots for digital and offset printing finishing, as well as postal, pharmaceutical and specialty applications.<\/li>\r\n<\/ul>\r\n\t\t<\/div>\n\t\t\t\t\t<\/div>\n\n\t\r\n\r\n<\/div>\r\n\r\n\t\t<\/div>\n\n\t\t\n<style>\n#section_1138237868 {\n  padding-top: 20px;\n  padding-bottom: 20px;\n}\n#section_1138237868 .section-bg-overlay {\n  background-color: rgba(255, 255, 255, 0.85);\n}\n<\/style>\n\t<\/section>","protected":false},"excerpt":{"rendered":"","protected":false},"author":2,"featured_media":3271,"parent":0,"menu_order":0,"comment_status":"closed","ping_status":"closed","template":"","meta":{"footnotes":""},"class_list":["post-3280","page","type-page","status-publish","has-post-thumbnail","hentry"],"yoast_head":"<!-- This site is optimized with the Yoast SEO plugin v27.5 - https:\/\/yoast.com\/product\/yoast-seo-wordpress\/ -->\n<title>Distribuidor oficial MBO en Espa\u00f1a | OMC SAE<\/title>\n<meta name=\"description\" content=\"Descubre las \u00faltimas novedades de MBO en hot stamping y etiquetas adhesivas, as\u00ed como maquinas de impresi\u00f3n industrial, equipos de artes gr\u00e1ficas y troqueladoras.\" \/>\n<meta name=\"robots\" content=\"index, follow, max-snippet:-1, max-image-preview:large, max-video-preview:-1\" \/>\n<link rel=\"canonical\" href=\"https:\/\/www.omcsae.com\/en\/mbo\/\" \/>\n<meta property=\"og:locale\" content=\"en_GB\" \/>\n<meta property=\"og:type\" content=\"article\" \/>\n<meta property=\"og:title\" content=\"Distribuidor oficial MBO en Espa\u00f1a | OMC SAE\" \/>\n<meta property=\"og:description\" content=\"Descubre las \u00faltimas novedades de MBO en hot stamping y etiquetas adhesivas, as\u00ed como maquinas de impresi\u00f3n industrial, equipos de artes gr\u00e1ficas y troqueladoras.\" \/>\n<meta property=\"og:url\" content=\"https:\/\/www.omcsae.com\/en\/mbo\/\" \/>\n<meta property=\"og:site_name\" content=\"OMC sae\" \/>\n<meta property=\"article:modified_time\" content=\"2021-04-07T16:13:04+00:00\" \/>\n<meta property=\"og:image\" content=\"https:\/\/www.omcsae.com\/wp-content\/uploads\/2021\/04\/MBO-KOMORI-Group_blue_CMYK-1.jpg\" \/>\n\t<meta property=\"og:image:width\" content=\"193\" \/>\n\t<meta property=\"og:image:height\" content=\"63\" \/>\n\t<meta property=\"og:image:type\" content=\"image\/jpeg\" \/>\n<meta name=\"twitter:card\" content=\"summary_large_image\" \/>\n<script type=\"application\/ld+json\" class=\"yoast-schema-graph\">{\"@context\":\"https:\\\/\\\/schema.org\",\"@graph\":[{\"@type\":\"WebPage\",\"@id\":\"https:\\\/\\\/www.omcsae.com\\\/mbo\\\/\",\"url\":\"https:\\\/\\\/www.omcsae.com\\\/mbo\\\/\",\"name\":\"Distribuidor oficial MBO en Espa\u00f1a | OMC SAE\",\"isPartOf\":{\"@id\":\"https:\\\/\\\/www.omcsae.com\\\/#website\"},\"primaryImageOfPage\":{\"@id\":\"https:\\\/\\\/www.omcsae.com\\\/mbo\\\/#primaryimage\"},\"image\":{\"@id\":\"https:\\\/\\\/www.omcsae.com\\\/mbo\\\/#primaryimage\"},\"thumbnailUrl\":\"https:\\\/\\\/www.omcsae.com\\\/wp-content\\\/uploads\\\/2021\\\/04\\\/MBO-KOMORI-Group_blue_CMYK-1-e1646840874685.jpg\",\"datePublished\":\"2021-04-07T16:13:03+00:00\",\"dateModified\":\"2021-04-07T16:13:04+00:00\",\"description\":\"Descubre las \u00faltimas novedades de MBO en hot stamping y etiquetas adhesivas, as\u00ed como maquinas de impresi\u00f3n industrial, equipos de artes gr\u00e1ficas y troqueladoras.\",\"breadcrumb\":{\"@id\":\"https:\\\/\\\/www.omcsae.com\\\/mbo\\\/#breadcrumb\"},\"inLanguage\":\"en-GB\",\"potentialAction\":[{\"@type\":\"ReadAction\",\"target\":[\"https:\\\/\\\/www.omcsae.com\\\/mbo\\\/\"]}]},{\"@type\":\"ImageObject\",\"inLanguage\":\"en-GB\",\"@id\":\"https:\\\/\\\/www.omcsae.com\\\/mbo\\\/#primaryimage\",\"url\":\"https:\\\/\\\/www.omcsae.com\\\/wp-content\\\/uploads\\\/2021\\\/04\\\/MBO-KOMORI-Group_blue_CMYK-1-e1646840874685.jpg\",\"contentUrl\":\"https:\\\/\\\/www.omcsae.com\\\/wp-content\\\/uploads\\\/2021\\\/04\\\/MBO-KOMORI-Group_blue_CMYK-1-e1646840874685.jpg\",\"width\":193,\"height\":63,\"caption\":\"MBO KOMORI Group | Distribuidor de OMC SAE\"},{\"@type\":\"BreadcrumbList\",\"@id\":\"https:\\\/\\\/www.omcsae.com\\\/mbo\\\/#breadcrumb\",\"itemListElement\":[{\"@type\":\"ListItem\",\"position\":1,\"name\":\"Portada\",\"item\":\"https:\\\/\\\/www.omcsae.com\\\/\"},{\"@type\":\"ListItem\",\"position\":2,\"name\":\"MBO\"}]},{\"@type\":\"WebSite\",\"@id\":\"https:\\\/\\\/www.omcsae.com\\\/#website\",\"url\":\"https:\\\/\\\/www.omcsae.com\\\/\",\"name\":\"OMC sae\",\"description\":\"Distribuidor de maquinaria, consumibles y equipos para imprentas, artes gr\u00e1ficas\",\"publisher\":{\"@id\":\"https:\\\/\\\/www.omcsae.com\\\/#organization\"},\"potentialAction\":[{\"@type\":\"SearchAction\",\"target\":{\"@type\":\"EntryPoint\",\"urlTemplate\":\"https:\\\/\\\/www.omcsae.com\\\/?s={search_term_string}\"},\"query-input\":{\"@type\":\"PropertyValueSpecification\",\"valueRequired\":true,\"valueName\":\"search_term_string\"}}],\"inLanguage\":\"en-GB\"},{\"@type\":\"Organization\",\"@id\":\"https:\\\/\\\/www.omcsae.com\\\/#organization\",\"name\":\"OMC SAE: distribuidor de maquinaria, consumibles y equipos para imprentas\",\"url\":\"https:\\\/\\\/www.omcsae.com\\\/\",\"logo\":{\"@type\":\"ImageObject\",\"inLanguage\":\"en-GB\",\"@id\":\"https:\\\/\\\/www.omcsae.com\\\/#\\\/schema\\\/logo\\\/image\\\/\",\"url\":\"https:\\\/\\\/www.omcsae.com\\\/wp-content\\\/uploads\\\/2020\\\/09\\\/OMC_Logo-transparent-e1646645548126.png\",\"contentUrl\":\"https:\\\/\\\/www.omcsae.com\\\/wp-content\\\/uploads\\\/2020\\\/09\\\/OMC_Logo-transparent-e1646645548126.png\",\"width\":303,\"height\":351,\"caption\":\"OMC SAE: distribuidor de maquinaria, consumibles y equipos para imprentas\"},\"image\":{\"@id\":\"https:\\\/\\\/www.omcsae.com\\\/#\\\/schema\\\/logo\\\/image\\\/\"}}]}<\/script>\n<!-- \/ Yoast SEO plugin. -->","yoast_head_json":{"title":"Official MBO distributor in Spain | OMC SAE","description":"Discover the latest MBO news in hot stamping and adhesive labels, as well as industrial printing machines, graphic arts equipment and stamping machines.","robots":{"index":"index","follow":"follow","max-snippet":"max-snippet:-1","max-image-preview":"max-image-preview:large","max-video-preview":"max-video-preview:-1"},"canonical":"https:\/\/www.omcsae.com\/en\/mbo\/","og_locale":"en_GB","og_type":"article","og_title":"Distribuidor oficial MBO en Espa\u00f1a | OMC SAE","og_description":"Descubre las \u00faltimas novedades de MBO en hot stamping y etiquetas adhesivas, as\u00ed como maquinas de impresi\u00f3n industrial, equipos de artes gr\u00e1ficas y troqueladoras.","og_url":"https:\/\/www.omcsae.com\/en\/mbo\/","og_site_name":"OMC sae","article_modified_time":"2021-04-07T16:13:04+00:00","og_image":[{"width":193,"height":63,"url":"https:\/\/www.omcsae.com\/wp-content\/uploads\/2021\/04\/MBO-KOMORI-Group_blue_CMYK-1.jpg","type":"image\/jpeg"}],"twitter_card":"summary_large_image","schema":{"@context":"https:\/\/schema.org","@graph":[{"@type":"WebPage","@id":"https:\/\/www.omcsae.com\/mbo\/","url":"https:\/\/www.omcsae.com\/mbo\/","name":"Official MBO distributor in Spain | OMC SAE","isPartOf":{"@id":"https:\/\/www.omcsae.com\/#website"},"primaryImageOfPage":{"@id":"https:\/\/www.omcsae.com\/mbo\/#primaryimage"},"image":{"@id":"https:\/\/www.omcsae.com\/mbo\/#primaryimage"},"thumbnailUrl":"https:\/\/www.omcsae.com\/wp-content\/uploads\/2021\/04\/MBO-KOMORI-Group_blue_CMYK-1-e1646840874685.jpg","datePublished":"2021-04-07T16:13:03+00:00","dateModified":"2021-04-07T16:13:04+00:00","description":"Discover the latest MBO news in hot stamping and adhesive labels, as well as industrial printing machines, graphic arts equipment and stamping machines.","breadcrumb":{"@id":"https:\/\/www.omcsae.com\/mbo\/#breadcrumb"},"inLanguage":"en-GB","potentialAction":[{"@type":"ReadAction","target":["https:\/\/www.omcsae.com\/mbo\/"]}]},{"@type":"ImageObject","inLanguage":"en-GB","@id":"https:\/\/www.omcsae.com\/mbo\/#primaryimage","url":"https:\/\/www.omcsae.com\/wp-content\/uploads\/2021\/04\/MBO-KOMORI-Group_blue_CMYK-1-e1646840874685.jpg","contentUrl":"https:\/\/www.omcsae.com\/wp-content\/uploads\/2021\/04\/MBO-KOMORI-Group_blue_CMYK-1-e1646840874685.jpg","width":193,"height":63,"caption":"MBO KOMORI Group | Distribuidor de OMC SAE"},{"@type":"BreadcrumbList","@id":"https:\/\/www.omcsae.com\/mbo\/#breadcrumb","itemListElement":[{"@type":"ListItem","position":1,"name":"Portada","item":"https:\/\/www.omcsae.com\/"},{"@type":"ListItem","position":2,"name":"MBO"}]},{"@type":"WebSite","@id":"https:\/\/www.omcsae.com\/#website","url":"https:\/\/www.omcsae.com\/","name":"OMC sae","description":"Distributor of machinery, consumables and equipment for printing, graphic arts","publisher":{"@id":"https:\/\/www.omcsae.com\/#organization"},"potentialAction":[{"@type":"SearchAction","target":{"@type":"EntryPoint","urlTemplate":"https:\/\/www.omcsae.com\/?s={search_term_string}"},"query-input":{"@type":"PropertyValueSpecification","valueRequired":true,"valueName":"search_term_string"}}],"inLanguage":"en-GB"},{"@type":"Organization","@id":"https:\/\/www.omcsae.com\/#organization","name":"OMC SAE: distributor of machinery, consumables and equipment for the printing industry","url":"https:\/\/www.omcsae.com\/","logo":{"@type":"ImageObject","inLanguage":"en-GB","@id":"https:\/\/www.omcsae.com\/#\/schema\/logo\/image\/","url":"https:\/\/www.omcsae.com\/wp-content\/uploads\/2020\/09\/OMC_Logo-transparent-e1646645548126.png","contentUrl":"https:\/\/www.omcsae.com\/wp-content\/uploads\/2020\/09\/OMC_Logo-transparent-e1646645548126.png","width":303,"height":351,"caption":"OMC SAE: distribuidor de maquinaria, consumibles y equipos para imprentas"},"image":{"@id":"https:\/\/www.omcsae.com\/#\/schema\/logo\/image\/"}}]}},"_links":{"self":[{"href":"https:\/\/www.omcsae.com\/en\/wp-json\/wp\/v2\/pages\/3280","targetHints":{"allow":["GET"]}}],"collection":[{"href":"https:\/\/www.omcsae.com\/en\/wp-json\/wp\/v2\/pages"}],"about":[{"href":"https:\/\/www.omcsae.com\/en\/wp-json\/wp\/v2\/types\/page"}],"author":[{"embeddable":true,"href":"https:\/\/www.omcsae.com\/en\/wp-json\/wp\/v2\/users\/2"}],"replies":[{"embeddable":true,"href":"https:\/\/www.omcsae.com\/en\/wp-json\/wp\/v2\/comments?post=3280"}],"version-history":[{"count":1,"href":"https:\/\/www.omcsae.com\/en\/wp-json\/wp\/v2\/pages\/3280\/revisions"}],"predecessor-version":[{"id":3281,"href":"https:\/\/www.omcsae.com\/en\/wp-json\/wp\/v2\/pages\/3280\/revisions\/3281"}],"wp:featuredmedia":[{"embeddable":true,"href":"https:\/\/www.omcsae.com\/en\/wp-json\/wp\/v2\/media\/3271"}],"wp:attachment":[{"href":"https:\/\/www.omcsae.com\/en\/wp-json\/wp\/v2\/media?parent=3280"}],"curies":[{"name":"wp","href":"https:\/\/api.w.org\/{rel}","templated":true}]}}