{"id":2805,"date":"2021-03-18T20:08:50","date_gmt":"2021-03-18T20:08:50","guid":{"rendered":"http:\/\/omcsae.com.mialias.net\/producto\/guillotina-wohlenberg-132\/"},"modified":"2023-02-13T17:04:10","modified_gmt":"2023-02-13T17:04:10","slug":"guillotine-wohlenberg-132","status":"publish","type":"product","link":"https:\/\/www.omcsae.com\/en\/products\/guillotine-wohlenberg-132\/","title":{"rendered":"Baumannperfecta 132 guillotine"},"content":{"rendered":"<p>The centerpiece of the new design is its large, tiltable screen, which offers an ideal view and therefore full control for any operator. In combination with the new CUTPIT control, the operation of the cutter is easier than ever.<br \/>\nAnother highlight is its cutting cell, also recently developed, which guarantees a significantly longer blade life thanks to an innovative damping system.<br \/>\nThe creation of the cutting program is done via menu through the large touch screen, which covers a variety of cutting jobs, for example: single cut, programmed cut, repeat cut, clamp without cut, automatic transfer of the actual value. All high-speed cutters can be optionally equipped with the CutTronic or CutTronic Plus CIP data module and adapted to your individual needs thanks to the many options available.<br \/>\nOpen interfaces and data formats offer the possibility of a connection to almost any MIS system. In addition, the optional software Straight 2 Cut and Straight 2 Cut Plus ensure the opening of cutting programs directly on the cutter by means of a barcode reader - 4.0 baumann perfect cut.<\/p>","protected":false},"excerpt":{"rendered":"<p>Baumannperfecta high-speed cutting guillotines are renewed with a new and modern design, focused on functionality, ergonomics and safety, allowing to process and cut a wide variety of media: paper, cardboard, offset printing plates. Thanks to their modular design, BaumannPerfecta cutting guillotines can easily be complemented with other peripheral post-press equipment and can therefore offer more complete solutions, including fully automatic cutting systems.<\/p>","protected":false},"featured_media":6904,"template":"","meta":[],"product_cat":[644,643],"product_tag":[],"class_list":{"0":"post-2805","1":"product","2":"type-product","3":"status-publish","4":"has-post-thumbnail","6":"product_cat-guillotinas","7":"product_cat-postimpresion","8":"pa_marca-baumann-perfecta","9":"pa_sectores-etiquetas","10":"pa_sectores-packaging","12":"first","13":"instock","14":"product-type-simple"},"yoast_head":"<!-- This site is optimized with the Yoast SEO plugin v27.3 - https:\/\/yoast.com\/product\/yoast-seo-wordpress\/ -->\n<title>Guillotina de corte baumannperfecta 132 | OMC SAE<\/title>\n<meta name=\"description\" content=\"Descubre nuestro cat\u00e1logo en Guillotinas para m\u00e1quinas de impresi\u00f3n, Postimpresi\u00f3n y artes gr\u00e1ficas. Consulta m\u00e1s sobre Guillotina de corte baumannperfecta 132 en nuestra web OMC SAE.\" \/>\n<meta name=\"robots\" content=\"index, follow, max-snippet:-1, max-image-preview:large, max-video-preview:-1\" \/>\n<link rel=\"canonical\" href=\"https:\/\/www.omcsae.com\/en\/products\/guillotine-wohlenberg-132\/\" \/>\n<meta property=\"og:locale\" content=\"en_GB\" \/>\n<meta property=\"og:type\" content=\"article\" \/>\n<meta property=\"og:title\" content=\"Guillotina de corte baumannperfecta 132 | OMC SAE\" \/>\n<meta property=\"og:description\" content=\"Descubre nuestro cat\u00e1logo en Guillotinas para m\u00e1quinas de impresi\u00f3n, Postimpresi\u00f3n y artes gr\u00e1ficas. Consulta m\u00e1s sobre Guillotina de corte baumannperfecta 132 en nuestra web OMC SAE.\" \/>\n<meta property=\"og:url\" content=\"https:\/\/www.omcsae.com\/en\/products\/guillotine-wohlenberg-132\/\" \/>\n<meta property=\"og:site_name\" content=\"OMC sae\" \/>\n<meta property=\"article:modified_time\" content=\"2023-02-13T17:04:10+00:00\" \/>\n<meta property=\"og:image\" content=\"https:\/\/www.omcsae.com\/wp-content\/uploads\/2021\/03\/Baumann-Wohlenberg-Guillotina-Wohlenberg-115-3-1024x474-1.png\" \/>\n\t<meta property=\"og:image:width\" content=\"629\" \/>\n\t<meta property=\"og:image:height\" content=\"630\" \/>\n\t<meta property=\"og:image:type\" content=\"image\/png\" \/>\n<meta name=\"twitter:card\" content=\"summary_large_image\" \/>\n<meta name=\"twitter:label1\" content=\"Estimated reading time\" \/>\n\t<meta name=\"twitter:data1\" content=\"1 minute\" \/>\n<script type=\"application\/ld+json\" class=\"yoast-schema-graph\">{\"@context\":\"https:\\\/\\\/schema.org\",\"@graph\":[{\"@type\":\"WebPage\",\"@id\":\"https:\\\/\\\/www.omcsae.com\\\/producto\\\/guillotina-corte-baumannperfecta-132\\\/\",\"url\":\"https:\\\/\\\/www.omcsae.com\\\/producto\\\/guillotina-corte-baumannperfecta-132\\\/\",\"name\":\"Guillotina de corte baumannperfecta 132 | OMC SAE\",\"isPartOf\":{\"@id\":\"https:\\\/\\\/www.omcsae.com\\\/#website\"},\"primaryImageOfPage\":{\"@id\":\"https:\\\/\\\/www.omcsae.com\\\/producto\\\/guillotina-corte-baumannperfecta-132\\\/#primaryimage\"},\"image\":{\"@id\":\"https:\\\/\\\/www.omcsae.com\\\/producto\\\/guillotina-corte-baumannperfecta-132\\\/#primaryimage\"},\"thumbnailUrl\":\"https:\\\/\\\/www.omcsae.com\\\/wp-content\\\/uploads\\\/2021\\\/03\\\/Baumann-Wohlenberg-Guillotina-Wohlenberg-115-3-1024x474-1.png\",\"datePublished\":\"2021-03-18T20:08:50+00:00\",\"dateModified\":\"2023-02-13T17:04:10+00:00\",\"description\":\"Descubre nuestro cat\u00e1logo en Guillotinas para m\u00e1quinas de impresi\u00f3n, Postimpresi\u00f3n y artes gr\u00e1ficas. Consulta m\u00e1s sobre Guillotina de corte baumannperfecta 132 en nuestra web OMC SAE.\",\"breadcrumb\":{\"@id\":\"https:\\\/\\\/www.omcsae.com\\\/producto\\\/guillotina-corte-baumannperfecta-132\\\/#breadcrumb\"},\"inLanguage\":\"en-GB\",\"potentialAction\":[{\"@type\":\"ReadAction\",\"target\":[\"https:\\\/\\\/www.omcsae.com\\\/producto\\\/guillotina-corte-baumannperfecta-132\\\/\"]}]},{\"@type\":\"ImageObject\",\"inLanguage\":\"en-GB\",\"@id\":\"https:\\\/\\\/www.omcsae.com\\\/producto\\\/guillotina-corte-baumannperfecta-132\\\/#primaryimage\",\"url\":\"https:\\\/\\\/www.omcsae.com\\\/wp-content\\\/uploads\\\/2021\\\/03\\\/Baumann-Wohlenberg-Guillotina-Wohlenberg-115-3-1024x474-1.png\",\"contentUrl\":\"https:\\\/\\\/www.omcsae.com\\\/wp-content\\\/uploads\\\/2021\\\/03\\\/Baumann-Wohlenberg-Guillotina-Wohlenberg-115-3-1024x474-1.png\",\"width\":629,\"height\":630},{\"@type\":\"BreadcrumbList\",\"@id\":\"https:\\\/\\\/www.omcsae.com\\\/producto\\\/guillotina-corte-baumannperfecta-132\\\/#breadcrumb\",\"itemListElement\":[{\"@type\":\"ListItem\",\"position\":1,\"name\":\"Portada\",\"item\":\"https:\\\/\\\/www.omcsae.com\\\/\"},{\"@type\":\"ListItem\",\"position\":2,\"name\":\"Productos\",\"item\":\"https:\\\/\\\/www.omcsae.com\\\/shop\\\/\"},{\"@type\":\"ListItem\",\"position\":3,\"name\":\"Guillotina de corte baumannperfecta 132\"}]},{\"@type\":\"WebSite\",\"@id\":\"https:\\\/\\\/www.omcsae.com\\\/#website\",\"url\":\"https:\\\/\\\/www.omcsae.com\\\/\",\"name\":\"OMC sae\",\"description\":\"Distribuidor de maquinaria, consumibles y equipos para imprentas, artes gr\u00e1ficas\",\"publisher\":{\"@id\":\"https:\\\/\\\/www.omcsae.com\\\/#organization\"},\"potentialAction\":[{\"@type\":\"SearchAction\",\"target\":{\"@type\":\"EntryPoint\",\"urlTemplate\":\"https:\\\/\\\/www.omcsae.com\\\/?s={search_term_string}\"},\"query-input\":{\"@type\":\"PropertyValueSpecification\",\"valueRequired\":true,\"valueName\":\"search_term_string\"}}],\"inLanguage\":\"en-GB\"},{\"@type\":\"Organization\",\"@id\":\"https:\\\/\\\/www.omcsae.com\\\/#organization\",\"name\":\"OMC SAE: distribuidor de maquinaria, consumibles y equipos para imprentas\",\"url\":\"https:\\\/\\\/www.omcsae.com\\\/\",\"logo\":{\"@type\":\"ImageObject\",\"inLanguage\":\"en-GB\",\"@id\":\"https:\\\/\\\/www.omcsae.com\\\/#\\\/schema\\\/logo\\\/image\\\/\",\"url\":\"https:\\\/\\\/www.omcsae.com\\\/wp-content\\\/uploads\\\/2020\\\/09\\\/OMC_Logo-transparent-e1646645548126.png\",\"contentUrl\":\"https:\\\/\\\/www.omcsae.com\\\/wp-content\\\/uploads\\\/2020\\\/09\\\/OMC_Logo-transparent-e1646645548126.png\",\"width\":303,\"height\":351,\"caption\":\"OMC SAE: distribuidor de maquinaria, consumibles y equipos para imprentas\"},\"image\":{\"@id\":\"https:\\\/\\\/www.omcsae.com\\\/#\\\/schema\\\/logo\\\/image\\\/\"}}]}<\/script>\n<!-- \/ Yoast SEO plugin. -->","yoast_head_json":{"title":"Baumannperfecta 132 guillotine | OMC SAE","description":"Discover our catalog on Guillotines for printing machines, Post-printing and graphic arts. Consult more about baumannperfecta 132 cutting guillotine on our OMC SAE website.","robots":{"index":"index","follow":"follow","max-snippet":"max-snippet:-1","max-image-preview":"max-image-preview:large","max-video-preview":"max-video-preview:-1"},"canonical":"https:\/\/www.omcsae.com\/en\/products\/guillotine-wohlenberg-132\/","og_locale":"en_GB","og_type":"article","og_title":"Guillotina de corte baumannperfecta 132 | OMC SAE","og_description":"Descubre nuestro cat\u00e1logo en Guillotinas para m\u00e1quinas de impresi\u00f3n, Postimpresi\u00f3n y artes gr\u00e1ficas. Consulta m\u00e1s sobre Guillotina de corte baumannperfecta 132 en nuestra web OMC SAE.","og_url":"https:\/\/www.omcsae.com\/en\/products\/guillotine-wohlenberg-132\/","og_site_name":"OMC sae","article_modified_time":"2023-02-13T17:04:10+00:00","og_image":[{"width":629,"height":630,"url":"https:\/\/www.omcsae.com\/wp-content\/uploads\/2021\/03\/Baumann-Wohlenberg-Guillotina-Wohlenberg-115-3-1024x474-1.png","type":"image\/png"}],"twitter_card":"summary_large_image","twitter_misc":{"Estimated reading time":"1 minute"},"schema":{"@context":"https:\/\/schema.org","@graph":[{"@type":"WebPage","@id":"https:\/\/www.omcsae.com\/producto\/guillotina-corte-baumannperfecta-132\/","url":"https:\/\/www.omcsae.com\/producto\/guillotina-corte-baumannperfecta-132\/","name":"Baumannperfecta 132 guillotine | OMC SAE","isPartOf":{"@id":"https:\/\/www.omcsae.com\/#website"},"primaryImageOfPage":{"@id":"https:\/\/www.omcsae.com\/producto\/guillotina-corte-baumannperfecta-132\/#primaryimage"},"image":{"@id":"https:\/\/www.omcsae.com\/producto\/guillotina-corte-baumannperfecta-132\/#primaryimage"},"thumbnailUrl":"https:\/\/www.omcsae.com\/wp-content\/uploads\/2021\/03\/Baumann-Wohlenberg-Guillotina-Wohlenberg-115-3-1024x474-1.png","datePublished":"2021-03-18T20:08:50+00:00","dateModified":"2023-02-13T17:04:10+00:00","description":"Discover our catalog on Guillotines for printing machines, Post-printing and graphic arts. Consult more about baumannperfecta 132 cutting guillotine on our OMC SAE website.","breadcrumb":{"@id":"https:\/\/www.omcsae.com\/producto\/guillotina-corte-baumannperfecta-132\/#breadcrumb"},"inLanguage":"en-GB","potentialAction":[{"@type":"ReadAction","target":["https:\/\/www.omcsae.com\/producto\/guillotina-corte-baumannperfecta-132\/"]}]},{"@type":"ImageObject","inLanguage":"en-GB","@id":"https:\/\/www.omcsae.com\/producto\/guillotina-corte-baumannperfecta-132\/#primaryimage","url":"https:\/\/www.omcsae.com\/wp-content\/uploads\/2021\/03\/Baumann-Wohlenberg-Guillotina-Wohlenberg-115-3-1024x474-1.png","contentUrl":"https:\/\/www.omcsae.com\/wp-content\/uploads\/2021\/03\/Baumann-Wohlenberg-Guillotina-Wohlenberg-115-3-1024x474-1.png","width":629,"height":630},{"@type":"BreadcrumbList","@id":"https:\/\/www.omcsae.com\/producto\/guillotina-corte-baumannperfecta-132\/#breadcrumb","itemListElement":[{"@type":"ListItem","position":1,"name":"Portada","item":"https:\/\/www.omcsae.com\/"},{"@type":"ListItem","position":2,"name":"Productos","item":"https:\/\/www.omcsae.com\/shop\/"},{"@type":"ListItem","position":3,"name":"Guillotina de corte baumannperfecta 132"}]},{"@type":"WebSite","@id":"https:\/\/www.omcsae.com\/#website","url":"https:\/\/www.omcsae.com\/","name":"OMC sae","description":"Distributor of machinery, consumables and equipment for printing, graphic arts","publisher":{"@id":"https:\/\/www.omcsae.com\/#organization"},"potentialAction":[{"@type":"SearchAction","target":{"@type":"EntryPoint","urlTemplate":"https:\/\/www.omcsae.com\/?s={search_term_string}"},"query-input":{"@type":"PropertyValueSpecification","valueRequired":true,"valueName":"search_term_string"}}],"inLanguage":"en-GB"},{"@type":"Organization","@id":"https:\/\/www.omcsae.com\/#organization","name":"OMC SAE: distributor of machinery, consumables and equipment for the printing industry","url":"https:\/\/www.omcsae.com\/","logo":{"@type":"ImageObject","inLanguage":"en-GB","@id":"https:\/\/www.omcsae.com\/#\/schema\/logo\/image\/","url":"https:\/\/www.omcsae.com\/wp-content\/uploads\/2020\/09\/OMC_Logo-transparent-e1646645548126.png","contentUrl":"https:\/\/www.omcsae.com\/wp-content\/uploads\/2020\/09\/OMC_Logo-transparent-e1646645548126.png","width":303,"height":351,"caption":"OMC SAE: distribuidor de maquinaria, consumibles y equipos para imprentas"},"image":{"@id":"https:\/\/www.omcsae.com\/#\/schema\/logo\/image\/"}}]}},"_links":{"self":[{"href":"https:\/\/www.omcsae.com\/en\/wp-json\/wp\/v2\/product\/2805","targetHints":{"allow":["GET"]}}],"collection":[{"href":"https:\/\/www.omcsae.com\/en\/wp-json\/wp\/v2\/product"}],"about":[{"href":"https:\/\/www.omcsae.com\/en\/wp-json\/wp\/v2\/types\/product"}],"wp:featuredmedia":[{"embeddable":true,"href":"https:\/\/www.omcsae.com\/en\/wp-json\/wp\/v2\/media\/6904"}],"wp:attachment":[{"href":"https:\/\/www.omcsae.com\/en\/wp-json\/wp\/v2\/media?parent=2805"}],"wp:term":[{"taxonomy":"product_cat","embeddable":true,"href":"https:\/\/www.omcsae.com\/en\/wp-json\/wp\/v2\/product_cat?post=2805"},{"taxonomy":"product_tag","embeddable":true,"href":"https:\/\/www.omcsae.com\/en\/wp-json\/wp\/v2\/product_tag?post=2805"}],"curies":[{"name":"wp","href":"https:\/\/api.w.org\/{rel}","templated":true}]}}