{"id":2813,"date":"2021-03-18T20:08:50","date_gmt":"2021-03-18T20:08:50","guid":{"rendered":"http:\/\/omcsae.com.mialias.net\/producto\/volteadora-de-pilas-baumann-wohlenberg\/"},"modified":"2023-02-14T10:50:19","modified_gmt":"2023-02-14T10:50:19","slug":"baumann-wohlenberg-pile-turner","status":"publish","type":"product","link":"https:\/\/www.omcsae.com\/en\/products\/baumann-wohlenberg-pile-turner\/","title":{"rendered":"Baumann-Wohlenberg Pile Turner"},"content":{"rendered":"<p>Among other processes, its offset printing machines are capable, in many cases, of working at 18,000 sheets \/ hour, with a fully automatic battery feeding system. In addition, they require being able to work with special pallets.<br \/>\nWith the BaumannPerfecta AUP pile turner, they can turn piles with a maximum height of 2.02m and a maximum weight of up to 2Tn, depending on the format.<br \/>\nIts powerful vibration and aeration system separates sheets and removes dust, drastically reducing stops in sheet feeding (printing or die-cutting) caused by sheets sticking together.<br \/>\nThe BaumannPerfecta BSW-AUP pile turner can perform a wide variety of tasks:<br \/>\n\u2022 Pile turning<br \/>\n\u2022 Precise and centered stack alignment using extendable rulers<br \/>\n\u2022 Change transport pallet \/ system pallet<br \/>\n\u2022 Air and thus separate the sheets before the printing or die-cutting process<br \/>\n\u2022 Turning of printed material from very fine to very consistent structure<\/p>","protected":false},"excerpt":{"rendered":"<p>The BaumannPerfecta BSW-AUP pile turner has been specially designed to meet the demands of automatic nonstop systems for sheet and \/ or sheet feeding in offset printing machines and die cutters.<br \/>\nIn packaging plants (folding or corrugated cardboard) having a pile turner, with vibration and aeration, is of fundamental importance to increase the productivity of your offset printing and \/ or die-cutting processes.<\/p>","protected":false},"featured_media":6923,"template":"","meta":[],"product_cat":[643,646],"product_tag":[],"class_list":{"0":"post-2813","1":"product","2":"type-product","3":"status-publish","4":"has-post-thumbnail","6":"product_cat-postimpresion","7":"product_cat-volteadoras","8":"pa_marca-baumann-perfecta","9":"pa_sectores-impresion-comercial","10":"pa_sectores-packaging","12":"first","13":"instock","14":"product-type-simple"},"yoast_head":"<!-- This site is optimized with the Yoast SEO plugin v27.3 - https:\/\/yoast.com\/product\/yoast-seo-wordpress\/ -->\n<title>Volteadora de Pilas Baumann-Wohlenberg | OMC SAE<\/title>\n<meta name=\"description\" content=\"Descubre nuestro cat\u00e1logo en Volteo para m\u00e1quinas de impresi\u00f3n, Postimpresi\u00f3n y artes gr\u00e1ficas. Consulta m\u00e1s sobre Volteadora de Pilas Baumann-Wohlenberg en nuestra web OMC SAE.\" \/>\n<meta name=\"robots\" content=\"index, follow, max-snippet:-1, max-image-preview:large, max-video-preview:-1\" \/>\n<link rel=\"canonical\" href=\"https:\/\/www.omcsae.com\/en\/products\/baumann-wohlenberg-pile-turner\/\" \/>\n<meta property=\"og:locale\" content=\"en_GB\" \/>\n<meta property=\"og:type\" content=\"article\" \/>\n<meta property=\"og:title\" content=\"Volteadora de Pilas Baumann-Wohlenberg | OMC SAE\" \/>\n<meta property=\"og:description\" content=\"Descubre nuestro cat\u00e1logo en Volteo para m\u00e1quinas de impresi\u00f3n, Postimpresi\u00f3n y artes gr\u00e1ficas. Consulta m\u00e1s sobre Volteadora de Pilas Baumann-Wohlenberg en nuestra web OMC SAE.\" \/>\n<meta property=\"og:url\" content=\"https:\/\/www.omcsae.com\/en\/products\/baumann-wohlenberg-pile-turner\/\" \/>\n<meta property=\"og:site_name\" content=\"OMC sae\" \/>\n<meta property=\"article:modified_time\" content=\"2023-02-14T10:50:19+00:00\" \/>\n<meta property=\"og:image\" content=\"https:\/\/www.omcsae.com\/wp-content\/uploads\/2021\/03\/Baumann-Wohlenberg-Volteadora-de-Pilas-Baumann-Wohlenberg-1024x474-1.png\" \/>\n\t<meta property=\"og:image:width\" content=\"571\" \/>\n\t<meta property=\"og:image:height\" content=\"571\" \/>\n\t<meta property=\"og:image:type\" content=\"image\/png\" \/>\n<meta name=\"twitter:card\" content=\"summary_large_image\" \/>\n<meta name=\"twitter:label1\" content=\"Estimated reading time\" \/>\n\t<meta name=\"twitter:data1\" content=\"1 minute\" \/>\n<script type=\"application\/ld+json\" class=\"yoast-schema-graph\">{\"@context\":\"https:\\\/\\\/schema.org\",\"@graph\":[{\"@type\":\"WebPage\",\"@id\":\"https:\\\/\\\/www.omcsae.com\\\/en\\\/producto\\\/baumann-wohlenberg-pile-turner\\\/\",\"url\":\"https:\\\/\\\/www.omcsae.com\\\/en\\\/producto\\\/baumann-wohlenberg-pile-turner\\\/\",\"name\":\"Volteadora de Pilas Baumann-Wohlenberg | OMC SAE\",\"isPartOf\":{\"@id\":\"https:\\\/\\\/www.omcsae.com\\\/#website\"},\"primaryImageOfPage\":{\"@id\":\"https:\\\/\\\/www.omcsae.com\\\/en\\\/producto\\\/baumann-wohlenberg-pile-turner\\\/#primaryimage\"},\"image\":{\"@id\":\"https:\\\/\\\/www.omcsae.com\\\/en\\\/producto\\\/baumann-wohlenberg-pile-turner\\\/#primaryimage\"},\"thumbnailUrl\":\"https:\\\/\\\/www.omcsae.com\\\/wp-content\\\/uploads\\\/2021\\\/03\\\/Baumann-Wohlenberg-Volteadora-de-Pilas-Baumann-Wohlenberg-1024x474-1.png\",\"datePublished\":\"2021-03-18T20:08:50+00:00\",\"dateModified\":\"2023-02-14T10:50:19+00:00\",\"description\":\"Descubre nuestro cat\u00e1logo en Volteo para m\u00e1quinas de impresi\u00f3n, Postimpresi\u00f3n y artes gr\u00e1ficas. Consulta m\u00e1s sobre Volteadora de Pilas Baumann-Wohlenberg en nuestra web OMC SAE.\",\"breadcrumb\":{\"@id\":\"https:\\\/\\\/www.omcsae.com\\\/en\\\/producto\\\/baumann-wohlenberg-pile-turner\\\/#breadcrumb\"},\"inLanguage\":\"en-GB\",\"potentialAction\":[{\"@type\":\"ReadAction\",\"target\":[\"https:\\\/\\\/www.omcsae.com\\\/en\\\/producto\\\/baumann-wohlenberg-pile-turner\\\/\"]}]},{\"@type\":\"ImageObject\",\"inLanguage\":\"en-GB\",\"@id\":\"https:\\\/\\\/www.omcsae.com\\\/en\\\/producto\\\/baumann-wohlenberg-pile-turner\\\/#primaryimage\",\"url\":\"https:\\\/\\\/www.omcsae.com\\\/wp-content\\\/uploads\\\/2021\\\/03\\\/Baumann-Wohlenberg-Volteadora-de-Pilas-Baumann-Wohlenberg-1024x474-1.png\",\"contentUrl\":\"https:\\\/\\\/www.omcsae.com\\\/wp-content\\\/uploads\\\/2021\\\/03\\\/Baumann-Wohlenberg-Volteadora-de-Pilas-Baumann-Wohlenberg-1024x474-1.png\",\"width\":571,\"height\":571},{\"@type\":\"BreadcrumbList\",\"@id\":\"https:\\\/\\\/www.omcsae.com\\\/en\\\/producto\\\/baumann-wohlenberg-pile-turner\\\/#breadcrumb\",\"itemListElement\":[{\"@type\":\"ListItem\",\"position\":1,\"name\":\"Portada\",\"item\":\"https:\\\/\\\/www.omcsae.com\\\/\"},{\"@type\":\"ListItem\",\"position\":2,\"name\":\"Productos\",\"item\":\"https:\\\/\\\/www.omcsae.com\\\/shop\\\/\"},{\"@type\":\"ListItem\",\"position\":3,\"name\":\"Volteadora de Pilas Baumann-Wohlenberg\"}]},{\"@type\":\"WebSite\",\"@id\":\"https:\\\/\\\/www.omcsae.com\\\/#website\",\"url\":\"https:\\\/\\\/www.omcsae.com\\\/\",\"name\":\"OMC sae\",\"description\":\"Distribuidor de maquinaria, consumibles y equipos para imprentas, artes gr\u00e1ficas\",\"publisher\":{\"@id\":\"https:\\\/\\\/www.omcsae.com\\\/#organization\"},\"potentialAction\":[{\"@type\":\"SearchAction\",\"target\":{\"@type\":\"EntryPoint\",\"urlTemplate\":\"https:\\\/\\\/www.omcsae.com\\\/?s={search_term_string}\"},\"query-input\":{\"@type\":\"PropertyValueSpecification\",\"valueRequired\":true,\"valueName\":\"search_term_string\"}}],\"inLanguage\":\"en-GB\"},{\"@type\":\"Organization\",\"@id\":\"https:\\\/\\\/www.omcsae.com\\\/#organization\",\"name\":\"OMC SAE: distribuidor de maquinaria, consumibles y equipos para imprentas\",\"url\":\"https:\\\/\\\/www.omcsae.com\\\/\",\"logo\":{\"@type\":\"ImageObject\",\"inLanguage\":\"en-GB\",\"@id\":\"https:\\\/\\\/www.omcsae.com\\\/#\\\/schema\\\/logo\\\/image\\\/\",\"url\":\"https:\\\/\\\/www.omcsae.com\\\/wp-content\\\/uploads\\\/2020\\\/09\\\/OMC_Logo-transparent-e1646645548126.png\",\"contentUrl\":\"https:\\\/\\\/www.omcsae.com\\\/wp-content\\\/uploads\\\/2020\\\/09\\\/OMC_Logo-transparent-e1646645548126.png\",\"width\":303,\"height\":351,\"caption\":\"OMC SAE: distribuidor de maquinaria, consumibles y equipos para imprentas\"},\"image\":{\"@id\":\"https:\\\/\\\/www.omcsae.com\\\/#\\\/schema\\\/logo\\\/image\\\/\"}}]}<\/script>\n<!-- \/ Yoast SEO plugin. -->","yoast_head_json":{"title":"Baumann-Wohlenberg Pile Turner | OMC SAE","description":"Discover our catalog in Turning for printing machines, Post-printing and graphic arts. Consult more about Baumann-Wohlenberg Pile Turner on our OMC SAE website.","robots":{"index":"index","follow":"follow","max-snippet":"max-snippet:-1","max-image-preview":"max-image-preview:large","max-video-preview":"max-video-preview:-1"},"canonical":"https:\/\/www.omcsae.com\/en\/products\/baumann-wohlenberg-pile-turner\/","og_locale":"en_GB","og_type":"article","og_title":"Volteadora de Pilas Baumann-Wohlenberg | OMC SAE","og_description":"Descubre nuestro cat\u00e1logo en Volteo para m\u00e1quinas de impresi\u00f3n, Postimpresi\u00f3n y artes gr\u00e1ficas. Consulta m\u00e1s sobre Volteadora de Pilas Baumann-Wohlenberg en nuestra web OMC SAE.","og_url":"https:\/\/www.omcsae.com\/en\/products\/baumann-wohlenberg-pile-turner\/","og_site_name":"OMC sae","article_modified_time":"2023-02-14T10:50:19+00:00","og_image":[{"width":571,"height":571,"url":"https:\/\/www.omcsae.com\/wp-content\/uploads\/2021\/03\/Baumann-Wohlenberg-Volteadora-de-Pilas-Baumann-Wohlenberg-1024x474-1.png","type":"image\/png"}],"twitter_card":"summary_large_image","twitter_misc":{"Estimated reading time":"1 minute"},"schema":{"@context":"https:\/\/schema.org","@graph":[{"@type":"WebPage","@id":"https:\/\/www.omcsae.com\/en\/producto\/baumann-wohlenberg-pile-turner\/","url":"https:\/\/www.omcsae.com\/en\/producto\/baumann-wohlenberg-pile-turner\/","name":"Baumann-Wohlenberg Pile Turner | OMC SAE","isPartOf":{"@id":"https:\/\/www.omcsae.com\/#website"},"primaryImageOfPage":{"@id":"https:\/\/www.omcsae.com\/en\/producto\/baumann-wohlenberg-pile-turner\/#primaryimage"},"image":{"@id":"https:\/\/www.omcsae.com\/en\/producto\/baumann-wohlenberg-pile-turner\/#primaryimage"},"thumbnailUrl":"https:\/\/www.omcsae.com\/wp-content\/uploads\/2021\/03\/Baumann-Wohlenberg-Volteadora-de-Pilas-Baumann-Wohlenberg-1024x474-1.png","datePublished":"2021-03-18T20:08:50+00:00","dateModified":"2023-02-14T10:50:19+00:00","description":"Discover our catalog in Turning for printing machines, Post-printing and graphic arts. Consult more about Baumann-Wohlenberg Pile Turner on our OMC SAE website.","breadcrumb":{"@id":"https:\/\/www.omcsae.com\/en\/producto\/baumann-wohlenberg-pile-turner\/#breadcrumb"},"inLanguage":"en-GB","potentialAction":[{"@type":"ReadAction","target":["https:\/\/www.omcsae.com\/en\/producto\/baumann-wohlenberg-pile-turner\/"]}]},{"@type":"ImageObject","inLanguage":"en-GB","@id":"https:\/\/www.omcsae.com\/en\/producto\/baumann-wohlenberg-pile-turner\/#primaryimage","url":"https:\/\/www.omcsae.com\/wp-content\/uploads\/2021\/03\/Baumann-Wohlenberg-Volteadora-de-Pilas-Baumann-Wohlenberg-1024x474-1.png","contentUrl":"https:\/\/www.omcsae.com\/wp-content\/uploads\/2021\/03\/Baumann-Wohlenberg-Volteadora-de-Pilas-Baumann-Wohlenberg-1024x474-1.png","width":571,"height":571},{"@type":"BreadcrumbList","@id":"https:\/\/www.omcsae.com\/en\/producto\/baumann-wohlenberg-pile-turner\/#breadcrumb","itemListElement":[{"@type":"ListItem","position":1,"name":"Portada","item":"https:\/\/www.omcsae.com\/"},{"@type":"ListItem","position":2,"name":"Productos","item":"https:\/\/www.omcsae.com\/shop\/"},{"@type":"ListItem","position":3,"name":"Volteadora de Pilas Baumann-Wohlenberg"}]},{"@type":"WebSite","@id":"https:\/\/www.omcsae.com\/#website","url":"https:\/\/www.omcsae.com\/","name":"OMC sae","description":"Distributor of machinery, consumables and equipment for printing, graphic arts","publisher":{"@id":"https:\/\/www.omcsae.com\/#organization"},"potentialAction":[{"@type":"SearchAction","target":{"@type":"EntryPoint","urlTemplate":"https:\/\/www.omcsae.com\/?s={search_term_string}"},"query-input":{"@type":"PropertyValueSpecification","valueRequired":true,"valueName":"search_term_string"}}],"inLanguage":"en-GB"},{"@type":"Organization","@id":"https:\/\/www.omcsae.com\/#organization","name":"OMC SAE: distributor of machinery, consumables and equipment for the printing industry","url":"https:\/\/www.omcsae.com\/","logo":{"@type":"ImageObject","inLanguage":"en-GB","@id":"https:\/\/www.omcsae.com\/#\/schema\/logo\/image\/","url":"https:\/\/www.omcsae.com\/wp-content\/uploads\/2020\/09\/OMC_Logo-transparent-e1646645548126.png","contentUrl":"https:\/\/www.omcsae.com\/wp-content\/uploads\/2020\/09\/OMC_Logo-transparent-e1646645548126.png","width":303,"height":351,"caption":"OMC SAE: distribuidor de maquinaria, consumibles y equipos para imprentas"},"image":{"@id":"https:\/\/www.omcsae.com\/#\/schema\/logo\/image\/"}}]}},"_links":{"self":[{"href":"https:\/\/www.omcsae.com\/en\/wp-json\/wp\/v2\/product\/2813","targetHints":{"allow":["GET"]}}],"collection":[{"href":"https:\/\/www.omcsae.com\/en\/wp-json\/wp\/v2\/product"}],"about":[{"href":"https:\/\/www.omcsae.com\/en\/wp-json\/wp\/v2\/types\/product"}],"wp:featuredmedia":[{"embeddable":true,"href":"https:\/\/www.omcsae.com\/en\/wp-json\/wp\/v2\/media\/6923"}],"wp:attachment":[{"href":"https:\/\/www.omcsae.com\/en\/wp-json\/wp\/v2\/media?parent=2813"}],"wp:term":[{"taxonomy":"product_cat","embeddable":true,"href":"https:\/\/www.omcsae.com\/en\/wp-json\/wp\/v2\/product_cat?post=2813"},{"taxonomy":"product_tag","embeddable":true,"href":"https:\/\/www.omcsae.com\/en\/wp-json\/wp\/v2\/product_tag?post=2813"}],"curies":[{"name":"wp","href":"https:\/\/api.w.org\/{rel}","templated":true}]}}