{"id":2815,"date":"2021-03-18T20:08:50","date_gmt":"2021-03-18T20:08:50","guid":{"rendered":"http:\/\/omcsae.com.mialias.net\/producto\/sistema-vibracion-pliegos-baumann-wolhenberg-basa\/"},"modified":"2023-02-14T10:21:47","modified_gmt":"2023-02-14T10:21:47","slug":"vibration-system-baumann-wolhenberg-bases","status":"publish","type":"product","link":"https:\/\/www.omcsae.com\/en\/products\/vibration-system-baumann-wolhenberg-bases\/","title":{"rendered":"Baumann-Wolhenberg BASA Sheet Vibration System"},"content":{"rendered":"<p>Fully automatic, robot-assisted process of the strips to be cut, including transport to the processing machine, for example to a die cutter or any other converting machine. The process involves both the proper alignment and orientation of the posts. The BASS system can be used on baumannperfecta high speed cutters 115 to 168. Of course, manual operation is also possible at any time.<br \/>\nApplication in environments:<br \/>\n\u2022 Where large volumes of production must be processed<br \/>\n\u2022 Where large-format printing sheets must be processed<br \/>\n\u2022 When ergonomic restrictions require an automatic equalization process<br \/>\n\u2022 When the cutting process must be automated<\/p>\n<p>It has two different operating modes:<br \/>\n1. During automatic operation, BASA processes the incoming stack without operator assistance and provides stacks of sheets that are matched and aligned at the desired height for further processing.<br \/>\n2. For sensitive materials and small runs, BASA has a manual operating mode that operates similarly to a conventional leveling machine.<\/p>\n<p>What materials can be processed with the BASA?<br \/>\n\u2022 Any paper with a weight of at least 60 g\/m\u00b2 (for lower weights, we strongly recommend checking in our facilities)<br \/>\n\u2022 Various types of label paper<br \/>\n\u2022 Cardboard with a weight of up to 300 g\/m2<br \/>\n\u2022 Folios (as long as the sheets do not stick to each other and do not present static electricity generated by friction)<br \/>\n\u2022 Plasticized materials<br \/>\n\u2022 Perforated and printed paper and cardboard<\/p>","protected":false},"excerpt":{"rendered":"<p>The world&#039;s first system capable of fully automatically aligning stacks of a wide variety of materials and \/ or substrates.<br \/>\nAfter the fully automated vibration and equalization process, baumannperfecta BASA, we can also automate the cutting process.<br \/>\nBASS is the name of the latest innovation developed by Baumann and stands for Baumann Automatic Cutting System and does exactly what its name suggests.<br \/>\nThe BASS system is the perfect automation solution for your finishing process, whether it&#039;s label production, packaging, or commercial printing processes.<\/p>","protected":false},"featured_media":6915,"template":"","meta":[],"product_cat":[643,647],"product_tag":[],"class_list":{"0":"post-2815","1":"product","2":"type-product","3":"status-publish","4":"has-post-thumbnail","6":"product_cat-postimpresion","7":"product_cat-igualacion","8":"pa_marca-baumann-perfecta","9":"pa_sectores-etiquetas","10":"pa_sectores-impresion-comercial","11":"pa_sectores-packaging","13":"first","14":"instock","15":"product-type-simple"},"yoast_head":"<!-- This site is optimized with the Yoast SEO plugin v27.3 - https:\/\/yoast.com\/product\/yoast-seo-wordpress\/ -->\n<title>Sistema Vibraci\u00f3n pliegos Baumann-Wolhenberg BASA | OMC SAE<\/title>\n<meta name=\"description\" content=\"Descubre nuestro cat\u00e1logo en Igualaci\u00f3n para m\u00e1quinas de impresi\u00f3n, Postimpresi\u00f3n y artes gr\u00e1ficas. Consulta m\u00e1s sobre Sistema Vibraci\u00f3n pliegos Baumann-Wolhenberg BASA en nuestra web OMC SAE.\" \/>\n<meta name=\"robots\" content=\"index, follow, max-snippet:-1, max-image-preview:large, max-video-preview:-1\" \/>\n<link rel=\"canonical\" href=\"https:\/\/www.omcsae.com\/en\/products\/vibration-system-baumann-wolhenberg-bases\/\" \/>\n<meta property=\"og:locale\" content=\"en_GB\" \/>\n<meta property=\"og:type\" content=\"article\" \/>\n<meta property=\"og:title\" content=\"Sistema Vibraci\u00f3n pliegos Baumann-Wolhenberg BASA | OMC SAE\" \/>\n<meta property=\"og:description\" content=\"Descubre nuestro cat\u00e1logo en Igualaci\u00f3n para m\u00e1quinas de impresi\u00f3n, Postimpresi\u00f3n y artes gr\u00e1ficas. Consulta m\u00e1s sobre Sistema Vibraci\u00f3n pliegos Baumann-Wolhenberg BASA en nuestra web OMC SAE.\" \/>\n<meta property=\"og:url\" content=\"https:\/\/www.omcsae.com\/en\/products\/vibration-system-baumann-wolhenberg-bases\/\" \/>\n<meta property=\"og:site_name\" content=\"OMC sae\" \/>\n<meta property=\"article:modified_time\" content=\"2023-02-14T10:21:47+00:00\" \/>\n<meta property=\"og:image\" content=\"https:\/\/www.omcsae.com\/wp-content\/uploads\/2021\/03\/BASA_evo_Total_v_002_online_qf0e1jsp.png\" \/>\n\t<meta property=\"og:image:width\" content=\"491\" \/>\n\t<meta property=\"og:image:height\" content=\"491\" \/>\n\t<meta property=\"og:image:type\" content=\"image\/png\" \/>\n<meta name=\"twitter:card\" content=\"summary_large_image\" \/>\n<meta name=\"twitter:label1\" content=\"Estimated reading time\" \/>\n\t<meta name=\"twitter:data1\" content=\"1 minute\" \/>\n<script type=\"application\/ld+json\" class=\"yoast-schema-graph\">{\"@context\":\"https:\\\/\\\/schema.org\",\"@graph\":[{\"@type\":\"WebPage\",\"@id\":\"https:\\\/\\\/www.omcsae.com\\\/producto\\\/sistema-vibracion-pliegos-baumann-wolhenberg-basa\\\/\",\"url\":\"https:\\\/\\\/www.omcsae.com\\\/producto\\\/sistema-vibracion-pliegos-baumann-wolhenberg-basa\\\/\",\"name\":\"Sistema Vibraci\u00f3n pliegos Baumann-Wolhenberg BASA | OMC SAE\",\"isPartOf\":{\"@id\":\"https:\\\/\\\/www.omcsae.com\\\/#website\"},\"primaryImageOfPage\":{\"@id\":\"https:\\\/\\\/www.omcsae.com\\\/producto\\\/sistema-vibracion-pliegos-baumann-wolhenberg-basa\\\/#primaryimage\"},\"image\":{\"@id\":\"https:\\\/\\\/www.omcsae.com\\\/producto\\\/sistema-vibracion-pliegos-baumann-wolhenberg-basa\\\/#primaryimage\"},\"thumbnailUrl\":\"https:\\\/\\\/www.omcsae.com\\\/wp-content\\\/uploads\\\/2021\\\/03\\\/BASA_evo_Total_v_002_online_qf0e1jsp.png\",\"datePublished\":\"2021-03-18T20:08:50+00:00\",\"dateModified\":\"2023-02-14T10:21:47+00:00\",\"description\":\"Descubre nuestro cat\u00e1logo en Igualaci\u00f3n para m\u00e1quinas de impresi\u00f3n, Postimpresi\u00f3n y artes gr\u00e1ficas. Consulta m\u00e1s sobre Sistema Vibraci\u00f3n pliegos Baumann-Wolhenberg BASA en nuestra web OMC SAE.\",\"breadcrumb\":{\"@id\":\"https:\\\/\\\/www.omcsae.com\\\/producto\\\/sistema-vibracion-pliegos-baumann-wolhenberg-basa\\\/#breadcrumb\"},\"inLanguage\":\"en-GB\",\"potentialAction\":[{\"@type\":\"ReadAction\",\"target\":[\"https:\\\/\\\/www.omcsae.com\\\/producto\\\/sistema-vibracion-pliegos-baumann-wolhenberg-basa\\\/\"]}]},{\"@type\":\"ImageObject\",\"inLanguage\":\"en-GB\",\"@id\":\"https:\\\/\\\/www.omcsae.com\\\/producto\\\/sistema-vibracion-pliegos-baumann-wolhenberg-basa\\\/#primaryimage\",\"url\":\"https:\\\/\\\/www.omcsae.com\\\/wp-content\\\/uploads\\\/2021\\\/03\\\/BASA_evo_Total_v_002_online_qf0e1jsp.png\",\"contentUrl\":\"https:\\\/\\\/www.omcsae.com\\\/wp-content\\\/uploads\\\/2021\\\/03\\\/BASA_evo_Total_v_002_online_qf0e1jsp.png\",\"width\":491,\"height\":491},{\"@type\":\"BreadcrumbList\",\"@id\":\"https:\\\/\\\/www.omcsae.com\\\/producto\\\/sistema-vibracion-pliegos-baumann-wolhenberg-basa\\\/#breadcrumb\",\"itemListElement\":[{\"@type\":\"ListItem\",\"position\":1,\"name\":\"Portada\",\"item\":\"https:\\\/\\\/www.omcsae.com\\\/\"},{\"@type\":\"ListItem\",\"position\":2,\"name\":\"Productos\",\"item\":\"https:\\\/\\\/www.omcsae.com\\\/shop\\\/\"},{\"@type\":\"ListItem\",\"position\":3,\"name\":\"Sistema Vibraci\u00f3n pliegos Baumann-Wolhenberg BASA\"}]},{\"@type\":\"WebSite\",\"@id\":\"https:\\\/\\\/www.omcsae.com\\\/#website\",\"url\":\"https:\\\/\\\/www.omcsae.com\\\/\",\"name\":\"OMC sae\",\"description\":\"Distribuidor de maquinaria, consumibles y equipos para imprentas, artes gr\u00e1ficas\",\"publisher\":{\"@id\":\"https:\\\/\\\/www.omcsae.com\\\/#organization\"},\"potentialAction\":[{\"@type\":\"SearchAction\",\"target\":{\"@type\":\"EntryPoint\",\"urlTemplate\":\"https:\\\/\\\/www.omcsae.com\\\/?s={search_term_string}\"},\"query-input\":{\"@type\":\"PropertyValueSpecification\",\"valueRequired\":true,\"valueName\":\"search_term_string\"}}],\"inLanguage\":\"en-GB\"},{\"@type\":\"Organization\",\"@id\":\"https:\\\/\\\/www.omcsae.com\\\/#organization\",\"name\":\"OMC SAE: distribuidor de maquinaria, consumibles y equipos para imprentas\",\"url\":\"https:\\\/\\\/www.omcsae.com\\\/\",\"logo\":{\"@type\":\"ImageObject\",\"inLanguage\":\"en-GB\",\"@id\":\"https:\\\/\\\/www.omcsae.com\\\/#\\\/schema\\\/logo\\\/image\\\/\",\"url\":\"https:\\\/\\\/www.omcsae.com\\\/wp-content\\\/uploads\\\/2020\\\/09\\\/OMC_Logo-transparent-e1646645548126.png\",\"contentUrl\":\"https:\\\/\\\/www.omcsae.com\\\/wp-content\\\/uploads\\\/2020\\\/09\\\/OMC_Logo-transparent-e1646645548126.png\",\"width\":303,\"height\":351,\"caption\":\"OMC SAE: distribuidor de maquinaria, consumibles y equipos para imprentas\"},\"image\":{\"@id\":\"https:\\\/\\\/www.omcsae.com\\\/#\\\/schema\\\/logo\\\/image\\\/\"}}]}<\/script>\n<!-- \/ Yoast SEO plugin. -->","yoast_head_json":{"title":"Sheet Vibration System Baumann-Wolhenberg BASA | OMC SAE","description":"Discover our catalog on Equalization for printing machines, Post-printing and graphic arts. Consult more about Baumann-Wolhenberg BASA Sheet Vibration System on our OMC SAE website.","robots":{"index":"index","follow":"follow","max-snippet":"max-snippet:-1","max-image-preview":"max-image-preview:large","max-video-preview":"max-video-preview:-1"},"canonical":"https:\/\/www.omcsae.com\/en\/products\/vibration-system-baumann-wolhenberg-bases\/","og_locale":"en_GB","og_type":"article","og_title":"Sistema Vibraci\u00f3n pliegos Baumann-Wolhenberg BASA | OMC SAE","og_description":"Descubre nuestro cat\u00e1logo en Igualaci\u00f3n para m\u00e1quinas de impresi\u00f3n, Postimpresi\u00f3n y artes gr\u00e1ficas. Consulta m\u00e1s sobre Sistema Vibraci\u00f3n pliegos Baumann-Wolhenberg BASA en nuestra web OMC SAE.","og_url":"https:\/\/www.omcsae.com\/en\/products\/vibration-system-baumann-wolhenberg-bases\/","og_site_name":"OMC sae","article_modified_time":"2023-02-14T10:21:47+00:00","og_image":[{"width":491,"height":491,"url":"https:\/\/www.omcsae.com\/wp-content\/uploads\/2021\/03\/BASA_evo_Total_v_002_online_qf0e1jsp.png","type":"image\/png"}],"twitter_card":"summary_large_image","twitter_misc":{"Estimated reading time":"1 minute"},"schema":{"@context":"https:\/\/schema.org","@graph":[{"@type":"WebPage","@id":"https:\/\/www.omcsae.com\/producto\/sistema-vibracion-pliegos-baumann-wolhenberg-basa\/","url":"https:\/\/www.omcsae.com\/producto\/sistema-vibracion-pliegos-baumann-wolhenberg-basa\/","name":"Sheet Vibration System Baumann-Wolhenberg BASA | OMC SAE","isPartOf":{"@id":"https:\/\/www.omcsae.com\/#website"},"primaryImageOfPage":{"@id":"https:\/\/www.omcsae.com\/producto\/sistema-vibracion-pliegos-baumann-wolhenberg-basa\/#primaryimage"},"image":{"@id":"https:\/\/www.omcsae.com\/producto\/sistema-vibracion-pliegos-baumann-wolhenberg-basa\/#primaryimage"},"thumbnailUrl":"https:\/\/www.omcsae.com\/wp-content\/uploads\/2021\/03\/BASA_evo_Total_v_002_online_qf0e1jsp.png","datePublished":"2021-03-18T20:08:50+00:00","dateModified":"2023-02-14T10:21:47+00:00","description":"Discover our catalog on Equalization for printing machines, Post-printing and graphic arts. Consult more about Baumann-Wolhenberg BASA Sheet Vibration System on our OMC SAE website.","breadcrumb":{"@id":"https:\/\/www.omcsae.com\/producto\/sistema-vibracion-pliegos-baumann-wolhenberg-basa\/#breadcrumb"},"inLanguage":"en-GB","potentialAction":[{"@type":"ReadAction","target":["https:\/\/www.omcsae.com\/producto\/sistema-vibracion-pliegos-baumann-wolhenberg-basa\/"]}]},{"@type":"ImageObject","inLanguage":"en-GB","@id":"https:\/\/www.omcsae.com\/producto\/sistema-vibracion-pliegos-baumann-wolhenberg-basa\/#primaryimage","url":"https:\/\/www.omcsae.com\/wp-content\/uploads\/2021\/03\/BASA_evo_Total_v_002_online_qf0e1jsp.png","contentUrl":"https:\/\/www.omcsae.com\/wp-content\/uploads\/2021\/03\/BASA_evo_Total_v_002_online_qf0e1jsp.png","width":491,"height":491},{"@type":"BreadcrumbList","@id":"https:\/\/www.omcsae.com\/producto\/sistema-vibracion-pliegos-baumann-wolhenberg-basa\/#breadcrumb","itemListElement":[{"@type":"ListItem","position":1,"name":"Portada","item":"https:\/\/www.omcsae.com\/"},{"@type":"ListItem","position":2,"name":"Productos","item":"https:\/\/www.omcsae.com\/shop\/"},{"@type":"ListItem","position":3,"name":"Sistema Vibraci\u00f3n pliegos Baumann-Wolhenberg BASA"}]},{"@type":"WebSite","@id":"https:\/\/www.omcsae.com\/#website","url":"https:\/\/www.omcsae.com\/","name":"OMC sae","description":"Distributor of machinery, consumables and equipment for printing, graphic arts","publisher":{"@id":"https:\/\/www.omcsae.com\/#organization"},"potentialAction":[{"@type":"SearchAction","target":{"@type":"EntryPoint","urlTemplate":"https:\/\/www.omcsae.com\/?s={search_term_string}"},"query-input":{"@type":"PropertyValueSpecification","valueRequired":true,"valueName":"search_term_string"}}],"inLanguage":"en-GB"},{"@type":"Organization","@id":"https:\/\/www.omcsae.com\/#organization","name":"OMC SAE: distributor of machinery, consumables and equipment for the printing industry","url":"https:\/\/www.omcsae.com\/","logo":{"@type":"ImageObject","inLanguage":"en-GB","@id":"https:\/\/www.omcsae.com\/#\/schema\/logo\/image\/","url":"https:\/\/www.omcsae.com\/wp-content\/uploads\/2020\/09\/OMC_Logo-transparent-e1646645548126.png","contentUrl":"https:\/\/www.omcsae.com\/wp-content\/uploads\/2020\/09\/OMC_Logo-transparent-e1646645548126.png","width":303,"height":351,"caption":"OMC SAE: distribuidor de maquinaria, consumibles y equipos para imprentas"},"image":{"@id":"https:\/\/www.omcsae.com\/#\/schema\/logo\/image\/"}}]}},"_links":{"self":[{"href":"https:\/\/www.omcsae.com\/en\/wp-json\/wp\/v2\/product\/2815","targetHints":{"allow":["GET"]}}],"collection":[{"href":"https:\/\/www.omcsae.com\/en\/wp-json\/wp\/v2\/product"}],"about":[{"href":"https:\/\/www.omcsae.com\/en\/wp-json\/wp\/v2\/types\/product"}],"wp:featuredmedia":[{"embeddable":true,"href":"https:\/\/www.omcsae.com\/en\/wp-json\/wp\/v2\/media\/6915"}],"wp:attachment":[{"href":"https:\/\/www.omcsae.com\/en\/wp-json\/wp\/v2\/media?parent=2815"}],"wp:term":[{"taxonomy":"product_cat","embeddable":true,"href":"https:\/\/www.omcsae.com\/en\/wp-json\/wp\/v2\/product_cat?post=2815"},{"taxonomy":"product_tag","embeddable":true,"href":"https:\/\/www.omcsae.com\/en\/wp-json\/wp\/v2\/product_tag?post=2815"}],"curies":[{"name":"wp","href":"https:\/\/api.w.org\/{rel}","templated":true}]}}