{"id":2816,"date":"2021-03-18T20:08:50","date_gmt":"2021-03-18T20:08:50","guid":{"rendered":"http:\/\/omcsae.com.mialias.net\/producto\/limpiador-concentrado-flash-power\/"},"modified":"2022-02-08T08:52:16","modified_gmt":"2022-02-08T08:52:16","slug":"cleaner-concentrate-flash-power","status":"publish","type":"product","link":"https:\/\/www.omcsae.com\/en\/products\/cleaner-concentrate-flash-power\/","title":{"rendered":"Concentrated Cleaner - Flash Power"},"content":{"rendered":"<p>TECHNICAL OFFSET APPLICATIONS<\/p>\n<p>Flash Power Concentrated Cleaner is especially indicated for cleaning ink in printing cylinders, cylinder pinch bars, drum roller necks, vores, or any metallic part of the machine where it is desired to eliminate ink accumulations in a short space of time, as well as any remains that may have remained after automatic washing of the cylinders (in case the machine has such a device), reducing cleaning times throughout the same production run, job change or format.<\/p>\n<p>Applicable to ceramic, anelox, granulated and metallic cylinders.<br \/>\nIdeal also for a quick cleaning of the cylinder of the body that is used with varnish.<\/p>\n<p>TECHNICAL APPLICATIONS BINDING<\/p>\n<p>Especially suitable for cleaning all types of glues (Hotmelt, Pur and cold glues). For example: burnt coleros, remains of tails in different parts of the machine, etc.<\/p>\n<p>Also applicable for cleaning conveyor belts in gumming lines, which suffer from glue accumulation on them, in this application the LCI must be removed in a short space of time (consult your sales technician for application instructions).<\/p>\n<p>HOW TO USE<\/p>\n<p>Shake well before use.<\/p>\n<p>Apply to the surface to be cleaned at about 20 centimeters and let it act for between 1 and 2 minutes. Then remove the remains of ink or varnish with a cloth in the case of offset machines. In the event that the product to be removed is glues, it is advisable to use a spatula or similar to optimize the process of using a spatula or similar to optimize the cleaning process. Repeat the operation as many times as necessary until the accumulation or thickness of glue is completely removed.<\/p>\n<p>CAUTION<\/p>\n<p>AVOID CONTACT with: rubbers, plastics, rubbers or similar.<\/p>","protected":false},"excerpt":{"rendered":"<p>FLASH POWER is an excellent cleaner with a formulation specially designed for specific applications on graphic arts machinery, composed of stoichiometric amalgams, solvent base and thickeners to allow a permanent contact with the product to be removed, even in vertical applications (avoiding product sagging or dripping).<\/p>\n<p>Removes inks, acrylic varnishes, Hotmelt glues, cold glues and Pur. It acts by refraction, with a small amount it covers a wide surface obtaining a high performance.<\/p>\n<p>It is presented in an aerosol for greater application comfort and to avoid the evaporation of the product.<\/p>\n<p>*Product for industrial use. It is recommended to download technical data sheet and safety data sheet of the product.<br \/>\n**The product picture may differ depending on the selection of attributes or due to updated packaging.<\/p>\n<p>&nbsp;<\/p>","protected":false},"featured_media":3113,"template":"","meta":[],"product_cat":[669,682,680],"product_tag":[],"class_list":{"0":"post-2816","1":"product","2":"type-product","3":"status-publish","4":"has-post-thumbnail","6":"product_cat-consumibles-graficos","7":"product_cat-consumibles-h-uv-led","8":"product_cat-quimicos","9":"pa_marca-flash-power","10":"pa_sectores-etiquetas","11":"pa_sectores-impresion-comercial","12":"pa_sectores-packaging","14":"first","15":"instock","16":"product-type-simple"},"yoast_head":"<!-- This site is optimized with the Yoast SEO plugin v27.3 - https:\/\/yoast.com\/product\/yoast-seo-wordpress\/ -->\n<title>Limpiador Concentrado - Flash Power | OMC SAE<\/title>\n<meta name=\"description\" content=\"Descubre m\u00e1s informaci\u00f3n sobre limpiador concentrado - Flash power en nuestro cat\u00e1logo de consumibles para \u00e1rtes gr\u00e1ficas.\" \/>\n<meta name=\"robots\" content=\"index, follow, max-snippet:-1, max-image-preview:large, max-video-preview:-1\" \/>\n<link rel=\"canonical\" href=\"https:\/\/www.omcsae.com\/en\/products\/cleaner-concentrate-flash-power\/\" \/>\n<meta property=\"og:locale\" content=\"en_GB\" \/>\n<meta property=\"og:type\" content=\"article\" \/>\n<meta property=\"og:title\" content=\"Limpiador Concentrado - Flash Power | OMC SAE\" \/>\n<meta property=\"og:description\" content=\"Descubre m\u00e1s informaci\u00f3n sobre limpiador concentrado - Flash power en nuestro cat\u00e1logo de consumibles para \u00e1rtes gr\u00e1ficas.\" \/>\n<meta property=\"og:url\" content=\"https:\/\/www.omcsae.com\/en\/products\/cleaner-concentrate-flash-power\/\" \/>\n<meta property=\"og:site_name\" content=\"OMC sae\" \/>\n<meta property=\"article:modified_time\" content=\"2022-02-08T08:52:16+00:00\" \/>\n<meta property=\"og:image\" content=\"https:\/\/www.omcsae.com\/wp-content\/uploads\/2021\/03\/Flash-Power.jpg\" \/>\n\t<meta property=\"og:image:width\" content=\"960\" \/>\n\t<meta property=\"og:image:height\" content=\"591\" \/>\n\t<meta property=\"og:image:type\" content=\"image\/jpeg\" \/>\n<meta name=\"twitter:card\" content=\"summary_large_image\" \/>\n<meta name=\"twitter:label1\" content=\"Estimated reading time\" \/>\n\t<meta name=\"twitter:data1\" content=\"2 minutes\" \/>\n<script type=\"application\/ld+json\" class=\"yoast-schema-graph\">{\"@context\":\"https:\\\/\\\/schema.org\",\"@graph\":[{\"@type\":\"WebPage\",\"@id\":\"https:\\\/\\\/www.omcsae.com\\\/producto\\\/limpiador-concentrado-flash-power\\\/\",\"url\":\"https:\\\/\\\/www.omcsae.com\\\/producto\\\/limpiador-concentrado-flash-power\\\/\",\"name\":\"Limpiador Concentrado - Flash Power | OMC SAE\",\"isPartOf\":{\"@id\":\"https:\\\/\\\/www.omcsae.com\\\/#website\"},\"primaryImageOfPage\":{\"@id\":\"https:\\\/\\\/www.omcsae.com\\\/producto\\\/limpiador-concentrado-flash-power\\\/#primaryimage\"},\"image\":{\"@id\":\"https:\\\/\\\/www.omcsae.com\\\/producto\\\/limpiador-concentrado-flash-power\\\/#primaryimage\"},\"thumbnailUrl\":\"https:\\\/\\\/www.omcsae.com\\\/wp-content\\\/uploads\\\/2021\\\/03\\\/Flash-Power.jpg\",\"datePublished\":\"2021-03-18T20:08:50+00:00\",\"dateModified\":\"2022-02-08T08:52:16+00:00\",\"description\":\"Descubre m\u00e1s informaci\u00f3n sobre limpiador concentrado - Flash power en nuestro cat\u00e1logo de consumibles para \u00e1rtes gr\u00e1ficas.\",\"breadcrumb\":{\"@id\":\"https:\\\/\\\/www.omcsae.com\\\/producto\\\/limpiador-concentrado-flash-power\\\/#breadcrumb\"},\"inLanguage\":\"en-GB\",\"potentialAction\":[{\"@type\":\"ReadAction\",\"target\":[\"https:\\\/\\\/www.omcsae.com\\\/producto\\\/limpiador-concentrado-flash-power\\\/\"]}]},{\"@type\":\"ImageObject\",\"inLanguage\":\"en-GB\",\"@id\":\"https:\\\/\\\/www.omcsae.com\\\/producto\\\/limpiador-concentrado-flash-power\\\/#primaryimage\",\"url\":\"https:\\\/\\\/www.omcsae.com\\\/wp-content\\\/uploads\\\/2021\\\/03\\\/Flash-Power.jpg\",\"contentUrl\":\"https:\\\/\\\/www.omcsae.com\\\/wp-content\\\/uploads\\\/2021\\\/03\\\/Flash-Power.jpg\",\"width\":960,\"height\":591,\"caption\":\"Flash Power bote de limpiador concentrado\"},{\"@type\":\"BreadcrumbList\",\"@id\":\"https:\\\/\\\/www.omcsae.com\\\/producto\\\/limpiador-concentrado-flash-power\\\/#breadcrumb\",\"itemListElement\":[{\"@type\":\"ListItem\",\"position\":1,\"name\":\"Portada\",\"item\":\"https:\\\/\\\/www.omcsae.com\\\/\"},{\"@type\":\"ListItem\",\"position\":2,\"name\":\"Productos\",\"item\":\"https:\\\/\\\/www.omcsae.com\\\/shop\\\/\"},{\"@type\":\"ListItem\",\"position\":3,\"name\":\"Limpiador Concentrado &#8211; Flash Power\"}]},{\"@type\":\"WebSite\",\"@id\":\"https:\\\/\\\/www.omcsae.com\\\/#website\",\"url\":\"https:\\\/\\\/www.omcsae.com\\\/\",\"name\":\"OMC sae\",\"description\":\"Distribuidor de maquinaria, consumibles y equipos para imprentas, artes gr\u00e1ficas\",\"publisher\":{\"@id\":\"https:\\\/\\\/www.omcsae.com\\\/#organization\"},\"potentialAction\":[{\"@type\":\"SearchAction\",\"target\":{\"@type\":\"EntryPoint\",\"urlTemplate\":\"https:\\\/\\\/www.omcsae.com\\\/?s={search_term_string}\"},\"query-input\":{\"@type\":\"PropertyValueSpecification\",\"valueRequired\":true,\"valueName\":\"search_term_string\"}}],\"inLanguage\":\"en-GB\"},{\"@type\":\"Organization\",\"@id\":\"https:\\\/\\\/www.omcsae.com\\\/#organization\",\"name\":\"OMC SAE: distribuidor de maquinaria, consumibles y equipos para imprentas\",\"url\":\"https:\\\/\\\/www.omcsae.com\\\/\",\"logo\":{\"@type\":\"ImageObject\",\"inLanguage\":\"en-GB\",\"@id\":\"https:\\\/\\\/www.omcsae.com\\\/#\\\/schema\\\/logo\\\/image\\\/\",\"url\":\"https:\\\/\\\/www.omcsae.com\\\/wp-content\\\/uploads\\\/2020\\\/09\\\/OMC_Logo-transparent-e1646645548126.png\",\"contentUrl\":\"https:\\\/\\\/www.omcsae.com\\\/wp-content\\\/uploads\\\/2020\\\/09\\\/OMC_Logo-transparent-e1646645548126.png\",\"width\":303,\"height\":351,\"caption\":\"OMC SAE: distribuidor de maquinaria, consumibles y equipos para imprentas\"},\"image\":{\"@id\":\"https:\\\/\\\/www.omcsae.com\\\/#\\\/schema\\\/logo\\\/image\\\/\"}}]}<\/script>\n<!-- \/ Yoast SEO plugin. -->","yoast_head_json":{"title":"Concentrated Cleaner - Flash Power | OMC SAE","description":"Find out more about Flash power cleaner concentrate in our graphic arts consumables catalogue.","robots":{"index":"index","follow":"follow","max-snippet":"max-snippet:-1","max-image-preview":"max-image-preview:large","max-video-preview":"max-video-preview:-1"},"canonical":"https:\/\/www.omcsae.com\/en\/products\/cleaner-concentrate-flash-power\/","og_locale":"en_GB","og_type":"article","og_title":"Limpiador Concentrado - Flash Power | OMC SAE","og_description":"Descubre m\u00e1s informaci\u00f3n sobre limpiador concentrado - Flash power en nuestro cat\u00e1logo de consumibles para \u00e1rtes gr\u00e1ficas.","og_url":"https:\/\/www.omcsae.com\/en\/products\/cleaner-concentrate-flash-power\/","og_site_name":"OMC sae","article_modified_time":"2022-02-08T08:52:16+00:00","og_image":[{"width":960,"height":591,"url":"https:\/\/www.omcsae.com\/wp-content\/uploads\/2021\/03\/Flash-Power.jpg","type":"image\/jpeg"}],"twitter_card":"summary_large_image","twitter_misc":{"Estimated reading time":"2 minutes"},"schema":{"@context":"https:\/\/schema.org","@graph":[{"@type":"WebPage","@id":"https:\/\/www.omcsae.com\/producto\/limpiador-concentrado-flash-power\/","url":"https:\/\/www.omcsae.com\/producto\/limpiador-concentrado-flash-power\/","name":"Concentrated Cleaner - Flash Power | OMC SAE","isPartOf":{"@id":"https:\/\/www.omcsae.com\/#website"},"primaryImageOfPage":{"@id":"https:\/\/www.omcsae.com\/producto\/limpiador-concentrado-flash-power\/#primaryimage"},"image":{"@id":"https:\/\/www.omcsae.com\/producto\/limpiador-concentrado-flash-power\/#primaryimage"},"thumbnailUrl":"https:\/\/www.omcsae.com\/wp-content\/uploads\/2021\/03\/Flash-Power.jpg","datePublished":"2021-03-18T20:08:50+00:00","dateModified":"2022-02-08T08:52:16+00:00","description":"Find out more about Flash power cleaner concentrate in our graphic arts consumables catalogue.","breadcrumb":{"@id":"https:\/\/www.omcsae.com\/producto\/limpiador-concentrado-flash-power\/#breadcrumb"},"inLanguage":"en-GB","potentialAction":[{"@type":"ReadAction","target":["https:\/\/www.omcsae.com\/producto\/limpiador-concentrado-flash-power\/"]}]},{"@type":"ImageObject","inLanguage":"en-GB","@id":"https:\/\/www.omcsae.com\/producto\/limpiador-concentrado-flash-power\/#primaryimage","url":"https:\/\/www.omcsae.com\/wp-content\/uploads\/2021\/03\/Flash-Power.jpg","contentUrl":"https:\/\/www.omcsae.com\/wp-content\/uploads\/2021\/03\/Flash-Power.jpg","width":960,"height":591,"caption":"Flash Power bote de limpiador concentrado"},{"@type":"BreadcrumbList","@id":"https:\/\/www.omcsae.com\/producto\/limpiador-concentrado-flash-power\/#breadcrumb","itemListElement":[{"@type":"ListItem","position":1,"name":"Portada","item":"https:\/\/www.omcsae.com\/"},{"@type":"ListItem","position":2,"name":"Productos","item":"https:\/\/www.omcsae.com\/shop\/"},{"@type":"ListItem","position":3,"name":"Limpiador Concentrado &#8211; Flash Power"}]},{"@type":"WebSite","@id":"https:\/\/www.omcsae.com\/#website","url":"https:\/\/www.omcsae.com\/","name":"OMC sae","description":"Distributor of machinery, consumables and equipment for printing, graphic arts","publisher":{"@id":"https:\/\/www.omcsae.com\/#organization"},"potentialAction":[{"@type":"SearchAction","target":{"@type":"EntryPoint","urlTemplate":"https:\/\/www.omcsae.com\/?s={search_term_string}"},"query-input":{"@type":"PropertyValueSpecification","valueRequired":true,"valueName":"search_term_string"}}],"inLanguage":"en-GB"},{"@type":"Organization","@id":"https:\/\/www.omcsae.com\/#organization","name":"OMC SAE: distributor of machinery, consumables and equipment for the printing industry","url":"https:\/\/www.omcsae.com\/","logo":{"@type":"ImageObject","inLanguage":"en-GB","@id":"https:\/\/www.omcsae.com\/#\/schema\/logo\/image\/","url":"https:\/\/www.omcsae.com\/wp-content\/uploads\/2020\/09\/OMC_Logo-transparent-e1646645548126.png","contentUrl":"https:\/\/www.omcsae.com\/wp-content\/uploads\/2020\/09\/OMC_Logo-transparent-e1646645548126.png","width":303,"height":351,"caption":"OMC SAE: distribuidor de maquinaria, consumibles y equipos para imprentas"},"image":{"@id":"https:\/\/www.omcsae.com\/#\/schema\/logo\/image\/"}}]}},"_links":{"self":[{"href":"https:\/\/www.omcsae.com\/en\/wp-json\/wp\/v2\/product\/2816","targetHints":{"allow":["GET"]}}],"collection":[{"href":"https:\/\/www.omcsae.com\/en\/wp-json\/wp\/v2\/product"}],"about":[{"href":"https:\/\/www.omcsae.com\/en\/wp-json\/wp\/v2\/types\/product"}],"wp:featuredmedia":[{"embeddable":true,"href":"https:\/\/www.omcsae.com\/en\/wp-json\/wp\/v2\/media\/3113"}],"wp:attachment":[{"href":"https:\/\/www.omcsae.com\/en\/wp-json\/wp\/v2\/media?parent=2816"}],"wp:term":[{"taxonomy":"product_cat","embeddable":true,"href":"https:\/\/www.omcsae.com\/en\/wp-json\/wp\/v2\/product_cat?post=2816"},{"taxonomy":"product_tag","embeddable":true,"href":"https:\/\/www.omcsae.com\/en\/wp-json\/wp\/v2\/product_tag?post=2816"}],"curies":[{"name":"wp","href":"https:\/\/api.w.org\/{rel}","templated":true}]}}