{"id":2818,"date":"2021-03-18T20:08:50","date_gmt":"2021-03-18T20:08:50","guid":{"rendered":"http:\/\/omcsae.com.mialias.net\/producto\/alzas-poliester-adhesivas-folex-folabase-h48-rb\/"},"modified":"2021-12-23T12:01:06","modified_gmt":"2021-12-23T12:01:06","slug":"adhesive-polyester-risers-folex-folabase-h48-rb","status":"publish","type":"product","link":"https:\/\/www.omcsae.com\/en\/products\/adhesive-polyester-risers-folex-folabase-h48-rb\/","title":{"rendered":"Adhesive polyester supers - Folex Folabase H48 RB"},"content":{"rendered":"","protected":false},"excerpt":{"rendered":"<p>Polyester-based self-adhesive lift sheets.<\/p>\n<p>By gluing sheets of the appropriate thickness you can increase the cylinder circumference at your convenience, while improving operability, especially with automatic plate changers.<\/p>\n<p>Polyester-based self-adhesive rise films with matt surface. The adhesive mix is identical to H 45. Matting prevents the rubber blanket from slipping in the printing process.<\/p>\n<p><strong>Advantage:<\/strong><\/p>\n<p>- reduction of bulging when using wetting water<br \/>\n- high thermostability of the adhesive up to 60 \u00b0 C<br \/>\n- reduced adhesion during assembly, allowing the possibility of correction<br \/>\n- good adhesive stability against cleaning agents<\/p>","protected":false},"featured_media":5775,"template":"","meta":[],"product_cat":[671,669],"product_tag":[],"class_list":{"0":"post-2818","1":"product","2":"type-product","3":"status-publish","4":"has-post-thumbnail","6":"product_cat-alzas","7":"product_cat-consumibles-graficos","8":"pa_marca-folex","9":"pa_sectores-etiquetas","10":"pa_sectores-impresion-comercial","11":"pa_sectores-packaging","13":"first","14":"instock","15":"product-type-simple"},"yoast_head":"<!-- This site is optimized with the Yoast SEO plugin v27.3 - https:\/\/yoast.com\/product\/yoast-seo-wordpress\/ -->\n<title>Alzas poli\u00e9ster adhesivas - Folex Folabase H48 RB | OMC SAE<\/title>\n<meta name=\"description\" content=\"Descubre nuestro cat\u00e1logo en Alzas para m\u00e1quinas de impresi\u00f3n, Consumibles Gr\u00e1ficos y artes gr\u00e1ficas. Consulta m\u00e1s sobre Alzas poli\u00e9ster adhesivas - Folex Folabase H48 RB en nuestra web OMC SAE.\" \/>\n<meta name=\"robots\" content=\"index, follow, max-snippet:-1, max-image-preview:large, max-video-preview:-1\" \/>\n<link rel=\"canonical\" href=\"https:\/\/www.omcsae.com\/en\/products\/adhesive-polyester-risers-folex-folabase-h48-rb\/\" \/>\n<meta property=\"og:locale\" content=\"en_GB\" \/>\n<meta property=\"og:type\" content=\"article\" \/>\n<meta property=\"og:title\" content=\"Alzas poli\u00e9ster adhesivas - Folex Folabase H48 RB | OMC SAE\" \/>\n<meta property=\"og:description\" content=\"Descubre nuestro cat\u00e1logo en Alzas para m\u00e1quinas de impresi\u00f3n, Consumibles Gr\u00e1ficos y artes gr\u00e1ficas. Consulta m\u00e1s sobre Alzas poli\u00e9ster adhesivas - Folex Folabase H48 RB en nuestra web OMC SAE.\" \/>\n<meta property=\"og:url\" content=\"https:\/\/www.omcsae.com\/en\/products\/adhesive-polyester-risers-folex-folabase-h48-rb\/\" \/>\n<meta property=\"og:site_name\" content=\"OMC sae\" \/>\n<meta property=\"article:modified_time\" content=\"2021-12-23T12:01:06+00:00\" \/>\n<meta property=\"og:image\" content=\"https:\/\/www.omcsae.com\/wp-content\/uploads\/2021\/03\/image_manager__auf_490_folabase_h48_0400.jpg\" \/>\n\t<meta property=\"og:image:width\" content=\"490\" \/>\n\t<meta property=\"og:image:height\" content=\"490\" \/>\n\t<meta property=\"og:image:type\" content=\"image\/jpeg\" \/>\n<meta name=\"twitter:card\" content=\"summary_large_image\" \/>\n<script type=\"application\/ld+json\" class=\"yoast-schema-graph\">{\"@context\":\"https:\\\/\\\/schema.org\",\"@graph\":[{\"@type\":\"WebPage\",\"@id\":\"https:\\\/\\\/www.omcsae.com\\\/producto\\\/alzas-poliester-adhesivas-folex-folabase-h48-rb\\\/\",\"url\":\"https:\\\/\\\/www.omcsae.com\\\/producto\\\/alzas-poliester-adhesivas-folex-folabase-h48-rb\\\/\",\"name\":\"Alzas poli\u00e9ster adhesivas - Folex Folabase H48 RB | OMC SAE\",\"isPartOf\":{\"@id\":\"https:\\\/\\\/www.omcsae.com\\\/#website\"},\"primaryImageOfPage\":{\"@id\":\"https:\\\/\\\/www.omcsae.com\\\/producto\\\/alzas-poliester-adhesivas-folex-folabase-h48-rb\\\/#primaryimage\"},\"image\":{\"@id\":\"https:\\\/\\\/www.omcsae.com\\\/producto\\\/alzas-poliester-adhesivas-folex-folabase-h48-rb\\\/#primaryimage\"},\"thumbnailUrl\":\"https:\\\/\\\/www.omcsae.com\\\/wp-content\\\/uploads\\\/2021\\\/03\\\/image_manager__auf_490_folabase_h48_0400.jpg\",\"datePublished\":\"2021-03-18T20:08:50+00:00\",\"dateModified\":\"2021-12-23T12:01:06+00:00\",\"description\":\"Descubre nuestro cat\u00e1logo en Alzas para m\u00e1quinas de impresi\u00f3n, Consumibles Gr\u00e1ficos y artes gr\u00e1ficas. Consulta m\u00e1s sobre Alzas poli\u00e9ster adhesivas - Folex Folabase H48 RB en nuestra web OMC SAE.\",\"breadcrumb\":{\"@id\":\"https:\\\/\\\/www.omcsae.com\\\/producto\\\/alzas-poliester-adhesivas-folex-folabase-h48-rb\\\/#breadcrumb\"},\"inLanguage\":\"en-GB\",\"potentialAction\":[{\"@type\":\"ReadAction\",\"target\":[\"https:\\\/\\\/www.omcsae.com\\\/producto\\\/alzas-poliester-adhesivas-folex-folabase-h48-rb\\\/\"]}]},{\"@type\":\"ImageObject\",\"inLanguage\":\"en-GB\",\"@id\":\"https:\\\/\\\/www.omcsae.com\\\/producto\\\/alzas-poliester-adhesivas-folex-folabase-h48-rb\\\/#primaryimage\",\"url\":\"https:\\\/\\\/www.omcsae.com\\\/wp-content\\\/uploads\\\/2021\\\/03\\\/image_manager__auf_490_folabase_h48_0400.jpg\",\"contentUrl\":\"https:\\\/\\\/www.omcsae.com\\\/wp-content\\\/uploads\\\/2021\\\/03\\\/image_manager__auf_490_folabase_h48_0400.jpg\",\"width\":490,\"height\":490},{\"@type\":\"BreadcrumbList\",\"@id\":\"https:\\\/\\\/www.omcsae.com\\\/producto\\\/alzas-poliester-adhesivas-folex-folabase-h48-rb\\\/#breadcrumb\",\"itemListElement\":[{\"@type\":\"ListItem\",\"position\":1,\"name\":\"Portada\",\"item\":\"https:\\\/\\\/www.omcsae.com\\\/\"},{\"@type\":\"ListItem\",\"position\":2,\"name\":\"Productos\",\"item\":\"https:\\\/\\\/www.omcsae.com\\\/shop\\\/\"},{\"@type\":\"ListItem\",\"position\":3,\"name\":\"Alzas poli\u00e9ster adhesivas &#8211; Folex Folabase H48 RB\"}]},{\"@type\":\"WebSite\",\"@id\":\"https:\\\/\\\/www.omcsae.com\\\/#website\",\"url\":\"https:\\\/\\\/www.omcsae.com\\\/\",\"name\":\"OMC sae\",\"description\":\"Distribuidor de maquinaria, consumibles y equipos para imprentas, artes gr\u00e1ficas\",\"publisher\":{\"@id\":\"https:\\\/\\\/www.omcsae.com\\\/#organization\"},\"potentialAction\":[{\"@type\":\"SearchAction\",\"target\":{\"@type\":\"EntryPoint\",\"urlTemplate\":\"https:\\\/\\\/www.omcsae.com\\\/?s={search_term_string}\"},\"query-input\":{\"@type\":\"PropertyValueSpecification\",\"valueRequired\":true,\"valueName\":\"search_term_string\"}}],\"inLanguage\":\"en-GB\"},{\"@type\":\"Organization\",\"@id\":\"https:\\\/\\\/www.omcsae.com\\\/#organization\",\"name\":\"OMC SAE: distribuidor de maquinaria, consumibles y equipos para imprentas\",\"url\":\"https:\\\/\\\/www.omcsae.com\\\/\",\"logo\":{\"@type\":\"ImageObject\",\"inLanguage\":\"en-GB\",\"@id\":\"https:\\\/\\\/www.omcsae.com\\\/#\\\/schema\\\/logo\\\/image\\\/\",\"url\":\"https:\\\/\\\/www.omcsae.com\\\/wp-content\\\/uploads\\\/2020\\\/09\\\/OMC_Logo-transparent-e1646645548126.png\",\"contentUrl\":\"https:\\\/\\\/www.omcsae.com\\\/wp-content\\\/uploads\\\/2020\\\/09\\\/OMC_Logo-transparent-e1646645548126.png\",\"width\":303,\"height\":351,\"caption\":\"OMC SAE: distribuidor de maquinaria, consumibles y equipos para imprentas\"},\"image\":{\"@id\":\"https:\\\/\\\/www.omcsae.com\\\/#\\\/schema\\\/logo\\\/image\\\/\"}}]}<\/script>\n<!-- \/ Yoast SEO plugin. -->","yoast_head_json":{"title":"Adhesive polyester risers - Folex Folabase H48 RB | OMC SAE","description":"Discover our catalog in Raises for printing machines, Graphic consumables and graphic arts. Consult more about Adhesive polyester risers - Folex Folabase H48 RB on our OMC SAE website.","robots":{"index":"index","follow":"follow","max-snippet":"max-snippet:-1","max-image-preview":"max-image-preview:large","max-video-preview":"max-video-preview:-1"},"canonical":"https:\/\/www.omcsae.com\/en\/products\/adhesive-polyester-risers-folex-folabase-h48-rb\/","og_locale":"en_GB","og_type":"article","og_title":"Alzas poli\u00e9ster adhesivas - Folex Folabase H48 RB | OMC SAE","og_description":"Descubre nuestro cat\u00e1logo en Alzas para m\u00e1quinas de impresi\u00f3n, Consumibles Gr\u00e1ficos y artes gr\u00e1ficas. Consulta m\u00e1s sobre Alzas poli\u00e9ster adhesivas - Folex Folabase H48 RB en nuestra web OMC SAE.","og_url":"https:\/\/www.omcsae.com\/en\/products\/adhesive-polyester-risers-folex-folabase-h48-rb\/","og_site_name":"OMC sae","article_modified_time":"2021-12-23T12:01:06+00:00","og_image":[{"width":490,"height":490,"url":"https:\/\/www.omcsae.com\/wp-content\/uploads\/2021\/03\/image_manager__auf_490_folabase_h48_0400.jpg","type":"image\/jpeg"}],"twitter_card":"summary_large_image","schema":{"@context":"https:\/\/schema.org","@graph":[{"@type":"WebPage","@id":"https:\/\/www.omcsae.com\/producto\/alzas-poliester-adhesivas-folex-folabase-h48-rb\/","url":"https:\/\/www.omcsae.com\/producto\/alzas-poliester-adhesivas-folex-folabase-h48-rb\/","name":"Adhesive polyester risers - Folex Folabase H48 RB | OMC SAE","isPartOf":{"@id":"https:\/\/www.omcsae.com\/#website"},"primaryImageOfPage":{"@id":"https:\/\/www.omcsae.com\/producto\/alzas-poliester-adhesivas-folex-folabase-h48-rb\/#primaryimage"},"image":{"@id":"https:\/\/www.omcsae.com\/producto\/alzas-poliester-adhesivas-folex-folabase-h48-rb\/#primaryimage"},"thumbnailUrl":"https:\/\/www.omcsae.com\/wp-content\/uploads\/2021\/03\/image_manager__auf_490_folabase_h48_0400.jpg","datePublished":"2021-03-18T20:08:50+00:00","dateModified":"2021-12-23T12:01:06+00:00","description":"Discover our catalog in Raises for printing machines, Graphic consumables and graphic arts. Consult more about Adhesive polyester risers - Folex Folabase H48 RB on our OMC SAE website.","breadcrumb":{"@id":"https:\/\/www.omcsae.com\/producto\/alzas-poliester-adhesivas-folex-folabase-h48-rb\/#breadcrumb"},"inLanguage":"en-GB","potentialAction":[{"@type":"ReadAction","target":["https:\/\/www.omcsae.com\/producto\/alzas-poliester-adhesivas-folex-folabase-h48-rb\/"]}]},{"@type":"ImageObject","inLanguage":"en-GB","@id":"https:\/\/www.omcsae.com\/producto\/alzas-poliester-adhesivas-folex-folabase-h48-rb\/#primaryimage","url":"https:\/\/www.omcsae.com\/wp-content\/uploads\/2021\/03\/image_manager__auf_490_folabase_h48_0400.jpg","contentUrl":"https:\/\/www.omcsae.com\/wp-content\/uploads\/2021\/03\/image_manager__auf_490_folabase_h48_0400.jpg","width":490,"height":490},{"@type":"BreadcrumbList","@id":"https:\/\/www.omcsae.com\/producto\/alzas-poliester-adhesivas-folex-folabase-h48-rb\/#breadcrumb","itemListElement":[{"@type":"ListItem","position":1,"name":"Portada","item":"https:\/\/www.omcsae.com\/"},{"@type":"ListItem","position":2,"name":"Productos","item":"https:\/\/www.omcsae.com\/shop\/"},{"@type":"ListItem","position":3,"name":"Alzas poli\u00e9ster adhesivas &#8211; Folex Folabase H48 RB"}]},{"@type":"WebSite","@id":"https:\/\/www.omcsae.com\/#website","url":"https:\/\/www.omcsae.com\/","name":"OMC sae","description":"Distributor of machinery, consumables and equipment for printing, graphic arts","publisher":{"@id":"https:\/\/www.omcsae.com\/#organization"},"potentialAction":[{"@type":"SearchAction","target":{"@type":"EntryPoint","urlTemplate":"https:\/\/www.omcsae.com\/?s={search_term_string}"},"query-input":{"@type":"PropertyValueSpecification","valueRequired":true,"valueName":"search_term_string"}}],"inLanguage":"en-GB"},{"@type":"Organization","@id":"https:\/\/www.omcsae.com\/#organization","name":"OMC SAE: distributor of machinery, consumables and equipment for the printing industry","url":"https:\/\/www.omcsae.com\/","logo":{"@type":"ImageObject","inLanguage":"en-GB","@id":"https:\/\/www.omcsae.com\/#\/schema\/logo\/image\/","url":"https:\/\/www.omcsae.com\/wp-content\/uploads\/2020\/09\/OMC_Logo-transparent-e1646645548126.png","contentUrl":"https:\/\/www.omcsae.com\/wp-content\/uploads\/2020\/09\/OMC_Logo-transparent-e1646645548126.png","width":303,"height":351,"caption":"OMC SAE: distribuidor de maquinaria, consumibles y equipos para imprentas"},"image":{"@id":"https:\/\/www.omcsae.com\/#\/schema\/logo\/image\/"}}]}},"_links":{"self":[{"href":"https:\/\/www.omcsae.com\/en\/wp-json\/wp\/v2\/product\/2818","targetHints":{"allow":["GET"]}}],"collection":[{"href":"https:\/\/www.omcsae.com\/en\/wp-json\/wp\/v2\/product"}],"about":[{"href":"https:\/\/www.omcsae.com\/en\/wp-json\/wp\/v2\/types\/product"}],"wp:featuredmedia":[{"embeddable":true,"href":"https:\/\/www.omcsae.com\/en\/wp-json\/wp\/v2\/media\/5775"}],"wp:attachment":[{"href":"https:\/\/www.omcsae.com\/en\/wp-json\/wp\/v2\/media?parent=2818"}],"wp:term":[{"taxonomy":"product_cat","embeddable":true,"href":"https:\/\/www.omcsae.com\/en\/wp-json\/wp\/v2\/product_cat?post=2818"},{"taxonomy":"product_tag","embeddable":true,"href":"https:\/\/www.omcsae.com\/en\/wp-json\/wp\/v2\/product_tag?post=2818"}],"curies":[{"name":"wp","href":"https:\/\/api.w.org\/{rel}","templated":true}]}}