{"id":2820,"date":"2021-03-18T20:08:50","date_gmt":"2021-03-18T20:08:50","guid":{"rendered":"http:\/\/omcsae.com.mialias.net\/producto\/maquina-impresion-offset-hoja-komori-gl29\/"},"modified":"2023-02-13T10:21:48","modified_gmt":"2023-02-13T10:21:48","slug":"sheet-offset-printing-machine-komori-gl29","status":"publish","type":"product","link":"https:\/\/www.omcsae.com\/en\/products\/sheet-offset-printing-machine-komori-gl29\/","title":{"rendered":"Sheetfed offset printing machine \u2013 Komori LITHRONE G29"},"content":{"rendered":"<p>Up to 16,500 sheets per hour print speed with superb high speed stability even on heavy media. Thereby ensuring the high print quality that represents a perfect match for UV printing *, a growing demand. In addition to being equipped with the latest automated systems and devices, the machine offers a short make-ready and reduced total production time while flexibly meeting the demand for a high value-added printing range.<\/p>\n<p>In mature markets, the Lithrone G26 \/ G29 reduces job lead times and paper waste, creating added value; aspects that are directly related to the benefit of the client. This extraordinary value makes the Lithrone G26 \/ G29 the strategic partner for the next phase of the business.<\/p>\n<p>The fully automatic Full-APC plate change enables four plates to be changed in approximately 2 minutes and 30 seconds. Also, the cleaning of blankets and the cleaning of the impression cylinder and the ink roller are carried out fully automatically at the touch of a button.<\/p>\n<p>The Lithrone G26 \/ G29 features Komori&#039;s OffsetOnDemand technology that meets the ever-growing needs for short runs and fast deliveries, shortening setup time, reducing paper waste and reducing the printing process to an absolute minimum. while maintaining the high print quality and productivity of offset printing.<\/p>","protected":false},"excerpt":{"rendered":"<p><img loading=\"lazy\" decoding=\"async\" class=\"size-medium wp-image-6529 aligncenter\" src=\"https:\/\/www.omcsae.com\/wp-content\/uploads\/2021\/03\/GL29_gray-300x28.png\" alt=\"\" width=\"300\" height=\"28\" srcset=\"https:\/\/www.omcsae.com\/wp-content\/uploads\/2021\/03\/GL29_gray-300x28.png 300w, https:\/\/www.omcsae.com\/wp-content\/uploads\/2021\/03\/GL29_gray-600x57.png 600w, https:\/\/www.omcsae.com\/wp-content\/uploads\/2021\/03\/GL29_gray-1024x97.png 1024w, https:\/\/www.omcsae.com\/wp-content\/uploads\/2021\/03\/GL29_gray-768x73.png 768w, https:\/\/www.omcsae.com\/wp-content\/uploads\/2021\/03\/GL29_gray-1536x146.png 1536w, https:\/\/www.omcsae.com\/wp-content\/uploads\/2021\/03\/GL29_gray-2048x194.png 2048w, https:\/\/www.omcsae.com\/wp-content\/uploads\/2021\/03\/GL29_gray-18x2.png 18w\" sizes=\"auto, (max-width: 300px) 100vw, 300px\" \/><\/p>\n<p>Komori continually looks for new possibilities in printing. Now reborn with the Lithrone G series, the machine that will conquer the world with its high performance. The offset press that meets the complex printing needs of the next generation. The newly developed Lithrone G26 \/ G29 sheet fed offset machine.<\/p>\n<p>Packed with advanced features combining exceptional technology and Komori know-how, this machine offers exceptional print quality and productivity, ease of use, ease of maintenance, and environmental considerations such as energy and material savings.<\/p>","protected":false},"featured_media":6871,"template":"","meta":[],"product_cat":[672,673],"product_tag":[],"class_list":{"0":"post-2820","1":"product","2":"type-product","3":"status-publish","4":"has-post-thumbnail","6":"product_cat-impresion","7":"product_cat-offset","8":"pa_marca-komori","9":"pa_sectores-impresion-comercial","11":"first","12":"instock","13":"product-type-simple"},"yoast_head":"<!-- This site is optimized with the Yoast SEO plugin v27.4 - https:\/\/yoast.com\/product\/yoast-seo-wordpress\/ -->\n<title>M\u00e1quina impresi\u00f3n offset hoja Komori GL29 | OMC SAE<\/title>\n<meta name=\"description\" content=\"Descubre nuestro cat\u00e1logo en Offset para m\u00e1quinas de impresi\u00f3n, Impresi\u00f3n y artes gr\u00e1ficas. Consulta m\u00e1s sobre M\u00e1quina impresi\u00f3n offset hoja Komori GL29 en nuestra web OMC SAE.\" \/>\n<meta name=\"robots\" content=\"index, follow, max-snippet:-1, max-image-preview:large, max-video-preview:-1\" \/>\n<link rel=\"canonical\" href=\"https:\/\/www.omcsae.com\/en\/products\/sheet-offset-printing-machine-komori-gl29\/\" \/>\n<meta property=\"og:locale\" content=\"en_GB\" \/>\n<meta property=\"og:type\" content=\"article\" \/>\n<meta property=\"og:title\" content=\"M\u00e1quina impresi\u00f3n offset hoja Komori GL29 | OMC SAE\" \/>\n<meta property=\"og:description\" content=\"Descubre nuestro cat\u00e1logo en Offset para m\u00e1quinas de impresi\u00f3n, Impresi\u00f3n y artes gr\u00e1ficas. Consulta m\u00e1s sobre M\u00e1quina impresi\u00f3n offset hoja Komori GL29 en nuestra web OMC SAE.\" \/>\n<meta property=\"og:url\" content=\"https:\/\/www.omcsae.com\/en\/products\/sheet-offset-printing-machine-komori-gl29\/\" \/>\n<meta property=\"og:site_name\" content=\"OMC sae\" \/>\n<meta property=\"article:modified_time\" content=\"2023-02-13T10:21:48+00:00\" \/>\n<meta property=\"og:image\" content=\"https:\/\/www.omcsae.com\/wp-content\/uploads\/2021\/03\/GL-629C_Del.png\" \/>\n\t<meta property=\"og:image:width\" content=\"2560\" \/>\n\t<meta property=\"og:image:height\" content=\"2560\" \/>\n\t<meta property=\"og:image:type\" content=\"image\/png\" \/>\n<meta name=\"twitter:card\" content=\"summary_large_image\" \/>\n<meta name=\"twitter:label1\" content=\"Estimated reading time\" \/>\n\t<meta name=\"twitter:data1\" content=\"1 minute\" \/>\n<script type=\"application\/ld+json\" class=\"yoast-schema-graph\">{\"@context\":\"https:\\\/\\\/schema.org\",\"@graph\":[{\"@type\":\"WebPage\",\"@id\":\"https:\\\/\\\/www.omcsae.com\\\/producto\\\/maquina-impresion-offset-hoja-komori-gl29\\\/\",\"url\":\"https:\\\/\\\/www.omcsae.com\\\/producto\\\/maquina-impresion-offset-hoja-komori-gl29\\\/\",\"name\":\"M\u00e1quina impresi\u00f3n offset hoja Komori GL29 | OMC SAE\",\"isPartOf\":{\"@id\":\"https:\\\/\\\/www.omcsae.com\\\/#website\"},\"primaryImageOfPage\":{\"@id\":\"https:\\\/\\\/www.omcsae.com\\\/producto\\\/maquina-impresion-offset-hoja-komori-gl29\\\/#primaryimage\"},\"image\":{\"@id\":\"https:\\\/\\\/www.omcsae.com\\\/producto\\\/maquina-impresion-offset-hoja-komori-gl29\\\/#primaryimage\"},\"thumbnailUrl\":\"https:\\\/\\\/www.omcsae.com\\\/wp-content\\\/uploads\\\/2021\\\/03\\\/GL-629C_Del.png\",\"datePublished\":\"2021-03-18T20:08:50+00:00\",\"dateModified\":\"2023-02-13T10:21:48+00:00\",\"description\":\"Descubre nuestro cat\u00e1logo en Offset para m\u00e1quinas de impresi\u00f3n, Impresi\u00f3n y artes gr\u00e1ficas. Consulta m\u00e1s sobre M\u00e1quina impresi\u00f3n offset hoja Komori GL29 en nuestra web OMC SAE.\",\"breadcrumb\":{\"@id\":\"https:\\\/\\\/www.omcsae.com\\\/producto\\\/maquina-impresion-offset-hoja-komori-gl29\\\/#breadcrumb\"},\"inLanguage\":\"en-GB\",\"potentialAction\":[{\"@type\":\"ReadAction\",\"target\":[\"https:\\\/\\\/www.omcsae.com\\\/producto\\\/maquina-impresion-offset-hoja-komori-gl29\\\/\"]}]},{\"@type\":\"ImageObject\",\"inLanguage\":\"en-GB\",\"@id\":\"https:\\\/\\\/www.omcsae.com\\\/producto\\\/maquina-impresion-offset-hoja-komori-gl29\\\/#primaryimage\",\"url\":\"https:\\\/\\\/www.omcsae.com\\\/wp-content\\\/uploads\\\/2021\\\/03\\\/GL-629C_Del.png\",\"contentUrl\":\"https:\\\/\\\/www.omcsae.com\\\/wp-content\\\/uploads\\\/2021\\\/03\\\/GL-629C_Del.png\",\"width\":2560,\"height\":2560},{\"@type\":\"BreadcrumbList\",\"@id\":\"https:\\\/\\\/www.omcsae.com\\\/producto\\\/maquina-impresion-offset-hoja-komori-gl29\\\/#breadcrumb\",\"itemListElement\":[{\"@type\":\"ListItem\",\"position\":1,\"name\":\"Portada\",\"item\":\"https:\\\/\\\/www.omcsae.com\\\/\"},{\"@type\":\"ListItem\",\"position\":2,\"name\":\"Productos\",\"item\":\"https:\\\/\\\/www.omcsae.com\\\/shop\\\/\"},{\"@type\":\"ListItem\",\"position\":3,\"name\":\"M\u00e1quina impresi\u00f3n offset hoja &#8211; Komori LITHRONE G29\"}]},{\"@type\":\"WebSite\",\"@id\":\"https:\\\/\\\/www.omcsae.com\\\/#website\",\"url\":\"https:\\\/\\\/www.omcsae.com\\\/\",\"name\":\"OMC sae\",\"description\":\"Distribuidor de maquinaria, consumibles y equipos para imprentas, artes gr\u00e1ficas\",\"publisher\":{\"@id\":\"https:\\\/\\\/www.omcsae.com\\\/#organization\"},\"potentialAction\":[{\"@type\":\"SearchAction\",\"target\":{\"@type\":\"EntryPoint\",\"urlTemplate\":\"https:\\\/\\\/www.omcsae.com\\\/?s={search_term_string}\"},\"query-input\":{\"@type\":\"PropertyValueSpecification\",\"valueRequired\":true,\"valueName\":\"search_term_string\"}}],\"inLanguage\":\"en-GB\"},{\"@type\":\"Organization\",\"@id\":\"https:\\\/\\\/www.omcsae.com\\\/#organization\",\"name\":\"OMC SAE: distribuidor de maquinaria, consumibles y equipos para imprentas\",\"url\":\"https:\\\/\\\/www.omcsae.com\\\/\",\"logo\":{\"@type\":\"ImageObject\",\"inLanguage\":\"en-GB\",\"@id\":\"https:\\\/\\\/www.omcsae.com\\\/#\\\/schema\\\/logo\\\/image\\\/\",\"url\":\"https:\\\/\\\/www.omcsae.com\\\/wp-content\\\/uploads\\\/2020\\\/09\\\/OMC_Logo-transparent-e1646645548126.png\",\"contentUrl\":\"https:\\\/\\\/www.omcsae.com\\\/wp-content\\\/uploads\\\/2020\\\/09\\\/OMC_Logo-transparent-e1646645548126.png\",\"width\":303,\"height\":351,\"caption\":\"OMC SAE: distribuidor de maquinaria, consumibles y equipos para imprentas\"},\"image\":{\"@id\":\"https:\\\/\\\/www.omcsae.com\\\/#\\\/schema\\\/logo\\\/image\\\/\"}}]}<\/script>\n<!-- \/ Yoast SEO plugin. -->","yoast_head_json":{"title":"Komori GL29 sheet offset printing machine | OMC SAE","description":"Discover our catalog in Offset for printing machines, Printing and graphic arts. Consult more about Komori GL29 sheet offset printing machine on our OMC SAE website.","robots":{"index":"index","follow":"follow","max-snippet":"max-snippet:-1","max-image-preview":"max-image-preview:large","max-video-preview":"max-video-preview:-1"},"canonical":"https:\/\/www.omcsae.com\/en\/products\/sheet-offset-printing-machine-komori-gl29\/","og_locale":"en_GB","og_type":"article","og_title":"M\u00e1quina impresi\u00f3n offset hoja Komori GL29 | OMC SAE","og_description":"Descubre nuestro cat\u00e1logo en Offset para m\u00e1quinas de impresi\u00f3n, Impresi\u00f3n y artes gr\u00e1ficas. Consulta m\u00e1s sobre M\u00e1quina impresi\u00f3n offset hoja Komori GL29 en nuestra web OMC SAE.","og_url":"https:\/\/www.omcsae.com\/en\/products\/sheet-offset-printing-machine-komori-gl29\/","og_site_name":"OMC sae","article_modified_time":"2023-02-13T10:21:48+00:00","og_image":[{"width":2560,"height":2560,"url":"https:\/\/www.omcsae.com\/wp-content\/uploads\/2021\/03\/GL-629C_Del.png","type":"image\/png"}],"twitter_card":"summary_large_image","twitter_misc":{"Estimated reading time":"1 minute"},"schema":{"@context":"https:\/\/schema.org","@graph":[{"@type":"WebPage","@id":"https:\/\/www.omcsae.com\/producto\/maquina-impresion-offset-hoja-komori-gl29\/","url":"https:\/\/www.omcsae.com\/producto\/maquina-impresion-offset-hoja-komori-gl29\/","name":"Komori GL29 sheet offset printing machine | OMC SAE","isPartOf":{"@id":"https:\/\/www.omcsae.com\/#website"},"primaryImageOfPage":{"@id":"https:\/\/www.omcsae.com\/producto\/maquina-impresion-offset-hoja-komori-gl29\/#primaryimage"},"image":{"@id":"https:\/\/www.omcsae.com\/producto\/maquina-impresion-offset-hoja-komori-gl29\/#primaryimage"},"thumbnailUrl":"https:\/\/www.omcsae.com\/wp-content\/uploads\/2021\/03\/GL-629C_Del.png","datePublished":"2021-03-18T20:08:50+00:00","dateModified":"2023-02-13T10:21:48+00:00","description":"Discover our catalog in Offset for printing machines, Printing and graphic arts. Consult more about Komori GL29 sheet offset printing machine on our OMC SAE website.","breadcrumb":{"@id":"https:\/\/www.omcsae.com\/producto\/maquina-impresion-offset-hoja-komori-gl29\/#breadcrumb"},"inLanguage":"en-GB","potentialAction":[{"@type":"ReadAction","target":["https:\/\/www.omcsae.com\/producto\/maquina-impresion-offset-hoja-komori-gl29\/"]}]},{"@type":"ImageObject","inLanguage":"en-GB","@id":"https:\/\/www.omcsae.com\/producto\/maquina-impresion-offset-hoja-komori-gl29\/#primaryimage","url":"https:\/\/www.omcsae.com\/wp-content\/uploads\/2021\/03\/GL-629C_Del.png","contentUrl":"https:\/\/www.omcsae.com\/wp-content\/uploads\/2021\/03\/GL-629C_Del.png","width":2560,"height":2560},{"@type":"BreadcrumbList","@id":"https:\/\/www.omcsae.com\/producto\/maquina-impresion-offset-hoja-komori-gl29\/#breadcrumb","itemListElement":[{"@type":"ListItem","position":1,"name":"Portada","item":"https:\/\/www.omcsae.com\/"},{"@type":"ListItem","position":2,"name":"Productos","item":"https:\/\/www.omcsae.com\/shop\/"},{"@type":"ListItem","position":3,"name":"M\u00e1quina impresi\u00f3n offset hoja &#8211; Komori LITHRONE G29"}]},{"@type":"WebSite","@id":"https:\/\/www.omcsae.com\/#website","url":"https:\/\/www.omcsae.com\/","name":"OMC sae","description":"Distributor of machinery, consumables and equipment for printing, graphic arts","publisher":{"@id":"https:\/\/www.omcsae.com\/#organization"},"potentialAction":[{"@type":"SearchAction","target":{"@type":"EntryPoint","urlTemplate":"https:\/\/www.omcsae.com\/?s={search_term_string}"},"query-input":{"@type":"PropertyValueSpecification","valueRequired":true,"valueName":"search_term_string"}}],"inLanguage":"en-GB"},{"@type":"Organization","@id":"https:\/\/www.omcsae.com\/#organization","name":"OMC SAE: distributor of machinery, consumables and equipment for the printing industry","url":"https:\/\/www.omcsae.com\/","logo":{"@type":"ImageObject","inLanguage":"en-GB","@id":"https:\/\/www.omcsae.com\/#\/schema\/logo\/image\/","url":"https:\/\/www.omcsae.com\/wp-content\/uploads\/2020\/09\/OMC_Logo-transparent-e1646645548126.png","contentUrl":"https:\/\/www.omcsae.com\/wp-content\/uploads\/2020\/09\/OMC_Logo-transparent-e1646645548126.png","width":303,"height":351,"caption":"OMC SAE: distribuidor de maquinaria, consumibles y equipos para imprentas"},"image":{"@id":"https:\/\/www.omcsae.com\/#\/schema\/logo\/image\/"}}]}},"_links":{"self":[{"href":"https:\/\/www.omcsae.com\/en\/wp-json\/wp\/v2\/product\/2820","targetHints":{"allow":["GET"]}}],"collection":[{"href":"https:\/\/www.omcsae.com\/en\/wp-json\/wp\/v2\/product"}],"about":[{"href":"https:\/\/www.omcsae.com\/en\/wp-json\/wp\/v2\/types\/product"}],"wp:featuredmedia":[{"embeddable":true,"href":"https:\/\/www.omcsae.com\/en\/wp-json\/wp\/v2\/media\/6871"}],"wp:attachment":[{"href":"https:\/\/www.omcsae.com\/en\/wp-json\/wp\/v2\/media?parent=2820"}],"wp:term":[{"taxonomy":"product_cat","embeddable":true,"href":"https:\/\/www.omcsae.com\/en\/wp-json\/wp\/v2\/product_cat?post=2820"},{"taxonomy":"product_tag","embeddable":true,"href":"https:\/\/www.omcsae.com\/en\/wp-json\/wp\/v2\/product_tag?post=2820"}],"curies":[{"name":"wp","href":"https:\/\/api.w.org\/{rel}","templated":true}]}}