{"id":2821,"date":"2021-03-18T20:08:50","date_gmt":"2021-03-18T20:08:50","guid":{"rendered":"http:\/\/omcsae.com.mialias.net\/producto\/maquina-impresion-offset-bobina-komori-38s\/"},"modified":"2023-02-13T10:24:14","modified_gmt":"2023-02-13T10:24:14","slug":"offset-printing-machine-coil-komori-38s-2","status":"publish","type":"product","link":"https:\/\/www.omcsae.com\/en\/products\/offset-printing-machine-coil-komori-38s-2\/","title":{"rendered":"Coil Offset Printing Machine \u2013 Komori SYSTEM 38S"},"content":{"rendered":"<p>Cost effectiveness<\/p>\n<p>Komori&#039;s philosophy is based on a strategic theme:<\/p>\n<p>&quot;Eliminate wasted work, time and paper, standardize all processes and generate new value.&quot;<\/p>\n<p>Komori has mobilized all its technology to solve these problems, developing the System 38S. Fast job changes through its unique unique make-ready, KHS controlled one-pass registration adjustment, color matching, and folding adjustment.<\/p>\n<p>Quality<\/p>\n<p>Komori combined technologies ensure unsurpassed reproduction to easily meet customer print quality requirements.<\/p>\n<p>The printing units incorporate Komori&#039;s KHS-AI philosophy, providing ample maintenance space and a full margin of space between the lower units for exceptional ease of handling. It offers the optimal balance between complete ink distribution and minimal water volume, resulting in excellent dot reproduction.<\/p>\n<p>Productivity<\/p>\n<p>Komori&#039;s innovative technologies substantially increase productivity. Komori System 38S is capable of a complete job change in less than seven minutes. To achieve these exceptionally short setup times, Komori has upgraded automation systems and implemented parallel control of simultaneous changeover processes. Plus, Full-APC automatically changes all eight plates in less than two minutes.<\/p>","protected":false},"excerpt":{"rendered":"<p><img loading=\"lazy\" decoding=\"async\" class=\"size-medium wp-image-6531 aligncenter\" src=\"https:\/\/www.omcsae.com\/wp-content\/uploads\/2021\/03\/System38S_gray-300x48.png\" alt=\"\" width=\"300\" height=\"48\" srcset=\"https:\/\/www.omcsae.com\/wp-content\/uploads\/2021\/03\/System38S_gray-300x48.png 300w, https:\/\/www.omcsae.com\/wp-content\/uploads\/2021\/03\/System38S_gray-600x96.png 600w, https:\/\/www.omcsae.com\/wp-content\/uploads\/2021\/03\/System38S_gray-18x3.png 18w, https:\/\/www.omcsae.com\/wp-content\/uploads\/2021\/03\/System38S_gray.png 688w\" sizes=\"auto, (max-width: 300px) 100vw, 300px\" \/>The industry requires a new generation machine to satisfy a wide set of needs; Consistent quality at maximum operating speed, exceptional productivity, improved cost-performance ratio and minimized effects on the environment. Komori has focused all its technological resources on the development of the System 38S, the 16-page offset press that sets new standards on a global scale.<\/p>\n<p>Komori System 38S provides excellent quality thanks to a single diameter design, with a total job turnaround time of less than 7 minutes and a maximum print speed of 60,000 iph.<\/p>","protected":false},"featured_media":6872,"template":"","meta":[],"product_cat":[672,673],"product_tag":[],"class_list":{"0":"post-2821","1":"product","2":"type-product","3":"status-publish","4":"has-post-thumbnail","6":"product_cat-impresion","7":"product_cat-offset","8":"pa_marca-komori","9":"pa_sectores-impresion-comercial","11":"first","12":"instock","13":"product-type-simple"},"yoast_head":"<!-- This site is optimized with the Yoast SEO plugin v27.4 - https:\/\/yoast.com\/product\/yoast-seo-wordpress\/ -->\n<title>M\u00e1quina Impresi\u00f3n Offset Bobina - Komori 38S | OMC SAE<\/title>\n<meta name=\"description\" content=\"Descubre nuestro cat\u00e1logo en Offset para m\u00e1quinas de impresi\u00f3n, Impresi\u00f3n y artes gr\u00e1ficas. Consulta m\u00e1s sobre M\u00e1quina Impresi\u00f3n Offset Bobina - Komori 38S en nuestra web OMC SAE.\" \/>\n<meta name=\"robots\" content=\"index, follow, max-snippet:-1, max-image-preview:large, max-video-preview:-1\" \/>\n<link rel=\"canonical\" href=\"https:\/\/www.omcsae.com\/en\/products\/offset-printing-machine-coil-komori-38s-2\/\" \/>\n<meta property=\"og:locale\" content=\"en_GB\" \/>\n<meta property=\"og:type\" content=\"article\" \/>\n<meta property=\"og:title\" content=\"M\u00e1quina Impresi\u00f3n Offset Bobina - Komori 38S | OMC SAE\" \/>\n<meta property=\"og:description\" content=\"Descubre nuestro cat\u00e1logo en Offset para m\u00e1quinas de impresi\u00f3n, Impresi\u00f3n y artes gr\u00e1ficas. Consulta m\u00e1s sobre M\u00e1quina Impresi\u00f3n Offset Bobina - Komori 38S en nuestra web OMC SAE.\" \/>\n<meta property=\"og:url\" content=\"https:\/\/www.omcsae.com\/en\/products\/offset-printing-machine-coil-komori-38s-2\/\" \/>\n<meta property=\"og:site_name\" content=\"OMC sae\" \/>\n<meta property=\"article:modified_time\" content=\"2023-02-13T10:24:14+00:00\" \/>\n<meta property=\"og:image\" content=\"https:\/\/www.omcsae.com\/wp-content\/uploads\/2021\/03\/38S-1.png\" \/>\n\t<meta property=\"og:image:width\" content=\"1330\" \/>\n\t<meta property=\"og:image:height\" content=\"1330\" \/>\n\t<meta property=\"og:image:type\" content=\"image\/png\" \/>\n<meta name=\"twitter:card\" content=\"summary_large_image\" \/>\n<meta name=\"twitter:label1\" content=\"Estimated reading time\" \/>\n\t<meta name=\"twitter:data1\" content=\"1 minute\" \/>\n<script type=\"application\/ld+json\" class=\"yoast-schema-graph\">{\"@context\":\"https:\\\/\\\/schema.org\",\"@graph\":[{\"@type\":\"WebPage\",\"@id\":\"https:\\\/\\\/www.omcsae.com\\\/producto\\\/maquina-impresion-offset-bobina-komori-38s\\\/\",\"url\":\"https:\\\/\\\/www.omcsae.com\\\/producto\\\/maquina-impresion-offset-bobina-komori-38s\\\/\",\"name\":\"M\u00e1quina Impresi\u00f3n Offset Bobina - Komori 38S | OMC SAE\",\"isPartOf\":{\"@id\":\"https:\\\/\\\/www.omcsae.com\\\/#website\"},\"primaryImageOfPage\":{\"@id\":\"https:\\\/\\\/www.omcsae.com\\\/producto\\\/maquina-impresion-offset-bobina-komori-38s\\\/#primaryimage\"},\"image\":{\"@id\":\"https:\\\/\\\/www.omcsae.com\\\/producto\\\/maquina-impresion-offset-bobina-komori-38s\\\/#primaryimage\"},\"thumbnailUrl\":\"https:\\\/\\\/www.omcsae.com\\\/wp-content\\\/uploads\\\/2021\\\/03\\\/38S-1.png\",\"datePublished\":\"2021-03-18T20:08:50+00:00\",\"dateModified\":\"2023-02-13T10:24:14+00:00\",\"description\":\"Descubre nuestro cat\u00e1logo en Offset para m\u00e1quinas de impresi\u00f3n, Impresi\u00f3n y artes gr\u00e1ficas. Consulta m\u00e1s sobre M\u00e1quina Impresi\u00f3n Offset Bobina - Komori 38S en nuestra web OMC SAE.\",\"breadcrumb\":{\"@id\":\"https:\\\/\\\/www.omcsae.com\\\/producto\\\/maquina-impresion-offset-bobina-komori-38s\\\/#breadcrumb\"},\"inLanguage\":\"en-GB\",\"potentialAction\":[{\"@type\":\"ReadAction\",\"target\":[\"https:\\\/\\\/www.omcsae.com\\\/producto\\\/maquina-impresion-offset-bobina-komori-38s\\\/\"]}]},{\"@type\":\"ImageObject\",\"inLanguage\":\"en-GB\",\"@id\":\"https:\\\/\\\/www.omcsae.com\\\/producto\\\/maquina-impresion-offset-bobina-komori-38s\\\/#primaryimage\",\"url\":\"https:\\\/\\\/www.omcsae.com\\\/wp-content\\\/uploads\\\/2021\\\/03\\\/38S-1.png\",\"contentUrl\":\"https:\\\/\\\/www.omcsae.com\\\/wp-content\\\/uploads\\\/2021\\\/03\\\/38S-1.png\",\"width\":1330,\"height\":1330},{\"@type\":\"BreadcrumbList\",\"@id\":\"https:\\\/\\\/www.omcsae.com\\\/producto\\\/maquina-impresion-offset-bobina-komori-38s\\\/#breadcrumb\",\"itemListElement\":[{\"@type\":\"ListItem\",\"position\":1,\"name\":\"Portada\",\"item\":\"https:\\\/\\\/www.omcsae.com\\\/\"},{\"@type\":\"ListItem\",\"position\":2,\"name\":\"Productos\",\"item\":\"https:\\\/\\\/www.omcsae.com\\\/shop\\\/\"},{\"@type\":\"ListItem\",\"position\":3,\"name\":\"M\u00e1quina Impresi\u00f3n Offset Bobina &#8211; Komori SYSTEM 38S\"}]},{\"@type\":\"WebSite\",\"@id\":\"https:\\\/\\\/www.omcsae.com\\\/#website\",\"url\":\"https:\\\/\\\/www.omcsae.com\\\/\",\"name\":\"OMC sae\",\"description\":\"Distribuidor de maquinaria, consumibles y equipos para imprentas, artes gr\u00e1ficas\",\"publisher\":{\"@id\":\"https:\\\/\\\/www.omcsae.com\\\/#organization\"},\"potentialAction\":[{\"@type\":\"SearchAction\",\"target\":{\"@type\":\"EntryPoint\",\"urlTemplate\":\"https:\\\/\\\/www.omcsae.com\\\/?s={search_term_string}\"},\"query-input\":{\"@type\":\"PropertyValueSpecification\",\"valueRequired\":true,\"valueName\":\"search_term_string\"}}],\"inLanguage\":\"en-GB\"},{\"@type\":\"Organization\",\"@id\":\"https:\\\/\\\/www.omcsae.com\\\/#organization\",\"name\":\"OMC SAE: distribuidor de maquinaria, consumibles y equipos para imprentas\",\"url\":\"https:\\\/\\\/www.omcsae.com\\\/\",\"logo\":{\"@type\":\"ImageObject\",\"inLanguage\":\"en-GB\",\"@id\":\"https:\\\/\\\/www.omcsae.com\\\/#\\\/schema\\\/logo\\\/image\\\/\",\"url\":\"https:\\\/\\\/www.omcsae.com\\\/wp-content\\\/uploads\\\/2020\\\/09\\\/OMC_Logo-transparent-e1646645548126.png\",\"contentUrl\":\"https:\\\/\\\/www.omcsae.com\\\/wp-content\\\/uploads\\\/2020\\\/09\\\/OMC_Logo-transparent-e1646645548126.png\",\"width\":303,\"height\":351,\"caption\":\"OMC SAE: distribuidor de maquinaria, consumibles y equipos para imprentas\"},\"image\":{\"@id\":\"https:\\\/\\\/www.omcsae.com\\\/#\\\/schema\\\/logo\\\/image\\\/\"}}]}<\/script>\n<!-- \/ Yoast SEO plugin. -->","yoast_head_json":{"title":"Roll Offset Printing Machine - Komori 38S | OMC SAE","description":"Discover our catalog in Offset for printing machines, Printing and graphic arts. Consult more about Roll Offset Printing Machine - Komori 38S on our OMC SAE website.","robots":{"index":"index","follow":"follow","max-snippet":"max-snippet:-1","max-image-preview":"max-image-preview:large","max-video-preview":"max-video-preview:-1"},"canonical":"https:\/\/www.omcsae.com\/en\/products\/offset-printing-machine-coil-komori-38s-2\/","og_locale":"en_GB","og_type":"article","og_title":"M\u00e1quina Impresi\u00f3n Offset Bobina - Komori 38S | OMC SAE","og_description":"Descubre nuestro cat\u00e1logo en Offset para m\u00e1quinas de impresi\u00f3n, Impresi\u00f3n y artes gr\u00e1ficas. Consulta m\u00e1s sobre M\u00e1quina Impresi\u00f3n Offset Bobina - Komori 38S en nuestra web OMC SAE.","og_url":"https:\/\/www.omcsae.com\/en\/products\/offset-printing-machine-coil-komori-38s-2\/","og_site_name":"OMC sae","article_modified_time":"2023-02-13T10:24:14+00:00","og_image":[{"width":1330,"height":1330,"url":"https:\/\/www.omcsae.com\/wp-content\/uploads\/2021\/03\/38S-1.png","type":"image\/png"}],"twitter_card":"summary_large_image","twitter_misc":{"Estimated reading time":"1 minute"},"schema":{"@context":"https:\/\/schema.org","@graph":[{"@type":"WebPage","@id":"https:\/\/www.omcsae.com\/producto\/maquina-impresion-offset-bobina-komori-38s\/","url":"https:\/\/www.omcsae.com\/producto\/maquina-impresion-offset-bobina-komori-38s\/","name":"Roll Offset Printing Machine - Komori 38S | OMC SAE","isPartOf":{"@id":"https:\/\/www.omcsae.com\/#website"},"primaryImageOfPage":{"@id":"https:\/\/www.omcsae.com\/producto\/maquina-impresion-offset-bobina-komori-38s\/#primaryimage"},"image":{"@id":"https:\/\/www.omcsae.com\/producto\/maquina-impresion-offset-bobina-komori-38s\/#primaryimage"},"thumbnailUrl":"https:\/\/www.omcsae.com\/wp-content\/uploads\/2021\/03\/38S-1.png","datePublished":"2021-03-18T20:08:50+00:00","dateModified":"2023-02-13T10:24:14+00:00","description":"Discover our catalog in Offset for printing machines, Printing and graphic arts. Consult more about Roll Offset Printing Machine - Komori 38S on our OMC SAE website.","breadcrumb":{"@id":"https:\/\/www.omcsae.com\/producto\/maquina-impresion-offset-bobina-komori-38s\/#breadcrumb"},"inLanguage":"en-GB","potentialAction":[{"@type":"ReadAction","target":["https:\/\/www.omcsae.com\/producto\/maquina-impresion-offset-bobina-komori-38s\/"]}]},{"@type":"ImageObject","inLanguage":"en-GB","@id":"https:\/\/www.omcsae.com\/producto\/maquina-impresion-offset-bobina-komori-38s\/#primaryimage","url":"https:\/\/www.omcsae.com\/wp-content\/uploads\/2021\/03\/38S-1.png","contentUrl":"https:\/\/www.omcsae.com\/wp-content\/uploads\/2021\/03\/38S-1.png","width":1330,"height":1330},{"@type":"BreadcrumbList","@id":"https:\/\/www.omcsae.com\/producto\/maquina-impresion-offset-bobina-komori-38s\/#breadcrumb","itemListElement":[{"@type":"ListItem","position":1,"name":"Portada","item":"https:\/\/www.omcsae.com\/"},{"@type":"ListItem","position":2,"name":"Productos","item":"https:\/\/www.omcsae.com\/shop\/"},{"@type":"ListItem","position":3,"name":"M\u00e1quina Impresi\u00f3n Offset Bobina &#8211; Komori SYSTEM 38S"}]},{"@type":"WebSite","@id":"https:\/\/www.omcsae.com\/#website","url":"https:\/\/www.omcsae.com\/","name":"OMC sae","description":"Distributor of machinery, consumables and equipment for printing, graphic arts","publisher":{"@id":"https:\/\/www.omcsae.com\/#organization"},"potentialAction":[{"@type":"SearchAction","target":{"@type":"EntryPoint","urlTemplate":"https:\/\/www.omcsae.com\/?s={search_term_string}"},"query-input":{"@type":"PropertyValueSpecification","valueRequired":true,"valueName":"search_term_string"}}],"inLanguage":"en-GB"},{"@type":"Organization","@id":"https:\/\/www.omcsae.com\/#organization","name":"OMC SAE: distributor of machinery, consumables and equipment for the printing industry","url":"https:\/\/www.omcsae.com\/","logo":{"@type":"ImageObject","inLanguage":"en-GB","@id":"https:\/\/www.omcsae.com\/#\/schema\/logo\/image\/","url":"https:\/\/www.omcsae.com\/wp-content\/uploads\/2020\/09\/OMC_Logo-transparent-e1646645548126.png","contentUrl":"https:\/\/www.omcsae.com\/wp-content\/uploads\/2020\/09\/OMC_Logo-transparent-e1646645548126.png","width":303,"height":351,"caption":"OMC SAE: distribuidor de maquinaria, consumibles y equipos para imprentas"},"image":{"@id":"https:\/\/www.omcsae.com\/#\/schema\/logo\/image\/"}}]}},"_links":{"self":[{"href":"https:\/\/www.omcsae.com\/en\/wp-json\/wp\/v2\/product\/2821","targetHints":{"allow":["GET"]}}],"collection":[{"href":"https:\/\/www.omcsae.com\/en\/wp-json\/wp\/v2\/product"}],"about":[{"href":"https:\/\/www.omcsae.com\/en\/wp-json\/wp\/v2\/types\/product"}],"wp:featuredmedia":[{"embeddable":true,"href":"https:\/\/www.omcsae.com\/en\/wp-json\/wp\/v2\/media\/6872"}],"wp:attachment":[{"href":"https:\/\/www.omcsae.com\/en\/wp-json\/wp\/v2\/media?parent=2821"}],"wp:term":[{"taxonomy":"product_cat","embeddable":true,"href":"https:\/\/www.omcsae.com\/en\/wp-json\/wp\/v2\/product_cat?post=2821"},{"taxonomy":"product_tag","embeddable":true,"href":"https:\/\/www.omcsae.com\/en\/wp-json\/wp\/v2\/product_tag?post=2821"}],"curies":[{"name":"wp","href":"https:\/\/api.w.org\/{rel}","templated":true}]}}