{"id":2822,"date":"2021-03-18T20:08:50","date_gmt":"2021-03-18T20:08:50","guid":{"rendered":"http:\/\/omcsae.com.mialias.net\/producto\/maquina-impresion-offset-komori-gl40\/"},"modified":"2025-02-13T11:30:41","modified_gmt":"2025-02-13T11:30:41","slug":"offset-printing-machine-komori-gl40","status":"publish","type":"product","link":"https:\/\/www.omcsae.com\/en\/products\/offset-printing-machine-komori-gl40\/","title":{"rendered":"Offset printing machine \u2013 Komori LITHRONE G40 ADVANCE"},"content":{"rendered":"<p>Marker with suction tape<\/p>\n<p>A new board with a belt in the center and the absence of brushes or rollers ensure stable and accurate sheet feeding regardless of paper quality or size. This improves stabilization of sheet surface behavior, paper path, and precision and ease of handling. Since the Lithrone G40 easily accepts thick sheets, the time required for changing paper sizes is reduced.<\/p>\n<p>Pneumatic side guide and front heel<\/p>\n<p>A vacuum design is used to ensure the accuracy of the guides, which is also a solution to roller markings. In addition, adjustments can be easily made to suit the type of paper during the run. Improves the stabilization of the paper in the register.<\/p>\n<p>Suction head<\/p>\n<p>The suction head improves sheet separation and stable high-speed feeding thanks to the extension of the elevator travel and the arrangement of the suction line.<\/p>\n<p>Side jogger linked to sheet size<\/p>\n<p>Sheet output has been improved with a side jogger expansion \/ contraction feature. Thanks to its adaptation to the presetting of the sheet size, the lateral jogger expands \/ contracts not only laterally but also on the vertical axis, improving the alignment of the sheets with different sheet sizes.<\/p>\n<p>Departure<\/p>\n<p>As a result of rail improvements and changes to the air control system, blade behavior is stabilized by optimizing the shape. The stabilization of the sheet transport facilitates a very stable output of sheets at high speed.<\/p>\n<p>Automatic cleaning systems<\/p>\n<p>Efficient and automatic cleaning thanks to an automatic control program. The fastest automatic rubber cleaning system on the market improves thanks to the use of a pre-moistened fabric for washing the rubbers and cleaning the pressure cylinder. This shortens cleaning time and also protects the environment thanks to less fabric consumption. Komori automatisms link all these processes to considerably shorten the overall set-up time. In addition, the lower position of the impression cylinder cleaning systems (which can be easily removed from the control side) facilitates the change of the fabric and improves maintenance comfort.<\/p>\n<p>Full-APC, automatic plate change<\/p>\n<p>The new Full-APC system is not only faster than previous systems, but also employs a no-bend jaw, eliminating the need to bend plates and making plate loading and unloading more efficient. Flat clamping also improves registration accuracy and shortens setup times.<\/p>\n<p>A-APC, asynchronous plate changing<\/p>\n<p>When equipped with the asynchronous automatic plate changing (A-APC) system, set-up on the Lithrone G40 is substantially shortened, to just 1 minute and 25 seconds for plate changing.<\/p>\n<p>Three double bore cylinders<\/p>\n<p>Double diameter cylinder configuration with double diameter impression, transfer and removal cylinders.<\/p>","protected":false},"excerpt":{"rendered":"<p><img loading=\"lazy\" decoding=\"async\" class=\"size-medium wp-image-6537 aligncenter\" src=\"https:\/\/www.omcsae.com\/wp-content\/uploads\/2021\/03\/GL40a_gray-300x45.png\" alt=\"\" width=\"300\" height=\"45\" srcset=\"https:\/\/www.omcsae.com\/wp-content\/uploads\/2021\/03\/GL40a_gray-300x45.png 300w, https:\/\/www.omcsae.com\/wp-content\/uploads\/2021\/03\/GL40a_gray-600x90.png 600w, https:\/\/www.omcsae.com\/wp-content\/uploads\/2021\/03\/GL40a_gray-1024x154.png 1024w, https:\/\/www.omcsae.com\/wp-content\/uploads\/2021\/03\/GL40a_gray-768x115.png 768w, https:\/\/www.omcsae.com\/wp-content\/uploads\/2021\/03\/GL40a_gray-1536x231.png 1536w, https:\/\/www.omcsae.com\/wp-content\/uploads\/2021\/03\/GL40a_gray-2048x308.png 2048w, https:\/\/www.omcsae.com\/wp-content\/uploads\/2021\/03\/GL40a_gray-18x3.png 18w\" sizes=\"auto, (max-width: 300px) 100vw, 300px\" \/><\/p>\n<p>Sheet offset printing machine B1 format 72 \u00d7 102<\/p>\n<p>The Komori Lithrone G40 series combines the cutting edge technology of the LSX40 with the award-winning performance of the LS40 and is an exceptional machine for today&#039;s graphic arts market. Designed with Komori&#039;s full dedication to precision manufacturing, the G40 ensures high print quality with unmatched productivity.<\/p>\n<p>Manufactured in line with Komori&#039;s environmental awareness, the Lithrone G40 promotes sustainable printing by reducing energy and consumable consumption and minimizing the carbon footprint of printing.<\/p>\n<p>Thanks to Komori&#039;s revolutionary KHS-AI technology and a maximum print speed of 16,500 sheets per hour, the Lithrone G40 can only be defined as the ultimate high-performance offset press.<\/p>\n<p>The development of the new range of Lithrone G40 machines responds to the search for high speed stability, superior print quality, suitability for short runs, equipment reliability, respect for the environment and greater production efficiency.<\/p>\n<p>Equipped with the advanced KHS-AI integrated control system, the Lithrone G40 meets the needs of short duty cycles, short run capacity, the ability to create different printed products and reduced costs. In addition, the Lithrone G40 can be equipped with the OffsetOnDemand system, which will provide the solution to many of the problems faced by printers.<\/p>\n<p>The machine offers a maximum print speed of 16,500 sheets per hour and has a very stable operation with sheet thicknesses of 0.04-0.8mm or 0.06-1.0mm. The incorporation of a new feeder and a new outlet guarantee stability at high speed.<\/p>\n<p>The automatic plate change system without bending (Full-APC) and the flat jaw significantly improve work efficiency and shorten set-up.<\/p>\n<p>Equipped with the KHS-AI system, PDCSX Spectral Print Density Control-SX, and the PQA-S print quality assessment system for sheetfed machines, the Lithrone G40 achieves high print quality even with less experienced operators.<\/p>","protected":false},"featured_media":6873,"template":"","meta":[],"product_cat":[672,673],"product_tag":[],"class_list":{"0":"post-2822","1":"product","2":"type-product","3":"status-publish","4":"has-post-thumbnail","6":"product_cat-impresion","7":"product_cat-offset","8":"pa_marca-komori","9":"pa_sectores-impresion-comercial","10":"pa_sectores-packaging","12":"first","13":"instock","14":"product-type-simple"},"yoast_head":"<!-- This site is optimized with the Yoast SEO plugin v27.4 - https:\/\/yoast.com\/product\/yoast-seo-wordpress\/ -->\n<title>M\u00e1quina impresi\u00f3n offset Komori GL40 | OMC SAE<\/title>\n<meta name=\"description\" content=\"Descubre nuestro cat\u00e1logo en Offset para m\u00e1quinas de impresi\u00f3n, Impresi\u00f3n y artes gr\u00e1ficas. Consulta m\u00e1s sobre M\u00e1quina impresi\u00f3n offset Komori GL40 en nuestra web OMC SAE.\" \/>\n<meta name=\"robots\" content=\"index, follow, max-snippet:-1, max-image-preview:large, max-video-preview:-1\" \/>\n<link rel=\"canonical\" href=\"https:\/\/www.omcsae.com\/en\/products\/offset-printing-machine-komori-gl40\/\" \/>\n<meta property=\"og:locale\" content=\"en_GB\" \/>\n<meta property=\"og:type\" content=\"article\" \/>\n<meta property=\"og:title\" content=\"M\u00e1quina impresi\u00f3n offset Komori GL40 | OMC SAE\" \/>\n<meta property=\"og:description\" content=\"Descubre nuestro cat\u00e1logo en Offset para m\u00e1quinas de impresi\u00f3n, Impresi\u00f3n y artes gr\u00e1ficas. Consulta m\u00e1s sobre M\u00e1quina impresi\u00f3n offset Komori GL40 en nuestra web OMC SAE.\" \/>\n<meta property=\"og:url\" content=\"https:\/\/www.omcsae.com\/en\/products\/offset-printing-machine-komori-gl40\/\" \/>\n<meta property=\"og:site_name\" content=\"OMC sae\" \/>\n<meta property=\"article:modified_time\" content=\"2025-02-13T11:30:41+00:00\" \/>\n<meta property=\"og:image\" content=\"https:\/\/www.omcsae.com\/wp-content\/uploads\/2021\/03\/g840a_del.png\" \/>\n\t<meta property=\"og:image:width\" content=\"2064\" \/>\n\t<meta property=\"og:image:height\" content=\"2064\" \/>\n\t<meta property=\"og:image:type\" content=\"image\/png\" \/>\n<meta name=\"twitter:card\" content=\"summary_large_image\" \/>\n<meta name=\"twitter:label1\" content=\"Estimated reading time\" \/>\n\t<meta name=\"twitter:data1\" content=\"3 minutes\" \/>\n<script type=\"application\/ld+json\" class=\"yoast-schema-graph\">{\"@context\":\"https:\\\/\\\/schema.org\",\"@graph\":[{\"@type\":\"WebPage\",\"@id\":\"https:\\\/\\\/www.omcsae.com\\\/producto\\\/maquina-impresion-offset-komori-gl40\\\/\",\"url\":\"https:\\\/\\\/www.omcsae.com\\\/producto\\\/maquina-impresion-offset-komori-gl40\\\/\",\"name\":\"M\u00e1quina impresi\u00f3n offset Komori GL40 | OMC SAE\",\"isPartOf\":{\"@id\":\"https:\\\/\\\/www.omcsae.com\\\/#website\"},\"primaryImageOfPage\":{\"@id\":\"https:\\\/\\\/www.omcsae.com\\\/producto\\\/maquina-impresion-offset-komori-gl40\\\/#primaryimage\"},\"image\":{\"@id\":\"https:\\\/\\\/www.omcsae.com\\\/producto\\\/maquina-impresion-offset-komori-gl40\\\/#primaryimage\"},\"thumbnailUrl\":\"https:\\\/\\\/www.omcsae.com\\\/wp-content\\\/uploads\\\/2021\\\/03\\\/g840a_del.png\",\"datePublished\":\"2021-03-18T20:08:50+00:00\",\"dateModified\":\"2025-02-13T11:30:41+00:00\",\"description\":\"Descubre nuestro cat\u00e1logo en Offset para m\u00e1quinas de impresi\u00f3n, Impresi\u00f3n y artes gr\u00e1ficas. Consulta m\u00e1s sobre M\u00e1quina impresi\u00f3n offset Komori GL40 en nuestra web OMC SAE.\",\"breadcrumb\":{\"@id\":\"https:\\\/\\\/www.omcsae.com\\\/producto\\\/maquina-impresion-offset-komori-gl40\\\/#breadcrumb\"},\"inLanguage\":\"en-GB\",\"potentialAction\":[{\"@type\":\"ReadAction\",\"target\":[\"https:\\\/\\\/www.omcsae.com\\\/producto\\\/maquina-impresion-offset-komori-gl40\\\/\"]}]},{\"@type\":\"ImageObject\",\"inLanguage\":\"en-GB\",\"@id\":\"https:\\\/\\\/www.omcsae.com\\\/producto\\\/maquina-impresion-offset-komori-gl40\\\/#primaryimage\",\"url\":\"https:\\\/\\\/www.omcsae.com\\\/wp-content\\\/uploads\\\/2021\\\/03\\\/g840a_del.png\",\"contentUrl\":\"https:\\\/\\\/www.omcsae.com\\\/wp-content\\\/uploads\\\/2021\\\/03\\\/g840a_del.png\",\"width\":2064,\"height\":2064},{\"@type\":\"BreadcrumbList\",\"@id\":\"https:\\\/\\\/www.omcsae.com\\\/producto\\\/maquina-impresion-offset-komori-gl40\\\/#breadcrumb\",\"itemListElement\":[{\"@type\":\"ListItem\",\"position\":1,\"name\":\"Portada\",\"item\":\"https:\\\/\\\/www.omcsae.com\\\/\"},{\"@type\":\"ListItem\",\"position\":2,\"name\":\"Productos\",\"item\":\"https:\\\/\\\/www.omcsae.com\\\/shop\\\/\"},{\"@type\":\"ListItem\",\"position\":3,\"name\":\"M\u00e1quina impresi\u00f3n offset &#8211; Komori LITHRONE G40 ADVANCE\"}]},{\"@type\":\"WebSite\",\"@id\":\"https:\\\/\\\/www.omcsae.com\\\/#website\",\"url\":\"https:\\\/\\\/www.omcsae.com\\\/\",\"name\":\"OMC sae\",\"description\":\"Distribuidor de maquinaria, consumibles y equipos para imprentas, artes gr\u00e1ficas\",\"publisher\":{\"@id\":\"https:\\\/\\\/www.omcsae.com\\\/#organization\"},\"potentialAction\":[{\"@type\":\"SearchAction\",\"target\":{\"@type\":\"EntryPoint\",\"urlTemplate\":\"https:\\\/\\\/www.omcsae.com\\\/?s={search_term_string}\"},\"query-input\":{\"@type\":\"PropertyValueSpecification\",\"valueRequired\":true,\"valueName\":\"search_term_string\"}}],\"inLanguage\":\"en-GB\"},{\"@type\":\"Organization\",\"@id\":\"https:\\\/\\\/www.omcsae.com\\\/#organization\",\"name\":\"OMC SAE: distribuidor de maquinaria, consumibles y equipos para imprentas\",\"url\":\"https:\\\/\\\/www.omcsae.com\\\/\",\"logo\":{\"@type\":\"ImageObject\",\"inLanguage\":\"en-GB\",\"@id\":\"https:\\\/\\\/www.omcsae.com\\\/#\\\/schema\\\/logo\\\/image\\\/\",\"url\":\"https:\\\/\\\/www.omcsae.com\\\/wp-content\\\/uploads\\\/2020\\\/09\\\/OMC_Logo-transparent-e1646645548126.png\",\"contentUrl\":\"https:\\\/\\\/www.omcsae.com\\\/wp-content\\\/uploads\\\/2020\\\/09\\\/OMC_Logo-transparent-e1646645548126.png\",\"width\":303,\"height\":351,\"caption\":\"OMC SAE: distribuidor de maquinaria, consumibles y equipos para imprentas\"},\"image\":{\"@id\":\"https:\\\/\\\/www.omcsae.com\\\/#\\\/schema\\\/logo\\\/image\\\/\"}}]}<\/script>\n<!-- \/ Yoast SEO plugin. -->","yoast_head_json":{"title":"Komori GL40 offset printing machine | OMC SAE","description":"Discover our catalog in Offset for printing machines, Printing and graphic arts. Consult more about Komori GL40 offset printing machine on our OMC SAE website.","robots":{"index":"index","follow":"follow","max-snippet":"max-snippet:-1","max-image-preview":"max-image-preview:large","max-video-preview":"max-video-preview:-1"},"canonical":"https:\/\/www.omcsae.com\/en\/products\/offset-printing-machine-komori-gl40\/","og_locale":"en_GB","og_type":"article","og_title":"M\u00e1quina impresi\u00f3n offset Komori GL40 | OMC SAE","og_description":"Descubre nuestro cat\u00e1logo en Offset para m\u00e1quinas de impresi\u00f3n, Impresi\u00f3n y artes gr\u00e1ficas. Consulta m\u00e1s sobre M\u00e1quina impresi\u00f3n offset Komori GL40 en nuestra web OMC SAE.","og_url":"https:\/\/www.omcsae.com\/en\/products\/offset-printing-machine-komori-gl40\/","og_site_name":"OMC sae","article_modified_time":"2025-02-13T11:30:41+00:00","og_image":[{"width":2064,"height":2064,"url":"https:\/\/www.omcsae.com\/wp-content\/uploads\/2021\/03\/g840a_del.png","type":"image\/png"}],"twitter_card":"summary_large_image","twitter_misc":{"Estimated reading time":"3 minutes"},"schema":{"@context":"https:\/\/schema.org","@graph":[{"@type":"WebPage","@id":"https:\/\/www.omcsae.com\/producto\/maquina-impresion-offset-komori-gl40\/","url":"https:\/\/www.omcsae.com\/producto\/maquina-impresion-offset-komori-gl40\/","name":"Komori GL40 offset printing machine | OMC SAE","isPartOf":{"@id":"https:\/\/www.omcsae.com\/#website"},"primaryImageOfPage":{"@id":"https:\/\/www.omcsae.com\/producto\/maquina-impresion-offset-komori-gl40\/#primaryimage"},"image":{"@id":"https:\/\/www.omcsae.com\/producto\/maquina-impresion-offset-komori-gl40\/#primaryimage"},"thumbnailUrl":"https:\/\/www.omcsae.com\/wp-content\/uploads\/2021\/03\/g840a_del.png","datePublished":"2021-03-18T20:08:50+00:00","dateModified":"2025-02-13T11:30:41+00:00","description":"Discover our catalog in Offset for printing machines, Printing and graphic arts. Consult more about Komori GL40 offset printing machine on our OMC SAE website.","breadcrumb":{"@id":"https:\/\/www.omcsae.com\/producto\/maquina-impresion-offset-komori-gl40\/#breadcrumb"},"inLanguage":"en-GB","potentialAction":[{"@type":"ReadAction","target":["https:\/\/www.omcsae.com\/producto\/maquina-impresion-offset-komori-gl40\/"]}]},{"@type":"ImageObject","inLanguage":"en-GB","@id":"https:\/\/www.omcsae.com\/producto\/maquina-impresion-offset-komori-gl40\/#primaryimage","url":"https:\/\/www.omcsae.com\/wp-content\/uploads\/2021\/03\/g840a_del.png","contentUrl":"https:\/\/www.omcsae.com\/wp-content\/uploads\/2021\/03\/g840a_del.png","width":2064,"height":2064},{"@type":"BreadcrumbList","@id":"https:\/\/www.omcsae.com\/producto\/maquina-impresion-offset-komori-gl40\/#breadcrumb","itemListElement":[{"@type":"ListItem","position":1,"name":"Portada","item":"https:\/\/www.omcsae.com\/"},{"@type":"ListItem","position":2,"name":"Productos","item":"https:\/\/www.omcsae.com\/shop\/"},{"@type":"ListItem","position":3,"name":"M\u00e1quina impresi\u00f3n offset &#8211; Komori LITHRONE G40 ADVANCE"}]},{"@type":"WebSite","@id":"https:\/\/www.omcsae.com\/#website","url":"https:\/\/www.omcsae.com\/","name":"OMC sae","description":"Distributor of machinery, consumables and equipment for printing, graphic arts","publisher":{"@id":"https:\/\/www.omcsae.com\/#organization"},"potentialAction":[{"@type":"SearchAction","target":{"@type":"EntryPoint","urlTemplate":"https:\/\/www.omcsae.com\/?s={search_term_string}"},"query-input":{"@type":"PropertyValueSpecification","valueRequired":true,"valueName":"search_term_string"}}],"inLanguage":"en-GB"},{"@type":"Organization","@id":"https:\/\/www.omcsae.com\/#organization","name":"OMC SAE: distributor of machinery, consumables and equipment for the printing industry","url":"https:\/\/www.omcsae.com\/","logo":{"@type":"ImageObject","inLanguage":"en-GB","@id":"https:\/\/www.omcsae.com\/#\/schema\/logo\/image\/","url":"https:\/\/www.omcsae.com\/wp-content\/uploads\/2020\/09\/OMC_Logo-transparent-e1646645548126.png","contentUrl":"https:\/\/www.omcsae.com\/wp-content\/uploads\/2020\/09\/OMC_Logo-transparent-e1646645548126.png","width":303,"height":351,"caption":"OMC SAE: distribuidor de maquinaria, consumibles y equipos para imprentas"},"image":{"@id":"https:\/\/www.omcsae.com\/#\/schema\/logo\/image\/"}}]}},"_links":{"self":[{"href":"https:\/\/www.omcsae.com\/en\/wp-json\/wp\/v2\/product\/2822","targetHints":{"allow":["GET"]}}],"collection":[{"href":"https:\/\/www.omcsae.com\/en\/wp-json\/wp\/v2\/product"}],"about":[{"href":"https:\/\/www.omcsae.com\/en\/wp-json\/wp\/v2\/types\/product"}],"wp:featuredmedia":[{"embeddable":true,"href":"https:\/\/www.omcsae.com\/en\/wp-json\/wp\/v2\/media\/6873"}],"wp:attachment":[{"href":"https:\/\/www.omcsae.com\/en\/wp-json\/wp\/v2\/media?parent=2822"}],"wp:term":[{"taxonomy":"product_cat","embeddable":true,"href":"https:\/\/www.omcsae.com\/en\/wp-json\/wp\/v2\/product_cat?post=2822"},{"taxonomy":"product_tag","embeddable":true,"href":"https:\/\/www.omcsae.com\/en\/wp-json\/wp\/v2\/product_tag?post=2822"}],"curies":[{"name":"wp","href":"https:\/\/api.w.org\/{rel}","templated":true}]}}