{"id":2823,"date":"2021-03-18T20:08:50","date_gmt":"2021-03-18T20:08:50","guid":{"rendered":"http:\/\/omcsae.com.mialias.net\/producto\/maquina-impresion-offset-komori-gx40\/"},"modified":"2023-02-13T10:33:21","modified_gmt":"2023-02-13T10:33:21","slug":"offset-printing-machine-komori-gx40","status":"publish","type":"product","link":"https:\/\/www.omcsae.com\/en\/products\/offset-printing-machine-komori-gx40\/","title":{"rendered":"Offset printing machine \u2013 Komori LITHRONE GX40 ADVANCE"},"content":{"rendered":"<p>Specifically, new functions and systems for packaging printing have been added. The compact machine design that helps save energy, coupled with low heat emissions, offer real benefits for the environment. The Lithrone GX40. Komori&#039;s flagship to meet the highest demands.<\/p>\n<p>Automatic high-speed operation to handle long runs and deliver world-class performance in luxury packaging printing. With a sheet thickness range of 0.06\u20131.0 mm, this machine offers stable operation at the maximum print speed of 18,000 in. Thanks to a new sheet feed and exit system.<\/p>\n<p>Equipped with a fully automatic nonstop system, long run printing at full print speed is possible through an optional media transport logistics system.<\/p>\n<p>The machine&#039;s high-speed long-run performance enables packaging to be printed on heavyweight materials, an industry with ever-increasing demand. A powerful new automation system, which integrates a paper flow throughout the printing machine and the entire plant, ensuring high productivity and profitability.<\/p>","protected":false},"excerpt":{"rendered":"<p><img loading=\"lazy\" decoding=\"async\" class=\"size-medium wp-image-6541 aligncenter\" src=\"https:\/\/www.omcsae.com\/wp-content\/uploads\/2021\/03\/GLX40a_gray-300x43.png\" alt=\"\" width=\"300\" height=\"43\" srcset=\"https:\/\/www.omcsae.com\/wp-content\/uploads\/2021\/03\/GLX40a_gray-300x43.png 300w, https:\/\/www.omcsae.com\/wp-content\/uploads\/2021\/03\/GLX40a_gray-600x87.png 600w, https:\/\/www.omcsae.com\/wp-content\/uploads\/2021\/03\/GLX40a_gray-1024x148.png 1024w, https:\/\/www.omcsae.com\/wp-content\/uploads\/2021\/03\/GLX40a_gray-768x111.png 768w, https:\/\/www.omcsae.com\/wp-content\/uploads\/2021\/03\/GLX40a_gray-1536x222.png 1536w, https:\/\/www.omcsae.com\/wp-content\/uploads\/2021\/03\/GLX40a_gray-2048x297.png 2048w, https:\/\/www.omcsae.com\/wp-content\/uploads\/2021\/03\/GLX40a_gray-18x3.png 18w\" sizes=\"auto, (max-width: 300px) 100vw, 300px\" \/><\/p>\n<p>The legendary Lithrone S Series has evolved to become the Lithrone G Series. Komori introduces the innovative Lithrone GX40 - the ultimate expression of Komori&#039;s technologies and expertise. In addition to extremely stable printing at a maximum speed of 18,000 sheets per hour, even on heavy paper, the Lithrone GX40 offers significantly improved print quality and greater agility in color changes.<\/p>\n<p>It has enough potential to cover high-end editorial and commercial printing as well as packaging printing, thanks to its outstanding print quality and reliability. It offers everything you need to cover a wide range of needs, such as automatic non-stop operation and control systems to manage long runs at high speed; advanced automatisms; new cleaning systems; and the availability of special configurations for high added value jobs.<\/p>","protected":false},"featured_media":6876,"template":"","meta":[],"product_cat":[672,673],"product_tag":[],"class_list":{"0":"post-2823","1":"product","2":"type-product","3":"status-publish","4":"has-post-thumbnail","6":"product_cat-impresion","7":"product_cat-offset","8":"pa_marca-komori","9":"pa_sectores-packaging","11":"first","12":"instock","13":"product-type-simple"},"yoast_head":"<!-- This site is optimized with the Yoast SEO plugin v27.4 - https:\/\/yoast.com\/product\/yoast-seo-wordpress\/ -->\n<title>M\u00e1quina impresi\u00f3n offset Komori GX40 | OMC SAE<\/title>\n<meta name=\"description\" content=\"Descubre nuestro cat\u00e1logo en Offset para m\u00e1quinas de impresi\u00f3n, Impresi\u00f3n y artes gr\u00e1ficas. Consulta m\u00e1s sobre M\u00e1quina impresi\u00f3n offset Komori GX40 en nuestra web OMC SAE.\" \/>\n<meta name=\"robots\" content=\"index, follow, max-snippet:-1, max-image-preview:large, max-video-preview:-1\" \/>\n<link rel=\"canonical\" href=\"https:\/\/www.omcsae.com\/en\/products\/offset-printing-machine-komori-gx40\/\" \/>\n<meta property=\"og:locale\" content=\"en_GB\" \/>\n<meta property=\"og:type\" content=\"article\" \/>\n<meta property=\"og:title\" content=\"M\u00e1quina impresi\u00f3n offset Komori GX40 | OMC SAE\" \/>\n<meta property=\"og:description\" content=\"Descubre nuestro cat\u00e1logo en Offset para m\u00e1quinas de impresi\u00f3n, Impresi\u00f3n y artes gr\u00e1ficas. Consulta m\u00e1s sobre M\u00e1quina impresi\u00f3n offset Komori GX40 en nuestra web OMC SAE.\" \/>\n<meta property=\"og:url\" content=\"https:\/\/www.omcsae.com\/en\/products\/offset-printing-machine-komori-gx40\/\" \/>\n<meta property=\"og:site_name\" content=\"OMC sae\" \/>\n<meta property=\"article:modified_time\" content=\"2023-02-13T10:33:21+00:00\" \/>\n<meta property=\"og:image\" content=\"https:\/\/www.omcsae.com\/wp-content\/uploads\/2021\/03\/glx640-advance-scaled-1.png\" \/>\n\t<meta property=\"og:image:width\" content=\"2560\" \/>\n\t<meta property=\"og:image:height\" content=\"2560\" \/>\n\t<meta property=\"og:image:type\" content=\"image\/png\" \/>\n<meta name=\"twitter:card\" content=\"summary_large_image\" \/>\n<meta name=\"twitter:label1\" content=\"Estimated reading time\" \/>\n\t<meta name=\"twitter:data1\" content=\"1 minute\" \/>\n<script type=\"application\/ld+json\" class=\"yoast-schema-graph\">{\"@context\":\"https:\\\/\\\/schema.org\",\"@graph\":[{\"@type\":\"WebPage\",\"@id\":\"https:\\\/\\\/www.omcsae.com\\\/producto\\\/maquina-impresion-offset-komori-gx40\\\/\",\"url\":\"https:\\\/\\\/www.omcsae.com\\\/producto\\\/maquina-impresion-offset-komori-gx40\\\/\",\"name\":\"M\u00e1quina impresi\u00f3n offset Komori GX40 | OMC SAE\",\"isPartOf\":{\"@id\":\"https:\\\/\\\/www.omcsae.com\\\/#website\"},\"primaryImageOfPage\":{\"@id\":\"https:\\\/\\\/www.omcsae.com\\\/producto\\\/maquina-impresion-offset-komori-gx40\\\/#primaryimage\"},\"image\":{\"@id\":\"https:\\\/\\\/www.omcsae.com\\\/producto\\\/maquina-impresion-offset-komori-gx40\\\/#primaryimage\"},\"thumbnailUrl\":\"https:\\\/\\\/www.omcsae.com\\\/wp-content\\\/uploads\\\/2021\\\/03\\\/glx640-advance-scaled-1.png\",\"datePublished\":\"2021-03-18T20:08:50+00:00\",\"dateModified\":\"2023-02-13T10:33:21+00:00\",\"description\":\"Descubre nuestro cat\u00e1logo en Offset para m\u00e1quinas de impresi\u00f3n, Impresi\u00f3n y artes gr\u00e1ficas. Consulta m\u00e1s sobre M\u00e1quina impresi\u00f3n offset Komori GX40 en nuestra web OMC SAE.\",\"breadcrumb\":{\"@id\":\"https:\\\/\\\/www.omcsae.com\\\/producto\\\/maquina-impresion-offset-komori-gx40\\\/#breadcrumb\"},\"inLanguage\":\"en-GB\",\"potentialAction\":[{\"@type\":\"ReadAction\",\"target\":[\"https:\\\/\\\/www.omcsae.com\\\/producto\\\/maquina-impresion-offset-komori-gx40\\\/\"]}]},{\"@type\":\"ImageObject\",\"inLanguage\":\"en-GB\",\"@id\":\"https:\\\/\\\/www.omcsae.com\\\/producto\\\/maquina-impresion-offset-komori-gx40\\\/#primaryimage\",\"url\":\"https:\\\/\\\/www.omcsae.com\\\/wp-content\\\/uploads\\\/2021\\\/03\\\/glx640-advance-scaled-1.png\",\"contentUrl\":\"https:\\\/\\\/www.omcsae.com\\\/wp-content\\\/uploads\\\/2021\\\/03\\\/glx640-advance-scaled-1.png\",\"width\":2560,\"height\":2560},{\"@type\":\"BreadcrumbList\",\"@id\":\"https:\\\/\\\/www.omcsae.com\\\/producto\\\/maquina-impresion-offset-komori-gx40\\\/#breadcrumb\",\"itemListElement\":[{\"@type\":\"ListItem\",\"position\":1,\"name\":\"Portada\",\"item\":\"https:\\\/\\\/www.omcsae.com\\\/\"},{\"@type\":\"ListItem\",\"position\":2,\"name\":\"Productos\",\"item\":\"https:\\\/\\\/www.omcsae.com\\\/shop\\\/\"},{\"@type\":\"ListItem\",\"position\":3,\"name\":\"M\u00e1quina impresi\u00f3n offset &#8211; Komori LITHRONE GX40 ADVANCE\"}]},{\"@type\":\"WebSite\",\"@id\":\"https:\\\/\\\/www.omcsae.com\\\/#website\",\"url\":\"https:\\\/\\\/www.omcsae.com\\\/\",\"name\":\"OMC sae\",\"description\":\"Distribuidor de maquinaria, consumibles y equipos para imprentas, artes gr\u00e1ficas\",\"publisher\":{\"@id\":\"https:\\\/\\\/www.omcsae.com\\\/#organization\"},\"potentialAction\":[{\"@type\":\"SearchAction\",\"target\":{\"@type\":\"EntryPoint\",\"urlTemplate\":\"https:\\\/\\\/www.omcsae.com\\\/?s={search_term_string}\"},\"query-input\":{\"@type\":\"PropertyValueSpecification\",\"valueRequired\":true,\"valueName\":\"search_term_string\"}}],\"inLanguage\":\"en-GB\"},{\"@type\":\"Organization\",\"@id\":\"https:\\\/\\\/www.omcsae.com\\\/#organization\",\"name\":\"OMC SAE: distribuidor de maquinaria, consumibles y equipos para imprentas\",\"url\":\"https:\\\/\\\/www.omcsae.com\\\/\",\"logo\":{\"@type\":\"ImageObject\",\"inLanguage\":\"en-GB\",\"@id\":\"https:\\\/\\\/www.omcsae.com\\\/#\\\/schema\\\/logo\\\/image\\\/\",\"url\":\"https:\\\/\\\/www.omcsae.com\\\/wp-content\\\/uploads\\\/2020\\\/09\\\/OMC_Logo-transparent-e1646645548126.png\",\"contentUrl\":\"https:\\\/\\\/www.omcsae.com\\\/wp-content\\\/uploads\\\/2020\\\/09\\\/OMC_Logo-transparent-e1646645548126.png\",\"width\":303,\"height\":351,\"caption\":\"OMC SAE: distribuidor de maquinaria, consumibles y equipos para imprentas\"},\"image\":{\"@id\":\"https:\\\/\\\/www.omcsae.com\\\/#\\\/schema\\\/logo\\\/image\\\/\"}}]}<\/script>\n<!-- \/ Yoast SEO plugin. -->","yoast_head_json":{"title":"Komori GX40 offset printing machine | OMC SAE","description":"Discover our catalog in Offset for printing machines, Printing and graphic arts. Consult more about Komori GX40 offset printing machine on our OMC SAE website.","robots":{"index":"index","follow":"follow","max-snippet":"max-snippet:-1","max-image-preview":"max-image-preview:large","max-video-preview":"max-video-preview:-1"},"canonical":"https:\/\/www.omcsae.com\/en\/products\/offset-printing-machine-komori-gx40\/","og_locale":"en_GB","og_type":"article","og_title":"M\u00e1quina impresi\u00f3n offset Komori GX40 | OMC SAE","og_description":"Descubre nuestro cat\u00e1logo en Offset para m\u00e1quinas de impresi\u00f3n, Impresi\u00f3n y artes gr\u00e1ficas. Consulta m\u00e1s sobre M\u00e1quina impresi\u00f3n offset Komori GX40 en nuestra web OMC SAE.","og_url":"https:\/\/www.omcsae.com\/en\/products\/offset-printing-machine-komori-gx40\/","og_site_name":"OMC sae","article_modified_time":"2023-02-13T10:33:21+00:00","og_image":[{"width":2560,"height":2560,"url":"https:\/\/www.omcsae.com\/wp-content\/uploads\/2021\/03\/glx640-advance-scaled-1.png","type":"image\/png"}],"twitter_card":"summary_large_image","twitter_misc":{"Estimated reading time":"1 minute"},"schema":{"@context":"https:\/\/schema.org","@graph":[{"@type":"WebPage","@id":"https:\/\/www.omcsae.com\/producto\/maquina-impresion-offset-komori-gx40\/","url":"https:\/\/www.omcsae.com\/producto\/maquina-impresion-offset-komori-gx40\/","name":"Komori GX40 offset printing machine | OMC SAE","isPartOf":{"@id":"https:\/\/www.omcsae.com\/#website"},"primaryImageOfPage":{"@id":"https:\/\/www.omcsae.com\/producto\/maquina-impresion-offset-komori-gx40\/#primaryimage"},"image":{"@id":"https:\/\/www.omcsae.com\/producto\/maquina-impresion-offset-komori-gx40\/#primaryimage"},"thumbnailUrl":"https:\/\/www.omcsae.com\/wp-content\/uploads\/2021\/03\/glx640-advance-scaled-1.png","datePublished":"2021-03-18T20:08:50+00:00","dateModified":"2023-02-13T10:33:21+00:00","description":"Discover our catalog in Offset for printing machines, Printing and graphic arts. Consult more about Komori GX40 offset printing machine on our OMC SAE website.","breadcrumb":{"@id":"https:\/\/www.omcsae.com\/producto\/maquina-impresion-offset-komori-gx40\/#breadcrumb"},"inLanguage":"en-GB","potentialAction":[{"@type":"ReadAction","target":["https:\/\/www.omcsae.com\/producto\/maquina-impresion-offset-komori-gx40\/"]}]},{"@type":"ImageObject","inLanguage":"en-GB","@id":"https:\/\/www.omcsae.com\/producto\/maquina-impresion-offset-komori-gx40\/#primaryimage","url":"https:\/\/www.omcsae.com\/wp-content\/uploads\/2021\/03\/glx640-advance-scaled-1.png","contentUrl":"https:\/\/www.omcsae.com\/wp-content\/uploads\/2021\/03\/glx640-advance-scaled-1.png","width":2560,"height":2560},{"@type":"BreadcrumbList","@id":"https:\/\/www.omcsae.com\/producto\/maquina-impresion-offset-komori-gx40\/#breadcrumb","itemListElement":[{"@type":"ListItem","position":1,"name":"Portada","item":"https:\/\/www.omcsae.com\/"},{"@type":"ListItem","position":2,"name":"Productos","item":"https:\/\/www.omcsae.com\/shop\/"},{"@type":"ListItem","position":3,"name":"M\u00e1quina impresi\u00f3n offset &#8211; Komori LITHRONE GX40 ADVANCE"}]},{"@type":"WebSite","@id":"https:\/\/www.omcsae.com\/#website","url":"https:\/\/www.omcsae.com\/","name":"OMC sae","description":"Distributor of machinery, consumables and equipment for printing, graphic arts","publisher":{"@id":"https:\/\/www.omcsae.com\/#organization"},"potentialAction":[{"@type":"SearchAction","target":{"@type":"EntryPoint","urlTemplate":"https:\/\/www.omcsae.com\/?s={search_term_string}"},"query-input":{"@type":"PropertyValueSpecification","valueRequired":true,"valueName":"search_term_string"}}],"inLanguage":"en-GB"},{"@type":"Organization","@id":"https:\/\/www.omcsae.com\/#organization","name":"OMC SAE: distributor of machinery, consumables and equipment for the printing industry","url":"https:\/\/www.omcsae.com\/","logo":{"@type":"ImageObject","inLanguage":"en-GB","@id":"https:\/\/www.omcsae.com\/#\/schema\/logo\/image\/","url":"https:\/\/www.omcsae.com\/wp-content\/uploads\/2020\/09\/OMC_Logo-transparent-e1646645548126.png","contentUrl":"https:\/\/www.omcsae.com\/wp-content\/uploads\/2020\/09\/OMC_Logo-transparent-e1646645548126.png","width":303,"height":351,"caption":"OMC SAE: distribuidor de maquinaria, consumibles y equipos para imprentas"},"image":{"@id":"https:\/\/www.omcsae.com\/#\/schema\/logo\/image\/"}}]}},"_links":{"self":[{"href":"https:\/\/www.omcsae.com\/en\/wp-json\/wp\/v2\/product\/2823","targetHints":{"allow":["GET"]}}],"collection":[{"href":"https:\/\/www.omcsae.com\/en\/wp-json\/wp\/v2\/product"}],"about":[{"href":"https:\/\/www.omcsae.com\/en\/wp-json\/wp\/v2\/types\/product"}],"wp:featuredmedia":[{"embeddable":true,"href":"https:\/\/www.omcsae.com\/en\/wp-json\/wp\/v2\/media\/6876"}],"wp:attachment":[{"href":"https:\/\/www.omcsae.com\/en\/wp-json\/wp\/v2\/media?parent=2823"}],"wp:term":[{"taxonomy":"product_cat","embeddable":true,"href":"https:\/\/www.omcsae.com\/en\/wp-json\/wp\/v2\/product_cat?post=2823"},{"taxonomy":"product_tag","embeddable":true,"href":"https:\/\/www.omcsae.com\/en\/wp-json\/wp\/v2\/product_tag?post=2823"}],"curies":[{"name":"wp","href":"https:\/\/api.w.org\/{rel}","templated":true}]}}