{"id":2824,"date":"2021-03-18T20:08:50","date_gmt":"2021-03-18T20:08:50","guid":{"rendered":"http:\/\/omcsae.com.mialias.net\/producto\/maquina-impresion-offsetkomori-gx40-rp\/"},"modified":"2023-02-13T10:40:05","modified_gmt":"2023-02-13T10:40:05","slug":"offset-printing-machinekomori-gx40-rp","status":"publish","type":"product","link":"https:\/\/www.omcsae.com\/en\/products\/offset-printing-machinekomori-gx40-rp\/","title":{"rendered":"Offset printing machine \u2013 Komori LITHRONE GX40RP ADVANCE"},"content":{"rendered":"<p>Eliminating sheet flipping ensures stable paper transport, compatible with high and low weight materials through the use of four double diameter transfer cylinders.<\/p>\n<p>The exposure of the front \/ back plates is done in the same direction, as in the machines that print on one side, improving the efficiency of prepress.<\/p>\n<p>This machine expands the OffsetOnDemand range thanks to its fast set-up and instant drying without anti-scaling powders, allowing you to handle very small batches and short deliveries thanks to the integrated KHS-AI start control system and the H-curing system UV. The maximum print speed is 18,000 sheets per hour. It can be configured to accept thin sheets for commercial printing and cardboard for packaging printing.<\/p>\n<p>In addition, this machine can be equipped with the A-APC asynchronous automatic plate changing system, the PDC-SX spectral density control, and the PQA-S print quality evaluation system for cut sheets, with the aim of achieve even higher levels of quality and productivity.<\/p>\n<p>The Lithrone GX40RP combines know-how and innovative technologies to achieve high automation, standardization and innovation. An advanced platform for a new generation of printers.<\/p>","protected":false},"excerpt":{"rendered":"<p><img loading=\"lazy\" decoding=\"async\" class=\"size-medium wp-image-6548 aligncenter\" src=\"https:\/\/www.omcsae.com\/wp-content\/uploads\/2021\/03\/glx40rpa_gray-300x39.png\" alt=\"\" width=\"300\" height=\"39\" srcset=\"https:\/\/www.omcsae.com\/wp-content\/uploads\/2021\/03\/glx40rpa_gray-300x39.png 300w, https:\/\/www.omcsae.com\/wp-content\/uploads\/2021\/03\/glx40rpa_gray-600x78.png 600w, https:\/\/www.omcsae.com\/wp-content\/uploads\/2021\/03\/glx40rpa_gray-1024x132.png 1024w, https:\/\/www.omcsae.com\/wp-content\/uploads\/2021\/03\/glx40rpa_gray-768x99.png 768w, https:\/\/www.omcsae.com\/wp-content\/uploads\/2021\/03\/glx40rpa_gray-1536x199.png 1536w, https:\/\/www.omcsae.com\/wp-content\/uploads\/2021\/03\/glx40rpa_gray-2048x265.png 2048w, https:\/\/www.omcsae.com\/wp-content\/uploads\/2021\/03\/glx40rpa_gray-18x2.png 18w\" sizes=\"auto, (max-width: 300px) 100vw, 300px\" \/><\/p>\n<p>Single pass double-sided offset printing machine, B1 format 72 \u00d7 103-75 \u00d7 105<\/p>\n<p>The newest addition to the Lithrone G Series range is an OffsetOnDemand compatible double-sided printing machine: the Lithrone GX40RP, a 40-inch offset press equipped with H-UV or UV.<\/p>\n<p>Designed to offer high quality, fast turnaround, high speed, stability and less waste in double-sided printing. A new system offers a single gripper edge and eliminates the need to flip the sheet. The unique gripper edge makes the trailing edge margin of the sheet - an essential structural requirement in removal machines - totally unnecessary, reducing the cost of paper by minimizing the size of the sheet.<\/p>","protected":false},"featured_media":6878,"template":"","meta":[],"product_cat":[672,673],"product_tag":[],"class_list":{"0":"post-2824","1":"product","2":"type-product","3":"status-publish","4":"has-post-thumbnail","6":"product_cat-impresion","7":"product_cat-offset","8":"pa_marca-komori","9":"pa_sectores-packaging","11":"first","12":"instock","13":"product-type-simple"},"yoast_head":"<!-- This site is optimized with the Yoast SEO plugin v27.3 - https:\/\/yoast.com\/product\/yoast-seo-wordpress\/ -->\n<title>M\u00e1quina impresi\u00f3n offsetKomori GX40 RP | OMC SAE<\/title>\n<meta name=\"description\" content=\"Descubre nuestro cat\u00e1logo en Offset para m\u00e1quinas de impresi\u00f3n, Impresi\u00f3n y artes gr\u00e1ficas. Consulta m\u00e1s sobre M\u00e1quina impresi\u00f3n offsetKomori GX40 RP en nuestra web OMC SAE.\" \/>\n<meta name=\"robots\" content=\"index, follow, max-snippet:-1, max-image-preview:large, max-video-preview:-1\" \/>\n<link rel=\"canonical\" href=\"https:\/\/www.omcsae.com\/en\/products\/offset-printing-machinekomori-gx40-rp\/\" \/>\n<meta property=\"og:locale\" content=\"en_GB\" \/>\n<meta property=\"og:type\" content=\"article\" \/>\n<meta property=\"og:title\" content=\"M\u00e1quina impresi\u00f3n offsetKomori GX40 RP | OMC SAE\" \/>\n<meta property=\"og:description\" content=\"Descubre nuestro cat\u00e1logo en Offset para m\u00e1quinas de impresi\u00f3n, Impresi\u00f3n y artes gr\u00e1ficas. Consulta m\u00e1s sobre M\u00e1quina impresi\u00f3n offsetKomori GX40 RP en nuestra web OMC SAE.\" \/>\n<meta property=\"og:url\" content=\"https:\/\/www.omcsae.com\/en\/products\/offset-printing-machinekomori-gx40-rp\/\" \/>\n<meta property=\"og:site_name\" content=\"OMC sae\" \/>\n<meta property=\"article:modified_time\" content=\"2023-02-13T10:40:05+00:00\" \/>\n<meta property=\"og:image\" content=\"https:\/\/www.omcsae.com\/wp-content\/uploads\/2021\/03\/glx-840rp_advane_a3-scaled-1.png\" \/>\n\t<meta property=\"og:image:width\" content=\"2560\" \/>\n\t<meta property=\"og:image:height\" content=\"2560\" \/>\n\t<meta property=\"og:image:type\" content=\"image\/png\" \/>\n<meta name=\"twitter:card\" content=\"summary_large_image\" \/>\n<meta name=\"twitter:label1\" content=\"Estimated reading time\" \/>\n\t<meta name=\"twitter:data1\" content=\"1 minute\" \/>\n<script type=\"application\/ld+json\" class=\"yoast-schema-graph\">{\"@context\":\"https:\\\/\\\/schema.org\",\"@graph\":[{\"@type\":\"WebPage\",\"@id\":\"https:\\\/\\\/www.omcsae.com\\\/producto\\\/maquina-impresion-offsetkomori-gx40-rp\\\/\",\"url\":\"https:\\\/\\\/www.omcsae.com\\\/producto\\\/maquina-impresion-offsetkomori-gx40-rp\\\/\",\"name\":\"M\u00e1quina impresi\u00f3n offsetKomori GX40 RP | OMC SAE\",\"isPartOf\":{\"@id\":\"https:\\\/\\\/www.omcsae.com\\\/#website\"},\"primaryImageOfPage\":{\"@id\":\"https:\\\/\\\/www.omcsae.com\\\/producto\\\/maquina-impresion-offsetkomori-gx40-rp\\\/#primaryimage\"},\"image\":{\"@id\":\"https:\\\/\\\/www.omcsae.com\\\/producto\\\/maquina-impresion-offsetkomori-gx40-rp\\\/#primaryimage\"},\"thumbnailUrl\":\"https:\\\/\\\/www.omcsae.com\\\/wp-content\\\/uploads\\\/2021\\\/03\\\/glx-840rp_advane_a3-scaled-1.png\",\"datePublished\":\"2021-03-18T20:08:50+00:00\",\"dateModified\":\"2023-02-13T10:40:05+00:00\",\"description\":\"Descubre nuestro cat\u00e1logo en Offset para m\u00e1quinas de impresi\u00f3n, Impresi\u00f3n y artes gr\u00e1ficas. Consulta m\u00e1s sobre M\u00e1quina impresi\u00f3n offsetKomori GX40 RP en nuestra web OMC SAE.\",\"breadcrumb\":{\"@id\":\"https:\\\/\\\/www.omcsae.com\\\/producto\\\/maquina-impresion-offsetkomori-gx40-rp\\\/#breadcrumb\"},\"inLanguage\":\"en-GB\",\"potentialAction\":[{\"@type\":\"ReadAction\",\"target\":[\"https:\\\/\\\/www.omcsae.com\\\/producto\\\/maquina-impresion-offsetkomori-gx40-rp\\\/\"]}]},{\"@type\":\"ImageObject\",\"inLanguage\":\"en-GB\",\"@id\":\"https:\\\/\\\/www.omcsae.com\\\/producto\\\/maquina-impresion-offsetkomori-gx40-rp\\\/#primaryimage\",\"url\":\"https:\\\/\\\/www.omcsae.com\\\/wp-content\\\/uploads\\\/2021\\\/03\\\/glx-840rp_advane_a3-scaled-1.png\",\"contentUrl\":\"https:\\\/\\\/www.omcsae.com\\\/wp-content\\\/uploads\\\/2021\\\/03\\\/glx-840rp_advane_a3-scaled-1.png\",\"width\":2560,\"height\":2560},{\"@type\":\"BreadcrumbList\",\"@id\":\"https:\\\/\\\/www.omcsae.com\\\/producto\\\/maquina-impresion-offsetkomori-gx40-rp\\\/#breadcrumb\",\"itemListElement\":[{\"@type\":\"ListItem\",\"position\":1,\"name\":\"Portada\",\"item\":\"https:\\\/\\\/www.omcsae.com\\\/\"},{\"@type\":\"ListItem\",\"position\":2,\"name\":\"Productos\",\"item\":\"https:\\\/\\\/www.omcsae.com\\\/shop\\\/\"},{\"@type\":\"ListItem\",\"position\":3,\"name\":\"M\u00e1quina impresi\u00f3n offset &#8211; Komori LITHRONE GX40RP ADVANCE\"}]},{\"@type\":\"WebSite\",\"@id\":\"https:\\\/\\\/www.omcsae.com\\\/#website\",\"url\":\"https:\\\/\\\/www.omcsae.com\\\/\",\"name\":\"OMC sae\",\"description\":\"Distribuidor de maquinaria, consumibles y equipos para imprentas, artes gr\u00e1ficas\",\"publisher\":{\"@id\":\"https:\\\/\\\/www.omcsae.com\\\/#organization\"},\"potentialAction\":[{\"@type\":\"SearchAction\",\"target\":{\"@type\":\"EntryPoint\",\"urlTemplate\":\"https:\\\/\\\/www.omcsae.com\\\/?s={search_term_string}\"},\"query-input\":{\"@type\":\"PropertyValueSpecification\",\"valueRequired\":true,\"valueName\":\"search_term_string\"}}],\"inLanguage\":\"en-GB\"},{\"@type\":\"Organization\",\"@id\":\"https:\\\/\\\/www.omcsae.com\\\/#organization\",\"name\":\"OMC SAE: distribuidor de maquinaria, consumibles y equipos para imprentas\",\"url\":\"https:\\\/\\\/www.omcsae.com\\\/\",\"logo\":{\"@type\":\"ImageObject\",\"inLanguage\":\"en-GB\",\"@id\":\"https:\\\/\\\/www.omcsae.com\\\/#\\\/schema\\\/logo\\\/image\\\/\",\"url\":\"https:\\\/\\\/www.omcsae.com\\\/wp-content\\\/uploads\\\/2020\\\/09\\\/OMC_Logo-transparent-e1646645548126.png\",\"contentUrl\":\"https:\\\/\\\/www.omcsae.com\\\/wp-content\\\/uploads\\\/2020\\\/09\\\/OMC_Logo-transparent-e1646645548126.png\",\"width\":303,\"height\":351,\"caption\":\"OMC SAE: distribuidor de maquinaria, consumibles y equipos para imprentas\"},\"image\":{\"@id\":\"https:\\\/\\\/www.omcsae.com\\\/#\\\/schema\\\/logo\\\/image\\\/\"}}]}<\/script>\n<!-- \/ Yoast SEO plugin. -->","yoast_head_json":{"title":"Offset printing machineKomori GX40 RP | OMC SAE","description":"Discover our catalog in Offset for printing machines, Printing and graphic arts. Consult more about Komori GX40 RP offset printing machine on our OMC SAE website.","robots":{"index":"index","follow":"follow","max-snippet":"max-snippet:-1","max-image-preview":"max-image-preview:large","max-video-preview":"max-video-preview:-1"},"canonical":"https:\/\/www.omcsae.com\/en\/products\/offset-printing-machinekomori-gx40-rp\/","og_locale":"en_GB","og_type":"article","og_title":"M\u00e1quina impresi\u00f3n offsetKomori GX40 RP | OMC SAE","og_description":"Descubre nuestro cat\u00e1logo en Offset para m\u00e1quinas de impresi\u00f3n, Impresi\u00f3n y artes gr\u00e1ficas. Consulta m\u00e1s sobre M\u00e1quina impresi\u00f3n offsetKomori GX40 RP en nuestra web OMC SAE.","og_url":"https:\/\/www.omcsae.com\/en\/products\/offset-printing-machinekomori-gx40-rp\/","og_site_name":"OMC sae","article_modified_time":"2023-02-13T10:40:05+00:00","og_image":[{"width":2560,"height":2560,"url":"https:\/\/www.omcsae.com\/wp-content\/uploads\/2021\/03\/glx-840rp_advane_a3-scaled-1.png","type":"image\/png"}],"twitter_card":"summary_large_image","twitter_misc":{"Estimated reading time":"1 minute"},"schema":{"@context":"https:\/\/schema.org","@graph":[{"@type":"WebPage","@id":"https:\/\/www.omcsae.com\/producto\/maquina-impresion-offsetkomori-gx40-rp\/","url":"https:\/\/www.omcsae.com\/producto\/maquina-impresion-offsetkomori-gx40-rp\/","name":"Offset printing machineKomori GX40 RP | OMC SAE","isPartOf":{"@id":"https:\/\/www.omcsae.com\/#website"},"primaryImageOfPage":{"@id":"https:\/\/www.omcsae.com\/producto\/maquina-impresion-offsetkomori-gx40-rp\/#primaryimage"},"image":{"@id":"https:\/\/www.omcsae.com\/producto\/maquina-impresion-offsetkomori-gx40-rp\/#primaryimage"},"thumbnailUrl":"https:\/\/www.omcsae.com\/wp-content\/uploads\/2021\/03\/glx-840rp_advane_a3-scaled-1.png","datePublished":"2021-03-18T20:08:50+00:00","dateModified":"2023-02-13T10:40:05+00:00","description":"Discover our catalog in Offset for printing machines, Printing and graphic arts. Consult more about Komori GX40 RP offset printing machine on our OMC SAE website.","breadcrumb":{"@id":"https:\/\/www.omcsae.com\/producto\/maquina-impresion-offsetkomori-gx40-rp\/#breadcrumb"},"inLanguage":"en-GB","potentialAction":[{"@type":"ReadAction","target":["https:\/\/www.omcsae.com\/producto\/maquina-impresion-offsetkomori-gx40-rp\/"]}]},{"@type":"ImageObject","inLanguage":"en-GB","@id":"https:\/\/www.omcsae.com\/producto\/maquina-impresion-offsetkomori-gx40-rp\/#primaryimage","url":"https:\/\/www.omcsae.com\/wp-content\/uploads\/2021\/03\/glx-840rp_advane_a3-scaled-1.png","contentUrl":"https:\/\/www.omcsae.com\/wp-content\/uploads\/2021\/03\/glx-840rp_advane_a3-scaled-1.png","width":2560,"height":2560},{"@type":"BreadcrumbList","@id":"https:\/\/www.omcsae.com\/producto\/maquina-impresion-offsetkomori-gx40-rp\/#breadcrumb","itemListElement":[{"@type":"ListItem","position":1,"name":"Portada","item":"https:\/\/www.omcsae.com\/"},{"@type":"ListItem","position":2,"name":"Productos","item":"https:\/\/www.omcsae.com\/shop\/"},{"@type":"ListItem","position":3,"name":"M\u00e1quina impresi\u00f3n offset &#8211; Komori LITHRONE GX40RP ADVANCE"}]},{"@type":"WebSite","@id":"https:\/\/www.omcsae.com\/#website","url":"https:\/\/www.omcsae.com\/","name":"OMC sae","description":"Distributor of machinery, consumables and equipment for printing, graphic arts","publisher":{"@id":"https:\/\/www.omcsae.com\/#organization"},"potentialAction":[{"@type":"SearchAction","target":{"@type":"EntryPoint","urlTemplate":"https:\/\/www.omcsae.com\/?s={search_term_string}"},"query-input":{"@type":"PropertyValueSpecification","valueRequired":true,"valueName":"search_term_string"}}],"inLanguage":"en-GB"},{"@type":"Organization","@id":"https:\/\/www.omcsae.com\/#organization","name":"OMC SAE: distributor of machinery, consumables and equipment for the printing industry","url":"https:\/\/www.omcsae.com\/","logo":{"@type":"ImageObject","inLanguage":"en-GB","@id":"https:\/\/www.omcsae.com\/#\/schema\/logo\/image\/","url":"https:\/\/www.omcsae.com\/wp-content\/uploads\/2020\/09\/OMC_Logo-transparent-e1646645548126.png","contentUrl":"https:\/\/www.omcsae.com\/wp-content\/uploads\/2020\/09\/OMC_Logo-transparent-e1646645548126.png","width":303,"height":351,"caption":"OMC SAE: distribuidor de maquinaria, consumibles y equipos para imprentas"},"image":{"@id":"https:\/\/www.omcsae.com\/#\/schema\/logo\/image\/"}}]}},"_links":{"self":[{"href":"https:\/\/www.omcsae.com\/en\/wp-json\/wp\/v2\/product\/2824","targetHints":{"allow":["GET"]}}],"collection":[{"href":"https:\/\/www.omcsae.com\/en\/wp-json\/wp\/v2\/product"}],"about":[{"href":"https:\/\/www.omcsae.com\/en\/wp-json\/wp\/v2\/types\/product"}],"wp:featuredmedia":[{"embeddable":true,"href":"https:\/\/www.omcsae.com\/en\/wp-json\/wp\/v2\/media\/6878"}],"wp:attachment":[{"href":"https:\/\/www.omcsae.com\/en\/wp-json\/wp\/v2\/media?parent=2824"}],"wp:term":[{"taxonomy":"product_cat","embeddable":true,"href":"https:\/\/www.omcsae.com\/en\/wp-json\/wp\/v2\/product_cat?post=2824"},{"taxonomy":"product_tag","embeddable":true,"href":"https:\/\/www.omcsae.com\/en\/wp-json\/wp\/v2\/product_tag?post=2824"}],"curies":[{"name":"wp","href":"https:\/\/api.w.org\/{rel}","templated":true}]}}