{"id":2825,"date":"2021-03-18T20:08:50","date_gmt":"2021-03-18T20:08:50","guid":{"rendered":"http:\/\/omcsae.com.mialias.net\/producto\/prensa-digitalinkjet-komori-impremia-is29\/"},"modified":"2023-02-13T11:55:01","modified_gmt":"2023-02-13T11:55:01","slug":"digital-press-inkjet-komori-impremia-is29","status":"publish","type":"product","link":"https:\/\/www.omcsae.com\/en\/products\/digital-press-inkjet-komori-impremia-is29\/","title":{"rendered":"Digital inkjet press \u2013 Komori IMPREMIA IS29"},"content":{"rendered":"<p>29-inch digital printing substantially expands the range of possible jobs. The system prints large posters, multi-imposition paginated products, and packaging that a conventional A3-format printing machine would not be able to handle.<\/p>\n<p>Six page letter size impositions are possible. The machine incorporates a turning mechanism that allows both 4-page one-sided and 8-page double-sided impositions.<\/p>\n<p>The Impremia IS29 incorporates a direct UV inkjet printing method. You can produce high-contrast prints on coated papers (such as high-relief embossed paper and canvases, for example) that are often difficult to handle with on-demand printers or even offset machines.<\/p>\n<p>Also, the adaptability of flexible and variable printing - available only in digital printing - will bring great benefits.<\/p>\n<p>It covers multiple printing needs and offers advanced capabilities through features that perfectly demonstrate the convenience and responsiveness of digital printing.<\/p>\n<p>Accommodates multiple media and sheet thicknesses, even conventional ofset paper; It offers one-pass two-sided printing with instant curing and the ability to apply finishing processes without delay, as well as being able to print short runs of many different products with very tight lead times.<\/p>\n<p>With stable print quality comparable to ofset for superior tone reproduction and registration accuracy, the Impremia IS29 excels in both commercial and packaging printing.<\/p>\n<p>Simple operation enables multiple job changes with high productivity and efficiencies that facilitate on-demand printing.<\/p>","protected":false},"excerpt":{"rendered":"<p><img loading=\"lazy\" decoding=\"async\" class=\"size-medium wp-image-6550 aligncenter\" src=\"https:\/\/www.omcsae.com\/wp-content\/uploads\/2021\/03\/impremiaIS29_gray-300x82.png\" alt=\"\" width=\"300\" height=\"82\" srcset=\"https:\/\/www.omcsae.com\/wp-content\/uploads\/2021\/03\/impremiaIS29_gray-300x82.png 300w, https:\/\/www.omcsae.com\/wp-content\/uploads\/2021\/03\/impremiaIS29_gray-600x163.png 600w, https:\/\/www.omcsae.com\/wp-content\/uploads\/2021\/03\/impremiaIS29_gray-1024x279.png 1024w, https:\/\/www.omcsae.com\/wp-content\/uploads\/2021\/03\/impremiaIS29_gray-768x209.png 768w, https:\/\/www.omcsae.com\/wp-content\/uploads\/2021\/03\/impremiaIS29_gray-18x5.png 18w, https:\/\/www.omcsae.com\/wp-content\/uploads\/2021\/03\/impremiaIS29_gray.png 1248w\" sizes=\"auto, (max-width: 300px) 100vw, 300px\" \/><\/p>\n<p>The Komori Impremia IS29 digital press offers a maximum sheet size of 585 x 750 mm.<\/p>\n<p>\u2022 No need for special papers thanks to UV inkjet technology<br \/>\n\u2022 No need for pre-treated or certified paper<br \/>\n\u2022 Instant cure and ability to start the finishing process immediately thanks to UV ink and LED-UV drying<br \/>\n\u2022 High image quality comparable to offset<br \/>\n\u2022 Sheet thicknesses of 0.06\u20130.6 mm for single-sided printing<br \/>\n\u2022 Same front \/ back registration precision as offset<\/p>","protected":false},"featured_media":6887,"template":"","meta":[],"product_cat":[674,672],"product_tag":[],"class_list":{"0":"post-2825","1":"product","2":"type-product","3":"status-publish","4":"has-post-thumbnail","6":"product_cat-digital","7":"product_cat-impresion","8":"pa_marca-komori","9":"pa_sectores-impresion-comercial","10":"pa_sectores-packaging","12":"first","13":"instock","14":"product-type-simple"},"yoast_head":"<!-- This site is optimized with the Yoast SEO plugin v27.4 - https:\/\/yoast.com\/product\/yoast-seo-wordpress\/ -->\n<title>Prensa digitalinkjet Komori Impremia IS29 | OMC SAE<\/title>\n<meta name=\"description\" content=\"Descubre nuestro cat\u00e1logo en Digital para m\u00e1quinas de impresi\u00f3n, Impresi\u00f3n y artes gr\u00e1ficas. Consulta m\u00e1s sobre Prensa digitalinkjet Komori Impremia IS29 en nuestra web OMC SAE.\" \/>\n<meta name=\"robots\" content=\"index, follow, max-snippet:-1, max-image-preview:large, max-video-preview:-1\" \/>\n<link rel=\"canonical\" href=\"https:\/\/www.omcsae.com\/en\/products\/digital-press-inkjet-komori-impremia-is29\/\" \/>\n<meta property=\"og:locale\" content=\"en_GB\" \/>\n<meta property=\"og:type\" content=\"article\" \/>\n<meta property=\"og:title\" content=\"Prensa digitalinkjet Komori Impremia IS29 | OMC SAE\" \/>\n<meta property=\"og:description\" content=\"Descubre nuestro cat\u00e1logo en Digital para m\u00e1quinas de impresi\u00f3n, Impresi\u00f3n y artes gr\u00e1ficas. Consulta m\u00e1s sobre Prensa digitalinkjet Komori Impremia IS29 en nuestra web OMC SAE.\" \/>\n<meta property=\"og:url\" content=\"https:\/\/www.omcsae.com\/en\/products\/digital-press-inkjet-komori-impremia-is29\/\" \/>\n<meta property=\"og:site_name\" content=\"OMC sae\" \/>\n<meta property=\"article:modified_time\" content=\"2023-02-13T11:55:01+00:00\" \/>\n<meta property=\"og:image\" content=\"https:\/\/www.omcsae.com\/wp-content\/uploads\/2021\/03\/is29s_del_v_low-scaled-1.png\" \/>\n\t<meta property=\"og:image:width\" content=\"2560\" \/>\n\t<meta property=\"og:image:height\" content=\"2560\" \/>\n\t<meta property=\"og:image:type\" content=\"image\/png\" \/>\n<meta name=\"twitter:card\" content=\"summary_large_image\" \/>\n<meta name=\"twitter:label1\" content=\"Estimated reading time\" \/>\n\t<meta name=\"twitter:data1\" content=\"2 minutes\" \/>\n<script type=\"application\/ld+json\" class=\"yoast-schema-graph\">{\"@context\":\"https:\\\/\\\/schema.org\",\"@graph\":[{\"@type\":\"WebPage\",\"@id\":\"https:\\\/\\\/www.omcsae.com\\\/producto\\\/prensa-digitalinkjet-komori-impremia-is29\\\/\",\"url\":\"https:\\\/\\\/www.omcsae.com\\\/producto\\\/prensa-digitalinkjet-komori-impremia-is29\\\/\",\"name\":\"Prensa digitalinkjet Komori Impremia IS29 | OMC SAE\",\"isPartOf\":{\"@id\":\"https:\\\/\\\/www.omcsae.com\\\/#website\"},\"primaryImageOfPage\":{\"@id\":\"https:\\\/\\\/www.omcsae.com\\\/producto\\\/prensa-digitalinkjet-komori-impremia-is29\\\/#primaryimage\"},\"image\":{\"@id\":\"https:\\\/\\\/www.omcsae.com\\\/producto\\\/prensa-digitalinkjet-komori-impremia-is29\\\/#primaryimage\"},\"thumbnailUrl\":\"https:\\\/\\\/www.omcsae.com\\\/wp-content\\\/uploads\\\/2021\\\/03\\\/is29s_del_v_low-scaled-1.png\",\"datePublished\":\"2021-03-18T20:08:50+00:00\",\"dateModified\":\"2023-02-13T11:55:01+00:00\",\"description\":\"Descubre nuestro cat\u00e1logo en Digital para m\u00e1quinas de impresi\u00f3n, Impresi\u00f3n y artes gr\u00e1ficas. Consulta m\u00e1s sobre Prensa digitalinkjet Komori Impremia IS29 en nuestra web OMC SAE.\",\"breadcrumb\":{\"@id\":\"https:\\\/\\\/www.omcsae.com\\\/producto\\\/prensa-digitalinkjet-komori-impremia-is29\\\/#breadcrumb\"},\"inLanguage\":\"en-GB\",\"potentialAction\":[{\"@type\":\"ReadAction\",\"target\":[\"https:\\\/\\\/www.omcsae.com\\\/producto\\\/prensa-digitalinkjet-komori-impremia-is29\\\/\"]}]},{\"@type\":\"ImageObject\",\"inLanguage\":\"en-GB\",\"@id\":\"https:\\\/\\\/www.omcsae.com\\\/producto\\\/prensa-digitalinkjet-komori-impremia-is29\\\/#primaryimage\",\"url\":\"https:\\\/\\\/www.omcsae.com\\\/wp-content\\\/uploads\\\/2021\\\/03\\\/is29s_del_v_low-scaled-1.png\",\"contentUrl\":\"https:\\\/\\\/www.omcsae.com\\\/wp-content\\\/uploads\\\/2021\\\/03\\\/is29s_del_v_low-scaled-1.png\",\"width\":2560,\"height\":2560},{\"@type\":\"BreadcrumbList\",\"@id\":\"https:\\\/\\\/www.omcsae.com\\\/producto\\\/prensa-digitalinkjet-komori-impremia-is29\\\/#breadcrumb\",\"itemListElement\":[{\"@type\":\"ListItem\",\"position\":1,\"name\":\"Portada\",\"item\":\"https:\\\/\\\/www.omcsae.com\\\/\"},{\"@type\":\"ListItem\",\"position\":2,\"name\":\"Productos\",\"item\":\"https:\\\/\\\/www.omcsae.com\\\/shop\\\/\"},{\"@type\":\"ListItem\",\"position\":3,\"name\":\"Prensa Digital inkjet &#8211; Komori IMPREMIA IS29\"}]},{\"@type\":\"WebSite\",\"@id\":\"https:\\\/\\\/www.omcsae.com\\\/#website\",\"url\":\"https:\\\/\\\/www.omcsae.com\\\/\",\"name\":\"OMC sae\",\"description\":\"Distribuidor de maquinaria, consumibles y equipos para imprentas, artes gr\u00e1ficas\",\"publisher\":{\"@id\":\"https:\\\/\\\/www.omcsae.com\\\/#organization\"},\"potentialAction\":[{\"@type\":\"SearchAction\",\"target\":{\"@type\":\"EntryPoint\",\"urlTemplate\":\"https:\\\/\\\/www.omcsae.com\\\/?s={search_term_string}\"},\"query-input\":{\"@type\":\"PropertyValueSpecification\",\"valueRequired\":true,\"valueName\":\"search_term_string\"}}],\"inLanguage\":\"en-GB\"},{\"@type\":\"Organization\",\"@id\":\"https:\\\/\\\/www.omcsae.com\\\/#organization\",\"name\":\"OMC SAE: distribuidor de maquinaria, consumibles y equipos para imprentas\",\"url\":\"https:\\\/\\\/www.omcsae.com\\\/\",\"logo\":{\"@type\":\"ImageObject\",\"inLanguage\":\"en-GB\",\"@id\":\"https:\\\/\\\/www.omcsae.com\\\/#\\\/schema\\\/logo\\\/image\\\/\",\"url\":\"https:\\\/\\\/www.omcsae.com\\\/wp-content\\\/uploads\\\/2020\\\/09\\\/OMC_Logo-transparent-e1646645548126.png\",\"contentUrl\":\"https:\\\/\\\/www.omcsae.com\\\/wp-content\\\/uploads\\\/2020\\\/09\\\/OMC_Logo-transparent-e1646645548126.png\",\"width\":303,\"height\":351,\"caption\":\"OMC SAE: distribuidor de maquinaria, consumibles y equipos para imprentas\"},\"image\":{\"@id\":\"https:\\\/\\\/www.omcsae.com\\\/#\\\/schema\\\/logo\\\/image\\\/\"}}]}<\/script>\n<!-- \/ Yoast SEO plugin. -->","yoast_head_json":{"title":"Komori Impremia IS29 digitalinkjet press | OMC SAE","description":"Discover our catalog in Digital for printing machines, Printing and graphic arts. Consult more about Komori Impremia IS29 digitalinkjet press on our OMC SAE website.","robots":{"index":"index","follow":"follow","max-snippet":"max-snippet:-1","max-image-preview":"max-image-preview:large","max-video-preview":"max-video-preview:-1"},"canonical":"https:\/\/www.omcsae.com\/en\/products\/digital-press-inkjet-komori-impremia-is29\/","og_locale":"en_GB","og_type":"article","og_title":"Prensa digitalinkjet Komori Impremia IS29 | OMC SAE","og_description":"Descubre nuestro cat\u00e1logo en Digital para m\u00e1quinas de impresi\u00f3n, Impresi\u00f3n y artes gr\u00e1ficas. Consulta m\u00e1s sobre Prensa digitalinkjet Komori Impremia IS29 en nuestra web OMC SAE.","og_url":"https:\/\/www.omcsae.com\/en\/products\/digital-press-inkjet-komori-impremia-is29\/","og_site_name":"OMC sae","article_modified_time":"2023-02-13T11:55:01+00:00","og_image":[{"width":2560,"height":2560,"url":"https:\/\/www.omcsae.com\/wp-content\/uploads\/2021\/03\/is29s_del_v_low-scaled-1.png","type":"image\/png"}],"twitter_card":"summary_large_image","twitter_misc":{"Estimated reading time":"2 minutes"},"schema":{"@context":"https:\/\/schema.org","@graph":[{"@type":"WebPage","@id":"https:\/\/www.omcsae.com\/producto\/prensa-digitalinkjet-komori-impremia-is29\/","url":"https:\/\/www.omcsae.com\/producto\/prensa-digitalinkjet-komori-impremia-is29\/","name":"Komori Impremia IS29 digitalinkjet press | OMC SAE","isPartOf":{"@id":"https:\/\/www.omcsae.com\/#website"},"primaryImageOfPage":{"@id":"https:\/\/www.omcsae.com\/producto\/prensa-digitalinkjet-komori-impremia-is29\/#primaryimage"},"image":{"@id":"https:\/\/www.omcsae.com\/producto\/prensa-digitalinkjet-komori-impremia-is29\/#primaryimage"},"thumbnailUrl":"https:\/\/www.omcsae.com\/wp-content\/uploads\/2021\/03\/is29s_del_v_low-scaled-1.png","datePublished":"2021-03-18T20:08:50+00:00","dateModified":"2023-02-13T11:55:01+00:00","description":"Discover our catalog in Digital for printing machines, Printing and graphic arts. Consult more about Komori Impremia IS29 digitalinkjet press on our OMC SAE website.","breadcrumb":{"@id":"https:\/\/www.omcsae.com\/producto\/prensa-digitalinkjet-komori-impremia-is29\/#breadcrumb"},"inLanguage":"en-GB","potentialAction":[{"@type":"ReadAction","target":["https:\/\/www.omcsae.com\/producto\/prensa-digitalinkjet-komori-impremia-is29\/"]}]},{"@type":"ImageObject","inLanguage":"en-GB","@id":"https:\/\/www.omcsae.com\/producto\/prensa-digitalinkjet-komori-impremia-is29\/#primaryimage","url":"https:\/\/www.omcsae.com\/wp-content\/uploads\/2021\/03\/is29s_del_v_low-scaled-1.png","contentUrl":"https:\/\/www.omcsae.com\/wp-content\/uploads\/2021\/03\/is29s_del_v_low-scaled-1.png","width":2560,"height":2560},{"@type":"BreadcrumbList","@id":"https:\/\/www.omcsae.com\/producto\/prensa-digitalinkjet-komori-impremia-is29\/#breadcrumb","itemListElement":[{"@type":"ListItem","position":1,"name":"Portada","item":"https:\/\/www.omcsae.com\/"},{"@type":"ListItem","position":2,"name":"Productos","item":"https:\/\/www.omcsae.com\/shop\/"},{"@type":"ListItem","position":3,"name":"Prensa Digital inkjet &#8211; Komori IMPREMIA IS29"}]},{"@type":"WebSite","@id":"https:\/\/www.omcsae.com\/#website","url":"https:\/\/www.omcsae.com\/","name":"OMC sae","description":"Distributor of machinery, consumables and equipment for printing, graphic arts","publisher":{"@id":"https:\/\/www.omcsae.com\/#organization"},"potentialAction":[{"@type":"SearchAction","target":{"@type":"EntryPoint","urlTemplate":"https:\/\/www.omcsae.com\/?s={search_term_string}"},"query-input":{"@type":"PropertyValueSpecification","valueRequired":true,"valueName":"search_term_string"}}],"inLanguage":"en-GB"},{"@type":"Organization","@id":"https:\/\/www.omcsae.com\/#organization","name":"OMC SAE: distributor of machinery, consumables and equipment for the printing industry","url":"https:\/\/www.omcsae.com\/","logo":{"@type":"ImageObject","inLanguage":"en-GB","@id":"https:\/\/www.omcsae.com\/#\/schema\/logo\/image\/","url":"https:\/\/www.omcsae.com\/wp-content\/uploads\/2020\/09\/OMC_Logo-transparent-e1646645548126.png","contentUrl":"https:\/\/www.omcsae.com\/wp-content\/uploads\/2020\/09\/OMC_Logo-transparent-e1646645548126.png","width":303,"height":351,"caption":"OMC SAE: distribuidor de maquinaria, consumibles y equipos para imprentas"},"image":{"@id":"https:\/\/www.omcsae.com\/#\/schema\/logo\/image\/"}}]}},"_links":{"self":[{"href":"https:\/\/www.omcsae.com\/en\/wp-json\/wp\/v2\/product\/2825","targetHints":{"allow":["GET"]}}],"collection":[{"href":"https:\/\/www.omcsae.com\/en\/wp-json\/wp\/v2\/product"}],"about":[{"href":"https:\/\/www.omcsae.com\/en\/wp-json\/wp\/v2\/types\/product"}],"wp:featuredmedia":[{"embeddable":true,"href":"https:\/\/www.omcsae.com\/en\/wp-json\/wp\/v2\/media\/6887"}],"wp:attachment":[{"href":"https:\/\/www.omcsae.com\/en\/wp-json\/wp\/v2\/media?parent=2825"}],"wp:term":[{"taxonomy":"product_cat","embeddable":true,"href":"https:\/\/www.omcsae.com\/en\/wp-json\/wp\/v2\/product_cat?post=2825"},{"taxonomy":"product_tag","embeddable":true,"href":"https:\/\/www.omcsae.com\/en\/wp-json\/wp\/v2\/product_tag?post=2825"}],"curies":[{"name":"wp","href":"https:\/\/api.w.org\/{rel}","templated":true}]}}