{"id":2826,"date":"2021-03-18T20:08:50","date_gmt":"2021-03-18T20:08:50","guid":{"rendered":"http:\/\/omcsae.com.mialias.net\/producto\/barnizadora-inkjetuv-2d-3d-y-hot-foil-digital-mgi-jetvarnish-3d\/"},"modified":"2023-02-13T12:20:46","modified_gmt":"2023-02-13T12:20:46","slug":"varnish-inkjetuv-2d-3d-and-hot-foil-digital-mgi-jetvarnish-3d","status":"publish","type":"product","link":"https:\/\/www.omcsae.com\/en\/products\/varnish-inkjetuv-2d-3d-and-hot-foil-digital-mgi-jetvarnish-3d\/","title":{"rendered":"MGI JETvarnish 3D inkjet UV 2D \/ 3D and digital hot-foil coater"},"content":{"rendered":"<p>Technical Specifications - Varnishing<\/p>\n<p>UV inkjet technology<br \/>\n\u2022 MGI\u2019s exclusive inkjet engine technology.<br \/>\n\u2022 Drop-on-demand (Dod) inkjet application.<br \/>\n\u2022 Single-pass piezoelectric print heads.<\/p>\n<p>2 lines of heads (16 inkjet heads in total)<br \/>\n\u2022 Flexible and scalable architecture.<\/p>\n<p>Variable varnish thicknesses<br \/>\nDepending on the file and media used, the thickness of the coating can vary from the traditional flat UV mode of 3 to 200 microns to achieve an embossed 3D effect and a tactile finish.<\/p>\n<p>Production speed<br \/>\nUp to 3,200 (1) B2 sheets per hour approx with 6 micron varnish effect.<\/p>\n<p>Registry<br \/>\nLateral registration guides motorized on the right and left. Automatic registration through a built-in scanner for real-time management of the entire sheet. No registration marks are required.<\/p>\n<p>Supported paper formats<br \/>\n\u2022 Min.: 21\u00d729.7 cm \/ 8.37\u00d711.7&#039;&#039;<br \/>\n\u2022 Max.: 52\u00d7105 cm \/ 20\u00d742&#039;&#039;<\/p>\n<p>Media thickness<br \/>\nHeight adjustment of motorized inkjet heads.<br \/>\n\u2022 Min.: 135 gsm.<br \/>\n\u2022 Max.: 600 gsm<\/p>\n<p>Media compatibility<br \/>\nImprovement on most (2) laminated matte or glossy surfaces, with or without aqueous varnish, laminated paper, plastic, PVC and other varnished materials. 3D reserve varnishing directly on most digital prints (for example: MGI Meteor).<\/p>\n<p>UV varnishes and yields<br \/>\nSeveral coating formulas available, one designed for 2D (flat coating) and one for 2D \/ 3D use. The JETvarnish 3D includes 2 reservoirs and 2 varnish circuits as standard allowing quick changeover between varnish types.<br \/>\nBoth tanks have a large capacity (18 liters \/ 4.7 gallons). Instant tank change is possible during production without interruptions or waste.<\/p>\n<p>Sheet Feeder<br \/>\nApproximately 4000 sheets at 135gsm.<\/p>\n<p>Paper path<br \/>\n\u2022 Paper path 100% flat.<br \/>\n\u2022 Air suction system.<br \/>\n\u2022 Air emission system.<br \/>\n\u2022 Automatic double-fold detection.<\/p>\n<p>Inline UV Dryer<br \/>\nInstant drying and curing through built-in UV lights.<\/p>\n<p>Front End System<br \/>\n\u2022 Intuitive touchscreen management software controlled via a 27&#039;&#039; monitor.<br \/>\nOperator functions:<br \/>\n\u2022 Job cost calculator, image editor, queue and reprint management, camera and printhead settings.<br \/>\n\u2022 Controller of equipment configuration and technical data.<br \/>\n\u2022 10\/100\/1000 BT Ethernet connection on RJ 45.<\/p>\n<p>Technical Specifications - Hotfoil<\/p>\n<p>IFOIL L<br \/>\nApplication of the optional 100% digital hot stamping module.<br \/>\nStandard sheet format 52 \u00d7 105 cm (20 \u00d7 47 &#039;&#039;).<\/p>\n<p>Production speed<br \/>\nUp to 1200 (3) B2 sheets per hour approx (or up to 25m per minute approx - 65.6 feet per minute approx).<\/p>\n<p>Films<br \/>\nUses a variety (4) of commercially available hot foils. Film consumption optimization system.<\/p>\n<p>Coils<br \/>\nMax diameter and length: + -30cm \/ 11.8 &#039;&#039; and from 400 to 2000 meters of film (1300 to 6500 feet).<br \/>\nUp to 5 simultaneous coils on the same axis (with a minimum of 10cm \/ 3.9 &#039;&#039; per coil)<br \/>\n2 cores available: 1 inch as standard and 3 inch optional.<\/p>\n<p>Maximum surface:<br \/>\nThe area of the hot rolling mill cannot exceed 51 \u00d7 104 cm (20.1 \u00d7 41 &#039;&#039;).<\/p>\n<p>Print:<br \/>\nThe surface of the metallized film can be covered with a layer of lacquer or other foil.<\/p>\n<p>Maintenance and Remote Technical Assistance<br \/>\n\u2022 New: Automated inkjet head cleaning and drying.<br \/>\n\u2022 Complete daily maintenance in less than 10 min.<br \/>\n\u2022 Most automated processes.<br \/>\n\u2022 Go from cold start to production in less than 15 min.<br \/>\n\u2022 Remote assistance and troubleshooting via included webcam (requires high-speed internet connection).<\/p>\n<p>JETvarnish 3D + iFOIL Dimensions and Weight<br \/>\n7.5 x 1.6 x 1.83 meters (LxWxH)<br \/>\nClarification: 1 meter on all sides.<br \/>\n\u00b1 1200 kg<\/p>\n<p>Electrical requirements<br \/>\nJETvarnish 3D<br \/>\n400 volts (32A) - 50\/60 Hz<br \/>\nIFOIL<br \/>\n400 volts (25A) - 50\/60 Hz<\/p>\n<p>Operating environment<br \/>\nTemperature: 18 to 30\u00baC \/ 64 to 86\u00baF<br \/>\nRelative humidity between 30 and 50%. (No condensation).<\/p>\n<p>The default sheet size is B2 (52x74cm \/ 20 \u00d7 29 &#039;&#039;) unless otherwise noted.<br \/>\n(1) The speed will vary depending on the printing parameter used.<br \/>\n(2) confirm support \/ toner \/ metallic film compatibility with MGI.<br \/>\n(3) the speed will vary depending on the printing parameter used.<br \/>\n(4) confirm support \/ toner \/ metallic film compatibility with MGI.<br \/>\n\u2022 Some product illustrations may include optional accessories.<br \/>\n\u2022 Specifications and accessories are based on information available at the time of publication and are subject to change without notice.<br \/>\n\u2022 OMC, SAE does not guarantee that the specifications mentioned are error-free.<\/p>","protected":false},"excerpt":{"rendered":"<p>First digital equipment for UV varnishing with reserve, both in 2D and 3D, with a format up to 64 \u00d7 120 cm that uses last generation inkjet technology.<br \/>\nThe JETvarnish 3D unit is ideal for short, medium and long runs, and is positioned as the benchmark for quality, flexibility and profitability in the graphic arts market.<br \/>\nJETvarnish 3D has a very fast start-up as it does not use plates or screens, does not generate waste, and produces between 1 and 3,000 sheets \/ hour without complications.<br \/>\nThe JETvarnish 3D system accepts a wide range of media, with sheet widths ranging from 210 to 520mm and thicknesses from 135 to 600g \/ m2. If you add the visual impact of UV varnishing reserved for book covers, brochures, containers, folders, business cards ... the only thing that limits the possibilities of this equipment is the imagination. Allows varnishing with a gloss, ultra-gloss or satin finish.<br \/>\nThe JETvarnish 3D unit&#039;s built-in UV curing system dries sheets \u201con the fly\u201d via a conveyor belt, without the need for ozone or solvents. The sheets arrive completely dry in the high capacity stacker, allowing them to be handled immediately.<br \/>\nIt&#039;s very easy to add sparse varnish to any project; just add a fifth color to the design, highlighting the areas where the reservation effects should be applied. After printing the document in four-color on the machine of your choice (digital, offset or flexo), load the fifth color into the integrated station of the JETvarnish 3D system.<br \/>\nMGI&#039;s unique inkjet technology ensures perfect results, from the first page to the last. The piezoelectric heads (drop-on-demand) allow to reproduce lines of only 0.3 mm or that occupy the entire width of the sheet (maximum width 515 mm).<br \/>\nThanks to MGI&#039;s proprietary varnish formula, users can automatically switch between varnishing with or without reserve, without the need to clean equipment.<\/p>","protected":false},"featured_media":6895,"template":"","meta":[],"product_cat":[675,643],"product_tag":[],"class_list":{"0":"post-2826","1":"product","2":"type-product","3":"status-publish","4":"has-post-thumbnail","6":"product_cat-hot-foil-y-barniz-digital","7":"product_cat-postimpresion","8":"pa_marca-mgi","10":"first","11":"instock","12":"product-type-simple"},"yoast_head":"<!-- This site is optimized with the Yoast SEO plugin v27.4 - https:\/\/yoast.com\/product\/yoast-seo-wordpress\/ -->\n<title>Barnizadora inkjetUV 2D\/3D y hot-foil digital MGI JETvarnish 3D | OMC SAE<\/title>\n<meta name=\"description\" content=\"Descubre nuestro cat\u00e1logo en Embellecimiento para m\u00e1quinas de impresi\u00f3n, Postimpresi\u00f3n y artes gr\u00e1ficas. Consulta m\u00e1s sobre Barnizadora inkjetUV 2D\/3D y hot-foil digital MGI JETvarnish 3D en nuestra web OMC SAE.\" \/>\n<meta name=\"robots\" content=\"index, follow, max-snippet:-1, max-image-preview:large, max-video-preview:-1\" \/>\n<link rel=\"canonical\" href=\"https:\/\/www.omcsae.com\/en\/products\/varnish-inkjetuv-2d-3d-and-hot-foil-digital-mgi-jetvarnish-3d\/\" \/>\n<meta property=\"og:locale\" content=\"en_GB\" \/>\n<meta property=\"og:type\" content=\"article\" \/>\n<meta property=\"og:title\" content=\"Barnizadora inkjetUV 2D\/3D y hot-foil digital MGI JETvarnish 3D | OMC SAE\" \/>\n<meta property=\"og:description\" content=\"Descubre nuestro cat\u00e1logo en Embellecimiento para m\u00e1quinas de impresi\u00f3n, Postimpresi\u00f3n y artes gr\u00e1ficas. Consulta m\u00e1s sobre Barnizadora inkjetUV 2D\/3D y hot-foil digital MGI JETvarnish 3D en nuestra web OMC SAE.\" \/>\n<meta property=\"og:url\" content=\"https:\/\/www.omcsae.com\/en\/products\/varnish-inkjetuv-2d-3d-and-hot-foil-digital-mgi-jetvarnish-3d\/\" \/>\n<meta property=\"og:site_name\" content=\"OMC sae\" \/>\n<meta property=\"article:modified_time\" content=\"2023-02-13T12:20:46+00:00\" \/>\n<meta property=\"og:image\" content=\"https:\/\/www.omcsae.com\/wp-content\/uploads\/2021\/03\/MGI-JETvarnish-3DL-01.png\" \/>\n\t<meta property=\"og:image:width\" content=\"965\" \/>\n\t<meta property=\"og:image:height\" content=\"965\" \/>\n\t<meta property=\"og:image:type\" content=\"image\/png\" \/>\n<meta name=\"twitter:card\" content=\"summary_large_image\" \/>\n<meta name=\"twitter:label1\" content=\"Estimated reading time\" \/>\n\t<meta name=\"twitter:data1\" content=\"4 minutes\" \/>\n<script type=\"application\/ld+json\" class=\"yoast-schema-graph\">{\"@context\":\"https:\\\/\\\/schema.org\",\"@graph\":[{\"@type\":\"WebPage\",\"@id\":\"https:\\\/\\\/www.omcsae.com\\\/producto\\\/barnizadora-inkjetuv-2d-3d-y-hot-foil-digital-mgi-jetvarnish-3d\\\/\",\"url\":\"https:\\\/\\\/www.omcsae.com\\\/producto\\\/barnizadora-inkjetuv-2d-3d-y-hot-foil-digital-mgi-jetvarnish-3d\\\/\",\"name\":\"Barnizadora inkjetUV 2D\\\/3D y hot-foil digital MGI JETvarnish 3D | OMC SAE\",\"isPartOf\":{\"@id\":\"https:\\\/\\\/www.omcsae.com\\\/#website\"},\"primaryImageOfPage\":{\"@id\":\"https:\\\/\\\/www.omcsae.com\\\/producto\\\/barnizadora-inkjetuv-2d-3d-y-hot-foil-digital-mgi-jetvarnish-3d\\\/#primaryimage\"},\"image\":{\"@id\":\"https:\\\/\\\/www.omcsae.com\\\/producto\\\/barnizadora-inkjetuv-2d-3d-y-hot-foil-digital-mgi-jetvarnish-3d\\\/#primaryimage\"},\"thumbnailUrl\":\"https:\\\/\\\/www.omcsae.com\\\/wp-content\\\/uploads\\\/2021\\\/03\\\/MGI-JETvarnish-3DL-01.png\",\"datePublished\":\"2021-03-18T20:08:50+00:00\",\"dateModified\":\"2023-02-13T12:20:46+00:00\",\"description\":\"Descubre nuestro cat\u00e1logo en Embellecimiento para m\u00e1quinas de impresi\u00f3n, Postimpresi\u00f3n y artes gr\u00e1ficas. Consulta m\u00e1s sobre Barnizadora inkjetUV 2D\\\/3D y hot-foil digital MGI JETvarnish 3D en nuestra web OMC SAE.\",\"breadcrumb\":{\"@id\":\"https:\\\/\\\/www.omcsae.com\\\/producto\\\/barnizadora-inkjetuv-2d-3d-y-hot-foil-digital-mgi-jetvarnish-3d\\\/#breadcrumb\"},\"inLanguage\":\"en-GB\",\"potentialAction\":[{\"@type\":\"ReadAction\",\"target\":[\"https:\\\/\\\/www.omcsae.com\\\/producto\\\/barnizadora-inkjetuv-2d-3d-y-hot-foil-digital-mgi-jetvarnish-3d\\\/\"]}]},{\"@type\":\"ImageObject\",\"inLanguage\":\"en-GB\",\"@id\":\"https:\\\/\\\/www.omcsae.com\\\/producto\\\/barnizadora-inkjetuv-2d-3d-y-hot-foil-digital-mgi-jetvarnish-3d\\\/#primaryimage\",\"url\":\"https:\\\/\\\/www.omcsae.com\\\/wp-content\\\/uploads\\\/2021\\\/03\\\/MGI-JETvarnish-3DL-01.png\",\"contentUrl\":\"https:\\\/\\\/www.omcsae.com\\\/wp-content\\\/uploads\\\/2021\\\/03\\\/MGI-JETvarnish-3DL-01.png\",\"width\":965,\"height\":965},{\"@type\":\"BreadcrumbList\",\"@id\":\"https:\\\/\\\/www.omcsae.com\\\/producto\\\/barnizadora-inkjetuv-2d-3d-y-hot-foil-digital-mgi-jetvarnish-3d\\\/#breadcrumb\",\"itemListElement\":[{\"@type\":\"ListItem\",\"position\":1,\"name\":\"Portada\",\"item\":\"https:\\\/\\\/www.omcsae.com\\\/\"},{\"@type\":\"ListItem\",\"position\":2,\"name\":\"Productos\",\"item\":\"https:\\\/\\\/www.omcsae.com\\\/shop\\\/\"},{\"@type\":\"ListItem\",\"position\":3,\"name\":\"Barnizadora inkjet UV 2D\\\/3D y hot-foil digital MGI JETvarnish 3D\"}]},{\"@type\":\"WebSite\",\"@id\":\"https:\\\/\\\/www.omcsae.com\\\/#website\",\"url\":\"https:\\\/\\\/www.omcsae.com\\\/\",\"name\":\"OMC sae\",\"description\":\"Distribuidor de maquinaria, consumibles y equipos para imprentas, artes gr\u00e1ficas\",\"publisher\":{\"@id\":\"https:\\\/\\\/www.omcsae.com\\\/#organization\"},\"potentialAction\":[{\"@type\":\"SearchAction\",\"target\":{\"@type\":\"EntryPoint\",\"urlTemplate\":\"https:\\\/\\\/www.omcsae.com\\\/?s={search_term_string}\"},\"query-input\":{\"@type\":\"PropertyValueSpecification\",\"valueRequired\":true,\"valueName\":\"search_term_string\"}}],\"inLanguage\":\"en-GB\"},{\"@type\":\"Organization\",\"@id\":\"https:\\\/\\\/www.omcsae.com\\\/#organization\",\"name\":\"OMC SAE: distribuidor de maquinaria, consumibles y equipos para imprentas\",\"url\":\"https:\\\/\\\/www.omcsae.com\\\/\",\"logo\":{\"@type\":\"ImageObject\",\"inLanguage\":\"en-GB\",\"@id\":\"https:\\\/\\\/www.omcsae.com\\\/#\\\/schema\\\/logo\\\/image\\\/\",\"url\":\"https:\\\/\\\/www.omcsae.com\\\/wp-content\\\/uploads\\\/2020\\\/09\\\/OMC_Logo-transparent-e1646645548126.png\",\"contentUrl\":\"https:\\\/\\\/www.omcsae.com\\\/wp-content\\\/uploads\\\/2020\\\/09\\\/OMC_Logo-transparent-e1646645548126.png\",\"width\":303,\"height\":351,\"caption\":\"OMC SAE: distribuidor de maquinaria, consumibles y equipos para imprentas\"},\"image\":{\"@id\":\"https:\\\/\\\/www.omcsae.com\\\/#\\\/schema\\\/logo\\\/image\\\/\"}}]}<\/script>\n<!-- \/ Yoast SEO plugin. -->","yoast_head_json":{"title":"MGI JETvarnish 3D inkjet UV 2D \/ 3D and digital hot-foil coater | OMC SAE","description":"Discover our catalog on Embellishment for printing machines, Post-printing and graphic arts. Consult more about MGI JETvarnish 3D inkjet UV coater and digital hot-foil coater on our OMC SAE website.","robots":{"index":"index","follow":"follow","max-snippet":"max-snippet:-1","max-image-preview":"max-image-preview:large","max-video-preview":"max-video-preview:-1"},"canonical":"https:\/\/www.omcsae.com\/en\/products\/varnish-inkjetuv-2d-3d-and-hot-foil-digital-mgi-jetvarnish-3d\/","og_locale":"en_GB","og_type":"article","og_title":"Barnizadora inkjetUV 2D\/3D y hot-foil digital MGI JETvarnish 3D | OMC SAE","og_description":"Descubre nuestro cat\u00e1logo en Embellecimiento para m\u00e1quinas de impresi\u00f3n, Postimpresi\u00f3n y artes gr\u00e1ficas. Consulta m\u00e1s sobre Barnizadora inkjetUV 2D\/3D y hot-foil digital MGI JETvarnish 3D en nuestra web OMC SAE.","og_url":"https:\/\/www.omcsae.com\/en\/products\/varnish-inkjetuv-2d-3d-and-hot-foil-digital-mgi-jetvarnish-3d\/","og_site_name":"OMC sae","article_modified_time":"2023-02-13T12:20:46+00:00","og_image":[{"width":965,"height":965,"url":"https:\/\/www.omcsae.com\/wp-content\/uploads\/2021\/03\/MGI-JETvarnish-3DL-01.png","type":"image\/png"}],"twitter_card":"summary_large_image","twitter_misc":{"Estimated reading time":"4 minutes"},"schema":{"@context":"https:\/\/schema.org","@graph":[{"@type":"WebPage","@id":"https:\/\/www.omcsae.com\/producto\/barnizadora-inkjetuv-2d-3d-y-hot-foil-digital-mgi-jetvarnish-3d\/","url":"https:\/\/www.omcsae.com\/producto\/barnizadora-inkjetuv-2d-3d-y-hot-foil-digital-mgi-jetvarnish-3d\/","name":"MGI JETvarnish 3D inkjet UV 2D \/ 3D and digital hot-foil coater | OMC SAE","isPartOf":{"@id":"https:\/\/www.omcsae.com\/#website"},"primaryImageOfPage":{"@id":"https:\/\/www.omcsae.com\/producto\/barnizadora-inkjetuv-2d-3d-y-hot-foil-digital-mgi-jetvarnish-3d\/#primaryimage"},"image":{"@id":"https:\/\/www.omcsae.com\/producto\/barnizadora-inkjetuv-2d-3d-y-hot-foil-digital-mgi-jetvarnish-3d\/#primaryimage"},"thumbnailUrl":"https:\/\/www.omcsae.com\/wp-content\/uploads\/2021\/03\/MGI-JETvarnish-3DL-01.png","datePublished":"2021-03-18T20:08:50+00:00","dateModified":"2023-02-13T12:20:46+00:00","description":"Discover our catalog on Embellishment for printing machines, Post-printing and graphic arts. Consult more about MGI JETvarnish 3D inkjet UV coater and digital hot-foil coater on our OMC SAE website.","breadcrumb":{"@id":"https:\/\/www.omcsae.com\/producto\/barnizadora-inkjetuv-2d-3d-y-hot-foil-digital-mgi-jetvarnish-3d\/#breadcrumb"},"inLanguage":"en-GB","potentialAction":[{"@type":"ReadAction","target":["https:\/\/www.omcsae.com\/producto\/barnizadora-inkjetuv-2d-3d-y-hot-foil-digital-mgi-jetvarnish-3d\/"]}]},{"@type":"ImageObject","inLanguage":"en-GB","@id":"https:\/\/www.omcsae.com\/producto\/barnizadora-inkjetuv-2d-3d-y-hot-foil-digital-mgi-jetvarnish-3d\/#primaryimage","url":"https:\/\/www.omcsae.com\/wp-content\/uploads\/2021\/03\/MGI-JETvarnish-3DL-01.png","contentUrl":"https:\/\/www.omcsae.com\/wp-content\/uploads\/2021\/03\/MGI-JETvarnish-3DL-01.png","width":965,"height":965},{"@type":"BreadcrumbList","@id":"https:\/\/www.omcsae.com\/producto\/barnizadora-inkjetuv-2d-3d-y-hot-foil-digital-mgi-jetvarnish-3d\/#breadcrumb","itemListElement":[{"@type":"ListItem","position":1,"name":"Portada","item":"https:\/\/www.omcsae.com\/"},{"@type":"ListItem","position":2,"name":"Productos","item":"https:\/\/www.omcsae.com\/shop\/"},{"@type":"ListItem","position":3,"name":"Barnizadora inkjet UV 2D\/3D y hot-foil digital MGI JETvarnish 3D"}]},{"@type":"WebSite","@id":"https:\/\/www.omcsae.com\/#website","url":"https:\/\/www.omcsae.com\/","name":"OMC sae","description":"Distributor of machinery, consumables and equipment for printing, graphic arts","publisher":{"@id":"https:\/\/www.omcsae.com\/#organization"},"potentialAction":[{"@type":"SearchAction","target":{"@type":"EntryPoint","urlTemplate":"https:\/\/www.omcsae.com\/?s={search_term_string}"},"query-input":{"@type":"PropertyValueSpecification","valueRequired":true,"valueName":"search_term_string"}}],"inLanguage":"en-GB"},{"@type":"Organization","@id":"https:\/\/www.omcsae.com\/#organization","name":"OMC SAE: distributor of machinery, consumables and equipment for the printing industry","url":"https:\/\/www.omcsae.com\/","logo":{"@type":"ImageObject","inLanguage":"en-GB","@id":"https:\/\/www.omcsae.com\/#\/schema\/logo\/image\/","url":"https:\/\/www.omcsae.com\/wp-content\/uploads\/2020\/09\/OMC_Logo-transparent-e1646645548126.png","contentUrl":"https:\/\/www.omcsae.com\/wp-content\/uploads\/2020\/09\/OMC_Logo-transparent-e1646645548126.png","width":303,"height":351,"caption":"OMC SAE: distribuidor de maquinaria, consumibles y equipos para imprentas"},"image":{"@id":"https:\/\/www.omcsae.com\/#\/schema\/logo\/image\/"}}]}},"_links":{"self":[{"href":"https:\/\/www.omcsae.com\/en\/wp-json\/wp\/v2\/product\/2826","targetHints":{"allow":["GET"]}}],"collection":[{"href":"https:\/\/www.omcsae.com\/en\/wp-json\/wp\/v2\/product"}],"about":[{"href":"https:\/\/www.omcsae.com\/en\/wp-json\/wp\/v2\/types\/product"}],"wp:featuredmedia":[{"embeddable":true,"href":"https:\/\/www.omcsae.com\/en\/wp-json\/wp\/v2\/media\/6895"}],"wp:attachment":[{"href":"https:\/\/www.omcsae.com\/en\/wp-json\/wp\/v2\/media?parent=2826"}],"wp:term":[{"taxonomy":"product_cat","embeddable":true,"href":"https:\/\/www.omcsae.com\/en\/wp-json\/wp\/v2\/product_cat?post=2826"},{"taxonomy":"product_tag","embeddable":true,"href":"https:\/\/www.omcsae.com\/en\/wp-json\/wp\/v2\/product_tag?post=2826"}],"curies":[{"name":"wp","href":"https:\/\/api.w.org\/{rel}","templated":true}]}}