{"id":2827,"date":"2021-03-18T20:08:50","date_gmt":"2021-03-18T20:08:50","guid":{"rendered":"http:\/\/omcsae.com.mialias.net\/producto\/barnizadora-inkjet-uv-2d-3d-y-hot-foil-digital-mgi-jetvarnish-3d-evo\/"},"modified":"2023-02-13T14:35:33","modified_gmt":"2023-02-13T14:35:33","slug":"varnish-inkjet-uv-2d-3d-and-hot-foil-digital-mgi-jetvarnish-3d-evo","status":"publish","type":"product","link":"https:\/\/www.omcsae.com\/en\/products\/varnish-inkjet-uv-2d-3d-and-hot-foil-digital-mgi-jetvarnish-3d-evo\/","title":{"rendered":"2D \/ 3D UV inkjet coater and digital hot-foil MGI JETvarnish 3D Evo"},"content":{"rendered":"<p>Technical Specifications - Varnishing<\/p>\n<p>UV inkjet technology<br \/>\n\u2022 MGI\u2019s exclusive inkjet engine technology.<br \/>\n\u2022 Drop-on-demand (Dod) inkjet application.<br \/>\n\u2022 Single-pass piezoelectric print heads.<br \/>\n\u2022 Flexible and scalable architecture.<\/p>\n<p>Variable varnish thicknesses<br \/>\nDepending on the file and media used, the thickness of the coating can vary from the traditional flat UV mode of 3 to 200 microns to achieve an embossed 3D effect and a tactile finish.<\/p>\n<p>Production speed<br \/>\nUp to 3000 (1) B2 sheets per hour approx in all versions, with 18 micron varnish effect.<\/p>\n<p>Registry<br \/>\nLateral registration guides motorized on the right and left. Automatic registration through a built-in scanner for real-time management of the entire sheet. No registration marks are required.<\/p>\n<p>Supported paper formats<br \/>\nMin: 420 \u00d7 297mm \/ 8 \u00d7 11.8 &#039;&#039; (width by height)<br \/>\nMax .: 52 \u00d7 120cm \/ 20 \u00d7 47 &#039;&#039; (standard)<br \/>\n75 \u00d7 120 cm \/ 29 \u00d7 47 &#039;&#039; (3)<\/p>\n<p>Width of print areas<br \/>\n51 cm \/ 20 &#039;&#039; (standard)<br \/>\n63 cm \/ 24.8 &#039;&#039; (3)<br \/>\n74 cm \/ 29 &#039;&#039; (3)<\/p>\n<p>Media thickness<br \/>\n\u2022 Motorized inkjet head height adjustment.<br \/>\n\u2022 Min.: 135 gsm and not less than 150 \uf06dm \/ 6 mil before printing and laminating.<br \/>\n\u2022 Max: 600 gsm and no more than 600 \uf06dm \/ 24 mil before printing and laminating.<\/p>\n<p>Media compatibility<br \/>\nImprovement on most (4) laminated matte or glossy surfaces, with or without aqueous varnish, laminated paper, plastic, PVC and other varnished materials. 3D reserve varnishing directly on most (4) digital impressions (for example: MGI Meteor).<\/p>\n<p>UV varnishing and performance<br \/>\nSeveral coating formulas available, one designed for 2D (flat coating) and one for 2D \/ 3D use. The JETvarnish 3D Evo includes 2 reservoirs and 2 varnish circuits as standard that allow quick changeover between varnish types. Both tanks have a large capacity (18 liters \/ 4.7 gallons). Instant tank change is possible during production without interruptions or waste.<\/p>\n<p>75 cm sheet feeder<br \/>\nHigh capacity feeder capable of stacking paper up to 60cm \/ 23.6 &#039;&#039; high for 75 \u00d7 120cm (29 \u00d7 47 &#039;&#039;) sheets. Approximately 4000 sheets at 135gsm.<\/p>\n<p>75cm pallet stacker<br \/>\nHolds sheets up to 75 \u00d7 120cm (29 \u00d7 47 &#039;&#039;) in size in pallet packaging.<\/p>\n<p>Paper path<br \/>\n\u2022 Paper path 100% flat.<br \/>\n\u2022 Air suction system.<br \/>\n\u2022 Air emission system.<br \/>\n\u2022 Automatic double-fold detection.<\/p>\n<p>Inline UV Dryer<br \/>\nInstant drying and curing through built-in UV lights.<\/p>\n<p>Front End System<br \/>\n\u2022 Intuitive touchscreen management software controlled via a 27&#039;&#039; monitor.<br \/>\n\u2022 Functions for operators:<br \/>\n\u2022 Job cost calculator, image editor, queue and reprint management, camera and printhead settings.<br \/>\n\u2022 Controller of equipment configuration and technical data.<br \/>\n\u2022 10\/100\/1000 BT Ethernet connection on RJ 45.<\/p>\n<p>Technical Specifications - Hotfoil<\/p>\n<p>iFOIL L<br \/>\nApplication of the optional 100% digital hot stamping module. Standard sheet format 75 \u00d7 120 cm (29 \u00d7 47 &#039;&#039;).<\/p>\n<p>Production speed<br \/>\nUp to 1200 (5) B2 sheets per hour approx (or up to 25m per minute approx - 65.6 feet per minute approx).<\/p>\n<p>Films<br \/>\nUses a variety (6) of commercially available hot foils. Film consumption optimization system.<\/p>\n<p>Coils<br \/>\nMax diameter and length: + -30cm \/ 11.8 &#039;&#039; and from 400 to 2000 meters of film (1300 to 6500 feet).<br \/>\nUp to 5 simultaneous coils on the same axis (with a minimum of 10cm \/ 3.9 &#039;&#039; per coil)<br \/>\n2 cores available: 1 inch as standard and 3 inch optional.<\/p>\n<p>Maximum surface<br \/>\nThe hot rolled surface cannot exceed 74 \u00d7 119 cm (29.1 \u00d7 46.8 &#039;&#039;).<\/p>\n<p>Print<br \/>\n18 to 200 \uf06dm thick. The surface of the metallized film can be covered with a layer of lacquer or other foil.<\/p>\n<p>Dry air<br \/>\nRequires oil-free air at a supply of 6 bar (87 psi) &amp; 24 m3\/h.<\/p>\n<p>Other options<br \/>\n64cm Upgrade Upgrade Kit Evo:<br \/>\nUpgrade or later option for printing sheets up to 64 \u00d7 120 cm \/ 24 \u00d7 47 &#039;&#039; in size.<br \/>\n75cm Upgrade Upgrade Kit Evo:<br \/>\nUpgrade or later option for printing sheets up to 75 \u00d7 120 cm \/ 29 \u00d7 47 &#039;&#039; in size.<\/p>\n<p>Variable Data Enhancement (VDE)<br \/>\nThe instantaneous variable data optical system uses a camera and pre-printed barcodes. Variable data for text, graphics and images both in areas with 2D \/ 3D Reserve varnish and in hot rolled areas.<\/p>\n<p>Maintenance and Remote Technical Assistance<br \/>\n\u2022 New: Automated inkjet head cleaning and drying.<br \/>\n\u2022 Complete daily maintenance in less than 10 min.<br \/>\n\u2022 Most automated processes.<br \/>\n\u2022 Go from cold start to production in less than 15 min.<br \/>\n\u2022 Remote assistance and troubleshooting via included webcam (requires high-speed internet connection).<\/p>\n<p>JETvarnish 3D EVO + iFOIL Dimensions and Weight<br \/>\n11.10 x 1.96 x 1.83 meters (LxWxH)<br \/>\nClarification: 1 meter on 3 sides and 2 meters on the side of the stacker.<br \/>\n\u00b1 5000 kg<\/p>\n<p>Electrical requirements<br \/>\nJETvarnish 3D Evo + iFOIL L<br \/>\n40 kW (63A) at 400 volts - 50\/60 Hz<br \/>\n20 kW (32A) at 400 volts - 50\/60 Hz<\/p>\n<p>Operating environment<br \/>\nTemperature: 18 to 30\u00baC \/ 64 to 86\u00baF<br \/>\nRelative humidity between 30 and 50%. (No condensation).<\/p>\n<p>The default sheet size is B2 (52x74cm \/ 20 \u00d7 29 &#039;&#039;) unless otherwise noted.<br \/>\n(1) The speed will vary depending on the printing parameter used.<br \/>\n(2) with the 75cm \/ 29 &#039;&#039; Evo kit.<br \/>\n(3) depending on the options chosen.<br \/>\n(4) confirm support \/ toner \/ metallic film compatibility with MGI.<br \/>\n(5) the speed will vary depending on the printing parameter used.<br \/>\n(6) confirm support \/ toner \/ metallic film compatibility with MGI.<\/p>\n<p>\u2022 Some product illustrations may include optional accessories.<br \/>\n\u2022 Specifications and accessories are based on information available at the time of publication and are subject to change without notice.<br \/>\n\u2022 OMC, SAE does not guarantee that the specifications mentioned are error-free.<\/p>","protected":false},"excerpt":{"rendered":"<p>2D \/ 3D UV inkjet coater and digital hot-foil for packaging<\/p>\n<p>The new flagship of the JETvarnish product family, the JETvarnish 3D Evolution format for B1 +.<br \/>\nThe 2D \/ 3D + iFOIL (Hot-Foil) 100% digital UV inkjet coater, both in B2 + (52 \u00d7 120) and B1 + (75 \u00d7 120) formats, is incorporated into the prestigious JETvarnish 3D digital finishing product offering: the JETvarnish 3D Evolution machine.<br \/>\nJETvarnish 3D Evo is the market&#039;s first scalable finishing machine (varnishing, with reservations, 2D \/ 3D + Hot-FOil 100% digital) in B1 + format, with an upgradeable modular architecture, digital foiling functionality and an upgradeable inkjet expansion system with 3 format options available: 52 \u00d7 120 cm (standard) up to 64 \u00d7 120 cm and 75 \u00d7 120 cm. The production speed of the JETvarnish 3D Evo 75 is over 4,000 sheets in B2 format per hour.<br \/>\nThe B1 + format option is designed so that packaging and container printers can print fully customized short, medium and long runs, without the need for expensive tools for packaging applications.<br \/>\nFinished prints on MGI JETvarnish 3D Evo systems can be a unique combination of brand images, text, data and designs using varnish, 3D varnish and foil masks with digital embossing in a single pass.<br \/>\nThe JETvarnish 3D Evo press is a high-productivity solution that incorporates an artificial intelligence-based sheet registration system (ARS), automatic inkjet head cleaning, and pallet feeding and stacking systems.<br \/>\nThe JETvarnish 3D Evolution (Evo) has been specially designed to offer offset and digital printers a scalable upgrade path for a full range of production environments and postpress applications.<br \/>\nJETvarnish 3D Evo brings additional added value and sensory dimensional textures to the printed product. 100% digital technology provides rapid prototyping, short-run customization flexibility, and the ability to use variable data to customize text and graphics on every part produced.<\/p>","protected":false},"featured_media":6896,"template":"","meta":[],"product_cat":[675,643],"product_tag":[],"class_list":{"0":"post-2827","1":"product","2":"type-product","3":"status-publish","4":"has-post-thumbnail","6":"product_cat-hot-foil-y-barniz-digital","7":"product_cat-postimpresion","8":"pa_marca-mgi","9":"pa_sectores-packaging","11":"first","12":"instock","13":"product-type-simple"},"yoast_head":"<!-- This site is optimized with the Yoast SEO plugin v27.3 - https:\/\/yoast.com\/product\/yoast-seo-wordpress\/ -->\n<title>Barnizadora inkjet UV 2D\/3D y hot-foil digital MGI JETvarnish 3D Evo | OMC SAE<\/title>\n<meta name=\"description\" content=\"Descubre nuestro cat\u00e1logo en Embellecimiento para m\u00e1quinas de impresi\u00f3n, Postimpresi\u00f3n y artes gr\u00e1ficas. Consulta m\u00e1s sobre Barnizadora inkjet UV 2D\/3D y hot-foil digital MGI JETvarnish 3D Evo en nuestra web OMC SAE.\" \/>\n<meta name=\"robots\" content=\"index, follow, max-snippet:-1, max-image-preview:large, max-video-preview:-1\" \/>\n<link rel=\"canonical\" href=\"https:\/\/www.omcsae.com\/en\/products\/varnish-inkjet-uv-2d-3d-and-hot-foil-digital-mgi-jetvarnish-3d-evo\/\" \/>\n<meta property=\"og:locale\" content=\"en_GB\" \/>\n<meta property=\"og:type\" content=\"article\" \/>\n<meta property=\"og:title\" content=\"Barnizadora inkjet UV 2D\/3D y hot-foil digital MGI JETvarnish 3D Evo | OMC SAE\" \/>\n<meta property=\"og:description\" content=\"Descubre nuestro cat\u00e1logo en Embellecimiento para m\u00e1quinas de impresi\u00f3n, Postimpresi\u00f3n y artes gr\u00e1ficas. Consulta m\u00e1s sobre Barnizadora inkjet UV 2D\/3D y hot-foil digital MGI JETvarnish 3D Evo en nuestra web OMC SAE.\" \/>\n<meta property=\"og:url\" content=\"https:\/\/www.omcsae.com\/en\/products\/varnish-inkjet-uv-2d-3d-and-hot-foil-digital-mgi-jetvarnish-3d-evo\/\" \/>\n<meta property=\"og:site_name\" content=\"OMC sae\" \/>\n<meta property=\"article:modified_time\" content=\"2023-02-13T14:35:33+00:00\" \/>\n<meta property=\"og:image\" content=\"https:\/\/www.omcsae.com\/wp-content\/uploads\/2021\/03\/MGI-JETvarnish-3D-Evo-01.png\" \/>\n\t<meta property=\"og:image:width\" content=\"922\" \/>\n\t<meta property=\"og:image:height\" content=\"922\" \/>\n\t<meta property=\"og:image:type\" content=\"image\/png\" \/>\n<meta name=\"twitter:card\" content=\"summary_large_image\" \/>\n<meta name=\"twitter:label1\" content=\"Estimated reading time\" \/>\n\t<meta name=\"twitter:data1\" content=\"5 minutes\" \/>\n<script type=\"application\/ld+json\" class=\"yoast-schema-graph\">{\"@context\":\"https:\\\/\\\/schema.org\",\"@graph\":[{\"@type\":\"WebPage\",\"@id\":\"https:\\\/\\\/www.omcsae.com\\\/producto\\\/barnizadora-inkjet-uv-2d-3d-y-hot-foil-digital-mgi-jetvarnish-3d-evo\\\/\",\"url\":\"https:\\\/\\\/www.omcsae.com\\\/producto\\\/barnizadora-inkjet-uv-2d-3d-y-hot-foil-digital-mgi-jetvarnish-3d-evo\\\/\",\"name\":\"Barnizadora inkjet UV 2D\\\/3D y hot-foil digital MGI JETvarnish 3D Evo | OMC SAE\",\"isPartOf\":{\"@id\":\"https:\\\/\\\/www.omcsae.com\\\/#website\"},\"primaryImageOfPage\":{\"@id\":\"https:\\\/\\\/www.omcsae.com\\\/producto\\\/barnizadora-inkjet-uv-2d-3d-y-hot-foil-digital-mgi-jetvarnish-3d-evo\\\/#primaryimage\"},\"image\":{\"@id\":\"https:\\\/\\\/www.omcsae.com\\\/producto\\\/barnizadora-inkjet-uv-2d-3d-y-hot-foil-digital-mgi-jetvarnish-3d-evo\\\/#primaryimage\"},\"thumbnailUrl\":\"https:\\\/\\\/www.omcsae.com\\\/wp-content\\\/uploads\\\/2021\\\/03\\\/MGI-JETvarnish-3D-Evo-01.png\",\"datePublished\":\"2021-03-18T20:08:50+00:00\",\"dateModified\":\"2023-02-13T14:35:33+00:00\",\"description\":\"Descubre nuestro cat\u00e1logo en Embellecimiento para m\u00e1quinas de impresi\u00f3n, Postimpresi\u00f3n y artes gr\u00e1ficas. Consulta m\u00e1s sobre Barnizadora inkjet UV 2D\\\/3D y hot-foil digital MGI JETvarnish 3D Evo en nuestra web OMC SAE.\",\"breadcrumb\":{\"@id\":\"https:\\\/\\\/www.omcsae.com\\\/producto\\\/barnizadora-inkjet-uv-2d-3d-y-hot-foil-digital-mgi-jetvarnish-3d-evo\\\/#breadcrumb\"},\"inLanguage\":\"en-GB\",\"potentialAction\":[{\"@type\":\"ReadAction\",\"target\":[\"https:\\\/\\\/www.omcsae.com\\\/producto\\\/barnizadora-inkjet-uv-2d-3d-y-hot-foil-digital-mgi-jetvarnish-3d-evo\\\/\"]}]},{\"@type\":\"ImageObject\",\"inLanguage\":\"en-GB\",\"@id\":\"https:\\\/\\\/www.omcsae.com\\\/producto\\\/barnizadora-inkjet-uv-2d-3d-y-hot-foil-digital-mgi-jetvarnish-3d-evo\\\/#primaryimage\",\"url\":\"https:\\\/\\\/www.omcsae.com\\\/wp-content\\\/uploads\\\/2021\\\/03\\\/MGI-JETvarnish-3D-Evo-01.png\",\"contentUrl\":\"https:\\\/\\\/www.omcsae.com\\\/wp-content\\\/uploads\\\/2021\\\/03\\\/MGI-JETvarnish-3D-Evo-01.png\",\"width\":922,\"height\":922},{\"@type\":\"BreadcrumbList\",\"@id\":\"https:\\\/\\\/www.omcsae.com\\\/producto\\\/barnizadora-inkjet-uv-2d-3d-y-hot-foil-digital-mgi-jetvarnish-3d-evo\\\/#breadcrumb\",\"itemListElement\":[{\"@type\":\"ListItem\",\"position\":1,\"name\":\"Portada\",\"item\":\"https:\\\/\\\/www.omcsae.com\\\/\"},{\"@type\":\"ListItem\",\"position\":2,\"name\":\"Productos\",\"item\":\"https:\\\/\\\/www.omcsae.com\\\/shop\\\/\"},{\"@type\":\"ListItem\",\"position\":3,\"name\":\"Barnizadora inkjet UV 2D\\\/3D y hot-foil digital MGI JETvarnish 3D Evo\"}]},{\"@type\":\"WebSite\",\"@id\":\"https:\\\/\\\/www.omcsae.com\\\/#website\",\"url\":\"https:\\\/\\\/www.omcsae.com\\\/\",\"name\":\"OMC sae\",\"description\":\"Distribuidor de maquinaria, consumibles y equipos para imprentas, artes gr\u00e1ficas\",\"publisher\":{\"@id\":\"https:\\\/\\\/www.omcsae.com\\\/#organization\"},\"potentialAction\":[{\"@type\":\"SearchAction\",\"target\":{\"@type\":\"EntryPoint\",\"urlTemplate\":\"https:\\\/\\\/www.omcsae.com\\\/?s={search_term_string}\"},\"query-input\":{\"@type\":\"PropertyValueSpecification\",\"valueRequired\":true,\"valueName\":\"search_term_string\"}}],\"inLanguage\":\"en-GB\"},{\"@type\":\"Organization\",\"@id\":\"https:\\\/\\\/www.omcsae.com\\\/#organization\",\"name\":\"OMC SAE: distribuidor de maquinaria, consumibles y equipos para imprentas\",\"url\":\"https:\\\/\\\/www.omcsae.com\\\/\",\"logo\":{\"@type\":\"ImageObject\",\"inLanguage\":\"en-GB\",\"@id\":\"https:\\\/\\\/www.omcsae.com\\\/#\\\/schema\\\/logo\\\/image\\\/\",\"url\":\"https:\\\/\\\/www.omcsae.com\\\/wp-content\\\/uploads\\\/2020\\\/09\\\/OMC_Logo-transparent-e1646645548126.png\",\"contentUrl\":\"https:\\\/\\\/www.omcsae.com\\\/wp-content\\\/uploads\\\/2020\\\/09\\\/OMC_Logo-transparent-e1646645548126.png\",\"width\":303,\"height\":351,\"caption\":\"OMC SAE: distribuidor de maquinaria, consumibles y equipos para imprentas\"},\"image\":{\"@id\":\"https:\\\/\\\/www.omcsae.com\\\/#\\\/schema\\\/logo\\\/image\\\/\"}}]}<\/script>\n<!-- \/ Yoast SEO plugin. -->","yoast_head_json":{"title":"2D \/ 3D UV inkjet coater and digital hot-foil MGI JETvarnish 3D Evo | OMC SAE","description":"Discover our catalog on Embellishment for printing machines, Post-printing and graphic arts. Consult more about MGI JETvarnish 3D Evo UV inkjet coater 2D \/ 3D and digital hot-foil on our OMC SAE website.","robots":{"index":"index","follow":"follow","max-snippet":"max-snippet:-1","max-image-preview":"max-image-preview:large","max-video-preview":"max-video-preview:-1"},"canonical":"https:\/\/www.omcsae.com\/en\/products\/varnish-inkjet-uv-2d-3d-and-hot-foil-digital-mgi-jetvarnish-3d-evo\/","og_locale":"en_GB","og_type":"article","og_title":"Barnizadora inkjet UV 2D\/3D y hot-foil digital MGI JETvarnish 3D Evo | OMC SAE","og_description":"Descubre nuestro cat\u00e1logo en Embellecimiento para m\u00e1quinas de impresi\u00f3n, Postimpresi\u00f3n y artes gr\u00e1ficas. Consulta m\u00e1s sobre Barnizadora inkjet UV 2D\/3D y hot-foil digital MGI JETvarnish 3D Evo en nuestra web OMC SAE.","og_url":"https:\/\/www.omcsae.com\/en\/products\/varnish-inkjet-uv-2d-3d-and-hot-foil-digital-mgi-jetvarnish-3d-evo\/","og_site_name":"OMC sae","article_modified_time":"2023-02-13T14:35:33+00:00","og_image":[{"width":922,"height":922,"url":"https:\/\/www.omcsae.com\/wp-content\/uploads\/2021\/03\/MGI-JETvarnish-3D-Evo-01.png","type":"image\/png"}],"twitter_card":"summary_large_image","twitter_misc":{"Estimated reading time":"5 minutes"},"schema":{"@context":"https:\/\/schema.org","@graph":[{"@type":"WebPage","@id":"https:\/\/www.omcsae.com\/producto\/barnizadora-inkjet-uv-2d-3d-y-hot-foil-digital-mgi-jetvarnish-3d-evo\/","url":"https:\/\/www.omcsae.com\/producto\/barnizadora-inkjet-uv-2d-3d-y-hot-foil-digital-mgi-jetvarnish-3d-evo\/","name":"2D \/ 3D UV inkjet coater and digital hot-foil MGI JETvarnish 3D Evo | OMC SAE","isPartOf":{"@id":"https:\/\/www.omcsae.com\/#website"},"primaryImageOfPage":{"@id":"https:\/\/www.omcsae.com\/producto\/barnizadora-inkjet-uv-2d-3d-y-hot-foil-digital-mgi-jetvarnish-3d-evo\/#primaryimage"},"image":{"@id":"https:\/\/www.omcsae.com\/producto\/barnizadora-inkjet-uv-2d-3d-y-hot-foil-digital-mgi-jetvarnish-3d-evo\/#primaryimage"},"thumbnailUrl":"https:\/\/www.omcsae.com\/wp-content\/uploads\/2021\/03\/MGI-JETvarnish-3D-Evo-01.png","datePublished":"2021-03-18T20:08:50+00:00","dateModified":"2023-02-13T14:35:33+00:00","description":"Discover our catalog on Embellishment for printing machines, Post-printing and graphic arts. Consult more about MGI JETvarnish 3D Evo UV inkjet coater 2D \/ 3D and digital hot-foil on our OMC SAE website.","breadcrumb":{"@id":"https:\/\/www.omcsae.com\/producto\/barnizadora-inkjet-uv-2d-3d-y-hot-foil-digital-mgi-jetvarnish-3d-evo\/#breadcrumb"},"inLanguage":"en-GB","potentialAction":[{"@type":"ReadAction","target":["https:\/\/www.omcsae.com\/producto\/barnizadora-inkjet-uv-2d-3d-y-hot-foil-digital-mgi-jetvarnish-3d-evo\/"]}]},{"@type":"ImageObject","inLanguage":"en-GB","@id":"https:\/\/www.omcsae.com\/producto\/barnizadora-inkjet-uv-2d-3d-y-hot-foil-digital-mgi-jetvarnish-3d-evo\/#primaryimage","url":"https:\/\/www.omcsae.com\/wp-content\/uploads\/2021\/03\/MGI-JETvarnish-3D-Evo-01.png","contentUrl":"https:\/\/www.omcsae.com\/wp-content\/uploads\/2021\/03\/MGI-JETvarnish-3D-Evo-01.png","width":922,"height":922},{"@type":"BreadcrumbList","@id":"https:\/\/www.omcsae.com\/producto\/barnizadora-inkjet-uv-2d-3d-y-hot-foil-digital-mgi-jetvarnish-3d-evo\/#breadcrumb","itemListElement":[{"@type":"ListItem","position":1,"name":"Portada","item":"https:\/\/www.omcsae.com\/"},{"@type":"ListItem","position":2,"name":"Productos","item":"https:\/\/www.omcsae.com\/shop\/"},{"@type":"ListItem","position":3,"name":"Barnizadora inkjet UV 2D\/3D y hot-foil digital MGI JETvarnish 3D Evo"}]},{"@type":"WebSite","@id":"https:\/\/www.omcsae.com\/#website","url":"https:\/\/www.omcsae.com\/","name":"OMC sae","description":"Distributor of machinery, consumables and equipment for printing, graphic arts","publisher":{"@id":"https:\/\/www.omcsae.com\/#organization"},"potentialAction":[{"@type":"SearchAction","target":{"@type":"EntryPoint","urlTemplate":"https:\/\/www.omcsae.com\/?s={search_term_string}"},"query-input":{"@type":"PropertyValueSpecification","valueRequired":true,"valueName":"search_term_string"}}],"inLanguage":"en-GB"},{"@type":"Organization","@id":"https:\/\/www.omcsae.com\/#organization","name":"OMC SAE: distributor of machinery, consumables and equipment for the printing industry","url":"https:\/\/www.omcsae.com\/","logo":{"@type":"ImageObject","inLanguage":"en-GB","@id":"https:\/\/www.omcsae.com\/#\/schema\/logo\/image\/","url":"https:\/\/www.omcsae.com\/wp-content\/uploads\/2020\/09\/OMC_Logo-transparent-e1646645548126.png","contentUrl":"https:\/\/www.omcsae.com\/wp-content\/uploads\/2020\/09\/OMC_Logo-transparent-e1646645548126.png","width":303,"height":351,"caption":"OMC SAE: distribuidor de maquinaria, consumibles y equipos para imprentas"},"image":{"@id":"https:\/\/www.omcsae.com\/#\/schema\/logo\/image\/"}}]}},"_links":{"self":[{"href":"https:\/\/www.omcsae.com\/en\/wp-json\/wp\/v2\/product\/2827","targetHints":{"allow":["GET"]}}],"collection":[{"href":"https:\/\/www.omcsae.com\/en\/wp-json\/wp\/v2\/product"}],"about":[{"href":"https:\/\/www.omcsae.com\/en\/wp-json\/wp\/v2\/types\/product"}],"wp:featuredmedia":[{"embeddable":true,"href":"https:\/\/www.omcsae.com\/en\/wp-json\/wp\/v2\/media\/6896"}],"wp:attachment":[{"href":"https:\/\/www.omcsae.com\/en\/wp-json\/wp\/v2\/media?parent=2827"}],"wp:term":[{"taxonomy":"product_cat","embeddable":true,"href":"https:\/\/www.omcsae.com\/en\/wp-json\/wp\/v2\/product_cat?post=2827"},{"taxonomy":"product_tag","embeddable":true,"href":"https:\/\/www.omcsae.com\/en\/wp-json\/wp\/v2\/product_tag?post=2827"}],"curies":[{"name":"wp","href":"https:\/\/api.w.org\/{rel}","templated":true}]}}