{"id":2828,"date":"2021-03-18T20:09:08","date_gmt":"2021-03-18T20:09:08","guid":{"rendered":"http:\/\/omcsae.com.mialias.net\/producto\/barnizadora-inkjetuv-2d-3d-y-hot-foil-digital-mgi-jetvarnish-3d-web\/"},"modified":"2023-02-13T14:37:43","modified_gmt":"2023-02-13T14:37:43","slug":"varnish-inkjetuv-2d-3d-and-hot-foil-digital-mgi-jetvarnish-3d-web","status":"publish","type":"product","link":"https:\/\/www.omcsae.com\/en\/products\/varnish-inkjetuv-2d-3d-and-hot-foil-digital-mgi-jetvarnish-3d-web\/","title":{"rendered":"MGI JETvarnish 3D Web inkjet UV 2D \/ 3D and digital hot-foil coater"},"content":{"rendered":"<p>Characteristics<br \/>\nStunning effects<br \/>\nApplies UV spot varnish and hot foil to coated and uncoated materials, synthetics, paper, and lightweight cardboard<br \/>\nEasy to use<br \/>\nQuick-to-understand, easy-to-use equipment requiring fewer special skills, freeing up operators to do other jobs<br \/>\nFlexo UV rotary complete station<br \/>\nIn-line rotary Flexo UV station, for deep varnishing, allows UV varnishing and hot foil finishing on a wide variety of substrates, including uncoated materials<br \/>\nIFoil technology, hot stamping 100% digital<br \/>\nDigital \/ variable embellishments of varnish and 2D and 3D lamination, added value for self-adhesive labels and flexible packaging, being able to choose between metallic, holographic and colored lamination.<br \/>\nMGI Artificial Intelligence Smartscanner (AIS) or scanner with Artificial Intelligence<br \/>\nThe varnish and hot sheet registration system automatically scans each sheet and compares it to the digital mask; no registration marks, reducing make-ready times and waste<br \/>\nUnwinder and rewinder<br \/>\nVariable grid width, automatic coil diameter calculation, tension setting division table and more<br \/>\nHigh production speed and perfect varnish quality<br \/>\nSpeeds up to 42 meters per minute, 7 to 232 micron touch and styling effect<br \/>\nWide compatibility<br \/>\nCompatible with digital, flexo and offset web-to-web printing technologies<\/p>\n<p>Technical specifications<\/p>\n<p>Production speed<br \/>\nUp to 42 m \/ min (depending on printing parameters)<\/p>\n<p>Bandwidth<br \/>\nFrom 100mm to 420mm<\/p>\n<p>Finish width<br \/>\nThe maximum image width is 405mm<\/p>\n<p>Supported media types<br \/>\nFrom 50 to 400 microns (\u00b5m)<br \/>\nCoated, uncoated paper, film<br \/>\nSelf-adhesive labels<br \/>\nWhite or transparent synthetic substrate (PP, PE, POPP, PET)<br \/>\nPVC, PETG<br \/>\nLightweight \/ folding carton<\/p>\n<p>Wide compatibility<br \/>\nCompatible with all web-to-roll printing technologies. Narrow web digital machines and traditional narrow web offset or flexo presses.<\/p>\n<p>Unwinder<br \/>\n- Maximum coil diameter 850 mm<br \/>\n- Standard inside diameter 3 inches<br \/>\n- Maximum coil weight approx 120 kg<\/p>\n<p>Flexo UV Station<br \/>\nAn integrated flexo station for rotary full-size coating. This station is used to apply a UV protection varnish or a primer before finishing. The module comes with a UV dryer.<br \/>\nThe station is equipped with an anilox cylinder.<\/p>\n<p>UV coating station<br \/>\nThis station uses the award-winning MGI ink injection technology to produce a UV varnish coating. Any defined label area can be UV coated with or without 3D effects.<br \/>\nA simple prepress engineered grayscale TIFF file controls the surface area and thickness of the varnish applied on the printed roll. This 100% digital process eliminates traditional plates, screen and dies.<\/p>\n<p>Varnish thicknesses<br \/>\nFrom 7 to 232 microns of varnish thickness (from 2D varnishes to 3D varnish effects).<\/p>\n<p>In-line drying<br \/>\nThe station is equipped with a UV dryer and a cooler for optimal control of the temperature of the paper web. The curing sequence also includes a special back and forth motion to dry each label and eliminate waste between runs.<\/p>\n<p>Hot Foil Unit<br \/>\nThe hot laminating station adds special effects and brand value to labeling and packaging products. Any defined label area can receive a digitally controlled foil with or without 3D effects.<br \/>\nA simple prepress engineered grayscale TIFF file controls the surface area and thickness of the varnish applied on the printed roll. This 100% digital process eliminates traditional plates, screen and dies.<br \/>\nThe application of the foil can be omitted when not necessary.<\/p>\n<p>Foil Coils<br \/>\nFoil coil width from 100 mm to 420 mm.<br \/>\nFoil coil length from 400m to 2000m.<br \/>\nUp to three simultaneous foil reels<\/p>\n<p>Die unit<br \/>\nA semi-rotary die cutting unit is available as an option for finishing labels in line on the JETVARNISH 3DW machine.<br \/>\nThe unit uses a 21 \u2033 magnetic cylinder and an automatic registration system. 2 cutter blades and a die rewinder included<br \/>\n- Semi-rotary format from 100 to 420 mm<br \/>\n- Maximum diameter of the die 600 mm<br \/>\n- 2 blades as standard<br \/>\n- Gapmaster system for height adjustment as optional<\/p>\n<p>Rewinder<br \/>\nServo-motorized unit<br \/>\nMaximum coil diameter 850 mm<br \/>\nMaximum coil weight 120 kg approx<\/p>\n<p>Variable data finishing system<br \/>\n\u00b7 Manage and edit files on the workstation<br \/>\nFull variable data for 2D \/ 3D varnishing areas and hot rolling areas<br \/>\nIntegrated barcode reader system<br \/>\nRIP as optional<\/p>\n<p>Other options<br \/>\nCorona treatment. Online system that optimizes the adhesion of varnish on complex substrates.<\/p>\n<p>JETvarnish 3DW Dimensions and Weight<br \/>\n11.85 x 1.58 x 1.83 meters approx (LxWxH)<br \/>\nClearance: 1 meter (3.3 feet) on 4 sides<br \/>\n+ - 4447 kg approx<\/p>\n<p>Electrical requirements<br \/>\n40 kW (63A) at 400 volts - 50\/60 Hz<br \/>\n20 kW (32A) at 400 volts - 50\/60 Hz<\/p>\n<p>(1) Print speed will vary depending on the printing parameters used (format, weight, paper conditions).<\/p>\n<p>\u2022 Some product illustrations may include optional accessories.<br \/>\n\u2022 Specifications and accessories are based on information available at the time of publication and are subject to change without notice.<br \/>\n\u2022 OMC, SAE does not guarantee that the specifications mentioned are error-free.<\/p>","protected":false},"excerpt":{"rendered":"<p>2D \/ 3D UV inkjet coater and digital hot-foil for packaging<\/p>\n<p>JETvarnish 3D Web offers exceptional enhancement value to printing for the label market.<br \/>\nJETvarnish 3D Web enables self-adhesive label printers to perform embellishment, selective and embossed varnishing, and hot stamping finishes, fully digital without costly dies, screens or tools in bandwidths up to 420mm.<br \/>\nJETvarnish 3D Web is designed for selective varnishing (UV inkjet) in 2D \/ 3D relief on flexo, offset or digital printed web.<br \/>\nPlus, glamorous colored and metallic foil hot foil can be applied in the same process to embellish label designs.<br \/>\nA digitally finished label from the MGI solution provides eye-catching sensory enhancements and spectacular touch sensations that brand owners seek to distinguish their products in the marketplace.<br \/>\nJETvarnish 3D Web also has an in-line flexo station that applies a pre-treatment to those label media that were not originally intended for processing on inkjet machinery.<br \/>\nThis elegant and flexible solution offers a great compatibility advantage for label printers using a wide range of printing technologies (digital, offset or flexo).<br \/>\nJETvarnish 3D Web brings added value and sensory dimensional textures to printed label output.<br \/>\n100% digital technology provides rapid prototyping, short-run customization flexibility, and the ability to use variable data to customize text and graphics on every part produced.<br \/>\n- Digital embellishment press for label and flexible packaging printers<br \/>\n- For 2D and 3D inline UV spot coating, hot foil embossing, die-cutting and grooving<br \/>\n- It offers perfect registration, a speed of up to 42 m\/minute and the ability to create different thicknesses of up to 232 microns for tactile and embossed effects.<br \/>\n- Greater flexibility, shorter runs, faster turnaround times and customisation<br \/>\n- Automatic adjustments for tilting, stretching, shrinking and shifting on the fly with the artificially intelligent MGI SMARTSCANNER (AIS)<br \/>\n- Metallic, holographic and coloured laminates can be used from 100 to 420 mm wide.<br \/>\n- The tasks are relatively easy to understand and implement, whereas traditional beautification equipment requires tedious and expensive preparations.<br \/>\n- Coated, uncoated and textured papers, film or self-adhesive labels can be used.<\/p>","protected":false},"featured_media":6897,"template":"","meta":[],"product_cat":[675,643],"product_tag":[],"class_list":{"0":"post-2828","1":"product","2":"type-product","3":"status-publish","4":"has-post-thumbnail","6":"product_cat-hot-foil-y-barniz-digital","7":"product_cat-postimpresion","8":"pa_marca-mgi","9":"pa_sectores-etiquetas","11":"first","12":"instock","13":"product-type-simple"},"yoast_head":"<!-- This site is optimized with the Yoast SEO plugin v27.3 - https:\/\/yoast.com\/product\/yoast-seo-wordpress\/ -->\n<title>Barnizadora inkjetUV 2D\/3D y hot-foil digital MGI JETvarnish 3D Web | OMC SAE<\/title>\n<meta name=\"description\" content=\"Descubre nuestro cat\u00e1logo en Embellecimiento para m\u00e1quinas de impresi\u00f3n, Postimpresi\u00f3n y artes gr\u00e1ficas. Consulta m\u00e1s sobre Barnizadora inkjetUV 2D\/3D y hot-foil digital MGI JETvarnish 3D Web en nuestra web OMC SAE.\" \/>\n<meta name=\"robots\" content=\"index, follow, max-snippet:-1, max-image-preview:large, max-video-preview:-1\" \/>\n<link rel=\"canonical\" href=\"https:\/\/www.omcsae.com\/en\/products\/varnish-inkjetuv-2d-3d-and-hot-foil-digital-mgi-jetvarnish-3d-web\/\" \/>\n<meta property=\"og:locale\" content=\"en_GB\" \/>\n<meta property=\"og:type\" content=\"article\" \/>\n<meta property=\"og:title\" content=\"Barnizadora inkjetUV 2D\/3D y hot-foil digital MGI JETvarnish 3D Web | OMC SAE\" \/>\n<meta property=\"og:description\" content=\"Descubre nuestro cat\u00e1logo en Embellecimiento para m\u00e1quinas de impresi\u00f3n, Postimpresi\u00f3n y artes gr\u00e1ficas. Consulta m\u00e1s sobre Barnizadora inkjetUV 2D\/3D y hot-foil digital MGI JETvarnish 3D Web en nuestra web OMC SAE.\" \/>\n<meta property=\"og:url\" content=\"https:\/\/www.omcsae.com\/en\/products\/varnish-inkjetuv-2d-3d-and-hot-foil-digital-mgi-jetvarnish-3d-web\/\" \/>\n<meta property=\"og:site_name\" content=\"OMC sae\" \/>\n<meta property=\"article:modified_time\" content=\"2023-02-13T14:37:43+00:00\" \/>\n<meta property=\"og:image\" content=\"https:\/\/www.omcsae.com\/wp-content\/uploads\/2021\/03\/MGI-JETvarnish-3D-Web-01.png\" \/>\n\t<meta property=\"og:image:width\" content=\"865\" \/>\n\t<meta property=\"og:image:height\" content=\"865\" \/>\n\t<meta property=\"og:image:type\" content=\"image\/png\" \/>\n<meta name=\"twitter:card\" content=\"summary_large_image\" \/>\n<meta name=\"twitter:label1\" content=\"Estimated reading time\" \/>\n\t<meta name=\"twitter:data1\" content=\"5 minutes\" \/>\n<script type=\"application\/ld+json\" class=\"yoast-schema-graph\">{\"@context\":\"https:\\\/\\\/schema.org\",\"@graph\":[{\"@type\":\"WebPage\",\"@id\":\"https:\\\/\\\/www.omcsae.com\\\/producto\\\/barnizadora-inkjetuv-2d-3d-y-hot-foil-digital-mgi-jetvarnish-3d-web\\\/\",\"url\":\"https:\\\/\\\/www.omcsae.com\\\/producto\\\/barnizadora-inkjetuv-2d-3d-y-hot-foil-digital-mgi-jetvarnish-3d-web\\\/\",\"name\":\"Barnizadora inkjetUV 2D\\\/3D y hot-foil digital MGI JETvarnish 3D Web | OMC SAE\",\"isPartOf\":{\"@id\":\"https:\\\/\\\/www.omcsae.com\\\/#website\"},\"primaryImageOfPage\":{\"@id\":\"https:\\\/\\\/www.omcsae.com\\\/producto\\\/barnizadora-inkjetuv-2d-3d-y-hot-foil-digital-mgi-jetvarnish-3d-web\\\/#primaryimage\"},\"image\":{\"@id\":\"https:\\\/\\\/www.omcsae.com\\\/producto\\\/barnizadora-inkjetuv-2d-3d-y-hot-foil-digital-mgi-jetvarnish-3d-web\\\/#primaryimage\"},\"thumbnailUrl\":\"https:\\\/\\\/www.omcsae.com\\\/wp-content\\\/uploads\\\/2021\\\/03\\\/MGI-JETvarnish-3D-Web-01.png\",\"datePublished\":\"2021-03-18T20:09:08+00:00\",\"dateModified\":\"2023-02-13T14:37:43+00:00\",\"description\":\"Descubre nuestro cat\u00e1logo en Embellecimiento para m\u00e1quinas de impresi\u00f3n, Postimpresi\u00f3n y artes gr\u00e1ficas. Consulta m\u00e1s sobre Barnizadora inkjetUV 2D\\\/3D y hot-foil digital MGI JETvarnish 3D Web en nuestra web OMC SAE.\",\"breadcrumb\":{\"@id\":\"https:\\\/\\\/www.omcsae.com\\\/producto\\\/barnizadora-inkjetuv-2d-3d-y-hot-foil-digital-mgi-jetvarnish-3d-web\\\/#breadcrumb\"},\"inLanguage\":\"en-GB\",\"potentialAction\":[{\"@type\":\"ReadAction\",\"target\":[\"https:\\\/\\\/www.omcsae.com\\\/producto\\\/barnizadora-inkjetuv-2d-3d-y-hot-foil-digital-mgi-jetvarnish-3d-web\\\/\"]}]},{\"@type\":\"ImageObject\",\"inLanguage\":\"en-GB\",\"@id\":\"https:\\\/\\\/www.omcsae.com\\\/producto\\\/barnizadora-inkjetuv-2d-3d-y-hot-foil-digital-mgi-jetvarnish-3d-web\\\/#primaryimage\",\"url\":\"https:\\\/\\\/www.omcsae.com\\\/wp-content\\\/uploads\\\/2021\\\/03\\\/MGI-JETvarnish-3D-Web-01.png\",\"contentUrl\":\"https:\\\/\\\/www.omcsae.com\\\/wp-content\\\/uploads\\\/2021\\\/03\\\/MGI-JETvarnish-3D-Web-01.png\",\"width\":865,\"height\":865},{\"@type\":\"BreadcrumbList\",\"@id\":\"https:\\\/\\\/www.omcsae.com\\\/producto\\\/barnizadora-inkjetuv-2d-3d-y-hot-foil-digital-mgi-jetvarnish-3d-web\\\/#breadcrumb\",\"itemListElement\":[{\"@type\":\"ListItem\",\"position\":1,\"name\":\"Portada\",\"item\":\"https:\\\/\\\/www.omcsae.com\\\/\"},{\"@type\":\"ListItem\",\"position\":2,\"name\":\"Productos\",\"item\":\"https:\\\/\\\/www.omcsae.com\\\/shop\\\/\"},{\"@type\":\"ListItem\",\"position\":3,\"name\":\"Barnizadora inkjet UV 2D\\\/3D y hot-foil digital MGI JETvarnish 3D Web\"}]},{\"@type\":\"WebSite\",\"@id\":\"https:\\\/\\\/www.omcsae.com\\\/#website\",\"url\":\"https:\\\/\\\/www.omcsae.com\\\/\",\"name\":\"OMC sae\",\"description\":\"Distribuidor de maquinaria, consumibles y equipos para imprentas, artes gr\u00e1ficas\",\"publisher\":{\"@id\":\"https:\\\/\\\/www.omcsae.com\\\/#organization\"},\"potentialAction\":[{\"@type\":\"SearchAction\",\"target\":{\"@type\":\"EntryPoint\",\"urlTemplate\":\"https:\\\/\\\/www.omcsae.com\\\/?s={search_term_string}\"},\"query-input\":{\"@type\":\"PropertyValueSpecification\",\"valueRequired\":true,\"valueName\":\"search_term_string\"}}],\"inLanguage\":\"en-GB\"},{\"@type\":\"Organization\",\"@id\":\"https:\\\/\\\/www.omcsae.com\\\/#organization\",\"name\":\"OMC SAE: distribuidor de maquinaria, consumibles y equipos para imprentas\",\"url\":\"https:\\\/\\\/www.omcsae.com\\\/\",\"logo\":{\"@type\":\"ImageObject\",\"inLanguage\":\"en-GB\",\"@id\":\"https:\\\/\\\/www.omcsae.com\\\/#\\\/schema\\\/logo\\\/image\\\/\",\"url\":\"https:\\\/\\\/www.omcsae.com\\\/wp-content\\\/uploads\\\/2020\\\/09\\\/OMC_Logo-transparent-e1646645548126.png\",\"contentUrl\":\"https:\\\/\\\/www.omcsae.com\\\/wp-content\\\/uploads\\\/2020\\\/09\\\/OMC_Logo-transparent-e1646645548126.png\",\"width\":303,\"height\":351,\"caption\":\"OMC SAE: distribuidor de maquinaria, consumibles y equipos para imprentas\"},\"image\":{\"@id\":\"https:\\\/\\\/www.omcsae.com\\\/#\\\/schema\\\/logo\\\/image\\\/\"}}]}<\/script>\n<!-- \/ Yoast SEO plugin. -->","yoast_head_json":{"title":"2D \/ 3D inkjet UV coater and digital hot-foil MGI JETvarnish 3D Web | OMC SAE","description":"Discover our catalog on Embellishment for printing machines, Post-printing and graphic arts. Consult more about Inkjet UV 2D \/ 3D and digital hot-foil coater MGI JETvarnish 3D Web on our OMC SAE website.","robots":{"index":"index","follow":"follow","max-snippet":"max-snippet:-1","max-image-preview":"max-image-preview:large","max-video-preview":"max-video-preview:-1"},"canonical":"https:\/\/www.omcsae.com\/en\/products\/varnish-inkjetuv-2d-3d-and-hot-foil-digital-mgi-jetvarnish-3d-web\/","og_locale":"en_GB","og_type":"article","og_title":"Barnizadora inkjetUV 2D\/3D y hot-foil digital MGI JETvarnish 3D Web | OMC SAE","og_description":"Descubre nuestro cat\u00e1logo en Embellecimiento para m\u00e1quinas de impresi\u00f3n, Postimpresi\u00f3n y artes gr\u00e1ficas. Consulta m\u00e1s sobre Barnizadora inkjetUV 2D\/3D y hot-foil digital MGI JETvarnish 3D Web en nuestra web OMC SAE.","og_url":"https:\/\/www.omcsae.com\/en\/products\/varnish-inkjetuv-2d-3d-and-hot-foil-digital-mgi-jetvarnish-3d-web\/","og_site_name":"OMC sae","article_modified_time":"2023-02-13T14:37:43+00:00","og_image":[{"width":865,"height":865,"url":"https:\/\/www.omcsae.com\/wp-content\/uploads\/2021\/03\/MGI-JETvarnish-3D-Web-01.png","type":"image\/png"}],"twitter_card":"summary_large_image","twitter_misc":{"Estimated reading time":"5 minutes"},"schema":{"@context":"https:\/\/schema.org","@graph":[{"@type":"WebPage","@id":"https:\/\/www.omcsae.com\/producto\/barnizadora-inkjetuv-2d-3d-y-hot-foil-digital-mgi-jetvarnish-3d-web\/","url":"https:\/\/www.omcsae.com\/producto\/barnizadora-inkjetuv-2d-3d-y-hot-foil-digital-mgi-jetvarnish-3d-web\/","name":"2D \/ 3D inkjet UV coater and digital hot-foil MGI JETvarnish 3D Web | OMC SAE","isPartOf":{"@id":"https:\/\/www.omcsae.com\/#website"},"primaryImageOfPage":{"@id":"https:\/\/www.omcsae.com\/producto\/barnizadora-inkjetuv-2d-3d-y-hot-foil-digital-mgi-jetvarnish-3d-web\/#primaryimage"},"image":{"@id":"https:\/\/www.omcsae.com\/producto\/barnizadora-inkjetuv-2d-3d-y-hot-foil-digital-mgi-jetvarnish-3d-web\/#primaryimage"},"thumbnailUrl":"https:\/\/www.omcsae.com\/wp-content\/uploads\/2021\/03\/MGI-JETvarnish-3D-Web-01.png","datePublished":"2021-03-18T20:09:08+00:00","dateModified":"2023-02-13T14:37:43+00:00","description":"Discover our catalog on Embellishment for printing machines, Post-printing and graphic arts. Consult more about Inkjet UV 2D \/ 3D and digital hot-foil coater MGI JETvarnish 3D Web on our OMC SAE website.","breadcrumb":{"@id":"https:\/\/www.omcsae.com\/producto\/barnizadora-inkjetuv-2d-3d-y-hot-foil-digital-mgi-jetvarnish-3d-web\/#breadcrumb"},"inLanguage":"en-GB","potentialAction":[{"@type":"ReadAction","target":["https:\/\/www.omcsae.com\/producto\/barnizadora-inkjetuv-2d-3d-y-hot-foil-digital-mgi-jetvarnish-3d-web\/"]}]},{"@type":"ImageObject","inLanguage":"en-GB","@id":"https:\/\/www.omcsae.com\/producto\/barnizadora-inkjetuv-2d-3d-y-hot-foil-digital-mgi-jetvarnish-3d-web\/#primaryimage","url":"https:\/\/www.omcsae.com\/wp-content\/uploads\/2021\/03\/MGI-JETvarnish-3D-Web-01.png","contentUrl":"https:\/\/www.omcsae.com\/wp-content\/uploads\/2021\/03\/MGI-JETvarnish-3D-Web-01.png","width":865,"height":865},{"@type":"BreadcrumbList","@id":"https:\/\/www.omcsae.com\/producto\/barnizadora-inkjetuv-2d-3d-y-hot-foil-digital-mgi-jetvarnish-3d-web\/#breadcrumb","itemListElement":[{"@type":"ListItem","position":1,"name":"Portada","item":"https:\/\/www.omcsae.com\/"},{"@type":"ListItem","position":2,"name":"Productos","item":"https:\/\/www.omcsae.com\/shop\/"},{"@type":"ListItem","position":3,"name":"Barnizadora inkjet UV 2D\/3D y hot-foil digital MGI JETvarnish 3D Web"}]},{"@type":"WebSite","@id":"https:\/\/www.omcsae.com\/#website","url":"https:\/\/www.omcsae.com\/","name":"OMC sae","description":"Distributor of machinery, consumables and equipment for printing, graphic arts","publisher":{"@id":"https:\/\/www.omcsae.com\/#organization"},"potentialAction":[{"@type":"SearchAction","target":{"@type":"EntryPoint","urlTemplate":"https:\/\/www.omcsae.com\/?s={search_term_string}"},"query-input":{"@type":"PropertyValueSpecification","valueRequired":true,"valueName":"search_term_string"}}],"inLanguage":"en-GB"},{"@type":"Organization","@id":"https:\/\/www.omcsae.com\/#organization","name":"OMC SAE: distributor of machinery, consumables and equipment for the printing industry","url":"https:\/\/www.omcsae.com\/","logo":{"@type":"ImageObject","inLanguage":"en-GB","@id":"https:\/\/www.omcsae.com\/#\/schema\/logo\/image\/","url":"https:\/\/www.omcsae.com\/wp-content\/uploads\/2020\/09\/OMC_Logo-transparent-e1646645548126.png","contentUrl":"https:\/\/www.omcsae.com\/wp-content\/uploads\/2020\/09\/OMC_Logo-transparent-e1646645548126.png","width":303,"height":351,"caption":"OMC SAE: distribuidor de maquinaria, consumibles y equipos para imprentas"},"image":{"@id":"https:\/\/www.omcsae.com\/#\/schema\/logo\/image\/"}}]}},"_links":{"self":[{"href":"https:\/\/www.omcsae.com\/en\/wp-json\/wp\/v2\/product\/2828","targetHints":{"allow":["GET"]}}],"collection":[{"href":"https:\/\/www.omcsae.com\/en\/wp-json\/wp\/v2\/product"}],"about":[{"href":"https:\/\/www.omcsae.com\/en\/wp-json\/wp\/v2\/types\/product"}],"wp:featuredmedia":[{"embeddable":true,"href":"https:\/\/www.omcsae.com\/en\/wp-json\/wp\/v2\/media\/6897"}],"wp:attachment":[{"href":"https:\/\/www.omcsae.com\/en\/wp-json\/wp\/v2\/media?parent=2828"}],"wp:term":[{"taxonomy":"product_cat","embeddable":true,"href":"https:\/\/www.omcsae.com\/en\/wp-json\/wp\/v2\/product_cat?post=2828"},{"taxonomy":"product_tag","embeddable":true,"href":"https:\/\/www.omcsae.com\/en\/wp-json\/wp\/v2\/product_tag?post=2828"}],"curies":[{"name":"wp","href":"https:\/\/api.w.org\/{rel}","templated":true}]}}