{"id":2831,"date":"2021-03-18T20:09:08","date_gmt":"2021-03-18T20:09:08","guid":{"rendered":"http:\/\/omcsae.com.mialias.net\/producto\/semi-rotativa-offset-uv-miyakoshi-mel\/"},"modified":"2023-02-13T11:12:05","modified_gmt":"2023-02-13T11:12:05","slug":"semi-rotary-offset-uv-miyakoshi-mel","status":"publish","type":"product","link":"https:\/\/www.omcsae.com\/en\/products\/semi-rotary-offset-uv-miyakoshi-mel\/","title":{"rendered":"Semi-rotary offset UV Miyakoshi MEL"},"content":{"rendered":"<p>\u2022 Semi-rotary or \ufb00 set label printing designed to meet the increasing demand for small and medium runs with high quality and reduce start-up times and reduction of waste.<br \/>\n\u2022 Solid and robust construction.<br \/>\n\u2022 Its offset technology allows to obtain excellent print quality while reducing start-up costs to the maximum<br \/>\n\u2022 With up to 330.2mm repeat length, you get great flexibility in imposing labels, printing larger labels, and extremely high productivity.<br \/>\n\u2022 Maximum print speed of up to 150i \/ m, regardless of the repeat length, being able to print at that speed constantly.<br \/>\n\u2022 Each printing unit is controlled by a Bosch-Rexroth servo-driven motor and can work independently and \/ or synchronized.<br \/>\n\u2022 Quick change times thanks to its complete automatic electronic system<br \/>\n\u2022 Its traction system (dancer and stepback) control the feeding of the paper with precision.<\/p>\n<p>Built-in elements:<br \/>\n1. Belt Cleaner<br \/>\n2. Diagonal adjustment<br \/>\n3. Automatic ink roller washing<br \/>\n4. Remote control of inkwells<br \/>\n5. Numerical registration control system<br \/>\n6. Oscillating rollers cooling<br \/>\n7. Precise fit die<br \/>\n8. Registry monitor<\/p>","protected":false},"excerpt":{"rendered":"<p>UV offset semi-rotary for label printing<\/p>\n<p>Manufactured based on the MLP model, and using Miyakoshi&#039;s experience in design and manufacturing, the MEL enables the printer to produce high-quality labels. In addition, it can be configured with in-line finishing solutions.<\/p>\n<p>The MEL13 is a label offset printing machine specifically developed for a very defined and specific environment and production conditions.<\/p>\n<p>With a maximum and constant printing speed of up to 150i \/ m, regardless of the repetition length (up to a maximum of 330.2mm), with fast changeover times thanks to its complete automatic electronic system. In turn, its traction system (dancer and stepback) control the feeding of the paper with precision.<\/p>\n<p>The UV offset semi-rotary for label printing has been designed to meet the increasing demand for small and medium runs of high quality labels and to reduce start-up times and reduce waste.<br \/>\nThanks to the complete integration of the latest servo-drive technology, the MEL ensures precise forward and backward movement thus conserving tension throughout the press. Changes are fast thanks to the complete automatic electronic gear change system, facilitating this task without the use of tools.<br \/>\nThe proven quality of offset technology enables label printers to achieve the best print quality, with clear dots and good tonal gradation that both flexo and letterpress technology cannot achieve.<br \/>\nOffset technology, in addition to being able to print with the highest quality, also reduces the start-up cost, proof of this is the cost of the plate, considerably lower than in Flexo technology.<br \/>\nThanks to the fact that this cost is lower than other technologies, it allows the label printer to reduce its production cost, ensuring its margin in the current moments where the market is very competitive.<br \/>\nThe different controls and adjustments such as the registration control, the balance between water \/ ink and the adjustments of the sectors are digitally controlled, thus achieving standardize the use of the machine.<br \/>\nAnother feature offered by the MEL is that it does not require an operator with a lot of experience, since it is a very easy to use machine.<\/p>","protected":false},"featured_media":6880,"template":"","meta":[],"product_cat":[672,673],"product_tag":[],"class_list":{"0":"post-2831","1":"product","2":"type-product","3":"status-publish","4":"has-post-thumbnail","6":"product_cat-impresion","7":"product_cat-offset","8":"pa_marca-miyakoshi","9":"pa_sectores-etiquetas","11":"first","12":"instock","13":"product-type-simple"},"yoast_head":"<!-- This site is optimized with the Yoast SEO plugin v27.3 - https:\/\/yoast.com\/product\/yoast-seo-wordpress\/ -->\n<title>Semi-rotativa offset UV Miyakoshi MEL | OMC SAE<\/title>\n<meta name=\"description\" content=\"Descubre nuestro cat\u00e1logo en Offset para m\u00e1quinas de impresi\u00f3n, Impresi\u00f3n y artes gr\u00e1ficas. Consulta m\u00e1s sobre Semi-rotativa offset UV Miyakoshi MEL en nuestra web OMC SAE.\" \/>\n<meta name=\"robots\" content=\"index, follow, max-snippet:-1, max-image-preview:large, max-video-preview:-1\" \/>\n<link rel=\"canonical\" href=\"https:\/\/www.omcsae.com\/en\/products\/semi-rotary-offset-uv-miyakoshi-mel\/\" \/>\n<meta property=\"og:locale\" content=\"en_GB\" \/>\n<meta property=\"og:type\" content=\"article\" \/>\n<meta property=\"og:title\" content=\"Semi-rotativa offset UV Miyakoshi MEL | OMC SAE\" \/>\n<meta property=\"og:description\" content=\"Descubre nuestro cat\u00e1logo en Offset para m\u00e1quinas de impresi\u00f3n, Impresi\u00f3n y artes gr\u00e1ficas. Consulta m\u00e1s sobre Semi-rotativa offset UV Miyakoshi MEL en nuestra web OMC SAE.\" \/>\n<meta property=\"og:url\" content=\"https:\/\/www.omcsae.com\/en\/products\/semi-rotary-offset-uv-miyakoshi-mel\/\" \/>\n<meta property=\"og:site_name\" content=\"OMC sae\" \/>\n<meta property=\"article:modified_time\" content=\"2023-02-13T11:12:05+00:00\" \/>\n<meta property=\"og:image\" content=\"https:\/\/www.omcsae.com\/wp-content\/uploads\/2021\/03\/mel.png\" \/>\n\t<meta property=\"og:image:width\" content=\"1016\" \/>\n\t<meta property=\"og:image:height\" content=\"1016\" \/>\n\t<meta property=\"og:image:type\" content=\"image\/png\" \/>\n<meta name=\"twitter:card\" content=\"summary_large_image\" \/>\n<meta name=\"twitter:label1\" content=\"Estimated reading time\" \/>\n\t<meta name=\"twitter:data1\" content=\"1 minute\" \/>\n<script type=\"application\/ld+json\" class=\"yoast-schema-graph\">{\"@context\":\"https:\\\/\\\/schema.org\",\"@graph\":[{\"@type\":\"WebPage\",\"@id\":\"https:\\\/\\\/www.omcsae.com\\\/producto\\\/semi-rotativa-offset-uv-miyakoshi-mel\\\/\",\"url\":\"https:\\\/\\\/www.omcsae.com\\\/producto\\\/semi-rotativa-offset-uv-miyakoshi-mel\\\/\",\"name\":\"Semi-rotativa offset UV Miyakoshi MEL | OMC SAE\",\"isPartOf\":{\"@id\":\"https:\\\/\\\/www.omcsae.com\\\/#website\"},\"primaryImageOfPage\":{\"@id\":\"https:\\\/\\\/www.omcsae.com\\\/producto\\\/semi-rotativa-offset-uv-miyakoshi-mel\\\/#primaryimage\"},\"image\":{\"@id\":\"https:\\\/\\\/www.omcsae.com\\\/producto\\\/semi-rotativa-offset-uv-miyakoshi-mel\\\/#primaryimage\"},\"thumbnailUrl\":\"https:\\\/\\\/www.omcsae.com\\\/wp-content\\\/uploads\\\/2021\\\/03\\\/mel.png\",\"datePublished\":\"2021-03-18T20:09:08+00:00\",\"dateModified\":\"2023-02-13T11:12:05+00:00\",\"description\":\"Descubre nuestro cat\u00e1logo en Offset para m\u00e1quinas de impresi\u00f3n, Impresi\u00f3n y artes gr\u00e1ficas. Consulta m\u00e1s sobre Semi-rotativa offset UV Miyakoshi MEL en nuestra web OMC SAE.\",\"breadcrumb\":{\"@id\":\"https:\\\/\\\/www.omcsae.com\\\/producto\\\/semi-rotativa-offset-uv-miyakoshi-mel\\\/#breadcrumb\"},\"inLanguage\":\"en-GB\",\"potentialAction\":[{\"@type\":\"ReadAction\",\"target\":[\"https:\\\/\\\/www.omcsae.com\\\/producto\\\/semi-rotativa-offset-uv-miyakoshi-mel\\\/\"]}]},{\"@type\":\"ImageObject\",\"inLanguage\":\"en-GB\",\"@id\":\"https:\\\/\\\/www.omcsae.com\\\/producto\\\/semi-rotativa-offset-uv-miyakoshi-mel\\\/#primaryimage\",\"url\":\"https:\\\/\\\/www.omcsae.com\\\/wp-content\\\/uploads\\\/2021\\\/03\\\/mel.png\",\"contentUrl\":\"https:\\\/\\\/www.omcsae.com\\\/wp-content\\\/uploads\\\/2021\\\/03\\\/mel.png\",\"width\":1016,\"height\":1016},{\"@type\":\"BreadcrumbList\",\"@id\":\"https:\\\/\\\/www.omcsae.com\\\/producto\\\/semi-rotativa-offset-uv-miyakoshi-mel\\\/#breadcrumb\",\"itemListElement\":[{\"@type\":\"ListItem\",\"position\":1,\"name\":\"Portada\",\"item\":\"https:\\\/\\\/www.omcsae.com\\\/\"},{\"@type\":\"ListItem\",\"position\":2,\"name\":\"Productos\",\"item\":\"https:\\\/\\\/www.omcsae.com\\\/shop\\\/\"},{\"@type\":\"ListItem\",\"position\":3,\"name\":\"Semi-rotativa offset UV Miyakoshi MEL\"}]},{\"@type\":\"WebSite\",\"@id\":\"https:\\\/\\\/www.omcsae.com\\\/#website\",\"url\":\"https:\\\/\\\/www.omcsae.com\\\/\",\"name\":\"OMC sae\",\"description\":\"Distribuidor de maquinaria, consumibles y equipos para imprentas, artes gr\u00e1ficas\",\"publisher\":{\"@id\":\"https:\\\/\\\/www.omcsae.com\\\/#organization\"},\"potentialAction\":[{\"@type\":\"SearchAction\",\"target\":{\"@type\":\"EntryPoint\",\"urlTemplate\":\"https:\\\/\\\/www.omcsae.com\\\/?s={search_term_string}\"},\"query-input\":{\"@type\":\"PropertyValueSpecification\",\"valueRequired\":true,\"valueName\":\"search_term_string\"}}],\"inLanguage\":\"en-GB\"},{\"@type\":\"Organization\",\"@id\":\"https:\\\/\\\/www.omcsae.com\\\/#organization\",\"name\":\"OMC SAE: distribuidor de maquinaria, consumibles y equipos para imprentas\",\"url\":\"https:\\\/\\\/www.omcsae.com\\\/\",\"logo\":{\"@type\":\"ImageObject\",\"inLanguage\":\"en-GB\",\"@id\":\"https:\\\/\\\/www.omcsae.com\\\/#\\\/schema\\\/logo\\\/image\\\/\",\"url\":\"https:\\\/\\\/www.omcsae.com\\\/wp-content\\\/uploads\\\/2020\\\/09\\\/OMC_Logo-transparent-e1646645548126.png\",\"contentUrl\":\"https:\\\/\\\/www.omcsae.com\\\/wp-content\\\/uploads\\\/2020\\\/09\\\/OMC_Logo-transparent-e1646645548126.png\",\"width\":303,\"height\":351,\"caption\":\"OMC SAE: distribuidor de maquinaria, consumibles y equipos para imprentas\"},\"image\":{\"@id\":\"https:\\\/\\\/www.omcsae.com\\\/#\\\/schema\\\/logo\\\/image\\\/\"}}]}<\/script>\n<!-- \/ Yoast SEO plugin. -->","yoast_head_json":{"title":"Semi-rotary offset UV Miyakoshi MEL | OMC SAE","description":"Discover our catalog in Offset for printing machines, Printing and graphic arts. Consult more about Semi-rotary offset UV Miyakoshi MEL on our OMC SAE website.","robots":{"index":"index","follow":"follow","max-snippet":"max-snippet:-1","max-image-preview":"max-image-preview:large","max-video-preview":"max-video-preview:-1"},"canonical":"https:\/\/www.omcsae.com\/en\/products\/semi-rotary-offset-uv-miyakoshi-mel\/","og_locale":"en_GB","og_type":"article","og_title":"Semi-rotativa offset UV Miyakoshi MEL | OMC SAE","og_description":"Descubre nuestro cat\u00e1logo en Offset para m\u00e1quinas de impresi\u00f3n, Impresi\u00f3n y artes gr\u00e1ficas. Consulta m\u00e1s sobre Semi-rotativa offset UV Miyakoshi MEL en nuestra web OMC SAE.","og_url":"https:\/\/www.omcsae.com\/en\/products\/semi-rotary-offset-uv-miyakoshi-mel\/","og_site_name":"OMC sae","article_modified_time":"2023-02-13T11:12:05+00:00","og_image":[{"width":1016,"height":1016,"url":"https:\/\/www.omcsae.com\/wp-content\/uploads\/2021\/03\/mel.png","type":"image\/png"}],"twitter_card":"summary_large_image","twitter_misc":{"Estimated reading time":"1 minute"},"schema":{"@context":"https:\/\/schema.org","@graph":[{"@type":"WebPage","@id":"https:\/\/www.omcsae.com\/producto\/semi-rotativa-offset-uv-miyakoshi-mel\/","url":"https:\/\/www.omcsae.com\/producto\/semi-rotativa-offset-uv-miyakoshi-mel\/","name":"Semi-rotary offset UV Miyakoshi MEL | OMC SAE","isPartOf":{"@id":"https:\/\/www.omcsae.com\/#website"},"primaryImageOfPage":{"@id":"https:\/\/www.omcsae.com\/producto\/semi-rotativa-offset-uv-miyakoshi-mel\/#primaryimage"},"image":{"@id":"https:\/\/www.omcsae.com\/producto\/semi-rotativa-offset-uv-miyakoshi-mel\/#primaryimage"},"thumbnailUrl":"https:\/\/www.omcsae.com\/wp-content\/uploads\/2021\/03\/mel.png","datePublished":"2021-03-18T20:09:08+00:00","dateModified":"2023-02-13T11:12:05+00:00","description":"Discover our catalog in Offset for printing machines, Printing and graphic arts. Consult more about Semi-rotary offset UV Miyakoshi MEL on our OMC SAE website.","breadcrumb":{"@id":"https:\/\/www.omcsae.com\/producto\/semi-rotativa-offset-uv-miyakoshi-mel\/#breadcrumb"},"inLanguage":"en-GB","potentialAction":[{"@type":"ReadAction","target":["https:\/\/www.omcsae.com\/producto\/semi-rotativa-offset-uv-miyakoshi-mel\/"]}]},{"@type":"ImageObject","inLanguage":"en-GB","@id":"https:\/\/www.omcsae.com\/producto\/semi-rotativa-offset-uv-miyakoshi-mel\/#primaryimage","url":"https:\/\/www.omcsae.com\/wp-content\/uploads\/2021\/03\/mel.png","contentUrl":"https:\/\/www.omcsae.com\/wp-content\/uploads\/2021\/03\/mel.png","width":1016,"height":1016},{"@type":"BreadcrumbList","@id":"https:\/\/www.omcsae.com\/producto\/semi-rotativa-offset-uv-miyakoshi-mel\/#breadcrumb","itemListElement":[{"@type":"ListItem","position":1,"name":"Portada","item":"https:\/\/www.omcsae.com\/"},{"@type":"ListItem","position":2,"name":"Productos","item":"https:\/\/www.omcsae.com\/shop\/"},{"@type":"ListItem","position":3,"name":"Semi-rotativa offset UV Miyakoshi MEL"}]},{"@type":"WebSite","@id":"https:\/\/www.omcsae.com\/#website","url":"https:\/\/www.omcsae.com\/","name":"OMC sae","description":"Distributor of machinery, consumables and equipment for printing, graphic arts","publisher":{"@id":"https:\/\/www.omcsae.com\/#organization"},"potentialAction":[{"@type":"SearchAction","target":{"@type":"EntryPoint","urlTemplate":"https:\/\/www.omcsae.com\/?s={search_term_string}"},"query-input":{"@type":"PropertyValueSpecification","valueRequired":true,"valueName":"search_term_string"}}],"inLanguage":"en-GB"},{"@type":"Organization","@id":"https:\/\/www.omcsae.com\/#organization","name":"OMC SAE: distributor of machinery, consumables and equipment for the printing industry","url":"https:\/\/www.omcsae.com\/","logo":{"@type":"ImageObject","inLanguage":"en-GB","@id":"https:\/\/www.omcsae.com\/#\/schema\/logo\/image\/","url":"https:\/\/www.omcsae.com\/wp-content\/uploads\/2020\/09\/OMC_Logo-transparent-e1646645548126.png","contentUrl":"https:\/\/www.omcsae.com\/wp-content\/uploads\/2020\/09\/OMC_Logo-transparent-e1646645548126.png","width":303,"height":351,"caption":"OMC SAE: distribuidor de maquinaria, consumibles y equipos para imprentas"},"image":{"@id":"https:\/\/www.omcsae.com\/#\/schema\/logo\/image\/"}}]}},"_links":{"self":[{"href":"https:\/\/www.omcsae.com\/en\/wp-json\/wp\/v2\/product\/2831","targetHints":{"allow":["GET"]}}],"collection":[{"href":"https:\/\/www.omcsae.com\/en\/wp-json\/wp\/v2\/product"}],"about":[{"href":"https:\/\/www.omcsae.com\/en\/wp-json\/wp\/v2\/types\/product"}],"wp:featuredmedia":[{"embeddable":true,"href":"https:\/\/www.omcsae.com\/en\/wp-json\/wp\/v2\/media\/6880"}],"wp:attachment":[{"href":"https:\/\/www.omcsae.com\/en\/wp-json\/wp\/v2\/media?parent=2831"}],"wp:term":[{"taxonomy":"product_cat","embeddable":true,"href":"https:\/\/www.omcsae.com\/en\/wp-json\/wp\/v2\/product_cat?post=2831"},{"taxonomy":"product_tag","embeddable":true,"href":"https:\/\/www.omcsae.com\/en\/wp-json\/wp\/v2\/product_tag?post=2831"}],"curies":[{"name":"wp","href":"https:\/\/api.w.org\/{rel}","templated":true}]}}