{"id":2833,"date":"2021-03-18T20:09:08","date_gmt":"2021-03-18T20:09:08","guid":{"rendered":"http:\/\/omcsae.com.mialias.net\/producto\/prensa-digital-miyakoshi-mjp13-lxv\/"},"modified":"2023-02-13T11:58:12","modified_gmt":"2023-02-13T11:58:12","slug":"digital-press-miyakoshi-mjp13-lxv","status":"publish","type":"product","link":"https:\/\/www.omcsae.com\/en\/products\/digital-press-miyakoshi-mjp13-lxv\/","title":{"rendered":"Miyakoshi MJP13 LXV Digital Press"},"content":{"rendered":"<p>The MJP13LXV is a UV LED digital inkjet press focused on the label market.<br \/>\nIts high resolution of 1200 x 1200 dpi, allows to achieve excellent print quality.<br \/>\nWith a maximum paper width of 342mm and a speed of 50 m \/ min, it becomes a serious option for today&#039;s flexographic printers to benefit from the advantages of digital technology, which include, among other advantages, quick changes, flexibility and simplicity of operation.<br \/>\nThe MJP13LXV comes equipped with pinning units and a final LED curing unit. They work with LED-UV inks whose high pigmentation allows to achieve vivid and attractive colors.<br \/>\nIn addition, it is equipped as standard with a nitrogen purge system, to reduce odor and improve drying.<\/p>\n<p>INKJET MJP13LXV FEATURES<br \/>\nResolution 1200 x 1200 dpi<br \/>\nSingle pass and drop on demand printing system<br \/>\nMaximum web width 342.9 mm (13.5 \u201d)<br \/>\nMax. printing width 318 mm<br \/>\nPrint length 101.6 mm - 1625.6 mm<br \/>\nMaximum speed ** (***) 50 meters \/ min<br \/>\nMedia Thickness 60 micron - 250 micron<\/p>\n<p>** The printing speed is conditioned by the format, the weight, the paper conditions, the general printing conditions and the optional equipment that the basic machine equips.<br \/>\n*** The speed of the offer and the contract are mechanical speeds, that is to say, the machine&#039;s idle speed, in no case can they be interpreted as normal production speeds.<\/p>","protected":false},"excerpt":{"rendered":"<p>LED-UV digital inkjet press for label printing<br \/>\nThe MJP13LXV is Miyakoshi&#039;s LED-UV inkjet digital bet for the label market, specially designed to meet the growing demand for short runs of excellent quality, while reducing start-up times and the amount of waste. .<br \/>\nIts high resolution of 1200 x 1200 dpi enables optimum print quality to be achieved. It has 3 heads per color and 3 different printing modes, allowing in each case the control and reduction of ink consumption.<br \/>\nWith a speed of 50 meters \/ minute, it becomes a bet for the current flexographic industry incorporating the advantages of digital technology, which allows, among other characteristics, quick changes, agility and simplicity.<br \/>\nLED-UV dryers after each head to carry out the pinning process and an LED-UV dryer for final curing, ensuring a very high print quality. The elimination of ozone and mercury and the lack of thermal radiation of this curing technology allows to work a wide range of synthetic substrates, with a sensible saving of energy without forgetting that it works instantaneously, without waiting time.<br \/>\nSophisticated Nitrogen Purge system that reduces the characteristic odor of UV inks.<br \/>\nCorona Treatment Unit to facilitate printing on plastic materials, such as PP, PE, etc.<br \/>\nSplice detection system: The sensor detects the splice and automatically raises the head to avoid any possible damage.<br \/>\nAutomatic head cleaning system: 3 different cleaning options to keep the machine in optimal conditions efficiently.<\/p>","protected":false},"featured_media":6888,"template":"","meta":[],"product_cat":[674,672],"product_tag":[],"class_list":{"0":"post-2833","1":"product","2":"type-product","3":"status-publish","4":"has-post-thumbnail","6":"product_cat-digital","7":"product_cat-impresion","8":"pa_marca-miyakoshi","9":"pa_sectores-etiquetas","11":"first","12":"instock","13":"product-type-simple"},"yoast_head":"<!-- This site is optimized with the Yoast SEO plugin v27.3 - https:\/\/yoast.com\/product\/yoast-seo-wordpress\/ -->\n<title>Prensa digital Miyakoshi MJP13 LXV | OMC SAE<\/title>\n<meta name=\"description\" content=\"Descubre nuestro cat\u00e1logo en Digital para m\u00e1quinas de impresi\u00f3n, Impresi\u00f3n y artes gr\u00e1ficas. Consulta m\u00e1s sobre Prensa digital Miyakoshi MJP13 LXV en nuestra web OMC SAE.\" \/>\n<meta name=\"robots\" content=\"index, follow, max-snippet:-1, max-image-preview:large, max-video-preview:-1\" \/>\n<link rel=\"canonical\" href=\"https:\/\/www.omcsae.com\/en\/products\/digital-press-miyakoshi-mjp13-lxv\/\" \/>\n<meta property=\"og:locale\" content=\"en_GB\" \/>\n<meta property=\"og:type\" content=\"article\" \/>\n<meta property=\"og:title\" content=\"Prensa digital Miyakoshi MJP13 LXV | OMC SAE\" \/>\n<meta property=\"og:description\" content=\"Descubre nuestro cat\u00e1logo en Digital para m\u00e1quinas de impresi\u00f3n, Impresi\u00f3n y artes gr\u00e1ficas. Consulta m\u00e1s sobre Prensa digital Miyakoshi MJP13 LXV en nuestra web OMC SAE.\" \/>\n<meta property=\"og:url\" content=\"https:\/\/www.omcsae.com\/en\/products\/digital-press-miyakoshi-mjp13-lxv\/\" \/>\n<meta property=\"og:site_name\" content=\"OMC sae\" \/>\n<meta property=\"article:modified_time\" content=\"2023-02-13T11:58:12+00:00\" \/>\n<meta property=\"og:image\" content=\"https:\/\/www.omcsae.com\/wp-content\/uploads\/2021\/03\/Miyakoshi-Prensa-digital-Miyakoshi-MJP13-LXV.png\" \/>\n\t<meta property=\"og:image:width\" content=\"1696\" \/>\n\t<meta property=\"og:image:height\" content=\"1696\" \/>\n\t<meta property=\"og:image:type\" content=\"image\/png\" \/>\n<meta name=\"twitter:card\" content=\"summary_large_image\" \/>\n<meta name=\"twitter:label1\" content=\"Estimated reading time\" \/>\n\t<meta name=\"twitter:data1\" content=\"1 minute\" \/>\n<script type=\"application\/ld+json\" class=\"yoast-schema-graph\">{\"@context\":\"https:\\\/\\\/schema.org\",\"@graph\":[{\"@type\":\"WebPage\",\"@id\":\"https:\\\/\\\/www.omcsae.com\\\/producto\\\/prensa-digital-miyakoshi-mjp13-lxv\\\/\",\"url\":\"https:\\\/\\\/www.omcsae.com\\\/producto\\\/prensa-digital-miyakoshi-mjp13-lxv\\\/\",\"name\":\"Prensa digital Miyakoshi MJP13 LXV | OMC SAE\",\"isPartOf\":{\"@id\":\"https:\\\/\\\/www.omcsae.com\\\/#website\"},\"primaryImageOfPage\":{\"@id\":\"https:\\\/\\\/www.omcsae.com\\\/producto\\\/prensa-digital-miyakoshi-mjp13-lxv\\\/#primaryimage\"},\"image\":{\"@id\":\"https:\\\/\\\/www.omcsae.com\\\/producto\\\/prensa-digital-miyakoshi-mjp13-lxv\\\/#primaryimage\"},\"thumbnailUrl\":\"https:\\\/\\\/www.omcsae.com\\\/wp-content\\\/uploads\\\/2021\\\/03\\\/Miyakoshi-Prensa-digital-Miyakoshi-MJP13-LXV.png\",\"datePublished\":\"2021-03-18T20:09:08+00:00\",\"dateModified\":\"2023-02-13T11:58:12+00:00\",\"description\":\"Descubre nuestro cat\u00e1logo en Digital para m\u00e1quinas de impresi\u00f3n, Impresi\u00f3n y artes gr\u00e1ficas. Consulta m\u00e1s sobre Prensa digital Miyakoshi MJP13 LXV en nuestra web OMC SAE.\",\"breadcrumb\":{\"@id\":\"https:\\\/\\\/www.omcsae.com\\\/producto\\\/prensa-digital-miyakoshi-mjp13-lxv\\\/#breadcrumb\"},\"inLanguage\":\"en-GB\",\"potentialAction\":[{\"@type\":\"ReadAction\",\"target\":[\"https:\\\/\\\/www.omcsae.com\\\/producto\\\/prensa-digital-miyakoshi-mjp13-lxv\\\/\"]}]},{\"@type\":\"ImageObject\",\"inLanguage\":\"en-GB\",\"@id\":\"https:\\\/\\\/www.omcsae.com\\\/producto\\\/prensa-digital-miyakoshi-mjp13-lxv\\\/#primaryimage\",\"url\":\"https:\\\/\\\/www.omcsae.com\\\/wp-content\\\/uploads\\\/2021\\\/03\\\/Miyakoshi-Prensa-digital-Miyakoshi-MJP13-LXV.png\",\"contentUrl\":\"https:\\\/\\\/www.omcsae.com\\\/wp-content\\\/uploads\\\/2021\\\/03\\\/Miyakoshi-Prensa-digital-Miyakoshi-MJP13-LXV.png\",\"width\":1696,\"height\":1696},{\"@type\":\"BreadcrumbList\",\"@id\":\"https:\\\/\\\/www.omcsae.com\\\/producto\\\/prensa-digital-miyakoshi-mjp13-lxv\\\/#breadcrumb\",\"itemListElement\":[{\"@type\":\"ListItem\",\"position\":1,\"name\":\"Portada\",\"item\":\"https:\\\/\\\/www.omcsae.com\\\/\"},{\"@type\":\"ListItem\",\"position\":2,\"name\":\"Productos\",\"item\":\"https:\\\/\\\/www.omcsae.com\\\/shop\\\/\"},{\"@type\":\"ListItem\",\"position\":3,\"name\":\"Prensa digital Miyakoshi MJP13 LXV\"}]},{\"@type\":\"WebSite\",\"@id\":\"https:\\\/\\\/www.omcsae.com\\\/#website\",\"url\":\"https:\\\/\\\/www.omcsae.com\\\/\",\"name\":\"OMC sae\",\"description\":\"Distribuidor de maquinaria, consumibles y equipos para imprentas, artes gr\u00e1ficas\",\"publisher\":{\"@id\":\"https:\\\/\\\/www.omcsae.com\\\/#organization\"},\"potentialAction\":[{\"@type\":\"SearchAction\",\"target\":{\"@type\":\"EntryPoint\",\"urlTemplate\":\"https:\\\/\\\/www.omcsae.com\\\/?s={search_term_string}\"},\"query-input\":{\"@type\":\"PropertyValueSpecification\",\"valueRequired\":true,\"valueName\":\"search_term_string\"}}],\"inLanguage\":\"en-GB\"},{\"@type\":\"Organization\",\"@id\":\"https:\\\/\\\/www.omcsae.com\\\/#organization\",\"name\":\"OMC SAE: distribuidor de maquinaria, consumibles y equipos para imprentas\",\"url\":\"https:\\\/\\\/www.omcsae.com\\\/\",\"logo\":{\"@type\":\"ImageObject\",\"inLanguage\":\"en-GB\",\"@id\":\"https:\\\/\\\/www.omcsae.com\\\/#\\\/schema\\\/logo\\\/image\\\/\",\"url\":\"https:\\\/\\\/www.omcsae.com\\\/wp-content\\\/uploads\\\/2020\\\/09\\\/OMC_Logo-transparent-e1646645548126.png\",\"contentUrl\":\"https:\\\/\\\/www.omcsae.com\\\/wp-content\\\/uploads\\\/2020\\\/09\\\/OMC_Logo-transparent-e1646645548126.png\",\"width\":303,\"height\":351,\"caption\":\"OMC SAE: distribuidor de maquinaria, consumibles y equipos para imprentas\"},\"image\":{\"@id\":\"https:\\\/\\\/www.omcsae.com\\\/#\\\/schema\\\/logo\\\/image\\\/\"}}]}<\/script>\n<!-- \/ Yoast SEO plugin. -->","yoast_head_json":{"title":"Miyakoshi MJP13 LXV Digital Press | OMC SAE","description":"Discover our catalog in Digital for printing machines, Printing and graphic arts. Consult more about Miyakoshi MJP13 LXV Digital Press on our OMC SAE website.","robots":{"index":"index","follow":"follow","max-snippet":"max-snippet:-1","max-image-preview":"max-image-preview:large","max-video-preview":"max-video-preview:-1"},"canonical":"https:\/\/www.omcsae.com\/en\/products\/digital-press-miyakoshi-mjp13-lxv\/","og_locale":"en_GB","og_type":"article","og_title":"Prensa digital Miyakoshi MJP13 LXV | OMC SAE","og_description":"Descubre nuestro cat\u00e1logo en Digital para m\u00e1quinas de impresi\u00f3n, Impresi\u00f3n y artes gr\u00e1ficas. Consulta m\u00e1s sobre Prensa digital Miyakoshi MJP13 LXV en nuestra web OMC SAE.","og_url":"https:\/\/www.omcsae.com\/en\/products\/digital-press-miyakoshi-mjp13-lxv\/","og_site_name":"OMC sae","article_modified_time":"2023-02-13T11:58:12+00:00","og_image":[{"width":1696,"height":1696,"url":"https:\/\/www.omcsae.com\/wp-content\/uploads\/2021\/03\/Miyakoshi-Prensa-digital-Miyakoshi-MJP13-LXV.png","type":"image\/png"}],"twitter_card":"summary_large_image","twitter_misc":{"Estimated reading time":"1 minute"},"schema":{"@context":"https:\/\/schema.org","@graph":[{"@type":"WebPage","@id":"https:\/\/www.omcsae.com\/producto\/prensa-digital-miyakoshi-mjp13-lxv\/","url":"https:\/\/www.omcsae.com\/producto\/prensa-digital-miyakoshi-mjp13-lxv\/","name":"Miyakoshi MJP13 LXV Digital Press | OMC SAE","isPartOf":{"@id":"https:\/\/www.omcsae.com\/#website"},"primaryImageOfPage":{"@id":"https:\/\/www.omcsae.com\/producto\/prensa-digital-miyakoshi-mjp13-lxv\/#primaryimage"},"image":{"@id":"https:\/\/www.omcsae.com\/producto\/prensa-digital-miyakoshi-mjp13-lxv\/#primaryimage"},"thumbnailUrl":"https:\/\/www.omcsae.com\/wp-content\/uploads\/2021\/03\/Miyakoshi-Prensa-digital-Miyakoshi-MJP13-LXV.png","datePublished":"2021-03-18T20:09:08+00:00","dateModified":"2023-02-13T11:58:12+00:00","description":"Discover our catalog in Digital for printing machines, Printing and graphic arts. Consult more about Miyakoshi MJP13 LXV Digital Press on our OMC SAE website.","breadcrumb":{"@id":"https:\/\/www.omcsae.com\/producto\/prensa-digital-miyakoshi-mjp13-lxv\/#breadcrumb"},"inLanguage":"en-GB","potentialAction":[{"@type":"ReadAction","target":["https:\/\/www.omcsae.com\/producto\/prensa-digital-miyakoshi-mjp13-lxv\/"]}]},{"@type":"ImageObject","inLanguage":"en-GB","@id":"https:\/\/www.omcsae.com\/producto\/prensa-digital-miyakoshi-mjp13-lxv\/#primaryimage","url":"https:\/\/www.omcsae.com\/wp-content\/uploads\/2021\/03\/Miyakoshi-Prensa-digital-Miyakoshi-MJP13-LXV.png","contentUrl":"https:\/\/www.omcsae.com\/wp-content\/uploads\/2021\/03\/Miyakoshi-Prensa-digital-Miyakoshi-MJP13-LXV.png","width":1696,"height":1696},{"@type":"BreadcrumbList","@id":"https:\/\/www.omcsae.com\/producto\/prensa-digital-miyakoshi-mjp13-lxv\/#breadcrumb","itemListElement":[{"@type":"ListItem","position":1,"name":"Portada","item":"https:\/\/www.omcsae.com\/"},{"@type":"ListItem","position":2,"name":"Productos","item":"https:\/\/www.omcsae.com\/shop\/"},{"@type":"ListItem","position":3,"name":"Prensa digital Miyakoshi MJP13 LXV"}]},{"@type":"WebSite","@id":"https:\/\/www.omcsae.com\/#website","url":"https:\/\/www.omcsae.com\/","name":"OMC sae","description":"Distributor of machinery, consumables and equipment for printing, graphic arts","publisher":{"@id":"https:\/\/www.omcsae.com\/#organization"},"potentialAction":[{"@type":"SearchAction","target":{"@type":"EntryPoint","urlTemplate":"https:\/\/www.omcsae.com\/?s={search_term_string}"},"query-input":{"@type":"PropertyValueSpecification","valueRequired":true,"valueName":"search_term_string"}}],"inLanguage":"en-GB"},{"@type":"Organization","@id":"https:\/\/www.omcsae.com\/#organization","name":"OMC SAE: distributor of machinery, consumables and equipment for the printing industry","url":"https:\/\/www.omcsae.com\/","logo":{"@type":"ImageObject","inLanguage":"en-GB","@id":"https:\/\/www.omcsae.com\/#\/schema\/logo\/image\/","url":"https:\/\/www.omcsae.com\/wp-content\/uploads\/2020\/09\/OMC_Logo-transparent-e1646645548126.png","contentUrl":"https:\/\/www.omcsae.com\/wp-content\/uploads\/2020\/09\/OMC_Logo-transparent-e1646645548126.png","width":303,"height":351,"caption":"OMC SAE: distribuidor de maquinaria, consumibles y equipos para imprentas"},"image":{"@id":"https:\/\/www.omcsae.com\/#\/schema\/logo\/image\/"}}]}},"_links":{"self":[{"href":"https:\/\/www.omcsae.com\/en\/wp-json\/wp\/v2\/product\/2833","targetHints":{"allow":["GET"]}}],"collection":[{"href":"https:\/\/www.omcsae.com\/en\/wp-json\/wp\/v2\/product"}],"about":[{"href":"https:\/\/www.omcsae.com\/en\/wp-json\/wp\/v2\/types\/product"}],"wp:featuredmedia":[{"embeddable":true,"href":"https:\/\/www.omcsae.com\/en\/wp-json\/wp\/v2\/media\/6888"}],"wp:attachment":[{"href":"https:\/\/www.omcsae.com\/en\/wp-json\/wp\/v2\/media?parent=2833"}],"wp:term":[{"taxonomy":"product_cat","embeddable":true,"href":"https:\/\/www.omcsae.com\/en\/wp-json\/wp\/v2\/product_cat?post=2833"},{"taxonomy":"product_tag","embeddable":true,"href":"https:\/\/www.omcsae.com\/en\/wp-json\/wp\/v2\/product_tag?post=2833"}],"curies":[{"name":"wp","href":"https:\/\/api.w.org\/{rel}","templated":true}]}}