{"id":2836,"date":"2021-03-18T20:09:08","date_gmt":"2021-03-18T20:09:08","guid":{"rendered":"http:\/\/omcsae.com.mialias.net\/producto\/prensa-digitalinkjet-base-agua-miyakoshimjp30axf\/"},"modified":"2023-02-13T12:03:20","modified_gmt":"2023-02-13T12:03:20","slug":"digitalinkjet-water-based-press-miyakoshimjp30axf","status":"publish","type":"product","link":"https:\/\/www.omcsae.com\/en\/products\/digitalinkjet-water-based-press-miyakoshimjp30axf\/","title":{"rendered":"Miyakoshi MJP30AXF water-based digital inkjet press"},"content":{"rendered":"<p>With water-based inks, the MJP30AXF brings a revolution in digital technology to the printing industry. <strong>flexible packaging<\/strong>.<\/p>","protected":false},"excerpt":{"rendered":"<p>Print resolution: 1200 x 1200 dpi<\/p>\n<p>Maximum printing speed: 50 mtr \/ min (*)<\/p>\n<p>Maximum printing width: 750mm<\/p>\n<p>Substrate thickness: 12\u00b5 -100\u00b5<\/p>","protected":false},"featured_media":6890,"template":"","meta":[],"product_cat":[674,672],"product_tag":[],"class_list":{"0":"post-2836","1":"product","2":"type-product","3":"status-publish","4":"has-post-thumbnail","6":"product_cat-digital","7":"product_cat-impresion","8":"pa_marca-miyakoshi","9":"pa_sectores-embalaje-flexible","11":"first","12":"instock","13":"product-type-simple"},"yoast_head":"<!-- This site is optimized with the Yoast SEO plugin v27.3 - https:\/\/yoast.com\/product\/yoast-seo-wordpress\/ -->\n<title>Prensa digitalinkjet base agua MiyakoshiMJP30AXF | OMC SAE<\/title>\n<meta name=\"description\" content=\"Descubre nuestro cat\u00e1logo en Digital para m\u00e1quinas de impresi\u00f3n, Impresi\u00f3n y artes gr\u00e1ficas. Consulta m\u00e1s sobre Prensa digitalinkjet base agua MiyakoshiMJP30AXF en nuestra web OMC SAE.\" \/>\n<meta name=\"robots\" content=\"index, follow, max-snippet:-1, max-image-preview:large, max-video-preview:-1\" \/>\n<link rel=\"canonical\" href=\"https:\/\/www.omcsae.com\/en\/products\/digitalinkjet-water-based-press-miyakoshimjp30axf\/\" \/>\n<meta property=\"og:locale\" content=\"en_GB\" \/>\n<meta property=\"og:type\" content=\"article\" \/>\n<meta property=\"og:title\" content=\"Prensa digitalinkjet base agua MiyakoshiMJP30AXF | OMC SAE\" \/>\n<meta property=\"og:description\" content=\"Descubre nuestro cat\u00e1logo en Digital para m\u00e1quinas de impresi\u00f3n, Impresi\u00f3n y artes gr\u00e1ficas. Consulta m\u00e1s sobre Prensa digitalinkjet base agua MiyakoshiMJP30AXF en nuestra web OMC SAE.\" \/>\n<meta property=\"og:url\" content=\"https:\/\/www.omcsae.com\/en\/products\/digitalinkjet-water-based-press-miyakoshimjp30axf\/\" \/>\n<meta property=\"og:site_name\" content=\"OMC sae\" \/>\n<meta property=\"article:modified_time\" content=\"2023-02-13T12:03:20+00:00\" \/>\n<meta property=\"og:image\" content=\"https:\/\/www.omcsae.com\/wp-content\/uploads\/2021\/03\/Prensa-digital-MJP30AXF.png\" \/>\n\t<meta property=\"og:image:width\" content=\"1069\" \/>\n\t<meta property=\"og:image:height\" content=\"1069\" \/>\n\t<meta property=\"og:image:type\" content=\"image\/png\" \/>\n<meta name=\"twitter:card\" content=\"summary_large_image\" \/>\n<script type=\"application\/ld+json\" class=\"yoast-schema-graph\">{\"@context\":\"https:\\\/\\\/schema.org\",\"@graph\":[{\"@type\":\"WebPage\",\"@id\":\"https:\\\/\\\/www.omcsae.com\\\/producto\\\/prensa-digitalinkjet-base-agua-miyakoshimjp30axf\\\/\",\"url\":\"https:\\\/\\\/www.omcsae.com\\\/producto\\\/prensa-digitalinkjet-base-agua-miyakoshimjp30axf\\\/\",\"name\":\"Prensa digitalinkjet base agua MiyakoshiMJP30AXF | OMC SAE\",\"isPartOf\":{\"@id\":\"https:\\\/\\\/www.omcsae.com\\\/#website\"},\"primaryImageOfPage\":{\"@id\":\"https:\\\/\\\/www.omcsae.com\\\/producto\\\/prensa-digitalinkjet-base-agua-miyakoshimjp30axf\\\/#primaryimage\"},\"image\":{\"@id\":\"https:\\\/\\\/www.omcsae.com\\\/producto\\\/prensa-digitalinkjet-base-agua-miyakoshimjp30axf\\\/#primaryimage\"},\"thumbnailUrl\":\"https:\\\/\\\/www.omcsae.com\\\/wp-content\\\/uploads\\\/2021\\\/03\\\/Prensa-digital-MJP30AXF.png\",\"datePublished\":\"2021-03-18T20:09:08+00:00\",\"dateModified\":\"2023-02-13T12:03:20+00:00\",\"description\":\"Descubre nuestro cat\u00e1logo en Digital para m\u00e1quinas de impresi\u00f3n, Impresi\u00f3n y artes gr\u00e1ficas. Consulta m\u00e1s sobre Prensa digitalinkjet base agua MiyakoshiMJP30AXF en nuestra web OMC SAE.\",\"breadcrumb\":{\"@id\":\"https:\\\/\\\/www.omcsae.com\\\/producto\\\/prensa-digitalinkjet-base-agua-miyakoshimjp30axf\\\/#breadcrumb\"},\"inLanguage\":\"en-GB\",\"potentialAction\":[{\"@type\":\"ReadAction\",\"target\":[\"https:\\\/\\\/www.omcsae.com\\\/producto\\\/prensa-digitalinkjet-base-agua-miyakoshimjp30axf\\\/\"]}]},{\"@type\":\"ImageObject\",\"inLanguage\":\"en-GB\",\"@id\":\"https:\\\/\\\/www.omcsae.com\\\/producto\\\/prensa-digitalinkjet-base-agua-miyakoshimjp30axf\\\/#primaryimage\",\"url\":\"https:\\\/\\\/www.omcsae.com\\\/wp-content\\\/uploads\\\/2021\\\/03\\\/Prensa-digital-MJP30AXF.png\",\"contentUrl\":\"https:\\\/\\\/www.omcsae.com\\\/wp-content\\\/uploads\\\/2021\\\/03\\\/Prensa-digital-MJP30AXF.png\",\"width\":1069,\"height\":1069},{\"@type\":\"BreadcrumbList\",\"@id\":\"https:\\\/\\\/www.omcsae.com\\\/producto\\\/prensa-digitalinkjet-base-agua-miyakoshimjp30axf\\\/#breadcrumb\",\"itemListElement\":[{\"@type\":\"ListItem\",\"position\":1,\"name\":\"Portada\",\"item\":\"https:\\\/\\\/www.omcsae.com\\\/\"},{\"@type\":\"ListItem\",\"position\":2,\"name\":\"Productos\",\"item\":\"https:\\\/\\\/www.omcsae.com\\\/shop\\\/\"},{\"@type\":\"ListItem\",\"position\":3,\"name\":\"Prensa digital inkjet base agua Miyakoshi MJP30AXF\"}]},{\"@type\":\"WebSite\",\"@id\":\"https:\\\/\\\/www.omcsae.com\\\/#website\",\"url\":\"https:\\\/\\\/www.omcsae.com\\\/\",\"name\":\"OMC sae\",\"description\":\"Distribuidor de maquinaria, consumibles y equipos para imprentas, artes gr\u00e1ficas\",\"publisher\":{\"@id\":\"https:\\\/\\\/www.omcsae.com\\\/#organization\"},\"potentialAction\":[{\"@type\":\"SearchAction\",\"target\":{\"@type\":\"EntryPoint\",\"urlTemplate\":\"https:\\\/\\\/www.omcsae.com\\\/?s={search_term_string}\"},\"query-input\":{\"@type\":\"PropertyValueSpecification\",\"valueRequired\":true,\"valueName\":\"search_term_string\"}}],\"inLanguage\":\"en-GB\"},{\"@type\":\"Organization\",\"@id\":\"https:\\\/\\\/www.omcsae.com\\\/#organization\",\"name\":\"OMC SAE: distribuidor de maquinaria, consumibles y equipos para imprentas\",\"url\":\"https:\\\/\\\/www.omcsae.com\\\/\",\"logo\":{\"@type\":\"ImageObject\",\"inLanguage\":\"en-GB\",\"@id\":\"https:\\\/\\\/www.omcsae.com\\\/#\\\/schema\\\/logo\\\/image\\\/\",\"url\":\"https:\\\/\\\/www.omcsae.com\\\/wp-content\\\/uploads\\\/2020\\\/09\\\/OMC_Logo-transparent-e1646645548126.png\",\"contentUrl\":\"https:\\\/\\\/www.omcsae.com\\\/wp-content\\\/uploads\\\/2020\\\/09\\\/OMC_Logo-transparent-e1646645548126.png\",\"width\":303,\"height\":351,\"caption\":\"OMC SAE: distribuidor de maquinaria, consumibles y equipos para imprentas\"},\"image\":{\"@id\":\"https:\\\/\\\/www.omcsae.com\\\/#\\\/schema\\\/logo\\\/image\\\/\"}}]}<\/script>\n<!-- \/ Yoast SEO plugin. -->","yoast_head_json":{"title":"MiyakoshiMJP30AXF water-based digitalinkjet press | OMC SAE","description":"Discover our catalog in Digital for printing machines, Printing and graphic arts. Consult more about MiyakoshiMJP30AXF water-based digitalinkjet press on our OMC SAE website.","robots":{"index":"index","follow":"follow","max-snippet":"max-snippet:-1","max-image-preview":"max-image-preview:large","max-video-preview":"max-video-preview:-1"},"canonical":"https:\/\/www.omcsae.com\/en\/products\/digitalinkjet-water-based-press-miyakoshimjp30axf\/","og_locale":"en_GB","og_type":"article","og_title":"Prensa digitalinkjet base agua MiyakoshiMJP30AXF | OMC SAE","og_description":"Descubre nuestro cat\u00e1logo en Digital para m\u00e1quinas de impresi\u00f3n, Impresi\u00f3n y artes gr\u00e1ficas. Consulta m\u00e1s sobre Prensa digitalinkjet base agua MiyakoshiMJP30AXF en nuestra web OMC SAE.","og_url":"https:\/\/www.omcsae.com\/en\/products\/digitalinkjet-water-based-press-miyakoshimjp30axf\/","og_site_name":"OMC sae","article_modified_time":"2023-02-13T12:03:20+00:00","og_image":[{"width":1069,"height":1069,"url":"https:\/\/www.omcsae.com\/wp-content\/uploads\/2021\/03\/Prensa-digital-MJP30AXF.png","type":"image\/png"}],"twitter_card":"summary_large_image","schema":{"@context":"https:\/\/schema.org","@graph":[{"@type":"WebPage","@id":"https:\/\/www.omcsae.com\/producto\/prensa-digitalinkjet-base-agua-miyakoshimjp30axf\/","url":"https:\/\/www.omcsae.com\/producto\/prensa-digitalinkjet-base-agua-miyakoshimjp30axf\/","name":"MiyakoshiMJP30AXF water-based digitalinkjet press | OMC SAE","isPartOf":{"@id":"https:\/\/www.omcsae.com\/#website"},"primaryImageOfPage":{"@id":"https:\/\/www.omcsae.com\/producto\/prensa-digitalinkjet-base-agua-miyakoshimjp30axf\/#primaryimage"},"image":{"@id":"https:\/\/www.omcsae.com\/producto\/prensa-digitalinkjet-base-agua-miyakoshimjp30axf\/#primaryimage"},"thumbnailUrl":"https:\/\/www.omcsae.com\/wp-content\/uploads\/2021\/03\/Prensa-digital-MJP30AXF.png","datePublished":"2021-03-18T20:09:08+00:00","dateModified":"2023-02-13T12:03:20+00:00","description":"Discover our catalog in Digital for printing machines, Printing and graphic arts. Consult more about MiyakoshiMJP30AXF water-based digitalinkjet press on our OMC SAE website.","breadcrumb":{"@id":"https:\/\/www.omcsae.com\/producto\/prensa-digitalinkjet-base-agua-miyakoshimjp30axf\/#breadcrumb"},"inLanguage":"en-GB","potentialAction":[{"@type":"ReadAction","target":["https:\/\/www.omcsae.com\/producto\/prensa-digitalinkjet-base-agua-miyakoshimjp30axf\/"]}]},{"@type":"ImageObject","inLanguage":"en-GB","@id":"https:\/\/www.omcsae.com\/producto\/prensa-digitalinkjet-base-agua-miyakoshimjp30axf\/#primaryimage","url":"https:\/\/www.omcsae.com\/wp-content\/uploads\/2021\/03\/Prensa-digital-MJP30AXF.png","contentUrl":"https:\/\/www.omcsae.com\/wp-content\/uploads\/2021\/03\/Prensa-digital-MJP30AXF.png","width":1069,"height":1069},{"@type":"BreadcrumbList","@id":"https:\/\/www.omcsae.com\/producto\/prensa-digitalinkjet-base-agua-miyakoshimjp30axf\/#breadcrumb","itemListElement":[{"@type":"ListItem","position":1,"name":"Portada","item":"https:\/\/www.omcsae.com\/"},{"@type":"ListItem","position":2,"name":"Productos","item":"https:\/\/www.omcsae.com\/shop\/"},{"@type":"ListItem","position":3,"name":"Prensa digital inkjet base agua Miyakoshi MJP30AXF"}]},{"@type":"WebSite","@id":"https:\/\/www.omcsae.com\/#website","url":"https:\/\/www.omcsae.com\/","name":"OMC sae","description":"Distributor of machinery, consumables and equipment for printing, graphic arts","publisher":{"@id":"https:\/\/www.omcsae.com\/#organization"},"potentialAction":[{"@type":"SearchAction","target":{"@type":"EntryPoint","urlTemplate":"https:\/\/www.omcsae.com\/?s={search_term_string}"},"query-input":{"@type":"PropertyValueSpecification","valueRequired":true,"valueName":"search_term_string"}}],"inLanguage":"en-GB"},{"@type":"Organization","@id":"https:\/\/www.omcsae.com\/#organization","name":"OMC SAE: distributor of machinery, consumables and equipment for the printing industry","url":"https:\/\/www.omcsae.com\/","logo":{"@type":"ImageObject","inLanguage":"en-GB","@id":"https:\/\/www.omcsae.com\/#\/schema\/logo\/image\/","url":"https:\/\/www.omcsae.com\/wp-content\/uploads\/2020\/09\/OMC_Logo-transparent-e1646645548126.png","contentUrl":"https:\/\/www.omcsae.com\/wp-content\/uploads\/2020\/09\/OMC_Logo-transparent-e1646645548126.png","width":303,"height":351,"caption":"OMC SAE: distribuidor de maquinaria, consumibles y equipos para imprentas"},"image":{"@id":"https:\/\/www.omcsae.com\/#\/schema\/logo\/image\/"}}]}},"_links":{"self":[{"href":"https:\/\/www.omcsae.com\/en\/wp-json\/wp\/v2\/product\/2836","targetHints":{"allow":["GET"]}}],"collection":[{"href":"https:\/\/www.omcsae.com\/en\/wp-json\/wp\/v2\/product"}],"about":[{"href":"https:\/\/www.omcsae.com\/en\/wp-json\/wp\/v2\/types\/product"}],"wp:featuredmedia":[{"embeddable":true,"href":"https:\/\/www.omcsae.com\/en\/wp-json\/wp\/v2\/media\/6890"}],"wp:attachment":[{"href":"https:\/\/www.omcsae.com\/en\/wp-json\/wp\/v2\/media?parent=2836"}],"wp:term":[{"taxonomy":"product_cat","embeddable":true,"href":"https:\/\/www.omcsae.com\/en\/wp-json\/wp\/v2\/product_cat?post=2836"},{"taxonomy":"product_tag","embeddable":true,"href":"https:\/\/www.omcsae.com\/en\/wp-json\/wp\/v2\/product_tag?post=2836"}],"curies":[{"name":"wp","href":"https:\/\/api.w.org\/{rel}","templated":true}]}}