{"id":2837,"date":"2021-03-18T20:09:08","date_gmt":"2021-03-18T20:09:08","guid":{"rendered":"http:\/\/omcsae.com.mialias.net\/producto\/prensa-digital-inkjet-base-agua-en-bobina-miyakoshi-mjp20ixs\/"},"modified":"2023-02-13T12:00:49","modified_gmt":"2023-02-13T12:00:49","slug":"reel-based-water-based-digital-inkjet-press-miyakoshi-mjp20ixs","status":"publish","type":"product","link":"https:\/\/www.omcsae.com\/en\/products\/reel-based-water-based-digital-inkjet-press-miyakoshi-mjp20ixs\/","title":{"rendered":"Miyakoshi MJP20IXS water-based digital inkjet roll press"},"content":{"rendered":"<p><strong>Latest technology at the service of the printer<\/strong><\/p>\n<p>The Miyakoshi MJP20IXS is capable of producing more than 129,000 A4 images per hour.<\/p>\n<p>Thanks to the latest technological advances that this digital press has, they make it a perfect solution for the printing of books, direct marketing, brochures, promotional marketing and many other applications.<\/p>\n<p>Set-up time is reduced, productivity is increased, and efficiency is maximized.<\/p>","protected":false},"excerpt":{"rendered":"<ul>\n<li>Excellent print quality (1200 x 1200 dpi).<\/li>\n<li>High speed at high quality<\/li>\n<li>Many compatible media<\/li>\n<li>Up to 160 mtr \/ min or 2,154 ipm A4 (duplex mode) *<\/li>\n<\/ul>","protected":false},"featured_media":6889,"template":"","meta":[],"product_cat":[674,672],"product_tag":[],"class_list":{"0":"post-2837","1":"product","2":"type-product","3":"status-publish","4":"has-post-thumbnail","6":"product_cat-digital","7":"product_cat-impresion","8":"pa_marca-miyakoshi","10":"first","11":"instock","12":"product-type-simple"},"yoast_head":"<!-- This site is optimized with the Yoast SEO plugin v27.3 - https:\/\/yoast.com\/product\/yoast-seo-wordpress\/ -->\n<title>Prensa digital inkjet base agua en bobina Miyakoshi MJP20IXS | OMC SAE<\/title>\n<meta name=\"description\" content=\"Descubre nuestro cat\u00e1logo en Digital para m\u00e1quinas de impresi\u00f3n, Impresi\u00f3n y artes gr\u00e1ficas. Consulta m\u00e1s sobre Prensa digital inkjet base agua en bobina Miyakoshi MJP20IXS en nuestra web OMC SAE.\" \/>\n<meta name=\"robots\" content=\"index, follow, max-snippet:-1, max-image-preview:large, max-video-preview:-1\" \/>\n<link rel=\"canonical\" href=\"https:\/\/www.omcsae.com\/en\/products\/reel-based-water-based-digital-inkjet-press-miyakoshi-mjp20ixs\/\" \/>\n<meta property=\"og:locale\" content=\"en_GB\" \/>\n<meta property=\"og:type\" content=\"article\" \/>\n<meta property=\"og:title\" content=\"Prensa digital inkjet base agua en bobina Miyakoshi MJP20IXS | OMC SAE\" \/>\n<meta property=\"og:description\" content=\"Descubre nuestro cat\u00e1logo en Digital para m\u00e1quinas de impresi\u00f3n, Impresi\u00f3n y artes gr\u00e1ficas. Consulta m\u00e1s sobre Prensa digital inkjet base agua en bobina Miyakoshi MJP20IXS en nuestra web OMC SAE.\" \/>\n<meta property=\"og:url\" content=\"https:\/\/www.omcsae.com\/en\/products\/reel-based-water-based-digital-inkjet-press-miyakoshi-mjp20ixs\/\" \/>\n<meta property=\"og:site_name\" content=\"OMC sae\" \/>\n<meta property=\"article:modified_time\" content=\"2023-02-13T12:00:49+00:00\" \/>\n<meta property=\"og:image\" content=\"https:\/\/www.omcsae.com\/wp-content\/uploads\/2021\/03\/Prensa-digital-MJP20IXS.png\" \/>\n\t<meta property=\"og:image:width\" content=\"1038\" \/>\n\t<meta property=\"og:image:height\" content=\"1038\" \/>\n\t<meta property=\"og:image:type\" content=\"image\/png\" \/>\n<meta name=\"twitter:card\" content=\"summary_large_image\" \/>\n<script type=\"application\/ld+json\" class=\"yoast-schema-graph\">{\"@context\":\"https:\\\/\\\/schema.org\",\"@graph\":[{\"@type\":\"WebPage\",\"@id\":\"https:\\\/\\\/www.omcsae.com\\\/producto\\\/prensa-digital-inkjet-base-agua-en-bobina-miyakoshi-mjp20ixs\\\/\",\"url\":\"https:\\\/\\\/www.omcsae.com\\\/producto\\\/prensa-digital-inkjet-base-agua-en-bobina-miyakoshi-mjp20ixs\\\/\",\"name\":\"Prensa digital inkjet base agua en bobina Miyakoshi MJP20IXS | OMC SAE\",\"isPartOf\":{\"@id\":\"https:\\\/\\\/www.omcsae.com\\\/#website\"},\"primaryImageOfPage\":{\"@id\":\"https:\\\/\\\/www.omcsae.com\\\/producto\\\/prensa-digital-inkjet-base-agua-en-bobina-miyakoshi-mjp20ixs\\\/#primaryimage\"},\"image\":{\"@id\":\"https:\\\/\\\/www.omcsae.com\\\/producto\\\/prensa-digital-inkjet-base-agua-en-bobina-miyakoshi-mjp20ixs\\\/#primaryimage\"},\"thumbnailUrl\":\"https:\\\/\\\/www.omcsae.com\\\/wp-content\\\/uploads\\\/2021\\\/03\\\/Prensa-digital-MJP20IXS.png\",\"datePublished\":\"2021-03-18T20:09:08+00:00\",\"dateModified\":\"2023-02-13T12:00:49+00:00\",\"description\":\"Descubre nuestro cat\u00e1logo en Digital para m\u00e1quinas de impresi\u00f3n, Impresi\u00f3n y artes gr\u00e1ficas. Consulta m\u00e1s sobre Prensa digital inkjet base agua en bobina Miyakoshi MJP20IXS en nuestra web OMC SAE.\",\"breadcrumb\":{\"@id\":\"https:\\\/\\\/www.omcsae.com\\\/producto\\\/prensa-digital-inkjet-base-agua-en-bobina-miyakoshi-mjp20ixs\\\/#breadcrumb\"},\"inLanguage\":\"en-GB\",\"potentialAction\":[{\"@type\":\"ReadAction\",\"target\":[\"https:\\\/\\\/www.omcsae.com\\\/producto\\\/prensa-digital-inkjet-base-agua-en-bobina-miyakoshi-mjp20ixs\\\/\"]}]},{\"@type\":\"ImageObject\",\"inLanguage\":\"en-GB\",\"@id\":\"https:\\\/\\\/www.omcsae.com\\\/producto\\\/prensa-digital-inkjet-base-agua-en-bobina-miyakoshi-mjp20ixs\\\/#primaryimage\",\"url\":\"https:\\\/\\\/www.omcsae.com\\\/wp-content\\\/uploads\\\/2021\\\/03\\\/Prensa-digital-MJP20IXS.png\",\"contentUrl\":\"https:\\\/\\\/www.omcsae.com\\\/wp-content\\\/uploads\\\/2021\\\/03\\\/Prensa-digital-MJP20IXS.png\",\"width\":1038,\"height\":1038},{\"@type\":\"BreadcrumbList\",\"@id\":\"https:\\\/\\\/www.omcsae.com\\\/producto\\\/prensa-digital-inkjet-base-agua-en-bobina-miyakoshi-mjp20ixs\\\/#breadcrumb\",\"itemListElement\":[{\"@type\":\"ListItem\",\"position\":1,\"name\":\"Portada\",\"item\":\"https:\\\/\\\/www.omcsae.com\\\/\"},{\"@type\":\"ListItem\",\"position\":2,\"name\":\"Productos\",\"item\":\"https:\\\/\\\/www.omcsae.com\\\/shop\\\/\"},{\"@type\":\"ListItem\",\"position\":3,\"name\":\"Prensa digital inkjet base agua en bobina Miyakoshi MJP20IXS\"}]},{\"@type\":\"WebSite\",\"@id\":\"https:\\\/\\\/www.omcsae.com\\\/#website\",\"url\":\"https:\\\/\\\/www.omcsae.com\\\/\",\"name\":\"OMC sae\",\"description\":\"Distribuidor de maquinaria, consumibles y equipos para imprentas, artes gr\u00e1ficas\",\"publisher\":{\"@id\":\"https:\\\/\\\/www.omcsae.com\\\/#organization\"},\"potentialAction\":[{\"@type\":\"SearchAction\",\"target\":{\"@type\":\"EntryPoint\",\"urlTemplate\":\"https:\\\/\\\/www.omcsae.com\\\/?s={search_term_string}\"},\"query-input\":{\"@type\":\"PropertyValueSpecification\",\"valueRequired\":true,\"valueName\":\"search_term_string\"}}],\"inLanguage\":\"en-GB\"},{\"@type\":\"Organization\",\"@id\":\"https:\\\/\\\/www.omcsae.com\\\/#organization\",\"name\":\"OMC SAE: distribuidor de maquinaria, consumibles y equipos para imprentas\",\"url\":\"https:\\\/\\\/www.omcsae.com\\\/\",\"logo\":{\"@type\":\"ImageObject\",\"inLanguage\":\"en-GB\",\"@id\":\"https:\\\/\\\/www.omcsae.com\\\/#\\\/schema\\\/logo\\\/image\\\/\",\"url\":\"https:\\\/\\\/www.omcsae.com\\\/wp-content\\\/uploads\\\/2020\\\/09\\\/OMC_Logo-transparent-e1646645548126.png\",\"contentUrl\":\"https:\\\/\\\/www.omcsae.com\\\/wp-content\\\/uploads\\\/2020\\\/09\\\/OMC_Logo-transparent-e1646645548126.png\",\"width\":303,\"height\":351,\"caption\":\"OMC SAE: distribuidor de maquinaria, consumibles y equipos para imprentas\"},\"image\":{\"@id\":\"https:\\\/\\\/www.omcsae.com\\\/#\\\/schema\\\/logo\\\/image\\\/\"}}]}<\/script>\n<!-- \/ Yoast SEO plugin. -->","yoast_head_json":{"title":"Miyakoshi MJP20IXS water-based digital reel inkjet press | OMC SAE","description":"Discover our catalog in Digital for printing machines, Printing and graphic arts. Consult more about Miyakoshi MJP20IXS water-based digital inkjet press on our web OMC SAE.","robots":{"index":"index","follow":"follow","max-snippet":"max-snippet:-1","max-image-preview":"max-image-preview:large","max-video-preview":"max-video-preview:-1"},"canonical":"https:\/\/www.omcsae.com\/en\/products\/reel-based-water-based-digital-inkjet-press-miyakoshi-mjp20ixs\/","og_locale":"en_GB","og_type":"article","og_title":"Prensa digital inkjet base agua en bobina Miyakoshi MJP20IXS | OMC SAE","og_description":"Descubre nuestro cat\u00e1logo en Digital para m\u00e1quinas de impresi\u00f3n, Impresi\u00f3n y artes gr\u00e1ficas. Consulta m\u00e1s sobre Prensa digital inkjet base agua en bobina Miyakoshi MJP20IXS en nuestra web OMC SAE.","og_url":"https:\/\/www.omcsae.com\/en\/products\/reel-based-water-based-digital-inkjet-press-miyakoshi-mjp20ixs\/","og_site_name":"OMC sae","article_modified_time":"2023-02-13T12:00:49+00:00","og_image":[{"width":1038,"height":1038,"url":"https:\/\/www.omcsae.com\/wp-content\/uploads\/2021\/03\/Prensa-digital-MJP20IXS.png","type":"image\/png"}],"twitter_card":"summary_large_image","schema":{"@context":"https:\/\/schema.org","@graph":[{"@type":"WebPage","@id":"https:\/\/www.omcsae.com\/producto\/prensa-digital-inkjet-base-agua-en-bobina-miyakoshi-mjp20ixs\/","url":"https:\/\/www.omcsae.com\/producto\/prensa-digital-inkjet-base-agua-en-bobina-miyakoshi-mjp20ixs\/","name":"Miyakoshi MJP20IXS water-based digital reel inkjet press | OMC SAE","isPartOf":{"@id":"https:\/\/www.omcsae.com\/#website"},"primaryImageOfPage":{"@id":"https:\/\/www.omcsae.com\/producto\/prensa-digital-inkjet-base-agua-en-bobina-miyakoshi-mjp20ixs\/#primaryimage"},"image":{"@id":"https:\/\/www.omcsae.com\/producto\/prensa-digital-inkjet-base-agua-en-bobina-miyakoshi-mjp20ixs\/#primaryimage"},"thumbnailUrl":"https:\/\/www.omcsae.com\/wp-content\/uploads\/2021\/03\/Prensa-digital-MJP20IXS.png","datePublished":"2021-03-18T20:09:08+00:00","dateModified":"2023-02-13T12:00:49+00:00","description":"Discover our catalog in Digital for printing machines, Printing and graphic arts. Consult more about Miyakoshi MJP20IXS water-based digital inkjet press on our web OMC SAE.","breadcrumb":{"@id":"https:\/\/www.omcsae.com\/producto\/prensa-digital-inkjet-base-agua-en-bobina-miyakoshi-mjp20ixs\/#breadcrumb"},"inLanguage":"en-GB","potentialAction":[{"@type":"ReadAction","target":["https:\/\/www.omcsae.com\/producto\/prensa-digital-inkjet-base-agua-en-bobina-miyakoshi-mjp20ixs\/"]}]},{"@type":"ImageObject","inLanguage":"en-GB","@id":"https:\/\/www.omcsae.com\/producto\/prensa-digital-inkjet-base-agua-en-bobina-miyakoshi-mjp20ixs\/#primaryimage","url":"https:\/\/www.omcsae.com\/wp-content\/uploads\/2021\/03\/Prensa-digital-MJP20IXS.png","contentUrl":"https:\/\/www.omcsae.com\/wp-content\/uploads\/2021\/03\/Prensa-digital-MJP20IXS.png","width":1038,"height":1038},{"@type":"BreadcrumbList","@id":"https:\/\/www.omcsae.com\/producto\/prensa-digital-inkjet-base-agua-en-bobina-miyakoshi-mjp20ixs\/#breadcrumb","itemListElement":[{"@type":"ListItem","position":1,"name":"Portada","item":"https:\/\/www.omcsae.com\/"},{"@type":"ListItem","position":2,"name":"Productos","item":"https:\/\/www.omcsae.com\/shop\/"},{"@type":"ListItem","position":3,"name":"Prensa digital inkjet base agua en bobina Miyakoshi MJP20IXS"}]},{"@type":"WebSite","@id":"https:\/\/www.omcsae.com\/#website","url":"https:\/\/www.omcsae.com\/","name":"OMC sae","description":"Distributor of machinery, consumables and equipment for printing, graphic arts","publisher":{"@id":"https:\/\/www.omcsae.com\/#organization"},"potentialAction":[{"@type":"SearchAction","target":{"@type":"EntryPoint","urlTemplate":"https:\/\/www.omcsae.com\/?s={search_term_string}"},"query-input":{"@type":"PropertyValueSpecification","valueRequired":true,"valueName":"search_term_string"}}],"inLanguage":"en-GB"},{"@type":"Organization","@id":"https:\/\/www.omcsae.com\/#organization","name":"OMC SAE: distributor of machinery, consumables and equipment for the printing industry","url":"https:\/\/www.omcsae.com\/","logo":{"@type":"ImageObject","inLanguage":"en-GB","@id":"https:\/\/www.omcsae.com\/#\/schema\/logo\/image\/","url":"https:\/\/www.omcsae.com\/wp-content\/uploads\/2020\/09\/OMC_Logo-transparent-e1646645548126.png","contentUrl":"https:\/\/www.omcsae.com\/wp-content\/uploads\/2020\/09\/OMC_Logo-transparent-e1646645548126.png","width":303,"height":351,"caption":"OMC SAE: distribuidor de maquinaria, consumibles y equipos para imprentas"},"image":{"@id":"https:\/\/www.omcsae.com\/#\/schema\/logo\/image\/"}}]}},"_links":{"self":[{"href":"https:\/\/www.omcsae.com\/en\/wp-json\/wp\/v2\/product\/2837","targetHints":{"allow":["GET"]}}],"collection":[{"href":"https:\/\/www.omcsae.com\/en\/wp-json\/wp\/v2\/product"}],"about":[{"href":"https:\/\/www.omcsae.com\/en\/wp-json\/wp\/v2\/types\/product"}],"wp:featuredmedia":[{"embeddable":true,"href":"https:\/\/www.omcsae.com\/en\/wp-json\/wp\/v2\/media\/6889"}],"wp:attachment":[{"href":"https:\/\/www.omcsae.com\/en\/wp-json\/wp\/v2\/media?parent=2837"}],"wp:term":[{"taxonomy":"product_cat","embeddable":true,"href":"https:\/\/www.omcsae.com\/en\/wp-json\/wp\/v2\/product_cat?post=2837"},{"taxonomy":"product_tag","embeddable":true,"href":"https:\/\/www.omcsae.com\/en\/wp-json\/wp\/v2\/product_tag?post=2837"}],"curies":[{"name":"wp","href":"https:\/\/api.w.org\/{rel}","templated":true}]}}