{"id":2847,"date":"2021-03-18T20:09:08","date_gmt":"2021-03-18T20:09:08","guid":{"rendered":"http:\/\/omcsae.com.mialias.net\/producto\/caucho-impresion-offset-rollin-hipage-plus\/"},"modified":"2022-01-03T15:49:36","modified_gmt":"2022-01-03T15:49:36","slug":"rubber-printing-offset-rollin-hipage-plus-2","status":"publish","type":"product","link":"https:\/\/www.omcsae.com\/en\/products\/rubber-printing-offset-rollin-hipage-plus-2\/","title":{"rendered":"Offset Printing Rubber - Rollin HiPage Plus"},"content":{"rendered":"<p>Colour<br \/>\nGreen<\/p>\n<p>Ink compatibility<br \/>\nConventional<\/p>\n<p>Surface<br \/>\nPolished<\/p>\n<p>Rugosity<br \/>\nRa = 1.4 - 1.7 \u03bcm<\/p>\n<p>Feeding<br \/>\nHalf<\/p>\n<p>Rubber construction<br \/>\nCompressible<\/p>\n<p>Thickness<br \/>\n1.96mm \u00b1 0.02 (4 layers)<\/p>","protected":false},"excerpt":{"rendered":"<p>Offset printing rubber developed for high speed web presses.<\/p>\n<p>Rubber recovery after each print &quot;hit&quot; is increasingly relevant in light of the high print speeds of new-generation press and commercial presses.<\/p>\n<p>More specifically, in commercial presses we must also consider the high variety and rotation of weights to be printed as well as the different web widths. This requires an offset printing rubber to have a high resistance to edge marking and a minimum loss of thickness of the rubber in its useful life.<\/p>\n<p>Only in this way can we guarantee a high and constant printing quality as well as a great durability in the machine, reducing to the maximum the machine stoppages due to rubber changes.<\/p>","protected":false},"featured_media":5786,"template":"","meta":[],"product_cat":[678,669],"product_tag":[],"class_list":{"0":"post-2847","1":"product","2":"type-product","3":"status-publish","4":"has-post-thumbnail","6":"product_cat-cauchos-offset","7":"product_cat-consumibles-graficos","8":"pa_marca-trelleborg-rollin","9":"pa_sectores-periodicos","11":"first","12":"instock","13":"product-type-simple"},"yoast_head":"<!-- This site is optimized with the Yoast SEO plugin v27.4 - https:\/\/yoast.com\/product\/yoast-seo-wordpress\/ -->\n<title>Caucho Impresi\u00f3n Offset - Rollin HiPage Plus | OMC SAE<\/title>\n<meta name=\"description\" content=\"Descubre nuestro cat\u00e1logo en Cauchos Offset para m\u00e1quinas de impresi\u00f3n, Consumibles Gr\u00e1ficos y artes gr\u00e1ficas. Consulta m\u00e1s sobre Caucho Impresi\u00f3n Offset - Rollin HiPage Plus en nuestra web OMC SAE.\" \/>\n<meta name=\"robots\" content=\"index, follow, max-snippet:-1, max-image-preview:large, max-video-preview:-1\" \/>\n<link rel=\"canonical\" href=\"https:\/\/www.omcsae.com\/en\/products\/rubber-printing-offset-rollin-hipage-plus-2\/\" \/>\n<meta property=\"og:locale\" content=\"en_GB\" \/>\n<meta property=\"og:type\" content=\"article\" \/>\n<meta property=\"og:title\" content=\"Caucho Impresi\u00f3n Offset - Rollin HiPage Plus | OMC SAE\" \/>\n<meta property=\"og:description\" content=\"Descubre nuestro cat\u00e1logo en Cauchos Offset para m\u00e1quinas de impresi\u00f3n, Consumibles Gr\u00e1ficos y artes gr\u00e1ficas. Consulta m\u00e1s sobre Caucho Impresi\u00f3n Offset - Rollin HiPage Plus en nuestra web OMC SAE.\" \/>\n<meta property=\"og:url\" content=\"https:\/\/www.omcsae.com\/en\/products\/rubber-printing-offset-rollin-hipage-plus-2\/\" \/>\n<meta property=\"og:site_name\" content=\"OMC sae\" \/>\n<meta property=\"article:modified_time\" content=\"2022-01-03T15:49:36+00:00\" \/>\n<meta property=\"og:image\" content=\"https:\/\/www.omcsae.com\/wp-content\/uploads\/2021\/03\/Stellata-scaled.jpg\" \/>\n\t<meta property=\"og:image:width\" content=\"2560\" \/>\n\t<meta property=\"og:image:height\" content=\"2560\" \/>\n\t<meta property=\"og:image:type\" content=\"image\/jpeg\" \/>\n<meta name=\"twitter:card\" content=\"summary_large_image\" \/>\n<script type=\"application\/ld+json\" class=\"yoast-schema-graph\">{\"@context\":\"https:\\\/\\\/schema.org\",\"@graph\":[{\"@type\":\"WebPage\",\"@id\":\"https:\\\/\\\/www.omcsae.com\\\/producto\\\/caucho-impresion-offset-rollin-hipage-plus\\\/\",\"url\":\"https:\\\/\\\/www.omcsae.com\\\/producto\\\/caucho-impresion-offset-rollin-hipage-plus\\\/\",\"name\":\"Caucho Impresi\u00f3n Offset - Rollin HiPage Plus | OMC SAE\",\"isPartOf\":{\"@id\":\"https:\\\/\\\/www.omcsae.com\\\/#website\"},\"primaryImageOfPage\":{\"@id\":\"https:\\\/\\\/www.omcsae.com\\\/producto\\\/caucho-impresion-offset-rollin-hipage-plus\\\/#primaryimage\"},\"image\":{\"@id\":\"https:\\\/\\\/www.omcsae.com\\\/producto\\\/caucho-impresion-offset-rollin-hipage-plus\\\/#primaryimage\"},\"thumbnailUrl\":\"https:\\\/\\\/www.omcsae.com\\\/wp-content\\\/uploads\\\/2021\\\/03\\\/Stellata-scaled.jpg\",\"datePublished\":\"2021-03-18T20:09:08+00:00\",\"dateModified\":\"2022-01-03T15:49:36+00:00\",\"description\":\"Descubre nuestro cat\u00e1logo en Cauchos Offset para m\u00e1quinas de impresi\u00f3n, Consumibles Gr\u00e1ficos y artes gr\u00e1ficas. Consulta m\u00e1s sobre Caucho Impresi\u00f3n Offset - Rollin HiPage Plus en nuestra web OMC SAE.\",\"breadcrumb\":{\"@id\":\"https:\\\/\\\/www.omcsae.com\\\/producto\\\/caucho-impresion-offset-rollin-hipage-plus\\\/#breadcrumb\"},\"inLanguage\":\"en-GB\",\"potentialAction\":[{\"@type\":\"ReadAction\",\"target\":[\"https:\\\/\\\/www.omcsae.com\\\/producto\\\/caucho-impresion-offset-rollin-hipage-plus\\\/\"]}]},{\"@type\":\"ImageObject\",\"inLanguage\":\"en-GB\",\"@id\":\"https:\\\/\\\/www.omcsae.com\\\/producto\\\/caucho-impresion-offset-rollin-hipage-plus\\\/#primaryimage\",\"url\":\"https:\\\/\\\/www.omcsae.com\\\/wp-content\\\/uploads\\\/2021\\\/03\\\/Stellata-scaled.jpg\",\"contentUrl\":\"https:\\\/\\\/www.omcsae.com\\\/wp-content\\\/uploads\\\/2021\\\/03\\\/Stellata-scaled.jpg\",\"width\":2560,\"height\":2560},{\"@type\":\"BreadcrumbList\",\"@id\":\"https:\\\/\\\/www.omcsae.com\\\/producto\\\/caucho-impresion-offset-rollin-hipage-plus\\\/#breadcrumb\",\"itemListElement\":[{\"@type\":\"ListItem\",\"position\":1,\"name\":\"Portada\",\"item\":\"https:\\\/\\\/www.omcsae.com\\\/\"},{\"@type\":\"ListItem\",\"position\":2,\"name\":\"Productos\",\"item\":\"https:\\\/\\\/www.omcsae.com\\\/shop\\\/\"},{\"@type\":\"ListItem\",\"position\":3,\"name\":\"Caucho Impresi\u00f3n Offset &#8211; Rollin HiPage Plus\"}]},{\"@type\":\"WebSite\",\"@id\":\"https:\\\/\\\/www.omcsae.com\\\/#website\",\"url\":\"https:\\\/\\\/www.omcsae.com\\\/\",\"name\":\"OMC sae\",\"description\":\"Distribuidor de maquinaria, consumibles y equipos para imprentas, artes gr\u00e1ficas\",\"publisher\":{\"@id\":\"https:\\\/\\\/www.omcsae.com\\\/#organization\"},\"potentialAction\":[{\"@type\":\"SearchAction\",\"target\":{\"@type\":\"EntryPoint\",\"urlTemplate\":\"https:\\\/\\\/www.omcsae.com\\\/?s={search_term_string}\"},\"query-input\":{\"@type\":\"PropertyValueSpecification\",\"valueRequired\":true,\"valueName\":\"search_term_string\"}}],\"inLanguage\":\"en-GB\"},{\"@type\":\"Organization\",\"@id\":\"https:\\\/\\\/www.omcsae.com\\\/#organization\",\"name\":\"OMC SAE: distribuidor de maquinaria, consumibles y equipos para imprentas\",\"url\":\"https:\\\/\\\/www.omcsae.com\\\/\",\"logo\":{\"@type\":\"ImageObject\",\"inLanguage\":\"en-GB\",\"@id\":\"https:\\\/\\\/www.omcsae.com\\\/#\\\/schema\\\/logo\\\/image\\\/\",\"url\":\"https:\\\/\\\/www.omcsae.com\\\/wp-content\\\/uploads\\\/2020\\\/09\\\/OMC_Logo-transparent-e1646645548126.png\",\"contentUrl\":\"https:\\\/\\\/www.omcsae.com\\\/wp-content\\\/uploads\\\/2020\\\/09\\\/OMC_Logo-transparent-e1646645548126.png\",\"width\":303,\"height\":351,\"caption\":\"OMC SAE: distribuidor de maquinaria, consumibles y equipos para imprentas\"},\"image\":{\"@id\":\"https:\\\/\\\/www.omcsae.com\\\/#\\\/schema\\\/logo\\\/image\\\/\"}}]}<\/script>\n<!-- \/ Yoast SEO plugin. -->","yoast_head_json":{"title":"Offset Printing Rubber - Rollin HiPage Plus | OMC SAE","description":"Discover our catalog on Offset Rubbers for printing machines, Graphic Consumables and graphic arts. Consult more about Offset Printing Rubber - HiPage Plus Rollin on our OMC SAE website.","robots":{"index":"index","follow":"follow","max-snippet":"max-snippet:-1","max-image-preview":"max-image-preview:large","max-video-preview":"max-video-preview:-1"},"canonical":"https:\/\/www.omcsae.com\/en\/products\/rubber-printing-offset-rollin-hipage-plus-2\/","og_locale":"en_GB","og_type":"article","og_title":"Caucho Impresi\u00f3n Offset - Rollin HiPage Plus | OMC SAE","og_description":"Descubre nuestro cat\u00e1logo en Cauchos Offset para m\u00e1quinas de impresi\u00f3n, Consumibles Gr\u00e1ficos y artes gr\u00e1ficas. Consulta m\u00e1s sobre Caucho Impresi\u00f3n Offset - Rollin HiPage Plus en nuestra web OMC SAE.","og_url":"https:\/\/www.omcsae.com\/en\/products\/rubber-printing-offset-rollin-hipage-plus-2\/","og_site_name":"OMC sae","article_modified_time":"2022-01-03T15:49:36+00:00","og_image":[{"width":2560,"height":2560,"url":"https:\/\/www.omcsae.com\/wp-content\/uploads\/2021\/03\/Stellata-scaled.jpg","type":"image\/jpeg"}],"twitter_card":"summary_large_image","schema":{"@context":"https:\/\/schema.org","@graph":[{"@type":"WebPage","@id":"https:\/\/www.omcsae.com\/producto\/caucho-impresion-offset-rollin-hipage-plus\/","url":"https:\/\/www.omcsae.com\/producto\/caucho-impresion-offset-rollin-hipage-plus\/","name":"Offset Printing Rubber - Rollin HiPage Plus | OMC SAE","isPartOf":{"@id":"https:\/\/www.omcsae.com\/#website"},"primaryImageOfPage":{"@id":"https:\/\/www.omcsae.com\/producto\/caucho-impresion-offset-rollin-hipage-plus\/#primaryimage"},"image":{"@id":"https:\/\/www.omcsae.com\/producto\/caucho-impresion-offset-rollin-hipage-plus\/#primaryimage"},"thumbnailUrl":"https:\/\/www.omcsae.com\/wp-content\/uploads\/2021\/03\/Stellata-scaled.jpg","datePublished":"2021-03-18T20:09:08+00:00","dateModified":"2022-01-03T15:49:36+00:00","description":"Discover our catalog on Offset Rubbers for printing machines, Graphic Consumables and graphic arts. Consult more about Offset Printing Rubber - HiPage Plus Rollin on our OMC SAE website.","breadcrumb":{"@id":"https:\/\/www.omcsae.com\/producto\/caucho-impresion-offset-rollin-hipage-plus\/#breadcrumb"},"inLanguage":"en-GB","potentialAction":[{"@type":"ReadAction","target":["https:\/\/www.omcsae.com\/producto\/caucho-impresion-offset-rollin-hipage-plus\/"]}]},{"@type":"ImageObject","inLanguage":"en-GB","@id":"https:\/\/www.omcsae.com\/producto\/caucho-impresion-offset-rollin-hipage-plus\/#primaryimage","url":"https:\/\/www.omcsae.com\/wp-content\/uploads\/2021\/03\/Stellata-scaled.jpg","contentUrl":"https:\/\/www.omcsae.com\/wp-content\/uploads\/2021\/03\/Stellata-scaled.jpg","width":2560,"height":2560},{"@type":"BreadcrumbList","@id":"https:\/\/www.omcsae.com\/producto\/caucho-impresion-offset-rollin-hipage-plus\/#breadcrumb","itemListElement":[{"@type":"ListItem","position":1,"name":"Portada","item":"https:\/\/www.omcsae.com\/"},{"@type":"ListItem","position":2,"name":"Productos","item":"https:\/\/www.omcsae.com\/shop\/"},{"@type":"ListItem","position":3,"name":"Caucho Impresi\u00f3n Offset &#8211; Rollin HiPage Plus"}]},{"@type":"WebSite","@id":"https:\/\/www.omcsae.com\/#website","url":"https:\/\/www.omcsae.com\/","name":"OMC sae","description":"Distributor of machinery, consumables and equipment for printing, graphic arts","publisher":{"@id":"https:\/\/www.omcsae.com\/#organization"},"potentialAction":[{"@type":"SearchAction","target":{"@type":"EntryPoint","urlTemplate":"https:\/\/www.omcsae.com\/?s={search_term_string}"},"query-input":{"@type":"PropertyValueSpecification","valueRequired":true,"valueName":"search_term_string"}}],"inLanguage":"en-GB"},{"@type":"Organization","@id":"https:\/\/www.omcsae.com\/#organization","name":"OMC SAE: distributor of machinery, consumables and equipment for the printing industry","url":"https:\/\/www.omcsae.com\/","logo":{"@type":"ImageObject","inLanguage":"en-GB","@id":"https:\/\/www.omcsae.com\/#\/schema\/logo\/image\/","url":"https:\/\/www.omcsae.com\/wp-content\/uploads\/2020\/09\/OMC_Logo-transparent-e1646645548126.png","contentUrl":"https:\/\/www.omcsae.com\/wp-content\/uploads\/2020\/09\/OMC_Logo-transparent-e1646645548126.png","width":303,"height":351,"caption":"OMC SAE: distribuidor de maquinaria, consumibles y equipos para imprentas"},"image":{"@id":"https:\/\/www.omcsae.com\/#\/schema\/logo\/image\/"}}]}},"_links":{"self":[{"href":"https:\/\/www.omcsae.com\/en\/wp-json\/wp\/v2\/product\/2847","targetHints":{"allow":["GET"]}}],"collection":[{"href":"https:\/\/www.omcsae.com\/en\/wp-json\/wp\/v2\/product"}],"about":[{"href":"https:\/\/www.omcsae.com\/en\/wp-json\/wp\/v2\/types\/product"}],"wp:featuredmedia":[{"embeddable":true,"href":"https:\/\/www.omcsae.com\/en\/wp-json\/wp\/v2\/media\/5786"}],"wp:attachment":[{"href":"https:\/\/www.omcsae.com\/en\/wp-json\/wp\/v2\/media?parent=2847"}],"wp:term":[{"taxonomy":"product_cat","embeddable":true,"href":"https:\/\/www.omcsae.com\/en\/wp-json\/wp\/v2\/product_cat?post=2847"},{"taxonomy":"product_tag","embeddable":true,"href":"https:\/\/www.omcsae.com\/en\/wp-json\/wp\/v2\/product_tag?post=2847"}],"curies":[{"name":"wp","href":"https:\/\/api.w.org\/{rel}","templated":true}]}}