{"id":2851,"date":"2021-03-18T20:09:08","date_gmt":"2021-03-18T20:09:08","guid":{"rendered":"http:\/\/omcsae.com.mialias.net\/producto\/regenerador-para-caucho-y-baterias-schwego-damp-8174\/"},"modified":"2022-02-07T11:36:50","modified_gmt":"2022-02-07T11:36:50","slug":"regenerator-for-rubber-and-batteries-schwego-damp-8174","status":"publish","type":"product","link":"https:\/\/www.omcsae.com\/en\/products\/regenerator-for-rubber-and-batteries-schwego-damp-8174\/","title":{"rendered":"Regenerator for Rubber and Batteries - Schwego\u00ae Damp 8174"},"content":{"rendered":"<p>Deep cleanser and regenerator for rubbers, ink rollers and wet systems.<\/p>\n<div>Over time, ink and mineral particles settle into the pores of ink rollers and rubbers. The consequences:<\/div>\n<div>1. Reduction of ink acceptance.<br \/>\n2. Crystallization of rollers and rubbers.<br \/>\n3. Problems with the screens.<\/div>\n<p>Schwego\u00ae Damp 8174 provides thorough cleaning, regeneration, impregnation and optimization of the condition of rubbers, rollers and dampers.<\/p>","protected":false},"excerpt":{"rendered":"<div><strong>Properties<\/strong><br \/>\n- Deep cleaning.<br \/>\n- The rubbers and rubber rollers regain their grip and softness.<br \/>\n- Extends the life of tires and rollers.<br \/>\n- It does not change its hardness or cause swelling.<br \/>\n- Acceptance of ink and water is increased.<br \/>\n- Leaves no greasy residue.<br \/>\n- Schwego\u00ae Damp 8174 does not contain chlorinated or aromatic hydrocarbons.<\/div>\n<div><\/div>\n<div><strong>How to use<\/strong><br \/>\n1. Rubber cleaning and dampers: apply Schwego\u00ae Damp 8174 with a cloth or sponge once or twice a day.<\/div>\n<p>2. Cleaning the ink rollers: after cleaning the rollers, apply Schwego\u00ae Damp 8174.<\/p>\n<p>* Product for industrial use. It is recommended to download the Product Data Sheet and Safety Data Sheet.<br \/>\n** Product photography may differ depending on the selection of attributes or packaging update.<\/p>","protected":false},"featured_media":5751,"template":"","meta":[],"product_cat":[669,680],"product_tag":[],"class_list":{"0":"post-2851","1":"product","2":"type-product","3":"status-publish","4":"has-post-thumbnail","6":"product_cat-consumibles-graficos","7":"product_cat-quimicos","8":"pa_marca-schwegmann","9":"pa_sectores-etiquetas","11":"first","12":"instock","13":"product-type-simple"},"yoast_head":"<!-- This site is optimized with the Yoast SEO plugin v27.3 - https:\/\/yoast.com\/product\/yoast-seo-wordpress\/ -->\n<title>Regenerador para Caucho y Bater\u00edas - Schwego\u00ae Damp 8174 | OMC SAE<\/title>\n<meta name=\"description\" content=\"Descubre nuestro cat\u00e1logo en Qu\u00edmicos para m\u00e1quinas de impresi\u00f3n, Consumibles Gr\u00e1ficos y artes gr\u00e1ficas. Consulta m\u00e1s sobre Regenerador para Caucho y Bater\u00edas - Schwego\u00ae Damp 8174 en nuestra web OMC SAE.\" \/>\n<meta name=\"robots\" content=\"index, follow, max-snippet:-1, max-image-preview:large, max-video-preview:-1\" \/>\n<link rel=\"canonical\" href=\"https:\/\/www.omcsae.com\/en\/products\/regenerator-for-rubber-and-batteries-schwego-damp-8174\/\" \/>\n<meta property=\"og:locale\" content=\"en_GB\" \/>\n<meta property=\"og:type\" content=\"article\" \/>\n<meta property=\"og:title\" content=\"Regenerador para Caucho y Bater\u00edas - Schwego\u00ae Damp 8174 | OMC SAE\" \/>\n<meta property=\"og:description\" content=\"Descubre nuestro cat\u00e1logo en Qu\u00edmicos para m\u00e1quinas de impresi\u00f3n, Consumibles Gr\u00e1ficos y artes gr\u00e1ficas. Consulta m\u00e1s sobre Regenerador para Caucho y Bater\u00edas - Schwego\u00ae Damp 8174 en nuestra web OMC SAE.\" \/>\n<meta property=\"og:url\" content=\"https:\/\/www.omcsae.com\/en\/products\/regenerator-for-rubber-and-batteries-schwego-damp-8174\/\" \/>\n<meta property=\"og:site_name\" content=\"OMC sae\" \/>\n<meta property=\"article:modified_time\" content=\"2022-02-07T11:36:50+00:00\" \/>\n<meta property=\"og:image\" content=\"https:\/\/www.omcsae.com\/wp-content\/uploads\/2021\/03\/8174reducida.jpg\" \/>\n\t<meta property=\"og:image:width\" content=\"1668\" \/>\n\t<meta property=\"og:image:height\" content=\"1668\" \/>\n\t<meta property=\"og:image:type\" content=\"image\/jpeg\" \/>\n<meta name=\"twitter:card\" content=\"summary_large_image\" \/>\n<script type=\"application\/ld+json\" class=\"yoast-schema-graph\">{\"@context\":\"https:\\\/\\\/schema.org\",\"@graph\":[{\"@type\":\"WebPage\",\"@id\":\"https:\\\/\\\/www.omcsae.com\\\/producto\\\/regenerador-para-caucho-y-baterias-schwego-damp-8174\\\/\",\"url\":\"https:\\\/\\\/www.omcsae.com\\\/producto\\\/regenerador-para-caucho-y-baterias-schwego-damp-8174\\\/\",\"name\":\"Regenerador para Caucho y Bater\u00edas - Schwego\u00ae Damp 8174 | OMC SAE\",\"isPartOf\":{\"@id\":\"https:\\\/\\\/www.omcsae.com\\\/#website\"},\"primaryImageOfPage\":{\"@id\":\"https:\\\/\\\/www.omcsae.com\\\/producto\\\/regenerador-para-caucho-y-baterias-schwego-damp-8174\\\/#primaryimage\"},\"image\":{\"@id\":\"https:\\\/\\\/www.omcsae.com\\\/producto\\\/regenerador-para-caucho-y-baterias-schwego-damp-8174\\\/#primaryimage\"},\"thumbnailUrl\":\"https:\\\/\\\/www.omcsae.com\\\/wp-content\\\/uploads\\\/2021\\\/03\\\/8174reducida.jpg\",\"datePublished\":\"2021-03-18T20:09:08+00:00\",\"dateModified\":\"2022-02-07T11:36:50+00:00\",\"description\":\"Descubre nuestro cat\u00e1logo en Qu\u00edmicos para m\u00e1quinas de impresi\u00f3n, Consumibles Gr\u00e1ficos y artes gr\u00e1ficas. Consulta m\u00e1s sobre Regenerador para Caucho y Bater\u00edas - Schwego\u00ae Damp 8174 en nuestra web OMC SAE.\",\"breadcrumb\":{\"@id\":\"https:\\\/\\\/www.omcsae.com\\\/producto\\\/regenerador-para-caucho-y-baterias-schwego-damp-8174\\\/#breadcrumb\"},\"inLanguage\":\"en-GB\",\"potentialAction\":[{\"@type\":\"ReadAction\",\"target\":[\"https:\\\/\\\/www.omcsae.com\\\/producto\\\/regenerador-para-caucho-y-baterias-schwego-damp-8174\\\/\"]}]},{\"@type\":\"ImageObject\",\"inLanguage\":\"en-GB\",\"@id\":\"https:\\\/\\\/www.omcsae.com\\\/producto\\\/regenerador-para-caucho-y-baterias-schwego-damp-8174\\\/#primaryimage\",\"url\":\"https:\\\/\\\/www.omcsae.com\\\/wp-content\\\/uploads\\\/2021\\\/03\\\/8174reducida.jpg\",\"contentUrl\":\"https:\\\/\\\/www.omcsae.com\\\/wp-content\\\/uploads\\\/2021\\\/03\\\/8174reducida.jpg\",\"width\":1668,\"height\":1668},{\"@type\":\"BreadcrumbList\",\"@id\":\"https:\\\/\\\/www.omcsae.com\\\/producto\\\/regenerador-para-caucho-y-baterias-schwego-damp-8174\\\/#breadcrumb\",\"itemListElement\":[{\"@type\":\"ListItem\",\"position\":1,\"name\":\"Portada\",\"item\":\"https:\\\/\\\/www.omcsae.com\\\/\"},{\"@type\":\"ListItem\",\"position\":2,\"name\":\"Productos\",\"item\":\"https:\\\/\\\/www.omcsae.com\\\/shop\\\/\"},{\"@type\":\"ListItem\",\"position\":3,\"name\":\"Regenerador para Caucho y Bater\u00edas &#8211; Schwego\u00ae Damp 8174\"}]},{\"@type\":\"WebSite\",\"@id\":\"https:\\\/\\\/www.omcsae.com\\\/#website\",\"url\":\"https:\\\/\\\/www.omcsae.com\\\/\",\"name\":\"OMC sae\",\"description\":\"Distribuidor de maquinaria, consumibles y equipos para imprentas, artes gr\u00e1ficas\",\"publisher\":{\"@id\":\"https:\\\/\\\/www.omcsae.com\\\/#organization\"},\"potentialAction\":[{\"@type\":\"SearchAction\",\"target\":{\"@type\":\"EntryPoint\",\"urlTemplate\":\"https:\\\/\\\/www.omcsae.com\\\/?s={search_term_string}\"},\"query-input\":{\"@type\":\"PropertyValueSpecification\",\"valueRequired\":true,\"valueName\":\"search_term_string\"}}],\"inLanguage\":\"en-GB\"},{\"@type\":\"Organization\",\"@id\":\"https:\\\/\\\/www.omcsae.com\\\/#organization\",\"name\":\"OMC SAE: distribuidor de maquinaria, consumibles y equipos para imprentas\",\"url\":\"https:\\\/\\\/www.omcsae.com\\\/\",\"logo\":{\"@type\":\"ImageObject\",\"inLanguage\":\"en-GB\",\"@id\":\"https:\\\/\\\/www.omcsae.com\\\/#\\\/schema\\\/logo\\\/image\\\/\",\"url\":\"https:\\\/\\\/www.omcsae.com\\\/wp-content\\\/uploads\\\/2020\\\/09\\\/OMC_Logo-transparent-e1646645548126.png\",\"contentUrl\":\"https:\\\/\\\/www.omcsae.com\\\/wp-content\\\/uploads\\\/2020\\\/09\\\/OMC_Logo-transparent-e1646645548126.png\",\"width\":303,\"height\":351,\"caption\":\"OMC SAE: distribuidor de maquinaria, consumibles y equipos para imprentas\"},\"image\":{\"@id\":\"https:\\\/\\\/www.omcsae.com\\\/#\\\/schema\\\/logo\\\/image\\\/\"}}]}<\/script>\n<!-- \/ Yoast SEO plugin. -->","yoast_head_json":{"title":"Regenerator for Rubber and Batteries - Schwego\u00ae Damp 8174 | OMC SAE","description":"Discover our catalog on Chemicals for printing machines, Graphic Consumables and graphic arts. Consult more about Regenerator for Rubber and Batteries - Schwego\u00ae Damp 8174 on our OMC SAE website.","robots":{"index":"index","follow":"follow","max-snippet":"max-snippet:-1","max-image-preview":"max-image-preview:large","max-video-preview":"max-video-preview:-1"},"canonical":"https:\/\/www.omcsae.com\/en\/products\/regenerator-for-rubber-and-batteries-schwego-damp-8174\/","og_locale":"en_GB","og_type":"article","og_title":"Regenerador para Caucho y Bater\u00edas - Schwego\u00ae Damp 8174 | OMC SAE","og_description":"Descubre nuestro cat\u00e1logo en Qu\u00edmicos para m\u00e1quinas de impresi\u00f3n, Consumibles Gr\u00e1ficos y artes gr\u00e1ficas. Consulta m\u00e1s sobre Regenerador para Caucho y Bater\u00edas - Schwego\u00ae Damp 8174 en nuestra web OMC SAE.","og_url":"https:\/\/www.omcsae.com\/en\/products\/regenerator-for-rubber-and-batteries-schwego-damp-8174\/","og_site_name":"OMC sae","article_modified_time":"2022-02-07T11:36:50+00:00","og_image":[{"width":1668,"height":1668,"url":"https:\/\/www.omcsae.com\/wp-content\/uploads\/2021\/03\/8174reducida.jpg","type":"image\/jpeg"}],"twitter_card":"summary_large_image","schema":{"@context":"https:\/\/schema.org","@graph":[{"@type":"WebPage","@id":"https:\/\/www.omcsae.com\/producto\/regenerador-para-caucho-y-baterias-schwego-damp-8174\/","url":"https:\/\/www.omcsae.com\/producto\/regenerador-para-caucho-y-baterias-schwego-damp-8174\/","name":"Regenerator for Rubber and Batteries - Schwego\u00ae Damp 8174 | OMC SAE","isPartOf":{"@id":"https:\/\/www.omcsae.com\/#website"},"primaryImageOfPage":{"@id":"https:\/\/www.omcsae.com\/producto\/regenerador-para-caucho-y-baterias-schwego-damp-8174\/#primaryimage"},"image":{"@id":"https:\/\/www.omcsae.com\/producto\/regenerador-para-caucho-y-baterias-schwego-damp-8174\/#primaryimage"},"thumbnailUrl":"https:\/\/www.omcsae.com\/wp-content\/uploads\/2021\/03\/8174reducida.jpg","datePublished":"2021-03-18T20:09:08+00:00","dateModified":"2022-02-07T11:36:50+00:00","description":"Discover our catalog on Chemicals for printing machines, Graphic Consumables and graphic arts. Consult more about Regenerator for Rubber and Batteries - Schwego\u00ae Damp 8174 on our OMC SAE website.","breadcrumb":{"@id":"https:\/\/www.omcsae.com\/producto\/regenerador-para-caucho-y-baterias-schwego-damp-8174\/#breadcrumb"},"inLanguage":"en-GB","potentialAction":[{"@type":"ReadAction","target":["https:\/\/www.omcsae.com\/producto\/regenerador-para-caucho-y-baterias-schwego-damp-8174\/"]}]},{"@type":"ImageObject","inLanguage":"en-GB","@id":"https:\/\/www.omcsae.com\/producto\/regenerador-para-caucho-y-baterias-schwego-damp-8174\/#primaryimage","url":"https:\/\/www.omcsae.com\/wp-content\/uploads\/2021\/03\/8174reducida.jpg","contentUrl":"https:\/\/www.omcsae.com\/wp-content\/uploads\/2021\/03\/8174reducida.jpg","width":1668,"height":1668},{"@type":"BreadcrumbList","@id":"https:\/\/www.omcsae.com\/producto\/regenerador-para-caucho-y-baterias-schwego-damp-8174\/#breadcrumb","itemListElement":[{"@type":"ListItem","position":1,"name":"Portada","item":"https:\/\/www.omcsae.com\/"},{"@type":"ListItem","position":2,"name":"Productos","item":"https:\/\/www.omcsae.com\/shop\/"},{"@type":"ListItem","position":3,"name":"Regenerador para Caucho y Bater\u00edas &#8211; Schwego\u00ae Damp 8174"}]},{"@type":"WebSite","@id":"https:\/\/www.omcsae.com\/#website","url":"https:\/\/www.omcsae.com\/","name":"OMC sae","description":"Distributor of machinery, consumables and equipment for printing, graphic arts","publisher":{"@id":"https:\/\/www.omcsae.com\/#organization"},"potentialAction":[{"@type":"SearchAction","target":{"@type":"EntryPoint","urlTemplate":"https:\/\/www.omcsae.com\/?s={search_term_string}"},"query-input":{"@type":"PropertyValueSpecification","valueRequired":true,"valueName":"search_term_string"}}],"inLanguage":"en-GB"},{"@type":"Organization","@id":"https:\/\/www.omcsae.com\/#organization","name":"OMC SAE: distributor of machinery, consumables and equipment for the printing industry","url":"https:\/\/www.omcsae.com\/","logo":{"@type":"ImageObject","inLanguage":"en-GB","@id":"https:\/\/www.omcsae.com\/#\/schema\/logo\/image\/","url":"https:\/\/www.omcsae.com\/wp-content\/uploads\/2020\/09\/OMC_Logo-transparent-e1646645548126.png","contentUrl":"https:\/\/www.omcsae.com\/wp-content\/uploads\/2020\/09\/OMC_Logo-transparent-e1646645548126.png","width":303,"height":351,"caption":"OMC SAE: distribuidor de maquinaria, consumibles y equipos para imprentas"},"image":{"@id":"https:\/\/www.omcsae.com\/#\/schema\/logo\/image\/"}}]}},"_links":{"self":[{"href":"https:\/\/www.omcsae.com\/en\/wp-json\/wp\/v2\/product\/2851","targetHints":{"allow":["GET"]}}],"collection":[{"href":"https:\/\/www.omcsae.com\/en\/wp-json\/wp\/v2\/product"}],"about":[{"href":"https:\/\/www.omcsae.com\/en\/wp-json\/wp\/v2\/types\/product"}],"wp:featuredmedia":[{"embeddable":true,"href":"https:\/\/www.omcsae.com\/en\/wp-json\/wp\/v2\/media\/5751"}],"wp:attachment":[{"href":"https:\/\/www.omcsae.com\/en\/wp-json\/wp\/v2\/media?parent=2851"}],"wp:term":[{"taxonomy":"product_cat","embeddable":true,"href":"https:\/\/www.omcsae.com\/en\/wp-json\/wp\/v2\/product_cat?post=2851"},{"taxonomy":"product_tag","embeddable":true,"href":"https:\/\/www.omcsae.com\/en\/wp-json\/wp\/v2\/product_tag?post=2851"}],"curies":[{"name":"wp","href":"https:\/\/api.w.org\/{rel}","templated":true}]}}