{"id":2852,"date":"2021-03-18T20:09:19","date_gmt":"2021-03-18T20:09:19","guid":{"rendered":"http:\/\/omcsae.com.mialias.net\/producto\/descalcificador-de-baterias-rapid-optimat-8822\/"},"modified":"2022-02-07T11:33:02","modified_gmt":"2022-02-07T11:33:02","slug":"battery-softener-rapid-optimat-8822","status":"publish","type":"product","link":"https:\/\/www.omcsae.com\/en\/products\/battery-softener-rapid-optimat-8822\/","title":{"rendered":"Battery Descaler - Rapid Optimat 8822"},"content":{"rendered":"","protected":false},"excerpt":{"rendered":"<p>Removes the salt and calcium deposited on the inking and dampening rollers. Provides a renewing effect on ink and water film. Once used correctly, a greater water-ink balance is achieved and a better distribution of the ink. The life of the rollers is lengthened by giving them excellent bite.<\/p>\n<p>Rapid Optimat 8822 is a biological solvent for calcium in water, based on the elimination of salt and calcium deposited on the wetting and inking rollers. The descaler has a refreshing effect on the ink and water film.<\/p>\n<p>Properties<\/p>\n<p>\u2022 The cleaning action is carried out on a better moistened surface.<br \/>\n\u2022 Free of chlorinated hydrocarbons \/ chlorofluorocarbons and aromatic components.<br \/>\n\u2022 Not subject to classification.<br \/>\n\u2022 Acceptable for environment and user.<br \/>\n\u2022 Protects against corrosion.<\/p>\n<p>App<br \/>\nDilute Rapid Optimat 8822 with water in mixing ratios 1: 5 to 1:10. The roller should rotate free approximately five minutes after application. Afterwards, the roller must be rinsed with water and washing solution. If the deposits are extremely strong Rapid Optimat 8822 can be used undiluted concentrate.<\/p>\n<p>* Product for industrial use. It is recommended to download the Product Data Sheet and Safety Data Sheet.<br \/>\n** Product photography may differ depending on the selection of attributes or packaging update.<\/p>","protected":false},"featured_media":5754,"template":"","meta":[],"product_cat":[669,680],"product_tag":[],"class_list":{"0":"post-2852","1":"product","2":"type-product","3":"status-publish","4":"has-post-thumbnail","6":"product_cat-consumibles-graficos","7":"product_cat-quimicos","8":"pa_marca-schwegmann","9":"pa_sectores-etiquetas","11":"first","12":"instock","13":"product-type-simple"},"yoast_head":"<!-- This site is optimized with the Yoast SEO plugin v27.4 - https:\/\/yoast.com\/product\/yoast-seo-wordpress\/ -->\n<title>Descalcificador de Bater\u00edas - Rapid Optimat 8822 | OMC SAE<\/title>\n<meta name=\"description\" content=\"Descubre nuestro cat\u00e1logo en Qu\u00edmicos para m\u00e1quinas de impresi\u00f3n, Consumibles Gr\u00e1ficos y artes gr\u00e1ficas. Consulta m\u00e1s sobre Descalcificador de Bater\u00edas - Rapid Optimat 8822 en nuestra web OMC SAE.\" \/>\n<meta name=\"robots\" content=\"index, follow, max-snippet:-1, max-image-preview:large, max-video-preview:-1\" \/>\n<link rel=\"canonical\" href=\"https:\/\/www.omcsae.com\/en\/products\/battery-softener-rapid-optimat-8822\/\" \/>\n<meta property=\"og:locale\" content=\"en_GB\" \/>\n<meta property=\"og:type\" content=\"article\" \/>\n<meta property=\"og:title\" content=\"Descalcificador de Bater\u00edas - Rapid Optimat 8822 | OMC SAE\" \/>\n<meta property=\"og:description\" content=\"Descubre nuestro cat\u00e1logo en Qu\u00edmicos para m\u00e1quinas de impresi\u00f3n, Consumibles Gr\u00e1ficos y artes gr\u00e1ficas. Consulta m\u00e1s sobre Descalcificador de Bater\u00edas - Rapid Optimat 8822 en nuestra web OMC SAE.\" \/>\n<meta property=\"og:url\" content=\"https:\/\/www.omcsae.com\/en\/products\/battery-softener-rapid-optimat-8822\/\" \/>\n<meta property=\"og:site_name\" content=\"OMC sae\" \/>\n<meta property=\"article:modified_time\" content=\"2022-02-07T11:33:02+00:00\" \/>\n<meta property=\"og:image\" content=\"https:\/\/www.omcsae.com\/wp-content\/uploads\/2021\/03\/8822reducida.jpg\" \/>\n\t<meta property=\"og:image:width\" content=\"1646\" \/>\n\t<meta property=\"og:image:height\" content=\"1646\" \/>\n\t<meta property=\"og:image:type\" content=\"image\/jpeg\" \/>\n<meta name=\"twitter:card\" content=\"summary_large_image\" \/>\n<script type=\"application\/ld+json\" class=\"yoast-schema-graph\">{\"@context\":\"https:\\\/\\\/schema.org\",\"@graph\":[{\"@type\":\"WebPage\",\"@id\":\"https:\\\/\\\/www.omcsae.com\\\/producto\\\/descalcificador-de-baterias-rapid-optimat-8822\\\/\",\"url\":\"https:\\\/\\\/www.omcsae.com\\\/producto\\\/descalcificador-de-baterias-rapid-optimat-8822\\\/\",\"name\":\"Descalcificador de Bater\u00edas - Rapid Optimat 8822 | OMC SAE\",\"isPartOf\":{\"@id\":\"https:\\\/\\\/www.omcsae.com\\\/#website\"},\"primaryImageOfPage\":{\"@id\":\"https:\\\/\\\/www.omcsae.com\\\/producto\\\/descalcificador-de-baterias-rapid-optimat-8822\\\/#primaryimage\"},\"image\":{\"@id\":\"https:\\\/\\\/www.omcsae.com\\\/producto\\\/descalcificador-de-baterias-rapid-optimat-8822\\\/#primaryimage\"},\"thumbnailUrl\":\"https:\\\/\\\/www.omcsae.com\\\/wp-content\\\/uploads\\\/2021\\\/03\\\/8822reducida.jpg\",\"datePublished\":\"2021-03-18T20:09:19+00:00\",\"dateModified\":\"2022-02-07T11:33:02+00:00\",\"description\":\"Descubre nuestro cat\u00e1logo en Qu\u00edmicos para m\u00e1quinas de impresi\u00f3n, Consumibles Gr\u00e1ficos y artes gr\u00e1ficas. Consulta m\u00e1s sobre Descalcificador de Bater\u00edas - Rapid Optimat 8822 en nuestra web OMC SAE.\",\"breadcrumb\":{\"@id\":\"https:\\\/\\\/www.omcsae.com\\\/producto\\\/descalcificador-de-baterias-rapid-optimat-8822\\\/#breadcrumb\"},\"inLanguage\":\"en-GB\",\"potentialAction\":[{\"@type\":\"ReadAction\",\"target\":[\"https:\\\/\\\/www.omcsae.com\\\/producto\\\/descalcificador-de-baterias-rapid-optimat-8822\\\/\"]}]},{\"@type\":\"ImageObject\",\"inLanguage\":\"en-GB\",\"@id\":\"https:\\\/\\\/www.omcsae.com\\\/producto\\\/descalcificador-de-baterias-rapid-optimat-8822\\\/#primaryimage\",\"url\":\"https:\\\/\\\/www.omcsae.com\\\/wp-content\\\/uploads\\\/2021\\\/03\\\/8822reducida.jpg\",\"contentUrl\":\"https:\\\/\\\/www.omcsae.com\\\/wp-content\\\/uploads\\\/2021\\\/03\\\/8822reducida.jpg\",\"width\":1646,\"height\":1646},{\"@type\":\"BreadcrumbList\",\"@id\":\"https:\\\/\\\/www.omcsae.com\\\/producto\\\/descalcificador-de-baterias-rapid-optimat-8822\\\/#breadcrumb\",\"itemListElement\":[{\"@type\":\"ListItem\",\"position\":1,\"name\":\"Portada\",\"item\":\"https:\\\/\\\/www.omcsae.com\\\/\"},{\"@type\":\"ListItem\",\"position\":2,\"name\":\"Productos\",\"item\":\"https:\\\/\\\/www.omcsae.com\\\/shop\\\/\"},{\"@type\":\"ListItem\",\"position\":3,\"name\":\"Descalcificador de Bater\u00edas &#8211; Rapid Optimat 8822\"}]},{\"@type\":\"WebSite\",\"@id\":\"https:\\\/\\\/www.omcsae.com\\\/#website\",\"url\":\"https:\\\/\\\/www.omcsae.com\\\/\",\"name\":\"OMC sae\",\"description\":\"Distribuidor de maquinaria, consumibles y equipos para imprentas, artes gr\u00e1ficas\",\"publisher\":{\"@id\":\"https:\\\/\\\/www.omcsae.com\\\/#organization\"},\"potentialAction\":[{\"@type\":\"SearchAction\",\"target\":{\"@type\":\"EntryPoint\",\"urlTemplate\":\"https:\\\/\\\/www.omcsae.com\\\/?s={search_term_string}\"},\"query-input\":{\"@type\":\"PropertyValueSpecification\",\"valueRequired\":true,\"valueName\":\"search_term_string\"}}],\"inLanguage\":\"en-GB\"},{\"@type\":\"Organization\",\"@id\":\"https:\\\/\\\/www.omcsae.com\\\/#organization\",\"name\":\"OMC SAE: distribuidor de maquinaria, consumibles y equipos para imprentas\",\"url\":\"https:\\\/\\\/www.omcsae.com\\\/\",\"logo\":{\"@type\":\"ImageObject\",\"inLanguage\":\"en-GB\",\"@id\":\"https:\\\/\\\/www.omcsae.com\\\/#\\\/schema\\\/logo\\\/image\\\/\",\"url\":\"https:\\\/\\\/www.omcsae.com\\\/wp-content\\\/uploads\\\/2020\\\/09\\\/OMC_Logo-transparent-e1646645548126.png\",\"contentUrl\":\"https:\\\/\\\/www.omcsae.com\\\/wp-content\\\/uploads\\\/2020\\\/09\\\/OMC_Logo-transparent-e1646645548126.png\",\"width\":303,\"height\":351,\"caption\":\"OMC SAE: distribuidor de maquinaria, consumibles y equipos para imprentas\"},\"image\":{\"@id\":\"https:\\\/\\\/www.omcsae.com\\\/#\\\/schema\\\/logo\\\/image\\\/\"}}]}<\/script>\n<!-- \/ Yoast SEO plugin. -->","yoast_head_json":{"title":"Battery Descaler - Rapid Optimat 8822 | OMC SAE","description":"Discover our catalog on Chemicals for printing machines, Graphic Consumables and graphic arts. Consult more about Battery Softener - Rapid Optimat 8822 on our OMC SAE website.","robots":{"index":"index","follow":"follow","max-snippet":"max-snippet:-1","max-image-preview":"max-image-preview:large","max-video-preview":"max-video-preview:-1"},"canonical":"https:\/\/www.omcsae.com\/en\/products\/battery-softener-rapid-optimat-8822\/","og_locale":"en_GB","og_type":"article","og_title":"Descalcificador de Bater\u00edas - Rapid Optimat 8822 | OMC SAE","og_description":"Descubre nuestro cat\u00e1logo en Qu\u00edmicos para m\u00e1quinas de impresi\u00f3n, Consumibles Gr\u00e1ficos y artes gr\u00e1ficas. Consulta m\u00e1s sobre Descalcificador de Bater\u00edas - Rapid Optimat 8822 en nuestra web OMC SAE.","og_url":"https:\/\/www.omcsae.com\/en\/products\/battery-softener-rapid-optimat-8822\/","og_site_name":"OMC sae","article_modified_time":"2022-02-07T11:33:02+00:00","og_image":[{"width":1646,"height":1646,"url":"https:\/\/www.omcsae.com\/wp-content\/uploads\/2021\/03\/8822reducida.jpg","type":"image\/jpeg"}],"twitter_card":"summary_large_image","schema":{"@context":"https:\/\/schema.org","@graph":[{"@type":"WebPage","@id":"https:\/\/www.omcsae.com\/producto\/descalcificador-de-baterias-rapid-optimat-8822\/","url":"https:\/\/www.omcsae.com\/producto\/descalcificador-de-baterias-rapid-optimat-8822\/","name":"Battery Descaler - Rapid Optimat 8822 | OMC SAE","isPartOf":{"@id":"https:\/\/www.omcsae.com\/#website"},"primaryImageOfPage":{"@id":"https:\/\/www.omcsae.com\/producto\/descalcificador-de-baterias-rapid-optimat-8822\/#primaryimage"},"image":{"@id":"https:\/\/www.omcsae.com\/producto\/descalcificador-de-baterias-rapid-optimat-8822\/#primaryimage"},"thumbnailUrl":"https:\/\/www.omcsae.com\/wp-content\/uploads\/2021\/03\/8822reducida.jpg","datePublished":"2021-03-18T20:09:19+00:00","dateModified":"2022-02-07T11:33:02+00:00","description":"Discover our catalog on Chemicals for printing machines, Graphic Consumables and graphic arts. Consult more about Battery Softener - Rapid Optimat 8822 on our OMC SAE website.","breadcrumb":{"@id":"https:\/\/www.omcsae.com\/producto\/descalcificador-de-baterias-rapid-optimat-8822\/#breadcrumb"},"inLanguage":"en-GB","potentialAction":[{"@type":"ReadAction","target":["https:\/\/www.omcsae.com\/producto\/descalcificador-de-baterias-rapid-optimat-8822\/"]}]},{"@type":"ImageObject","inLanguage":"en-GB","@id":"https:\/\/www.omcsae.com\/producto\/descalcificador-de-baterias-rapid-optimat-8822\/#primaryimage","url":"https:\/\/www.omcsae.com\/wp-content\/uploads\/2021\/03\/8822reducida.jpg","contentUrl":"https:\/\/www.omcsae.com\/wp-content\/uploads\/2021\/03\/8822reducida.jpg","width":1646,"height":1646},{"@type":"BreadcrumbList","@id":"https:\/\/www.omcsae.com\/producto\/descalcificador-de-baterias-rapid-optimat-8822\/#breadcrumb","itemListElement":[{"@type":"ListItem","position":1,"name":"Portada","item":"https:\/\/www.omcsae.com\/"},{"@type":"ListItem","position":2,"name":"Productos","item":"https:\/\/www.omcsae.com\/shop\/"},{"@type":"ListItem","position":3,"name":"Descalcificador de Bater\u00edas &#8211; Rapid Optimat 8822"}]},{"@type":"WebSite","@id":"https:\/\/www.omcsae.com\/#website","url":"https:\/\/www.omcsae.com\/","name":"OMC sae","description":"Distributor of machinery, consumables and equipment for printing, graphic arts","publisher":{"@id":"https:\/\/www.omcsae.com\/#organization"},"potentialAction":[{"@type":"SearchAction","target":{"@type":"EntryPoint","urlTemplate":"https:\/\/www.omcsae.com\/?s={search_term_string}"},"query-input":{"@type":"PropertyValueSpecification","valueRequired":true,"valueName":"search_term_string"}}],"inLanguage":"en-GB"},{"@type":"Organization","@id":"https:\/\/www.omcsae.com\/#organization","name":"OMC SAE: distributor of machinery, consumables and equipment for the printing industry","url":"https:\/\/www.omcsae.com\/","logo":{"@type":"ImageObject","inLanguage":"en-GB","@id":"https:\/\/www.omcsae.com\/#\/schema\/logo\/image\/","url":"https:\/\/www.omcsae.com\/wp-content\/uploads\/2020\/09\/OMC_Logo-transparent-e1646645548126.png","contentUrl":"https:\/\/www.omcsae.com\/wp-content\/uploads\/2020\/09\/OMC_Logo-transparent-e1646645548126.png","width":303,"height":351,"caption":"OMC SAE: distribuidor de maquinaria, consumibles y equipos para imprentas"},"image":{"@id":"https:\/\/www.omcsae.com\/#\/schema\/logo\/image\/"}}]}},"_links":{"self":[{"href":"https:\/\/www.omcsae.com\/en\/wp-json\/wp\/v2\/product\/2852","targetHints":{"allow":["GET"]}}],"collection":[{"href":"https:\/\/www.omcsae.com\/en\/wp-json\/wp\/v2\/product"}],"about":[{"href":"https:\/\/www.omcsae.com\/en\/wp-json\/wp\/v2\/types\/product"}],"wp:featuredmedia":[{"embeddable":true,"href":"https:\/\/www.omcsae.com\/en\/wp-json\/wp\/v2\/media\/5754"}],"wp:attachment":[{"href":"https:\/\/www.omcsae.com\/en\/wp-json\/wp\/v2\/media?parent=2852"}],"wp:term":[{"taxonomy":"product_cat","embeddable":true,"href":"https:\/\/www.omcsae.com\/en\/wp-json\/wp\/v2\/product_cat?post=2852"},{"taxonomy":"product_tag","embeddable":true,"href":"https:\/\/www.omcsae.com\/en\/wp-json\/wp\/v2\/product_tag?post=2852"}],"curies":[{"name":"wp","href":"https:\/\/api.w.org\/{rel}","templated":true}]}}