{"id":2853,"date":"2021-03-18T20:09:19","date_gmt":"2021-03-18T20:09:19","guid":{"rendered":"http:\/\/omcsae.com.mialias.net\/producto\/impresora-multifuncion-color-a4-toshiba-e-studio330ac-400ac\/"},"modified":"2021-03-30T10:44:41","modified_gmt":"2021-03-30T10:44:41","slug":"color-multifunction-printer-a4-toshiba-e-studio330ac-400ac","status":"publish","type":"product","link":"https:\/\/www.omcsae.com\/en\/products\/color-multifunction-printer-a4-toshiba-e-studio330ac-400ac\/","title":{"rendered":"Toshiba e-STUDIO330AC \/ 400AC A4 Color Multifunction Printer"},"content":{"rendered":"<p>RGB Color Substitution<br \/>\nIt enables accurate colors with office applications so your documents are printed exactly the way you want them.<br \/>\nMulti-Station Printing<br \/>\nIt allows you to send print jobs from your desktop and retrieve them at any MFP by authenticating on that device, for example, simply by swiping your ID card.<br \/>\nIntegrated Optical Character Recognition (OCR) and e-BRIDGE Plus for Zone OCR.<br \/>\nIt simplifies the creation of searchable PDF files and editable document formats like Microsoft Word. The e-BRIDGE Plus for Zone OCR application increases your productivity while scanning paper documents.<br \/>\nScan and Fax Preview<br \/>\nIt allows you to review, rotate and modify your scanned documents or incoming faxes before saving or printing them.<br \/>\nPrinting from and scanning to USB is ideal for working with your documents on the go. For quick and easy printing, it automatically scales to available paper size upon request.<\/p>\n<p>Direct E-mail Printing<br \/>\nTo automatically print email attachments sent to the multifunction device.<br \/>\nBarcode Printing<br \/>\nProvides the ability to send print data from your ERP system directly to the MFP. The barcode sequence is processed and printed automatically without the need for additional software.<\/p>","protected":false},"excerpt":{"rendered":"<p>Toshiba&#039;s A4 color systems offer outstanding document productivity, at speeds of up to 40 pages per minute.<br \/>\nToshiba&#039;s e-STUDIO400AC series combines excellent workflow efficiency and world-class image quality. With advanced features, the multifunction systems cover even the most demanding needs.<br \/>\n\u2022 Advanced Toshiba e-BRIDGE Next controller technology for easy integration into IT environments and custom document workflows.<br \/>\n\u2022 High-quality, flawless output with up to 1,200 x 1,200 dpi resolution.<br \/>\n\u2022 Color consistency for small and high-volume print jobs.<br \/>\nToshiba has designed the e-STUDIO400ac series to ensure an easy and pleasant user experience. Thanks to the 26cm (10.1 \u201d) tablet-like multi-touch screen, the systems are very intuitive.<br \/>\nFlexible integration with third-party applications and solutions, built-in web browser, plus mobile and cloud printing. And these are just a few of the features that will increase your efficiency and productivity.<\/p>","protected":false},"featured_media":2854,"template":"","meta":[],"product_cat":[672],"product_tag":[],"class_list":{"0":"post-2853","1":"product","2":"type-product","3":"status-publish","4":"has-post-thumbnail","6":"product_cat-impresion","8":"first","9":"instock","10":"product-type-simple"},"yoast_head":"<!-- This site is optimized with the Yoast SEO plugin v27.3 - https:\/\/yoast.com\/product\/yoast-seo-wordpress\/ -->\n<title>Impresora Multifunci\u00f3n color A4 Toshiba e-STUDIO330AC\/400AC | OMC SAE<\/title>\n<meta name=\"description\" content=\"Descubre nuestro cat\u00e1logo en Digital para m\u00e1quinas de impresi\u00f3n, Impresi\u00f3n y artes gr\u00e1ficas. Consulta m\u00e1s sobre Impresora Multifunci\u00f3n color A4 Toshiba e-STUDIO330AC\/400AC en nuestra web OMC SAE.\" \/>\n<meta name=\"robots\" content=\"index, follow, max-snippet:-1, max-image-preview:large, max-video-preview:-1\" \/>\n<link rel=\"canonical\" href=\"https:\/\/www.omcsae.com\/en\/products\/color-multifunction-printer-a4-toshiba-e-studio330ac-400ac\/\" \/>\n<meta property=\"og:locale\" content=\"en_GB\" \/>\n<meta property=\"og:type\" content=\"article\" \/>\n<meta property=\"og:title\" content=\"Impresora Multifunci\u00f3n color A4 Toshiba e-STUDIO330AC\/400AC | OMC SAE\" \/>\n<meta property=\"og:description\" content=\"Descubre nuestro cat\u00e1logo en Digital para m\u00e1quinas de impresi\u00f3n, Impresi\u00f3n y artes gr\u00e1ficas. Consulta m\u00e1s sobre Impresora Multifunci\u00f3n color A4 Toshiba e-STUDIO330AC\/400AC en nuestra web OMC SAE.\" \/>\n<meta property=\"og:url\" content=\"https:\/\/www.omcsae.com\/en\/products\/color-multifunction-printer-a4-toshiba-e-studio330ac-400ac\/\" \/>\n<meta property=\"og:site_name\" content=\"OMC sae\" \/>\n<meta property=\"article:modified_time\" content=\"2021-03-30T10:44:41+00:00\" \/>\n<meta property=\"og:image\" content=\"https:\/\/www.omcsae.com\/wp-content\/uploads\/2021\/03\/Toshiba-Impresora-Multifuncion-color-A4-Toshiba-e-STUDIO330AC400AC.jpg\" \/>\n\t<meta property=\"og:image:width\" content=\"1080\" \/>\n\t<meta property=\"og:image:height\" content=\"500\" \/>\n\t<meta property=\"og:image:type\" content=\"image\/jpeg\" \/>\n<meta name=\"twitter:card\" content=\"summary_large_image\" \/>\n<meta name=\"twitter:label1\" content=\"Estimated reading time\" \/>\n\t<meta name=\"twitter:data1\" content=\"1 minute\" \/>\n<script type=\"application\/ld+json\" class=\"yoast-schema-graph\">{\"@context\":\"https:\\\/\\\/schema.org\",\"@graph\":[{\"@type\":\"WebPage\",\"@id\":\"https:\\\/\\\/www.omcsae.com\\\/producto\\\/impresora-multifuncion-color-a4-toshiba-e-studio330ac-400ac\\\/\",\"url\":\"https:\\\/\\\/www.omcsae.com\\\/producto\\\/impresora-multifuncion-color-a4-toshiba-e-studio330ac-400ac\\\/\",\"name\":\"Impresora Multifunci\u00f3n color A4 Toshiba e-STUDIO330AC\\\/400AC | OMC SAE\",\"isPartOf\":{\"@id\":\"https:\\\/\\\/www.omcsae.com\\\/#website\"},\"primaryImageOfPage\":{\"@id\":\"https:\\\/\\\/www.omcsae.com\\\/producto\\\/impresora-multifuncion-color-a4-toshiba-e-studio330ac-400ac\\\/#primaryimage\"},\"image\":{\"@id\":\"https:\\\/\\\/www.omcsae.com\\\/producto\\\/impresora-multifuncion-color-a4-toshiba-e-studio330ac-400ac\\\/#primaryimage\"},\"thumbnailUrl\":\"https:\\\/\\\/www.omcsae.com\\\/wp-content\\\/uploads\\\/2021\\\/03\\\/Toshiba-Impresora-Multifuncion-color-A4-Toshiba-e-STUDIO330AC400AC.jpg\",\"datePublished\":\"2021-03-18T20:09:19+00:00\",\"dateModified\":\"2021-03-30T10:44:41+00:00\",\"description\":\"Descubre nuestro cat\u00e1logo en Digital para m\u00e1quinas de impresi\u00f3n, Impresi\u00f3n y artes gr\u00e1ficas. Consulta m\u00e1s sobre Impresora Multifunci\u00f3n color A4 Toshiba e-STUDIO330AC\\\/400AC en nuestra web OMC SAE.\",\"breadcrumb\":{\"@id\":\"https:\\\/\\\/www.omcsae.com\\\/producto\\\/impresora-multifuncion-color-a4-toshiba-e-studio330ac-400ac\\\/#breadcrumb\"},\"inLanguage\":\"en-GB\",\"potentialAction\":[{\"@type\":\"ReadAction\",\"target\":[\"https:\\\/\\\/www.omcsae.com\\\/producto\\\/impresora-multifuncion-color-a4-toshiba-e-studio330ac-400ac\\\/\"]}]},{\"@type\":\"ImageObject\",\"inLanguage\":\"en-GB\",\"@id\":\"https:\\\/\\\/www.omcsae.com\\\/producto\\\/impresora-multifuncion-color-a4-toshiba-e-studio330ac-400ac\\\/#primaryimage\",\"url\":\"https:\\\/\\\/www.omcsae.com\\\/wp-content\\\/uploads\\\/2021\\\/03\\\/Toshiba-Impresora-Multifuncion-color-A4-Toshiba-e-STUDIO330AC400AC.jpg\",\"contentUrl\":\"https:\\\/\\\/www.omcsae.com\\\/wp-content\\\/uploads\\\/2021\\\/03\\\/Toshiba-Impresora-Multifuncion-color-A4-Toshiba-e-STUDIO330AC400AC.jpg\",\"width\":1080,\"height\":500,\"caption\":\"Impresora oficina Multifunci\u00f3n color A4 Toshiba e-STUDIO330AC\"},{\"@type\":\"BreadcrumbList\",\"@id\":\"https:\\\/\\\/www.omcsae.com\\\/producto\\\/impresora-multifuncion-color-a4-toshiba-e-studio330ac-400ac\\\/#breadcrumb\",\"itemListElement\":[{\"@type\":\"ListItem\",\"position\":1,\"name\":\"Portada\",\"item\":\"https:\\\/\\\/www.omcsae.com\\\/\"},{\"@type\":\"ListItem\",\"position\":2,\"name\":\"Productos\",\"item\":\"https:\\\/\\\/www.omcsae.com\\\/shop\\\/\"},{\"@type\":\"ListItem\",\"position\":3,\"name\":\"Impresora Multifunci\u00f3n color A4 Toshiba e-STUDIO330AC\\\/400AC\"}]},{\"@type\":\"WebSite\",\"@id\":\"https:\\\/\\\/www.omcsae.com\\\/#website\",\"url\":\"https:\\\/\\\/www.omcsae.com\\\/\",\"name\":\"OMC sae\",\"description\":\"Distribuidor de maquinaria, consumibles y equipos para imprentas, artes gr\u00e1ficas\",\"publisher\":{\"@id\":\"https:\\\/\\\/www.omcsae.com\\\/#organization\"},\"potentialAction\":[{\"@type\":\"SearchAction\",\"target\":{\"@type\":\"EntryPoint\",\"urlTemplate\":\"https:\\\/\\\/www.omcsae.com\\\/?s={search_term_string}\"},\"query-input\":{\"@type\":\"PropertyValueSpecification\",\"valueRequired\":true,\"valueName\":\"search_term_string\"}}],\"inLanguage\":\"en-GB\"},{\"@type\":\"Organization\",\"@id\":\"https:\\\/\\\/www.omcsae.com\\\/#organization\",\"name\":\"OMC SAE: distribuidor de maquinaria, consumibles y equipos para imprentas\",\"url\":\"https:\\\/\\\/www.omcsae.com\\\/\",\"logo\":{\"@type\":\"ImageObject\",\"inLanguage\":\"en-GB\",\"@id\":\"https:\\\/\\\/www.omcsae.com\\\/#\\\/schema\\\/logo\\\/image\\\/\",\"url\":\"https:\\\/\\\/www.omcsae.com\\\/wp-content\\\/uploads\\\/2020\\\/09\\\/OMC_Logo-transparent-e1646645548126.png\",\"contentUrl\":\"https:\\\/\\\/www.omcsae.com\\\/wp-content\\\/uploads\\\/2020\\\/09\\\/OMC_Logo-transparent-e1646645548126.png\",\"width\":303,\"height\":351,\"caption\":\"OMC SAE: distribuidor de maquinaria, consumibles y equipos para imprentas\"},\"image\":{\"@id\":\"https:\\\/\\\/www.omcsae.com\\\/#\\\/schema\\\/logo\\\/image\\\/\"}}]}<\/script>\n<!-- \/ Yoast SEO plugin. -->","yoast_head_json":{"title":"Toshiba e-STUDIO330AC \/ 400AC A4 Color Multifunction Printer | OMC SAE","description":"Discover our catalog in Digital for printing machines, Printing and graphic arts. Consult more about Toshiba e-STUDIO330AC \/ 400AC A4 color Multifunction Printer on our OMC SAE website.","robots":{"index":"index","follow":"follow","max-snippet":"max-snippet:-1","max-image-preview":"max-image-preview:large","max-video-preview":"max-video-preview:-1"},"canonical":"https:\/\/www.omcsae.com\/en\/products\/color-multifunction-printer-a4-toshiba-e-studio330ac-400ac\/","og_locale":"en_GB","og_type":"article","og_title":"Impresora Multifunci\u00f3n color A4 Toshiba e-STUDIO330AC\/400AC | OMC SAE","og_description":"Descubre nuestro cat\u00e1logo en Digital para m\u00e1quinas de impresi\u00f3n, Impresi\u00f3n y artes gr\u00e1ficas. Consulta m\u00e1s sobre Impresora Multifunci\u00f3n color A4 Toshiba e-STUDIO330AC\/400AC en nuestra web OMC SAE.","og_url":"https:\/\/www.omcsae.com\/en\/products\/color-multifunction-printer-a4-toshiba-e-studio330ac-400ac\/","og_site_name":"OMC sae","article_modified_time":"2021-03-30T10:44:41+00:00","og_image":[{"width":1080,"height":500,"url":"https:\/\/www.omcsae.com\/wp-content\/uploads\/2021\/03\/Toshiba-Impresora-Multifuncion-color-A4-Toshiba-e-STUDIO330AC400AC.jpg","type":"image\/jpeg"}],"twitter_card":"summary_large_image","twitter_misc":{"Estimated reading time":"1 minute"},"schema":{"@context":"https:\/\/schema.org","@graph":[{"@type":"WebPage","@id":"https:\/\/www.omcsae.com\/producto\/impresora-multifuncion-color-a4-toshiba-e-studio330ac-400ac\/","url":"https:\/\/www.omcsae.com\/producto\/impresora-multifuncion-color-a4-toshiba-e-studio330ac-400ac\/","name":"Toshiba e-STUDIO330AC \/ 400AC A4 Color Multifunction Printer | OMC SAE","isPartOf":{"@id":"https:\/\/www.omcsae.com\/#website"},"primaryImageOfPage":{"@id":"https:\/\/www.omcsae.com\/producto\/impresora-multifuncion-color-a4-toshiba-e-studio330ac-400ac\/#primaryimage"},"image":{"@id":"https:\/\/www.omcsae.com\/producto\/impresora-multifuncion-color-a4-toshiba-e-studio330ac-400ac\/#primaryimage"},"thumbnailUrl":"https:\/\/www.omcsae.com\/wp-content\/uploads\/2021\/03\/Toshiba-Impresora-Multifuncion-color-A4-Toshiba-e-STUDIO330AC400AC.jpg","datePublished":"2021-03-18T20:09:19+00:00","dateModified":"2021-03-30T10:44:41+00:00","description":"Discover our catalog in Digital for printing machines, Printing and graphic arts. Consult more about Toshiba e-STUDIO330AC \/ 400AC A4 color Multifunction Printer on our OMC SAE website.","breadcrumb":{"@id":"https:\/\/www.omcsae.com\/producto\/impresora-multifuncion-color-a4-toshiba-e-studio330ac-400ac\/#breadcrumb"},"inLanguage":"en-GB","potentialAction":[{"@type":"ReadAction","target":["https:\/\/www.omcsae.com\/producto\/impresora-multifuncion-color-a4-toshiba-e-studio330ac-400ac\/"]}]},{"@type":"ImageObject","inLanguage":"en-GB","@id":"https:\/\/www.omcsae.com\/producto\/impresora-multifuncion-color-a4-toshiba-e-studio330ac-400ac\/#primaryimage","url":"https:\/\/www.omcsae.com\/wp-content\/uploads\/2021\/03\/Toshiba-Impresora-Multifuncion-color-A4-Toshiba-e-STUDIO330AC400AC.jpg","contentUrl":"https:\/\/www.omcsae.com\/wp-content\/uploads\/2021\/03\/Toshiba-Impresora-Multifuncion-color-A4-Toshiba-e-STUDIO330AC400AC.jpg","width":1080,"height":500,"caption":"Impresora oficina Multifunci\u00f3n color A4 Toshiba e-STUDIO330AC"},{"@type":"BreadcrumbList","@id":"https:\/\/www.omcsae.com\/producto\/impresora-multifuncion-color-a4-toshiba-e-studio330ac-400ac\/#breadcrumb","itemListElement":[{"@type":"ListItem","position":1,"name":"Portada","item":"https:\/\/www.omcsae.com\/"},{"@type":"ListItem","position":2,"name":"Productos","item":"https:\/\/www.omcsae.com\/shop\/"},{"@type":"ListItem","position":3,"name":"Impresora Multifunci\u00f3n color A4 Toshiba e-STUDIO330AC\/400AC"}]},{"@type":"WebSite","@id":"https:\/\/www.omcsae.com\/#website","url":"https:\/\/www.omcsae.com\/","name":"OMC sae","description":"Distributor of machinery, consumables and equipment for printing, graphic arts","publisher":{"@id":"https:\/\/www.omcsae.com\/#organization"},"potentialAction":[{"@type":"SearchAction","target":{"@type":"EntryPoint","urlTemplate":"https:\/\/www.omcsae.com\/?s={search_term_string}"},"query-input":{"@type":"PropertyValueSpecification","valueRequired":true,"valueName":"search_term_string"}}],"inLanguage":"en-GB"},{"@type":"Organization","@id":"https:\/\/www.omcsae.com\/#organization","name":"OMC SAE: distributor of machinery, consumables and equipment for the printing industry","url":"https:\/\/www.omcsae.com\/","logo":{"@type":"ImageObject","inLanguage":"en-GB","@id":"https:\/\/www.omcsae.com\/#\/schema\/logo\/image\/","url":"https:\/\/www.omcsae.com\/wp-content\/uploads\/2020\/09\/OMC_Logo-transparent-e1646645548126.png","contentUrl":"https:\/\/www.omcsae.com\/wp-content\/uploads\/2020\/09\/OMC_Logo-transparent-e1646645548126.png","width":303,"height":351,"caption":"OMC SAE: distribuidor de maquinaria, consumibles y equipos para imprentas"},"image":{"@id":"https:\/\/www.omcsae.com\/#\/schema\/logo\/image\/"}}]}},"_links":{"self":[{"href":"https:\/\/www.omcsae.com\/en\/wp-json\/wp\/v2\/product\/2853","targetHints":{"allow":["GET"]}}],"collection":[{"href":"https:\/\/www.omcsae.com\/en\/wp-json\/wp\/v2\/product"}],"about":[{"href":"https:\/\/www.omcsae.com\/en\/wp-json\/wp\/v2\/types\/product"}],"wp:featuredmedia":[{"embeddable":true,"href":"https:\/\/www.omcsae.com\/en\/wp-json\/wp\/v2\/media\/2854"}],"wp:attachment":[{"href":"https:\/\/www.omcsae.com\/en\/wp-json\/wp\/v2\/media?parent=2853"}],"wp:term":[{"taxonomy":"product_cat","embeddable":true,"href":"https:\/\/www.omcsae.com\/en\/wp-json\/wp\/v2\/product_cat?post=2853"},{"taxonomy":"product_tag","embeddable":true,"href":"https:\/\/www.omcsae.com\/en\/wp-json\/wp\/v2\/product_tag?post=2853"}],"curies":[{"name":"wp","href":"https:\/\/api.w.org\/{rel}","templated":true}]}}