{"id":2857,"date":"2021-03-18T20:09:19","date_gmt":"2021-03-18T20:09:19","guid":{"rendered":"http:\/\/omcsae.com.mialias.net\/producto\/impresora-b-n-toshiba-e-studio408p\/"},"modified":"2021-03-30T10:45:29","modified_gmt":"2021-03-30T10:45:29","slug":"printer-bn-toshiba-e-studio408p","status":"publish","type":"product","link":"https:\/\/www.omcsae.com\/en\/products\/printer-bn-toshiba-e-studio408p\/","title":{"rendered":"Toshiba e-STUDIO408P B \/ W Printer"},"content":{"rendered":"<p>Dual Core Processor<br \/>\nThe highlight of this team is inside. Thanks to an ultra-powerful 1GHz dual-core processor, no print job can stand up to you.<br \/>\nOperating systems<br \/>\nCompatible with most operating systems, this printer stands out for its ease of installation and even its ease of use.<br \/>\nPerfect resolution<br \/>\nThe printer prints with perfect definition, thanks to its 1,200 x 1,200 dots per inch print resolution.<br \/>\nMobile Printing<br \/>\nMobile printing has never been easier. Through different means, such as the TOSHIBA e-BRIDGE Print &amp; Capture app available in the Google and Apple app stores, or through printing services such as AirPrint or Mopria.<br \/>\nProduction consumables<br \/>\nThanks to the long-lasting consumables of this printer, it ensures its productivity. Equipped with consumables with an estimated life of 16,000 pages according to ISO \/ IEC 19752.<br \/>\nPaper capacity<br \/>\nThe printer is equipped with a 250-sheet cassette, and a manual paper input (bypass) with a capacity of 100 sheets. The printer allows a capacity of 900 sheets, thanks to an optional cassette.<br \/>\nLow energy consumption<br \/>\nThe low energy consumption of the printer contributes both to the economic savings of the user and to the saving of valuable resources in the environment.<\/p>","protected":false},"excerpt":{"rendered":"<p>For your everyday business, you need a printer you can trust that delivers flawless documents every time you print, like the Toshiba e-STUDIO408P.<br \/>\nWith a print speed of 40 pages per minute, and an extremely fast first print out time, this productive printer is ready to go when you need it.<\/p>","protected":false},"featured_media":2858,"template":"","meta":[],"product_cat":[672],"product_tag":[],"class_list":{"0":"post-2857","1":"product","2":"type-product","3":"status-publish","4":"has-post-thumbnail","6":"product_cat-impresion","8":"first","9":"instock","10":"product-type-simple"},"yoast_head":"<!-- This site is optimized with the Yoast SEO plugin v27.3 - https:\/\/yoast.com\/product\/yoast-seo-wordpress\/ -->\n<title>Impresora B\/N Toshiba e-STUDIO408P | OMC SAE<\/title>\n<meta name=\"description\" content=\"Descubre nuestro cat\u00e1logo en Digital para m\u00e1quinas de impresi\u00f3n, Impresi\u00f3n y artes gr\u00e1ficas. Consulta m\u00e1s sobre Impresora B\/N Toshiba e-STUDIO408P en nuestra web OMC SAE.\" \/>\n<meta name=\"robots\" content=\"index, follow, max-snippet:-1, max-image-preview:large, max-video-preview:-1\" \/>\n<link rel=\"canonical\" href=\"https:\/\/www.omcsae.com\/en\/products\/printer-bn-toshiba-e-studio408p\/\" \/>\n<meta property=\"og:locale\" content=\"en_GB\" \/>\n<meta property=\"og:type\" content=\"article\" \/>\n<meta property=\"og:title\" content=\"Impresora B\/N Toshiba e-STUDIO408P | OMC SAE\" \/>\n<meta property=\"og:description\" content=\"Descubre nuestro cat\u00e1logo en Digital para m\u00e1quinas de impresi\u00f3n, Impresi\u00f3n y artes gr\u00e1ficas. Consulta m\u00e1s sobre Impresora B\/N Toshiba e-STUDIO408P en nuestra web OMC SAE.\" \/>\n<meta property=\"og:url\" content=\"https:\/\/www.omcsae.com\/en\/products\/printer-bn-toshiba-e-studio408p\/\" \/>\n<meta property=\"og:site_name\" content=\"OMC sae\" \/>\n<meta property=\"article:modified_time\" content=\"2021-03-30T10:45:29+00:00\" \/>\n<meta property=\"og:image\" content=\"https:\/\/www.omcsae.com\/wp-content\/uploads\/2021\/03\/Toshiba-Impresora-BN-Toshiba-e-STUDIO408P.jpg\" \/>\n\t<meta property=\"og:image:width\" content=\"1080\" \/>\n\t<meta property=\"og:image:height\" content=\"500\" \/>\n\t<meta property=\"og:image:type\" content=\"image\/jpeg\" \/>\n<meta name=\"twitter:card\" content=\"summary_large_image\" \/>\n<meta name=\"twitter:label1\" content=\"Estimated reading time\" \/>\n\t<meta name=\"twitter:data1\" content=\"1 minute\" \/>\n<script type=\"application\/ld+json\" class=\"yoast-schema-graph\">{\"@context\":\"https:\\\/\\\/schema.org\",\"@graph\":[{\"@type\":\"WebPage\",\"@id\":\"https:\\\/\\\/www.omcsae.com\\\/producto\\\/impresora-b-n-toshiba-e-studio408p\\\/\",\"url\":\"https:\\\/\\\/www.omcsae.com\\\/producto\\\/impresora-b-n-toshiba-e-studio408p\\\/\",\"name\":\"Impresora B\\\/N Toshiba e-STUDIO408P | OMC SAE\",\"isPartOf\":{\"@id\":\"https:\\\/\\\/www.omcsae.com\\\/#website\"},\"primaryImageOfPage\":{\"@id\":\"https:\\\/\\\/www.omcsae.com\\\/producto\\\/impresora-b-n-toshiba-e-studio408p\\\/#primaryimage\"},\"image\":{\"@id\":\"https:\\\/\\\/www.omcsae.com\\\/producto\\\/impresora-b-n-toshiba-e-studio408p\\\/#primaryimage\"},\"thumbnailUrl\":\"https:\\\/\\\/www.omcsae.com\\\/wp-content\\\/uploads\\\/2021\\\/03\\\/Toshiba-Impresora-BN-Toshiba-e-STUDIO408P.jpg\",\"datePublished\":\"2021-03-18T20:09:19+00:00\",\"dateModified\":\"2021-03-30T10:45:29+00:00\",\"description\":\"Descubre nuestro cat\u00e1logo en Digital para m\u00e1quinas de impresi\u00f3n, Impresi\u00f3n y artes gr\u00e1ficas. Consulta m\u00e1s sobre Impresora B\\\/N Toshiba e-STUDIO408P en nuestra web OMC SAE.\",\"breadcrumb\":{\"@id\":\"https:\\\/\\\/www.omcsae.com\\\/producto\\\/impresora-b-n-toshiba-e-studio408p\\\/#breadcrumb\"},\"inLanguage\":\"en-GB\",\"potentialAction\":[{\"@type\":\"ReadAction\",\"target\":[\"https:\\\/\\\/www.omcsae.com\\\/producto\\\/impresora-b-n-toshiba-e-studio408p\\\/\"]}]},{\"@type\":\"ImageObject\",\"inLanguage\":\"en-GB\",\"@id\":\"https:\\\/\\\/www.omcsae.com\\\/producto\\\/impresora-b-n-toshiba-e-studio408p\\\/#primaryimage\",\"url\":\"https:\\\/\\\/www.omcsae.com\\\/wp-content\\\/uploads\\\/2021\\\/03\\\/Toshiba-Impresora-BN-Toshiba-e-STUDIO408P.jpg\",\"contentUrl\":\"https:\\\/\\\/www.omcsae.com\\\/wp-content\\\/uploads\\\/2021\\\/03\\\/Toshiba-Impresora-BN-Toshiba-e-STUDIO408P.jpg\",\"width\":1080,\"height\":500,\"caption\":\"Impresora oficina B\\\/N Toshiba e-STUDIO408P\"},{\"@type\":\"BreadcrumbList\",\"@id\":\"https:\\\/\\\/www.omcsae.com\\\/producto\\\/impresora-b-n-toshiba-e-studio408p\\\/#breadcrumb\",\"itemListElement\":[{\"@type\":\"ListItem\",\"position\":1,\"name\":\"Portada\",\"item\":\"https:\\\/\\\/www.omcsae.com\\\/\"},{\"@type\":\"ListItem\",\"position\":2,\"name\":\"Productos\",\"item\":\"https:\\\/\\\/www.omcsae.com\\\/shop\\\/\"},{\"@type\":\"ListItem\",\"position\":3,\"name\":\"Impresora B\\\/N Toshiba e-STUDIO408P\"}]},{\"@type\":\"WebSite\",\"@id\":\"https:\\\/\\\/www.omcsae.com\\\/#website\",\"url\":\"https:\\\/\\\/www.omcsae.com\\\/\",\"name\":\"OMC sae\",\"description\":\"Distribuidor de maquinaria, consumibles y equipos para imprentas, artes gr\u00e1ficas\",\"publisher\":{\"@id\":\"https:\\\/\\\/www.omcsae.com\\\/#organization\"},\"potentialAction\":[{\"@type\":\"SearchAction\",\"target\":{\"@type\":\"EntryPoint\",\"urlTemplate\":\"https:\\\/\\\/www.omcsae.com\\\/?s={search_term_string}\"},\"query-input\":{\"@type\":\"PropertyValueSpecification\",\"valueRequired\":true,\"valueName\":\"search_term_string\"}}],\"inLanguage\":\"en-GB\"},{\"@type\":\"Organization\",\"@id\":\"https:\\\/\\\/www.omcsae.com\\\/#organization\",\"name\":\"OMC SAE: distribuidor de maquinaria, consumibles y equipos para imprentas\",\"url\":\"https:\\\/\\\/www.omcsae.com\\\/\",\"logo\":{\"@type\":\"ImageObject\",\"inLanguage\":\"en-GB\",\"@id\":\"https:\\\/\\\/www.omcsae.com\\\/#\\\/schema\\\/logo\\\/image\\\/\",\"url\":\"https:\\\/\\\/www.omcsae.com\\\/wp-content\\\/uploads\\\/2020\\\/09\\\/OMC_Logo-transparent-e1646645548126.png\",\"contentUrl\":\"https:\\\/\\\/www.omcsae.com\\\/wp-content\\\/uploads\\\/2020\\\/09\\\/OMC_Logo-transparent-e1646645548126.png\",\"width\":303,\"height\":351,\"caption\":\"OMC SAE: distribuidor de maquinaria, consumibles y equipos para imprentas\"},\"image\":{\"@id\":\"https:\\\/\\\/www.omcsae.com\\\/#\\\/schema\\\/logo\\\/image\\\/\"}}]}<\/script>\n<!-- \/ Yoast SEO plugin. -->","yoast_head_json":{"title":"Toshiba e-STUDIO408P B \/ W Printer | OMC SAE","description":"Discover our catalog in Digital for printing machines, Printing and graphic arts. Consult more about Toshiba e-STUDIO408P B \/ W Printer on our OMC SAE website.","robots":{"index":"index","follow":"follow","max-snippet":"max-snippet:-1","max-image-preview":"max-image-preview:large","max-video-preview":"max-video-preview:-1"},"canonical":"https:\/\/www.omcsae.com\/en\/products\/printer-bn-toshiba-e-studio408p\/","og_locale":"en_GB","og_type":"article","og_title":"Impresora B\/N Toshiba e-STUDIO408P | OMC SAE","og_description":"Descubre nuestro cat\u00e1logo en Digital para m\u00e1quinas de impresi\u00f3n, Impresi\u00f3n y artes gr\u00e1ficas. Consulta m\u00e1s sobre Impresora B\/N Toshiba e-STUDIO408P en nuestra web OMC SAE.","og_url":"https:\/\/www.omcsae.com\/en\/products\/printer-bn-toshiba-e-studio408p\/","og_site_name":"OMC sae","article_modified_time":"2021-03-30T10:45:29+00:00","og_image":[{"width":1080,"height":500,"url":"https:\/\/www.omcsae.com\/wp-content\/uploads\/2021\/03\/Toshiba-Impresora-BN-Toshiba-e-STUDIO408P.jpg","type":"image\/jpeg"}],"twitter_card":"summary_large_image","twitter_misc":{"Estimated reading time":"1 minute"},"schema":{"@context":"https:\/\/schema.org","@graph":[{"@type":"WebPage","@id":"https:\/\/www.omcsae.com\/producto\/impresora-b-n-toshiba-e-studio408p\/","url":"https:\/\/www.omcsae.com\/producto\/impresora-b-n-toshiba-e-studio408p\/","name":"Toshiba e-STUDIO408P B \/ W Printer | OMC SAE","isPartOf":{"@id":"https:\/\/www.omcsae.com\/#website"},"primaryImageOfPage":{"@id":"https:\/\/www.omcsae.com\/producto\/impresora-b-n-toshiba-e-studio408p\/#primaryimage"},"image":{"@id":"https:\/\/www.omcsae.com\/producto\/impresora-b-n-toshiba-e-studio408p\/#primaryimage"},"thumbnailUrl":"https:\/\/www.omcsae.com\/wp-content\/uploads\/2021\/03\/Toshiba-Impresora-BN-Toshiba-e-STUDIO408P.jpg","datePublished":"2021-03-18T20:09:19+00:00","dateModified":"2021-03-30T10:45:29+00:00","description":"Discover our catalog in Digital for printing machines, Printing and graphic arts. Consult more about Toshiba e-STUDIO408P B \/ W Printer on our OMC SAE website.","breadcrumb":{"@id":"https:\/\/www.omcsae.com\/producto\/impresora-b-n-toshiba-e-studio408p\/#breadcrumb"},"inLanguage":"en-GB","potentialAction":[{"@type":"ReadAction","target":["https:\/\/www.omcsae.com\/producto\/impresora-b-n-toshiba-e-studio408p\/"]}]},{"@type":"ImageObject","inLanguage":"en-GB","@id":"https:\/\/www.omcsae.com\/producto\/impresora-b-n-toshiba-e-studio408p\/#primaryimage","url":"https:\/\/www.omcsae.com\/wp-content\/uploads\/2021\/03\/Toshiba-Impresora-BN-Toshiba-e-STUDIO408P.jpg","contentUrl":"https:\/\/www.omcsae.com\/wp-content\/uploads\/2021\/03\/Toshiba-Impresora-BN-Toshiba-e-STUDIO408P.jpg","width":1080,"height":500,"caption":"Impresora oficina B\/N Toshiba e-STUDIO408P"},{"@type":"BreadcrumbList","@id":"https:\/\/www.omcsae.com\/producto\/impresora-b-n-toshiba-e-studio408p\/#breadcrumb","itemListElement":[{"@type":"ListItem","position":1,"name":"Portada","item":"https:\/\/www.omcsae.com\/"},{"@type":"ListItem","position":2,"name":"Productos","item":"https:\/\/www.omcsae.com\/shop\/"},{"@type":"ListItem","position":3,"name":"Impresora B\/N Toshiba e-STUDIO408P"}]},{"@type":"WebSite","@id":"https:\/\/www.omcsae.com\/#website","url":"https:\/\/www.omcsae.com\/","name":"OMC sae","description":"Distributor of machinery, consumables and equipment for printing, graphic arts","publisher":{"@id":"https:\/\/www.omcsae.com\/#organization"},"potentialAction":[{"@type":"SearchAction","target":{"@type":"EntryPoint","urlTemplate":"https:\/\/www.omcsae.com\/?s={search_term_string}"},"query-input":{"@type":"PropertyValueSpecification","valueRequired":true,"valueName":"search_term_string"}}],"inLanguage":"en-GB"},{"@type":"Organization","@id":"https:\/\/www.omcsae.com\/#organization","name":"OMC SAE: distributor of machinery, consumables and equipment for the printing industry","url":"https:\/\/www.omcsae.com\/","logo":{"@type":"ImageObject","inLanguage":"en-GB","@id":"https:\/\/www.omcsae.com\/#\/schema\/logo\/image\/","url":"https:\/\/www.omcsae.com\/wp-content\/uploads\/2020\/09\/OMC_Logo-transparent-e1646645548126.png","contentUrl":"https:\/\/www.omcsae.com\/wp-content\/uploads\/2020\/09\/OMC_Logo-transparent-e1646645548126.png","width":303,"height":351,"caption":"OMC SAE: distribuidor de maquinaria, consumibles y equipos para imprentas"},"image":{"@id":"https:\/\/www.omcsae.com\/#\/schema\/logo\/image\/"}}]}},"_links":{"self":[{"href":"https:\/\/www.omcsae.com\/en\/wp-json\/wp\/v2\/product\/2857","targetHints":{"allow":["GET"]}}],"collection":[{"href":"https:\/\/www.omcsae.com\/en\/wp-json\/wp\/v2\/product"}],"about":[{"href":"https:\/\/www.omcsae.com\/en\/wp-json\/wp\/v2\/types\/product"}],"wp:featuredmedia":[{"embeddable":true,"href":"https:\/\/www.omcsae.com\/en\/wp-json\/wp\/v2\/media\/2858"}],"wp:attachment":[{"href":"https:\/\/www.omcsae.com\/en\/wp-json\/wp\/v2\/media?parent=2857"}],"wp:term":[{"taxonomy":"product_cat","embeddable":true,"href":"https:\/\/www.omcsae.com\/en\/wp-json\/wp\/v2\/product_cat?post=2857"},{"taxonomy":"product_tag","embeddable":true,"href":"https:\/\/www.omcsae.com\/en\/wp-json\/wp\/v2\/product_tag?post=2857"}],"curies":[{"name":"wp","href":"https:\/\/api.w.org\/{rel}","templated":true}]}}