{"id":2860,"date":"2021-03-18T20:09:19","date_gmt":"2021-03-18T20:09:19","guid":{"rendered":"http:\/\/omcsae.com.mialias.net\/producto\/fotocopiadora-multifuncion-color-a4-toshiba-e-studio338cs-388cs\/"},"modified":"2021-03-30T10:50:10","modified_gmt":"2021-03-30T10:50:10","slug":"multifunction-color-photocopier-a4-toshiba-e-studio338cs-388cs","status":"publish","type":"product","link":"https:\/\/www.omcsae.com\/en\/products\/multifunction-color-photocopier-a4-toshiba-e-studio338cs-388cs\/","title":{"rendered":"Toshiba e-STUDIO338CS \/ 388CS A4 Color Multifunction Copier"},"content":{"rendered":"<p>Quad Core Processor<br \/>\nThanks to an ultra-powerful 1.2GHz quad-core processor, no print job can stand up to you.<br \/>\nPerfect resolution<br \/>\nPrint with perfect definition, thanks to the 1,200 x 1,200 dots per inch print resolution.<br \/>\nMobile Printing<br \/>\nMobile printing has never been easier. Through different means, such as the TOSHIBA e-BRIDGE Print &amp; Capture app available in the Google and Apple app stores, or through printing services such as AirPrint or Mopria.<br \/>\nProduction consumables<br \/>\nThanks to long-lasting consumables, productivity is ensured. Consumables with a life of 6,000 pages according to ISO \/ IEC 19752.<br \/>\nGoogle Cloud Print<br \/>\nNew technology that connects your TOSHIBA multifunction devices to the Web. Through Google Cloud Print, you can use the certified printer you want from the applications you use every day.<\/p>\n<p>AirPrint<br \/>\nAirPrint lets you print instantly from iPad, iPhone, iPod touch, and Mac without installing drivers or downloading software. Just select the AirPrint printer and start printing.<br \/>\nMopria<br \/>\nWith Mopria you can print documents from any Android device, in any of your multifunctions, without the need for additional drivers or applications.<\/p>","protected":false},"excerpt":{"rendered":"<p>All-in-one A4 color multifunction printer to meet your daily business needs with print, copy, scan and fax functions.<br \/>\nThe e-STUDIO338CS and e-STUDIO388CS help streamline your business document workflow with productivity up to 33 and 38 pages per minute.<br \/>\nA valuable resource for any workgroup.<br \/>\nThe e-STUDIO338CS and e-STUDIO388CS are a valuable resource for any business or workgroup requiring productivity, reliability, and ease of use. These compact A4 multifunction devices deliver exceptional image quality to your documents that will leave you amazed.<br \/>\nA maximum paper capacity of 1,451 sheets ensures large print jobs run with ease. The e-STUDIO388CS dual scanner document feeder enables your business to go digitizing easier and faster than ever, with its fast processing time of up to 94 images per minute.<\/p>","protected":false},"featured_media":3053,"template":"","meta":[],"product_cat":[672],"product_tag":[],"class_list":{"0":"post-2860","1":"product","2":"type-product","3":"status-publish","4":"has-post-thumbnail","6":"product_cat-impresion","8":"first","9":"instock","10":"product-type-simple"},"yoast_head":"<!-- This site is optimized with the Yoast SEO plugin v27.4 - https:\/\/yoast.com\/product\/yoast-seo-wordpress\/ -->\n<title>Fotocopiadora Multifunci\u00f3n Color A4 Toshiba e-STUDIO338CS\/388CS | OMC SAE<\/title>\n<meta name=\"description\" content=\"Descubre nuestro cat\u00e1logo en Digital para m\u00e1quinas de impresi\u00f3n, Impresi\u00f3n y artes gr\u00e1ficas. Consulta m\u00e1s sobre Fotocopiadora Multifunci\u00f3n Color A4 Toshiba e-STUDIO338CS\/388CS en nuestra web OMC SAE.\" \/>\n<meta name=\"robots\" content=\"index, follow, max-snippet:-1, max-image-preview:large, max-video-preview:-1\" \/>\n<link rel=\"canonical\" href=\"https:\/\/www.omcsae.com\/en\/products\/multifunction-color-photocopier-a4-toshiba-e-studio338cs-388cs\/\" \/>\n<meta property=\"og:locale\" content=\"en_GB\" \/>\n<meta property=\"og:type\" content=\"article\" \/>\n<meta property=\"og:title\" content=\"Fotocopiadora Multifunci\u00f3n Color A4 Toshiba e-STUDIO338CS\/388CS | OMC SAE\" \/>\n<meta property=\"og:description\" content=\"Descubre nuestro cat\u00e1logo en Digital para m\u00e1quinas de impresi\u00f3n, Impresi\u00f3n y artes gr\u00e1ficas. Consulta m\u00e1s sobre Fotocopiadora Multifunci\u00f3n Color A4 Toshiba e-STUDIO338CS\/388CS en nuestra web OMC SAE.\" \/>\n<meta property=\"og:url\" content=\"https:\/\/www.omcsae.com\/en\/products\/multifunction-color-photocopier-a4-toshiba-e-studio338cs-388cs\/\" \/>\n<meta property=\"og:site_name\" content=\"OMC sae\" \/>\n<meta property=\"article:modified_time\" content=\"2021-03-30T10:50:10+00:00\" \/>\n<meta property=\"og:image\" content=\"https:\/\/www.omcsae.com\/wp-content\/uploads\/2021\/03\/eS338CS_Front.jpg\" \/>\n\t<meta property=\"og:image:width\" content=\"1080\" \/>\n\t<meta property=\"og:image:height\" content=\"500\" \/>\n\t<meta property=\"og:image:type\" content=\"image\/jpeg\" \/>\n<meta name=\"twitter:card\" content=\"summary_large_image\" \/>\n<meta name=\"twitter:label1\" content=\"Estimated reading time\" \/>\n\t<meta name=\"twitter:data1\" content=\"1 minute\" \/>\n<script type=\"application\/ld+json\" class=\"yoast-schema-graph\">{\"@context\":\"https:\\\/\\\/schema.org\",\"@graph\":[{\"@type\":\"WebPage\",\"@id\":\"https:\\\/\\\/www.omcsae.com\\\/producto\\\/fotocopiadora-multifuncion-color-a4-toshiba-e-studio338cs-388cs\\\/\",\"url\":\"https:\\\/\\\/www.omcsae.com\\\/producto\\\/fotocopiadora-multifuncion-color-a4-toshiba-e-studio338cs-388cs\\\/\",\"name\":\"Fotocopiadora Multifunci\u00f3n Color A4 Toshiba e-STUDIO338CS\\\/388CS | OMC SAE\",\"isPartOf\":{\"@id\":\"https:\\\/\\\/www.omcsae.com\\\/#website\"},\"primaryImageOfPage\":{\"@id\":\"https:\\\/\\\/www.omcsae.com\\\/producto\\\/fotocopiadora-multifuncion-color-a4-toshiba-e-studio338cs-388cs\\\/#primaryimage\"},\"image\":{\"@id\":\"https:\\\/\\\/www.omcsae.com\\\/producto\\\/fotocopiadora-multifuncion-color-a4-toshiba-e-studio338cs-388cs\\\/#primaryimage\"},\"thumbnailUrl\":\"https:\\\/\\\/www.omcsae.com\\\/wp-content\\\/uploads\\\/2021\\\/03\\\/eS338CS_Front.jpg\",\"datePublished\":\"2021-03-18T20:09:19+00:00\",\"dateModified\":\"2021-03-30T10:50:10+00:00\",\"description\":\"Descubre nuestro cat\u00e1logo en Digital para m\u00e1quinas de impresi\u00f3n, Impresi\u00f3n y artes gr\u00e1ficas. Consulta m\u00e1s sobre Fotocopiadora Multifunci\u00f3n Color A4 Toshiba e-STUDIO338CS\\\/388CS en nuestra web OMC SAE.\",\"breadcrumb\":{\"@id\":\"https:\\\/\\\/www.omcsae.com\\\/producto\\\/fotocopiadora-multifuncion-color-a4-toshiba-e-studio338cs-388cs\\\/#breadcrumb\"},\"inLanguage\":\"en-GB\",\"potentialAction\":[{\"@type\":\"ReadAction\",\"target\":[\"https:\\\/\\\/www.omcsae.com\\\/producto\\\/fotocopiadora-multifuncion-color-a4-toshiba-e-studio338cs-388cs\\\/\"]}]},{\"@type\":\"ImageObject\",\"inLanguage\":\"en-GB\",\"@id\":\"https:\\\/\\\/www.omcsae.com\\\/producto\\\/fotocopiadora-multifuncion-color-a4-toshiba-e-studio338cs-388cs\\\/#primaryimage\",\"url\":\"https:\\\/\\\/www.omcsae.com\\\/wp-content\\\/uploads\\\/2021\\\/03\\\/eS338CS_Front.jpg\",\"contentUrl\":\"https:\\\/\\\/www.omcsae.com\\\/wp-content\\\/uploads\\\/2021\\\/03\\\/eS338CS_Front.jpg\",\"width\":1080,\"height\":500,\"caption\":\"Fotocopiadora multifunci\u00f3n Toshiba eS338CS frontal\"},{\"@type\":\"BreadcrumbList\",\"@id\":\"https:\\\/\\\/www.omcsae.com\\\/producto\\\/fotocopiadora-multifuncion-color-a4-toshiba-e-studio338cs-388cs\\\/#breadcrumb\",\"itemListElement\":[{\"@type\":\"ListItem\",\"position\":1,\"name\":\"Portada\",\"item\":\"https:\\\/\\\/www.omcsae.com\\\/\"},{\"@type\":\"ListItem\",\"position\":2,\"name\":\"Productos\",\"item\":\"https:\\\/\\\/www.omcsae.com\\\/shop\\\/\"},{\"@type\":\"ListItem\",\"position\":3,\"name\":\"Fotocopiadora Multifunci\u00f3n Color A4 Toshiba e-STUDIO338CS\\\/388CS\"}]},{\"@type\":\"WebSite\",\"@id\":\"https:\\\/\\\/www.omcsae.com\\\/#website\",\"url\":\"https:\\\/\\\/www.omcsae.com\\\/\",\"name\":\"OMC sae\",\"description\":\"Distribuidor de maquinaria, consumibles y equipos para imprentas, artes gr\u00e1ficas\",\"publisher\":{\"@id\":\"https:\\\/\\\/www.omcsae.com\\\/#organization\"},\"potentialAction\":[{\"@type\":\"SearchAction\",\"target\":{\"@type\":\"EntryPoint\",\"urlTemplate\":\"https:\\\/\\\/www.omcsae.com\\\/?s={search_term_string}\"},\"query-input\":{\"@type\":\"PropertyValueSpecification\",\"valueRequired\":true,\"valueName\":\"search_term_string\"}}],\"inLanguage\":\"en-GB\"},{\"@type\":\"Organization\",\"@id\":\"https:\\\/\\\/www.omcsae.com\\\/#organization\",\"name\":\"OMC SAE: distribuidor de maquinaria, consumibles y equipos para imprentas\",\"url\":\"https:\\\/\\\/www.omcsae.com\\\/\",\"logo\":{\"@type\":\"ImageObject\",\"inLanguage\":\"en-GB\",\"@id\":\"https:\\\/\\\/www.omcsae.com\\\/#\\\/schema\\\/logo\\\/image\\\/\",\"url\":\"https:\\\/\\\/www.omcsae.com\\\/wp-content\\\/uploads\\\/2020\\\/09\\\/OMC_Logo-transparent-e1646645548126.png\",\"contentUrl\":\"https:\\\/\\\/www.omcsae.com\\\/wp-content\\\/uploads\\\/2020\\\/09\\\/OMC_Logo-transparent-e1646645548126.png\",\"width\":303,\"height\":351,\"caption\":\"OMC SAE: distribuidor de maquinaria, consumibles y equipos para imprentas\"},\"image\":{\"@id\":\"https:\\\/\\\/www.omcsae.com\\\/#\\\/schema\\\/logo\\\/image\\\/\"}}]}<\/script>\n<!-- \/ Yoast SEO plugin. -->","yoast_head_json":{"title":"Toshiba e-STUDIO338CS \/ 388CS A4 Color Multifunction Copier | OMC SAE","description":"Discover our catalog in Digital for printing machines, Printing and graphic arts. Consult more about Toshiba e-STUDIO338CS \/ 388CS A4 Color Multifunction Copier on our OMC SAE website.","robots":{"index":"index","follow":"follow","max-snippet":"max-snippet:-1","max-image-preview":"max-image-preview:large","max-video-preview":"max-video-preview:-1"},"canonical":"https:\/\/www.omcsae.com\/en\/products\/multifunction-color-photocopier-a4-toshiba-e-studio338cs-388cs\/","og_locale":"en_GB","og_type":"article","og_title":"Fotocopiadora Multifunci\u00f3n Color A4 Toshiba e-STUDIO338CS\/388CS | OMC SAE","og_description":"Descubre nuestro cat\u00e1logo en Digital para m\u00e1quinas de impresi\u00f3n, Impresi\u00f3n y artes gr\u00e1ficas. Consulta m\u00e1s sobre Fotocopiadora Multifunci\u00f3n Color A4 Toshiba e-STUDIO338CS\/388CS en nuestra web OMC SAE.","og_url":"https:\/\/www.omcsae.com\/en\/products\/multifunction-color-photocopier-a4-toshiba-e-studio338cs-388cs\/","og_site_name":"OMC sae","article_modified_time":"2021-03-30T10:50:10+00:00","og_image":[{"width":1080,"height":500,"url":"https:\/\/www.omcsae.com\/wp-content\/uploads\/2021\/03\/eS338CS_Front.jpg","type":"image\/jpeg"}],"twitter_card":"summary_large_image","twitter_misc":{"Estimated reading time":"1 minute"},"schema":{"@context":"https:\/\/schema.org","@graph":[{"@type":"WebPage","@id":"https:\/\/www.omcsae.com\/producto\/fotocopiadora-multifuncion-color-a4-toshiba-e-studio338cs-388cs\/","url":"https:\/\/www.omcsae.com\/producto\/fotocopiadora-multifuncion-color-a4-toshiba-e-studio338cs-388cs\/","name":"Toshiba e-STUDIO338CS \/ 388CS A4 Color Multifunction Copier | OMC SAE","isPartOf":{"@id":"https:\/\/www.omcsae.com\/#website"},"primaryImageOfPage":{"@id":"https:\/\/www.omcsae.com\/producto\/fotocopiadora-multifuncion-color-a4-toshiba-e-studio338cs-388cs\/#primaryimage"},"image":{"@id":"https:\/\/www.omcsae.com\/producto\/fotocopiadora-multifuncion-color-a4-toshiba-e-studio338cs-388cs\/#primaryimage"},"thumbnailUrl":"https:\/\/www.omcsae.com\/wp-content\/uploads\/2021\/03\/eS338CS_Front.jpg","datePublished":"2021-03-18T20:09:19+00:00","dateModified":"2021-03-30T10:50:10+00:00","description":"Discover our catalog in Digital for printing machines, Printing and graphic arts. Consult more about Toshiba e-STUDIO338CS \/ 388CS A4 Color Multifunction Copier on our OMC SAE website.","breadcrumb":{"@id":"https:\/\/www.omcsae.com\/producto\/fotocopiadora-multifuncion-color-a4-toshiba-e-studio338cs-388cs\/#breadcrumb"},"inLanguage":"en-GB","potentialAction":[{"@type":"ReadAction","target":["https:\/\/www.omcsae.com\/producto\/fotocopiadora-multifuncion-color-a4-toshiba-e-studio338cs-388cs\/"]}]},{"@type":"ImageObject","inLanguage":"en-GB","@id":"https:\/\/www.omcsae.com\/producto\/fotocopiadora-multifuncion-color-a4-toshiba-e-studio338cs-388cs\/#primaryimage","url":"https:\/\/www.omcsae.com\/wp-content\/uploads\/2021\/03\/eS338CS_Front.jpg","contentUrl":"https:\/\/www.omcsae.com\/wp-content\/uploads\/2021\/03\/eS338CS_Front.jpg","width":1080,"height":500,"caption":"Fotocopiadora multifunci\u00f3n Toshiba eS338CS frontal"},{"@type":"BreadcrumbList","@id":"https:\/\/www.omcsae.com\/producto\/fotocopiadora-multifuncion-color-a4-toshiba-e-studio338cs-388cs\/#breadcrumb","itemListElement":[{"@type":"ListItem","position":1,"name":"Portada","item":"https:\/\/www.omcsae.com\/"},{"@type":"ListItem","position":2,"name":"Productos","item":"https:\/\/www.omcsae.com\/shop\/"},{"@type":"ListItem","position":3,"name":"Fotocopiadora Multifunci\u00f3n Color A4 Toshiba e-STUDIO338CS\/388CS"}]},{"@type":"WebSite","@id":"https:\/\/www.omcsae.com\/#website","url":"https:\/\/www.omcsae.com\/","name":"OMC sae","description":"Distributor of machinery, consumables and equipment for printing, graphic arts","publisher":{"@id":"https:\/\/www.omcsae.com\/#organization"},"potentialAction":[{"@type":"SearchAction","target":{"@type":"EntryPoint","urlTemplate":"https:\/\/www.omcsae.com\/?s={search_term_string}"},"query-input":{"@type":"PropertyValueSpecification","valueRequired":true,"valueName":"search_term_string"}}],"inLanguage":"en-GB"},{"@type":"Organization","@id":"https:\/\/www.omcsae.com\/#organization","name":"OMC SAE: distributor of machinery, consumables and equipment for the printing industry","url":"https:\/\/www.omcsae.com\/","logo":{"@type":"ImageObject","inLanguage":"en-GB","@id":"https:\/\/www.omcsae.com\/#\/schema\/logo\/image\/","url":"https:\/\/www.omcsae.com\/wp-content\/uploads\/2020\/09\/OMC_Logo-transparent-e1646645548126.png","contentUrl":"https:\/\/www.omcsae.com\/wp-content\/uploads\/2020\/09\/OMC_Logo-transparent-e1646645548126.png","width":303,"height":351,"caption":"OMC SAE: distribuidor de maquinaria, consumibles y equipos para imprentas"},"image":{"@id":"https:\/\/www.omcsae.com\/#\/schema\/logo\/image\/"}}]}},"_links":{"self":[{"href":"https:\/\/www.omcsae.com\/en\/wp-json\/wp\/v2\/product\/2860","targetHints":{"allow":["GET"]}}],"collection":[{"href":"https:\/\/www.omcsae.com\/en\/wp-json\/wp\/v2\/product"}],"about":[{"href":"https:\/\/www.omcsae.com\/en\/wp-json\/wp\/v2\/types\/product"}],"wp:featuredmedia":[{"embeddable":true,"href":"https:\/\/www.omcsae.com\/en\/wp-json\/wp\/v2\/media\/3053"}],"wp:attachment":[{"href":"https:\/\/www.omcsae.com\/en\/wp-json\/wp\/v2\/media?parent=2860"}],"wp:term":[{"taxonomy":"product_cat","embeddable":true,"href":"https:\/\/www.omcsae.com\/en\/wp-json\/wp\/v2\/product_cat?post=2860"},{"taxonomy":"product_tag","embeddable":true,"href":"https:\/\/www.omcsae.com\/en\/wp-json\/wp\/v2\/product_tag?post=2860"}],"curies":[{"name":"wp","href":"https:\/\/api.w.org\/{rel}","templated":true}]}}