{"id":2861,"date":"2021-03-18T20:09:19","date_gmt":"2021-03-18T20:09:19","guid":{"rendered":"http:\/\/omcsae.com.mialias.net\/producto\/tintas-offset-h-uv-toyo-ink\/"},"modified":"2022-01-13T10:27:22","modified_gmt":"2022-01-13T10:27:22","slug":"offset-inks-h-uv-toyo-ink-2","status":"publish","type":"product","link":"https:\/\/www.omcsae.com\/en\/products\/offset-inks-h-uv-toyo-ink-2\/","title":{"rendered":"H-UV \/ LED offset inks range - Toyo Ink"},"content":{"rendered":"","protected":false},"excerpt":{"rendered":"","protected":false},"featured_media":5762,"template":"","meta":[],"product_cat":[682,719],"product_tag":[720],"class_list":{"0":"post-2861","1":"product","2":"type-product","3":"status-publish","4":"has-post-thumbnail","6":"product_cat-consumibles-h-uv-led","7":"product_cat-tintas-y-barnices-u-ve-led","8":"product_tag-toyo-ink","9":"pa_marca-toyo-ink","10":"pa_sectores-impresion-comercial","12":"first","13":"instock","14":"product-type-simple"},"yoast_head":"<!-- This site is optimized with the Yoast SEO plugin v27.3 - https:\/\/yoast.com\/product\/yoast-seo-wordpress\/ -->\n<title>Tintas offset H-UV - Toyo Ink | OMC SAE<\/title>\n<meta name=\"description\" content=\"Descubre nuestro cat\u00e1logo en Tinta Offset H-UV LED para m\u00e1quinas de impresi\u00f3n, Consumibles Gr\u00e1ficos y artes gr\u00e1ficas. Consulta m\u00e1s sobre Tintas offset H-UV - Toyo Ink en nuestra web OMC SAE.\" \/>\n<meta name=\"robots\" content=\"index, follow, max-snippet:-1, max-image-preview:large, max-video-preview:-1\" \/>\n<link rel=\"canonical\" href=\"https:\/\/www.omcsae.com\/en\/products\/offset-inks-h-uv-toyo-ink-2\/\" \/>\n<meta property=\"og:locale\" content=\"en_GB\" \/>\n<meta property=\"og:type\" content=\"article\" \/>\n<meta property=\"og:title\" content=\"Tintas offset H-UV - Toyo Ink | OMC SAE\" \/>\n<meta property=\"og:description\" content=\"Descubre nuestro cat\u00e1logo en Tinta Offset H-UV LED para m\u00e1quinas de impresi\u00f3n, Consumibles Gr\u00e1ficos y artes gr\u00e1ficas. Consulta m\u00e1s sobre Tintas offset H-UV - Toyo Ink en nuestra web OMC SAE.\" \/>\n<meta property=\"og:url\" content=\"https:\/\/www.omcsae.com\/en\/products\/offset-inks-h-uv-toyo-ink-2\/\" \/>\n<meta property=\"og:site_name\" content=\"OMC sae\" \/>\n<meta property=\"article:modified_time\" content=\"2022-01-13T10:27:22+00:00\" \/>\n<meta property=\"og:image\" content=\"https:\/\/www.omcsae.com\/wp-content\/uploads\/2021\/03\/tintas-scaled.jpg\" \/>\n\t<meta property=\"og:image:width\" content=\"2560\" \/>\n\t<meta property=\"og:image:height\" content=\"2560\" \/>\n\t<meta property=\"og:image:type\" content=\"image\/jpeg\" \/>\n<meta name=\"twitter:card\" content=\"summary_large_image\" \/>\n<script type=\"application\/ld+json\" class=\"yoast-schema-graph\">{\"@context\":\"https:\\\/\\\/schema.org\",\"@graph\":[{\"@type\":\"WebPage\",\"@id\":\"https:\\\/\\\/www.omcsae.com\\\/producto\\\/tintas-offset-h-uv-toyo-ink\\\/\",\"url\":\"https:\\\/\\\/www.omcsae.com\\\/producto\\\/tintas-offset-h-uv-toyo-ink\\\/\",\"name\":\"Tintas offset H-UV - Toyo Ink | OMC SAE\",\"isPartOf\":{\"@id\":\"https:\\\/\\\/www.omcsae.com\\\/#website\"},\"primaryImageOfPage\":{\"@id\":\"https:\\\/\\\/www.omcsae.com\\\/producto\\\/tintas-offset-h-uv-toyo-ink\\\/#primaryimage\"},\"image\":{\"@id\":\"https:\\\/\\\/www.omcsae.com\\\/producto\\\/tintas-offset-h-uv-toyo-ink\\\/#primaryimage\"},\"thumbnailUrl\":\"https:\\\/\\\/www.omcsae.com\\\/wp-content\\\/uploads\\\/2021\\\/03\\\/tintas-scaled.jpg\",\"datePublished\":\"2021-03-18T20:09:19+00:00\",\"dateModified\":\"2022-01-13T10:27:22+00:00\",\"description\":\"Descubre nuestro cat\u00e1logo en Tinta Offset H-UV LED para m\u00e1quinas de impresi\u00f3n, Consumibles Gr\u00e1ficos y artes gr\u00e1ficas. Consulta m\u00e1s sobre Tintas offset H-UV - Toyo Ink en nuestra web OMC SAE.\",\"breadcrumb\":{\"@id\":\"https:\\\/\\\/www.omcsae.com\\\/producto\\\/tintas-offset-h-uv-toyo-ink\\\/#breadcrumb\"},\"inLanguage\":\"en-GB\",\"potentialAction\":[{\"@type\":\"ReadAction\",\"target\":[\"https:\\\/\\\/www.omcsae.com\\\/producto\\\/tintas-offset-h-uv-toyo-ink\\\/\"]}]},{\"@type\":\"ImageObject\",\"inLanguage\":\"en-GB\",\"@id\":\"https:\\\/\\\/www.omcsae.com\\\/producto\\\/tintas-offset-h-uv-toyo-ink\\\/#primaryimage\",\"url\":\"https:\\\/\\\/www.omcsae.com\\\/wp-content\\\/uploads\\\/2021\\\/03\\\/tintas-scaled.jpg\",\"contentUrl\":\"https:\\\/\\\/www.omcsae.com\\\/wp-content\\\/uploads\\\/2021\\\/03\\\/tintas-scaled.jpg\",\"width\":2560,\"height\":2560},{\"@type\":\"BreadcrumbList\",\"@id\":\"https:\\\/\\\/www.omcsae.com\\\/producto\\\/tintas-offset-h-uv-toyo-ink\\\/#breadcrumb\",\"itemListElement\":[{\"@type\":\"ListItem\",\"position\":1,\"name\":\"Portada\",\"item\":\"https:\\\/\\\/www.omcsae.com\\\/\"},{\"@type\":\"ListItem\",\"position\":2,\"name\":\"Productos\",\"item\":\"https:\\\/\\\/www.omcsae.com\\\/shop\\\/\"},{\"@type\":\"ListItem\",\"position\":3,\"name\":\"Gama tintas offset H-UV \\\/ LED &#8211; Toyo Ink\"}]},{\"@type\":\"WebSite\",\"@id\":\"https:\\\/\\\/www.omcsae.com\\\/#website\",\"url\":\"https:\\\/\\\/www.omcsae.com\\\/\",\"name\":\"OMC sae\",\"description\":\"Distribuidor de maquinaria, consumibles y equipos para imprentas, artes gr\u00e1ficas\",\"publisher\":{\"@id\":\"https:\\\/\\\/www.omcsae.com\\\/#organization\"},\"potentialAction\":[{\"@type\":\"SearchAction\",\"target\":{\"@type\":\"EntryPoint\",\"urlTemplate\":\"https:\\\/\\\/www.omcsae.com\\\/?s={search_term_string}\"},\"query-input\":{\"@type\":\"PropertyValueSpecification\",\"valueRequired\":true,\"valueName\":\"search_term_string\"}}],\"inLanguage\":\"en-GB\"},{\"@type\":\"Organization\",\"@id\":\"https:\\\/\\\/www.omcsae.com\\\/#organization\",\"name\":\"OMC SAE: distribuidor de maquinaria, consumibles y equipos para imprentas\",\"url\":\"https:\\\/\\\/www.omcsae.com\\\/\",\"logo\":{\"@type\":\"ImageObject\",\"inLanguage\":\"en-GB\",\"@id\":\"https:\\\/\\\/www.omcsae.com\\\/#\\\/schema\\\/logo\\\/image\\\/\",\"url\":\"https:\\\/\\\/www.omcsae.com\\\/wp-content\\\/uploads\\\/2020\\\/09\\\/OMC_Logo-transparent-e1646645548126.png\",\"contentUrl\":\"https:\\\/\\\/www.omcsae.com\\\/wp-content\\\/uploads\\\/2020\\\/09\\\/OMC_Logo-transparent-e1646645548126.png\",\"width\":303,\"height\":351,\"caption\":\"OMC SAE: distribuidor de maquinaria, consumibles y equipos para imprentas\"},\"image\":{\"@id\":\"https:\\\/\\\/www.omcsae.com\\\/#\\\/schema\\\/logo\\\/image\\\/\"}}]}<\/script>\n<!-- \/ Yoast SEO plugin. -->","yoast_head_json":{"title":"H-UV offset inks - Toyo Ink | OMC SAE","description":"Discover our catalog on H-UV LED Offset Ink for printing machines, Graphic Consumables and graphic arts. Consult more about H-UV offset inks - Toyo Ink on our OMC SAE website.","robots":{"index":"index","follow":"follow","max-snippet":"max-snippet:-1","max-image-preview":"max-image-preview:large","max-video-preview":"max-video-preview:-1"},"canonical":"https:\/\/www.omcsae.com\/en\/products\/offset-inks-h-uv-toyo-ink-2\/","og_locale":"en_GB","og_type":"article","og_title":"Tintas offset H-UV - Toyo Ink | OMC SAE","og_description":"Descubre nuestro cat\u00e1logo en Tinta Offset H-UV LED para m\u00e1quinas de impresi\u00f3n, Consumibles Gr\u00e1ficos y artes gr\u00e1ficas. Consulta m\u00e1s sobre Tintas offset H-UV - Toyo Ink en nuestra web OMC SAE.","og_url":"https:\/\/www.omcsae.com\/en\/products\/offset-inks-h-uv-toyo-ink-2\/","og_site_name":"OMC sae","article_modified_time":"2022-01-13T10:27:22+00:00","og_image":[{"width":2560,"height":2560,"url":"https:\/\/www.omcsae.com\/wp-content\/uploads\/2021\/03\/tintas-scaled.jpg","type":"image\/jpeg"}],"twitter_card":"summary_large_image","schema":{"@context":"https:\/\/schema.org","@graph":[{"@type":"WebPage","@id":"https:\/\/www.omcsae.com\/producto\/tintas-offset-h-uv-toyo-ink\/","url":"https:\/\/www.omcsae.com\/producto\/tintas-offset-h-uv-toyo-ink\/","name":"H-UV offset inks - Toyo Ink | OMC SAE","isPartOf":{"@id":"https:\/\/www.omcsae.com\/#website"},"primaryImageOfPage":{"@id":"https:\/\/www.omcsae.com\/producto\/tintas-offset-h-uv-toyo-ink\/#primaryimage"},"image":{"@id":"https:\/\/www.omcsae.com\/producto\/tintas-offset-h-uv-toyo-ink\/#primaryimage"},"thumbnailUrl":"https:\/\/www.omcsae.com\/wp-content\/uploads\/2021\/03\/tintas-scaled.jpg","datePublished":"2021-03-18T20:09:19+00:00","dateModified":"2022-01-13T10:27:22+00:00","description":"Discover our catalog on H-UV LED Offset Ink for printing machines, Graphic Consumables and graphic arts. Consult more about H-UV offset inks - Toyo Ink on our OMC SAE website.","breadcrumb":{"@id":"https:\/\/www.omcsae.com\/producto\/tintas-offset-h-uv-toyo-ink\/#breadcrumb"},"inLanguage":"en-GB","potentialAction":[{"@type":"ReadAction","target":["https:\/\/www.omcsae.com\/producto\/tintas-offset-h-uv-toyo-ink\/"]}]},{"@type":"ImageObject","inLanguage":"en-GB","@id":"https:\/\/www.omcsae.com\/producto\/tintas-offset-h-uv-toyo-ink\/#primaryimage","url":"https:\/\/www.omcsae.com\/wp-content\/uploads\/2021\/03\/tintas-scaled.jpg","contentUrl":"https:\/\/www.omcsae.com\/wp-content\/uploads\/2021\/03\/tintas-scaled.jpg","width":2560,"height":2560},{"@type":"BreadcrumbList","@id":"https:\/\/www.omcsae.com\/producto\/tintas-offset-h-uv-toyo-ink\/#breadcrumb","itemListElement":[{"@type":"ListItem","position":1,"name":"Portada","item":"https:\/\/www.omcsae.com\/"},{"@type":"ListItem","position":2,"name":"Productos","item":"https:\/\/www.omcsae.com\/shop\/"},{"@type":"ListItem","position":3,"name":"Gama tintas offset H-UV \/ LED &#8211; Toyo Ink"}]},{"@type":"WebSite","@id":"https:\/\/www.omcsae.com\/#website","url":"https:\/\/www.omcsae.com\/","name":"OMC sae","description":"Distributor of machinery, consumables and equipment for printing, graphic arts","publisher":{"@id":"https:\/\/www.omcsae.com\/#organization"},"potentialAction":[{"@type":"SearchAction","target":{"@type":"EntryPoint","urlTemplate":"https:\/\/www.omcsae.com\/?s={search_term_string}"},"query-input":{"@type":"PropertyValueSpecification","valueRequired":true,"valueName":"search_term_string"}}],"inLanguage":"en-GB"},{"@type":"Organization","@id":"https:\/\/www.omcsae.com\/#organization","name":"OMC SAE: distributor of machinery, consumables and equipment for the printing industry","url":"https:\/\/www.omcsae.com\/","logo":{"@type":"ImageObject","inLanguage":"en-GB","@id":"https:\/\/www.omcsae.com\/#\/schema\/logo\/image\/","url":"https:\/\/www.omcsae.com\/wp-content\/uploads\/2020\/09\/OMC_Logo-transparent-e1646645548126.png","contentUrl":"https:\/\/www.omcsae.com\/wp-content\/uploads\/2020\/09\/OMC_Logo-transparent-e1646645548126.png","width":303,"height":351,"caption":"OMC SAE: distribuidor de maquinaria, consumibles y equipos para imprentas"},"image":{"@id":"https:\/\/www.omcsae.com\/#\/schema\/logo\/image\/"}}]}},"_links":{"self":[{"href":"https:\/\/www.omcsae.com\/en\/wp-json\/wp\/v2\/product\/2861","targetHints":{"allow":["GET"]}}],"collection":[{"href":"https:\/\/www.omcsae.com\/en\/wp-json\/wp\/v2\/product"}],"about":[{"href":"https:\/\/www.omcsae.com\/en\/wp-json\/wp\/v2\/types\/product"}],"wp:featuredmedia":[{"embeddable":true,"href":"https:\/\/www.omcsae.com\/en\/wp-json\/wp\/v2\/media\/5762"}],"wp:attachment":[{"href":"https:\/\/www.omcsae.com\/en\/wp-json\/wp\/v2\/media?parent=2861"}],"wp:term":[{"taxonomy":"product_cat","embeddable":true,"href":"https:\/\/www.omcsae.com\/en\/wp-json\/wp\/v2\/product_cat?post=2861"},{"taxonomy":"product_tag","embeddable":true,"href":"https:\/\/www.omcsae.com\/en\/wp-json\/wp\/v2\/product_tag?post=2861"}],"curies":[{"name":"wp","href":"https:\/\/api.w.org\/{rel}","templated":true}]}}