{"id":2862,"date":"2021-03-18T20:09:19","date_gmt":"2021-03-18T20:09:19","guid":{"rendered":"http:\/\/omcsae.com.mialias.net\/producto\/plancha-barniz-offset-acrilico-tyref-aquaplus-115-135\/"},"modified":"2022-02-23T16:06:07","modified_gmt":"2022-02-23T16:06:07","slug":"plate-varnish-offset-acrylic-tire-aquaplus-115-135","status":"publish","type":"product","link":"https:\/\/www.omcsae.com\/en\/products\/plate-varnish-offset-acrylic-tire-aquaplus-115-135\/","title":{"rendered":"Acrylic\/UV Offset Coating Tower Plate \u2013 Tyref AquaPlus 1.15-1.35mm"},"content":{"rendered":"","protected":false},"excerpt":{"rendered":"<p>Tyref AquaPlus polyester-based varnish tower sheet is especially recommended for applications of <strong>acrylic and UV varnishing <\/strong>and validated for <strong>packaging<\/strong>\u00a0food and pharmacy thanks to certification\u00a0<strong>ISEGA<\/strong>.<\/p>\n<p>Main features:<\/p>\n<ul>\n<li>Excellent <strong>contribution and dispersion<\/strong> of the varnish on the surface.<\/li>\n<li><strong>Higher percentage of brightness<\/strong> under the same production circumstances.<\/li>\n<li>Ideal for <strong>long runs<\/strong> due to no pollution or ink build-up (fewer stops, higher production).<\/li>\n<li>Compressible polyester available in thicknesses of <strong>1.15mm<\/strong>, <strong>1.35mm<\/strong> or <strong>1.95mm<\/strong>.<\/li>\n<\/ul>","protected":false},"featured_media":5780,"template":"","meta":[],"product_cat":[669,683],"product_tag":[],"class_list":{"0":"post-2862","1":"product","2":"type-product","3":"status-publish","4":"has-post-thumbnail","6":"product_cat-consumibles-graficos","7":"product_cat-plancha-barnizado","8":"pa_marca-tyref","10":"first","11":"instock","12":"product-type-simple"},"yoast_head":"<!-- This site is optimized with the Yoast SEO plugin v27.4 - https:\/\/yoast.com\/product\/yoast-seo-wordpress\/ -->\n<title>Plancha barniz offset acr\u00edlico Tyref AquaPlus 1,15-1,35 | OMC SAE<\/title>\n<meta name=\"description\" content=\"Descubre nuestro cat\u00e1logo de planchas de barnizado para m\u00e1quinas de impresi\u00f3n de artes gr\u00e1ficas en nuestra web OMC SAE.\" \/>\n<meta name=\"robots\" content=\"index, follow, max-snippet:-1, max-image-preview:large, max-video-preview:-1\" \/>\n<link rel=\"canonical\" href=\"https:\/\/www.omcsae.com\/en\/products\/plate-varnish-offset-acrylic-tire-aquaplus-115-135\/\" \/>\n<meta property=\"og:locale\" content=\"en_GB\" \/>\n<meta property=\"og:type\" content=\"article\" \/>\n<meta property=\"og:title\" content=\"Plancha barniz offset acr\u00edlico Tyref AquaPlus 1,15-1,35 | OMC SAE\" \/>\n<meta property=\"og:description\" content=\"Descubre nuestro cat\u00e1logo de planchas de barnizado para m\u00e1quinas de impresi\u00f3n de artes gr\u00e1ficas en nuestra web OMC SAE.\" \/>\n<meta property=\"og:url\" content=\"https:\/\/www.omcsae.com\/en\/products\/plate-varnish-offset-acrylic-tire-aquaplus-115-135\/\" \/>\n<meta property=\"og:site_name\" content=\"OMC sae\" \/>\n<meta property=\"article:modified_time\" content=\"2022-02-23T16:06:07+00:00\" \/>\n<meta property=\"og:image\" content=\"https:\/\/www.omcsae.com\/wp-content\/uploads\/2021\/03\/Aquapluscorte-scaled.jpg\" \/>\n\t<meta property=\"og:image:width\" content=\"2560\" \/>\n\t<meta property=\"og:image:height\" content=\"2560\" \/>\n\t<meta property=\"og:image:type\" content=\"image\/jpeg\" \/>\n<meta name=\"twitter:card\" content=\"summary_large_image\" \/>\n<meta name=\"twitter:label1\" content=\"Estimated reading time\" \/>\n\t<meta name=\"twitter:data1\" content=\"1 minute\" \/>\n<script type=\"application\/ld+json\" class=\"yoast-schema-graph\">{\"@context\":\"https:\\\/\\\/schema.org\",\"@graph\":[{\"@type\":\"WebPage\",\"@id\":\"https:\\\/\\\/www.omcsae.com\\\/en\\\/producto\\\/plate-varnish-offset-acrylic-tire-aquaplus-115-135\\\/\",\"url\":\"https:\\\/\\\/www.omcsae.com\\\/en\\\/producto\\\/plate-varnish-offset-acrylic-tire-aquaplus-115-135\\\/\",\"name\":\"Plancha barniz offset acr\u00edlico Tyref AquaPlus 1,15-1,35 | OMC SAE\",\"isPartOf\":{\"@id\":\"https:\\\/\\\/www.omcsae.com\\\/#website\"},\"primaryImageOfPage\":{\"@id\":\"https:\\\/\\\/www.omcsae.com\\\/en\\\/producto\\\/plate-varnish-offset-acrylic-tire-aquaplus-115-135\\\/#primaryimage\"},\"image\":{\"@id\":\"https:\\\/\\\/www.omcsae.com\\\/en\\\/producto\\\/plate-varnish-offset-acrylic-tire-aquaplus-115-135\\\/#primaryimage\"},\"thumbnailUrl\":\"https:\\\/\\\/www.omcsae.com\\\/wp-content\\\/uploads\\\/2021\\\/03\\\/Aquapluscorte-scaled.jpg\",\"datePublished\":\"2021-03-18T20:09:19+00:00\",\"dateModified\":\"2022-02-23T16:06:07+00:00\",\"description\":\"Descubre nuestro cat\u00e1logo de planchas de barnizado para m\u00e1quinas de impresi\u00f3n de artes gr\u00e1ficas en nuestra web OMC SAE.\",\"breadcrumb\":{\"@id\":\"https:\\\/\\\/www.omcsae.com\\\/en\\\/producto\\\/plate-varnish-offset-acrylic-tire-aquaplus-115-135\\\/#breadcrumb\"},\"inLanguage\":\"en-GB\",\"potentialAction\":[{\"@type\":\"ReadAction\",\"target\":[\"https:\\\/\\\/www.omcsae.com\\\/en\\\/producto\\\/plate-varnish-offset-acrylic-tire-aquaplus-115-135\\\/\"]}]},{\"@type\":\"ImageObject\",\"inLanguage\":\"en-GB\",\"@id\":\"https:\\\/\\\/www.omcsae.com\\\/en\\\/producto\\\/plate-varnish-offset-acrylic-tire-aquaplus-115-135\\\/#primaryimage\",\"url\":\"https:\\\/\\\/www.omcsae.com\\\/wp-content\\\/uploads\\\/2021\\\/03\\\/Aquapluscorte-scaled.jpg\",\"contentUrl\":\"https:\\\/\\\/www.omcsae.com\\\/wp-content\\\/uploads\\\/2021\\\/03\\\/Aquapluscorte-scaled.jpg\",\"width\":2560,\"height\":2560},{\"@type\":\"BreadcrumbList\",\"@id\":\"https:\\\/\\\/www.omcsae.com\\\/en\\\/producto\\\/plate-varnish-offset-acrylic-tire-aquaplus-115-135\\\/#breadcrumb\",\"itemListElement\":[{\"@type\":\"ListItem\",\"position\":1,\"name\":\"Portada\",\"item\":\"https:\\\/\\\/www.omcsae.com\\\/\"},{\"@type\":\"ListItem\",\"position\":2,\"name\":\"Productos\",\"item\":\"https:\\\/\\\/www.omcsae.com\\\/shop\\\/\"},{\"@type\":\"ListItem\",\"position\":3,\"name\":\"Plancha para torre de barniz offset acr\u00edlico\\\/UV &#8211; Tyref AquaPlus 1,15-1,35mm\"}]},{\"@type\":\"WebSite\",\"@id\":\"https:\\\/\\\/www.omcsae.com\\\/#website\",\"url\":\"https:\\\/\\\/www.omcsae.com\\\/\",\"name\":\"OMC sae\",\"description\":\"Distribuidor de maquinaria, consumibles y equipos para imprentas, artes gr\u00e1ficas\",\"publisher\":{\"@id\":\"https:\\\/\\\/www.omcsae.com\\\/#organization\"},\"potentialAction\":[{\"@type\":\"SearchAction\",\"target\":{\"@type\":\"EntryPoint\",\"urlTemplate\":\"https:\\\/\\\/www.omcsae.com\\\/?s={search_term_string}\"},\"query-input\":{\"@type\":\"PropertyValueSpecification\",\"valueRequired\":true,\"valueName\":\"search_term_string\"}}],\"inLanguage\":\"en-GB\"},{\"@type\":\"Organization\",\"@id\":\"https:\\\/\\\/www.omcsae.com\\\/#organization\",\"name\":\"OMC SAE: distribuidor de maquinaria, consumibles y equipos para imprentas\",\"url\":\"https:\\\/\\\/www.omcsae.com\\\/\",\"logo\":{\"@type\":\"ImageObject\",\"inLanguage\":\"en-GB\",\"@id\":\"https:\\\/\\\/www.omcsae.com\\\/#\\\/schema\\\/logo\\\/image\\\/\",\"url\":\"https:\\\/\\\/www.omcsae.com\\\/wp-content\\\/uploads\\\/2020\\\/09\\\/OMC_Logo-transparent-e1646645548126.png\",\"contentUrl\":\"https:\\\/\\\/www.omcsae.com\\\/wp-content\\\/uploads\\\/2020\\\/09\\\/OMC_Logo-transparent-e1646645548126.png\",\"width\":303,\"height\":351,\"caption\":\"OMC SAE: distribuidor de maquinaria, consumibles y equipos para imprentas\"},\"image\":{\"@id\":\"https:\\\/\\\/www.omcsae.com\\\/#\\\/schema\\\/logo\\\/image\\\/\"}}]}<\/script>\n<!-- \/ Yoast SEO plugin. -->","yoast_head_json":{"title":"Tyref AquaPlus 1,15-1,35 acrylic offset varnish plate | OMC SAE","description":"Discover our catalogue of varnishing plates for graphic arts printing machines on our OMC SAE website.","robots":{"index":"index","follow":"follow","max-snippet":"max-snippet:-1","max-image-preview":"max-image-preview:large","max-video-preview":"max-video-preview:-1"},"canonical":"https:\/\/www.omcsae.com\/en\/products\/plate-varnish-offset-acrylic-tire-aquaplus-115-135\/","og_locale":"en_GB","og_type":"article","og_title":"Plancha barniz offset acr\u00edlico Tyref AquaPlus 1,15-1,35 | OMC SAE","og_description":"Descubre nuestro cat\u00e1logo de planchas de barnizado para m\u00e1quinas de impresi\u00f3n de artes gr\u00e1ficas en nuestra web OMC SAE.","og_url":"https:\/\/www.omcsae.com\/en\/products\/plate-varnish-offset-acrylic-tire-aquaplus-115-135\/","og_site_name":"OMC sae","article_modified_time":"2022-02-23T16:06:07+00:00","og_image":[{"width":2560,"height":2560,"url":"https:\/\/www.omcsae.com\/wp-content\/uploads\/2021\/03\/Aquapluscorte-scaled.jpg","type":"image\/jpeg"}],"twitter_card":"summary_large_image","twitter_misc":{"Estimated reading time":"1 minute"},"schema":{"@context":"https:\/\/schema.org","@graph":[{"@type":"WebPage","@id":"https:\/\/www.omcsae.com\/en\/producto\/plate-varnish-offset-acrylic-tire-aquaplus-115-135\/","url":"https:\/\/www.omcsae.com\/en\/producto\/plate-varnish-offset-acrylic-tire-aquaplus-115-135\/","name":"Tyref AquaPlus 1,15-1,35 acrylic offset varnish plate | OMC SAE","isPartOf":{"@id":"https:\/\/www.omcsae.com\/#website"},"primaryImageOfPage":{"@id":"https:\/\/www.omcsae.com\/en\/producto\/plate-varnish-offset-acrylic-tire-aquaplus-115-135\/#primaryimage"},"image":{"@id":"https:\/\/www.omcsae.com\/en\/producto\/plate-varnish-offset-acrylic-tire-aquaplus-115-135\/#primaryimage"},"thumbnailUrl":"https:\/\/www.omcsae.com\/wp-content\/uploads\/2021\/03\/Aquapluscorte-scaled.jpg","datePublished":"2021-03-18T20:09:19+00:00","dateModified":"2022-02-23T16:06:07+00:00","description":"Discover our catalogue of varnishing plates for graphic arts printing machines on our OMC SAE website.","breadcrumb":{"@id":"https:\/\/www.omcsae.com\/en\/producto\/plate-varnish-offset-acrylic-tire-aquaplus-115-135\/#breadcrumb"},"inLanguage":"en-GB","potentialAction":[{"@type":"ReadAction","target":["https:\/\/www.omcsae.com\/en\/producto\/plate-varnish-offset-acrylic-tire-aquaplus-115-135\/"]}]},{"@type":"ImageObject","inLanguage":"en-GB","@id":"https:\/\/www.omcsae.com\/en\/producto\/plate-varnish-offset-acrylic-tire-aquaplus-115-135\/#primaryimage","url":"https:\/\/www.omcsae.com\/wp-content\/uploads\/2021\/03\/Aquapluscorte-scaled.jpg","contentUrl":"https:\/\/www.omcsae.com\/wp-content\/uploads\/2021\/03\/Aquapluscorte-scaled.jpg","width":2560,"height":2560},{"@type":"BreadcrumbList","@id":"https:\/\/www.omcsae.com\/en\/producto\/plate-varnish-offset-acrylic-tire-aquaplus-115-135\/#breadcrumb","itemListElement":[{"@type":"ListItem","position":1,"name":"Portada","item":"https:\/\/www.omcsae.com\/"},{"@type":"ListItem","position":2,"name":"Productos","item":"https:\/\/www.omcsae.com\/shop\/"},{"@type":"ListItem","position":3,"name":"Plancha para torre de barniz offset acr\u00edlico\/UV &#8211; Tyref AquaPlus 1,15-1,35mm"}]},{"@type":"WebSite","@id":"https:\/\/www.omcsae.com\/#website","url":"https:\/\/www.omcsae.com\/","name":"OMC sae","description":"Distributor of machinery, consumables and equipment for printing, graphic arts","publisher":{"@id":"https:\/\/www.omcsae.com\/#organization"},"potentialAction":[{"@type":"SearchAction","target":{"@type":"EntryPoint","urlTemplate":"https:\/\/www.omcsae.com\/?s={search_term_string}"},"query-input":{"@type":"PropertyValueSpecification","valueRequired":true,"valueName":"search_term_string"}}],"inLanguage":"en-GB"},{"@type":"Organization","@id":"https:\/\/www.omcsae.com\/#organization","name":"OMC SAE: distributor of machinery, consumables and equipment for the printing industry","url":"https:\/\/www.omcsae.com\/","logo":{"@type":"ImageObject","inLanguage":"en-GB","@id":"https:\/\/www.omcsae.com\/#\/schema\/logo\/image\/","url":"https:\/\/www.omcsae.com\/wp-content\/uploads\/2020\/09\/OMC_Logo-transparent-e1646645548126.png","contentUrl":"https:\/\/www.omcsae.com\/wp-content\/uploads\/2020\/09\/OMC_Logo-transparent-e1646645548126.png","width":303,"height":351,"caption":"OMC SAE: distribuidor de maquinaria, consumibles y equipos para imprentas"},"image":{"@id":"https:\/\/www.omcsae.com\/#\/schema\/logo\/image\/"}}]}},"_links":{"self":[{"href":"https:\/\/www.omcsae.com\/en\/wp-json\/wp\/v2\/product\/2862","targetHints":{"allow":["GET"]}}],"collection":[{"href":"https:\/\/www.omcsae.com\/en\/wp-json\/wp\/v2\/product"}],"about":[{"href":"https:\/\/www.omcsae.com\/en\/wp-json\/wp\/v2\/types\/product"}],"wp:featuredmedia":[{"embeddable":true,"href":"https:\/\/www.omcsae.com\/en\/wp-json\/wp\/v2\/media\/5780"}],"wp:attachment":[{"href":"https:\/\/www.omcsae.com\/en\/wp-json\/wp\/v2\/media?parent=2862"}],"wp:term":[{"taxonomy":"product_cat","embeddable":true,"href":"https:\/\/www.omcsae.com\/en\/wp-json\/wp\/v2\/product_cat?post=2862"},{"taxonomy":"product_tag","embeddable":true,"href":"https:\/\/www.omcsae.com\/en\/wp-json\/wp\/v2\/product_tag?post=2862"}],"curies":[{"name":"wp","href":"https:\/\/api.w.org\/{rel}","templated":true}]}}