{"id":2870,"date":"2021-03-18T20:09:19","date_gmt":"2021-03-18T20:09:19","guid":{"rendered":"http:\/\/omcsae.com.mialias.net\/producto\/valiani-omnia-plotter-de-corte-con-alimentador-automatico-valiani-omnia\/"},"modified":"2023-02-14T10:34:03","modified_gmt":"2023-02-14T10:34:03","slug":"valiani-omnia-cutting-plotter-with-automatic-feeder-2","status":"publish","type":"product","link":"https:\/\/www.omcsae.com\/en\/products\/valiani-omnia-cutting-plotter-with-automatic-feeder-2\/","title":{"rendered":"Cutting plotter with automatic feeder \u2013 VALIANI OMNIA"},"content":{"rendered":"<p>Cutting table with automatic feeder<\/p>\n<p>INCREASE PRODUCTION CAPACITY<\/p>\n<p>The oversized feeder and suction system automatically load materials onto the cutting table. Automatic crop mark detection allows for a hands-free cutting process and a status indicator will notify the operator that the feeder has been reduced to the minimum quantity so that it can be recharged.<\/p>\n<p>QR CODE MODE<\/p>\n<p>The QR code function improves workflow. The camera quickly detects the code, accumulates the cut files in the software and executes each project, eliminating the cut lists.<\/p>\n<p>AVERAGE SPEED PER SHEET<\/p>\n<p>Average speed per sheet is calculated at 45 seconds when cutting A3 + sheets and a medium complexity package design.<\/p>\n<p>Applications and use<br \/>\n\u2022 Packaging<br \/>\n\u2022 Labels<br \/>\n\u2022 Business cards<br \/>\n\u2022 Catalogs<br \/>\n\u2022 Signage<br \/>\n\u2022 Postpress digital printing<\/p>\n<p>Highlights<br \/>\n\u2022 Continuous loading and processing of sheets of paper<br \/>\n\u2022 High capacity feeder<br \/>\n\u2022 Perfect cut and crease in any material<br \/>\n\u2022 Camera and software to ensure accurate graphics alignment.<br \/>\n\u2022 Simplified workflow<br \/>\n\u2022 Brushless motor<br \/>\n\u2022 Cut up to 10 mm<\/p>","protected":false},"excerpt":{"rendered":"<p>Omnia has been designed to automatically feed and contour the material to be cut and \/ or creased.<\/p>\n<p>The operator can load material up to 60cm x 80cm in size. Omnia will feed the material to the cutter arm using a suction system that lifts the material from the feeder and drags it onto the conveyor.<\/p>\n<p>Feeder holds up to 500 sheets, depending on thickness. Once in position, the camera will detect crop marks and execute the crop file for the pre-printed graphics. Full sheets fall into the collection tray.<\/p>\n<p>The software can control multiple workflow options, including cut files from various graphic design programs, QR code mode, and non-printed material.<br \/>\nOmnia is perfect for cardboard cutting projects, including packaging, business cards and kiss-cutting.<\/p>\n<p>With its robust design, it can also process heavy material such as corrugated cardboard, boards and thin plastic sheets.<\/p>","protected":false},"featured_media":6920,"template":"","meta":[],"product_cat":[684,643],"product_tag":[],"class_list":{"0":"post-2870","1":"product","2":"type-product","3":"status-publish","4":"has-post-thumbnail","6":"product_cat-plotters","7":"product_cat-postimpresion","8":"pa_marca-valiani","9":"pa_sectores-packaging","11":"first","12":"instock","13":"product-type-simple"},"yoast_head":"<!-- This site is optimized with the Yoast SEO plugin v27.4 - https:\/\/yoast.com\/product\/yoast-seo-wordpress\/ -->\n<title>VALIANI OMNIA -Plotter de corte con alimentador autom\u00e1tico | OMC SAE<\/title>\n<meta name=\"description\" content=\"Descubre nuestro cat\u00e1logo en Plotter para m\u00e1quinas de impresi\u00f3n, Postimpresi\u00f3n y artes gr\u00e1ficas. Consulta m\u00e1s sobre VALIANI OMNIA -Plotter de corte con alimentador autom\u00e1tico Valiani Omnia en nuestra web OMC SAE.\" \/>\n<meta name=\"robots\" content=\"index, follow, max-snippet:-1, max-image-preview:large, max-video-preview:-1\" \/>\n<link rel=\"canonical\" href=\"https:\/\/www.omcsae.com\/en\/products\/valiani-omnia-cutting-plotter-with-automatic-feeder-2\/\" \/>\n<meta property=\"og:locale\" content=\"en_GB\" \/>\n<meta property=\"og:type\" content=\"article\" \/>\n<meta property=\"og:title\" content=\"VALIANI OMNIA -Plotter de corte con alimentador autom\u00e1tico | OMC SAE\" \/>\n<meta property=\"og:description\" content=\"Descubre nuestro cat\u00e1logo en Plotter para m\u00e1quinas de impresi\u00f3n, Postimpresi\u00f3n y artes gr\u00e1ficas. Consulta m\u00e1s sobre VALIANI OMNIA -Plotter de corte con alimentador autom\u00e1tico Valiani Omnia en nuestra web OMC SAE.\" \/>\n<meta property=\"og:url\" content=\"https:\/\/www.omcsae.com\/en\/products\/valiani-omnia-cutting-plotter-with-automatic-feeder-2\/\" \/>\n<meta property=\"og:site_name\" content=\"OMC sae\" \/>\n<meta property=\"article:modified_time\" content=\"2023-02-14T10:34:03+00:00\" \/>\n<meta property=\"og:image\" content=\"https:\/\/www.omcsae.com\/wp-content\/uploads\/2021\/03\/Plotter-de-corte-con-alimentador-automa\u0301tico-Valiani-Omnia_4.png\" \/>\n\t<meta property=\"og:image:width\" content=\"906\" \/>\n\t<meta property=\"og:image:height\" content=\"906\" \/>\n\t<meta property=\"og:image:type\" content=\"image\/png\" \/>\n<meta name=\"twitter:card\" content=\"summary_large_image\" \/>\n<meta name=\"twitter:label1\" content=\"Estimated reading time\" \/>\n\t<meta name=\"twitter:data1\" content=\"1 minute\" \/>\n<script type=\"application\/ld+json\" class=\"yoast-schema-graph\">{\"@context\":\"https:\\\/\\\/schema.org\",\"@graph\":[{\"@type\":\"WebPage\",\"@id\":\"https:\\\/\\\/www.omcsae.com\\\/producto\\\/valiani-omnia-plotter-de-corte-con-alimentador-automatico\\\/\",\"url\":\"https:\\\/\\\/www.omcsae.com\\\/producto\\\/valiani-omnia-plotter-de-corte-con-alimentador-automatico\\\/\",\"name\":\"VALIANI OMNIA -Plotter de corte con alimentador autom\u00e1tico | OMC SAE\",\"isPartOf\":{\"@id\":\"https:\\\/\\\/www.omcsae.com\\\/#website\"},\"primaryImageOfPage\":{\"@id\":\"https:\\\/\\\/www.omcsae.com\\\/producto\\\/valiani-omnia-plotter-de-corte-con-alimentador-automatico\\\/#primaryimage\"},\"image\":{\"@id\":\"https:\\\/\\\/www.omcsae.com\\\/producto\\\/valiani-omnia-plotter-de-corte-con-alimentador-automatico\\\/#primaryimage\"},\"thumbnailUrl\":\"https:\\\/\\\/www.omcsae.com\\\/wp-content\\\/uploads\\\/2021\\\/03\\\/Plotter-de-corte-con-alimentador-automa\u0301tico-Valiani-Omnia_4.png\",\"datePublished\":\"2021-03-18T20:09:19+00:00\",\"dateModified\":\"2023-02-14T10:34:03+00:00\",\"description\":\"Descubre nuestro cat\u00e1logo en Plotter para m\u00e1quinas de impresi\u00f3n, Postimpresi\u00f3n y artes gr\u00e1ficas. Consulta m\u00e1s sobre VALIANI OMNIA -Plotter de corte con alimentador autom\u00e1tico Valiani Omnia en nuestra web OMC SAE.\",\"breadcrumb\":{\"@id\":\"https:\\\/\\\/www.omcsae.com\\\/producto\\\/valiani-omnia-plotter-de-corte-con-alimentador-automatico\\\/#breadcrumb\"},\"inLanguage\":\"en-GB\",\"potentialAction\":[{\"@type\":\"ReadAction\",\"target\":[\"https:\\\/\\\/www.omcsae.com\\\/producto\\\/valiani-omnia-plotter-de-corte-con-alimentador-automatico\\\/\"]}]},{\"@type\":\"ImageObject\",\"inLanguage\":\"en-GB\",\"@id\":\"https:\\\/\\\/www.omcsae.com\\\/producto\\\/valiani-omnia-plotter-de-corte-con-alimentador-automatico\\\/#primaryimage\",\"url\":\"https:\\\/\\\/www.omcsae.com\\\/wp-content\\\/uploads\\\/2021\\\/03\\\/Plotter-de-corte-con-alimentador-automa\u0301tico-Valiani-Omnia_4.png\",\"contentUrl\":\"https:\\\/\\\/www.omcsae.com\\\/wp-content\\\/uploads\\\/2021\\\/03\\\/Plotter-de-corte-con-alimentador-automa\u0301tico-Valiani-Omnia_4.png\",\"width\":906,\"height\":906},{\"@type\":\"BreadcrumbList\",\"@id\":\"https:\\\/\\\/www.omcsae.com\\\/producto\\\/valiani-omnia-plotter-de-corte-con-alimentador-automatico\\\/#breadcrumb\",\"itemListElement\":[{\"@type\":\"ListItem\",\"position\":1,\"name\":\"Portada\",\"item\":\"https:\\\/\\\/www.omcsae.com\\\/\"},{\"@type\":\"ListItem\",\"position\":2,\"name\":\"Productos\",\"item\":\"https:\\\/\\\/www.omcsae.com\\\/shop\\\/\"},{\"@type\":\"ListItem\",\"position\":3,\"name\":\"Plotter de corte con alimentador autom\u00e1tico &#8211; VALIANI OMNIA\"}]},{\"@type\":\"WebSite\",\"@id\":\"https:\\\/\\\/www.omcsae.com\\\/#website\",\"url\":\"https:\\\/\\\/www.omcsae.com\\\/\",\"name\":\"OMC sae\",\"description\":\"Distribuidor de maquinaria, consumibles y equipos para imprentas, artes gr\u00e1ficas\",\"publisher\":{\"@id\":\"https:\\\/\\\/www.omcsae.com\\\/#organization\"},\"potentialAction\":[{\"@type\":\"SearchAction\",\"target\":{\"@type\":\"EntryPoint\",\"urlTemplate\":\"https:\\\/\\\/www.omcsae.com\\\/?s={search_term_string}\"},\"query-input\":{\"@type\":\"PropertyValueSpecification\",\"valueRequired\":true,\"valueName\":\"search_term_string\"}}],\"inLanguage\":\"en-GB\"},{\"@type\":\"Organization\",\"@id\":\"https:\\\/\\\/www.omcsae.com\\\/#organization\",\"name\":\"OMC SAE: distribuidor de maquinaria, consumibles y equipos para imprentas\",\"url\":\"https:\\\/\\\/www.omcsae.com\\\/\",\"logo\":{\"@type\":\"ImageObject\",\"inLanguage\":\"en-GB\",\"@id\":\"https:\\\/\\\/www.omcsae.com\\\/#\\\/schema\\\/logo\\\/image\\\/\",\"url\":\"https:\\\/\\\/www.omcsae.com\\\/wp-content\\\/uploads\\\/2020\\\/09\\\/OMC_Logo-transparent-e1646645548126.png\",\"contentUrl\":\"https:\\\/\\\/www.omcsae.com\\\/wp-content\\\/uploads\\\/2020\\\/09\\\/OMC_Logo-transparent-e1646645548126.png\",\"width\":303,\"height\":351,\"caption\":\"OMC SAE: distribuidor de maquinaria, consumibles y equipos para imprentas\"},\"image\":{\"@id\":\"https:\\\/\\\/www.omcsae.com\\\/#\\\/schema\\\/logo\\\/image\\\/\"}}]}<\/script>\n<!-- \/ Yoast SEO plugin. -->","yoast_head_json":{"title":"VALIANI OMNIA -Cutter plotter with automatic feeder | OMC SAE","description":"Discover our catalog in Plotter for printing machines, Postpress and graphic arts. Consult more about VALIANI OMNIA -Valiani Omnia automatic feeder cutting plotter on our OMC SAE website.","robots":{"index":"index","follow":"follow","max-snippet":"max-snippet:-1","max-image-preview":"max-image-preview:large","max-video-preview":"max-video-preview:-1"},"canonical":"https:\/\/www.omcsae.com\/en\/products\/valiani-omnia-cutting-plotter-with-automatic-feeder-2\/","og_locale":"en_GB","og_type":"article","og_title":"VALIANI OMNIA -Plotter de corte con alimentador autom\u00e1tico | OMC SAE","og_description":"Descubre nuestro cat\u00e1logo en Plotter para m\u00e1quinas de impresi\u00f3n, Postimpresi\u00f3n y artes gr\u00e1ficas. Consulta m\u00e1s sobre VALIANI OMNIA -Plotter de corte con alimentador autom\u00e1tico Valiani Omnia en nuestra web OMC SAE.","og_url":"https:\/\/www.omcsae.com\/en\/products\/valiani-omnia-cutting-plotter-with-automatic-feeder-2\/","og_site_name":"OMC sae","article_modified_time":"2023-02-14T10:34:03+00:00","og_image":[{"width":906,"height":906,"url":"https:\/\/www.omcsae.com\/wp-content\/uploads\/2021\/03\/Plotter-de-corte-con-alimentador-automa\u0301tico-Valiani-Omnia_4.png","type":"image\/png"}],"twitter_card":"summary_large_image","twitter_misc":{"Estimated reading time":"1 minute"},"schema":{"@context":"https:\/\/schema.org","@graph":[{"@type":"WebPage","@id":"https:\/\/www.omcsae.com\/producto\/valiani-omnia-plotter-de-corte-con-alimentador-automatico\/","url":"https:\/\/www.omcsae.com\/producto\/valiani-omnia-plotter-de-corte-con-alimentador-automatico\/","name":"VALIANI OMNIA -Cutter plotter with automatic feeder | OMC SAE","isPartOf":{"@id":"https:\/\/www.omcsae.com\/#website"},"primaryImageOfPage":{"@id":"https:\/\/www.omcsae.com\/producto\/valiani-omnia-plotter-de-corte-con-alimentador-automatico\/#primaryimage"},"image":{"@id":"https:\/\/www.omcsae.com\/producto\/valiani-omnia-plotter-de-corte-con-alimentador-automatico\/#primaryimage"},"thumbnailUrl":"https:\/\/www.omcsae.com\/wp-content\/uploads\/2021\/03\/Plotter-de-corte-con-alimentador-automa\u0301tico-Valiani-Omnia_4.png","datePublished":"2021-03-18T20:09:19+00:00","dateModified":"2023-02-14T10:34:03+00:00","description":"Discover our catalog in Plotter for printing machines, Postpress and graphic arts. Consult more about VALIANI OMNIA -Valiani Omnia automatic feeder cutting plotter on our OMC SAE website.","breadcrumb":{"@id":"https:\/\/www.omcsae.com\/producto\/valiani-omnia-plotter-de-corte-con-alimentador-automatico\/#breadcrumb"},"inLanguage":"en-GB","potentialAction":[{"@type":"ReadAction","target":["https:\/\/www.omcsae.com\/producto\/valiani-omnia-plotter-de-corte-con-alimentador-automatico\/"]}]},{"@type":"ImageObject","inLanguage":"en-GB","@id":"https:\/\/www.omcsae.com\/producto\/valiani-omnia-plotter-de-corte-con-alimentador-automatico\/#primaryimage","url":"https:\/\/www.omcsae.com\/wp-content\/uploads\/2021\/03\/Plotter-de-corte-con-alimentador-automa\u0301tico-Valiani-Omnia_4.png","contentUrl":"https:\/\/www.omcsae.com\/wp-content\/uploads\/2021\/03\/Plotter-de-corte-con-alimentador-automa\u0301tico-Valiani-Omnia_4.png","width":906,"height":906},{"@type":"BreadcrumbList","@id":"https:\/\/www.omcsae.com\/producto\/valiani-omnia-plotter-de-corte-con-alimentador-automatico\/#breadcrumb","itemListElement":[{"@type":"ListItem","position":1,"name":"Portada","item":"https:\/\/www.omcsae.com\/"},{"@type":"ListItem","position":2,"name":"Productos","item":"https:\/\/www.omcsae.com\/shop\/"},{"@type":"ListItem","position":3,"name":"Plotter de corte con alimentador autom\u00e1tico &#8211; VALIANI OMNIA"}]},{"@type":"WebSite","@id":"https:\/\/www.omcsae.com\/#website","url":"https:\/\/www.omcsae.com\/","name":"OMC sae","description":"Distributor of machinery, consumables and equipment for printing, graphic arts","publisher":{"@id":"https:\/\/www.omcsae.com\/#organization"},"potentialAction":[{"@type":"SearchAction","target":{"@type":"EntryPoint","urlTemplate":"https:\/\/www.omcsae.com\/?s={search_term_string}"},"query-input":{"@type":"PropertyValueSpecification","valueRequired":true,"valueName":"search_term_string"}}],"inLanguage":"en-GB"},{"@type":"Organization","@id":"https:\/\/www.omcsae.com\/#organization","name":"OMC SAE: distributor of machinery, consumables and equipment for the printing industry","url":"https:\/\/www.omcsae.com\/","logo":{"@type":"ImageObject","inLanguage":"en-GB","@id":"https:\/\/www.omcsae.com\/#\/schema\/logo\/image\/","url":"https:\/\/www.omcsae.com\/wp-content\/uploads\/2020\/09\/OMC_Logo-transparent-e1646645548126.png","contentUrl":"https:\/\/www.omcsae.com\/wp-content\/uploads\/2020\/09\/OMC_Logo-transparent-e1646645548126.png","width":303,"height":351,"caption":"OMC SAE: distribuidor de maquinaria, consumibles y equipos para imprentas"},"image":{"@id":"https:\/\/www.omcsae.com\/#\/schema\/logo\/image\/"}}]}},"_links":{"self":[{"href":"https:\/\/www.omcsae.com\/en\/wp-json\/wp\/v2\/product\/2870","targetHints":{"allow":["GET"]}}],"collection":[{"href":"https:\/\/www.omcsae.com\/en\/wp-json\/wp\/v2\/product"}],"about":[{"href":"https:\/\/www.omcsae.com\/en\/wp-json\/wp\/v2\/types\/product"}],"wp:featuredmedia":[{"embeddable":true,"href":"https:\/\/www.omcsae.com\/en\/wp-json\/wp\/v2\/media\/6920"}],"wp:attachment":[{"href":"https:\/\/www.omcsae.com\/en\/wp-json\/wp\/v2\/media?parent=2870"}],"wp:term":[{"taxonomy":"product_cat","embeddable":true,"href":"https:\/\/www.omcsae.com\/en\/wp-json\/wp\/v2\/product_cat?post=2870"},{"taxonomy":"product_tag","embeddable":true,"href":"https:\/\/www.omcsae.com\/en\/wp-json\/wp\/v2\/product_tag?post=2870"}],"curies":[{"name":"wp","href":"https:\/\/api.w.org\/{rel}","templated":true}]}}