{"id":2871,"date":"2021-03-18T20:09:19","date_gmt":"2021-03-18T20:09:19","guid":{"rendered":"http:\/\/omcsae.com.mialias.net\/producto\/valiani-optima-v80-plotter-de-corte-para-packaging\/"},"modified":"2022-03-29T10:49:48","modified_gmt":"2022-03-29T10:49:48","slug":"valiani-optima-v80-cutting-plotter-for-packaging","status":"publish","type":"product","link":"https:\/\/www.omcsae.com\/en\/products\/valiani-optima-v80-cutting-plotter-for-packaging\/","title":{"rendered":"Cutting plotter for packaging \u2013 VALIANI \u00d3PTIMA V80"},"content":{"rendered":"<p>EXCELLENCE AT HIGH SPEED<br \/>\nDue to its advanced design and first-class components, the Maximus is remarkably versatile and flexible to handle any cutting requirement at the highest speed in this class of machines.<\/p>\n<p>TRIPLE TOOLS<br \/>\nIn addition to the excellent cutting performance, the biggest advantage of the system is the fact that the machine is equipped with 2 independent cutting heads plus a permanent drawing tool (optional).<\/p>\n<p>REGISTRATION BY BRAND DETECTION<\/p>\n<p>Precise contour cutting by automatically detecting registration marks in digitally produced images. It works with manual 1st mark detection, 4-point positioning, reverse detection, and multiple copies.<\/p>\n<p>BE CREATIVE<br \/>\nThe oscillating cutting blade, available for the entire \u00d3ptima series, allows a depth of cut of up to 2cm.<\/p>\n<p>It is a profitable investment with an ROI of less than 1 year and has an average life of more than 20 years with minimal maintenance costs.<br \/>\nOptimal is a cutting system equipped with two independent tool holders and a fixed support for pen plotting, allowing you to minimize downtime associated with tool changes. Your work will be easier, faster and of superior quality.<br \/>\nIt is characterized by extreme versatility, which allows it to be used with a wide range of materials and cut up to 20mm thick. It is a vacuum flatbed plotter for die cutting, the ideal machine to combine with a printer to start producing internal prototypes or to manage short \/ medium runs.<\/p>\n<p>Applications<br \/>\nCardboard - Folding<br \/>\nCorrugated cardboard<br \/>\nFoamcore up to 20mm<br \/>\nMultilayer cardboard - \u201cPasee-partout\u201d<br \/>\nFrom thin to thick cardboard<br \/>\nBlankets or offset rubbers<br \/>\nVarnishing plates<br \/>\nPolymers<br \/>\nVinyl<br \/>\nPVC<br \/>\nConservation or archive boxes<br \/>\nIntegrated shapes and text<\/p>","protected":false},"excerpt":{"rendered":"<p>Valiani's Optima series ensures a wide range of finishing processes such as cutting and creasing, which meets the demands of different markets.<\/p>\n<p>It is the ideal die-cutting solution in the printing and packaging industries. Accuracy, reliability and flexibility are the key features.<\/p>\n<p>Optima is Valiani's latest and most advanced electronic cutting plotter for professional and industrial users and environments.<\/p>\n<p>It is our best-selling machine: a precise, efficient and flexible cutting machine for framing. Robust and reliable, it is a cutting system for any kind of production volume that will never let you down.<\/p>\n<p>It is aimed at medium and medium-high volume production companies that require robust and reliable equipment.<\/p>\n<p>Equipped with two independent heads, one for cutting and the other for creasing, and a fixed &quot;pen&quot;. Thanks to its double \/ triple head system, tool change downtime is kept to a minimum. It is ideal for large workflow projects. This combination translates into production of very high capacity and versatility by being able to work with all 3 heads simultaneously.<\/p>\n<p>Ideal solution for medium production cutting and \/ or creasing of samples, prototypes ... in practically all types of materials and supports (cardboard, corrugated, vinyl, PVC ...).<br \/>\nExcellent for the preparation (cutting) of reserves in polymers, rubbers or blankets and offset varnishing plates.<\/p>","protected":false},"featured_media":3062,"template":"","meta":[],"product_cat":[684,643],"product_tag":[],"class_list":{"0":"post-2871","1":"product","2":"type-product","3":"status-publish","4":"has-post-thumbnail","6":"product_cat-plotters","7":"product_cat-postimpresion","8":"pa_marca-valiani","9":"pa_sectores-packaging","11":"first","12":"instock","13":"product-type-simple"},"yoast_head":"<!-- This site is optimized with the Yoast SEO plugin v27.3 - https:\/\/yoast.com\/product\/yoast-seo-wordpress\/ -->\n<title>VALIANI \u00d3PTIMA V80- Plotter de corte para packaging | OMC SAE<\/title>\n<meta name=\"description\" content=\"Descubre nuestro cat\u00e1logo en Plotter para m\u00e1quinas de impresi\u00f3n, Postimpresi\u00f3n y artes gr\u00e1ficas. Consulta m\u00e1s sobre VALIANI \u00d3PTIMA V80- Plotter de corte para packaging en nuestra web OMC SAE.\" \/>\n<meta name=\"robots\" content=\"index, follow, max-snippet:-1, max-image-preview:large, max-video-preview:-1\" \/>\n<link rel=\"canonical\" href=\"https:\/\/www.omcsae.com\/en\/products\/valiani-optima-v80-cutting-plotter-for-packaging\/\" \/>\n<meta property=\"og:locale\" content=\"en_GB\" \/>\n<meta property=\"og:type\" content=\"article\" \/>\n<meta property=\"og:title\" content=\"VALIANI \u00d3PTIMA V80- Plotter de corte para packaging | OMC SAE\" \/>\n<meta property=\"og:description\" content=\"Descubre nuestro cat\u00e1logo en Plotter para m\u00e1quinas de impresi\u00f3n, Postimpresi\u00f3n y artes gr\u00e1ficas. Consulta m\u00e1s sobre VALIANI \u00d3PTIMA V80- Plotter de corte para packaging en nuestra web OMC SAE.\" \/>\n<meta property=\"og:url\" content=\"https:\/\/www.omcsae.com\/en\/products\/valiani-optima-v80-cutting-plotter-for-packaging\/\" \/>\n<meta property=\"og:site_name\" content=\"OMC sae\" \/>\n<meta property=\"article:modified_time\" content=\"2022-03-29T10:49:48+00:00\" \/>\n<meta property=\"og:image\" content=\"https:\/\/www.omcsae.com\/wp-content\/uploads\/2021\/03\/Plotter-de-corte-Valiani-O\u0301ptima_3.jpg\" \/>\n\t<meta property=\"og:image:width\" content=\"720\" \/>\n\t<meta property=\"og:image:height\" content=\"1080\" \/>\n\t<meta property=\"og:image:type\" content=\"image\/jpeg\" \/>\n<meta name=\"twitter:card\" content=\"summary_large_image\" \/>\n<meta name=\"twitter:label1\" content=\"Estimated reading time\" \/>\n\t<meta name=\"twitter:data1\" content=\"2 minutes\" \/>\n<script type=\"application\/ld+json\" class=\"yoast-schema-graph\">{\"@context\":\"https:\\\/\\\/schema.org\",\"@graph\":[{\"@type\":\"WebPage\",\"@id\":\"https:\\\/\\\/www.omcsae.com\\\/producto\\\/valiani-optima-v80-plotter-de-corte-para-packaging\\\/\",\"url\":\"https:\\\/\\\/www.omcsae.com\\\/producto\\\/valiani-optima-v80-plotter-de-corte-para-packaging\\\/\",\"name\":\"VALIANI \u00d3PTIMA V80- Plotter de corte para packaging | OMC SAE\",\"isPartOf\":{\"@id\":\"https:\\\/\\\/www.omcsae.com\\\/#website\"},\"primaryImageOfPage\":{\"@id\":\"https:\\\/\\\/www.omcsae.com\\\/producto\\\/valiani-optima-v80-plotter-de-corte-para-packaging\\\/#primaryimage\"},\"image\":{\"@id\":\"https:\\\/\\\/www.omcsae.com\\\/producto\\\/valiani-optima-v80-plotter-de-corte-para-packaging\\\/#primaryimage\"},\"thumbnailUrl\":\"https:\\\/\\\/www.omcsae.com\\\/wp-content\\\/uploads\\\/2021\\\/03\\\/Plotter-de-corte-Valiani-O\u0301ptima_3.jpg\",\"datePublished\":\"2021-03-18T20:09:19+00:00\",\"dateModified\":\"2022-03-29T10:49:48+00:00\",\"description\":\"Descubre nuestro cat\u00e1logo en Plotter para m\u00e1quinas de impresi\u00f3n, Postimpresi\u00f3n y artes gr\u00e1ficas. Consulta m\u00e1s sobre VALIANI \u00d3PTIMA V80- Plotter de corte para packaging en nuestra web OMC SAE.\",\"breadcrumb\":{\"@id\":\"https:\\\/\\\/www.omcsae.com\\\/producto\\\/valiani-optima-v80-plotter-de-corte-para-packaging\\\/#breadcrumb\"},\"inLanguage\":\"en-GB\",\"potentialAction\":[{\"@type\":\"ReadAction\",\"target\":[\"https:\\\/\\\/www.omcsae.com\\\/producto\\\/valiani-optima-v80-plotter-de-corte-para-packaging\\\/\"]}]},{\"@type\":\"ImageObject\",\"inLanguage\":\"en-GB\",\"@id\":\"https:\\\/\\\/www.omcsae.com\\\/producto\\\/valiani-optima-v80-plotter-de-corte-para-packaging\\\/#primaryimage\",\"url\":\"https:\\\/\\\/www.omcsae.com\\\/wp-content\\\/uploads\\\/2021\\\/03\\\/Plotter-de-corte-Valiani-O\u0301ptima_3.jpg\",\"contentUrl\":\"https:\\\/\\\/www.omcsae.com\\\/wp-content\\\/uploads\\\/2021\\\/03\\\/Plotter-de-corte-Valiani-O\u0301ptima_3.jpg\",\"width\":720,\"height\":1080,\"caption\":\"Plotter de corte Valiani Optima V160\"},{\"@type\":\"BreadcrumbList\",\"@id\":\"https:\\\/\\\/www.omcsae.com\\\/producto\\\/valiani-optima-v80-plotter-de-corte-para-packaging\\\/#breadcrumb\",\"itemListElement\":[{\"@type\":\"ListItem\",\"position\":1,\"name\":\"Portada\",\"item\":\"https:\\\/\\\/www.omcsae.com\\\/\"},{\"@type\":\"ListItem\",\"position\":2,\"name\":\"Productos\",\"item\":\"https:\\\/\\\/www.omcsae.com\\\/shop\\\/\"},{\"@type\":\"ListItem\",\"position\":3,\"name\":\"Plotter de corte para packaging &#8211; VALIANI \u00d3PTIMA V80\"}]},{\"@type\":\"WebSite\",\"@id\":\"https:\\\/\\\/www.omcsae.com\\\/#website\",\"url\":\"https:\\\/\\\/www.omcsae.com\\\/\",\"name\":\"OMC sae\",\"description\":\"Distribuidor de maquinaria, consumibles y equipos para imprentas, artes gr\u00e1ficas\",\"publisher\":{\"@id\":\"https:\\\/\\\/www.omcsae.com\\\/#organization\"},\"potentialAction\":[{\"@type\":\"SearchAction\",\"target\":{\"@type\":\"EntryPoint\",\"urlTemplate\":\"https:\\\/\\\/www.omcsae.com\\\/?s={search_term_string}\"},\"query-input\":{\"@type\":\"PropertyValueSpecification\",\"valueRequired\":true,\"valueName\":\"search_term_string\"}}],\"inLanguage\":\"en-GB\"},{\"@type\":\"Organization\",\"@id\":\"https:\\\/\\\/www.omcsae.com\\\/#organization\",\"name\":\"OMC SAE: distribuidor de maquinaria, consumibles y equipos para imprentas\",\"url\":\"https:\\\/\\\/www.omcsae.com\\\/\",\"logo\":{\"@type\":\"ImageObject\",\"inLanguage\":\"en-GB\",\"@id\":\"https:\\\/\\\/www.omcsae.com\\\/#\\\/schema\\\/logo\\\/image\\\/\",\"url\":\"https:\\\/\\\/www.omcsae.com\\\/wp-content\\\/uploads\\\/2020\\\/09\\\/OMC_Logo-transparent-e1646645548126.png\",\"contentUrl\":\"https:\\\/\\\/www.omcsae.com\\\/wp-content\\\/uploads\\\/2020\\\/09\\\/OMC_Logo-transparent-e1646645548126.png\",\"width\":303,\"height\":351,\"caption\":\"OMC SAE: distribuidor de maquinaria, consumibles y equipos para imprentas\"},\"image\":{\"@id\":\"https:\\\/\\\/www.omcsae.com\\\/#\\\/schema\\\/logo\\\/image\\\/\"}}]}<\/script>\n<!-- \/ Yoast SEO plugin. -->","yoast_head_json":{"title":"VALIANI \u00d3PTIMA V80- Cutting plotter for packaging | OMC SAE","description":"Discover our catalog in Plotter for printing machines, Postpress and graphic arts. Consult more about VALIANI OPTIMA V80- Cutting plotter for packaging on our OMC SAE website.","robots":{"index":"index","follow":"follow","max-snippet":"max-snippet:-1","max-image-preview":"max-image-preview:large","max-video-preview":"max-video-preview:-1"},"canonical":"https:\/\/www.omcsae.com\/en\/products\/valiani-optima-v80-cutting-plotter-for-packaging\/","og_locale":"en_GB","og_type":"article","og_title":"VALIANI \u00d3PTIMA V80- Plotter de corte para packaging | OMC SAE","og_description":"Descubre nuestro cat\u00e1logo en Plotter para m\u00e1quinas de impresi\u00f3n, Postimpresi\u00f3n y artes gr\u00e1ficas. Consulta m\u00e1s sobre VALIANI \u00d3PTIMA V80- Plotter de corte para packaging en nuestra web OMC SAE.","og_url":"https:\/\/www.omcsae.com\/en\/products\/valiani-optima-v80-cutting-plotter-for-packaging\/","og_site_name":"OMC sae","article_modified_time":"2022-03-29T10:49:48+00:00","og_image":[{"width":720,"height":1080,"url":"https:\/\/www.omcsae.com\/wp-content\/uploads\/2021\/03\/Plotter-de-corte-Valiani-O\u0301ptima_3.jpg","type":"image\/jpeg"}],"twitter_card":"summary_large_image","twitter_misc":{"Estimated reading time":"2 minutes"},"schema":{"@context":"https:\/\/schema.org","@graph":[{"@type":"WebPage","@id":"https:\/\/www.omcsae.com\/producto\/valiani-optima-v80-plotter-de-corte-para-packaging\/","url":"https:\/\/www.omcsae.com\/producto\/valiani-optima-v80-plotter-de-corte-para-packaging\/","name":"VALIANI \u00d3PTIMA V80- Cutting plotter for packaging | OMC SAE","isPartOf":{"@id":"https:\/\/www.omcsae.com\/#website"},"primaryImageOfPage":{"@id":"https:\/\/www.omcsae.com\/producto\/valiani-optima-v80-plotter-de-corte-para-packaging\/#primaryimage"},"image":{"@id":"https:\/\/www.omcsae.com\/producto\/valiani-optima-v80-plotter-de-corte-para-packaging\/#primaryimage"},"thumbnailUrl":"https:\/\/www.omcsae.com\/wp-content\/uploads\/2021\/03\/Plotter-de-corte-Valiani-O\u0301ptima_3.jpg","datePublished":"2021-03-18T20:09:19+00:00","dateModified":"2022-03-29T10:49:48+00:00","description":"Discover our catalog in Plotter for printing machines, Postpress and graphic arts. Consult more about VALIANI OPTIMA V80- Cutting plotter for packaging on our OMC SAE website.","breadcrumb":{"@id":"https:\/\/www.omcsae.com\/producto\/valiani-optima-v80-plotter-de-corte-para-packaging\/#breadcrumb"},"inLanguage":"en-GB","potentialAction":[{"@type":"ReadAction","target":["https:\/\/www.omcsae.com\/producto\/valiani-optima-v80-plotter-de-corte-para-packaging\/"]}]},{"@type":"ImageObject","inLanguage":"en-GB","@id":"https:\/\/www.omcsae.com\/producto\/valiani-optima-v80-plotter-de-corte-para-packaging\/#primaryimage","url":"https:\/\/www.omcsae.com\/wp-content\/uploads\/2021\/03\/Plotter-de-corte-Valiani-O\u0301ptima_3.jpg","contentUrl":"https:\/\/www.omcsae.com\/wp-content\/uploads\/2021\/03\/Plotter-de-corte-Valiani-O\u0301ptima_3.jpg","width":720,"height":1080,"caption":"Plotter de corte Valiani Optima V160"},{"@type":"BreadcrumbList","@id":"https:\/\/www.omcsae.com\/producto\/valiani-optima-v80-plotter-de-corte-para-packaging\/#breadcrumb","itemListElement":[{"@type":"ListItem","position":1,"name":"Portada","item":"https:\/\/www.omcsae.com\/"},{"@type":"ListItem","position":2,"name":"Productos","item":"https:\/\/www.omcsae.com\/shop\/"},{"@type":"ListItem","position":3,"name":"Plotter de corte para packaging &#8211; VALIANI \u00d3PTIMA V80"}]},{"@type":"WebSite","@id":"https:\/\/www.omcsae.com\/#website","url":"https:\/\/www.omcsae.com\/","name":"OMC sae","description":"Distributor of machinery, consumables and equipment for printing, graphic arts","publisher":{"@id":"https:\/\/www.omcsae.com\/#organization"},"potentialAction":[{"@type":"SearchAction","target":{"@type":"EntryPoint","urlTemplate":"https:\/\/www.omcsae.com\/?s={search_term_string}"},"query-input":{"@type":"PropertyValueSpecification","valueRequired":true,"valueName":"search_term_string"}}],"inLanguage":"en-GB"},{"@type":"Organization","@id":"https:\/\/www.omcsae.com\/#organization","name":"OMC SAE: distributor of machinery, consumables and equipment for the printing industry","url":"https:\/\/www.omcsae.com\/","logo":{"@type":"ImageObject","inLanguage":"en-GB","@id":"https:\/\/www.omcsae.com\/#\/schema\/logo\/image\/","url":"https:\/\/www.omcsae.com\/wp-content\/uploads\/2020\/09\/OMC_Logo-transparent-e1646645548126.png","contentUrl":"https:\/\/www.omcsae.com\/wp-content\/uploads\/2020\/09\/OMC_Logo-transparent-e1646645548126.png","width":303,"height":351,"caption":"OMC SAE: distribuidor de maquinaria, consumibles y equipos para imprentas"},"image":{"@id":"https:\/\/www.omcsae.com\/#\/schema\/logo\/image\/"}}]}},"_links":{"self":[{"href":"https:\/\/www.omcsae.com\/en\/wp-json\/wp\/v2\/product\/2871","targetHints":{"allow":["GET"]}}],"collection":[{"href":"https:\/\/www.omcsae.com\/en\/wp-json\/wp\/v2\/product"}],"about":[{"href":"https:\/\/www.omcsae.com\/en\/wp-json\/wp\/v2\/types\/product"}],"wp:featuredmedia":[{"embeddable":true,"href":"https:\/\/www.omcsae.com\/en\/wp-json\/wp\/v2\/media\/3062"}],"wp:attachment":[{"href":"https:\/\/www.omcsae.com\/en\/wp-json\/wp\/v2\/media?parent=2871"}],"wp:term":[{"taxonomy":"product_cat","embeddable":true,"href":"https:\/\/www.omcsae.com\/en\/wp-json\/wp\/v2\/product_cat?post=2871"},{"taxonomy":"product_tag","embeddable":true,"href":"https:\/\/www.omcsae.com\/en\/wp-json\/wp\/v2\/product_tag?post=2871"}],"curies":[{"name":"wp","href":"https:\/\/api.w.org\/{rel}","templated":true}]}}