{"id":2878,"date":"2021-03-18T20:09:30","date_gmt":"2021-03-18T20:09:30","guid":{"rendered":"http:\/\/omcsae.com.mialias.net\/producto\/multifuncion-color-a3-sharp-bp-20c20\/"},"modified":"2021-03-30T10:35:32","modified_gmt":"2021-03-30T10:35:32","slug":"multifunction-color-a3-sharp-bp-20c20","status":"publish","type":"product","link":"https:\/\/www.omcsae.com\/en\/products\/multifunction-color-a3-sharp-bp-20c20\/","title":{"rendered":"Sharp BP-20C20 A3 Color Multifunction"},"content":{"rendered":"<p>\u2022 Printer, copier, scanner and fax<br \/>\n\u2022 Pages per minute: 20 color and monochrome<br \/>\n\u2022 Paper capacity: 350 standard sheets and 1,850 maximum sheets<br \/>\n\u2022 4 \u2033 5-line monochrome LCD panel<br \/>\n\u2022 Reversible feeder with 100-sheet capacity and 37 ipm speed<br \/>\n\u2022 Color network scanner with multiple scan destinations<br \/>\n\u2022 Front USB port allows printing and scanning to USB devices<br \/>\n\u2022 WiFi option allows easy access to mobile devices<\/p>","protected":false},"excerpt":{"rendered":"<p>The new model BP-20C20 allows you to complete daily tasks quickly, easily and all with much more style.<br \/>\nWhether you need to print, copy, scan or fax, this A3 color MFP is compatible with the small office environment, easy to use and manage.<br \/>\nThe cubic design and small footprint (one of the smallest A3 color devices on the market) means it can fit anywhere and its two-tone color scheme will enhance the look in your office.<br \/>\nA USB port on the front of the device allows documents to be printed or scanned to a USB drive. The optional Wi-Fi adapter, you can connect this MFP to any device, to be able to print or scan directly from your smartphone, tablet or PC with AirPrint, Google Cloud Print or the Sharpdesk Mobile application.<br \/>\nDigitizing and sharing information is quick and simple. Documents can also be scanned in full color at 37ipm speed through the 100-sheet capacity RSPF feeder to multiple destinations.<br \/>\nTo save time and effort, the BP-20C20 lets you copy the front and back of business cards onto one page at the touch of a button, and automatically rotate and collate multi-page documents.<br \/>\nThe BP-20C20 has a copy speed of 20 ppm and a standard paper capacity of 350 sheets, which can be expanded to 1,850 sheets. The 4 \u2033 and 5-line LCD control panel can be tilted for easy viewing and the status indicator lights allow you to check machine and job status, even from a distance.<br \/>\nLike all Sharp multifunction devices, the BP-20C20 includes a range of security features designed to protect your documents, such as user \/ device authentication and advanced network encryption.<\/p>","protected":false},"featured_media":2879,"template":"","meta":[],"product_cat":[15],"product_tag":[],"class_list":{"0":"post-2878","1":"product","2":"type-product","3":"status-publish","4":"has-post-thumbnail","6":"product_cat-sin-categorizar","8":"first","9":"instock","10":"product-type-simple"},"yoast_head":"<!-- This site is optimized with the Yoast SEO plugin v27.5 - https:\/\/yoast.com\/product\/yoast-seo-wordpress\/ -->\n<title>Multifunci\u00f3n color A3 Sharp BP-20C20 | OMC SAE<\/title>\n<meta name=\"description\" content=\"Descubre nuestro cat\u00e1logo en para m\u00e1quinas de impresi\u00f3n, y artes gr\u00e1ficas. Consulta m\u00e1s sobre Multifunci\u00f3n color A3 Sharp BP-20C20 en nuestra web OMC SAE.\" \/>\n<meta name=\"robots\" content=\"index, follow, max-snippet:-1, max-image-preview:large, max-video-preview:-1\" \/>\n<link rel=\"canonical\" href=\"https:\/\/www.omcsae.com\/en\/products\/multifunction-color-a3-sharp-bp-20c20\/\" \/>\n<meta property=\"og:locale\" content=\"en_GB\" \/>\n<meta property=\"og:type\" content=\"article\" \/>\n<meta property=\"og:title\" content=\"Multifunci\u00f3n color A3 Sharp BP-20C20 | OMC SAE\" \/>\n<meta property=\"og:description\" content=\"Descubre nuestro cat\u00e1logo en para m\u00e1quinas de impresi\u00f3n, y artes gr\u00e1ficas. Consulta m\u00e1s sobre Multifunci\u00f3n color A3 Sharp BP-20C20 en nuestra web OMC SAE.\" \/>\n<meta property=\"og:url\" content=\"https:\/\/www.omcsae.com\/en\/products\/multifunction-color-a3-sharp-bp-20c20\/\" \/>\n<meta property=\"og:site_name\" content=\"OMC sae\" \/>\n<meta property=\"article:modified_time\" content=\"2021-03-30T10:35:32+00:00\" \/>\n<meta property=\"og:image\" content=\"https:\/\/www.omcsae.com\/wp-content\/uploads\/2021\/03\/Sharp-Multifuncion-color-A3-Sharp-BP-20C20.jpg\" \/>\n\t<meta property=\"og:image:width\" content=\"1080\" \/>\n\t<meta property=\"og:image:height\" content=\"500\" \/>\n\t<meta property=\"og:image:type\" content=\"image\/jpeg\" \/>\n<meta name=\"twitter:card\" content=\"summary_large_image\" \/>\n<script type=\"application\/ld+json\" class=\"yoast-schema-graph\">{\"@context\":\"https:\\\/\\\/schema.org\",\"@graph\":[{\"@type\":\"WebPage\",\"@id\":\"https:\\\/\\\/www.omcsae.com\\\/producto\\\/multifuncion-color-a3-sharp-bp-20c20\\\/\",\"url\":\"https:\\\/\\\/www.omcsae.com\\\/producto\\\/multifuncion-color-a3-sharp-bp-20c20\\\/\",\"name\":\"Multifunci\u00f3n color A3 Sharp BP-20C20 | OMC SAE\",\"isPartOf\":{\"@id\":\"https:\\\/\\\/www.omcsae.com\\\/#website\"},\"primaryImageOfPage\":{\"@id\":\"https:\\\/\\\/www.omcsae.com\\\/producto\\\/multifuncion-color-a3-sharp-bp-20c20\\\/#primaryimage\"},\"image\":{\"@id\":\"https:\\\/\\\/www.omcsae.com\\\/producto\\\/multifuncion-color-a3-sharp-bp-20c20\\\/#primaryimage\"},\"thumbnailUrl\":\"https:\\\/\\\/www.omcsae.com\\\/wp-content\\\/uploads\\\/2021\\\/03\\\/Sharp-Multifuncion-color-A3-Sharp-BP-20C20.jpg\",\"datePublished\":\"2021-03-18T20:09:30+00:00\",\"dateModified\":\"2021-03-30T10:35:32+00:00\",\"description\":\"Descubre nuestro cat\u00e1logo en para m\u00e1quinas de impresi\u00f3n, y artes gr\u00e1ficas. Consulta m\u00e1s sobre Multifunci\u00f3n color A3 Sharp BP-20C20 en nuestra web OMC SAE.\",\"breadcrumb\":{\"@id\":\"https:\\\/\\\/www.omcsae.com\\\/producto\\\/multifuncion-color-a3-sharp-bp-20c20\\\/#breadcrumb\"},\"inLanguage\":\"en-GB\",\"potentialAction\":[{\"@type\":\"ReadAction\",\"target\":[\"https:\\\/\\\/www.omcsae.com\\\/producto\\\/multifuncion-color-a3-sharp-bp-20c20\\\/\"]}]},{\"@type\":\"ImageObject\",\"inLanguage\":\"en-GB\",\"@id\":\"https:\\\/\\\/www.omcsae.com\\\/producto\\\/multifuncion-color-a3-sharp-bp-20c20\\\/#primaryimage\",\"url\":\"https:\\\/\\\/www.omcsae.com\\\/wp-content\\\/uploads\\\/2021\\\/03\\\/Sharp-Multifuncion-color-A3-Sharp-BP-20C20.jpg\",\"contentUrl\":\"https:\\\/\\\/www.omcsae.com\\\/wp-content\\\/uploads\\\/2021\\\/03\\\/Sharp-Multifuncion-color-A3-Sharp-BP-20C20.jpg\",\"width\":1080,\"height\":500,\"caption\":\"Impresi\u00f3n para oficina Multifunci\u00f3n color A3 Sharp BP-20C20\"},{\"@type\":\"BreadcrumbList\",\"@id\":\"https:\\\/\\\/www.omcsae.com\\\/producto\\\/multifuncion-color-a3-sharp-bp-20c20\\\/#breadcrumb\",\"itemListElement\":[{\"@type\":\"ListItem\",\"position\":1,\"name\":\"Portada\",\"item\":\"https:\\\/\\\/www.omcsae.com\\\/\"},{\"@type\":\"ListItem\",\"position\":2,\"name\":\"Productos\",\"item\":\"https:\\\/\\\/www.omcsae.com\\\/shop\\\/\"},{\"@type\":\"ListItem\",\"position\":3,\"name\":\"Multifunci\u00f3n color A3 Sharp BP-20C20\"}]},{\"@type\":\"WebSite\",\"@id\":\"https:\\\/\\\/www.omcsae.com\\\/#website\",\"url\":\"https:\\\/\\\/www.omcsae.com\\\/\",\"name\":\"OMC sae\",\"description\":\"Distribuidor de maquinaria, consumibles y equipos para imprentas, artes gr\u00e1ficas\",\"publisher\":{\"@id\":\"https:\\\/\\\/www.omcsae.com\\\/#organization\"},\"potentialAction\":[{\"@type\":\"SearchAction\",\"target\":{\"@type\":\"EntryPoint\",\"urlTemplate\":\"https:\\\/\\\/www.omcsae.com\\\/?s={search_term_string}\"},\"query-input\":{\"@type\":\"PropertyValueSpecification\",\"valueRequired\":true,\"valueName\":\"search_term_string\"}}],\"inLanguage\":\"en-GB\"},{\"@type\":\"Organization\",\"@id\":\"https:\\\/\\\/www.omcsae.com\\\/#organization\",\"name\":\"OMC SAE: distribuidor de maquinaria, consumibles y equipos para imprentas\",\"url\":\"https:\\\/\\\/www.omcsae.com\\\/\",\"logo\":{\"@type\":\"ImageObject\",\"inLanguage\":\"en-GB\",\"@id\":\"https:\\\/\\\/www.omcsae.com\\\/#\\\/schema\\\/logo\\\/image\\\/\",\"url\":\"https:\\\/\\\/www.omcsae.com\\\/wp-content\\\/uploads\\\/2020\\\/09\\\/OMC_Logo-transparent-e1646645548126.png\",\"contentUrl\":\"https:\\\/\\\/www.omcsae.com\\\/wp-content\\\/uploads\\\/2020\\\/09\\\/OMC_Logo-transparent-e1646645548126.png\",\"width\":303,\"height\":351,\"caption\":\"OMC SAE: distribuidor de maquinaria, consumibles y equipos para imprentas\"},\"image\":{\"@id\":\"https:\\\/\\\/www.omcsae.com\\\/#\\\/schema\\\/logo\\\/image\\\/\"}}]}<\/script>\n<!-- \/ Yoast SEO plugin. -->","yoast_head_json":{"title":"Sharp BP-20C20 A3 Color Multifunction | OMC SAE","description":"Discover our catalog in for printing machines, and graphic arts. Consult more about A3 Sharp BP-20C20 color multifunction on our OMC SAE website.","robots":{"index":"index","follow":"follow","max-snippet":"max-snippet:-1","max-image-preview":"max-image-preview:large","max-video-preview":"max-video-preview:-1"},"canonical":"https:\/\/www.omcsae.com\/en\/products\/multifunction-color-a3-sharp-bp-20c20\/","og_locale":"en_GB","og_type":"article","og_title":"Multifunci\u00f3n color A3 Sharp BP-20C20 | OMC SAE","og_description":"Descubre nuestro cat\u00e1logo en para m\u00e1quinas de impresi\u00f3n, y artes gr\u00e1ficas. Consulta m\u00e1s sobre Multifunci\u00f3n color A3 Sharp BP-20C20 en nuestra web OMC SAE.","og_url":"https:\/\/www.omcsae.com\/en\/products\/multifunction-color-a3-sharp-bp-20c20\/","og_site_name":"OMC sae","article_modified_time":"2021-03-30T10:35:32+00:00","og_image":[{"width":1080,"height":500,"url":"https:\/\/www.omcsae.com\/wp-content\/uploads\/2021\/03\/Sharp-Multifuncion-color-A3-Sharp-BP-20C20.jpg","type":"image\/jpeg"}],"twitter_card":"summary_large_image","schema":{"@context":"https:\/\/schema.org","@graph":[{"@type":"WebPage","@id":"https:\/\/www.omcsae.com\/producto\/multifuncion-color-a3-sharp-bp-20c20\/","url":"https:\/\/www.omcsae.com\/producto\/multifuncion-color-a3-sharp-bp-20c20\/","name":"Sharp BP-20C20 A3 Color Multifunction | OMC SAE","isPartOf":{"@id":"https:\/\/www.omcsae.com\/#website"},"primaryImageOfPage":{"@id":"https:\/\/www.omcsae.com\/producto\/multifuncion-color-a3-sharp-bp-20c20\/#primaryimage"},"image":{"@id":"https:\/\/www.omcsae.com\/producto\/multifuncion-color-a3-sharp-bp-20c20\/#primaryimage"},"thumbnailUrl":"https:\/\/www.omcsae.com\/wp-content\/uploads\/2021\/03\/Sharp-Multifuncion-color-A3-Sharp-BP-20C20.jpg","datePublished":"2021-03-18T20:09:30+00:00","dateModified":"2021-03-30T10:35:32+00:00","description":"Discover our catalog in for printing machines, and graphic arts. Consult more about A3 Sharp BP-20C20 color multifunction on our OMC SAE website.","breadcrumb":{"@id":"https:\/\/www.omcsae.com\/producto\/multifuncion-color-a3-sharp-bp-20c20\/#breadcrumb"},"inLanguage":"en-GB","potentialAction":[{"@type":"ReadAction","target":["https:\/\/www.omcsae.com\/producto\/multifuncion-color-a3-sharp-bp-20c20\/"]}]},{"@type":"ImageObject","inLanguage":"en-GB","@id":"https:\/\/www.omcsae.com\/producto\/multifuncion-color-a3-sharp-bp-20c20\/#primaryimage","url":"https:\/\/www.omcsae.com\/wp-content\/uploads\/2021\/03\/Sharp-Multifuncion-color-A3-Sharp-BP-20C20.jpg","contentUrl":"https:\/\/www.omcsae.com\/wp-content\/uploads\/2021\/03\/Sharp-Multifuncion-color-A3-Sharp-BP-20C20.jpg","width":1080,"height":500,"caption":"Impresi\u00f3n para oficina Multifunci\u00f3n color A3 Sharp BP-20C20"},{"@type":"BreadcrumbList","@id":"https:\/\/www.omcsae.com\/producto\/multifuncion-color-a3-sharp-bp-20c20\/#breadcrumb","itemListElement":[{"@type":"ListItem","position":1,"name":"Portada","item":"https:\/\/www.omcsae.com\/"},{"@type":"ListItem","position":2,"name":"Productos","item":"https:\/\/www.omcsae.com\/shop\/"},{"@type":"ListItem","position":3,"name":"Multifunci\u00f3n color A3 Sharp BP-20C20"}]},{"@type":"WebSite","@id":"https:\/\/www.omcsae.com\/#website","url":"https:\/\/www.omcsae.com\/","name":"OMC sae","description":"Distributor of machinery, consumables and equipment for printing, graphic arts","publisher":{"@id":"https:\/\/www.omcsae.com\/#organization"},"potentialAction":[{"@type":"SearchAction","target":{"@type":"EntryPoint","urlTemplate":"https:\/\/www.omcsae.com\/?s={search_term_string}"},"query-input":{"@type":"PropertyValueSpecification","valueRequired":true,"valueName":"search_term_string"}}],"inLanguage":"en-GB"},{"@type":"Organization","@id":"https:\/\/www.omcsae.com\/#organization","name":"OMC SAE: distributor of machinery, consumables and equipment for the printing industry","url":"https:\/\/www.omcsae.com\/","logo":{"@type":"ImageObject","inLanguage":"en-GB","@id":"https:\/\/www.omcsae.com\/#\/schema\/logo\/image\/","url":"https:\/\/www.omcsae.com\/wp-content\/uploads\/2020\/09\/OMC_Logo-transparent-e1646645548126.png","contentUrl":"https:\/\/www.omcsae.com\/wp-content\/uploads\/2020\/09\/OMC_Logo-transparent-e1646645548126.png","width":303,"height":351,"caption":"OMC SAE: distribuidor de maquinaria, consumibles y equipos para imprentas"},"image":{"@id":"https:\/\/www.omcsae.com\/#\/schema\/logo\/image\/"}}]}},"_links":{"self":[{"href":"https:\/\/www.omcsae.com\/en\/wp-json\/wp\/v2\/product\/2878","targetHints":{"allow":["GET"]}}],"collection":[{"href":"https:\/\/www.omcsae.com\/en\/wp-json\/wp\/v2\/product"}],"about":[{"href":"https:\/\/www.omcsae.com\/en\/wp-json\/wp\/v2\/types\/product"}],"wp:featuredmedia":[{"embeddable":true,"href":"https:\/\/www.omcsae.com\/en\/wp-json\/wp\/v2\/media\/2879"}],"wp:attachment":[{"href":"https:\/\/www.omcsae.com\/en\/wp-json\/wp\/v2\/media?parent=2878"}],"wp:term":[{"taxonomy":"product_cat","embeddable":true,"href":"https:\/\/www.omcsae.com\/en\/wp-json\/wp\/v2\/product_cat?post=2878"},{"taxonomy":"product_tag","embeddable":true,"href":"https:\/\/www.omcsae.com\/en\/wp-json\/wp\/v2\/product_tag?post=2878"}],"curies":[{"name":"wp","href":"https:\/\/api.w.org\/{rel}","templated":true}]}}