{"id":2881,"date":"2021-03-18T20:09:30","date_gmt":"2021-03-18T20:09:30","guid":{"rendered":"http:\/\/omcsae.com.mialias.net\/producto\/multifuncion-color-a3-sharp-bp-30c25\/"},"modified":"2021-03-31T10:04:26","modified_gmt":"2021-03-31T10:04:26","slug":"multifunction-color-a3-sharp-bp-30c25","status":"publish","type":"product","link":"https:\/\/www.omcsae.com\/en\/products\/multifunction-color-a3-sharp-bp-30c25\/","title":{"rendered":"A3 Sharp BP-30C25 Color Multifunction"},"content":{"rendered":"<p>\u2022 Printer, copier, scanner and fax<br \/>\n\u2022 Pages per minute: 25 color and monochrome<br \/>\n\u2022 Paper capacity: 350 standard sheets and 1,850 maximum sheets<br \/>\n\u2022 7-inch LCD touch screen with Easy UI mode provides easy and intuitive operation<br \/>\n\u2022 Store documents ready to print from any network compatible MFP using Print Release<br \/>\n\u2022 Optional single sign-on allows easy access to public cloud storage services<br \/>\n\u2022 Optional direct printing of Microsoft\u00ae Office files from USB<br \/>\n\u2022 Advanced data protection and access control with SSL validation and whitelisting<\/p>","protected":false},"excerpt":{"rendered":"<p>The BP-30C25 is an A3 color device that offers customizable features for connected equipment. This compact all-in-one printer has enhanced security features and superior functionality that allows flexible work and allows you to complete daily tasks quickly and easily; all with much more style.<br \/>\nIts unique cubic frame and smallest A3 footprint in its class make it fit almost anywhere, and its two-tone color scheme will enhance the look of any workspace.<br \/>\nA tiltable 7 \u2033 color LCD touch screen that allows you to drag and drop frequently used icons for easy home screen customization. Daily operation is simple and intuitive; just tap, tap, pinch and spread or swipe to instantly access all features, functions and settings, including an advanced preview function.<br \/>\nThe BP-30C25 has an output speed of 25 ppm in color and black and white, a standard paper capacity of 350 sheets that can be expanded up to 1,850 sheets and is compatible with a wide variety of media (up to A3W and 256 gsm).<br \/>\nA 600 x 600 dpi print resolution and our automatic process control and developer update system will ensure consistent high image quality.<br \/>\nA built-in 100-sheet reversible single-pass feeder makes digitizing and sharing information quick and easy. Documents can be scanned in full color at up to 52 ipm and saved to multiple destinations, all of which help increase efficiency and productivity.<br \/>\nSharp&#039;s latest energy saving technology includes fast warm-up time, low power consumption and low TEC value that aims to save money and support your environmental goals. In addition, the automatic toner cartridge eject feature ensures that all toner has been used up, thus saving resources.<br \/>\nThe BP-30C25 takes care of security so you can take care of business. A range of robust security features keep your data and network safe, including intrusion detection, access control, and data encryption, as well as a self-healing firmware system, SSL certificate validation, and an execution whitelist. of programs.<br \/>\nSupport for a secondary LAN (optional) provides simultaneous support for two networks, while the print release function allows users to send and store documents to a primary MFP, which acts as a server, allowing print jobs to be released securely on up to five network-ready connected devices. Optional workflow enhancement features include Single Sign-On cloud connectivity, mobile connectivity via Wi-Fi, USB direct printing of MS Office files, and Optical Character Recognition.<\/p>","protected":false},"featured_media":2882,"template":"","meta":[],"product_cat":[15],"product_tag":[],"class_list":{"0":"post-2881","1":"product","2":"type-product","3":"status-publish","4":"has-post-thumbnail","6":"product_cat-sin-categorizar","8":"first","9":"instock","10":"product-type-simple"},"yoast_head":"<!-- This site is optimized with the Yoast SEO plugin v27.5 - https:\/\/yoast.com\/product\/yoast-seo-wordpress\/ -->\n<title>Multifunci\u00f3n color A3 Sharp BP-30C25 | OMC SAE<\/title>\n<meta name=\"description\" content=\"Descubre nuestro cat\u00e1logo en para m\u00e1quinas de impresi\u00f3n, y artes gr\u00e1ficas. Consulta m\u00e1s sobre Multifunci\u00f3n color A3 Sharp BP-30C25 en nuestra web OMC SAE.\" \/>\n<meta name=\"robots\" content=\"index, follow, max-snippet:-1, max-image-preview:large, max-video-preview:-1\" \/>\n<link rel=\"canonical\" href=\"https:\/\/www.omcsae.com\/en\/products\/multifunction-color-a3-sharp-bp-30c25\/\" \/>\n<meta property=\"og:locale\" content=\"en_GB\" \/>\n<meta property=\"og:type\" content=\"article\" \/>\n<meta property=\"og:title\" content=\"Multifunci\u00f3n color A3 Sharp BP-30C25 | OMC SAE\" \/>\n<meta property=\"og:description\" content=\"Descubre nuestro cat\u00e1logo en para m\u00e1quinas de impresi\u00f3n, y artes gr\u00e1ficas. Consulta m\u00e1s sobre Multifunci\u00f3n color A3 Sharp BP-30C25 en nuestra web OMC SAE.\" \/>\n<meta property=\"og:url\" content=\"https:\/\/www.omcsae.com\/en\/products\/multifunction-color-a3-sharp-bp-30c25\/\" \/>\n<meta property=\"og:site_name\" content=\"OMC sae\" \/>\n<meta property=\"article:modified_time\" content=\"2021-03-31T10:04:26+00:00\" \/>\n<meta property=\"og:image\" content=\"https:\/\/www.omcsae.com\/wp-content\/uploads\/2021\/03\/Sharp-Multifuncion-color-A3-Sharp-BP-30C25.jpg\" \/>\n\t<meta property=\"og:image:width\" content=\"1080\" \/>\n\t<meta property=\"og:image:height\" content=\"500\" \/>\n\t<meta property=\"og:image:type\" content=\"image\/jpeg\" \/>\n<meta name=\"twitter:card\" content=\"summary_large_image\" \/>\n<meta name=\"twitter:label1\" content=\"Estimated reading time\" \/>\n\t<meta name=\"twitter:data1\" content=\"1 minute\" \/>\n<script type=\"application\/ld+json\" class=\"yoast-schema-graph\">{\"@context\":\"https:\\\/\\\/schema.org\",\"@graph\":[{\"@type\":\"WebPage\",\"@id\":\"https:\\\/\\\/www.omcsae.com\\\/producto\\\/multifuncion-color-a3-sharp-bp-30c25\\\/\",\"url\":\"https:\\\/\\\/www.omcsae.com\\\/producto\\\/multifuncion-color-a3-sharp-bp-30c25\\\/\",\"name\":\"Multifunci\u00f3n color A3 Sharp BP-30C25 | OMC SAE\",\"isPartOf\":{\"@id\":\"https:\\\/\\\/www.omcsae.com\\\/#website\"},\"primaryImageOfPage\":{\"@id\":\"https:\\\/\\\/www.omcsae.com\\\/producto\\\/multifuncion-color-a3-sharp-bp-30c25\\\/#primaryimage\"},\"image\":{\"@id\":\"https:\\\/\\\/www.omcsae.com\\\/producto\\\/multifuncion-color-a3-sharp-bp-30c25\\\/#primaryimage\"},\"thumbnailUrl\":\"https:\\\/\\\/www.omcsae.com\\\/wp-content\\\/uploads\\\/2021\\\/03\\\/Sharp-Multifuncion-color-A3-Sharp-BP-30C25.jpg\",\"datePublished\":\"2021-03-18T20:09:30+00:00\",\"dateModified\":\"2021-03-31T10:04:26+00:00\",\"description\":\"Descubre nuestro cat\u00e1logo en para m\u00e1quinas de impresi\u00f3n, y artes gr\u00e1ficas. Consulta m\u00e1s sobre Multifunci\u00f3n color A3 Sharp BP-30C25 en nuestra web OMC SAE.\",\"breadcrumb\":{\"@id\":\"https:\\\/\\\/www.omcsae.com\\\/producto\\\/multifuncion-color-a3-sharp-bp-30c25\\\/#breadcrumb\"},\"inLanguage\":\"en-GB\",\"potentialAction\":[{\"@type\":\"ReadAction\",\"target\":[\"https:\\\/\\\/www.omcsae.com\\\/producto\\\/multifuncion-color-a3-sharp-bp-30c25\\\/\"]}]},{\"@type\":\"ImageObject\",\"inLanguage\":\"en-GB\",\"@id\":\"https:\\\/\\\/www.omcsae.com\\\/producto\\\/multifuncion-color-a3-sharp-bp-30c25\\\/#primaryimage\",\"url\":\"https:\\\/\\\/www.omcsae.com\\\/wp-content\\\/uploads\\\/2021\\\/03\\\/Sharp-Multifuncion-color-A3-Sharp-BP-30C25.jpg\",\"contentUrl\":\"https:\\\/\\\/www.omcsae.com\\\/wp-content\\\/uploads\\\/2021\\\/03\\\/Sharp-Multifuncion-color-A3-Sharp-BP-30C25.jpg\",\"width\":1080,\"height\":500,\"caption\":\"Impresi\u00f3n para oficina Multifunci\u00f3n color A3 Sharp BP-30C25\"},{\"@type\":\"BreadcrumbList\",\"@id\":\"https:\\\/\\\/www.omcsae.com\\\/producto\\\/multifuncion-color-a3-sharp-bp-30c25\\\/#breadcrumb\",\"itemListElement\":[{\"@type\":\"ListItem\",\"position\":1,\"name\":\"Portada\",\"item\":\"https:\\\/\\\/www.omcsae.com\\\/\"},{\"@type\":\"ListItem\",\"position\":2,\"name\":\"Productos\",\"item\":\"https:\\\/\\\/www.omcsae.com\\\/shop\\\/\"},{\"@type\":\"ListItem\",\"position\":3,\"name\":\"Multifunci\u00f3n color A3 Sharp BP-30C25\"}]},{\"@type\":\"WebSite\",\"@id\":\"https:\\\/\\\/www.omcsae.com\\\/#website\",\"url\":\"https:\\\/\\\/www.omcsae.com\\\/\",\"name\":\"OMC sae\",\"description\":\"Distribuidor de maquinaria, consumibles y equipos para imprentas, artes gr\u00e1ficas\",\"publisher\":{\"@id\":\"https:\\\/\\\/www.omcsae.com\\\/#organization\"},\"potentialAction\":[{\"@type\":\"SearchAction\",\"target\":{\"@type\":\"EntryPoint\",\"urlTemplate\":\"https:\\\/\\\/www.omcsae.com\\\/?s={search_term_string}\"},\"query-input\":{\"@type\":\"PropertyValueSpecification\",\"valueRequired\":true,\"valueName\":\"search_term_string\"}}],\"inLanguage\":\"en-GB\"},{\"@type\":\"Organization\",\"@id\":\"https:\\\/\\\/www.omcsae.com\\\/#organization\",\"name\":\"OMC SAE: distribuidor de maquinaria, consumibles y equipos para imprentas\",\"url\":\"https:\\\/\\\/www.omcsae.com\\\/\",\"logo\":{\"@type\":\"ImageObject\",\"inLanguage\":\"en-GB\",\"@id\":\"https:\\\/\\\/www.omcsae.com\\\/#\\\/schema\\\/logo\\\/image\\\/\",\"url\":\"https:\\\/\\\/www.omcsae.com\\\/wp-content\\\/uploads\\\/2020\\\/09\\\/OMC_Logo-transparent-e1646645548126.png\",\"contentUrl\":\"https:\\\/\\\/www.omcsae.com\\\/wp-content\\\/uploads\\\/2020\\\/09\\\/OMC_Logo-transparent-e1646645548126.png\",\"width\":303,\"height\":351,\"caption\":\"OMC SAE: distribuidor de maquinaria, consumibles y equipos para imprentas\"},\"image\":{\"@id\":\"https:\\\/\\\/www.omcsae.com\\\/#\\\/schema\\\/logo\\\/image\\\/\"}}]}<\/script>\n<!-- \/ Yoast SEO plugin. -->","yoast_head_json":{"title":"Color Multifunction A3 Sharp BP-30C25 | OMC SAE","description":"Discover our catalog in for printing machines, and graphic arts. Consult more about A3 Sharp BP-30C25 color multifunction on our OMC SAE website.","robots":{"index":"index","follow":"follow","max-snippet":"max-snippet:-1","max-image-preview":"max-image-preview:large","max-video-preview":"max-video-preview:-1"},"canonical":"https:\/\/www.omcsae.com\/en\/products\/multifunction-color-a3-sharp-bp-30c25\/","og_locale":"en_GB","og_type":"article","og_title":"Multifunci\u00f3n color A3 Sharp BP-30C25 | OMC SAE","og_description":"Descubre nuestro cat\u00e1logo en para m\u00e1quinas de impresi\u00f3n, y artes gr\u00e1ficas. Consulta m\u00e1s sobre Multifunci\u00f3n color A3 Sharp BP-30C25 en nuestra web OMC SAE.","og_url":"https:\/\/www.omcsae.com\/en\/products\/multifunction-color-a3-sharp-bp-30c25\/","og_site_name":"OMC sae","article_modified_time":"2021-03-31T10:04:26+00:00","og_image":[{"width":1080,"height":500,"url":"https:\/\/www.omcsae.com\/wp-content\/uploads\/2021\/03\/Sharp-Multifuncion-color-A3-Sharp-BP-30C25.jpg","type":"image\/jpeg"}],"twitter_card":"summary_large_image","twitter_misc":{"Estimated reading time":"1 minute"},"schema":{"@context":"https:\/\/schema.org","@graph":[{"@type":"WebPage","@id":"https:\/\/www.omcsae.com\/producto\/multifuncion-color-a3-sharp-bp-30c25\/","url":"https:\/\/www.omcsae.com\/producto\/multifuncion-color-a3-sharp-bp-30c25\/","name":"Color Multifunction A3 Sharp BP-30C25 | OMC SAE","isPartOf":{"@id":"https:\/\/www.omcsae.com\/#website"},"primaryImageOfPage":{"@id":"https:\/\/www.omcsae.com\/producto\/multifuncion-color-a3-sharp-bp-30c25\/#primaryimage"},"image":{"@id":"https:\/\/www.omcsae.com\/producto\/multifuncion-color-a3-sharp-bp-30c25\/#primaryimage"},"thumbnailUrl":"https:\/\/www.omcsae.com\/wp-content\/uploads\/2021\/03\/Sharp-Multifuncion-color-A3-Sharp-BP-30C25.jpg","datePublished":"2021-03-18T20:09:30+00:00","dateModified":"2021-03-31T10:04:26+00:00","description":"Discover our catalog in for printing machines, and graphic arts. Consult more about A3 Sharp BP-30C25 color multifunction on our OMC SAE website.","breadcrumb":{"@id":"https:\/\/www.omcsae.com\/producto\/multifuncion-color-a3-sharp-bp-30c25\/#breadcrumb"},"inLanguage":"en-GB","potentialAction":[{"@type":"ReadAction","target":["https:\/\/www.omcsae.com\/producto\/multifuncion-color-a3-sharp-bp-30c25\/"]}]},{"@type":"ImageObject","inLanguage":"en-GB","@id":"https:\/\/www.omcsae.com\/producto\/multifuncion-color-a3-sharp-bp-30c25\/#primaryimage","url":"https:\/\/www.omcsae.com\/wp-content\/uploads\/2021\/03\/Sharp-Multifuncion-color-A3-Sharp-BP-30C25.jpg","contentUrl":"https:\/\/www.omcsae.com\/wp-content\/uploads\/2021\/03\/Sharp-Multifuncion-color-A3-Sharp-BP-30C25.jpg","width":1080,"height":500,"caption":"Impresi\u00f3n para oficina Multifunci\u00f3n color A3 Sharp BP-30C25"},{"@type":"BreadcrumbList","@id":"https:\/\/www.omcsae.com\/producto\/multifuncion-color-a3-sharp-bp-30c25\/#breadcrumb","itemListElement":[{"@type":"ListItem","position":1,"name":"Portada","item":"https:\/\/www.omcsae.com\/"},{"@type":"ListItem","position":2,"name":"Productos","item":"https:\/\/www.omcsae.com\/shop\/"},{"@type":"ListItem","position":3,"name":"Multifunci\u00f3n color A3 Sharp BP-30C25"}]},{"@type":"WebSite","@id":"https:\/\/www.omcsae.com\/#website","url":"https:\/\/www.omcsae.com\/","name":"OMC sae","description":"Distributor of machinery, consumables and equipment for printing, graphic arts","publisher":{"@id":"https:\/\/www.omcsae.com\/#organization"},"potentialAction":[{"@type":"SearchAction","target":{"@type":"EntryPoint","urlTemplate":"https:\/\/www.omcsae.com\/?s={search_term_string}"},"query-input":{"@type":"PropertyValueSpecification","valueRequired":true,"valueName":"search_term_string"}}],"inLanguage":"en-GB"},{"@type":"Organization","@id":"https:\/\/www.omcsae.com\/#organization","name":"OMC SAE: distributor of machinery, consumables and equipment for the printing industry","url":"https:\/\/www.omcsae.com\/","logo":{"@type":"ImageObject","inLanguage":"en-GB","@id":"https:\/\/www.omcsae.com\/#\/schema\/logo\/image\/","url":"https:\/\/www.omcsae.com\/wp-content\/uploads\/2020\/09\/OMC_Logo-transparent-e1646645548126.png","contentUrl":"https:\/\/www.omcsae.com\/wp-content\/uploads\/2020\/09\/OMC_Logo-transparent-e1646645548126.png","width":303,"height":351,"caption":"OMC SAE: distribuidor de maquinaria, consumibles y equipos para imprentas"},"image":{"@id":"https:\/\/www.omcsae.com\/#\/schema\/logo\/image\/"}}]}},"_links":{"self":[{"href":"https:\/\/www.omcsae.com\/en\/wp-json\/wp\/v2\/product\/2881","targetHints":{"allow":["GET"]}}],"collection":[{"href":"https:\/\/www.omcsae.com\/en\/wp-json\/wp\/v2\/product"}],"about":[{"href":"https:\/\/www.omcsae.com\/en\/wp-json\/wp\/v2\/types\/product"}],"wp:featuredmedia":[{"embeddable":true,"href":"https:\/\/www.omcsae.com\/en\/wp-json\/wp\/v2\/media\/2882"}],"wp:attachment":[{"href":"https:\/\/www.omcsae.com\/en\/wp-json\/wp\/v2\/media?parent=2881"}],"wp:term":[{"taxonomy":"product_cat","embeddable":true,"href":"https:\/\/www.omcsae.com\/en\/wp-json\/wp\/v2\/product_cat?post=2881"},{"taxonomy":"product_tag","embeddable":true,"href":"https:\/\/www.omcsae.com\/en\/wp-json\/wp\/v2\/product_tag?post=2881"}],"curies":[{"name":"wp","href":"https:\/\/api.w.org\/{rel}","templated":true}]}}