{"id":3316,"date":"2021-04-13T14:10:15","date_gmt":"2021-04-13T14:10:15","guid":{"rendered":"http:\/\/omcsae.com.mialias.net\/?post_type=product&#038;p=3316"},"modified":"2025-09-23T15:52:20","modified_gmt":"2025-09-23T15:52:20","slug":"folding-machine-mbo-k80","status":"publish","type":"product","link":"https:\/\/www.omcsae.com\/en\/products\/folding-machine-mbo-k80\/","title":{"rendered":"MBO K80 folding machine"},"content":{"rendered":"","protected":false},"excerpt":{"rendered":"<p class=\"p1\">The <span class=\"s1\"><b>MBO K80<\/b><\/span> is a <span class=\"s1\"><b>easy-to-use combination folding machine<\/b><\/span>designed for high-precision, high-performance production of medium and long runs. Ideal for manufacturing <span class=\"s1\"><b>signatures, flyers and brochures<\/b><\/span>even with complex bending patterns, guaranteeing maximum accuracy and reliability at all times.<\/p>\n<p class=\"p1\">Thanks to the integration of multiple MBO innovations, the K80 becomes an efficient, versatile and cost-effective solution for commercial printers and publishers looking to improve their finishing processes.<\/p>\n<hr \/>\n<h2><b>Standard features of the MBO K80<\/b><\/h2>\n<ul>\n<li>\n<p class=\"p1\"><b>Machine control M1 Advanced<\/b><span class=\"s1\"> for intuitive operation.<\/span><\/p>\n<\/li>\n<li>\n<p class=\"p1\"><span class=\"s1\"><b>Vacujet feeding head<\/b><\/span> in the palletised feeder for greater efficiency.<\/p>\n<\/li>\n<li>\n<p class=\"p1\"><span class=\"s1\"><b>Vivas Technology (Vacubelt and Vacutable)<\/b><\/span> which ensures stability in the feeding process.<\/p>\n<\/li>\n<li>\n<p class=\"p1\"><b>Buckle plates with oscillation deflector<\/b><span class=\"s1\"> for precise folding.<\/span><\/p>\n<\/li>\n<li>\n<p class=\"p1\"><b>Spiral folding rollers with hard PU<\/b><span class=\"s1\"> in the parallel fold.<\/span><\/p>\n<\/li>\n<li>\n<p class=\"p1\"><b>Cutter shaft cassette<\/b><span class=\"s1\"> in the parallel fold.<\/span><\/p>\n<\/li>\n<li>\n<p class=\"p1\"><span class=\"s1\"><b>RAS remote access software<\/b><\/span> for technical support and remote maintenance.<\/p>\n<\/li>\n<\/ul>\n<hr \/>\n<h2><b>Available options<\/b><\/h2>\n<p class=\"p1\">The MBO K80 can be configured with multiple options that extend its flexibility:<\/p>\n<ul>\n<li>\n<p class=\"p1\"><b>Combination buckle plates<\/b><span class=\"s1\">.<\/span><\/p>\n<\/li>\n<li>\n<p class=\"p1\"><b>Additional folding plate<\/b><span class=\"s1\">.<\/span><\/p>\n<\/li>\n<li>\n<p class=\"p1\"><b>Virotec folding rollers<\/b><span class=\"s1\"> in the parallel fold.<\/span><\/p>\n<\/li>\n<li>\n<p class=\"p1\"><b>Cutter shafts at the tri-fold<\/b><span class=\"s1\">.<\/span><\/p>\n<\/li>\n<li>\n<p class=\"p1\"><span class=\"s1\"><b>Data Manager 4.0<\/b><\/span>compatible with Industry 4.0 for digital integration.<\/p>\n<\/li>\n<\/ul>\n<hr \/>\n<h2><b>Optional automation<\/b><\/h2>\n<p class=\"p1\">To maximise efficiency and reduce set-up times, the K80 offers solutions for <span class=\"s1\"><b>advanced automation<\/b><\/span>:<\/p>\n<ul>\n<li>\n<p class=\"p1\">Plate buckle and leaf deflectors in the parallel and transverse fold.<\/p>\n<\/li>\n<li>\n<p class=\"p1\">Automation of parallel, cross and triple folding rollers.<\/p>\n<\/li>\n<li>\n<p class=\"p1\">Automation of cross and tri-fold cutting axes.<\/p>\n<\/li>\n<\/ul>\n<hr \/>\n<h2><b>Benefits of the MBO K80<\/b><\/h2>\n<ul>\n<li>\n<p class=\"p1\"><span class=\"s1\"><b>High productivity<\/b><\/span>ideal for medium and long runs.<\/p>\n<\/li>\n<li>\n<p class=\"p1\"><span class=\"s1\"><b>Versatility<\/b><\/span>supports both simple and complex folding patterns.<\/p>\n<\/li>\n<li>\n<p class=\"p1\"><span class=\"s1\"><b>Reliability<\/b><\/span>Absolute precision even at high speeds.<\/p>\n<\/li>\n<li>\n<p class=\"p1\"><span class=\"s1\"><b>Ergonomics<\/b><\/span>easy to use, with modern and intuitive controls.<\/p>\n<\/li>\n<li>\n<p class=\"p1\"><span class=\"s1\"><b>Scalability<\/b><\/span>ready for automation and integration with digital environments.<\/p>\n<\/li>\n<\/ul>\n<hr \/>\n<h2><b>Typical applications<\/b><\/h2>\n<ul>\n<li>\n<p class=\"p1\"><span class=\"s1\">Production of <\/span><b>book and magazine signings<\/b><span class=\"s1\">.<\/span><\/p>\n<\/li>\n<li>\n<p class=\"p1\"><span class=\"s1\">Manufacture of <\/span><b>flyers, brochures and advertising material<\/b><span class=\"s1\">.<\/span><\/p>\n<\/li>\n<li>\n<p class=\"p1\"><span class=\"s1\">Finishing of prints in <\/span><b>commercial printers and publishers<\/b><span class=\"s1\">.<\/span><\/p>\n<\/li>\n<li>\n<p class=\"p1\">Industrial bending processes requiring <span class=\"s1\"><b>24\/7 continuity<\/b><\/span> with minimal operator intervention.<\/p>\n<\/li>\n<\/ul>\n<hr \/>\n<p class=\"p1\"><span class=\"s1\"><b>Request a quote or a personalised demonstration of the MBO K80<\/b><\/span> and find out how to optimise your production line with MBO's bending technology.<\/p>","protected":false},"featured_media":7412,"template":"","meta":[],"product_cat":[697,643],"product_tag":[],"class_list":{"0":"post-3316","1":"product","2":"type-product","3":"status-publish","4":"has-post-thumbnail","6":"product_cat-plegadoras","7":"product_cat-postimpresion","8":"pa_marca-mbohh","9":"pa_sectores-impresion-comercial","11":"first","12":"instock","13":"product-type-simple"},"yoast_head":"<!-- This site is optimized with the Yoast SEO plugin v27.4 - https:\/\/yoast.com\/product\/yoast-seo-wordpress\/ -->\n<title>M\u00e1quina plegadora MBO K80 | OMC SAE<\/title>\n<meta name=\"description\" content=\"Descubre nuestro cat\u00e1logo en plegadoras para m\u00e1quinas de impresi\u00f3n, Postimpresi\u00f3n y artes gr\u00e1ficas. Consulta m\u00e1s sobre Plegadora MBO K80 en nuestra web OMC SAE.\" \/>\n<meta name=\"robots\" content=\"index, follow, max-snippet:-1, max-image-preview:large, max-video-preview:-1\" \/>\n<link rel=\"canonical\" href=\"https:\/\/www.omcsae.com\/en\/products\/folding-machine-mbo-k80\/\" \/>\n<meta property=\"og:locale\" content=\"en_GB\" \/>\n<meta property=\"og:type\" content=\"article\" \/>\n<meta property=\"og:title\" content=\"M\u00e1quina plegadora MBO K80 | OMC SAE\" \/>\n<meta property=\"og:description\" content=\"Descubre nuestro cat\u00e1logo en plegadoras para m\u00e1quinas de impresi\u00f3n, Postimpresi\u00f3n y artes gr\u00e1ficas. Consulta m\u00e1s sobre Plegadora MBO K80 en nuestra web OMC SAE.\" \/>\n<meta property=\"og:url\" content=\"https:\/\/www.omcsae.com\/en\/products\/folding-machine-mbo-k80\/\" \/>\n<meta property=\"og:site_name\" content=\"OMC sae\" \/>\n<meta property=\"article:modified_time\" content=\"2025-09-23T15:52:20+00:00\" \/>\n<meta property=\"og:image\" content=\"https:\/\/www.omcsae.com\/wp-content\/uploads\/2021\/04\/Datenblatt_K80_EN_web-4-scaled.png\" \/>\n\t<meta property=\"og:image:width\" content=\"2560\" \/>\n\t<meta property=\"og:image:height\" content=\"1857\" \/>\n\t<meta property=\"og:image:type\" content=\"image\/png\" \/>\n<meta name=\"twitter:card\" content=\"summary_large_image\" \/>\n<meta name=\"twitter:label1\" content=\"Estimated reading time\" \/>\n\t<meta name=\"twitter:data1\" content=\"1 minute\" \/>\n<script type=\"application\/ld+json\" class=\"yoast-schema-graph\">{\"@context\":\"https:\\\/\\\/schema.org\",\"@graph\":[{\"@type\":\"WebPage\",\"@id\":\"https:\\\/\\\/www.omcsae.com\\\/producto\\\/maquina-plegadora-mbo-k80\\\/\",\"url\":\"https:\\\/\\\/www.omcsae.com\\\/producto\\\/maquina-plegadora-mbo-k80\\\/\",\"name\":\"M\u00e1quina plegadora MBO K80 | OMC SAE\",\"isPartOf\":{\"@id\":\"https:\\\/\\\/www.omcsae.com\\\/#website\"},\"primaryImageOfPage\":{\"@id\":\"https:\\\/\\\/www.omcsae.com\\\/producto\\\/maquina-plegadora-mbo-k80\\\/#primaryimage\"},\"image\":{\"@id\":\"https:\\\/\\\/www.omcsae.com\\\/producto\\\/maquina-plegadora-mbo-k80\\\/#primaryimage\"},\"thumbnailUrl\":\"https:\\\/\\\/www.omcsae.com\\\/wp-content\\\/uploads\\\/2021\\\/04\\\/Datenblatt_K80_EN_web-4-scaled.png\",\"datePublished\":\"2021-04-13T14:10:15+00:00\",\"dateModified\":\"2025-09-23T15:52:20+00:00\",\"description\":\"Descubre nuestro cat\u00e1logo en plegadoras para m\u00e1quinas de impresi\u00f3n, Postimpresi\u00f3n y artes gr\u00e1ficas. Consulta m\u00e1s sobre Plegadora MBO K80 en nuestra web OMC SAE.\",\"breadcrumb\":{\"@id\":\"https:\\\/\\\/www.omcsae.com\\\/producto\\\/maquina-plegadora-mbo-k80\\\/#breadcrumb\"},\"inLanguage\":\"en-GB\",\"potentialAction\":[{\"@type\":\"ReadAction\",\"target\":[\"https:\\\/\\\/www.omcsae.com\\\/producto\\\/maquina-plegadora-mbo-k80\\\/\"]}]},{\"@type\":\"ImageObject\",\"inLanguage\":\"en-GB\",\"@id\":\"https:\\\/\\\/www.omcsae.com\\\/producto\\\/maquina-plegadora-mbo-k80\\\/#primaryimage\",\"url\":\"https:\\\/\\\/www.omcsae.com\\\/wp-content\\\/uploads\\\/2021\\\/04\\\/Datenblatt_K80_EN_web-4-scaled.png\",\"contentUrl\":\"https:\\\/\\\/www.omcsae.com\\\/wp-content\\\/uploads\\\/2021\\\/04\\\/Datenblatt_K80_EN_web-4-scaled.png\",\"width\":2560,\"height\":1857},{\"@type\":\"BreadcrumbList\",\"@id\":\"https:\\\/\\\/www.omcsae.com\\\/producto\\\/maquina-plegadora-mbo-k80\\\/#breadcrumb\",\"itemListElement\":[{\"@type\":\"ListItem\",\"position\":1,\"name\":\"Portada\",\"item\":\"https:\\\/\\\/www.omcsae.com\\\/\"},{\"@type\":\"ListItem\",\"position\":2,\"name\":\"Productos\",\"item\":\"https:\\\/\\\/www.omcsae.com\\\/shop\\\/\"},{\"@type\":\"ListItem\",\"position\":3,\"name\":\"M\u00e1quina plegadora MBO K80\"}]},{\"@type\":\"WebSite\",\"@id\":\"https:\\\/\\\/www.omcsae.com\\\/#website\",\"url\":\"https:\\\/\\\/www.omcsae.com\\\/\",\"name\":\"OMC sae\",\"description\":\"Distribuidor de maquinaria, consumibles y equipos para imprentas, artes gr\u00e1ficas\",\"publisher\":{\"@id\":\"https:\\\/\\\/www.omcsae.com\\\/#organization\"},\"potentialAction\":[{\"@type\":\"SearchAction\",\"target\":{\"@type\":\"EntryPoint\",\"urlTemplate\":\"https:\\\/\\\/www.omcsae.com\\\/?s={search_term_string}\"},\"query-input\":{\"@type\":\"PropertyValueSpecification\",\"valueRequired\":true,\"valueName\":\"search_term_string\"}}],\"inLanguage\":\"en-GB\"},{\"@type\":\"Organization\",\"@id\":\"https:\\\/\\\/www.omcsae.com\\\/#organization\",\"name\":\"OMC SAE: distribuidor de maquinaria, consumibles y equipos para imprentas\",\"url\":\"https:\\\/\\\/www.omcsae.com\\\/\",\"logo\":{\"@type\":\"ImageObject\",\"inLanguage\":\"en-GB\",\"@id\":\"https:\\\/\\\/www.omcsae.com\\\/#\\\/schema\\\/logo\\\/image\\\/\",\"url\":\"https:\\\/\\\/www.omcsae.com\\\/wp-content\\\/uploads\\\/2020\\\/09\\\/OMC_Logo-transparent-e1646645548126.png\",\"contentUrl\":\"https:\\\/\\\/www.omcsae.com\\\/wp-content\\\/uploads\\\/2020\\\/09\\\/OMC_Logo-transparent-e1646645548126.png\",\"width\":303,\"height\":351,\"caption\":\"OMC SAE: distribuidor de maquinaria, consumibles y equipos para imprentas\"},\"image\":{\"@id\":\"https:\\\/\\\/www.omcsae.com\\\/#\\\/schema\\\/logo\\\/image\\\/\"}}]}<\/script>\n<!-- \/ Yoast SEO plugin. -->","yoast_head_json":{"title":"MBO K80 folding machine | OMC SAE","description":"Discover our catalog on folding machines for printing machines, Post-printing and graphic arts. Consult more about MBO K80 folder on our OMC SAE website.","robots":{"index":"index","follow":"follow","max-snippet":"max-snippet:-1","max-image-preview":"max-image-preview:large","max-video-preview":"max-video-preview:-1"},"canonical":"https:\/\/www.omcsae.com\/en\/products\/folding-machine-mbo-k80\/","og_locale":"en_GB","og_type":"article","og_title":"M\u00e1quina plegadora MBO K80 | OMC SAE","og_description":"Descubre nuestro cat\u00e1logo en plegadoras para m\u00e1quinas de impresi\u00f3n, Postimpresi\u00f3n y artes gr\u00e1ficas. Consulta m\u00e1s sobre Plegadora MBO K80 en nuestra web OMC SAE.","og_url":"https:\/\/www.omcsae.com\/en\/products\/folding-machine-mbo-k80\/","og_site_name":"OMC sae","article_modified_time":"2025-09-23T15:52:20+00:00","og_image":[{"width":2560,"height":1857,"url":"https:\/\/www.omcsae.com\/wp-content\/uploads\/2021\/04\/Datenblatt_K80_EN_web-4-scaled.png","type":"image\/png"}],"twitter_card":"summary_large_image","twitter_misc":{"Estimated reading time":"1 minute"},"schema":{"@context":"https:\/\/schema.org","@graph":[{"@type":"WebPage","@id":"https:\/\/www.omcsae.com\/producto\/maquina-plegadora-mbo-k80\/","url":"https:\/\/www.omcsae.com\/producto\/maquina-plegadora-mbo-k80\/","name":"MBO K80 folding machine | OMC SAE","isPartOf":{"@id":"https:\/\/www.omcsae.com\/#website"},"primaryImageOfPage":{"@id":"https:\/\/www.omcsae.com\/producto\/maquina-plegadora-mbo-k80\/#primaryimage"},"image":{"@id":"https:\/\/www.omcsae.com\/producto\/maquina-plegadora-mbo-k80\/#primaryimage"},"thumbnailUrl":"https:\/\/www.omcsae.com\/wp-content\/uploads\/2021\/04\/Datenblatt_K80_EN_web-4-scaled.png","datePublished":"2021-04-13T14:10:15+00:00","dateModified":"2025-09-23T15:52:20+00:00","description":"Discover our catalog on folding machines for printing machines, Post-printing and graphic arts. Consult more about MBO K80 folder on our OMC SAE website.","breadcrumb":{"@id":"https:\/\/www.omcsae.com\/producto\/maquina-plegadora-mbo-k80\/#breadcrumb"},"inLanguage":"en-GB","potentialAction":[{"@type":"ReadAction","target":["https:\/\/www.omcsae.com\/producto\/maquina-plegadora-mbo-k80\/"]}]},{"@type":"ImageObject","inLanguage":"en-GB","@id":"https:\/\/www.omcsae.com\/producto\/maquina-plegadora-mbo-k80\/#primaryimage","url":"https:\/\/www.omcsae.com\/wp-content\/uploads\/2021\/04\/Datenblatt_K80_EN_web-4-scaled.png","contentUrl":"https:\/\/www.omcsae.com\/wp-content\/uploads\/2021\/04\/Datenblatt_K80_EN_web-4-scaled.png","width":2560,"height":1857},{"@type":"BreadcrumbList","@id":"https:\/\/www.omcsae.com\/producto\/maquina-plegadora-mbo-k80\/#breadcrumb","itemListElement":[{"@type":"ListItem","position":1,"name":"Portada","item":"https:\/\/www.omcsae.com\/"},{"@type":"ListItem","position":2,"name":"Productos","item":"https:\/\/www.omcsae.com\/shop\/"},{"@type":"ListItem","position":3,"name":"M\u00e1quina plegadora MBO K80"}]},{"@type":"WebSite","@id":"https:\/\/www.omcsae.com\/#website","url":"https:\/\/www.omcsae.com\/","name":"OMC sae","description":"Distributor of machinery, consumables and equipment for printing, graphic arts","publisher":{"@id":"https:\/\/www.omcsae.com\/#organization"},"potentialAction":[{"@type":"SearchAction","target":{"@type":"EntryPoint","urlTemplate":"https:\/\/www.omcsae.com\/?s={search_term_string}"},"query-input":{"@type":"PropertyValueSpecification","valueRequired":true,"valueName":"search_term_string"}}],"inLanguage":"en-GB"},{"@type":"Organization","@id":"https:\/\/www.omcsae.com\/#organization","name":"OMC SAE: distributor of machinery, consumables and equipment for the printing industry","url":"https:\/\/www.omcsae.com\/","logo":{"@type":"ImageObject","inLanguage":"en-GB","@id":"https:\/\/www.omcsae.com\/#\/schema\/logo\/image\/","url":"https:\/\/www.omcsae.com\/wp-content\/uploads\/2020\/09\/OMC_Logo-transparent-e1646645548126.png","contentUrl":"https:\/\/www.omcsae.com\/wp-content\/uploads\/2020\/09\/OMC_Logo-transparent-e1646645548126.png","width":303,"height":351,"caption":"OMC SAE: distribuidor de maquinaria, consumibles y equipos para imprentas"},"image":{"@id":"https:\/\/www.omcsae.com\/#\/schema\/logo\/image\/"}}]}},"_links":{"self":[{"href":"https:\/\/www.omcsae.com\/en\/wp-json\/wp\/v2\/product\/3316","targetHints":{"allow":["GET"]}}],"collection":[{"href":"https:\/\/www.omcsae.com\/en\/wp-json\/wp\/v2\/product"}],"about":[{"href":"https:\/\/www.omcsae.com\/en\/wp-json\/wp\/v2\/types\/product"}],"wp:featuredmedia":[{"embeddable":true,"href":"https:\/\/www.omcsae.com\/en\/wp-json\/wp\/v2\/media\/7412"}],"wp:attachment":[{"href":"https:\/\/www.omcsae.com\/en\/wp-json\/wp\/v2\/media?parent=3316"}],"wp:term":[{"taxonomy":"product_cat","embeddable":true,"href":"https:\/\/www.omcsae.com\/en\/wp-json\/wp\/v2\/product_cat?post=3316"},{"taxonomy":"product_tag","embeddable":true,"href":"https:\/\/www.omcsae.com\/en\/wp-json\/wp\/v2\/product_tag?post=3316"}],"curies":[{"name":"wp","href":"https:\/\/api.w.org\/{rel}","templated":true}]}}