{"id":3811,"date":"2021-04-19T15:15:45","date_gmt":"2021-04-19T15:15:45","guid":{"rendered":"http:\/\/omcsae.com.mialias.net\/?post_type=product&#038;p=3811"},"modified":"2022-01-10T14:16:35","modified_gmt":"2022-01-10T14:16:35","slug":"offset-inks-h-uv-toyo-ink-6","status":"publish","type":"product","link":"https:\/\/www.omcsae.com\/en\/products\/offset-inks-h-uv-toyo-ink-6\/","title":{"rendered":"H-UV printing rubber - Komori Supply Sericea"},"content":{"rendered":"","protected":false},"excerpt":{"rendered":"<p>The\u00a0<strong>K-Supply Sericea rubbers<\/strong>\u00a0They are manufactured using the most advanced production techniques and represent the next generation in rubber manufacturing. Its consistency and overall quality give a superior result with machines\u00a0<strong>H-UV<\/strong>\u00a0or\u00a0<strong>H-UV-LED<\/strong>.<\/p>\n<p>This Sericea rubber leads to faster recovery on the machine, better crush resistance, and reduced caliper loss. The compressible layer is completely solvent free. Exceptional durability, improved production times, and reduced machine downtime make this rubber a great improvement to production plants.<\/p>\n<p>* Product for industrial use. It is recommended to download the Product Data Sheet and Safety Data Sheet.<br \/>\n** Product photography may differ depending on the selection of attributes or packaging update.<\/p>","protected":false},"featured_media":5787,"template":"","meta":[],"product_cat":[678,669,682],"product_tag":[],"class_list":{"0":"post-3811","1":"product","2":"type-product","3":"status-publish","4":"has-post-thumbnail","6":"product_cat-cauchos-offset","7":"product_cat-consumibles-graficos","8":"product_cat-consumibles-h-uv-led","9":"pa_marca-komori","10":"pa_sectores-impresion-comercial","12":"first","13":"instock","14":"product-type-simple"},"yoast_head":"<!-- This site is optimized with the Yoast SEO plugin v27.3 - https:\/\/yoast.com\/product\/yoast-seo-wordpress\/ -->\n<title>Caucho H-UV K-Supply | OMC SAE<\/title>\n<meta name=\"description\" content=\"Descubre nuestro cat\u00e1logo en Consumibles H-UV LED para m\u00e1quinas de impresi\u00f3n, Consumibles Gr\u00e1ficos y artes gr\u00e1ficas. Consulta m\u00e1s sobre Consumibles H-UV en nuestra web OMC SAE.\" \/>\n<meta name=\"robots\" content=\"index, follow, max-snippet:-1, max-image-preview:large, max-video-preview:-1\" \/>\n<link rel=\"canonical\" href=\"https:\/\/www.omcsae.com\/en\/products\/offset-inks-h-uv-toyo-ink-6\/\" \/>\n<meta property=\"og:locale\" content=\"en_GB\" \/>\n<meta property=\"og:type\" content=\"article\" \/>\n<meta property=\"og:title\" content=\"Caucho H-UV K-Supply | OMC SAE\" \/>\n<meta property=\"og:description\" content=\"Descubre nuestro cat\u00e1logo en Consumibles H-UV LED para m\u00e1quinas de impresi\u00f3n, Consumibles Gr\u00e1ficos y artes gr\u00e1ficas. Consulta m\u00e1s sobre Consumibles H-UV en nuestra web OMC SAE.\" \/>\n<meta property=\"og:url\" content=\"https:\/\/www.omcsae.com\/en\/products\/offset-inks-h-uv-toyo-ink-6\/\" \/>\n<meta property=\"og:site_name\" content=\"OMC sae\" \/>\n<meta property=\"article:modified_time\" content=\"2022-01-10T14:16:35+00:00\" \/>\n<meta property=\"og:image\" content=\"https:\/\/www.omcsae.com\/wp-content\/uploads\/2021\/04\/Sericea-1-scaled.jpg\" \/>\n\t<meta property=\"og:image:width\" content=\"2560\" \/>\n\t<meta property=\"og:image:height\" content=\"2560\" \/>\n\t<meta property=\"og:image:type\" content=\"image\/jpeg\" \/>\n<meta name=\"twitter:card\" content=\"summary_large_image\" \/>\n<script type=\"application\/ld+json\" class=\"yoast-schema-graph\">{\"@context\":\"https:\\\/\\\/schema.org\",\"@graph\":[{\"@type\":\"WebPage\",\"@id\":\"https:\\\/\\\/www.omcsae.com\\\/producto\\\/caucho-h-uv-k-supply\\\/\",\"url\":\"https:\\\/\\\/www.omcsae.com\\\/producto\\\/caucho-h-uv-k-supply\\\/\",\"name\":\"Caucho H-UV K-Supply | OMC SAE\",\"isPartOf\":{\"@id\":\"https:\\\/\\\/www.omcsae.com\\\/#website\"},\"primaryImageOfPage\":{\"@id\":\"https:\\\/\\\/www.omcsae.com\\\/producto\\\/caucho-h-uv-k-supply\\\/#primaryimage\"},\"image\":{\"@id\":\"https:\\\/\\\/www.omcsae.com\\\/producto\\\/caucho-h-uv-k-supply\\\/#primaryimage\"},\"thumbnailUrl\":\"https:\\\/\\\/www.omcsae.com\\\/wp-content\\\/uploads\\\/2021\\\/04\\\/Sericea-1-scaled.jpg\",\"datePublished\":\"2021-04-19T15:15:45+00:00\",\"dateModified\":\"2022-01-10T14:16:35+00:00\",\"description\":\"Descubre nuestro cat\u00e1logo en Consumibles H-UV LED para m\u00e1quinas de impresi\u00f3n, Consumibles Gr\u00e1ficos y artes gr\u00e1ficas. Consulta m\u00e1s sobre Consumibles H-UV en nuestra web OMC SAE.\",\"breadcrumb\":{\"@id\":\"https:\\\/\\\/www.omcsae.com\\\/producto\\\/caucho-h-uv-k-supply\\\/#breadcrumb\"},\"inLanguage\":\"en-GB\",\"potentialAction\":[{\"@type\":\"ReadAction\",\"target\":[\"https:\\\/\\\/www.omcsae.com\\\/producto\\\/caucho-h-uv-k-supply\\\/\"]}]},{\"@type\":\"ImageObject\",\"inLanguage\":\"en-GB\",\"@id\":\"https:\\\/\\\/www.omcsae.com\\\/producto\\\/caucho-h-uv-k-supply\\\/#primaryimage\",\"url\":\"https:\\\/\\\/www.omcsae.com\\\/wp-content\\\/uploads\\\/2021\\\/04\\\/Sericea-1-scaled.jpg\",\"contentUrl\":\"https:\\\/\\\/www.omcsae.com\\\/wp-content\\\/uploads\\\/2021\\\/04\\\/Sericea-1-scaled.jpg\",\"width\":2560,\"height\":2560},{\"@type\":\"BreadcrumbList\",\"@id\":\"https:\\\/\\\/www.omcsae.com\\\/producto\\\/caucho-h-uv-k-supply\\\/#breadcrumb\",\"itemListElement\":[{\"@type\":\"ListItem\",\"position\":1,\"name\":\"Portada\",\"item\":\"https:\\\/\\\/www.omcsae.com\\\/\"},{\"@type\":\"ListItem\",\"position\":2,\"name\":\"Productos\",\"item\":\"https:\\\/\\\/www.omcsae.com\\\/shop\\\/\"},{\"@type\":\"ListItem\",\"position\":3,\"name\":\"Caucho impresi\u00f3n H-UV &#8211; Komori Supply Sericea\"}]},{\"@type\":\"WebSite\",\"@id\":\"https:\\\/\\\/www.omcsae.com\\\/#website\",\"url\":\"https:\\\/\\\/www.omcsae.com\\\/\",\"name\":\"OMC sae\",\"description\":\"Distribuidor de maquinaria, consumibles y equipos para imprentas, artes gr\u00e1ficas\",\"publisher\":{\"@id\":\"https:\\\/\\\/www.omcsae.com\\\/#organization\"},\"potentialAction\":[{\"@type\":\"SearchAction\",\"target\":{\"@type\":\"EntryPoint\",\"urlTemplate\":\"https:\\\/\\\/www.omcsae.com\\\/?s={search_term_string}\"},\"query-input\":{\"@type\":\"PropertyValueSpecification\",\"valueRequired\":true,\"valueName\":\"search_term_string\"}}],\"inLanguage\":\"en-GB\"},{\"@type\":\"Organization\",\"@id\":\"https:\\\/\\\/www.omcsae.com\\\/#organization\",\"name\":\"OMC SAE: distribuidor de maquinaria, consumibles y equipos para imprentas\",\"url\":\"https:\\\/\\\/www.omcsae.com\\\/\",\"logo\":{\"@type\":\"ImageObject\",\"inLanguage\":\"en-GB\",\"@id\":\"https:\\\/\\\/www.omcsae.com\\\/#\\\/schema\\\/logo\\\/image\\\/\",\"url\":\"https:\\\/\\\/www.omcsae.com\\\/wp-content\\\/uploads\\\/2020\\\/09\\\/OMC_Logo-transparent-e1646645548126.png\",\"contentUrl\":\"https:\\\/\\\/www.omcsae.com\\\/wp-content\\\/uploads\\\/2020\\\/09\\\/OMC_Logo-transparent-e1646645548126.png\",\"width\":303,\"height\":351,\"caption\":\"OMC SAE: distribuidor de maquinaria, consumibles y equipos para imprentas\"},\"image\":{\"@id\":\"https:\\\/\\\/www.omcsae.com\\\/#\\\/schema\\\/logo\\\/image\\\/\"}}]}<\/script>\n<!-- \/ Yoast SEO plugin. -->","yoast_head_json":{"title":"H-UV K-Supply rubber : OMC SAE","description":"Discover our catalog on H-UV LED Consumables for printing machines, Graphic Consumables and graphic arts. Consult more about H-UV consumables on our OMC SAE website.","robots":{"index":"index","follow":"follow","max-snippet":"max-snippet:-1","max-image-preview":"max-image-preview:large","max-video-preview":"max-video-preview:-1"},"canonical":"https:\/\/www.omcsae.com\/en\/products\/offset-inks-h-uv-toyo-ink-6\/","og_locale":"en_GB","og_type":"article","og_title":"Caucho H-UV K-Supply | OMC SAE","og_description":"Descubre nuestro cat\u00e1logo en Consumibles H-UV LED para m\u00e1quinas de impresi\u00f3n, Consumibles Gr\u00e1ficos y artes gr\u00e1ficas. Consulta m\u00e1s sobre Consumibles H-UV en nuestra web OMC SAE.","og_url":"https:\/\/www.omcsae.com\/en\/products\/offset-inks-h-uv-toyo-ink-6\/","og_site_name":"OMC sae","article_modified_time":"2022-01-10T14:16:35+00:00","og_image":[{"width":2560,"height":2560,"url":"https:\/\/www.omcsae.com\/wp-content\/uploads\/2021\/04\/Sericea-1-scaled.jpg","type":"image\/jpeg"}],"twitter_card":"summary_large_image","schema":{"@context":"https:\/\/schema.org","@graph":[{"@type":"WebPage","@id":"https:\/\/www.omcsae.com\/producto\/caucho-h-uv-k-supply\/","url":"https:\/\/www.omcsae.com\/producto\/caucho-h-uv-k-supply\/","name":"H-UV K-Supply rubber : OMC SAE","isPartOf":{"@id":"https:\/\/www.omcsae.com\/#website"},"primaryImageOfPage":{"@id":"https:\/\/www.omcsae.com\/producto\/caucho-h-uv-k-supply\/#primaryimage"},"image":{"@id":"https:\/\/www.omcsae.com\/producto\/caucho-h-uv-k-supply\/#primaryimage"},"thumbnailUrl":"https:\/\/www.omcsae.com\/wp-content\/uploads\/2021\/04\/Sericea-1-scaled.jpg","datePublished":"2021-04-19T15:15:45+00:00","dateModified":"2022-01-10T14:16:35+00:00","description":"Discover our catalog on H-UV LED Consumables for printing machines, Graphic Consumables and graphic arts. Consult more about H-UV consumables on our OMC SAE website.","breadcrumb":{"@id":"https:\/\/www.omcsae.com\/producto\/caucho-h-uv-k-supply\/#breadcrumb"},"inLanguage":"en-GB","potentialAction":[{"@type":"ReadAction","target":["https:\/\/www.omcsae.com\/producto\/caucho-h-uv-k-supply\/"]}]},{"@type":"ImageObject","inLanguage":"en-GB","@id":"https:\/\/www.omcsae.com\/producto\/caucho-h-uv-k-supply\/#primaryimage","url":"https:\/\/www.omcsae.com\/wp-content\/uploads\/2021\/04\/Sericea-1-scaled.jpg","contentUrl":"https:\/\/www.omcsae.com\/wp-content\/uploads\/2021\/04\/Sericea-1-scaled.jpg","width":2560,"height":2560},{"@type":"BreadcrumbList","@id":"https:\/\/www.omcsae.com\/producto\/caucho-h-uv-k-supply\/#breadcrumb","itemListElement":[{"@type":"ListItem","position":1,"name":"Portada","item":"https:\/\/www.omcsae.com\/"},{"@type":"ListItem","position":2,"name":"Productos","item":"https:\/\/www.omcsae.com\/shop\/"},{"@type":"ListItem","position":3,"name":"Caucho impresi\u00f3n H-UV &#8211; Komori Supply Sericea"}]},{"@type":"WebSite","@id":"https:\/\/www.omcsae.com\/#website","url":"https:\/\/www.omcsae.com\/","name":"OMC sae","description":"Distributor of machinery, consumables and equipment for printing, graphic arts","publisher":{"@id":"https:\/\/www.omcsae.com\/#organization"},"potentialAction":[{"@type":"SearchAction","target":{"@type":"EntryPoint","urlTemplate":"https:\/\/www.omcsae.com\/?s={search_term_string}"},"query-input":{"@type":"PropertyValueSpecification","valueRequired":true,"valueName":"search_term_string"}}],"inLanguage":"en-GB"},{"@type":"Organization","@id":"https:\/\/www.omcsae.com\/#organization","name":"OMC SAE: distributor of machinery, consumables and equipment for the printing industry","url":"https:\/\/www.omcsae.com\/","logo":{"@type":"ImageObject","inLanguage":"en-GB","@id":"https:\/\/www.omcsae.com\/#\/schema\/logo\/image\/","url":"https:\/\/www.omcsae.com\/wp-content\/uploads\/2020\/09\/OMC_Logo-transparent-e1646645548126.png","contentUrl":"https:\/\/www.omcsae.com\/wp-content\/uploads\/2020\/09\/OMC_Logo-transparent-e1646645548126.png","width":303,"height":351,"caption":"OMC SAE: distribuidor de maquinaria, consumibles y equipos para imprentas"},"image":{"@id":"https:\/\/www.omcsae.com\/#\/schema\/logo\/image\/"}}]}},"_links":{"self":[{"href":"https:\/\/www.omcsae.com\/en\/wp-json\/wp\/v2\/product\/3811","targetHints":{"allow":["GET"]}}],"collection":[{"href":"https:\/\/www.omcsae.com\/en\/wp-json\/wp\/v2\/product"}],"about":[{"href":"https:\/\/www.omcsae.com\/en\/wp-json\/wp\/v2\/types\/product"}],"wp:featuredmedia":[{"embeddable":true,"href":"https:\/\/www.omcsae.com\/en\/wp-json\/wp\/v2\/media\/5787"}],"wp:attachment":[{"href":"https:\/\/www.omcsae.com\/en\/wp-json\/wp\/v2\/media?parent=3811"}],"wp:term":[{"taxonomy":"product_cat","embeddable":true,"href":"https:\/\/www.omcsae.com\/en\/wp-json\/wp\/v2\/product_cat?post=3811"},{"taxonomy":"product_tag","embeddable":true,"href":"https:\/\/www.omcsae.com\/en\/wp-json\/wp\/v2\/product_tag?post=3811"}],"curies":[{"name":"wp","href":"https:\/\/api.w.org\/{rel}","templated":true}]}}