{"id":3820,"date":"2021-04-19T15:35:40","date_gmt":"2021-04-19T15:35:40","guid":{"rendered":"http:\/\/omcsae.com.mialias.net\/?post_type=product&#038;p=3820"},"modified":"2022-01-10T16:37:48","modified_gmt":"2022-01-10T16:37:48","slug":"offset-inks-h-uv-toyo-ink-4","status":"publish","type":"product","link":"https:\/\/www.omcsae.com\/en\/products\/offset-inks-h-uv-toyo-ink-4\/","title":{"rendered":"Rubber and cylinder washer fabric - Komori Supply PREPAC\u00ae 2+ H-UV"},"content":{"rendered":"","protected":false},"excerpt":{"rendered":"<p><strong>PREPAC\u00ae 2+<\/strong>\u00a0is an enhanced product portfolio of the PREPAC\u00ae concept, consisting of cleaning rolls pre-impregnated with a UV-adapted cleaning agent, for efficient and environmentally friendly automatic cleaning of printing cylinders and rubbers. With a unique solvent and fabric formula, PREPAC\u00ae 2+ H-UV offers the best cleaning performance on the market, allowing to improve printing productivity and the environment, washing time is significantly reduced, up to 25%. Presented with a specially developed cloth and cleaning agent in combination with optimized loading, PREPAC\u00ae 2+ H-UV allows less handling, less consumable consumption, short and effective wash programs and less paper waste.<\/p>","protected":false},"featured_media":3823,"template":"","meta":[],"product_cat":[669,682,716],"product_tag":[],"class_list":{"0":"post-3820","1":"product","2":"type-product","3":"status-publish","4":"has-post-thumbnail","6":"product_cat-consumibles-graficos","7":"product_cat-consumibles-h-uv-led","8":"product_cat-telas-para-lavado","9":"pa_marca-komori","10":"pa_sectores-impresion-comercial","11":"pa_sectores-packaging","13":"first","14":"instock","15":"product-type-simple"},"yoast_head":"<!-- This site is optimized with the Yoast SEO plugin v27.3 - https:\/\/yoast.com\/product\/yoast-seo-wordpress\/ -->\n<title>PREPAC\u00ae 2+ H-UV | OMC SAE<\/title>\n<meta name=\"description\" content=\"Descubre nuestro cat\u00e1logo en Consumibles H-UV LED para m\u00e1quinas de impresi\u00f3n, Consumibles Gr\u00e1ficos y artes gr\u00e1ficas. Consulta m\u00e1s sobre Consumibles H-UV en nuestra web OMC SAE.\" \/>\n<meta name=\"robots\" content=\"index, follow, max-snippet:-1, max-image-preview:large, max-video-preview:-1\" \/>\n<link rel=\"canonical\" href=\"https:\/\/www.omcsae.com\/en\/products\/offset-inks-h-uv-toyo-ink-4\/\" \/>\n<meta property=\"og:locale\" content=\"en_GB\" \/>\n<meta property=\"og:type\" content=\"article\" \/>\n<meta property=\"og:title\" content=\"PREPAC\u00ae 2+ H-UV | OMC SAE\" \/>\n<meta property=\"og:description\" content=\"Descubre nuestro cat\u00e1logo en Consumibles H-UV LED para m\u00e1quinas de impresi\u00f3n, Consumibles Gr\u00e1ficos y artes gr\u00e1ficas. Consulta m\u00e1s sobre Consumibles H-UV en nuestra web OMC SAE.\" \/>\n<meta property=\"og:url\" content=\"https:\/\/www.omcsae.com\/en\/products\/offset-inks-h-uv-toyo-ink-4\/\" \/>\n<meta property=\"og:site_name\" content=\"OMC sae\" \/>\n<meta property=\"article:modified_time\" content=\"2022-01-10T16:37:48+00:00\" \/>\n<meta property=\"og:image\" content=\"https:\/\/www.omcsae.com\/wp-content\/uploads\/2021\/04\/Prepac-Huv.jpg\" \/>\n\t<meta property=\"og:image:width\" content=\"698\" \/>\n\t<meta property=\"og:image:height\" content=\"795\" \/>\n\t<meta property=\"og:image:type\" content=\"image\/jpeg\" \/>\n<meta name=\"twitter:card\" content=\"summary_large_image\" \/>\n<script type=\"application\/ld+json\" class=\"yoast-schema-graph\">{\"@context\":\"https:\\\/\\\/schema.org\",\"@graph\":[{\"@type\":\"WebPage\",\"@id\":\"https:\\\/\\\/www.omcsae.com\\\/producto\\\/prepac-2-h-uv\\\/\",\"url\":\"https:\\\/\\\/www.omcsae.com\\\/producto\\\/prepac-2-h-uv\\\/\",\"name\":\"PREPAC\u00ae 2+ H-UV | OMC SAE\",\"isPartOf\":{\"@id\":\"https:\\\/\\\/www.omcsae.com\\\/#website\"},\"primaryImageOfPage\":{\"@id\":\"https:\\\/\\\/www.omcsae.com\\\/producto\\\/prepac-2-h-uv\\\/#primaryimage\"},\"image\":{\"@id\":\"https:\\\/\\\/www.omcsae.com\\\/producto\\\/prepac-2-h-uv\\\/#primaryimage\"},\"thumbnailUrl\":\"https:\\\/\\\/www.omcsae.com\\\/wp-content\\\/uploads\\\/2021\\\/04\\\/Prepac-Huv.jpg\",\"datePublished\":\"2021-04-19T15:35:40+00:00\",\"dateModified\":\"2022-01-10T16:37:48+00:00\",\"description\":\"Descubre nuestro cat\u00e1logo en Consumibles H-UV LED para m\u00e1quinas de impresi\u00f3n, Consumibles Gr\u00e1ficos y artes gr\u00e1ficas. Consulta m\u00e1s sobre Consumibles H-UV en nuestra web OMC SAE.\",\"breadcrumb\":{\"@id\":\"https:\\\/\\\/www.omcsae.com\\\/producto\\\/prepac-2-h-uv\\\/#breadcrumb\"},\"inLanguage\":\"en-GB\",\"potentialAction\":[{\"@type\":\"ReadAction\",\"target\":[\"https:\\\/\\\/www.omcsae.com\\\/producto\\\/prepac-2-h-uv\\\/\"]}]},{\"@type\":\"ImageObject\",\"inLanguage\":\"en-GB\",\"@id\":\"https:\\\/\\\/www.omcsae.com\\\/producto\\\/prepac-2-h-uv\\\/#primaryimage\",\"url\":\"https:\\\/\\\/www.omcsae.com\\\/wp-content\\\/uploads\\\/2021\\\/04\\\/Prepac-Huv.jpg\",\"contentUrl\":\"https:\\\/\\\/www.omcsae.com\\\/wp-content\\\/uploads\\\/2021\\\/04\\\/Prepac-Huv.jpg\",\"width\":698,\"height\":795,\"caption\":\"Prepac Huv\"},{\"@type\":\"BreadcrumbList\",\"@id\":\"https:\\\/\\\/www.omcsae.com\\\/producto\\\/prepac-2-h-uv\\\/#breadcrumb\",\"itemListElement\":[{\"@type\":\"ListItem\",\"position\":1,\"name\":\"Portada\",\"item\":\"https:\\\/\\\/www.omcsae.com\\\/\"},{\"@type\":\"ListItem\",\"position\":2,\"name\":\"Productos\",\"item\":\"https:\\\/\\\/www.omcsae.com\\\/shop\\\/\"},{\"@type\":\"ListItem\",\"position\":3,\"name\":\"Tela lavacauchos y lavacilindros &#8211; Komori Supply PREPAC\u00ae 2+ H-UV\"}]},{\"@type\":\"WebSite\",\"@id\":\"https:\\\/\\\/www.omcsae.com\\\/#website\",\"url\":\"https:\\\/\\\/www.omcsae.com\\\/\",\"name\":\"OMC sae\",\"description\":\"Distribuidor de maquinaria, consumibles y equipos para imprentas, artes gr\u00e1ficas\",\"publisher\":{\"@id\":\"https:\\\/\\\/www.omcsae.com\\\/#organization\"},\"potentialAction\":[{\"@type\":\"SearchAction\",\"target\":{\"@type\":\"EntryPoint\",\"urlTemplate\":\"https:\\\/\\\/www.omcsae.com\\\/?s={search_term_string}\"},\"query-input\":{\"@type\":\"PropertyValueSpecification\",\"valueRequired\":true,\"valueName\":\"search_term_string\"}}],\"inLanguage\":\"en-GB\"},{\"@type\":\"Organization\",\"@id\":\"https:\\\/\\\/www.omcsae.com\\\/#organization\",\"name\":\"OMC SAE: distribuidor de maquinaria, consumibles y equipos para imprentas\",\"url\":\"https:\\\/\\\/www.omcsae.com\\\/\",\"logo\":{\"@type\":\"ImageObject\",\"inLanguage\":\"en-GB\",\"@id\":\"https:\\\/\\\/www.omcsae.com\\\/#\\\/schema\\\/logo\\\/image\\\/\",\"url\":\"https:\\\/\\\/www.omcsae.com\\\/wp-content\\\/uploads\\\/2020\\\/09\\\/OMC_Logo-transparent-e1646645548126.png\",\"contentUrl\":\"https:\\\/\\\/www.omcsae.com\\\/wp-content\\\/uploads\\\/2020\\\/09\\\/OMC_Logo-transparent-e1646645548126.png\",\"width\":303,\"height\":351,\"caption\":\"OMC SAE: distribuidor de maquinaria, consumibles y equipos para imprentas\"},\"image\":{\"@id\":\"https:\\\/\\\/www.omcsae.com\\\/#\\\/schema\\\/logo\\\/image\\\/\"}}]}<\/script>\n<!-- \/ Yoast SEO plugin. -->","yoast_head_json":{"title":"PREPAC\u00ae 2+ H-UV | OMC SAE","description":"Discover our catalog on H-UV LED Consumables for printing machines, Graphic Consumables and graphic arts. Consult more about H-UV consumables on our OMC SAE website.","robots":{"index":"index","follow":"follow","max-snippet":"max-snippet:-1","max-image-preview":"max-image-preview:large","max-video-preview":"max-video-preview:-1"},"canonical":"https:\/\/www.omcsae.com\/en\/products\/offset-inks-h-uv-toyo-ink-4\/","og_locale":"en_GB","og_type":"article","og_title":"PREPAC\u00ae 2+ H-UV | OMC SAE","og_description":"Descubre nuestro cat\u00e1logo en Consumibles H-UV LED para m\u00e1quinas de impresi\u00f3n, Consumibles Gr\u00e1ficos y artes gr\u00e1ficas. Consulta m\u00e1s sobre Consumibles H-UV en nuestra web OMC SAE.","og_url":"https:\/\/www.omcsae.com\/en\/products\/offset-inks-h-uv-toyo-ink-4\/","og_site_name":"OMC sae","article_modified_time":"2022-01-10T16:37:48+00:00","og_image":[{"width":698,"height":795,"url":"https:\/\/www.omcsae.com\/wp-content\/uploads\/2021\/04\/Prepac-Huv.jpg","type":"image\/jpeg"}],"twitter_card":"summary_large_image","schema":{"@context":"https:\/\/schema.org","@graph":[{"@type":"WebPage","@id":"https:\/\/www.omcsae.com\/producto\/prepac-2-h-uv\/","url":"https:\/\/www.omcsae.com\/producto\/prepac-2-h-uv\/","name":"PREPAC\u00ae 2+ H-UV | OMC SAE","isPartOf":{"@id":"https:\/\/www.omcsae.com\/#website"},"primaryImageOfPage":{"@id":"https:\/\/www.omcsae.com\/producto\/prepac-2-h-uv\/#primaryimage"},"image":{"@id":"https:\/\/www.omcsae.com\/producto\/prepac-2-h-uv\/#primaryimage"},"thumbnailUrl":"https:\/\/www.omcsae.com\/wp-content\/uploads\/2021\/04\/Prepac-Huv.jpg","datePublished":"2021-04-19T15:35:40+00:00","dateModified":"2022-01-10T16:37:48+00:00","description":"Discover our catalog on H-UV LED Consumables for printing machines, Graphic Consumables and graphic arts. Consult more about H-UV consumables on our OMC SAE website.","breadcrumb":{"@id":"https:\/\/www.omcsae.com\/producto\/prepac-2-h-uv\/#breadcrumb"},"inLanguage":"en-GB","potentialAction":[{"@type":"ReadAction","target":["https:\/\/www.omcsae.com\/producto\/prepac-2-h-uv\/"]}]},{"@type":"ImageObject","inLanguage":"en-GB","@id":"https:\/\/www.omcsae.com\/producto\/prepac-2-h-uv\/#primaryimage","url":"https:\/\/www.omcsae.com\/wp-content\/uploads\/2021\/04\/Prepac-Huv.jpg","contentUrl":"https:\/\/www.omcsae.com\/wp-content\/uploads\/2021\/04\/Prepac-Huv.jpg","width":698,"height":795,"caption":"Prepac Huv"},{"@type":"BreadcrumbList","@id":"https:\/\/www.omcsae.com\/producto\/prepac-2-h-uv\/#breadcrumb","itemListElement":[{"@type":"ListItem","position":1,"name":"Portada","item":"https:\/\/www.omcsae.com\/"},{"@type":"ListItem","position":2,"name":"Productos","item":"https:\/\/www.omcsae.com\/shop\/"},{"@type":"ListItem","position":3,"name":"Tela lavacauchos y lavacilindros &#8211; Komori Supply PREPAC\u00ae 2+ H-UV"}]},{"@type":"WebSite","@id":"https:\/\/www.omcsae.com\/#website","url":"https:\/\/www.omcsae.com\/","name":"OMC sae","description":"Distributor of machinery, consumables and equipment for printing, graphic arts","publisher":{"@id":"https:\/\/www.omcsae.com\/#organization"},"potentialAction":[{"@type":"SearchAction","target":{"@type":"EntryPoint","urlTemplate":"https:\/\/www.omcsae.com\/?s={search_term_string}"},"query-input":{"@type":"PropertyValueSpecification","valueRequired":true,"valueName":"search_term_string"}}],"inLanguage":"en-GB"},{"@type":"Organization","@id":"https:\/\/www.omcsae.com\/#organization","name":"OMC SAE: distributor of machinery, consumables and equipment for the printing industry","url":"https:\/\/www.omcsae.com\/","logo":{"@type":"ImageObject","inLanguage":"en-GB","@id":"https:\/\/www.omcsae.com\/#\/schema\/logo\/image\/","url":"https:\/\/www.omcsae.com\/wp-content\/uploads\/2020\/09\/OMC_Logo-transparent-e1646645548126.png","contentUrl":"https:\/\/www.omcsae.com\/wp-content\/uploads\/2020\/09\/OMC_Logo-transparent-e1646645548126.png","width":303,"height":351,"caption":"OMC SAE: distribuidor de maquinaria, consumibles y equipos para imprentas"},"image":{"@id":"https:\/\/www.omcsae.com\/#\/schema\/logo\/image\/"}}]}},"_links":{"self":[{"href":"https:\/\/www.omcsae.com\/en\/wp-json\/wp\/v2\/product\/3820","targetHints":{"allow":["GET"]}}],"collection":[{"href":"https:\/\/www.omcsae.com\/en\/wp-json\/wp\/v2\/product"}],"about":[{"href":"https:\/\/www.omcsae.com\/en\/wp-json\/wp\/v2\/types\/product"}],"wp:featuredmedia":[{"embeddable":true,"href":"https:\/\/www.omcsae.com\/en\/wp-json\/wp\/v2\/media\/3823"}],"wp:attachment":[{"href":"https:\/\/www.omcsae.com\/en\/wp-json\/wp\/v2\/media?parent=3820"}],"wp:term":[{"taxonomy":"product_cat","embeddable":true,"href":"https:\/\/www.omcsae.com\/en\/wp-json\/wp\/v2\/product_cat?post=3820"},{"taxonomy":"product_tag","embeddable":true,"href":"https:\/\/www.omcsae.com\/en\/wp-json\/wp\/v2\/product_tag?post=3820"}],"curies":[{"name":"wp","href":"https:\/\/api.w.org\/{rel}","templated":true}]}}