{"id":5597,"date":"2021-05-24T14:44:39","date_gmt":"2021-05-24T14:44:39","guid":{"rendered":"https:\/\/www.omcsae.com\/?post_type=product&#038;p=5597"},"modified":"2023-02-13T10:29:11","modified_gmt":"2023-02-13T10:29:11","slug":"offset-printing-machine-komori-gx40-2","status":"publish","type":"product","link":"https:\/\/www.omcsae.com\/en\/products\/offset-printing-machine-komori-gx40-2\/","title":{"rendered":"Offset printing machine \u2013 Komori LITHRONE G44 ADVANCE"},"content":{"rendered":"<p>The Lithrone G Series models come equipped with the latest Komori technology. Now joining this series is the <strong>44 inches.<\/strong>\u00a0The powerful Lithrone G44.<\/p>\n<p>With a maximum print speed of 15,000 pph and a substrate thickness range of 0.04\u20130.8 mm, it can cover a wide range of printing needs. Furthermore, the maximum sheet width of 840 x 1150 mm meets the requirements of the growing batch-run printing segment, as well as increasing the possibilities for different impositions. This and many other features make the Lithrone G44 a powerful new strategic press, ideal for developing new business and improving the bottom line.<\/p>\n<p>&nbsp;<\/p>","protected":false},"excerpt":{"rendered":"<p><img loading=\"lazy\" decoding=\"async\" class=\"size-medium wp-image-6535 aligncenter\" src=\"https:\/\/www.omcsae.com\/wp-content\/uploads\/2021\/05\/gl44a_gray-300x45.png\" alt=\"\" width=\"300\" height=\"45\" srcset=\"https:\/\/www.omcsae.com\/wp-content\/uploads\/2021\/05\/gl44a_gray-300x45.png 300w, https:\/\/www.omcsae.com\/wp-content\/uploads\/2021\/05\/gl44a_gray-600x90.png 600w, https:\/\/www.omcsae.com\/wp-content\/uploads\/2021\/05\/gl44a_gray-1024x154.png 1024w, https:\/\/www.omcsae.com\/wp-content\/uploads\/2021\/05\/gl44a_gray-768x115.png 768w, https:\/\/www.omcsae.com\/wp-content\/uploads\/2021\/05\/gl44a_gray-1536x231.png 1536w, https:\/\/www.omcsae.com\/wp-content\/uploads\/2021\/05\/gl44a_gray-2048x308.png 2048w, https:\/\/www.omcsae.com\/wp-content\/uploads\/2021\/05\/gl44a_gray-18x3.png 18w\" sizes=\"auto, (max-width: 300px) 100vw, 300px\" \/><\/p>\n<p>Print quality and flexibility to create new print businesses. The latest generation Komori 44-inch machine offers the ability to create added value.<\/p>\n<ul>\n<li>Packaging solutions\n<ul>\n<li>The Lithrone G44 is equipped with many features that are effective for various types of packaging printing.<\/li>\n<\/ul>\n<\/li>\n<li>Long runs with thick supports\n<ul>\n<li>High speed, automatic non-stop operation to handle long runs, offering high performance in high value-added packaging printing.<\/li>\n<\/ul>\n<\/li>\n<li>State-of-the-art quality control systems\n<ul>\n<li>New control systems are essential to maintain and ensure excellent print quality on packaging.<\/li>\n<\/ul>\n<\/li>\n<\/ul>","protected":false},"featured_media":6874,"template":"","meta":[],"product_cat":[672,673],"product_tag":[],"class_list":{"0":"post-5597","1":"product","2":"type-product","3":"status-publish","4":"has-post-thumbnail","6":"product_cat-impresion","7":"product_cat-offset","8":"pa_marca-komori","9":"pa_sectores-packaging","11":"first","12":"instock","13":"product-type-simple"},"yoast_head":"<!-- This site is optimized with the Yoast SEO plugin v27.3 - https:\/\/yoast.com\/product\/yoast-seo-wordpress\/ -->\n<title>M\u00e1quina impresi\u00f3n offset Komori G44 | OMC SAE<\/title>\n<meta name=\"description\" content=\"Descubre nuestro cat\u00e1logo en Offset para m\u00e1quinas de impresi\u00f3n, Impresi\u00f3n y artes gr\u00e1ficas. Consulta m\u00e1s sobre M\u00e1quina impresi\u00f3n offset Komori G44 en nuestra web OMC SAE.\" \/>\n<meta name=\"robots\" content=\"index, follow, max-snippet:-1, max-image-preview:large, max-video-preview:-1\" \/>\n<link rel=\"canonical\" href=\"https:\/\/www.omcsae.com\/en\/products\/offset-printing-machine-komori-gx40-2\/\" \/>\n<meta property=\"og:locale\" content=\"en_GB\" \/>\n<meta property=\"og:type\" content=\"article\" \/>\n<meta property=\"og:title\" content=\"M\u00e1quina impresi\u00f3n offset Komori G44 | OMC SAE\" \/>\n<meta property=\"og:description\" content=\"Descubre nuestro cat\u00e1logo en Offset para m\u00e1quinas de impresi\u00f3n, Impresi\u00f3n y artes gr\u00e1ficas. Consulta m\u00e1s sobre M\u00e1quina impresi\u00f3n offset Komori G44 en nuestra web OMC SAE.\" \/>\n<meta property=\"og:url\" content=\"https:\/\/www.omcsae.com\/en\/products\/offset-printing-machine-komori-gx40-2\/\" \/>\n<meta property=\"og:site_name\" content=\"OMC sae\" \/>\n<meta property=\"article:modified_time\" content=\"2023-02-13T10:29:11+00:00\" \/>\n<meta property=\"og:image\" content=\"https:\/\/www.omcsae.com\/wp-content\/uploads\/2021\/05\/gl-944_advance-scaled-1.png\" \/>\n\t<meta property=\"og:image:width\" content=\"2560\" \/>\n\t<meta property=\"og:image:height\" content=\"2560\" \/>\n\t<meta property=\"og:image:type\" content=\"image\/png\" \/>\n<meta name=\"twitter:card\" content=\"summary_large_image\" \/>\n<meta name=\"twitter:label1\" content=\"Estimated reading time\" \/>\n\t<meta name=\"twitter:data1\" content=\"1 minute\" \/>\n<script type=\"application\/ld+json\" class=\"yoast-schema-graph\">{\"@context\":\"https:\\\/\\\/schema.org\",\"@graph\":[{\"@type\":\"WebPage\",\"@id\":\"https:\\\/\\\/www.omcsae.com\\\/producto\\\/maquina-impresion-offset-komori-g44\\\/\",\"url\":\"https:\\\/\\\/www.omcsae.com\\\/producto\\\/maquina-impresion-offset-komori-g44\\\/\",\"name\":\"M\u00e1quina impresi\u00f3n offset Komori G44 | OMC SAE\",\"isPartOf\":{\"@id\":\"https:\\\/\\\/www.omcsae.com\\\/#website\"},\"primaryImageOfPage\":{\"@id\":\"https:\\\/\\\/www.omcsae.com\\\/producto\\\/maquina-impresion-offset-komori-g44\\\/#primaryimage\"},\"image\":{\"@id\":\"https:\\\/\\\/www.omcsae.com\\\/producto\\\/maquina-impresion-offset-komori-g44\\\/#primaryimage\"},\"thumbnailUrl\":\"https:\\\/\\\/www.omcsae.com\\\/wp-content\\\/uploads\\\/2021\\\/05\\\/gl-944_advance-scaled-1.png\",\"datePublished\":\"2021-05-24T14:44:39+00:00\",\"dateModified\":\"2023-02-13T10:29:11+00:00\",\"description\":\"Descubre nuestro cat\u00e1logo en Offset para m\u00e1quinas de impresi\u00f3n, Impresi\u00f3n y artes gr\u00e1ficas. Consulta m\u00e1s sobre M\u00e1quina impresi\u00f3n offset Komori G44 en nuestra web OMC SAE.\",\"breadcrumb\":{\"@id\":\"https:\\\/\\\/www.omcsae.com\\\/producto\\\/maquina-impresion-offset-komori-g44\\\/#breadcrumb\"},\"inLanguage\":\"en-GB\",\"potentialAction\":[{\"@type\":\"ReadAction\",\"target\":[\"https:\\\/\\\/www.omcsae.com\\\/producto\\\/maquina-impresion-offset-komori-g44\\\/\"]}]},{\"@type\":\"ImageObject\",\"inLanguage\":\"en-GB\",\"@id\":\"https:\\\/\\\/www.omcsae.com\\\/producto\\\/maquina-impresion-offset-komori-g44\\\/#primaryimage\",\"url\":\"https:\\\/\\\/www.omcsae.com\\\/wp-content\\\/uploads\\\/2021\\\/05\\\/gl-944_advance-scaled-1.png\",\"contentUrl\":\"https:\\\/\\\/www.omcsae.com\\\/wp-content\\\/uploads\\\/2021\\\/05\\\/gl-944_advance-scaled-1.png\",\"width\":2560,\"height\":2560},{\"@type\":\"BreadcrumbList\",\"@id\":\"https:\\\/\\\/www.omcsae.com\\\/producto\\\/maquina-impresion-offset-komori-g44\\\/#breadcrumb\",\"itemListElement\":[{\"@type\":\"ListItem\",\"position\":1,\"name\":\"Portada\",\"item\":\"https:\\\/\\\/www.omcsae.com\\\/\"},{\"@type\":\"ListItem\",\"position\":2,\"name\":\"Productos\",\"item\":\"https:\\\/\\\/www.omcsae.com\\\/shop\\\/\"},{\"@type\":\"ListItem\",\"position\":3,\"name\":\"M\u00e1quina impresi\u00f3n offset &#8211; Komori LITHRONE G44 ADVANCE\"}]},{\"@type\":\"WebSite\",\"@id\":\"https:\\\/\\\/www.omcsae.com\\\/#website\",\"url\":\"https:\\\/\\\/www.omcsae.com\\\/\",\"name\":\"OMC sae\",\"description\":\"Distribuidor de maquinaria, consumibles y equipos para imprentas, artes gr\u00e1ficas\",\"publisher\":{\"@id\":\"https:\\\/\\\/www.omcsae.com\\\/#organization\"},\"potentialAction\":[{\"@type\":\"SearchAction\",\"target\":{\"@type\":\"EntryPoint\",\"urlTemplate\":\"https:\\\/\\\/www.omcsae.com\\\/?s={search_term_string}\"},\"query-input\":{\"@type\":\"PropertyValueSpecification\",\"valueRequired\":true,\"valueName\":\"search_term_string\"}}],\"inLanguage\":\"en-GB\"},{\"@type\":\"Organization\",\"@id\":\"https:\\\/\\\/www.omcsae.com\\\/#organization\",\"name\":\"OMC SAE: distribuidor de maquinaria, consumibles y equipos para imprentas\",\"url\":\"https:\\\/\\\/www.omcsae.com\\\/\",\"logo\":{\"@type\":\"ImageObject\",\"inLanguage\":\"en-GB\",\"@id\":\"https:\\\/\\\/www.omcsae.com\\\/#\\\/schema\\\/logo\\\/image\\\/\",\"url\":\"https:\\\/\\\/www.omcsae.com\\\/wp-content\\\/uploads\\\/2020\\\/09\\\/OMC_Logo-transparent-e1646645548126.png\",\"contentUrl\":\"https:\\\/\\\/www.omcsae.com\\\/wp-content\\\/uploads\\\/2020\\\/09\\\/OMC_Logo-transparent-e1646645548126.png\",\"width\":303,\"height\":351,\"caption\":\"OMC SAE: distribuidor de maquinaria, consumibles y equipos para imprentas\"},\"image\":{\"@id\":\"https:\\\/\\\/www.omcsae.com\\\/#\\\/schema\\\/logo\\\/image\\\/\"}}]}<\/script>\n<!-- \/ Yoast SEO plugin. -->","yoast_head_json":{"title":"Komori G44 offset printing machine - OMC SAE","description":"Discover our catalogue in Offset for printing machines, printing and graphic arts. Find out more about Komori G44 offset printing machine on our website OMC SAE.","robots":{"index":"index","follow":"follow","max-snippet":"max-snippet:-1","max-image-preview":"max-image-preview:large","max-video-preview":"max-video-preview:-1"},"canonical":"https:\/\/www.omcsae.com\/en\/products\/offset-printing-machine-komori-gx40-2\/","og_locale":"en_GB","og_type":"article","og_title":"M\u00e1quina impresi\u00f3n offset Komori G44 | OMC SAE","og_description":"Descubre nuestro cat\u00e1logo en Offset para m\u00e1quinas de impresi\u00f3n, Impresi\u00f3n y artes gr\u00e1ficas. Consulta m\u00e1s sobre M\u00e1quina impresi\u00f3n offset Komori G44 en nuestra web OMC SAE.","og_url":"https:\/\/www.omcsae.com\/en\/products\/offset-printing-machine-komori-gx40-2\/","og_site_name":"OMC sae","article_modified_time":"2023-02-13T10:29:11+00:00","og_image":[{"width":2560,"height":2560,"url":"https:\/\/www.omcsae.com\/wp-content\/uploads\/2021\/05\/gl-944_advance-scaled-1.png","type":"image\/png"}],"twitter_card":"summary_large_image","twitter_misc":{"Estimated reading time":"1 minute"},"schema":{"@context":"https:\/\/schema.org","@graph":[{"@type":"WebPage","@id":"https:\/\/www.omcsae.com\/producto\/maquina-impresion-offset-komori-g44\/","url":"https:\/\/www.omcsae.com\/producto\/maquina-impresion-offset-komori-g44\/","name":"Komori G44 offset printing machine - OMC SAE","isPartOf":{"@id":"https:\/\/www.omcsae.com\/#website"},"primaryImageOfPage":{"@id":"https:\/\/www.omcsae.com\/producto\/maquina-impresion-offset-komori-g44\/#primaryimage"},"image":{"@id":"https:\/\/www.omcsae.com\/producto\/maquina-impresion-offset-komori-g44\/#primaryimage"},"thumbnailUrl":"https:\/\/www.omcsae.com\/wp-content\/uploads\/2021\/05\/gl-944_advance-scaled-1.png","datePublished":"2021-05-24T14:44:39+00:00","dateModified":"2023-02-13T10:29:11+00:00","description":"Discover our catalogue in Offset for printing machines, printing and graphic arts. Find out more about Komori G44 offset printing machine on our website OMC SAE.","breadcrumb":{"@id":"https:\/\/www.omcsae.com\/producto\/maquina-impresion-offset-komori-g44\/#breadcrumb"},"inLanguage":"en-GB","potentialAction":[{"@type":"ReadAction","target":["https:\/\/www.omcsae.com\/producto\/maquina-impresion-offset-komori-g44\/"]}]},{"@type":"ImageObject","inLanguage":"en-GB","@id":"https:\/\/www.omcsae.com\/producto\/maquina-impresion-offset-komori-g44\/#primaryimage","url":"https:\/\/www.omcsae.com\/wp-content\/uploads\/2021\/05\/gl-944_advance-scaled-1.png","contentUrl":"https:\/\/www.omcsae.com\/wp-content\/uploads\/2021\/05\/gl-944_advance-scaled-1.png","width":2560,"height":2560},{"@type":"BreadcrumbList","@id":"https:\/\/www.omcsae.com\/producto\/maquina-impresion-offset-komori-g44\/#breadcrumb","itemListElement":[{"@type":"ListItem","position":1,"name":"Portada","item":"https:\/\/www.omcsae.com\/"},{"@type":"ListItem","position":2,"name":"Productos","item":"https:\/\/www.omcsae.com\/shop\/"},{"@type":"ListItem","position":3,"name":"M\u00e1quina impresi\u00f3n offset &#8211; Komori LITHRONE G44 ADVANCE"}]},{"@type":"WebSite","@id":"https:\/\/www.omcsae.com\/#website","url":"https:\/\/www.omcsae.com\/","name":"OMC sae","description":"Distributor of machinery, consumables and equipment for printing, graphic arts","publisher":{"@id":"https:\/\/www.omcsae.com\/#organization"},"potentialAction":[{"@type":"SearchAction","target":{"@type":"EntryPoint","urlTemplate":"https:\/\/www.omcsae.com\/?s={search_term_string}"},"query-input":{"@type":"PropertyValueSpecification","valueRequired":true,"valueName":"search_term_string"}}],"inLanguage":"en-GB"},{"@type":"Organization","@id":"https:\/\/www.omcsae.com\/#organization","name":"OMC SAE: distributor of machinery, consumables and equipment for the printing industry","url":"https:\/\/www.omcsae.com\/","logo":{"@type":"ImageObject","inLanguage":"en-GB","@id":"https:\/\/www.omcsae.com\/#\/schema\/logo\/image\/","url":"https:\/\/www.omcsae.com\/wp-content\/uploads\/2020\/09\/OMC_Logo-transparent-e1646645548126.png","contentUrl":"https:\/\/www.omcsae.com\/wp-content\/uploads\/2020\/09\/OMC_Logo-transparent-e1646645548126.png","width":303,"height":351,"caption":"OMC SAE: distribuidor de maquinaria, consumibles y equipos para imprentas"},"image":{"@id":"https:\/\/www.omcsae.com\/#\/schema\/logo\/image\/"}}]}},"_links":{"self":[{"href":"https:\/\/www.omcsae.com\/en\/wp-json\/wp\/v2\/product\/5597","targetHints":{"allow":["GET"]}}],"collection":[{"href":"https:\/\/www.omcsae.com\/en\/wp-json\/wp\/v2\/product"}],"about":[{"href":"https:\/\/www.omcsae.com\/en\/wp-json\/wp\/v2\/types\/product"}],"wp:featuredmedia":[{"embeddable":true,"href":"https:\/\/www.omcsae.com\/en\/wp-json\/wp\/v2\/media\/6874"}],"wp:attachment":[{"href":"https:\/\/www.omcsae.com\/en\/wp-json\/wp\/v2\/media?parent=5597"}],"wp:term":[{"taxonomy":"product_cat","embeddable":true,"href":"https:\/\/www.omcsae.com\/en\/wp-json\/wp\/v2\/product_cat?post=5597"},{"taxonomy":"product_tag","embeddable":true,"href":"https:\/\/www.omcsae.com\/en\/wp-json\/wp\/v2\/product_tag?post=5597"}],"curies":[{"name":"wp","href":"https:\/\/api.w.org\/{rel}","templated":true}]}}