{"id":5599,"date":"2021-05-24T16:12:55","date_gmt":"2021-05-24T16:12:55","guid":{"rendered":"https:\/\/www.omcsae.com\/?post_type=product&#038;p=5599"},"modified":"2023-02-13T10:36:24","modified_gmt":"2023-02-13T10:36:24","slug":"offset-printing-machine-komori-gx40-3","status":"publish","type":"product","link":"https:\/\/www.omcsae.com\/en\/products\/offset-printing-machine-komori-gx40-3\/","title":{"rendered":"Offset printing machine \u2013 Komori LITHRONE GX44RP ADVANCE"},"content":{"rendered":"<ul>\n<li>A high-speed, high-quality, single-pass duplex printing press, the Lithrone GX series offers high stability and fast makeready.<\/li>\n<li>Labor-saving automated systems such as the KHS-AI (Advanced Interface) and Full-APC bend-free are standard equipment.<\/li>\n<li>The single-pass, duplex printing press configuration, which does not use flipping, contributes to efficient paper use because the trailing edge margin required for a flipping process is unnecessary.<\/li>\n<li>Equipped with the asynchronous automatic plate changing system (A-APC)*, it significantly reduces setup times.<\/li>\n<li>Equipped with the H-UV \/ H-UV L (LED) * system, it allows for fast drying of the print and short delivery times.<\/li>\n<\/ul>\n<p>* Optional equipment<\/p>\n<p>&nbsp;<\/p>","protected":false},"excerpt":{"rendered":"<p><img loading=\"lazy\" decoding=\"async\" class=\"size-medium wp-image-6545 aligncenter\" src=\"https:\/\/www.omcsae.com\/wp-content\/uploads\/2021\/05\/glx44rpa_gray-300x38.png\" alt=\"\" width=\"300\" height=\"38\" srcset=\"https:\/\/www.omcsae.com\/wp-content\/uploads\/2021\/05\/glx44rpa_gray-300x38.png 300w, https:\/\/www.omcsae.com\/wp-content\/uploads\/2021\/05\/glx44rpa_gray-600x77.png 600w, https:\/\/www.omcsae.com\/wp-content\/uploads\/2021\/05\/glx44rpa_gray-1024x131.png 1024w, https:\/\/www.omcsae.com\/wp-content\/uploads\/2021\/05\/glx44rpa_gray-768x98.png 768w, https:\/\/www.omcsae.com\/wp-content\/uploads\/2021\/05\/glx44rpa_gray-1536x196.png 1536w, https:\/\/www.omcsae.com\/wp-content\/uploads\/2021\/05\/glx44rpa_gray-2048x262.png 2048w, https:\/\/www.omcsae.com\/wp-content\/uploads\/2021\/05\/glx44rpa_gray-18x2.png 18w\" sizes=\"auto, (max-width: 300px) 100vw, 300px\" \/><\/p>\n<p>The latest no-flip double-sided printing press compatible with the OffsetOnDemand concept follows the philosophy of the Lithrone G series.<\/p>\n<p>The 44-inch GX44RP can be equipped with different UV drying systems *.<br \/>\nIt is designed to offer high quality, short lead times, high speed, stability, and reduced waste in double-sided printing.<\/p>\n<p>The new single edge grip system eliminates sheet flipping. This grip system makes the necessary margin at the end of the sheet - an unavoidable requirement in turning machines -, completely unnecessary, which allows to reduce paper costs by minimizing the size of the sheet. Elimination of blade tipping ensures stable transport being able to handle light or heavy materials through the use of four double size transfer cylinders. Front \/ back imaging is done in the same direction as with single-sided presses, increasing efficiency in prepress.<br \/>\nThis machine expands the world OffsetOnDemand by means of a short set-up and instant dry without powders makes it a very interesting option for short runs and reduced lead times thanks to the integrated KHS-AI * 1 start-up control system and to the UV curing system *. . In addition, this press can be optionally equipped with the A-APC asynchronous automatic plate changing system, the PDC-SX spectral print density control system and the PQA-S print quality system for sheets achieving even higher levels. quality and productivity.<br \/>\nThe Lithrone GX44RP stands for: state-of-the-art technology and knowledge to achieve automation, standardization and innovation in printing. A powerful platform for the new generation of printing companies.<\/p>\n<p>It can be equipped with the following drying systems: H-UV \u2022 H-UV L (LED) or UV<\/p>","protected":false},"featured_media":6877,"template":"","meta":[],"product_cat":[672,673],"product_tag":[],"class_list":{"0":"post-5599","1":"product","2":"type-product","3":"status-publish","4":"has-post-thumbnail","6":"product_cat-impresion","7":"product_cat-offset","8":"pa_marca-komori","9":"pa_sectores-packaging","11":"first","12":"instock","13":"product-type-simple"},"yoast_head":"<!-- This site is optimized with the Yoast SEO plugin v27.4 - https:\/\/yoast.com\/product\/yoast-seo-wordpress\/ -->\n<title>M\u00e1quina impresi\u00f3n offset Komori GX44RP | OMC SAE<\/title>\n<meta name=\"description\" content=\"Descubre nuestro cat\u00e1logo en Offset para m\u00e1quinas de impresi\u00f3n, Impresi\u00f3n y artes gr\u00e1ficas. Consulta m\u00e1s sobre M\u00e1quina impresi\u00f3n offset Komori GX44RP en nuestra web OMC SAE.\" \/>\n<meta name=\"robots\" content=\"index, follow, max-snippet:-1, max-image-preview:large, max-video-preview:-1\" \/>\n<link rel=\"canonical\" href=\"https:\/\/www.omcsae.com\/en\/products\/offset-printing-machine-komori-gx40-3\/\" \/>\n<meta property=\"og:locale\" content=\"en_GB\" \/>\n<meta property=\"og:type\" content=\"article\" \/>\n<meta property=\"og:title\" content=\"M\u00e1quina impresi\u00f3n offset Komori GX44RP | OMC SAE\" \/>\n<meta property=\"og:description\" content=\"Descubre nuestro cat\u00e1logo en Offset para m\u00e1quinas de impresi\u00f3n, Impresi\u00f3n y artes gr\u00e1ficas. Consulta m\u00e1s sobre M\u00e1quina impresi\u00f3n offset Komori GX44RP en nuestra web OMC SAE.\" \/>\n<meta property=\"og:url\" content=\"https:\/\/www.omcsae.com\/en\/products\/offset-printing-machine-komori-gx40-3\/\" \/>\n<meta property=\"og:site_name\" content=\"OMC sae\" \/>\n<meta property=\"article:modified_time\" content=\"2023-02-13T10:36:24+00:00\" \/>\n<meta property=\"og:image\" content=\"https:\/\/www.omcsae.com\/wp-content\/uploads\/2021\/05\/glx-840rp_advane_a3-scaled-1.png\" \/>\n\t<meta property=\"og:image:width\" content=\"2560\" \/>\n\t<meta property=\"og:image:height\" content=\"2560\" \/>\n\t<meta property=\"og:image:type\" content=\"image\/png\" \/>\n<meta name=\"twitter:card\" content=\"summary_large_image\" \/>\n<meta name=\"twitter:label1\" content=\"Estimated reading time\" \/>\n\t<meta name=\"twitter:data1\" content=\"1 minute\" \/>\n<script type=\"application\/ld+json\" class=\"yoast-schema-graph\">{\"@context\":\"https:\\\/\\\/schema.org\",\"@graph\":[{\"@type\":\"WebPage\",\"@id\":\"https:\\\/\\\/www.omcsae.com\\\/producto\\\/maquina-impresion-offset-komori-gx44rp\\\/\",\"url\":\"https:\\\/\\\/www.omcsae.com\\\/producto\\\/maquina-impresion-offset-komori-gx44rp\\\/\",\"name\":\"M\u00e1quina impresi\u00f3n offset Komori GX44RP | OMC SAE\",\"isPartOf\":{\"@id\":\"https:\\\/\\\/www.omcsae.com\\\/#website\"},\"primaryImageOfPage\":{\"@id\":\"https:\\\/\\\/www.omcsae.com\\\/producto\\\/maquina-impresion-offset-komori-gx44rp\\\/#primaryimage\"},\"image\":{\"@id\":\"https:\\\/\\\/www.omcsae.com\\\/producto\\\/maquina-impresion-offset-komori-gx44rp\\\/#primaryimage\"},\"thumbnailUrl\":\"https:\\\/\\\/www.omcsae.com\\\/wp-content\\\/uploads\\\/2021\\\/05\\\/glx-840rp_advane_a3-scaled-1.png\",\"datePublished\":\"2021-05-24T16:12:55+00:00\",\"dateModified\":\"2023-02-13T10:36:24+00:00\",\"description\":\"Descubre nuestro cat\u00e1logo en Offset para m\u00e1quinas de impresi\u00f3n, Impresi\u00f3n y artes gr\u00e1ficas. Consulta m\u00e1s sobre M\u00e1quina impresi\u00f3n offset Komori GX44RP en nuestra web OMC SAE.\",\"breadcrumb\":{\"@id\":\"https:\\\/\\\/www.omcsae.com\\\/producto\\\/maquina-impresion-offset-komori-gx44rp\\\/#breadcrumb\"},\"inLanguage\":\"en-GB\",\"potentialAction\":[{\"@type\":\"ReadAction\",\"target\":[\"https:\\\/\\\/www.omcsae.com\\\/producto\\\/maquina-impresion-offset-komori-gx44rp\\\/\"]}]},{\"@type\":\"ImageObject\",\"inLanguage\":\"en-GB\",\"@id\":\"https:\\\/\\\/www.omcsae.com\\\/producto\\\/maquina-impresion-offset-komori-gx44rp\\\/#primaryimage\",\"url\":\"https:\\\/\\\/www.omcsae.com\\\/wp-content\\\/uploads\\\/2021\\\/05\\\/glx-840rp_advane_a3-scaled-1.png\",\"contentUrl\":\"https:\\\/\\\/www.omcsae.com\\\/wp-content\\\/uploads\\\/2021\\\/05\\\/glx-840rp_advane_a3-scaled-1.png\",\"width\":2560,\"height\":2560},{\"@type\":\"BreadcrumbList\",\"@id\":\"https:\\\/\\\/www.omcsae.com\\\/producto\\\/maquina-impresion-offset-komori-gx44rp\\\/#breadcrumb\",\"itemListElement\":[{\"@type\":\"ListItem\",\"position\":1,\"name\":\"Portada\",\"item\":\"https:\\\/\\\/www.omcsae.com\\\/\"},{\"@type\":\"ListItem\",\"position\":2,\"name\":\"Productos\",\"item\":\"https:\\\/\\\/www.omcsae.com\\\/shop\\\/\"},{\"@type\":\"ListItem\",\"position\":3,\"name\":\"M\u00e1quina impresi\u00f3n offset &#8211; Komori LITHRONE GX44RP ADVANCE\"}]},{\"@type\":\"WebSite\",\"@id\":\"https:\\\/\\\/www.omcsae.com\\\/#website\",\"url\":\"https:\\\/\\\/www.omcsae.com\\\/\",\"name\":\"OMC sae\",\"description\":\"Distribuidor de maquinaria, consumibles y equipos para imprentas, artes gr\u00e1ficas\",\"publisher\":{\"@id\":\"https:\\\/\\\/www.omcsae.com\\\/#organization\"},\"potentialAction\":[{\"@type\":\"SearchAction\",\"target\":{\"@type\":\"EntryPoint\",\"urlTemplate\":\"https:\\\/\\\/www.omcsae.com\\\/?s={search_term_string}\"},\"query-input\":{\"@type\":\"PropertyValueSpecification\",\"valueRequired\":true,\"valueName\":\"search_term_string\"}}],\"inLanguage\":\"en-GB\"},{\"@type\":\"Organization\",\"@id\":\"https:\\\/\\\/www.omcsae.com\\\/#organization\",\"name\":\"OMC SAE: distribuidor de maquinaria, consumibles y equipos para imprentas\",\"url\":\"https:\\\/\\\/www.omcsae.com\\\/\",\"logo\":{\"@type\":\"ImageObject\",\"inLanguage\":\"en-GB\",\"@id\":\"https:\\\/\\\/www.omcsae.com\\\/#\\\/schema\\\/logo\\\/image\\\/\",\"url\":\"https:\\\/\\\/www.omcsae.com\\\/wp-content\\\/uploads\\\/2020\\\/09\\\/OMC_Logo-transparent-e1646645548126.png\",\"contentUrl\":\"https:\\\/\\\/www.omcsae.com\\\/wp-content\\\/uploads\\\/2020\\\/09\\\/OMC_Logo-transparent-e1646645548126.png\",\"width\":303,\"height\":351,\"caption\":\"OMC SAE: distribuidor de maquinaria, consumibles y equipos para imprentas\"},\"image\":{\"@id\":\"https:\\\/\\\/www.omcsae.com\\\/#\\\/schema\\\/logo\\\/image\\\/\"}}]}<\/script>\n<!-- \/ Yoast SEO plugin. -->","yoast_head_json":{"title":"Komori GX44RP offset printing machine | OMC SAE","description":"Discover our catalogue in Offset for printing machines, Printing and graphic arts. Find out more about Komori GX44RP offset printing machine on our website OMC SAE.","robots":{"index":"index","follow":"follow","max-snippet":"max-snippet:-1","max-image-preview":"max-image-preview:large","max-video-preview":"max-video-preview:-1"},"canonical":"https:\/\/www.omcsae.com\/en\/products\/offset-printing-machine-komori-gx40-3\/","og_locale":"en_GB","og_type":"article","og_title":"M\u00e1quina impresi\u00f3n offset Komori GX44RP | OMC SAE","og_description":"Descubre nuestro cat\u00e1logo en Offset para m\u00e1quinas de impresi\u00f3n, Impresi\u00f3n y artes gr\u00e1ficas. Consulta m\u00e1s sobre M\u00e1quina impresi\u00f3n offset Komori GX44RP en nuestra web OMC SAE.","og_url":"https:\/\/www.omcsae.com\/en\/products\/offset-printing-machine-komori-gx40-3\/","og_site_name":"OMC sae","article_modified_time":"2023-02-13T10:36:24+00:00","og_image":[{"width":2560,"height":2560,"url":"https:\/\/www.omcsae.com\/wp-content\/uploads\/2021\/05\/glx-840rp_advane_a3-scaled-1.png","type":"image\/png"}],"twitter_card":"summary_large_image","twitter_misc":{"Estimated reading time":"1 minute"},"schema":{"@context":"https:\/\/schema.org","@graph":[{"@type":"WebPage","@id":"https:\/\/www.omcsae.com\/producto\/maquina-impresion-offset-komori-gx44rp\/","url":"https:\/\/www.omcsae.com\/producto\/maquina-impresion-offset-komori-gx44rp\/","name":"Komori GX44RP offset printing machine | OMC SAE","isPartOf":{"@id":"https:\/\/www.omcsae.com\/#website"},"primaryImageOfPage":{"@id":"https:\/\/www.omcsae.com\/producto\/maquina-impresion-offset-komori-gx44rp\/#primaryimage"},"image":{"@id":"https:\/\/www.omcsae.com\/producto\/maquina-impresion-offset-komori-gx44rp\/#primaryimage"},"thumbnailUrl":"https:\/\/www.omcsae.com\/wp-content\/uploads\/2021\/05\/glx-840rp_advane_a3-scaled-1.png","datePublished":"2021-05-24T16:12:55+00:00","dateModified":"2023-02-13T10:36:24+00:00","description":"Discover our catalogue in Offset for printing machines, Printing and graphic arts. Find out more about Komori GX44RP offset printing machine on our website OMC SAE.","breadcrumb":{"@id":"https:\/\/www.omcsae.com\/producto\/maquina-impresion-offset-komori-gx44rp\/#breadcrumb"},"inLanguage":"en-GB","potentialAction":[{"@type":"ReadAction","target":["https:\/\/www.omcsae.com\/producto\/maquina-impresion-offset-komori-gx44rp\/"]}]},{"@type":"ImageObject","inLanguage":"en-GB","@id":"https:\/\/www.omcsae.com\/producto\/maquina-impresion-offset-komori-gx44rp\/#primaryimage","url":"https:\/\/www.omcsae.com\/wp-content\/uploads\/2021\/05\/glx-840rp_advane_a3-scaled-1.png","contentUrl":"https:\/\/www.omcsae.com\/wp-content\/uploads\/2021\/05\/glx-840rp_advane_a3-scaled-1.png","width":2560,"height":2560},{"@type":"BreadcrumbList","@id":"https:\/\/www.omcsae.com\/producto\/maquina-impresion-offset-komori-gx44rp\/#breadcrumb","itemListElement":[{"@type":"ListItem","position":1,"name":"Portada","item":"https:\/\/www.omcsae.com\/"},{"@type":"ListItem","position":2,"name":"Productos","item":"https:\/\/www.omcsae.com\/shop\/"},{"@type":"ListItem","position":3,"name":"M\u00e1quina impresi\u00f3n offset &#8211; Komori LITHRONE GX44RP ADVANCE"}]},{"@type":"WebSite","@id":"https:\/\/www.omcsae.com\/#website","url":"https:\/\/www.omcsae.com\/","name":"OMC sae","description":"Distributor of machinery, consumables and equipment for printing, graphic arts","publisher":{"@id":"https:\/\/www.omcsae.com\/#organization"},"potentialAction":[{"@type":"SearchAction","target":{"@type":"EntryPoint","urlTemplate":"https:\/\/www.omcsae.com\/?s={search_term_string}"},"query-input":{"@type":"PropertyValueSpecification","valueRequired":true,"valueName":"search_term_string"}}],"inLanguage":"en-GB"},{"@type":"Organization","@id":"https:\/\/www.omcsae.com\/#organization","name":"OMC SAE: distributor of machinery, consumables and equipment for the printing industry","url":"https:\/\/www.omcsae.com\/","logo":{"@type":"ImageObject","inLanguage":"en-GB","@id":"https:\/\/www.omcsae.com\/#\/schema\/logo\/image\/","url":"https:\/\/www.omcsae.com\/wp-content\/uploads\/2020\/09\/OMC_Logo-transparent-e1646645548126.png","contentUrl":"https:\/\/www.omcsae.com\/wp-content\/uploads\/2020\/09\/OMC_Logo-transparent-e1646645548126.png","width":303,"height":351,"caption":"OMC SAE: distribuidor de maquinaria, consumibles y equipos para imprentas"},"image":{"@id":"https:\/\/www.omcsae.com\/#\/schema\/logo\/image\/"}}]}},"_links":{"self":[{"href":"https:\/\/www.omcsae.com\/en\/wp-json\/wp\/v2\/product\/5599","targetHints":{"allow":["GET"]}}],"collection":[{"href":"https:\/\/www.omcsae.com\/en\/wp-json\/wp\/v2\/product"}],"about":[{"href":"https:\/\/www.omcsae.com\/en\/wp-json\/wp\/v2\/types\/product"}],"wp:featuredmedia":[{"embeddable":true,"href":"https:\/\/www.omcsae.com\/en\/wp-json\/wp\/v2\/media\/6877"}],"wp:attachment":[{"href":"https:\/\/www.omcsae.com\/en\/wp-json\/wp\/v2\/media?parent=5599"}],"wp:term":[{"taxonomy":"product_cat","embeddable":true,"href":"https:\/\/www.omcsae.com\/en\/wp-json\/wp\/v2\/product_cat?post=5599"},{"taxonomy":"product_tag","embeddable":true,"href":"https:\/\/www.omcsae.com\/en\/wp-json\/wp\/v2\/product_tag?post=5599"}],"curies":[{"name":"wp","href":"https:\/\/api.w.org\/{rel}","templated":true}]}}