{"id":5946,"date":"2022-01-27T08:37:24","date_gmt":"2022-01-27T08:37:24","guid":{"rendered":"https:\/\/www.omcsae.com\/?post_type=product&#038;p=5946"},"modified":"2022-01-27T09:01:31","modified_gmt":"2022-01-27T09:01:31","slug":"marks-3zet-calibrated-paper-lifts","status":"publish","type":"product","link":"https:\/\/www.omcsae.com\/en\/products\/marks-3zet-calibrated-paper-lifts\/","title":{"rendered":"Calibrated Paper Supers \u2013 Marks-3Zet"},"content":{"rendered":"","protected":false},"excerpt":{"rendered":"<p>For an optimal print result in the offset printing process, the decisive factor is, among others, the uniform pressure of the impression cylinders against the entire area. Marks-3Zet calibrated paper risers, having different thicknesses, guarantee adequate pressure.<\/p>\n<p>Marks-3Zet gauged paper supers are manufactured in accordance with ISO standards for gauged materials.<\/p>\n<p>In this process irregularities are eliminated and the paper is compressed to a minimum of its volume. The required tolerances of +\/- 0.01mm\/m2 are below with original Marks-3Zet supers, providing optimum results.<\/p>","protected":false},"featured_media":5947,"template":"","meta":[],"product_cat":[671,669],"product_tag":[],"class_list":{"0":"post-5946","1":"product","2":"type-product","3":"status-publish","4":"has-post-thumbnail","6":"product_cat-alzas","7":"product_cat-consumibles-graficos","9":"first","10":"instock","11":"shipping-taxable","12":"product-type-simple"},"yoast_head":"<!-- This site is optimized with the Yoast SEO plugin v27.4 - https:\/\/yoast.com\/product\/yoast-seo-wordpress\/ -->\n<title>Alzas de papel calibrado - Marks-3Zet | OMC sae<\/title>\n<meta name=\"description\" content=\"Para un \u00f3ptimo resultado de impresi\u00f3n en el proceso de impresi\u00f3n offset, el factor decisivo es, entre otros, la presi\u00f3n uniforme de los cilindros de impresi\u00f3n contra todo el \u00e1rea. Las alzas de papel calibrado Marks-3Zet, al tener espesores diferentes, garantizan la presi\u00f3n adecuada.Las alzas de papel calibrado Marks-3Zet se fabrican de acuerdo con las normas ISO para materiales calibrados.En este proceso se eliminan las irregularidades y se comprime el papel a un m\u00ednimo de su volumen. Las tolerancias requeridas de +\/- 0,01 mm\/m2 se encuentran por debajo con alzas originales Marks-3Zet, proporcionando \u00f3ptimos resultados.\" \/>\n<meta name=\"robots\" content=\"index, follow, max-snippet:-1, max-image-preview:large, max-video-preview:-1\" \/>\n<link rel=\"canonical\" href=\"https:\/\/www.omcsae.com\/en\/products\/marks-3zet-calibrated-paper-lifts\/\" \/>\n<meta property=\"og:locale\" content=\"en_GB\" \/>\n<meta property=\"og:type\" content=\"article\" \/>\n<meta property=\"og:title\" content=\"Alzas de papel calibrado - Marks-3Zet | OMC sae\" \/>\n<meta property=\"og:description\" content=\"Para un \u00f3ptimo resultado de impresi\u00f3n en el proceso de impresi\u00f3n offset, el factor decisivo es, entre otros, la presi\u00f3n uniforme de los cilindros de impresi\u00f3n contra todo el \u00e1rea. Las alzas de papel calibrado Marks-3Zet, al tener espesores diferentes, garantizan la presi\u00f3n adecuada.Las alzas de papel calibrado Marks-3Zet se fabrican de acuerdo con las normas ISO para materiales calibrados.En este proceso se eliminan las irregularidades y se comprime el papel a un m\u00ednimo de su volumen. Las tolerancias requeridas de +\/- 0,01 mm\/m2 se encuentran por debajo con alzas originales Marks-3Zet, proporcionando \u00f3ptimos resultados.\" \/>\n<meta property=\"og:url\" content=\"https:\/\/www.omcsae.com\/en\/products\/marks-3zet-calibrated-paper-lifts\/\" \/>\n<meta property=\"og:site_name\" content=\"OMC sae\" \/>\n<meta property=\"article:modified_time\" content=\"2022-01-27T09:01:31+00:00\" \/>\n<meta property=\"og:image\" content=\"https:\/\/www.omcsae.com\/wp-content\/uploads\/2022\/01\/alzaspapel-e1643273448776.jpg\" \/>\n\t<meta property=\"og:image:width\" content=\"409\" \/>\n\t<meta property=\"og:image:height\" content=\"409\" \/>\n\t<meta property=\"og:image:type\" content=\"image\/jpeg\" \/>\n<meta name=\"twitter:card\" content=\"summary_large_image\" \/>\n<script type=\"application\/ld+json\" class=\"yoast-schema-graph\">{\"@context\":\"https:\\\/\\\/schema.org\",\"@graph\":[{\"@type\":\"WebPage\",\"@id\":\"https:\\\/\\\/www.omcsae.com\\\/producto\\\/alzas-de-papel-calibrado-marks-3zet\\\/\",\"url\":\"https:\\\/\\\/www.omcsae.com\\\/producto\\\/alzas-de-papel-calibrado-marks-3zet\\\/\",\"name\":\"Alzas de papel calibrado - Marks-3Zet | OMC sae\",\"isPartOf\":{\"@id\":\"https:\\\/\\\/www.omcsae.com\\\/#website\"},\"primaryImageOfPage\":{\"@id\":\"https:\\\/\\\/www.omcsae.com\\\/producto\\\/alzas-de-papel-calibrado-marks-3zet\\\/#primaryimage\"},\"image\":{\"@id\":\"https:\\\/\\\/www.omcsae.com\\\/producto\\\/alzas-de-papel-calibrado-marks-3zet\\\/#primaryimage\"},\"thumbnailUrl\":\"https:\\\/\\\/www.omcsae.com\\\/wp-content\\\/uploads\\\/2022\\\/01\\\/alzaspapel-e1643273448776.jpg\",\"datePublished\":\"2022-01-27T08:37:24+00:00\",\"dateModified\":\"2022-01-27T09:01:31+00:00\",\"description\":\"Para un \u00f3ptimo resultado de impresi\u00f3n en el proceso de impresi\u00f3n offset, el factor decisivo es, entre otros, la presi\u00f3n uniforme de los cilindros de impresi\u00f3n contra todo el \u00e1rea. Las alzas de papel calibrado Marks-3Zet, al tener espesores diferentes, garantizan la presi\u00f3n adecuada.Las alzas de papel calibrado Marks-3Zet se fabrican de acuerdo con las normas ISO para materiales calibrados.En este proceso se eliminan las irregularidades y se comprime el papel a un m\u00ednimo de su volumen. Las tolerancias requeridas de +\\\/- 0,01 mm\\\/m2 se encuentran por debajo con alzas originales Marks-3Zet, proporcionando \u00f3ptimos resultados.\",\"breadcrumb\":{\"@id\":\"https:\\\/\\\/www.omcsae.com\\\/producto\\\/alzas-de-papel-calibrado-marks-3zet\\\/#breadcrumb\"},\"inLanguage\":\"en-GB\",\"potentialAction\":[{\"@type\":\"ReadAction\",\"target\":[\"https:\\\/\\\/www.omcsae.com\\\/producto\\\/alzas-de-papel-calibrado-marks-3zet\\\/\"]}]},{\"@type\":\"ImageObject\",\"inLanguage\":\"en-GB\",\"@id\":\"https:\\\/\\\/www.omcsae.com\\\/producto\\\/alzas-de-papel-calibrado-marks-3zet\\\/#primaryimage\",\"url\":\"https:\\\/\\\/www.omcsae.com\\\/wp-content\\\/uploads\\\/2022\\\/01\\\/alzaspapel-e1643273448776.jpg\",\"contentUrl\":\"https:\\\/\\\/www.omcsae.com\\\/wp-content\\\/uploads\\\/2022\\\/01\\\/alzaspapel-e1643273448776.jpg\",\"width\":409,\"height\":409},{\"@type\":\"BreadcrumbList\",\"@id\":\"https:\\\/\\\/www.omcsae.com\\\/producto\\\/alzas-de-papel-calibrado-marks-3zet\\\/#breadcrumb\",\"itemListElement\":[{\"@type\":\"ListItem\",\"position\":1,\"name\":\"Portada\",\"item\":\"https:\\\/\\\/www.omcsae.com\\\/\"},{\"@type\":\"ListItem\",\"position\":2,\"name\":\"Productos\",\"item\":\"https:\\\/\\\/www.omcsae.com\\\/shop\\\/\"},{\"@type\":\"ListItem\",\"position\":3,\"name\":\"Alzas de papel calibrado &#8211; Marks-3Zet\"}]},{\"@type\":\"WebSite\",\"@id\":\"https:\\\/\\\/www.omcsae.com\\\/#website\",\"url\":\"https:\\\/\\\/www.omcsae.com\\\/\",\"name\":\"OMC sae\",\"description\":\"Distribuidor de maquinaria, consumibles y equipos para imprentas, artes gr\u00e1ficas\",\"publisher\":{\"@id\":\"https:\\\/\\\/www.omcsae.com\\\/#organization\"},\"potentialAction\":[{\"@type\":\"SearchAction\",\"target\":{\"@type\":\"EntryPoint\",\"urlTemplate\":\"https:\\\/\\\/www.omcsae.com\\\/?s={search_term_string}\"},\"query-input\":{\"@type\":\"PropertyValueSpecification\",\"valueRequired\":true,\"valueName\":\"search_term_string\"}}],\"inLanguage\":\"en-GB\"},{\"@type\":\"Organization\",\"@id\":\"https:\\\/\\\/www.omcsae.com\\\/#organization\",\"name\":\"OMC SAE: distribuidor de maquinaria, consumibles y equipos para imprentas\",\"url\":\"https:\\\/\\\/www.omcsae.com\\\/\",\"logo\":{\"@type\":\"ImageObject\",\"inLanguage\":\"en-GB\",\"@id\":\"https:\\\/\\\/www.omcsae.com\\\/#\\\/schema\\\/logo\\\/image\\\/\",\"url\":\"https:\\\/\\\/www.omcsae.com\\\/wp-content\\\/uploads\\\/2020\\\/09\\\/OMC_Logo-transparent-e1646645548126.png\",\"contentUrl\":\"https:\\\/\\\/www.omcsae.com\\\/wp-content\\\/uploads\\\/2020\\\/09\\\/OMC_Logo-transparent-e1646645548126.png\",\"width\":303,\"height\":351,\"caption\":\"OMC SAE: distribuidor de maquinaria, consumibles y equipos para imprentas\"},\"image\":{\"@id\":\"https:\\\/\\\/www.omcsae.com\\\/#\\\/schema\\\/logo\\\/image\\\/\"}}]}<\/script>\n<!-- \/ Yoast SEO plugin. -->","yoast_head_json":{"title":"Calibrated paper lifts - Marks-3Zet | OMC sae","description":"For an optimum printing result in the offset printing process, the decisive factor is, among other things, the uniform pressure of the printing cylinders over the entire area. The Marks-3Zet calibrated paper cores are manufactured in accordance with the ISO standards for calibrated materials, whereby irregularities are eliminated and the paper is compressed to a minimum of its volume. The required tolerances of +\/- 0.01 mm\/m2 are met with the original Marks-3Zet paper guides, giving optimum results.","robots":{"index":"index","follow":"follow","max-snippet":"max-snippet:-1","max-image-preview":"max-image-preview:large","max-video-preview":"max-video-preview:-1"},"canonical":"https:\/\/www.omcsae.com\/en\/products\/marks-3zet-calibrated-paper-lifts\/","og_locale":"en_GB","og_type":"article","og_title":"Alzas de papel calibrado - Marks-3Zet | OMC sae","og_description":"Para un \u00f3ptimo resultado de impresi\u00f3n en el proceso de impresi\u00f3n offset, el factor decisivo es, entre otros, la presi\u00f3n uniforme de los cilindros de impresi\u00f3n contra todo el \u00e1rea. Las alzas de papel calibrado Marks-3Zet, al tener espesores diferentes, garantizan la presi\u00f3n adecuada.Las alzas de papel calibrado Marks-3Zet se fabrican de acuerdo con las normas ISO para materiales calibrados.En este proceso se eliminan las irregularidades y se comprime el papel a un m\u00ednimo de su volumen. Las tolerancias requeridas de +\/- 0,01 mm\/m2 se encuentran por debajo con alzas originales Marks-3Zet, proporcionando \u00f3ptimos resultados.","og_url":"https:\/\/www.omcsae.com\/en\/products\/marks-3zet-calibrated-paper-lifts\/","og_site_name":"OMC sae","article_modified_time":"2022-01-27T09:01:31+00:00","og_image":[{"width":409,"height":409,"url":"https:\/\/www.omcsae.com\/wp-content\/uploads\/2022\/01\/alzaspapel-e1643273448776.jpg","type":"image\/jpeg"}],"twitter_card":"summary_large_image","schema":{"@context":"https:\/\/schema.org","@graph":[{"@type":"WebPage","@id":"https:\/\/www.omcsae.com\/producto\/alzas-de-papel-calibrado-marks-3zet\/","url":"https:\/\/www.omcsae.com\/producto\/alzas-de-papel-calibrado-marks-3zet\/","name":"Calibrated paper lifts - Marks-3Zet | OMC sae","isPartOf":{"@id":"https:\/\/www.omcsae.com\/#website"},"primaryImageOfPage":{"@id":"https:\/\/www.omcsae.com\/producto\/alzas-de-papel-calibrado-marks-3zet\/#primaryimage"},"image":{"@id":"https:\/\/www.omcsae.com\/producto\/alzas-de-papel-calibrado-marks-3zet\/#primaryimage"},"thumbnailUrl":"https:\/\/www.omcsae.com\/wp-content\/uploads\/2022\/01\/alzaspapel-e1643273448776.jpg","datePublished":"2022-01-27T08:37:24+00:00","dateModified":"2022-01-27T09:01:31+00:00","description":"For an optimum printing result in the offset printing process, the decisive factor is, among other things, the uniform pressure of the printing cylinders over the entire area. The Marks-3Zet calibrated paper cores are manufactured in accordance with the ISO standards for calibrated materials, whereby irregularities are eliminated and the paper is compressed to a minimum of its volume. The required tolerances of +\/- 0.01 mm\/m2 are met with the original Marks-3Zet paper guides, giving optimum results.","breadcrumb":{"@id":"https:\/\/www.omcsae.com\/producto\/alzas-de-papel-calibrado-marks-3zet\/#breadcrumb"},"inLanguage":"en-GB","potentialAction":[{"@type":"ReadAction","target":["https:\/\/www.omcsae.com\/producto\/alzas-de-papel-calibrado-marks-3zet\/"]}]},{"@type":"ImageObject","inLanguage":"en-GB","@id":"https:\/\/www.omcsae.com\/producto\/alzas-de-papel-calibrado-marks-3zet\/#primaryimage","url":"https:\/\/www.omcsae.com\/wp-content\/uploads\/2022\/01\/alzaspapel-e1643273448776.jpg","contentUrl":"https:\/\/www.omcsae.com\/wp-content\/uploads\/2022\/01\/alzaspapel-e1643273448776.jpg","width":409,"height":409},{"@type":"BreadcrumbList","@id":"https:\/\/www.omcsae.com\/producto\/alzas-de-papel-calibrado-marks-3zet\/#breadcrumb","itemListElement":[{"@type":"ListItem","position":1,"name":"Portada","item":"https:\/\/www.omcsae.com\/"},{"@type":"ListItem","position":2,"name":"Productos","item":"https:\/\/www.omcsae.com\/shop\/"},{"@type":"ListItem","position":3,"name":"Alzas de papel calibrado &#8211; Marks-3Zet"}]},{"@type":"WebSite","@id":"https:\/\/www.omcsae.com\/#website","url":"https:\/\/www.omcsae.com\/","name":"OMC sae","description":"Distributor of machinery, consumables and equipment for printing, graphic arts","publisher":{"@id":"https:\/\/www.omcsae.com\/#organization"},"potentialAction":[{"@type":"SearchAction","target":{"@type":"EntryPoint","urlTemplate":"https:\/\/www.omcsae.com\/?s={search_term_string}"},"query-input":{"@type":"PropertyValueSpecification","valueRequired":true,"valueName":"search_term_string"}}],"inLanguage":"en-GB"},{"@type":"Organization","@id":"https:\/\/www.omcsae.com\/#organization","name":"OMC SAE: distributor of machinery, consumables and equipment for the printing industry","url":"https:\/\/www.omcsae.com\/","logo":{"@type":"ImageObject","inLanguage":"en-GB","@id":"https:\/\/www.omcsae.com\/#\/schema\/logo\/image\/","url":"https:\/\/www.omcsae.com\/wp-content\/uploads\/2020\/09\/OMC_Logo-transparent-e1646645548126.png","contentUrl":"https:\/\/www.omcsae.com\/wp-content\/uploads\/2020\/09\/OMC_Logo-transparent-e1646645548126.png","width":303,"height":351,"caption":"OMC SAE: distribuidor de maquinaria, consumibles y equipos para imprentas"},"image":{"@id":"https:\/\/www.omcsae.com\/#\/schema\/logo\/image\/"}}]}},"_links":{"self":[{"href":"https:\/\/www.omcsae.com\/en\/wp-json\/wp\/v2\/product\/5946","targetHints":{"allow":["GET"]}}],"collection":[{"href":"https:\/\/www.omcsae.com\/en\/wp-json\/wp\/v2\/product"}],"about":[{"href":"https:\/\/www.omcsae.com\/en\/wp-json\/wp\/v2\/types\/product"}],"wp:featuredmedia":[{"embeddable":true,"href":"https:\/\/www.omcsae.com\/en\/wp-json\/wp\/v2\/media\/5947"}],"wp:attachment":[{"href":"https:\/\/www.omcsae.com\/en\/wp-json\/wp\/v2\/media?parent=5946"}],"wp:term":[{"taxonomy":"product_cat","embeddable":true,"href":"https:\/\/www.omcsae.com\/en\/wp-json\/wp\/v2\/product_cat?post=5946"},{"taxonomy":"product_tag","embeddable":true,"href":"https:\/\/www.omcsae.com\/en\/wp-json\/wp\/v2\/product_tag?post=5946"}],"curies":[{"name":"wp","href":"https:\/\/api.w.org\/{rel}","templated":true}]}}