{"id":6077,"date":"2022-02-07T11:50:05","date_gmt":"2022-02-07T11:50:05","guid":{"rendered":"https:\/\/www.omcsae.com\/?post_type=product&#038;p=6077"},"modified":"2022-02-07T14:31:41","modified_gmt":"2022-02-07T14:31:41","slug":"ceramic-non-stick-flash-power","status":"publish","type":"product","link":"https:\/\/www.omcsae.com\/en\/products\/ceramic-non-stick-flash-power\/","title":{"rendered":"Ceramic non-stick \u2013 Flash Power"},"content":{"rendered":"","protected":false},"excerpt":{"rendered":"<p style=\"text-align: left;\">Flash Power Ceramic Anti-Stick is a 100% pure ceramic based formulation, specially designed for application on all types of graphic arts machinery. The large amount of ceramic and its low molecular weight gives it the properties of: non-stick, anti-friction, anti-wear and anti-rust on treated surfaces.<br \/>\nSpecially micronised to leave no gaps to cover.<br \/>\nIts polarisation makes it an adhesive product on metals. Flash Power Ceramic Antiadherent is a technically very advanced product that offers a wide range of applications in the graphic arts, which are detailed below:<\/p>\n<p style=\"text-align: left;\">TECHNICAL OFFSET APPLICATIONS<\/p>\n<p style=\"text-align: left;\">-Prevents scuffing and scratches on any part of the machine where the paper passes: cylinder clamps, exit, etc. ....<br \/>\nExcellent anti-static agent when applied to the marker.<br \/>\n-It does not stain the paper and is long lasting.<br \/>\n-Applied on the printing cylinders, it avoids ink thickening and bleeding, recommended for runs with a lot of ink mass or with delicate paper that is not very absorbent. Also recommended to avoid overspray, applying it on the printing cylinder or body in question.<br \/>\n-Its dry film, unlike conventional silicones, offers an extraordinary durability, without staining the materials in contact with the product, ensuring optimum protection.<br \/>\n-Does not attack rubbers, rubbers and plastic materials.<\/p>\n<p style=\"text-align: left;\">TECHNICAL APPLICATIONS BINDING<\/p>\n<p style=\"text-align: left;\">Excellent high performance anti-friction and anti-stick product, in silicone replacement applications it performs approximately 1 spray Flash Power Ceramic Anti-Stick = 12 sprays of silicone.<br \/>\nUnlike regular silicones which can leave excess product behind, which is then absorbed by the paper in production, Flash Power Ceramic Anti-Stick forms a dry film to avoid this problem.<br \/>\n-Excellent antistatic agent, can be applied to any part of the machine.<br \/>\n-Common applications: ramps or blades of trilateral guillotines, blades and plates of linear guillotines, any part where the sheets pass or circulate, and covers in folding machines, covering machines, etc...<br \/>\n-Prevents glue sticking to the surfaces treated with the product and acts as an antioxidant on them.<br \/>\n-By applying Flash Power Ceramic Antiadherent only once, its excellent durability means that we do not have to continuously spray the surface with other products, with the loss of time or production that this entails.<br \/>\n-Does not attack rubbers, rubbers and plastic materials.<\/p>\n<p style=\"text-align: left;\">*Product for industrial use. It is recommended to download technical data sheet and safety data sheet of the product.<br \/>\n**The product picture may differ depending on the selection of attributes or due to updated packaging.<\/p>","protected":false},"featured_media":6078,"template":"","meta":[],"product_cat":[669,682,680],"product_tag":[],"class_list":{"0":"post-6077","1":"product","2":"type-product","3":"status-publish","4":"has-post-thumbnail","6":"product_cat-consumibles-graficos","7":"product_cat-consumibles-h-uv-led","8":"product_cat-quimicos","9":"pa_marca-flash-power","11":"first","12":"instock","13":"shipping-taxable","14":"product-type-simple"},"yoast_head":"<!-- This site is optimized with the Yoast SEO plugin v27.3 - https:\/\/yoast.com\/product\/yoast-seo-wordpress\/ -->\n<title>Antiadherente cer\u00e1mico - Flash Power - OMC sae<\/title>\n<meta name=\"robots\" content=\"index, follow, max-snippet:-1, max-image-preview:large, max-video-preview:-1\" \/>\n<link rel=\"canonical\" href=\"https:\/\/www.omcsae.com\/en\/products\/ceramic-non-stick-flash-power\/\" \/>\n<meta property=\"og:locale\" content=\"en_GB\" \/>\n<meta property=\"og:type\" content=\"article\" \/>\n<meta property=\"og:title\" content=\"Antiadherente cer\u00e1mico - Flash Power - OMC sae\" \/>\n<meta property=\"og:description\" content=\"Flash Power Antiadherente cer\u00e1mico es una formulaci\u00f3n 100% pura con base cer\u00e1mica, especialmente dise\u00f1ada para la aplicaci\u00f3n en todo tipo de maquinaria de artes gr\u00e1ficas, la gran cantidad de cer\u00e1mica y su bajo peso molecular le confiere las propiedades de: antiadherente, antifricci\u00f3n, antidesgaste y antioxidante en las superficies tratadas. Micronizado especial para no dejar ning\u00fan resquicio que cubrir. Su polarizaci\u00f3n lo hace un producto adhesivo en metales. Flash Power Antiadherente cer\u00e1mico es un producto t\u00e9cnicamente muy avanzado que nos ofrece un amplio abanico de aplicaciones en las artes gr\u00e1ficas que a continuaci\u00f3n detallamos: APLICACIONES T\u00c9CNICAS OFFSET -Evita los roces y rayas en cualquier parte de la m\u00e1quina donde pase el papel: pinzas de cilindro, salida, etc.\u2026 -Excelente agente antiest\u00e1tico aplic\u00e1ndolo sobre el marcador. -No mancha el papel y tiene una larga duraci\u00f3n. -Aplicado sobre los cilindros de impresi\u00f3n, evita voras y gruesos de tintas, recomendado en tirajes con mucha masa de tinta o con un papel delicado poco absorbente. Tambi\u00e9n recomendado para evitar remosqueos, aplic\u00e1ndolo sobre el cuerpo o cilindro de impresi\u00f3n en cuesti\u00f3n. -Su pel\u00edcula seca a diferencia de las siliconas convencionales ofrece una extraordinaria duraci\u00f3n, sin manchar los materiales que est\u00e9n en contacto con el producto, asegurando una \u00f3ptima protecci\u00f3n. -No ataca los cauchos, gomas y materiales pl\u00e1sticos. APLICACIONES T\u00c9CNICAS ENCUADERNACI\u00d3N -Excelente producto antifricci\u00f3n y antiadherente de alto rendimiento, en aplicaciones como sustituto de la silicona su rendimiento es aproximadamente de 1 spray Flash Power Antiadherente cer\u00e1mico = 12 sprays de silicona. -A diferencia de las siliconas habituales que pueden dejar excesos de producto, que a la vez son absorbidos por el papel del trabajo en producci\u00f3n, Flash Power Antiadherente cer\u00e1mico forma una pel\u00edcula seca para evitar esta problem\u00e1tica. -Excelente agente antiest\u00e1tico, se puede aplicar sobre cualquier parte de la m\u00e1quina. -Aplicaciones comunes: rampas o cuchillas de guillotinas trilaterales, cuchillas y platos de guillotinas lineales, cualquier parte donde transite o circulen los pliegos y cubiertas en alzadoras, cubridoras, etc... -Evita el pegado de colas en las superficies tratadas con el producto, a la vez que act\u00faa como antioxidante sobre las mismas. -Al aplicar una sola vez Flash Power Antiadherente cer\u00e1mico, su excelente durabilidad nos permite no tener que rociar continuamente la superficie con otros productos, con la p\u00e9rdida de tiempo o producci\u00f3n que ello supone. -No ataca los cauchos, gomas y materiales pl\u00e1sticos. *Producto para uso industrial. Se recomienda descargar ficha t\u00e9cnica y ficha de seguridad del producto. **La fotograf\u00eda del producto puede diferir en funci\u00f3n de la selecci\u00f3n de los atributos o por actualizaci\u00f3n del envase o embalaje.\" \/>\n<meta property=\"og:url\" content=\"https:\/\/www.omcsae.com\/en\/products\/ceramic-non-stick-flash-power\/\" \/>\n<meta property=\"og:site_name\" content=\"OMC sae\" \/>\n<meta property=\"article:modified_time\" content=\"2022-02-07T14:31:41+00:00\" \/>\n<meta property=\"og:image\" content=\"https:\/\/www.omcsae.com\/wp-content\/uploads\/2022\/02\/Antiadherente-e1644242982113.jpg\" \/>\n\t<meta property=\"og:image:width\" content=\"1800\" \/>\n\t<meta property=\"og:image:height\" content=\"1755\" \/>\n\t<meta property=\"og:image:type\" content=\"image\/jpeg\" \/>\n<meta name=\"twitter:card\" content=\"summary_large_image\" \/>\n<script type=\"application\/ld+json\" class=\"yoast-schema-graph\">{\"@context\":\"https:\\\/\\\/schema.org\",\"@graph\":[{\"@type\":\"WebPage\",\"@id\":\"https:\\\/\\\/www.omcsae.com\\\/producto\\\/antiadherente-ceramico-flash-power\\\/\",\"url\":\"https:\\\/\\\/www.omcsae.com\\\/producto\\\/antiadherente-ceramico-flash-power\\\/\",\"name\":\"Antiadherente cer\u00e1mico - Flash Power - OMC sae\",\"isPartOf\":{\"@id\":\"https:\\\/\\\/www.omcsae.com\\\/#website\"},\"primaryImageOfPage\":{\"@id\":\"https:\\\/\\\/www.omcsae.com\\\/producto\\\/antiadherente-ceramico-flash-power\\\/#primaryimage\"},\"image\":{\"@id\":\"https:\\\/\\\/www.omcsae.com\\\/producto\\\/antiadherente-ceramico-flash-power\\\/#primaryimage\"},\"thumbnailUrl\":\"https:\\\/\\\/www.omcsae.com\\\/wp-content\\\/uploads\\\/2022\\\/02\\\/Antiadherente-e1644242982113.jpg\",\"datePublished\":\"2022-02-07T11:50:05+00:00\",\"dateModified\":\"2022-02-07T14:31:41+00:00\",\"breadcrumb\":{\"@id\":\"https:\\\/\\\/www.omcsae.com\\\/producto\\\/antiadherente-ceramico-flash-power\\\/#breadcrumb\"},\"inLanguage\":\"en-GB\",\"potentialAction\":[{\"@type\":\"ReadAction\",\"target\":[\"https:\\\/\\\/www.omcsae.com\\\/producto\\\/antiadherente-ceramico-flash-power\\\/\"]}]},{\"@type\":\"ImageObject\",\"inLanguage\":\"en-GB\",\"@id\":\"https:\\\/\\\/www.omcsae.com\\\/producto\\\/antiadherente-ceramico-flash-power\\\/#primaryimage\",\"url\":\"https:\\\/\\\/www.omcsae.com\\\/wp-content\\\/uploads\\\/2022\\\/02\\\/Antiadherente-e1644242982113.jpg\",\"contentUrl\":\"https:\\\/\\\/www.omcsae.com\\\/wp-content\\\/uploads\\\/2022\\\/02\\\/Antiadherente-e1644242982113.jpg\",\"width\":1800,\"height\":1755},{\"@type\":\"BreadcrumbList\",\"@id\":\"https:\\\/\\\/www.omcsae.com\\\/producto\\\/antiadherente-ceramico-flash-power\\\/#breadcrumb\",\"itemListElement\":[{\"@type\":\"ListItem\",\"position\":1,\"name\":\"Portada\",\"item\":\"https:\\\/\\\/www.omcsae.com\\\/\"},{\"@type\":\"ListItem\",\"position\":2,\"name\":\"Productos\",\"item\":\"https:\\\/\\\/www.omcsae.com\\\/shop\\\/\"},{\"@type\":\"ListItem\",\"position\":3,\"name\":\"Antiadherente cer\u00e1mico &#8211; Flash Power\"}]},{\"@type\":\"WebSite\",\"@id\":\"https:\\\/\\\/www.omcsae.com\\\/#website\",\"url\":\"https:\\\/\\\/www.omcsae.com\\\/\",\"name\":\"OMC sae\",\"description\":\"Distribuidor de maquinaria, consumibles y equipos para imprentas, artes gr\u00e1ficas\",\"publisher\":{\"@id\":\"https:\\\/\\\/www.omcsae.com\\\/#organization\"},\"potentialAction\":[{\"@type\":\"SearchAction\",\"target\":{\"@type\":\"EntryPoint\",\"urlTemplate\":\"https:\\\/\\\/www.omcsae.com\\\/?s={search_term_string}\"},\"query-input\":{\"@type\":\"PropertyValueSpecification\",\"valueRequired\":true,\"valueName\":\"search_term_string\"}}],\"inLanguage\":\"en-GB\"},{\"@type\":\"Organization\",\"@id\":\"https:\\\/\\\/www.omcsae.com\\\/#organization\",\"name\":\"OMC SAE: distribuidor de maquinaria, consumibles y equipos para imprentas\",\"url\":\"https:\\\/\\\/www.omcsae.com\\\/\",\"logo\":{\"@type\":\"ImageObject\",\"inLanguage\":\"en-GB\",\"@id\":\"https:\\\/\\\/www.omcsae.com\\\/#\\\/schema\\\/logo\\\/image\\\/\",\"url\":\"https:\\\/\\\/www.omcsae.com\\\/wp-content\\\/uploads\\\/2020\\\/09\\\/OMC_Logo-transparent-e1646645548126.png\",\"contentUrl\":\"https:\\\/\\\/www.omcsae.com\\\/wp-content\\\/uploads\\\/2020\\\/09\\\/OMC_Logo-transparent-e1646645548126.png\",\"width\":303,\"height\":351,\"caption\":\"OMC SAE: distribuidor de maquinaria, consumibles y equipos para imprentas\"},\"image\":{\"@id\":\"https:\\\/\\\/www.omcsae.com\\\/#\\\/schema\\\/logo\\\/image\\\/\"}}]}<\/script>\n<!-- \/ Yoast SEO plugin. -->","yoast_head_json":{"title":"Ceramic non-stick coating - Flash Power - OMC sae","robots":{"index":"index","follow":"follow","max-snippet":"max-snippet:-1","max-image-preview":"max-image-preview:large","max-video-preview":"max-video-preview:-1"},"canonical":"https:\/\/www.omcsae.com\/en\/products\/ceramic-non-stick-flash-power\/","og_locale":"en_GB","og_type":"article","og_title":"Antiadherente cer\u00e1mico - Flash Power - OMC sae","og_description":"Flash Power Antiadherente cer\u00e1mico es una formulaci\u00f3n 100% pura con base cer\u00e1mica, especialmente dise\u00f1ada para la aplicaci\u00f3n en todo tipo de maquinaria de artes gr\u00e1ficas, la gran cantidad de cer\u00e1mica y su bajo peso molecular le confiere las propiedades de: antiadherente, antifricci\u00f3n, antidesgaste y antioxidante en las superficies tratadas. Micronizado especial para no dejar ning\u00fan resquicio que cubrir. Su polarizaci\u00f3n lo hace un producto adhesivo en metales. Flash Power Antiadherente cer\u00e1mico es un producto t\u00e9cnicamente muy avanzado que nos ofrece un amplio abanico de aplicaciones en las artes gr\u00e1ficas que a continuaci\u00f3n detallamos: APLICACIONES T\u00c9CNICAS OFFSET -Evita los roces y rayas en cualquier parte de la m\u00e1quina donde pase el papel: pinzas de cilindro, salida, etc.\u2026 -Excelente agente antiest\u00e1tico aplic\u00e1ndolo sobre el marcador. -No mancha el papel y tiene una larga duraci\u00f3n. -Aplicado sobre los cilindros de impresi\u00f3n, evita voras y gruesos de tintas, recomendado en tirajes con mucha masa de tinta o con un papel delicado poco absorbente. Tambi\u00e9n recomendado para evitar remosqueos, aplic\u00e1ndolo sobre el cuerpo o cilindro de impresi\u00f3n en cuesti\u00f3n. -Su pel\u00edcula seca a diferencia de las siliconas convencionales ofrece una extraordinaria duraci\u00f3n, sin manchar los materiales que est\u00e9n en contacto con el producto, asegurando una \u00f3ptima protecci\u00f3n. -No ataca los cauchos, gomas y materiales pl\u00e1sticos. APLICACIONES T\u00c9CNICAS ENCUADERNACI\u00d3N -Excelente producto antifricci\u00f3n y antiadherente de alto rendimiento, en aplicaciones como sustituto de la silicona su rendimiento es aproximadamente de 1 spray Flash Power Antiadherente cer\u00e1mico = 12 sprays de silicona. -A diferencia de las siliconas habituales que pueden dejar excesos de producto, que a la vez son absorbidos por el papel del trabajo en producci\u00f3n, Flash Power Antiadherente cer\u00e1mico forma una pel\u00edcula seca para evitar esta problem\u00e1tica. -Excelente agente antiest\u00e1tico, se puede aplicar sobre cualquier parte de la m\u00e1quina. -Aplicaciones comunes: rampas o cuchillas de guillotinas trilaterales, cuchillas y platos de guillotinas lineales, cualquier parte donde transite o circulen los pliegos y cubiertas en alzadoras, cubridoras, etc... -Evita el pegado de colas en las superficies tratadas con el producto, a la vez que act\u00faa como antioxidante sobre las mismas. -Al aplicar una sola vez Flash Power Antiadherente cer\u00e1mico, su excelente durabilidad nos permite no tener que rociar continuamente la superficie con otros productos, con la p\u00e9rdida de tiempo o producci\u00f3n que ello supone. -No ataca los cauchos, gomas y materiales pl\u00e1sticos. *Producto para uso industrial. Se recomienda descargar ficha t\u00e9cnica y ficha de seguridad del producto. **La fotograf\u00eda del producto puede diferir en funci\u00f3n de la selecci\u00f3n de los atributos o por actualizaci\u00f3n del envase o embalaje.","og_url":"https:\/\/www.omcsae.com\/en\/products\/ceramic-non-stick-flash-power\/","og_site_name":"OMC sae","article_modified_time":"2022-02-07T14:31:41+00:00","og_image":[{"width":1800,"height":1755,"url":"https:\/\/www.omcsae.com\/wp-content\/uploads\/2022\/02\/Antiadherente-e1644242982113.jpg","type":"image\/jpeg"}],"twitter_card":"summary_large_image","schema":{"@context":"https:\/\/schema.org","@graph":[{"@type":"WebPage","@id":"https:\/\/www.omcsae.com\/producto\/antiadherente-ceramico-flash-power\/","url":"https:\/\/www.omcsae.com\/producto\/antiadherente-ceramico-flash-power\/","name":"Ceramic non-stick coating - Flash Power - OMC sae","isPartOf":{"@id":"https:\/\/www.omcsae.com\/#website"},"primaryImageOfPage":{"@id":"https:\/\/www.omcsae.com\/producto\/antiadherente-ceramico-flash-power\/#primaryimage"},"image":{"@id":"https:\/\/www.omcsae.com\/producto\/antiadherente-ceramico-flash-power\/#primaryimage"},"thumbnailUrl":"https:\/\/www.omcsae.com\/wp-content\/uploads\/2022\/02\/Antiadherente-e1644242982113.jpg","datePublished":"2022-02-07T11:50:05+00:00","dateModified":"2022-02-07T14:31:41+00:00","breadcrumb":{"@id":"https:\/\/www.omcsae.com\/producto\/antiadherente-ceramico-flash-power\/#breadcrumb"},"inLanguage":"en-GB","potentialAction":[{"@type":"ReadAction","target":["https:\/\/www.omcsae.com\/producto\/antiadherente-ceramico-flash-power\/"]}]},{"@type":"ImageObject","inLanguage":"en-GB","@id":"https:\/\/www.omcsae.com\/producto\/antiadherente-ceramico-flash-power\/#primaryimage","url":"https:\/\/www.omcsae.com\/wp-content\/uploads\/2022\/02\/Antiadherente-e1644242982113.jpg","contentUrl":"https:\/\/www.omcsae.com\/wp-content\/uploads\/2022\/02\/Antiadherente-e1644242982113.jpg","width":1800,"height":1755},{"@type":"BreadcrumbList","@id":"https:\/\/www.omcsae.com\/producto\/antiadherente-ceramico-flash-power\/#breadcrumb","itemListElement":[{"@type":"ListItem","position":1,"name":"Portada","item":"https:\/\/www.omcsae.com\/"},{"@type":"ListItem","position":2,"name":"Productos","item":"https:\/\/www.omcsae.com\/shop\/"},{"@type":"ListItem","position":3,"name":"Antiadherente cer\u00e1mico &#8211; Flash Power"}]},{"@type":"WebSite","@id":"https:\/\/www.omcsae.com\/#website","url":"https:\/\/www.omcsae.com\/","name":"OMC sae","description":"Distributor of machinery, consumables and equipment for printing, graphic arts","publisher":{"@id":"https:\/\/www.omcsae.com\/#organization"},"potentialAction":[{"@type":"SearchAction","target":{"@type":"EntryPoint","urlTemplate":"https:\/\/www.omcsae.com\/?s={search_term_string}"},"query-input":{"@type":"PropertyValueSpecification","valueRequired":true,"valueName":"search_term_string"}}],"inLanguage":"en-GB"},{"@type":"Organization","@id":"https:\/\/www.omcsae.com\/#organization","name":"OMC SAE: distributor of machinery, consumables and equipment for the printing industry","url":"https:\/\/www.omcsae.com\/","logo":{"@type":"ImageObject","inLanguage":"en-GB","@id":"https:\/\/www.omcsae.com\/#\/schema\/logo\/image\/","url":"https:\/\/www.omcsae.com\/wp-content\/uploads\/2020\/09\/OMC_Logo-transparent-e1646645548126.png","contentUrl":"https:\/\/www.omcsae.com\/wp-content\/uploads\/2020\/09\/OMC_Logo-transparent-e1646645548126.png","width":303,"height":351,"caption":"OMC SAE: distribuidor de maquinaria, consumibles y equipos para imprentas"},"image":{"@id":"https:\/\/www.omcsae.com\/#\/schema\/logo\/image\/"}}]}},"_links":{"self":[{"href":"https:\/\/www.omcsae.com\/en\/wp-json\/wp\/v2\/product\/6077","targetHints":{"allow":["GET"]}}],"collection":[{"href":"https:\/\/www.omcsae.com\/en\/wp-json\/wp\/v2\/product"}],"about":[{"href":"https:\/\/www.omcsae.com\/en\/wp-json\/wp\/v2\/types\/product"}],"wp:featuredmedia":[{"embeddable":true,"href":"https:\/\/www.omcsae.com\/en\/wp-json\/wp\/v2\/media\/6078"}],"wp:attachment":[{"href":"https:\/\/www.omcsae.com\/en\/wp-json\/wp\/v2\/media?parent=6077"}],"wp:term":[{"taxonomy":"product_cat","embeddable":true,"href":"https:\/\/www.omcsae.com\/en\/wp-json\/wp\/v2\/product_cat?post=6077"},{"taxonomy":"product_tag","embeddable":true,"href":"https:\/\/www.omcsae.com\/en\/wp-json\/wp\/v2\/product_tag?post=6077"}],"curies":[{"name":"wp","href":"https:\/\/api.w.org\/{rel}","templated":true}]}}