{"id":6131,"date":"2022-02-08T12:00:47","date_gmt":"2022-02-08T12:00:47","guid":{"rendered":"https:\/\/www.omcsae.com\/?post_type=product&#038;p=6131"},"modified":"2022-02-08T12:20:00","modified_gmt":"2022-02-08T12:20:00","slug":"alco-alcohol-based-cleaner-spray","status":"publish","type":"product","link":"https:\/\/www.omcsae.com\/en\/products\/alco-alcohol-based-cleaner-spray\/","title":{"rendered":"Alcohol based cleaner \u2013 Alco spray"},"content":{"rendered":"","protected":false},"excerpt":{"rendered":"<p>ALCO SPRAY is a highly effective cleaner for all types of surfaces without damaging them.<\/p>\n<p><em>Characteristics:<\/em><\/p>\n<ul>\n<li>Removes any dirt and CONTAMINATION.<\/li>\n<li>Rapid evaporation without leaving residue.<\/li>\n<li>Does not damage rubber protectors or paints.<\/li>\n<\/ul>\n<p><em>Instructions for use:<\/em><\/p>\n<ul>\n<li>Shake the spray and spray the product with short, repeated bursts onto the surface, forming a thin film. If necessary, it can be spread with a cloth.<\/li>\n<li>On vertical surfaces, start from the top.<\/li>\n<\/ul>\n<p><em>Safety and hygiene:<\/em><\/p>\n<ul>\n<li>As this is a flammable product, it must be applied with adequate air circulation and the necessary protective measures.<\/li>\n<li>Never apply to connected equipment.<\/li>\n<\/ul>","protected":false},"featured_media":6081,"template":"","meta":[],"product_cat":[669,680],"product_tag":[],"class_list":{"0":"post-6131","1":"product","2":"type-product","3":"status-publish","4":"has-post-thumbnail","6":"product_cat-consumibles-graficos","7":"product_cat-quimicos","9":"first","10":"instock","11":"shipping-taxable","12":"product-type-simple"},"yoast_head":"<!-- This site is optimized with the Yoast SEO plugin v27.3 - https:\/\/yoast.com\/product\/yoast-seo-wordpress\/ -->\n<title>Limpiador base alcohol - Alco spray - OMC sae<\/title>\n<meta name=\"description\" content=\"Consulte m\u00e1s informaci\u00f3n sobre Limpiador base alcohol - Alco spray en nuestra p\u00e1gina web de venta de consumibles para artes gr\u00e1ficas OMC SAE\" \/>\n<meta name=\"robots\" content=\"index, follow, max-snippet:-1, max-image-preview:large, max-video-preview:-1\" \/>\n<link rel=\"canonical\" href=\"https:\/\/www.omcsae.com\/en\/products\/alco-alcohol-based-cleaner-spray\/\" \/>\n<meta property=\"og:locale\" content=\"en_GB\" \/>\n<meta property=\"og:type\" content=\"article\" \/>\n<meta property=\"og:title\" content=\"Limpiador base alcohol - Alco spray - OMC sae\" \/>\n<meta property=\"og:description\" content=\"Consulte m\u00e1s informaci\u00f3n sobre Limpiador base alcohol - Alco spray en nuestra p\u00e1gina web de venta de consumibles para artes gr\u00e1ficas OMC SAE\" \/>\n<meta property=\"og:url\" content=\"https:\/\/www.omcsae.com\/en\/products\/alco-alcohol-based-cleaner-spray\/\" \/>\n<meta property=\"og:site_name\" content=\"OMC sae\" \/>\n<meta property=\"article:modified_time\" content=\"2022-02-08T12:20:00+00:00\" \/>\n<meta property=\"og:image\" content=\"https:\/\/www.omcsae.com\/wp-content\/uploads\/2022\/02\/Alco-spray-scaled.jpg\" \/>\n\t<meta property=\"og:image:width\" content=\"2560\" \/>\n\t<meta property=\"og:image:height\" content=\"2560\" \/>\n\t<meta property=\"og:image:type\" content=\"image\/jpeg\" \/>\n<meta name=\"twitter:card\" content=\"summary_large_image\" \/>\n<script type=\"application\/ld+json\" class=\"yoast-schema-graph\">{\"@context\":\"https:\\\/\\\/schema.org\",\"@graph\":[{\"@type\":\"WebPage\",\"@id\":\"https:\\\/\\\/www.omcsae.com\\\/producto\\\/limpiador-base-alcohol-alco-spray\\\/\",\"url\":\"https:\\\/\\\/www.omcsae.com\\\/producto\\\/limpiador-base-alcohol-alco-spray\\\/\",\"name\":\"Limpiador base alcohol - Alco spray - OMC sae\",\"isPartOf\":{\"@id\":\"https:\\\/\\\/www.omcsae.com\\\/#website\"},\"primaryImageOfPage\":{\"@id\":\"https:\\\/\\\/www.omcsae.com\\\/producto\\\/limpiador-base-alcohol-alco-spray\\\/#primaryimage\"},\"image\":{\"@id\":\"https:\\\/\\\/www.omcsae.com\\\/producto\\\/limpiador-base-alcohol-alco-spray\\\/#primaryimage\"},\"thumbnailUrl\":\"https:\\\/\\\/www.omcsae.com\\\/wp-content\\\/uploads\\\/2022\\\/02\\\/Alco-spray-scaled.jpg\",\"datePublished\":\"2022-02-08T12:00:47+00:00\",\"dateModified\":\"2022-02-08T12:20:00+00:00\",\"description\":\"Consulte m\u00e1s informaci\u00f3n sobre Limpiador base alcohol - Alco spray en nuestra p\u00e1gina web de venta de consumibles para artes gr\u00e1ficas OMC SAE\",\"breadcrumb\":{\"@id\":\"https:\\\/\\\/www.omcsae.com\\\/producto\\\/limpiador-base-alcohol-alco-spray\\\/#breadcrumb\"},\"inLanguage\":\"en-GB\",\"potentialAction\":[{\"@type\":\"ReadAction\",\"target\":[\"https:\\\/\\\/www.omcsae.com\\\/producto\\\/limpiador-base-alcohol-alco-spray\\\/\"]}]},{\"@type\":\"ImageObject\",\"inLanguage\":\"en-GB\",\"@id\":\"https:\\\/\\\/www.omcsae.com\\\/producto\\\/limpiador-base-alcohol-alco-spray\\\/#primaryimage\",\"url\":\"https:\\\/\\\/www.omcsae.com\\\/wp-content\\\/uploads\\\/2022\\\/02\\\/Alco-spray-scaled.jpg\",\"contentUrl\":\"https:\\\/\\\/www.omcsae.com\\\/wp-content\\\/uploads\\\/2022\\\/02\\\/Alco-spray-scaled.jpg\",\"width\":2560,\"height\":2560},{\"@type\":\"BreadcrumbList\",\"@id\":\"https:\\\/\\\/www.omcsae.com\\\/producto\\\/limpiador-base-alcohol-alco-spray\\\/#breadcrumb\",\"itemListElement\":[{\"@type\":\"ListItem\",\"position\":1,\"name\":\"Portada\",\"item\":\"https:\\\/\\\/www.omcsae.com\\\/\"},{\"@type\":\"ListItem\",\"position\":2,\"name\":\"Productos\",\"item\":\"https:\\\/\\\/www.omcsae.com\\\/shop\\\/\"},{\"@type\":\"ListItem\",\"position\":3,\"name\":\"Limpiador base alcohol &#8211; Alco spray\"}]},{\"@type\":\"WebSite\",\"@id\":\"https:\\\/\\\/www.omcsae.com\\\/#website\",\"url\":\"https:\\\/\\\/www.omcsae.com\\\/\",\"name\":\"OMC sae\",\"description\":\"Distribuidor de maquinaria, consumibles y equipos para imprentas, artes gr\u00e1ficas\",\"publisher\":{\"@id\":\"https:\\\/\\\/www.omcsae.com\\\/#organization\"},\"potentialAction\":[{\"@type\":\"SearchAction\",\"target\":{\"@type\":\"EntryPoint\",\"urlTemplate\":\"https:\\\/\\\/www.omcsae.com\\\/?s={search_term_string}\"},\"query-input\":{\"@type\":\"PropertyValueSpecification\",\"valueRequired\":true,\"valueName\":\"search_term_string\"}}],\"inLanguage\":\"en-GB\"},{\"@type\":\"Organization\",\"@id\":\"https:\\\/\\\/www.omcsae.com\\\/#organization\",\"name\":\"OMC SAE: distribuidor de maquinaria, consumibles y equipos para imprentas\",\"url\":\"https:\\\/\\\/www.omcsae.com\\\/\",\"logo\":{\"@type\":\"ImageObject\",\"inLanguage\":\"en-GB\",\"@id\":\"https:\\\/\\\/www.omcsae.com\\\/#\\\/schema\\\/logo\\\/image\\\/\",\"url\":\"https:\\\/\\\/www.omcsae.com\\\/wp-content\\\/uploads\\\/2020\\\/09\\\/OMC_Logo-transparent-e1646645548126.png\",\"contentUrl\":\"https:\\\/\\\/www.omcsae.com\\\/wp-content\\\/uploads\\\/2020\\\/09\\\/OMC_Logo-transparent-e1646645548126.png\",\"width\":303,\"height\":351,\"caption\":\"OMC SAE: distribuidor de maquinaria, consumibles y equipos para imprentas\"},\"image\":{\"@id\":\"https:\\\/\\\/www.omcsae.com\\\/#\\\/schema\\\/logo\\\/image\\\/\"}}]}<\/script>\n<!-- \/ Yoast SEO plugin. -->","yoast_head_json":{"title":"Alcohol based cleaner - Alco spray - OMC sae","description":"More information about Alcohol based cleaner - Alco spray can be found on our OMC SAE graphic arts consumables website.","robots":{"index":"index","follow":"follow","max-snippet":"max-snippet:-1","max-image-preview":"max-image-preview:large","max-video-preview":"max-video-preview:-1"},"canonical":"https:\/\/www.omcsae.com\/en\/products\/alco-alcohol-based-cleaner-spray\/","og_locale":"en_GB","og_type":"article","og_title":"Limpiador base alcohol - Alco spray - OMC sae","og_description":"Consulte m\u00e1s informaci\u00f3n sobre Limpiador base alcohol - Alco spray en nuestra p\u00e1gina web de venta de consumibles para artes gr\u00e1ficas OMC SAE","og_url":"https:\/\/www.omcsae.com\/en\/products\/alco-alcohol-based-cleaner-spray\/","og_site_name":"OMC sae","article_modified_time":"2022-02-08T12:20:00+00:00","og_image":[{"width":2560,"height":2560,"url":"https:\/\/www.omcsae.com\/wp-content\/uploads\/2022\/02\/Alco-spray-scaled.jpg","type":"image\/jpeg"}],"twitter_card":"summary_large_image","schema":{"@context":"https:\/\/schema.org","@graph":[{"@type":"WebPage","@id":"https:\/\/www.omcsae.com\/producto\/limpiador-base-alcohol-alco-spray\/","url":"https:\/\/www.omcsae.com\/producto\/limpiador-base-alcohol-alco-spray\/","name":"Alcohol based cleaner - Alco spray - OMC sae","isPartOf":{"@id":"https:\/\/www.omcsae.com\/#website"},"primaryImageOfPage":{"@id":"https:\/\/www.omcsae.com\/producto\/limpiador-base-alcohol-alco-spray\/#primaryimage"},"image":{"@id":"https:\/\/www.omcsae.com\/producto\/limpiador-base-alcohol-alco-spray\/#primaryimage"},"thumbnailUrl":"https:\/\/www.omcsae.com\/wp-content\/uploads\/2022\/02\/Alco-spray-scaled.jpg","datePublished":"2022-02-08T12:00:47+00:00","dateModified":"2022-02-08T12:20:00+00:00","description":"More information about Alcohol based cleaner - Alco spray can be found on our OMC SAE graphic arts consumables website.","breadcrumb":{"@id":"https:\/\/www.omcsae.com\/producto\/limpiador-base-alcohol-alco-spray\/#breadcrumb"},"inLanguage":"en-GB","potentialAction":[{"@type":"ReadAction","target":["https:\/\/www.omcsae.com\/producto\/limpiador-base-alcohol-alco-spray\/"]}]},{"@type":"ImageObject","inLanguage":"en-GB","@id":"https:\/\/www.omcsae.com\/producto\/limpiador-base-alcohol-alco-spray\/#primaryimage","url":"https:\/\/www.omcsae.com\/wp-content\/uploads\/2022\/02\/Alco-spray-scaled.jpg","contentUrl":"https:\/\/www.omcsae.com\/wp-content\/uploads\/2022\/02\/Alco-spray-scaled.jpg","width":2560,"height":2560},{"@type":"BreadcrumbList","@id":"https:\/\/www.omcsae.com\/producto\/limpiador-base-alcohol-alco-spray\/#breadcrumb","itemListElement":[{"@type":"ListItem","position":1,"name":"Portada","item":"https:\/\/www.omcsae.com\/"},{"@type":"ListItem","position":2,"name":"Productos","item":"https:\/\/www.omcsae.com\/shop\/"},{"@type":"ListItem","position":3,"name":"Limpiador base alcohol &#8211; Alco spray"}]},{"@type":"WebSite","@id":"https:\/\/www.omcsae.com\/#website","url":"https:\/\/www.omcsae.com\/","name":"OMC sae","description":"Distributor of machinery, consumables and equipment for printing, graphic arts","publisher":{"@id":"https:\/\/www.omcsae.com\/#organization"},"potentialAction":[{"@type":"SearchAction","target":{"@type":"EntryPoint","urlTemplate":"https:\/\/www.omcsae.com\/?s={search_term_string}"},"query-input":{"@type":"PropertyValueSpecification","valueRequired":true,"valueName":"search_term_string"}}],"inLanguage":"en-GB"},{"@type":"Organization","@id":"https:\/\/www.omcsae.com\/#organization","name":"OMC SAE: distributor of machinery, consumables and equipment for the printing industry","url":"https:\/\/www.omcsae.com\/","logo":{"@type":"ImageObject","inLanguage":"en-GB","@id":"https:\/\/www.omcsae.com\/#\/schema\/logo\/image\/","url":"https:\/\/www.omcsae.com\/wp-content\/uploads\/2020\/09\/OMC_Logo-transparent-e1646645548126.png","contentUrl":"https:\/\/www.omcsae.com\/wp-content\/uploads\/2020\/09\/OMC_Logo-transparent-e1646645548126.png","width":303,"height":351,"caption":"OMC SAE: distribuidor de maquinaria, consumibles y equipos para imprentas"},"image":{"@id":"https:\/\/www.omcsae.com\/#\/schema\/logo\/image\/"}}]}},"_links":{"self":[{"href":"https:\/\/www.omcsae.com\/en\/wp-json\/wp\/v2\/product\/6131","targetHints":{"allow":["GET"]}}],"collection":[{"href":"https:\/\/www.omcsae.com\/en\/wp-json\/wp\/v2\/product"}],"about":[{"href":"https:\/\/www.omcsae.com\/en\/wp-json\/wp\/v2\/types\/product"}],"wp:featuredmedia":[{"embeddable":true,"href":"https:\/\/www.omcsae.com\/en\/wp-json\/wp\/v2\/media\/6081"}],"wp:attachment":[{"href":"https:\/\/www.omcsae.com\/en\/wp-json\/wp\/v2\/media?parent=6131"}],"wp:term":[{"taxonomy":"product_cat","embeddable":true,"href":"https:\/\/www.omcsae.com\/en\/wp-json\/wp\/v2\/product_cat?post=6131"},{"taxonomy":"product_tag","embeddable":true,"href":"https:\/\/www.omcsae.com\/en\/wp-json\/wp\/v2\/product_tag?post=6131"}],"curies":[{"name":"wp","href":"https:\/\/api.w.org\/{rel}","templated":true}]}}