{"id":6316,"date":"2022-02-21T15:54:43","date_gmt":"2022-02-21T15:54:43","guid":{"rendered":"https:\/\/www.omcsae.com\/?post_type=product&#038;p=6316"},"modified":"2023-01-31T09:56:52","modified_gmt":"2023-01-31T09:56:52","slug":"offset-printing-machine-coil-komori-38s-3","status":"publish","type":"product","link":"https:\/\/www.omcsae.com\/en\/products\/offset-printing-machine-coil-komori-38s-3\/","title":{"rendered":"Hybrid Printing Machine \u2013 MPS EF SIMJET"},"content":{"rendered":"<p>&nbsp;<\/p>\n<p>&nbsp;<\/p>","protected":false},"excerpt":{"rendered":"<p>The EF SYMJET press is a hybrid flexo inkjet solution that offers printers a range of new printing potential with the symbiotic combination of conventional and digital printing technologies. With a Domino digital inkjet unit integrated into the standard EF platform, you get the best of both worlds.<\/p>\n<ul>\n<li>Printing and converting, all in one pass<\/li>\n<li>Flexibility thanks to digital printing<\/li>\n<li>Flexographic printing for PMS colors and additional applications<\/li>\n<\/ul>\n<h3>Integrated Domino digital inkjet unit<\/h3>\n<p>The Domino digital unit uses Kyocera printheads to print at a resolution of 600\u00d7600 dpi, with up to six colours and opaque white. A 340mm web width on the Domino printer and a wider 430mm web width on the MPS press allows converters to run more labels when running in pure flexo mode and at a higher speed.<\/p>\n<h3 style=\"text-align: left;\">Added Values<\/h3>\n<ul>\n<li style=\"text-align: left;\">Printing and converting, all in one pass<\/li>\n<li style=\"text-align: left;\">Flexibility thanks to digital printing<\/li>\n<li style=\"text-align: left;\">Flexographic printing for PMS colors and additional applications<\/li>\n<li style=\"text-align: left;\">Hybrid printing at higher speeds<\/li>\n<li style=\"text-align: left;\">Flexible conversion options<\/li>\n<\/ul>\n<h3>Unique features<\/h3>\n<ul>\n<li>Crisp.Dot Technology<\/li>\n<li>Working memory<\/li>\n<li>Self-teaching<\/li>\n<li>Quick change die station<\/li>\n<li>i-Tech Stitch Link<\/li>\n<li>i-Tech Cleaning Plug<\/li>\n<li>i-Tech Actiflow<\/li>\n<li>Digital interface<\/li>\n<\/ul>\n<h3>Options<\/h3>\n<p>The EF SYMJET can convert a wide variety of different substrates and designs and is equipped with all possible converting options, including gravure and screen printing. This printing system&#039;s combination of excellent quality, high productivity, and unmatched flexibility ensures that your investment will prove its worth.<\/p>","protected":false},"featured_media":6864,"template":"","meta":[],"product_cat":[674,686,672],"product_tag":[],"class_list":{"0":"post-6316","1":"product","2":"type-product","3":"status-publish","4":"has-post-thumbnail","6":"product_cat-digital","7":"product_cat-flexografia","8":"product_cat-impresion","9":"pa_marca-mps","10":"pa_sectores-embalaje-flexible","11":"pa_sectores-impresion-comercial","13":"first","14":"instock","15":"product-type-simple"},"yoast_head":"<!-- This site is optimized with the Yoast SEO plugin v27.4 - https:\/\/yoast.com\/product\/yoast-seo-wordpress\/ -->\n<title>M\u00e1quina Impresi\u00f3n h\u00edbrida - MPS EF SIMJET - OMC sae<\/title>\n<meta name=\"description\" content=\"Soluci\u00f3n h\u00edbrida de inyecci\u00f3n de tinta flexogr\u00e1fica que brinda a los impresores nuevos potenciales de impresi\u00f3n con la combinaci\u00f3n de tecnolog\u00edas de impresi\u00f3n convencional+digital.\" \/>\n<meta name=\"robots\" content=\"index, follow, max-snippet:-1, max-image-preview:large, max-video-preview:-1\" \/>\n<link rel=\"canonical\" href=\"https:\/\/www.omcsae.com\/en\/products\/offset-printing-machine-coil-komori-38s-3\/\" \/>\n<meta property=\"og:locale\" content=\"en_GB\" \/>\n<meta property=\"og:type\" content=\"article\" \/>\n<meta property=\"og:title\" content=\"M\u00e1quina Impresi\u00f3n h\u00edbrida - MPS EF SIMJET - OMC sae\" \/>\n<meta property=\"og:description\" content=\"Soluci\u00f3n h\u00edbrida de inyecci\u00f3n de tinta flexogr\u00e1fica que brinda a los impresores nuevos potenciales de impresi\u00f3n con la combinaci\u00f3n de tecnolog\u00edas de impresi\u00f3n convencional+digital.\" \/>\n<meta property=\"og:url\" content=\"https:\/\/www.omcsae.com\/en\/products\/offset-printing-machine-coil-komori-38s-3\/\" \/>\n<meta property=\"og:site_name\" content=\"OMC sae\" \/>\n<meta property=\"article:modified_time\" content=\"2023-01-31T09:56:52+00:00\" \/>\n<meta property=\"og:image\" content=\"https:\/\/www.omcsae.com\/wp-content\/uploads\/2022\/02\/ef_symjet-HRprueba2.png\" \/>\n\t<meta property=\"og:image:width\" content=\"770\" \/>\n\t<meta property=\"og:image:height\" content=\"792\" \/>\n\t<meta property=\"og:image:type\" content=\"image\/png\" \/>\n<meta name=\"twitter:card\" content=\"summary_large_image\" \/>\n<script type=\"application\/ld+json\" class=\"yoast-schema-graph\">{\"@context\":\"https:\\\/\\\/schema.org\",\"@graph\":[{\"@type\":\"WebPage\",\"@id\":\"https:\\\/\\\/www.omcsae.com\\\/producto\\\/maquina-impresion-hibrida-ef-simjet\\\/\",\"url\":\"https:\\\/\\\/www.omcsae.com\\\/producto\\\/maquina-impresion-hibrida-ef-simjet\\\/\",\"name\":\"M\u00e1quina Impresi\u00f3n h\u00edbrida - MPS EF SIMJET - OMC sae\",\"isPartOf\":{\"@id\":\"https:\\\/\\\/www.omcsae.com\\\/#website\"},\"primaryImageOfPage\":{\"@id\":\"https:\\\/\\\/www.omcsae.com\\\/producto\\\/maquina-impresion-hibrida-ef-simjet\\\/#primaryimage\"},\"image\":{\"@id\":\"https:\\\/\\\/www.omcsae.com\\\/producto\\\/maquina-impresion-hibrida-ef-simjet\\\/#primaryimage\"},\"thumbnailUrl\":\"https:\\\/\\\/www.omcsae.com\\\/wp-content\\\/uploads\\\/2022\\\/02\\\/ef_symjet-HRprueba2.png\",\"datePublished\":\"2022-02-21T15:54:43+00:00\",\"dateModified\":\"2023-01-31T09:56:52+00:00\",\"description\":\"Soluci\u00f3n h\u00edbrida de inyecci\u00f3n de tinta flexogr\u00e1fica que brinda a los impresores nuevos potenciales de impresi\u00f3n con la combinaci\u00f3n de tecnolog\u00edas de impresi\u00f3n convencional+digital.\",\"breadcrumb\":{\"@id\":\"https:\\\/\\\/www.omcsae.com\\\/producto\\\/maquina-impresion-hibrida-ef-simjet\\\/#breadcrumb\"},\"inLanguage\":\"en-GB\",\"potentialAction\":[{\"@type\":\"ReadAction\",\"target\":[\"https:\\\/\\\/www.omcsae.com\\\/producto\\\/maquina-impresion-hibrida-ef-simjet\\\/\"]}]},{\"@type\":\"ImageObject\",\"inLanguage\":\"en-GB\",\"@id\":\"https:\\\/\\\/www.omcsae.com\\\/producto\\\/maquina-impresion-hibrida-ef-simjet\\\/#primaryimage\",\"url\":\"https:\\\/\\\/www.omcsae.com\\\/wp-content\\\/uploads\\\/2022\\\/02\\\/ef_symjet-HRprueba2.png\",\"contentUrl\":\"https:\\\/\\\/www.omcsae.com\\\/wp-content\\\/uploads\\\/2022\\\/02\\\/ef_symjet-HRprueba2.png\",\"width\":770,\"height\":792},{\"@type\":\"BreadcrumbList\",\"@id\":\"https:\\\/\\\/www.omcsae.com\\\/producto\\\/maquina-impresion-hibrida-ef-simjet\\\/#breadcrumb\",\"itemListElement\":[{\"@type\":\"ListItem\",\"position\":1,\"name\":\"Portada\",\"item\":\"https:\\\/\\\/www.omcsae.com\\\/\"},{\"@type\":\"ListItem\",\"position\":2,\"name\":\"Productos\",\"item\":\"https:\\\/\\\/www.omcsae.com\\\/shop\\\/\"},{\"@type\":\"ListItem\",\"position\":3,\"name\":\"M\u00e1quina Impresi\u00f3n h\u00edbrida &#8211; MPS EF SIMJET\"}]},{\"@type\":\"WebSite\",\"@id\":\"https:\\\/\\\/www.omcsae.com\\\/#website\",\"url\":\"https:\\\/\\\/www.omcsae.com\\\/\",\"name\":\"OMC sae\",\"description\":\"Distribuidor de maquinaria, consumibles y equipos para imprentas, artes gr\u00e1ficas\",\"publisher\":{\"@id\":\"https:\\\/\\\/www.omcsae.com\\\/#organization\"},\"potentialAction\":[{\"@type\":\"SearchAction\",\"target\":{\"@type\":\"EntryPoint\",\"urlTemplate\":\"https:\\\/\\\/www.omcsae.com\\\/?s={search_term_string}\"},\"query-input\":{\"@type\":\"PropertyValueSpecification\",\"valueRequired\":true,\"valueName\":\"search_term_string\"}}],\"inLanguage\":\"en-GB\"},{\"@type\":\"Organization\",\"@id\":\"https:\\\/\\\/www.omcsae.com\\\/#organization\",\"name\":\"OMC SAE: distribuidor de maquinaria, consumibles y equipos para imprentas\",\"url\":\"https:\\\/\\\/www.omcsae.com\\\/\",\"logo\":{\"@type\":\"ImageObject\",\"inLanguage\":\"en-GB\",\"@id\":\"https:\\\/\\\/www.omcsae.com\\\/#\\\/schema\\\/logo\\\/image\\\/\",\"url\":\"https:\\\/\\\/www.omcsae.com\\\/wp-content\\\/uploads\\\/2020\\\/09\\\/OMC_Logo-transparent-e1646645548126.png\",\"contentUrl\":\"https:\\\/\\\/www.omcsae.com\\\/wp-content\\\/uploads\\\/2020\\\/09\\\/OMC_Logo-transparent-e1646645548126.png\",\"width\":303,\"height\":351,\"caption\":\"OMC SAE: distribuidor de maquinaria, consumibles y equipos para imprentas\"},\"image\":{\"@id\":\"https:\\\/\\\/www.omcsae.com\\\/#\\\/schema\\\/logo\\\/image\\\/\"}}]}<\/script>\n<!-- \/ Yoast SEO plugin. -->","yoast_head_json":{"title":"Hybrid Printing Press - MPS EF SIMJET - OMC sae","description":"Hybrid flexo inkjet solution that offers printers new printing potentials with the combination of conventional+digital printing technologies.","robots":{"index":"index","follow":"follow","max-snippet":"max-snippet:-1","max-image-preview":"max-image-preview:large","max-video-preview":"max-video-preview:-1"},"canonical":"https:\/\/www.omcsae.com\/en\/products\/offset-printing-machine-coil-komori-38s-3\/","og_locale":"en_GB","og_type":"article","og_title":"M\u00e1quina Impresi\u00f3n h\u00edbrida - MPS EF SIMJET - OMC sae","og_description":"Soluci\u00f3n h\u00edbrida de inyecci\u00f3n de tinta flexogr\u00e1fica que brinda a los impresores nuevos potenciales de impresi\u00f3n con la combinaci\u00f3n de tecnolog\u00edas de impresi\u00f3n convencional+digital.","og_url":"https:\/\/www.omcsae.com\/en\/products\/offset-printing-machine-coil-komori-38s-3\/","og_site_name":"OMC sae","article_modified_time":"2023-01-31T09:56:52+00:00","og_image":[{"width":770,"height":792,"url":"https:\/\/www.omcsae.com\/wp-content\/uploads\/2022\/02\/ef_symjet-HRprueba2.png","type":"image\/png"}],"twitter_card":"summary_large_image","schema":{"@context":"https:\/\/schema.org","@graph":[{"@type":"WebPage","@id":"https:\/\/www.omcsae.com\/producto\/maquina-impresion-hibrida-ef-simjet\/","url":"https:\/\/www.omcsae.com\/producto\/maquina-impresion-hibrida-ef-simjet\/","name":"Hybrid Printing Press - MPS EF SIMJET - OMC sae","isPartOf":{"@id":"https:\/\/www.omcsae.com\/#website"},"primaryImageOfPage":{"@id":"https:\/\/www.omcsae.com\/producto\/maquina-impresion-hibrida-ef-simjet\/#primaryimage"},"image":{"@id":"https:\/\/www.omcsae.com\/producto\/maquina-impresion-hibrida-ef-simjet\/#primaryimage"},"thumbnailUrl":"https:\/\/www.omcsae.com\/wp-content\/uploads\/2022\/02\/ef_symjet-HRprueba2.png","datePublished":"2022-02-21T15:54:43+00:00","dateModified":"2023-01-31T09:56:52+00:00","description":"Hybrid flexo inkjet solution that offers printers new printing potentials with the combination of conventional+digital printing technologies.","breadcrumb":{"@id":"https:\/\/www.omcsae.com\/producto\/maquina-impresion-hibrida-ef-simjet\/#breadcrumb"},"inLanguage":"en-GB","potentialAction":[{"@type":"ReadAction","target":["https:\/\/www.omcsae.com\/producto\/maquina-impresion-hibrida-ef-simjet\/"]}]},{"@type":"ImageObject","inLanguage":"en-GB","@id":"https:\/\/www.omcsae.com\/producto\/maquina-impresion-hibrida-ef-simjet\/#primaryimage","url":"https:\/\/www.omcsae.com\/wp-content\/uploads\/2022\/02\/ef_symjet-HRprueba2.png","contentUrl":"https:\/\/www.omcsae.com\/wp-content\/uploads\/2022\/02\/ef_symjet-HRprueba2.png","width":770,"height":792},{"@type":"BreadcrumbList","@id":"https:\/\/www.omcsae.com\/producto\/maquina-impresion-hibrida-ef-simjet\/#breadcrumb","itemListElement":[{"@type":"ListItem","position":1,"name":"Portada","item":"https:\/\/www.omcsae.com\/"},{"@type":"ListItem","position":2,"name":"Productos","item":"https:\/\/www.omcsae.com\/shop\/"},{"@type":"ListItem","position":3,"name":"M\u00e1quina Impresi\u00f3n h\u00edbrida &#8211; MPS EF SIMJET"}]},{"@type":"WebSite","@id":"https:\/\/www.omcsae.com\/#website","url":"https:\/\/www.omcsae.com\/","name":"OMC sae","description":"Distributor of machinery, consumables and equipment for printing, graphic arts","publisher":{"@id":"https:\/\/www.omcsae.com\/#organization"},"potentialAction":[{"@type":"SearchAction","target":{"@type":"EntryPoint","urlTemplate":"https:\/\/www.omcsae.com\/?s={search_term_string}"},"query-input":{"@type":"PropertyValueSpecification","valueRequired":true,"valueName":"search_term_string"}}],"inLanguage":"en-GB"},{"@type":"Organization","@id":"https:\/\/www.omcsae.com\/#organization","name":"OMC SAE: distributor of machinery, consumables and equipment for the printing industry","url":"https:\/\/www.omcsae.com\/","logo":{"@type":"ImageObject","inLanguage":"en-GB","@id":"https:\/\/www.omcsae.com\/#\/schema\/logo\/image\/","url":"https:\/\/www.omcsae.com\/wp-content\/uploads\/2020\/09\/OMC_Logo-transparent-e1646645548126.png","contentUrl":"https:\/\/www.omcsae.com\/wp-content\/uploads\/2020\/09\/OMC_Logo-transparent-e1646645548126.png","width":303,"height":351,"caption":"OMC SAE: distribuidor de maquinaria, consumibles y equipos para imprentas"},"image":{"@id":"https:\/\/www.omcsae.com\/#\/schema\/logo\/image\/"}}]}},"_links":{"self":[{"href":"https:\/\/www.omcsae.com\/en\/wp-json\/wp\/v2\/product\/6316","targetHints":{"allow":["GET"]}}],"collection":[{"href":"https:\/\/www.omcsae.com\/en\/wp-json\/wp\/v2\/product"}],"about":[{"href":"https:\/\/www.omcsae.com\/en\/wp-json\/wp\/v2\/types\/product"}],"wp:featuredmedia":[{"embeddable":true,"href":"https:\/\/www.omcsae.com\/en\/wp-json\/wp\/v2\/media\/6864"}],"wp:attachment":[{"href":"https:\/\/www.omcsae.com\/en\/wp-json\/wp\/v2\/media?parent=6316"}],"wp:term":[{"taxonomy":"product_cat","embeddable":true,"href":"https:\/\/www.omcsae.com\/en\/wp-json\/wp\/v2\/product_cat?post=6316"},{"taxonomy":"product_tag","embeddable":true,"href":"https:\/\/www.omcsae.com\/en\/wp-json\/wp\/v2\/product_tag?post=6316"}],"curies":[{"name":"wp","href":"https:\/\/api.w.org\/{rel}","templated":true}]}}