{"id":6320,"date":"2022-02-21T16:51:51","date_gmt":"2022-02-21T16:51:51","guid":{"rendered":"https:\/\/www.omcsae.com\/?post_type=product&#038;p=6320"},"modified":"2022-02-23T16:42:22","modified_gmt":"2022-02-23T16:42:22","slug":"next-generation-flexo-printing-machine-ef","status":"publish","type":"product","link":"https:\/\/www.omcsae.com\/en\/products\/next-generation-flexo-printing-machine-ef\/","title":{"rendered":"Flexo Printing Machine \u2013 Next Generation MPS EF"},"content":{"rendered":"","protected":false},"excerpt":{"rendered":"<p>The next generation EF is a robust, reliable, highly skilled, fully automated flexographic printing press ready for 24 x 7 operations.<\/p>\n<ul>\n<li>Robust engineering<\/li>\n<li>Two levels of automation<\/li>\n<li>New and improved features<\/li>\n<li>The latest in press productivity through connectivity<\/li>\n<\/ul>\n<h3>Added Values<\/h3>\n<ul>\n<li>Connectivity and performance improvements with MPSConnect<\/li>\n<li>Excellent print quality<\/li>\n<li>High productivity<\/li>\n<li>Suitable for multiple substrates<\/li>\n<li>Easy to operate<\/li>\n<li>Flexible conversion<\/li>\n<li>Flexibility in automation<\/li>\n<li>Lowest cost price per 1000 labels<\/li>\n<li>High repeatability with automated pressure adjustments<\/li>\n<\/ul>\n<h3>Unique features that power your EF press<\/h3>\n<ul>\n<li>Continuous print change<\/li>\n<li>Crisp.Dot Technology<\/li>\n<li>iStrip Matrix<\/li>\n<li>I control<\/li>\n<li>Ultraflex rail system<\/li>\n<li>Pre-registration for automatic teaching<\/li>\n<\/ul>\n<h3>Enhanced features for maximum performance<\/h3>\n<p>To help you unlock your printing potential and get the maximum results from your press, we continue to innovate.<\/p>\n<p>Building on the successful foundation of 6 previous generations of the EF platform, we made these improvements to the next generation EF machine:<\/p>\n<ul>\n<li>Standard slide-out ink drawer<\/li>\n<li>E-sleeve with quick release<\/li>\n<li>Advanced working memory<\/li>\n<li>M2M (brand to brand) registration<\/li>\n<li>Belt width extended to 580 mm<\/li>\n<li>Improved robust rail units<\/li>\n<li>Standard finger bar safety guard<\/li>\n<li>Ergonomic improvements<\/li>\n<\/ul>\n<h3 class=\"subtitle subtitle--small cl--red b\">MPSConnect: Pole position with the new generation EF press<\/h3>\n<p>New and enhanced EF features plus the collection and analysis of performance data through MPSConnect and Performance Programs drive your success formula for profit.<\/p>\n<p>With MPSConnect, we immerse ourselves in your print shop and see exactly what is happening. Our sensor technology combined with the Internet (IoT) makes real-time data collection possible.<\/p>\n<p>Drawing on valuable, fact-based insights 24\/7, our team of experts helps you make continuous improvements in waste throughput, speed and uptime to increase your competitive advantage and maximise your profits.<\/p>\n<h3>New features for better performance and results<\/h3>\n<p>To achieve the ultimate in press productivity, we&#039;ve added these new features to the EF platform:<\/p>\n<ul>\n<li>MPSConnect<\/li>\n<li>Operational Board<\/li>\n<li>Administration Panel<\/li>\n<li>User management and custom performance<\/li>\n<\/ul>","protected":false},"featured_media":6321,"template":"","meta":[],"product_cat":[686,672],"product_tag":[],"class_list":{"0":"post-6320","1":"product","2":"type-product","3":"status-publish","4":"has-post-thumbnail","6":"product_cat-flexografia","7":"product_cat-impresion","8":"pa_marca-mps","9":"pa_sectores-embalaje-flexible","11":"first","12":"instock","13":"shipping-taxable","14":"product-type-simple"},"yoast_head":"<!-- This site is optimized with the Yoast SEO plugin v27.4 - https:\/\/yoast.com\/product\/yoast-seo-wordpress\/ -->\n<title>M\u00e1quina Impresi\u00f3n flexogr\u00e1fica - MPS EF de pr\u00f3xima generaci\u00f3n - OMC sae<\/title>\n<meta name=\"robots\" content=\"index, follow, max-snippet:-1, max-image-preview:large, max-video-preview:-1\" \/>\n<link rel=\"canonical\" href=\"https:\/\/www.omcsae.com\/en\/products\/next-generation-flexo-printing-machine-ef\/\" \/>\n<meta property=\"og:locale\" content=\"en_GB\" \/>\n<meta property=\"og:type\" content=\"article\" \/>\n<meta property=\"og:title\" content=\"M\u00e1quina Impresi\u00f3n flexogr\u00e1fica - MPS EF de pr\u00f3xima generaci\u00f3n - OMC sae\" \/>\n<meta property=\"og:description\" content=\"La pr\u00f3xima generaci\u00f3n de EF es una prensa de impresi\u00f3n flexogr\u00e1fica robusta, confiable, altamente calificada y totalmente automatizada, lista para operaciones 24 x 7.   Ingenier\u00eda robusta  Dos niveles de automatizaci\u00f3n  Funciones nuevas y mejoradas  Lo \u00faltimo en productividad de la prensa a trav\u00e9s de la conectividad  Valores Agregados   Mejoras de conectividad y rendimiento con MPSConnect  Excelente calidad de impresi\u00f3n  Alta productividad  Adecuado para m\u00faltiples sustratos  F\u00e1cil de operar  Conversi\u00f3n flexible  Flexibilidad en la automatizaci\u00f3n  Precio de costo m\u00e1s bajo por 1000 etiquetas  Alta repetibilidad con ajustes de presi\u00f3n automatizados  Caracter\u00edsticas \u00fanicas que impulsan su prensa EF   Cambio de estampado continuo  Tecnolog\u00eda Crisp.Dot  Matriz iStrip  yo controlo  Sistema de rieles Ultraflex  Preregistro de ense\u00f1anza autom\u00e1tica  Caracter\u00edsticas mejoradas para su m\u00e1ximo rendimiento Para ayudarlo a liberar su potencial de impresi\u00f3n y obtener los m\u00e1ximos resultados de su prensa, seguimos innovando.  Sobre la base de la base exitosa de 6 generaciones anteriores de la plataforma EF, realizamos estas mejoras en la m\u00e1quina EF de pr\u00f3xima generaci\u00f3n:   Caj\u00f3n de tinta deslizable est\u00e1ndar  E-sleeve con liberaci\u00f3n r\u00e1pida  Memoria de trabajo avanzada  Registro M2M (marca a marca)  Ancho de banda extendido a 580 mm  Unidades de riel robustas mejoradas  Protecci\u00f3n de seguridad de barra de dedo est\u00e1ndar  Mejoras ergon\u00f3micas  MPSConnect: Pole position con la prensa EF de nueva generaci\u00f3n Las funciones nuevas y mejoradas de EF m\u00e1s la recopilaci\u00f3n y el an\u00e1lisis de datos de rendimiento a trav\u00e9s de MPSConnect y Performance Programs impulsan su f\u00f3rmula de \u00e9xito para obtener ganancias.  Con MPSConnect, nos sumergimos en su imprenta y vemos exactamente lo que est\u00e1 sucediendo.\u00a0Nuestra tecnolog\u00eda de sensores combinada con Internet (IoT) hace posible la recopilaci\u00f3n de datos en tiempo real.  A partir de valiosos conocimientos basados \u200b\u200ben hechos las 24 horas del d\u00eda, los 7 d\u00edas de la semana, nuestro equipo de expertos lo ayuda a realizar mejoras continuas en el rendimiento de los desechos, la velocidad y el tiempo de actividad para aumentar sus ventajas competitivas y maximizar sus ganancias. Nuevas funciones para un mejor rendimiento y resultados Para obtener lo \u00faltimo en productividad de la prensa, agregamos estas nuevas funciones a la plataforma EF:   MPSConnect  Tablero Operacional  Panel de administraci\u00f3n  Gesti\u00f3n de usuarios y rendimiento personalizado\" \/>\n<meta property=\"og:url\" content=\"https:\/\/www.omcsae.com\/en\/products\/next-generation-flexo-printing-machine-ef\/\" \/>\n<meta property=\"og:site_name\" content=\"OMC sae\" \/>\n<meta property=\"article:modified_time\" content=\"2022-02-23T16:42:22+00:00\" \/>\n<meta property=\"og:image\" content=\"https:\/\/www.omcsae.com\/wp-content\/uploads\/2022\/02\/Connectivity-Dashboard_MPS-EF430-123-1.jpg\" \/>\n\t<meta property=\"og:image:width\" content=\"1920\" \/>\n\t<meta property=\"og:image:height\" content=\"1390\" \/>\n\t<meta property=\"og:image:type\" content=\"image\/jpeg\" \/>\n<meta name=\"twitter:card\" content=\"summary_large_image\" \/>\n<script type=\"application\/ld+json\" class=\"yoast-schema-graph\">{\"@context\":\"https:\\\/\\\/schema.org\",\"@graph\":[{\"@type\":\"WebPage\",\"@id\":\"https:\\\/\\\/www.omcsae.com\\\/producto\\\/maquina-impresion-flexografica-ef-de-proxima-generacion\\\/\",\"url\":\"https:\\\/\\\/www.omcsae.com\\\/producto\\\/maquina-impresion-flexografica-ef-de-proxima-generacion\\\/\",\"name\":\"M\u00e1quina Impresi\u00f3n flexogr\u00e1fica - MPS EF de pr\u00f3xima generaci\u00f3n - OMC sae\",\"isPartOf\":{\"@id\":\"https:\\\/\\\/www.omcsae.com\\\/#website\"},\"primaryImageOfPage\":{\"@id\":\"https:\\\/\\\/www.omcsae.com\\\/producto\\\/maquina-impresion-flexografica-ef-de-proxima-generacion\\\/#primaryimage\"},\"image\":{\"@id\":\"https:\\\/\\\/www.omcsae.com\\\/producto\\\/maquina-impresion-flexografica-ef-de-proxima-generacion\\\/#primaryimage\"},\"thumbnailUrl\":\"https:\\\/\\\/www.omcsae.com\\\/wp-content\\\/uploads\\\/2022\\\/02\\\/Connectivity-Dashboard_MPS-EF430-123-1.jpg\",\"datePublished\":\"2022-02-21T16:51:51+00:00\",\"dateModified\":\"2022-02-23T16:42:22+00:00\",\"breadcrumb\":{\"@id\":\"https:\\\/\\\/www.omcsae.com\\\/producto\\\/maquina-impresion-flexografica-ef-de-proxima-generacion\\\/#breadcrumb\"},\"inLanguage\":\"en-GB\",\"potentialAction\":[{\"@type\":\"ReadAction\",\"target\":[\"https:\\\/\\\/www.omcsae.com\\\/producto\\\/maquina-impresion-flexografica-ef-de-proxima-generacion\\\/\"]}]},{\"@type\":\"ImageObject\",\"inLanguage\":\"en-GB\",\"@id\":\"https:\\\/\\\/www.omcsae.com\\\/producto\\\/maquina-impresion-flexografica-ef-de-proxima-generacion\\\/#primaryimage\",\"url\":\"https:\\\/\\\/www.omcsae.com\\\/wp-content\\\/uploads\\\/2022\\\/02\\\/Connectivity-Dashboard_MPS-EF430-123-1.jpg\",\"contentUrl\":\"https:\\\/\\\/www.omcsae.com\\\/wp-content\\\/uploads\\\/2022\\\/02\\\/Connectivity-Dashboard_MPS-EF430-123-1.jpg\",\"width\":1920,\"height\":1390},{\"@type\":\"BreadcrumbList\",\"@id\":\"https:\\\/\\\/www.omcsae.com\\\/producto\\\/maquina-impresion-flexografica-ef-de-proxima-generacion\\\/#breadcrumb\",\"itemListElement\":[{\"@type\":\"ListItem\",\"position\":1,\"name\":\"Portada\",\"item\":\"https:\\\/\\\/www.omcsae.com\\\/\"},{\"@type\":\"ListItem\",\"position\":2,\"name\":\"Productos\",\"item\":\"https:\\\/\\\/www.omcsae.com\\\/shop\\\/\"},{\"@type\":\"ListItem\",\"position\":3,\"name\":\"M\u00e1quina Impresi\u00f3n flexogr\u00e1fica &#8211; MPS EF de pr\u00f3xima generaci\u00f3n\"}]},{\"@type\":\"WebSite\",\"@id\":\"https:\\\/\\\/www.omcsae.com\\\/#website\",\"url\":\"https:\\\/\\\/www.omcsae.com\\\/\",\"name\":\"OMC sae\",\"description\":\"Distribuidor de maquinaria, consumibles y equipos para imprentas, artes gr\u00e1ficas\",\"publisher\":{\"@id\":\"https:\\\/\\\/www.omcsae.com\\\/#organization\"},\"potentialAction\":[{\"@type\":\"SearchAction\",\"target\":{\"@type\":\"EntryPoint\",\"urlTemplate\":\"https:\\\/\\\/www.omcsae.com\\\/?s={search_term_string}\"},\"query-input\":{\"@type\":\"PropertyValueSpecification\",\"valueRequired\":true,\"valueName\":\"search_term_string\"}}],\"inLanguage\":\"en-GB\"},{\"@type\":\"Organization\",\"@id\":\"https:\\\/\\\/www.omcsae.com\\\/#organization\",\"name\":\"OMC SAE: distribuidor de maquinaria, consumibles y equipos para imprentas\",\"url\":\"https:\\\/\\\/www.omcsae.com\\\/\",\"logo\":{\"@type\":\"ImageObject\",\"inLanguage\":\"en-GB\",\"@id\":\"https:\\\/\\\/www.omcsae.com\\\/#\\\/schema\\\/logo\\\/image\\\/\",\"url\":\"https:\\\/\\\/www.omcsae.com\\\/wp-content\\\/uploads\\\/2020\\\/09\\\/OMC_Logo-transparent-e1646645548126.png\",\"contentUrl\":\"https:\\\/\\\/www.omcsae.com\\\/wp-content\\\/uploads\\\/2020\\\/09\\\/OMC_Logo-transparent-e1646645548126.png\",\"width\":303,\"height\":351,\"caption\":\"OMC SAE: distribuidor de maquinaria, consumibles y equipos para imprentas\"},\"image\":{\"@id\":\"https:\\\/\\\/www.omcsae.com\\\/#\\\/schema\\\/logo\\\/image\\\/\"}}]}<\/script>\n<!-- \/ Yoast SEO plugin. -->","yoast_head_json":{"title":"Flexo Printing Press - Next Generation MPS EF - OMC sae","robots":{"index":"index","follow":"follow","max-snippet":"max-snippet:-1","max-image-preview":"max-image-preview:large","max-video-preview":"max-video-preview:-1"},"canonical":"https:\/\/www.omcsae.com\/en\/products\/next-generation-flexo-printing-machine-ef\/","og_locale":"en_GB","og_type":"article","og_title":"M\u00e1quina Impresi\u00f3n flexogr\u00e1fica - MPS EF de pr\u00f3xima generaci\u00f3n - OMC sae","og_description":"La pr\u00f3xima generaci\u00f3n de EF es una prensa de impresi\u00f3n flexogr\u00e1fica robusta, confiable, altamente calificada y totalmente automatizada, lista para operaciones 24 x 7.   Ingenier\u00eda robusta  Dos niveles de automatizaci\u00f3n  Funciones nuevas y mejoradas  Lo \u00faltimo en productividad de la prensa a trav\u00e9s de la conectividad  Valores Agregados   Mejoras de conectividad y rendimiento con MPSConnect  Excelente calidad de impresi\u00f3n  Alta productividad  Adecuado para m\u00faltiples sustratos  F\u00e1cil de operar  Conversi\u00f3n flexible  Flexibilidad en la automatizaci\u00f3n  Precio de costo m\u00e1s bajo por 1000 etiquetas  Alta repetibilidad con ajustes de presi\u00f3n automatizados  Caracter\u00edsticas \u00fanicas que impulsan su prensa EF   Cambio de estampado continuo  Tecnolog\u00eda Crisp.Dot  Matriz iStrip  yo controlo  Sistema de rieles Ultraflex  Preregistro de ense\u00f1anza autom\u00e1tica  Caracter\u00edsticas mejoradas para su m\u00e1ximo rendimiento Para ayudarlo a liberar su potencial de impresi\u00f3n y obtener los m\u00e1ximos resultados de su prensa, seguimos innovando.  Sobre la base de la base exitosa de 6 generaciones anteriores de la plataforma EF, realizamos estas mejoras en la m\u00e1quina EF de pr\u00f3xima generaci\u00f3n:   Caj\u00f3n de tinta deslizable est\u00e1ndar  E-sleeve con liberaci\u00f3n r\u00e1pida  Memoria de trabajo avanzada  Registro M2M (marca a marca)  Ancho de banda extendido a 580 mm  Unidades de riel robustas mejoradas  Protecci\u00f3n de seguridad de barra de dedo est\u00e1ndar  Mejoras ergon\u00f3micas  MPSConnect: Pole position con la prensa EF de nueva generaci\u00f3n Las funciones nuevas y mejoradas de EF m\u00e1s la recopilaci\u00f3n y el an\u00e1lisis de datos de rendimiento a trav\u00e9s de MPSConnect y Performance Programs impulsan su f\u00f3rmula de \u00e9xito para obtener ganancias.  Con MPSConnect, nos sumergimos en su imprenta y vemos exactamente lo que est\u00e1 sucediendo.\u00a0Nuestra tecnolog\u00eda de sensores combinada con Internet (IoT) hace posible la recopilaci\u00f3n de datos en tiempo real.  A partir de valiosos conocimientos basados \u200b\u200ben hechos las 24 horas del d\u00eda, los 7 d\u00edas de la semana, nuestro equipo de expertos lo ayuda a realizar mejoras continuas en el rendimiento de los desechos, la velocidad y el tiempo de actividad para aumentar sus ventajas competitivas y maximizar sus ganancias. Nuevas funciones para un mejor rendimiento y resultados Para obtener lo \u00faltimo en productividad de la prensa, agregamos estas nuevas funciones a la plataforma EF:   MPSConnect  Tablero Operacional  Panel de administraci\u00f3n  Gesti\u00f3n de usuarios y rendimiento personalizado","og_url":"https:\/\/www.omcsae.com\/en\/products\/next-generation-flexo-printing-machine-ef\/","og_site_name":"OMC sae","article_modified_time":"2022-02-23T16:42:22+00:00","og_image":[{"width":1920,"height":1390,"url":"https:\/\/www.omcsae.com\/wp-content\/uploads\/2022\/02\/Connectivity-Dashboard_MPS-EF430-123-1.jpg","type":"image\/jpeg"}],"twitter_card":"summary_large_image","schema":{"@context":"https:\/\/schema.org","@graph":[{"@type":"WebPage","@id":"https:\/\/www.omcsae.com\/producto\/maquina-impresion-flexografica-ef-de-proxima-generacion\/","url":"https:\/\/www.omcsae.com\/producto\/maquina-impresion-flexografica-ef-de-proxima-generacion\/","name":"Flexo Printing Press - Next Generation MPS EF - OMC sae","isPartOf":{"@id":"https:\/\/www.omcsae.com\/#website"},"primaryImageOfPage":{"@id":"https:\/\/www.omcsae.com\/producto\/maquina-impresion-flexografica-ef-de-proxima-generacion\/#primaryimage"},"image":{"@id":"https:\/\/www.omcsae.com\/producto\/maquina-impresion-flexografica-ef-de-proxima-generacion\/#primaryimage"},"thumbnailUrl":"https:\/\/www.omcsae.com\/wp-content\/uploads\/2022\/02\/Connectivity-Dashboard_MPS-EF430-123-1.jpg","datePublished":"2022-02-21T16:51:51+00:00","dateModified":"2022-02-23T16:42:22+00:00","breadcrumb":{"@id":"https:\/\/www.omcsae.com\/producto\/maquina-impresion-flexografica-ef-de-proxima-generacion\/#breadcrumb"},"inLanguage":"en-GB","potentialAction":[{"@type":"ReadAction","target":["https:\/\/www.omcsae.com\/producto\/maquina-impresion-flexografica-ef-de-proxima-generacion\/"]}]},{"@type":"ImageObject","inLanguage":"en-GB","@id":"https:\/\/www.omcsae.com\/producto\/maquina-impresion-flexografica-ef-de-proxima-generacion\/#primaryimage","url":"https:\/\/www.omcsae.com\/wp-content\/uploads\/2022\/02\/Connectivity-Dashboard_MPS-EF430-123-1.jpg","contentUrl":"https:\/\/www.omcsae.com\/wp-content\/uploads\/2022\/02\/Connectivity-Dashboard_MPS-EF430-123-1.jpg","width":1920,"height":1390},{"@type":"BreadcrumbList","@id":"https:\/\/www.omcsae.com\/producto\/maquina-impresion-flexografica-ef-de-proxima-generacion\/#breadcrumb","itemListElement":[{"@type":"ListItem","position":1,"name":"Portada","item":"https:\/\/www.omcsae.com\/"},{"@type":"ListItem","position":2,"name":"Productos","item":"https:\/\/www.omcsae.com\/shop\/"},{"@type":"ListItem","position":3,"name":"M\u00e1quina Impresi\u00f3n flexogr\u00e1fica &#8211; MPS EF de pr\u00f3xima generaci\u00f3n"}]},{"@type":"WebSite","@id":"https:\/\/www.omcsae.com\/#website","url":"https:\/\/www.omcsae.com\/","name":"OMC sae","description":"Distributor of machinery, consumables and equipment for printing, graphic arts","publisher":{"@id":"https:\/\/www.omcsae.com\/#organization"},"potentialAction":[{"@type":"SearchAction","target":{"@type":"EntryPoint","urlTemplate":"https:\/\/www.omcsae.com\/?s={search_term_string}"},"query-input":{"@type":"PropertyValueSpecification","valueRequired":true,"valueName":"search_term_string"}}],"inLanguage":"en-GB"},{"@type":"Organization","@id":"https:\/\/www.omcsae.com\/#organization","name":"OMC SAE: distributor of machinery, consumables and equipment for the printing industry","url":"https:\/\/www.omcsae.com\/","logo":{"@type":"ImageObject","inLanguage":"en-GB","@id":"https:\/\/www.omcsae.com\/#\/schema\/logo\/image\/","url":"https:\/\/www.omcsae.com\/wp-content\/uploads\/2020\/09\/OMC_Logo-transparent-e1646645548126.png","contentUrl":"https:\/\/www.omcsae.com\/wp-content\/uploads\/2020\/09\/OMC_Logo-transparent-e1646645548126.png","width":303,"height":351,"caption":"OMC SAE: distribuidor de maquinaria, consumibles y equipos para imprentas"},"image":{"@id":"https:\/\/www.omcsae.com\/#\/schema\/logo\/image\/"}}]}},"_links":{"self":[{"href":"https:\/\/www.omcsae.com\/en\/wp-json\/wp\/v2\/product\/6320","targetHints":{"allow":["GET"]}}],"collection":[{"href":"https:\/\/www.omcsae.com\/en\/wp-json\/wp\/v2\/product"}],"about":[{"href":"https:\/\/www.omcsae.com\/en\/wp-json\/wp\/v2\/types\/product"}],"wp:featuredmedia":[{"embeddable":true,"href":"https:\/\/www.omcsae.com\/en\/wp-json\/wp\/v2\/media\/6321"}],"wp:attachment":[{"href":"https:\/\/www.omcsae.com\/en\/wp-json\/wp\/v2\/media?parent=6320"}],"wp:term":[{"taxonomy":"product_cat","embeddable":true,"href":"https:\/\/www.omcsae.com\/en\/wp-json\/wp\/v2\/product_cat?post=6320"},{"taxonomy":"product_tag","embeddable":true,"href":"https:\/\/www.omcsae.com\/en\/wp-json\/wp\/v2\/product_tag?post=6320"}],"curies":[{"name":"wp","href":"https:\/\/api.w.org\/{rel}","templated":true}]}}