{"id":6330,"date":"2022-02-23T16:33:55","date_gmt":"2022-02-23T16:33:55","guid":{"rendered":"https:\/\/www.omcsae.com\/?post_type=product&#038;p=6330"},"modified":"2023-02-13T11:14:16","modified_gmt":"2023-02-13T11:14:16","slug":"mps-exl-offset-combined-offset-press-mps-exl-offset-combined-offset-press","status":"publish","type":"product","link":"https:\/\/www.omcsae.com\/en\/products\/mps-exl-offset-combined-offset-press-mps-exl-offset-combined-offset-press\/","title":{"rendered":"Combined offset printing machine \u2013 MPS EXL-Offset"},"content":{"rendered":"","protected":false},"excerpt":{"rendered":"<p>With combined offset sleeve printing, the EXL-Offset offers you variable sleeves for different repeat lengths for both plates and blankets, significantly reducing waste.<\/p>\n<ul>\n<li>Combines offset and flexo technologies.<\/li>\n<li>Automatic inking and press adjustments.<\/li>\n<li>Lightweight aluminum sleeves.<\/li>\n<\/ul>\n<h3>Added Values<\/h3>\n<ul>\n<li>Combination of offset and flexographic technologies<\/li>\n<li>Blankets and offset blankets<\/li>\n<li>Easy to operate<\/li>\n<li>Automatic inking and press adjustments<\/li>\n<li>Lightweight aluminum sleeves<\/li>\n<li>Reduced preparation time thanks to working memory<\/li>\n<\/ul>\n<h3>Characteristics\u00a0<span style=\"font-size: 20.16px;\">unique<\/span><\/h3>\n<ul>\n<li>Print speed up to 300 m\/min = 1000 ft\/min<\/li>\n<li>Working memory<\/li>\n<li>Automated press controls<\/li>\n<li>Lateral Register<\/li>\n<li>Continuous Print Change (NPC) technology<\/li>\n<\/ul>\n<h2><span style=\"font-size: 85%;\">Options<\/span><\/h2>\n<p>The EXL offset press can be equipped with various flexo, gravure, and screen printing units, in addition to rail-mounted flexo units. Multiple converting units can also be installed, such as hot\/cold foil, delam\/relam, die-cutting, and laminating. A gravure unit allows the customer to dry solvent-based inks using hot air. The EXL offset is suitable for short- and long-run printing and converting jobs.<\/p>","protected":false},"featured_media":6881,"template":"","meta":[],"product_cat":[686,673],"product_tag":[],"class_list":{"0":"post-6330","1":"product","2":"type-product","3":"status-publish","4":"has-post-thumbnail","6":"product_cat-flexografia","7":"product_cat-offset","8":"pa_marca-mps","9":"pa_sectores-embalaje-flexible","10":"pa_sectores-packaging","12":"first","13":"instock","14":"shipping-taxable","15":"product-type-simple"},"yoast_head":"<!-- This site is optimized with the Yoast SEO plugin v27.4 - https:\/\/yoast.com\/product\/yoast-seo-wordpress\/ -->\n<title>M\u00e1quina de impresi\u00f3n offset combinada - MPS EXL-Offset - OMC sae<\/title>\n<meta name=\"robots\" content=\"index, follow, max-snippet:-1, max-image-preview:large, max-video-preview:-1\" \/>\n<link rel=\"canonical\" href=\"https:\/\/www.omcsae.com\/en\/products\/mps-exl-offset-combined-offset-press-mps-exl-offset-combined-offset-press\/\" \/>\n<meta property=\"og:locale\" content=\"en_GB\" \/>\n<meta property=\"og:type\" content=\"article\" \/>\n<meta property=\"og:title\" content=\"M\u00e1quina de impresi\u00f3n offset combinada - MPS EXL-Offset - OMC sae\" \/>\n<meta property=\"og:description\" content=\"Con la impresi\u00f3n combinada de manguitos offset, la EXL-Offset le ofrece manguitos variables para diferentes longitudes de repetici\u00f3n tanto para planchas como para mantillas, lo que reduce significativamente el desperdicio.   Combina tecnolog\u00edas offset y flexo.  Ajustes autom\u00e1ticos de entintado y prensa.  Mangas ligeras de aluminio.  Valores Agregados   Combinaci\u00f3n de tecnolog\u00edas offset y flexogr\u00e1fica  Mantas y mantas compensadas  F\u00e1cil de operar  Ajustes autom\u00e1ticos de entintado y prensa  Mangas ligeras de aluminio  Tiempo de preparaci\u00f3n reducido gracias a la memoria de trabajo  Caracter\u00edsticas\u00a0\u00fanicas   Velocidad de impresi\u00f3n de hasta 300 m\/min = 1000 pies\/min  Memoria de trabajo  Controles de prensa automatizados  Registro Lateral  Tecnolog\u00eda de cambio de impresi\u00f3n continuo (NPC)  Opciones La prensa offset EXL puede equiparse con varias unidades de flexograf\u00eda, huecograbado y pantalla, adem\u00e1s de unidades de flexograf\u00eda sobre ra\u00edles.\u00a0Tambi\u00e9n se pueden instalar m\u00faltiples unidades de conversi\u00f3n, como hot\/cold foil, delam\/relam, troquelado y laminado. Una unidad de huecograbado permite al cliente secar tintas a base de solventes con el uso de aire caliente.\u00a0El offset EXL es adecuado para trabajos de impresi\u00f3n y conversi\u00f3n de tiradas cortas y largas.\" \/>\n<meta property=\"og:url\" content=\"https:\/\/www.omcsae.com\/en\/products\/mps-exl-offset-combined-offset-press-mps-exl-offset-combined-offset-press\/\" \/>\n<meta property=\"og:site_name\" content=\"OMC sae\" \/>\n<meta property=\"article:modified_time\" content=\"2023-02-13T11:14:16+00:00\" \/>\n<meta property=\"og:image\" content=\"https:\/\/www.omcsae.com\/wp-content\/uploads\/2022\/02\/exl-LR-2.png\" \/>\n\t<meta property=\"og:image:width\" content=\"1600\" \/>\n\t<meta property=\"og:image:height\" content=\"1600\" \/>\n\t<meta property=\"og:image:type\" content=\"image\/png\" \/>\n<meta name=\"twitter:card\" content=\"summary_large_image\" \/>\n<script type=\"application\/ld+json\" class=\"yoast-schema-graph\">{\"@context\":\"https:\\\/\\\/schema.org\",\"@graph\":[{\"@type\":\"WebPage\",\"@id\":\"https:\\\/\\\/www.omcsae.com\\\/producto\\\/maquina-de-impresion-offset-combinada-mps-exl-offset\\\/\",\"url\":\"https:\\\/\\\/www.omcsae.com\\\/producto\\\/maquina-de-impresion-offset-combinada-mps-exl-offset\\\/\",\"name\":\"M\u00e1quina de impresi\u00f3n offset combinada - MPS EXL-Offset - OMC sae\",\"isPartOf\":{\"@id\":\"https:\\\/\\\/www.omcsae.com\\\/#website\"},\"primaryImageOfPage\":{\"@id\":\"https:\\\/\\\/www.omcsae.com\\\/producto\\\/maquina-de-impresion-offset-combinada-mps-exl-offset\\\/#primaryimage\"},\"image\":{\"@id\":\"https:\\\/\\\/www.omcsae.com\\\/producto\\\/maquina-de-impresion-offset-combinada-mps-exl-offset\\\/#primaryimage\"},\"thumbnailUrl\":\"https:\\\/\\\/www.omcsae.com\\\/wp-content\\\/uploads\\\/2022\\\/02\\\/exl-LR-2.png\",\"datePublished\":\"2022-02-23T16:33:55+00:00\",\"dateModified\":\"2023-02-13T11:14:16+00:00\",\"breadcrumb\":{\"@id\":\"https:\\\/\\\/www.omcsae.com\\\/producto\\\/maquina-de-impresion-offset-combinada-mps-exl-offset\\\/#breadcrumb\"},\"inLanguage\":\"en-GB\",\"potentialAction\":[{\"@type\":\"ReadAction\",\"target\":[\"https:\\\/\\\/www.omcsae.com\\\/producto\\\/maquina-de-impresion-offset-combinada-mps-exl-offset\\\/\"]}]},{\"@type\":\"ImageObject\",\"inLanguage\":\"en-GB\",\"@id\":\"https:\\\/\\\/www.omcsae.com\\\/producto\\\/maquina-de-impresion-offset-combinada-mps-exl-offset\\\/#primaryimage\",\"url\":\"https:\\\/\\\/www.omcsae.com\\\/wp-content\\\/uploads\\\/2022\\\/02\\\/exl-LR-2.png\",\"contentUrl\":\"https:\\\/\\\/www.omcsae.com\\\/wp-content\\\/uploads\\\/2022\\\/02\\\/exl-LR-2.png\",\"width\":1600,\"height\":1600},{\"@type\":\"BreadcrumbList\",\"@id\":\"https:\\\/\\\/www.omcsae.com\\\/producto\\\/maquina-de-impresion-offset-combinada-mps-exl-offset\\\/#breadcrumb\",\"itemListElement\":[{\"@type\":\"ListItem\",\"position\":1,\"name\":\"Portada\",\"item\":\"https:\\\/\\\/www.omcsae.com\\\/\"},{\"@type\":\"ListItem\",\"position\":2,\"name\":\"Productos\",\"item\":\"https:\\\/\\\/www.omcsae.com\\\/shop\\\/\"},{\"@type\":\"ListItem\",\"position\":3,\"name\":\"M\u00e1quina de impresi\u00f3n offset combinada &#8211; MPS EXL-Offset\"}]},{\"@type\":\"WebSite\",\"@id\":\"https:\\\/\\\/www.omcsae.com\\\/#website\",\"url\":\"https:\\\/\\\/www.omcsae.com\\\/\",\"name\":\"OMC sae\",\"description\":\"Distribuidor de maquinaria, consumibles y equipos para imprentas, artes gr\u00e1ficas\",\"publisher\":{\"@id\":\"https:\\\/\\\/www.omcsae.com\\\/#organization\"},\"potentialAction\":[{\"@type\":\"SearchAction\",\"target\":{\"@type\":\"EntryPoint\",\"urlTemplate\":\"https:\\\/\\\/www.omcsae.com\\\/?s={search_term_string}\"},\"query-input\":{\"@type\":\"PropertyValueSpecification\",\"valueRequired\":true,\"valueName\":\"search_term_string\"}}],\"inLanguage\":\"en-GB\"},{\"@type\":\"Organization\",\"@id\":\"https:\\\/\\\/www.omcsae.com\\\/#organization\",\"name\":\"OMC SAE: distribuidor de maquinaria, consumibles y equipos para imprentas\",\"url\":\"https:\\\/\\\/www.omcsae.com\\\/\",\"logo\":{\"@type\":\"ImageObject\",\"inLanguage\":\"en-GB\",\"@id\":\"https:\\\/\\\/www.omcsae.com\\\/#\\\/schema\\\/logo\\\/image\\\/\",\"url\":\"https:\\\/\\\/www.omcsae.com\\\/wp-content\\\/uploads\\\/2020\\\/09\\\/OMC_Logo-transparent-e1646645548126.png\",\"contentUrl\":\"https:\\\/\\\/www.omcsae.com\\\/wp-content\\\/uploads\\\/2020\\\/09\\\/OMC_Logo-transparent-e1646645548126.png\",\"width\":303,\"height\":351,\"caption\":\"OMC SAE: distribuidor de maquinaria, consumibles y equipos para imprentas\"},\"image\":{\"@id\":\"https:\\\/\\\/www.omcsae.com\\\/#\\\/schema\\\/logo\\\/image\\\/\"}}]}<\/script>\n<!-- \/ Yoast SEO plugin. -->","yoast_head_json":{"title":"Combined offset printing machine - MPS EXL-Offset - OMC sae","robots":{"index":"index","follow":"follow","max-snippet":"max-snippet:-1","max-image-preview":"max-image-preview:large","max-video-preview":"max-video-preview:-1"},"canonical":"https:\/\/www.omcsae.com\/en\/products\/mps-exl-offset-combined-offset-press-mps-exl-offset-combined-offset-press\/","og_locale":"en_GB","og_type":"article","og_title":"M\u00e1quina de impresi\u00f3n offset combinada - MPS EXL-Offset - OMC sae","og_description":"Con la impresi\u00f3n combinada de manguitos offset, la EXL-Offset le ofrece manguitos variables para diferentes longitudes de repetici\u00f3n tanto para planchas como para mantillas, lo que reduce significativamente el desperdicio.   Combina tecnolog\u00edas offset y flexo.  Ajustes autom\u00e1ticos de entintado y prensa.  Mangas ligeras de aluminio.  Valores Agregados   Combinaci\u00f3n de tecnolog\u00edas offset y flexogr\u00e1fica  Mantas y mantas compensadas  F\u00e1cil de operar  Ajustes autom\u00e1ticos de entintado y prensa  Mangas ligeras de aluminio  Tiempo de preparaci\u00f3n reducido gracias a la memoria de trabajo  Caracter\u00edsticas\u00a0\u00fanicas   Velocidad de impresi\u00f3n de hasta 300 m\/min = 1000 pies\/min  Memoria de trabajo  Controles de prensa automatizados  Registro Lateral  Tecnolog\u00eda de cambio de impresi\u00f3n continuo (NPC)  Opciones La prensa offset EXL puede equiparse con varias unidades de flexograf\u00eda, huecograbado y pantalla, adem\u00e1s de unidades de flexograf\u00eda sobre ra\u00edles.\u00a0Tambi\u00e9n se pueden instalar m\u00faltiples unidades de conversi\u00f3n, como hot\/cold foil, delam\/relam, troquelado y laminado. Una unidad de huecograbado permite al cliente secar tintas a base de solventes con el uso de aire caliente.\u00a0El offset EXL es adecuado para trabajos de impresi\u00f3n y conversi\u00f3n de tiradas cortas y largas.","og_url":"https:\/\/www.omcsae.com\/en\/products\/mps-exl-offset-combined-offset-press-mps-exl-offset-combined-offset-press\/","og_site_name":"OMC sae","article_modified_time":"2023-02-13T11:14:16+00:00","og_image":[{"width":1600,"height":1600,"url":"https:\/\/www.omcsae.com\/wp-content\/uploads\/2022\/02\/exl-LR-2.png","type":"image\/png"}],"twitter_card":"summary_large_image","schema":{"@context":"https:\/\/schema.org","@graph":[{"@type":"WebPage","@id":"https:\/\/www.omcsae.com\/producto\/maquina-de-impresion-offset-combinada-mps-exl-offset\/","url":"https:\/\/www.omcsae.com\/producto\/maquina-de-impresion-offset-combinada-mps-exl-offset\/","name":"Combined offset printing machine - MPS EXL-Offset - OMC sae","isPartOf":{"@id":"https:\/\/www.omcsae.com\/#website"},"primaryImageOfPage":{"@id":"https:\/\/www.omcsae.com\/producto\/maquina-de-impresion-offset-combinada-mps-exl-offset\/#primaryimage"},"image":{"@id":"https:\/\/www.omcsae.com\/producto\/maquina-de-impresion-offset-combinada-mps-exl-offset\/#primaryimage"},"thumbnailUrl":"https:\/\/www.omcsae.com\/wp-content\/uploads\/2022\/02\/exl-LR-2.png","datePublished":"2022-02-23T16:33:55+00:00","dateModified":"2023-02-13T11:14:16+00:00","breadcrumb":{"@id":"https:\/\/www.omcsae.com\/producto\/maquina-de-impresion-offset-combinada-mps-exl-offset\/#breadcrumb"},"inLanguage":"en-GB","potentialAction":[{"@type":"ReadAction","target":["https:\/\/www.omcsae.com\/producto\/maquina-de-impresion-offset-combinada-mps-exl-offset\/"]}]},{"@type":"ImageObject","inLanguage":"en-GB","@id":"https:\/\/www.omcsae.com\/producto\/maquina-de-impresion-offset-combinada-mps-exl-offset\/#primaryimage","url":"https:\/\/www.omcsae.com\/wp-content\/uploads\/2022\/02\/exl-LR-2.png","contentUrl":"https:\/\/www.omcsae.com\/wp-content\/uploads\/2022\/02\/exl-LR-2.png","width":1600,"height":1600},{"@type":"BreadcrumbList","@id":"https:\/\/www.omcsae.com\/producto\/maquina-de-impresion-offset-combinada-mps-exl-offset\/#breadcrumb","itemListElement":[{"@type":"ListItem","position":1,"name":"Portada","item":"https:\/\/www.omcsae.com\/"},{"@type":"ListItem","position":2,"name":"Productos","item":"https:\/\/www.omcsae.com\/shop\/"},{"@type":"ListItem","position":3,"name":"M\u00e1quina de impresi\u00f3n offset combinada &#8211; MPS EXL-Offset"}]},{"@type":"WebSite","@id":"https:\/\/www.omcsae.com\/#website","url":"https:\/\/www.omcsae.com\/","name":"OMC sae","description":"Distributor of machinery, consumables and equipment for printing, graphic arts","publisher":{"@id":"https:\/\/www.omcsae.com\/#organization"},"potentialAction":[{"@type":"SearchAction","target":{"@type":"EntryPoint","urlTemplate":"https:\/\/www.omcsae.com\/?s={search_term_string}"},"query-input":{"@type":"PropertyValueSpecification","valueRequired":true,"valueName":"search_term_string"}}],"inLanguage":"en-GB"},{"@type":"Organization","@id":"https:\/\/www.omcsae.com\/#organization","name":"OMC SAE: distributor of machinery, consumables and equipment for the printing industry","url":"https:\/\/www.omcsae.com\/","logo":{"@type":"ImageObject","inLanguage":"en-GB","@id":"https:\/\/www.omcsae.com\/#\/schema\/logo\/image\/","url":"https:\/\/www.omcsae.com\/wp-content\/uploads\/2020\/09\/OMC_Logo-transparent-e1646645548126.png","contentUrl":"https:\/\/www.omcsae.com\/wp-content\/uploads\/2020\/09\/OMC_Logo-transparent-e1646645548126.png","width":303,"height":351,"caption":"OMC SAE: distribuidor de maquinaria, consumibles y equipos para imprentas"},"image":{"@id":"https:\/\/www.omcsae.com\/#\/schema\/logo\/image\/"}}]}},"_links":{"self":[{"href":"https:\/\/www.omcsae.com\/en\/wp-json\/wp\/v2\/product\/6330","targetHints":{"allow":["GET"]}}],"collection":[{"href":"https:\/\/www.omcsae.com\/en\/wp-json\/wp\/v2\/product"}],"about":[{"href":"https:\/\/www.omcsae.com\/en\/wp-json\/wp\/v2\/types\/product"}],"wp:featuredmedia":[{"embeddable":true,"href":"https:\/\/www.omcsae.com\/en\/wp-json\/wp\/v2\/media\/6881"}],"wp:attachment":[{"href":"https:\/\/www.omcsae.com\/en\/wp-json\/wp\/v2\/media?parent=6330"}],"wp:term":[{"taxonomy":"product_cat","embeddable":true,"href":"https:\/\/www.omcsae.com\/en\/wp-json\/wp\/v2\/product_cat?post=6330"},{"taxonomy":"product_tag","embeddable":true,"href":"https:\/\/www.omcsae.com\/en\/wp-json\/wp\/v2\/product_tag?post=6330"}],"curies":[{"name":"wp","href":"https:\/\/api.w.org\/{rel}","templated":true}]}}