{"id":6332,"date":"2022-02-23T16:46:42","date_gmt":"2022-02-23T16:46:42","guid":{"rendered":"https:\/\/www.omcsae.com\/?post_type=product&#038;p=6332"},"modified":"2023-02-13T12:05:38","modified_gmt":"2023-02-13T12:05:38","slug":"mps-exl-packaging-printing-machine-mps-exl-packaging","status":"publish","type":"product","link":"https:\/\/www.omcsae.com\/en\/products\/mps-exl-packaging-printing-machine-mps-exl-packaging\/","title":{"rendered":"Packaging printing machine \u2013 MPS EXL-Packaging Mid Web"},"content":{"rendered":"","protected":false},"excerpt":{"rendered":"<p>The EXL-Packaging Mid Web packaging press offers the widest and fastest printing without limits for narrow-to-mid-web printers and converters, and can do so on a wide variety of substrates.<\/p>\n<ul>\n<li>Print a wide range of packaging applications<\/li>\n<li>Quick and easy press setup<\/li>\n<li>Versatility in conversion and drying options<\/li>\n<\/ul>\n<h3>Added Values<\/h3>\n<ul>\n<li>Automatic loading of printing sleeves<\/li>\n<li>Lean Inking for easy cleanup and low ink content<\/li>\n<li>Versatility in conversion and drying options<\/li>\n<li>APC for efficient short-order runs<\/li>\n<li>Suitable for UV, water-based and solvent-based inks<\/li>\n<li>Compatible with different printing and converting units (e.g. screen, gravure)<\/li>\n<\/ul>\n<h3>Characteristics\u00a0<span style=\"font-size: 20.16px;\">unique<\/span><\/h3>\n<ul>\n<li>Working memory<\/li>\n<li>Automated press controls<\/li>\n<li>Lateral Register<\/li>\n<li>istop<\/li>\n<li>Metric printing<\/li>\n<li>Continuous Print Change (NPC) technology<\/li>\n<\/ul>\n<h3><span style=\"font-size: 20.16px;\">Options<\/span><\/h3>\n<p>The EXL packaging offers extensive flexibility; it is suitable for printing with UV, water-based, and solvent-based inks. The EXL packaging is a flexographic press, but various printing and converting units can also be integrated, such as screen printing, gravure printing, laminating, hot foil, and cold foil printing.<\/p>","protected":false},"featured_media":6891,"template":"","meta":[],"product_cat":[686],"product_tag":[],"class_list":{"0":"post-6332","1":"product","2":"type-product","3":"status-publish","4":"has-post-thumbnail","6":"product_cat-flexografia","7":"pa_marca-mps","8":"pa_sectores-packaging","10":"first","11":"instock","12":"shipping-taxable","13":"product-type-simple"},"yoast_head":"<!-- This site is optimized with the Yoast SEO plugin v27.4 - https:\/\/yoast.com\/product\/yoast-seo-wordpress\/ -->\n<title>M\u00e1quina para impresi\u00f3n de packaging - MPS EXL-Packaging Mid Web - OMC sae<\/title>\n<meta name=\"robots\" content=\"index, follow, max-snippet:-1, max-image-preview:large, max-video-preview:-1\" \/>\n<link rel=\"canonical\" href=\"https:\/\/www.omcsae.com\/en\/products\/mps-exl-packaging-printing-machine-mps-exl-packaging\/\" \/>\n<meta property=\"og:locale\" content=\"en_GB\" \/>\n<meta property=\"og:type\" content=\"article\" \/>\n<meta property=\"og:title\" content=\"M\u00e1quina para impresi\u00f3n de packaging - MPS EXL-Packaging Mid Web - OMC sae\" \/>\n<meta property=\"og:description\" content=\"La prensa de embalaje EXL-Packaging Mid Web ofrece la impresi\u00f3n m\u00e1s amplia y r\u00e1pida sin l\u00edmites para impresores y convertidores de banda estrecha a media adem\u00e1s de hacerlo en una gran variedad de sustratos.   Imprima una amplia gama de aplicaciones de embalaje  Configuraci\u00f3n de prensa f\u00e1cil y r\u00e1pida  Versatilidad en las opciones de conversi\u00f3n y secado  Valores Agregados   Carga autom\u00e1tica de mangas de impresi\u00f3n  Lean Inking para una f\u00e1cil limpieza y bajo contenido de tinta  Versatilidad en las opciones de conversi\u00f3n y secado  APC para tiradas eficientes de pedidos cortos  Adecuado para tintas UV, base agua y base solvente  Compatible con diferentes unidades de impresi\u00f3n y conversi\u00f3n (por ejemplo, pantalla, huecograbado)  Caracter\u00edsticas\u00a0\u00fanicas   Memoria de trabajo  Controles de prensa automatizados  Registro Lateral  istop  Impresi\u00f3n m\u00e9trica  Tecnolog\u00eda de cambio de impresi\u00f3n continuo (NPC)  Opciones La flexibilidad del embalaje EXL es amplia;\u00a0es adecuado para imprimir con tintas UV, base agua y base solvente.\u00a0La EXL-packaging es una prensa flexogr\u00e1fica, pero tambi\u00e9n se pueden integrar diferentes unidades de impresi\u00f3n y conversi\u00f3n, como unidades de serigraf\u00eda, huecograbado, laminado, hot foil y cold foil.\" \/>\n<meta property=\"og:url\" content=\"https:\/\/www.omcsae.com\/en\/products\/mps-exl-packaging-printing-machine-mps-exl-packaging\/\" \/>\n<meta property=\"og:site_name\" content=\"OMC sae\" \/>\n<meta property=\"article:modified_time\" content=\"2023-02-13T12:05:38+00:00\" \/>\n<meta property=\"og:image\" content=\"https:\/\/www.omcsae.com\/wp-content\/uploads\/2022\/02\/exl_packaging-HR-1024x350-1.png\" \/>\n\t<meta property=\"og:image:width\" content=\"1024\" \/>\n\t<meta property=\"og:image:height\" content=\"1024\" \/>\n\t<meta property=\"og:image:type\" content=\"image\/png\" \/>\n<meta name=\"twitter:card\" content=\"summary_large_image\" \/>\n<script type=\"application\/ld+json\" class=\"yoast-schema-graph\">{\"@context\":\"https:\\\/\\\/schema.org\",\"@graph\":[{\"@type\":\"WebPage\",\"@id\":\"https:\\\/\\\/www.omcsae.com\\\/producto\\\/maquina-para-impresion-de-packaging-mps-exl-packaging\\\/\",\"url\":\"https:\\\/\\\/www.omcsae.com\\\/producto\\\/maquina-para-impresion-de-packaging-mps-exl-packaging\\\/\",\"name\":\"M\u00e1quina para impresi\u00f3n de packaging - MPS EXL-Packaging Mid Web - OMC sae\",\"isPartOf\":{\"@id\":\"https:\\\/\\\/www.omcsae.com\\\/#website\"},\"primaryImageOfPage\":{\"@id\":\"https:\\\/\\\/www.omcsae.com\\\/producto\\\/maquina-para-impresion-de-packaging-mps-exl-packaging\\\/#primaryimage\"},\"image\":{\"@id\":\"https:\\\/\\\/www.omcsae.com\\\/producto\\\/maquina-para-impresion-de-packaging-mps-exl-packaging\\\/#primaryimage\"},\"thumbnailUrl\":\"https:\\\/\\\/www.omcsae.com\\\/wp-content\\\/uploads\\\/2022\\\/02\\\/exl_packaging-HR-1024x350-1.png\",\"datePublished\":\"2022-02-23T16:46:42+00:00\",\"dateModified\":\"2023-02-13T12:05:38+00:00\",\"breadcrumb\":{\"@id\":\"https:\\\/\\\/www.omcsae.com\\\/producto\\\/maquina-para-impresion-de-packaging-mps-exl-packaging\\\/#breadcrumb\"},\"inLanguage\":\"en-GB\",\"potentialAction\":[{\"@type\":\"ReadAction\",\"target\":[\"https:\\\/\\\/www.omcsae.com\\\/producto\\\/maquina-para-impresion-de-packaging-mps-exl-packaging\\\/\"]}]},{\"@type\":\"ImageObject\",\"inLanguage\":\"en-GB\",\"@id\":\"https:\\\/\\\/www.omcsae.com\\\/producto\\\/maquina-para-impresion-de-packaging-mps-exl-packaging\\\/#primaryimage\",\"url\":\"https:\\\/\\\/www.omcsae.com\\\/wp-content\\\/uploads\\\/2022\\\/02\\\/exl_packaging-HR-1024x350-1.png\",\"contentUrl\":\"https:\\\/\\\/www.omcsae.com\\\/wp-content\\\/uploads\\\/2022\\\/02\\\/exl_packaging-HR-1024x350-1.png\",\"width\":1024,\"height\":1024},{\"@type\":\"BreadcrumbList\",\"@id\":\"https:\\\/\\\/www.omcsae.com\\\/producto\\\/maquina-para-impresion-de-packaging-mps-exl-packaging\\\/#breadcrumb\",\"itemListElement\":[{\"@type\":\"ListItem\",\"position\":1,\"name\":\"Portada\",\"item\":\"https:\\\/\\\/www.omcsae.com\\\/\"},{\"@type\":\"ListItem\",\"position\":2,\"name\":\"Productos\",\"item\":\"https:\\\/\\\/www.omcsae.com\\\/shop\\\/\"},{\"@type\":\"ListItem\",\"position\":3,\"name\":\"M\u00e1quina para impresi\u00f3n de packaging &#8211; MPS EXL-Packaging Mid Web\"}]},{\"@type\":\"WebSite\",\"@id\":\"https:\\\/\\\/www.omcsae.com\\\/#website\",\"url\":\"https:\\\/\\\/www.omcsae.com\\\/\",\"name\":\"OMC sae\",\"description\":\"Distribuidor de maquinaria, consumibles y equipos para imprentas, artes gr\u00e1ficas\",\"publisher\":{\"@id\":\"https:\\\/\\\/www.omcsae.com\\\/#organization\"},\"potentialAction\":[{\"@type\":\"SearchAction\",\"target\":{\"@type\":\"EntryPoint\",\"urlTemplate\":\"https:\\\/\\\/www.omcsae.com\\\/?s={search_term_string}\"},\"query-input\":{\"@type\":\"PropertyValueSpecification\",\"valueRequired\":true,\"valueName\":\"search_term_string\"}}],\"inLanguage\":\"en-GB\"},{\"@type\":\"Organization\",\"@id\":\"https:\\\/\\\/www.omcsae.com\\\/#organization\",\"name\":\"OMC SAE: distribuidor de maquinaria, consumibles y equipos para imprentas\",\"url\":\"https:\\\/\\\/www.omcsae.com\\\/\",\"logo\":{\"@type\":\"ImageObject\",\"inLanguage\":\"en-GB\",\"@id\":\"https:\\\/\\\/www.omcsae.com\\\/#\\\/schema\\\/logo\\\/image\\\/\",\"url\":\"https:\\\/\\\/www.omcsae.com\\\/wp-content\\\/uploads\\\/2020\\\/09\\\/OMC_Logo-transparent-e1646645548126.png\",\"contentUrl\":\"https:\\\/\\\/www.omcsae.com\\\/wp-content\\\/uploads\\\/2020\\\/09\\\/OMC_Logo-transparent-e1646645548126.png\",\"width\":303,\"height\":351,\"caption\":\"OMC SAE: distribuidor de maquinaria, consumibles y equipos para imprentas\"},\"image\":{\"@id\":\"https:\\\/\\\/www.omcsae.com\\\/#\\\/schema\\\/logo\\\/image\\\/\"}}]}<\/script>\n<!-- \/ Yoast SEO plugin. -->","yoast_head_json":{"title":"Packaging printing machine - MPS EXL-Packaging Mid Web - OMC sae","robots":{"index":"index","follow":"follow","max-snippet":"max-snippet:-1","max-image-preview":"max-image-preview:large","max-video-preview":"max-video-preview:-1"},"canonical":"https:\/\/www.omcsae.com\/en\/products\/mps-exl-packaging-printing-machine-mps-exl-packaging\/","og_locale":"en_GB","og_type":"article","og_title":"M\u00e1quina para impresi\u00f3n de packaging - MPS EXL-Packaging Mid Web - OMC sae","og_description":"La prensa de embalaje EXL-Packaging Mid Web ofrece la impresi\u00f3n m\u00e1s amplia y r\u00e1pida sin l\u00edmites para impresores y convertidores de banda estrecha a media adem\u00e1s de hacerlo en una gran variedad de sustratos.   Imprima una amplia gama de aplicaciones de embalaje  Configuraci\u00f3n de prensa f\u00e1cil y r\u00e1pida  Versatilidad en las opciones de conversi\u00f3n y secado  Valores Agregados   Carga autom\u00e1tica de mangas de impresi\u00f3n  Lean Inking para una f\u00e1cil limpieza y bajo contenido de tinta  Versatilidad en las opciones de conversi\u00f3n y secado  APC para tiradas eficientes de pedidos cortos  Adecuado para tintas UV, base agua y base solvente  Compatible con diferentes unidades de impresi\u00f3n y conversi\u00f3n (por ejemplo, pantalla, huecograbado)  Caracter\u00edsticas\u00a0\u00fanicas   Memoria de trabajo  Controles de prensa automatizados  Registro Lateral  istop  Impresi\u00f3n m\u00e9trica  Tecnolog\u00eda de cambio de impresi\u00f3n continuo (NPC)  Opciones La flexibilidad del embalaje EXL es amplia;\u00a0es adecuado para imprimir con tintas UV, base agua y base solvente.\u00a0La EXL-packaging es una prensa flexogr\u00e1fica, pero tambi\u00e9n se pueden integrar diferentes unidades de impresi\u00f3n y conversi\u00f3n, como unidades de serigraf\u00eda, huecograbado, laminado, hot foil y cold foil.","og_url":"https:\/\/www.omcsae.com\/en\/products\/mps-exl-packaging-printing-machine-mps-exl-packaging\/","og_site_name":"OMC sae","article_modified_time":"2023-02-13T12:05:38+00:00","og_image":[{"width":1024,"height":1024,"url":"https:\/\/www.omcsae.com\/wp-content\/uploads\/2022\/02\/exl_packaging-HR-1024x350-1.png","type":"image\/png"}],"twitter_card":"summary_large_image","schema":{"@context":"https:\/\/schema.org","@graph":[{"@type":"WebPage","@id":"https:\/\/www.omcsae.com\/producto\/maquina-para-impresion-de-packaging-mps-exl-packaging\/","url":"https:\/\/www.omcsae.com\/producto\/maquina-para-impresion-de-packaging-mps-exl-packaging\/","name":"Packaging printing machine - MPS EXL-Packaging Mid Web - OMC sae","isPartOf":{"@id":"https:\/\/www.omcsae.com\/#website"},"primaryImageOfPage":{"@id":"https:\/\/www.omcsae.com\/producto\/maquina-para-impresion-de-packaging-mps-exl-packaging\/#primaryimage"},"image":{"@id":"https:\/\/www.omcsae.com\/producto\/maquina-para-impresion-de-packaging-mps-exl-packaging\/#primaryimage"},"thumbnailUrl":"https:\/\/www.omcsae.com\/wp-content\/uploads\/2022\/02\/exl_packaging-HR-1024x350-1.png","datePublished":"2022-02-23T16:46:42+00:00","dateModified":"2023-02-13T12:05:38+00:00","breadcrumb":{"@id":"https:\/\/www.omcsae.com\/producto\/maquina-para-impresion-de-packaging-mps-exl-packaging\/#breadcrumb"},"inLanguage":"en-GB","potentialAction":[{"@type":"ReadAction","target":["https:\/\/www.omcsae.com\/producto\/maquina-para-impresion-de-packaging-mps-exl-packaging\/"]}]},{"@type":"ImageObject","inLanguage":"en-GB","@id":"https:\/\/www.omcsae.com\/producto\/maquina-para-impresion-de-packaging-mps-exl-packaging\/#primaryimage","url":"https:\/\/www.omcsae.com\/wp-content\/uploads\/2022\/02\/exl_packaging-HR-1024x350-1.png","contentUrl":"https:\/\/www.omcsae.com\/wp-content\/uploads\/2022\/02\/exl_packaging-HR-1024x350-1.png","width":1024,"height":1024},{"@type":"BreadcrumbList","@id":"https:\/\/www.omcsae.com\/producto\/maquina-para-impresion-de-packaging-mps-exl-packaging\/#breadcrumb","itemListElement":[{"@type":"ListItem","position":1,"name":"Portada","item":"https:\/\/www.omcsae.com\/"},{"@type":"ListItem","position":2,"name":"Productos","item":"https:\/\/www.omcsae.com\/shop\/"},{"@type":"ListItem","position":3,"name":"M\u00e1quina para impresi\u00f3n de packaging &#8211; MPS EXL-Packaging Mid Web"}]},{"@type":"WebSite","@id":"https:\/\/www.omcsae.com\/#website","url":"https:\/\/www.omcsae.com\/","name":"OMC sae","description":"Distributor of machinery, consumables and equipment for printing, graphic arts","publisher":{"@id":"https:\/\/www.omcsae.com\/#organization"},"potentialAction":[{"@type":"SearchAction","target":{"@type":"EntryPoint","urlTemplate":"https:\/\/www.omcsae.com\/?s={search_term_string}"},"query-input":{"@type":"PropertyValueSpecification","valueRequired":true,"valueName":"search_term_string"}}],"inLanguage":"en-GB"},{"@type":"Organization","@id":"https:\/\/www.omcsae.com\/#organization","name":"OMC SAE: distributor of machinery, consumables and equipment for the printing industry","url":"https:\/\/www.omcsae.com\/","logo":{"@type":"ImageObject","inLanguage":"en-GB","@id":"https:\/\/www.omcsae.com\/#\/schema\/logo\/image\/","url":"https:\/\/www.omcsae.com\/wp-content\/uploads\/2020\/09\/OMC_Logo-transparent-e1646645548126.png","contentUrl":"https:\/\/www.omcsae.com\/wp-content\/uploads\/2020\/09\/OMC_Logo-transparent-e1646645548126.png","width":303,"height":351,"caption":"OMC SAE: distribuidor de maquinaria, consumibles y equipos para imprentas"},"image":{"@id":"https:\/\/www.omcsae.com\/#\/schema\/logo\/image\/"}}]}},"_links":{"self":[{"href":"https:\/\/www.omcsae.com\/en\/wp-json\/wp\/v2\/product\/6332","targetHints":{"allow":["GET"]}}],"collection":[{"href":"https:\/\/www.omcsae.com\/en\/wp-json\/wp\/v2\/product"}],"about":[{"href":"https:\/\/www.omcsae.com\/en\/wp-json\/wp\/v2\/types\/product"}],"wp:featuredmedia":[{"embeddable":true,"href":"https:\/\/www.omcsae.com\/en\/wp-json\/wp\/v2\/media\/6891"}],"wp:attachment":[{"href":"https:\/\/www.omcsae.com\/en\/wp-json\/wp\/v2\/media?parent=6332"}],"wp:term":[{"taxonomy":"product_cat","embeddable":true,"href":"https:\/\/www.omcsae.com\/en\/wp-json\/wp\/v2\/product_cat?post=6332"},{"taxonomy":"product_tag","embeddable":true,"href":"https:\/\/www.omcsae.com\/en\/wp-json\/wp\/v2\/product_tag?post=6332"}],"curies":[{"name":"wp","href":"https:\/\/api.w.org\/{rel}","templated":true}]}}