{"id":6614,"date":"2022-03-09T16:33:11","date_gmt":"2022-03-09T16:33:11","guid":{"rendered":"https:\/\/www.omcsae.com\/?post_type=product&#038;p=6614"},"modified":"2023-02-13T11:16:42","modified_gmt":"2023-02-13T11:16:42","slug":"offset-printing-machine-komori-lithrone-g37","status":"publish","type":"product","link":"https:\/\/www.omcsae.com\/en\/products\/offset-printing-machine-komori-lithrone-g37\/","title":{"rendered":"Offset Printing Machine \u2013 Komori LITHRONE G37"},"content":{"rendered":"<h2 class=\"heading_title\">Characteristics<\/h2>\n<ul class=\"list-bullet\">\n<li>High reliability OffsetOnDemand machine.<\/li>\n<li>It is suitable for short lead times, short runs of many different products, and press tests because the KHS-AI is standard equipment.<\/li>\n<li>Stable high-speed operation at a maximum print speed of 15,000 sheets per hour with sheet thicknesses of 0.04 to 0.6 mm. (Option 0.06~0.8)<\/li>\n<li>The maximum sheet size of 640 x 940 mm accommodates a wide range of printing needs, not only for editorial and commercial printing, but also for packaging printing.<\/li>\n<\/ul>\n<table class=\"table_inner\">\n<tbody>\n<tr>\n<th class=\"cell-style1\">Model<\/th>\n<td class=\"cell-style1\"><\/td>\n<td>LITRON G37<\/td>\n<\/tr>\n<tr>\n<th class=\"cell-style1\">Number of colors<\/th>\n<td class=\"cell-style1\"><\/td>\n<td>2,4,5<\/td>\n<\/tr>\n<tr>\n<th class=\"cell-style1\">max. sheet size<\/th>\n<td class=\"cell-style1\">millimeter<\/td>\n<td>640\u00d7940<\/td>\n<\/tr>\n<tr>\n<th class=\"cell-style1\">max. print area<\/th>\n<td class=\"cell-style1\">millimeter<\/td>\n<td>620\u00d7930<\/td>\n<\/tr>\n<tr>\n<th class=\"cell-style1\">Plate size<\/th>\n<td class=\"cell-style1\">millimeter<\/td>\n<td>700\u00d7945<\/td>\n<\/tr>\n<tr>\n<th class=\"cell-style1\">Feeder stack height<\/th>\n<td class=\"cell-style1\">millimeter<\/td>\n<td>900<\/td>\n<\/tr>\n<tr>\n<th class=\"cell-style1\">Delivery pile height<\/th>\n<td class=\"cell-style1\">millimeter<\/td>\n<td>900<\/td>\n<\/tr>\n<\/tbody>\n<\/table>\n<p>* Performance and numbers may differ from the specifications detailed here.<br \/>\n* Specifications may also be modified to improve the product.<\/p>","protected":false},"excerpt":{"rendered":"<p><img loading=\"lazy\" decoding=\"async\" class=\"size-medium wp-image-6616 aligncenter\" src=\"https:\/\/www.omcsae.com\/wp-content\/uploads\/2022\/03\/GL37_gray-300x28.png\" alt=\"\" width=\"300\" height=\"28\" srcset=\"https:\/\/www.omcsae.com\/wp-content\/uploads\/2022\/03\/GL37_gray-300x28.png 300w, https:\/\/www.omcsae.com\/wp-content\/uploads\/2022\/03\/GL37_gray-600x57.png 600w, https:\/\/www.omcsae.com\/wp-content\/uploads\/2022\/03\/GL37_gray-1024x97.png 1024w, https:\/\/www.omcsae.com\/wp-content\/uploads\/2022\/03\/GL37_gray-768x73.png 768w, https:\/\/www.omcsae.com\/wp-content\/uploads\/2022\/03\/GL37_gray-1536x145.png 1536w, https:\/\/www.omcsae.com\/wp-content\/uploads\/2022\/03\/GL37_gray-18x2.png 18w, https:\/\/www.omcsae.com\/wp-content\/uploads\/2022\/03\/GL37_gray.png 1565w\" sizes=\"auto, (max-width: 300px) 100vw, 300px\" \/><\/p>\n<p class=\"text-paragraph\">The Lithrone G37 37-inch sheet-fed press has joined the Lithrone G-series lineup, the epitome of Komori&#039;s cutting-edge technologies and know-how. Equipped with an evolved version of the KHS-AI integrated control system for quick print start-up, this OffsetOnDemand press addresses the critical needs of short lead times, many different print products, short runs and low cost.<br \/>\nA compact press that can produce A1 size products, the Lithrone G37 offers a maximum sheet size of 640 x 940mm. Capable of printing sheets up to 37 inches wide, this press has the power to address the full range of requirements in the editorial and commercial printing segments. Since color management can be implemented by including a CMS color bar on 8 page per side US Letter or A4 size imposed sheets, this machine is ideal for producing high page count, high output products. Print quality.<\/p>\n<div class=\"js-accordion\">\n<div class=\"js-accordion_panel\">\n<p class=\"text-paragraph\">Perfect for printing items on the international standard A1 poster size, plus full flexibility on design criteria, such as binding registration marks. A maximum print speed of 15,000 sheets per hour and stable operation offered by automated systems with KHS-AI at their core make the Lithrone G37 the ultimate high-tech machine for outstanding productivity and consistent bottom line performance.<\/p>\n<\/div>\n<\/div>","protected":false},"featured_media":6882,"template":"","meta":[],"product_cat":[673],"product_tag":[],"class_list":{"0":"post-6614","1":"product","2":"type-product","3":"status-publish","4":"has-post-thumbnail","6":"product_cat-offset","7":"pa_marca-komori","8":"pa_sectores-impresion-comercial","9":"pa_sectores-packaging","11":"first","12":"instock","13":"shipping-taxable","14":"product-type-simple"},"yoast_head":"<!-- This site is optimized with the Yoast SEO plugin v27.4 - https:\/\/yoast.com\/product\/yoast-seo-wordpress\/ -->\n<title>M\u00e1quina de impresi\u00f3n offset - Komori LITHRONE G37 - OMC sae<\/title>\n<meta name=\"robots\" content=\"index, follow, max-snippet:-1, max-image-preview:large, max-video-preview:-1\" \/>\n<link rel=\"canonical\" href=\"https:\/\/www.omcsae.com\/en\/products\/offset-printing-machine-komori-lithrone-g37\/\" \/>\n<meta property=\"og:locale\" content=\"en_GB\" \/>\n<meta property=\"og:type\" content=\"article\" \/>\n<meta property=\"og:title\" content=\"M\u00e1quina de impresi\u00f3n offset - Komori LITHRONE G37 - OMC sae\" \/>\n<meta property=\"og:description\" content=\"La prensa alimentada por hojas Lithrone G37 de 37 pulgadas se ha unido a la l\u00ednea de la serie Lithrone G, el ep\u00edtome de las tecnolog\u00edas de vanguardia y el conocimiento de Komori.\u00a0Equipada con una versi\u00f3n evolucionada del sistema de control integrado KHS-AI para un inicio r\u00e1pido de la impresi\u00f3n, esta m\u00e1quina OffsetOnDemand aborda las necesidades cr\u00edticas de plazos de entrega cortos, muchos productos impresos diferentes, tiradas cortas y bajo costo. Una prensa compacta que puede producir productos de tama\u00f1o A1, la Lithrone G37 ofrece un tama\u00f1o m\u00e1ximo de hoja de 640 x 940 mm.\u00a0Capaz de imprimir hojas de hasta 37 pulgadas de ancho, esta prensa tiene el poder de abordar la gama completa de requisitos en los segmentos de impresi\u00f3n comercial y editorial.\u00a0Dado que la administraci\u00f3n del color se puede implementar mediante la inclusi\u00f3n de una barra de color CMS en hojas con imposiciones de tama\u00f1o A4 o carta estadounidense de 8 p\u00e1ginas por cara, esta m\u00e1quina es ideal para producir productos con un gran n\u00famero de p\u00e1ginas y una alta calidad de impresi\u00f3n.    Perfecta para imprimir elementos en el tama\u00f1o de p\u00f3ster A1 est\u00e1ndar internacional, adem\u00e1s de una flexibilidad total en los criterios de dise\u00f1o, como las marcas de registro de encuadernaci\u00f3n.\u00a0La velocidad m\u00e1xima de impresi\u00f3n de 15 000 hojas por hora y el funcionamiento estable que ofrecen los sistemas automatizados con KHS-AI en su n\u00facleo hacen de la Lithrone G37 la m\u00e1quina de alta tecnolog\u00eda definitiva para una productividad sobresaliente y un rendimiento final uniforme.\" \/>\n<meta property=\"og:url\" content=\"https:\/\/www.omcsae.com\/en\/products\/offset-printing-machine-komori-lithrone-g37\/\" \/>\n<meta property=\"og:site_name\" content=\"OMC sae\" \/>\n<meta property=\"article:modified_time\" content=\"2023-02-13T11:16:42+00:00\" \/>\n<meta property=\"og:image\" content=\"https:\/\/www.omcsae.com\/wp-content\/uploads\/2022\/03\/25_GL-637CPQA-S-scaled-1.png\" \/>\n\t<meta property=\"og:image:width\" content=\"2316\" \/>\n\t<meta property=\"og:image:height\" content=\"2316\" \/>\n\t<meta property=\"og:image:type\" content=\"image\/png\" \/>\n<meta name=\"twitter:card\" content=\"summary_large_image\" \/>\n<meta name=\"twitter:label1\" content=\"Estimated reading time\" \/>\n\t<meta name=\"twitter:data1\" content=\"1 minute\" \/>\n<script type=\"application\/ld+json\" class=\"yoast-schema-graph\">{\"@context\":\"https:\\\/\\\/schema.org\",\"@graph\":[{\"@type\":\"WebPage\",\"@id\":\"https:\\\/\\\/www.omcsae.com\\\/producto\\\/maquina-de-impresion-offset-komori-lithrone-g37\\\/\",\"url\":\"https:\\\/\\\/www.omcsae.com\\\/producto\\\/maquina-de-impresion-offset-komori-lithrone-g37\\\/\",\"name\":\"M\u00e1quina de impresi\u00f3n offset - Komori LITHRONE G37 - OMC sae\",\"isPartOf\":{\"@id\":\"https:\\\/\\\/www.omcsae.com\\\/#website\"},\"primaryImageOfPage\":{\"@id\":\"https:\\\/\\\/www.omcsae.com\\\/producto\\\/maquina-de-impresion-offset-komori-lithrone-g37\\\/#primaryimage\"},\"image\":{\"@id\":\"https:\\\/\\\/www.omcsae.com\\\/producto\\\/maquina-de-impresion-offset-komori-lithrone-g37\\\/#primaryimage\"},\"thumbnailUrl\":\"https:\\\/\\\/www.omcsae.com\\\/wp-content\\\/uploads\\\/2022\\\/03\\\/25_GL-637CPQA-S-scaled-1.png\",\"datePublished\":\"2022-03-09T16:33:11+00:00\",\"dateModified\":\"2023-02-13T11:16:42+00:00\",\"breadcrumb\":{\"@id\":\"https:\\\/\\\/www.omcsae.com\\\/producto\\\/maquina-de-impresion-offset-komori-lithrone-g37\\\/#breadcrumb\"},\"inLanguage\":\"en-GB\",\"potentialAction\":[{\"@type\":\"ReadAction\",\"target\":[\"https:\\\/\\\/www.omcsae.com\\\/producto\\\/maquina-de-impresion-offset-komori-lithrone-g37\\\/\"]}]},{\"@type\":\"ImageObject\",\"inLanguage\":\"en-GB\",\"@id\":\"https:\\\/\\\/www.omcsae.com\\\/producto\\\/maquina-de-impresion-offset-komori-lithrone-g37\\\/#primaryimage\",\"url\":\"https:\\\/\\\/www.omcsae.com\\\/wp-content\\\/uploads\\\/2022\\\/03\\\/25_GL-637CPQA-S-scaled-1.png\",\"contentUrl\":\"https:\\\/\\\/www.omcsae.com\\\/wp-content\\\/uploads\\\/2022\\\/03\\\/25_GL-637CPQA-S-scaled-1.png\",\"width\":2316,\"height\":2316},{\"@type\":\"BreadcrumbList\",\"@id\":\"https:\\\/\\\/www.omcsae.com\\\/producto\\\/maquina-de-impresion-offset-komori-lithrone-g37\\\/#breadcrumb\",\"itemListElement\":[{\"@type\":\"ListItem\",\"position\":1,\"name\":\"Portada\",\"item\":\"https:\\\/\\\/www.omcsae.com\\\/\"},{\"@type\":\"ListItem\",\"position\":2,\"name\":\"Productos\",\"item\":\"https:\\\/\\\/www.omcsae.com\\\/shop\\\/\"},{\"@type\":\"ListItem\",\"position\":3,\"name\":\"M\u00e1quina de impresi\u00f3n offset &#8211; Komori LITHRONE G37\"}]},{\"@type\":\"WebSite\",\"@id\":\"https:\\\/\\\/www.omcsae.com\\\/#website\",\"url\":\"https:\\\/\\\/www.omcsae.com\\\/\",\"name\":\"OMC sae\",\"description\":\"Distribuidor de maquinaria, consumibles y equipos para imprentas, artes gr\u00e1ficas\",\"publisher\":{\"@id\":\"https:\\\/\\\/www.omcsae.com\\\/#organization\"},\"potentialAction\":[{\"@type\":\"SearchAction\",\"target\":{\"@type\":\"EntryPoint\",\"urlTemplate\":\"https:\\\/\\\/www.omcsae.com\\\/?s={search_term_string}\"},\"query-input\":{\"@type\":\"PropertyValueSpecification\",\"valueRequired\":true,\"valueName\":\"search_term_string\"}}],\"inLanguage\":\"en-GB\"},{\"@type\":\"Organization\",\"@id\":\"https:\\\/\\\/www.omcsae.com\\\/#organization\",\"name\":\"OMC SAE: distribuidor de maquinaria, consumibles y equipos para imprentas\",\"url\":\"https:\\\/\\\/www.omcsae.com\\\/\",\"logo\":{\"@type\":\"ImageObject\",\"inLanguage\":\"en-GB\",\"@id\":\"https:\\\/\\\/www.omcsae.com\\\/#\\\/schema\\\/logo\\\/image\\\/\",\"url\":\"https:\\\/\\\/www.omcsae.com\\\/wp-content\\\/uploads\\\/2020\\\/09\\\/OMC_Logo-transparent-e1646645548126.png\",\"contentUrl\":\"https:\\\/\\\/www.omcsae.com\\\/wp-content\\\/uploads\\\/2020\\\/09\\\/OMC_Logo-transparent-e1646645548126.png\",\"width\":303,\"height\":351,\"caption\":\"OMC SAE: distribuidor de maquinaria, consumibles y equipos para imprentas\"},\"image\":{\"@id\":\"https:\\\/\\\/www.omcsae.com\\\/#\\\/schema\\\/logo\\\/image\\\/\"}}]}<\/script>\n<!-- \/ Yoast SEO plugin. -->","yoast_head_json":{"title":"Offset printing machine - Komori LITHRONE G37 - OMC sae","robots":{"index":"index","follow":"follow","max-snippet":"max-snippet:-1","max-image-preview":"max-image-preview:large","max-video-preview":"max-video-preview:-1"},"canonical":"https:\/\/www.omcsae.com\/en\/products\/offset-printing-machine-komori-lithrone-g37\/","og_locale":"en_GB","og_type":"article","og_title":"M\u00e1quina de impresi\u00f3n offset - Komori LITHRONE G37 - OMC sae","og_description":"La prensa alimentada por hojas Lithrone G37 de 37 pulgadas se ha unido a la l\u00ednea de la serie Lithrone G, el ep\u00edtome de las tecnolog\u00edas de vanguardia y el conocimiento de Komori.\u00a0Equipada con una versi\u00f3n evolucionada del sistema de control integrado KHS-AI para un inicio r\u00e1pido de la impresi\u00f3n, esta m\u00e1quina OffsetOnDemand aborda las necesidades cr\u00edticas de plazos de entrega cortos, muchos productos impresos diferentes, tiradas cortas y bajo costo. Una prensa compacta que puede producir productos de tama\u00f1o A1, la Lithrone G37 ofrece un tama\u00f1o m\u00e1ximo de hoja de 640 x 940 mm.\u00a0Capaz de imprimir hojas de hasta 37 pulgadas de ancho, esta prensa tiene el poder de abordar la gama completa de requisitos en los segmentos de impresi\u00f3n comercial y editorial.\u00a0Dado que la administraci\u00f3n del color se puede implementar mediante la inclusi\u00f3n de una barra de color CMS en hojas con imposiciones de tama\u00f1o A4 o carta estadounidense de 8 p\u00e1ginas por cara, esta m\u00e1quina es ideal para producir productos con un gran n\u00famero de p\u00e1ginas y una alta calidad de impresi\u00f3n.    Perfecta para imprimir elementos en el tama\u00f1o de p\u00f3ster A1 est\u00e1ndar internacional, adem\u00e1s de una flexibilidad total en los criterios de dise\u00f1o, como las marcas de registro de encuadernaci\u00f3n.\u00a0La velocidad m\u00e1xima de impresi\u00f3n de 15 000 hojas por hora y el funcionamiento estable que ofrecen los sistemas automatizados con KHS-AI en su n\u00facleo hacen de la Lithrone G37 la m\u00e1quina de alta tecnolog\u00eda definitiva para una productividad sobresaliente y un rendimiento final uniforme.","og_url":"https:\/\/www.omcsae.com\/en\/products\/offset-printing-machine-komori-lithrone-g37\/","og_site_name":"OMC sae","article_modified_time":"2023-02-13T11:16:42+00:00","og_image":[{"width":2316,"height":2316,"url":"https:\/\/www.omcsae.com\/wp-content\/uploads\/2022\/03\/25_GL-637CPQA-S-scaled-1.png","type":"image\/png"}],"twitter_card":"summary_large_image","twitter_misc":{"Estimated reading time":"1 minute"},"schema":{"@context":"https:\/\/schema.org","@graph":[{"@type":"WebPage","@id":"https:\/\/www.omcsae.com\/producto\/maquina-de-impresion-offset-komori-lithrone-g37\/","url":"https:\/\/www.omcsae.com\/producto\/maquina-de-impresion-offset-komori-lithrone-g37\/","name":"Offset printing machine - Komori LITHRONE G37 - OMC sae","isPartOf":{"@id":"https:\/\/www.omcsae.com\/#website"},"primaryImageOfPage":{"@id":"https:\/\/www.omcsae.com\/producto\/maquina-de-impresion-offset-komori-lithrone-g37\/#primaryimage"},"image":{"@id":"https:\/\/www.omcsae.com\/producto\/maquina-de-impresion-offset-komori-lithrone-g37\/#primaryimage"},"thumbnailUrl":"https:\/\/www.omcsae.com\/wp-content\/uploads\/2022\/03\/25_GL-637CPQA-S-scaled-1.png","datePublished":"2022-03-09T16:33:11+00:00","dateModified":"2023-02-13T11:16:42+00:00","breadcrumb":{"@id":"https:\/\/www.omcsae.com\/producto\/maquina-de-impresion-offset-komori-lithrone-g37\/#breadcrumb"},"inLanguage":"en-GB","potentialAction":[{"@type":"ReadAction","target":["https:\/\/www.omcsae.com\/producto\/maquina-de-impresion-offset-komori-lithrone-g37\/"]}]},{"@type":"ImageObject","inLanguage":"en-GB","@id":"https:\/\/www.omcsae.com\/producto\/maquina-de-impresion-offset-komori-lithrone-g37\/#primaryimage","url":"https:\/\/www.omcsae.com\/wp-content\/uploads\/2022\/03\/25_GL-637CPQA-S-scaled-1.png","contentUrl":"https:\/\/www.omcsae.com\/wp-content\/uploads\/2022\/03\/25_GL-637CPQA-S-scaled-1.png","width":2316,"height":2316},{"@type":"BreadcrumbList","@id":"https:\/\/www.omcsae.com\/producto\/maquina-de-impresion-offset-komori-lithrone-g37\/#breadcrumb","itemListElement":[{"@type":"ListItem","position":1,"name":"Portada","item":"https:\/\/www.omcsae.com\/"},{"@type":"ListItem","position":2,"name":"Productos","item":"https:\/\/www.omcsae.com\/shop\/"},{"@type":"ListItem","position":3,"name":"M\u00e1quina de impresi\u00f3n offset &#8211; Komori LITHRONE G37"}]},{"@type":"WebSite","@id":"https:\/\/www.omcsae.com\/#website","url":"https:\/\/www.omcsae.com\/","name":"OMC sae","description":"Distributor of machinery, consumables and equipment for printing, graphic arts","publisher":{"@id":"https:\/\/www.omcsae.com\/#organization"},"potentialAction":[{"@type":"SearchAction","target":{"@type":"EntryPoint","urlTemplate":"https:\/\/www.omcsae.com\/?s={search_term_string}"},"query-input":{"@type":"PropertyValueSpecification","valueRequired":true,"valueName":"search_term_string"}}],"inLanguage":"en-GB"},{"@type":"Organization","@id":"https:\/\/www.omcsae.com\/#organization","name":"OMC SAE: distributor of machinery, consumables and equipment for the printing industry","url":"https:\/\/www.omcsae.com\/","logo":{"@type":"ImageObject","inLanguage":"en-GB","@id":"https:\/\/www.omcsae.com\/#\/schema\/logo\/image\/","url":"https:\/\/www.omcsae.com\/wp-content\/uploads\/2020\/09\/OMC_Logo-transparent-e1646645548126.png","contentUrl":"https:\/\/www.omcsae.com\/wp-content\/uploads\/2020\/09\/OMC_Logo-transparent-e1646645548126.png","width":303,"height":351,"caption":"OMC SAE: distribuidor de maquinaria, consumibles y equipos para imprentas"},"image":{"@id":"https:\/\/www.omcsae.com\/#\/schema\/logo\/image\/"}}]}},"_links":{"self":[{"href":"https:\/\/www.omcsae.com\/en\/wp-json\/wp\/v2\/product\/6614","targetHints":{"allow":["GET"]}}],"collection":[{"href":"https:\/\/www.omcsae.com\/en\/wp-json\/wp\/v2\/product"}],"about":[{"href":"https:\/\/www.omcsae.com\/en\/wp-json\/wp\/v2\/types\/product"}],"wp:featuredmedia":[{"embeddable":true,"href":"https:\/\/www.omcsae.com\/en\/wp-json\/wp\/v2\/media\/6882"}],"wp:attachment":[{"href":"https:\/\/www.omcsae.com\/en\/wp-json\/wp\/v2\/media?parent=6614"}],"wp:term":[{"taxonomy":"product_cat","embeddable":true,"href":"https:\/\/www.omcsae.com\/en\/wp-json\/wp\/v2\/product_cat?post=6614"},{"taxonomy":"product_tag","embeddable":true,"href":"https:\/\/www.omcsae.com\/en\/wp-json\/wp\/v2\/product_tag?post=6614"}],"curies":[{"name":"wp","href":"https:\/\/api.w.org\/{rel}","templated":true}]}}