{"id":6621,"date":"2022-03-09T16:42:26","date_gmt":"2022-03-09T16:42:26","guid":{"rendered":"https:\/\/www.omcsae.com\/?post_type=product&#038;p=6621"},"modified":"2023-02-13T11:47:02","modified_gmt":"2023-02-13T11:47:02","slug":"offset-printing-machine-komori-system-g38","status":"publish","type":"product","link":"https:\/\/www.omcsae.com\/en\/products\/offset-printing-machine-komori-system-g38\/","title":{"rendered":"Offset printing machine \u2013 Komori SYSTEM G38"},"content":{"rendered":"","protected":false},"excerpt":{"rendered":"<p><img loading=\"lazy\" decoding=\"async\" class=\"size-medium wp-image-6622 aligncenter\" src=\"https:\/\/www.omcsae.com\/wp-content\/uploads\/2022\/03\/SystemG38_gray-300x23.png\" alt=\"\" width=\"300\" height=\"23\" srcset=\"https:\/\/www.omcsae.com\/wp-content\/uploads\/2022\/03\/SystemG38_gray-300x23.png 300w, https:\/\/www.omcsae.com\/wp-content\/uploads\/2022\/03\/SystemG38_gray-600x47.png 600w, https:\/\/www.omcsae.com\/wp-content\/uploads\/2022\/03\/SystemG38_gray-1024x79.png 1024w, https:\/\/www.omcsae.com\/wp-content\/uploads\/2022\/03\/SystemG38_gray-768x60.png 768w, https:\/\/www.omcsae.com\/wp-content\/uploads\/2022\/03\/SystemG38_gray-1536x119.png 1536w, https:\/\/www.omcsae.com\/wp-content\/uploads\/2022\/03\/SystemG38_gray-2048x159.png 2048w, https:\/\/www.omcsae.com\/wp-content\/uploads\/2022\/03\/SystemG38_gray-18x1.png 18w\" sizes=\"auto, (max-width: 300px) 100vw, 300px\" \/><\/p>\n<p><strong><span style=\"font-size: 120%;\">38\u2033 offset printing press<\/span><\/strong><\/p>\n<ul class=\"list-bullet\">\n<li>Maximum performance in short makeready with AI-Link integrated control system, Full-APC (fully automatic plate changer) and H-UV instant curing system.<\/li>\n<li>Configured with in-line H-UV curing system as standard equipment. It is the solution to a wide range of printing problems. It ensures better print quality because it is dustless and solves the problem of paper expansion and contraction because a hot air dryer is not used. In addition, it meets rapid response needs and reduces operator workload and environmental impact because overall delivery time is reduced.<\/li>\n<li>Equipped with the latest technologies and systems that simultaneously complete the registration adjustment and standard densities to allow the printing of paper reels.<\/li>\n<\/ul>\n<table class=\"table_inner\">\n<tbody>\n<tr>\n<th class=\"cell-style1\">Model<\/th>\n<td class=\"cell-style1\"><\/td>\n<td>G38 SYSTEM<\/td>\n<\/tr>\n<tr>\n<th class=\"cell-style1\">Cut off<\/th>\n<td class=\"cell-style1\">millimeter<\/td>\n<td>625<\/td>\n<\/tr>\n<tr>\n<th class=\"cell-style1\">max. bandwidth<\/th>\n<td class=\"cell-style1\">millimeter<\/td>\n<td>965<\/td>\n<\/tr>\n<tr>\n<th class=\"cell-style1\">max. printing area *(length\u00d7width)(<\/th>\n<td class=\"cell-style1\">millimeter<\/td>\n<td>617\u00d7965<\/td>\n<\/tr>\n<tr>\n<th class=\"cell-style1\">Plate size (length \u00d7 width)<\/th>\n<td class=\"cell-style1\">millimeter<\/td>\n<td>649\u00d7975<\/td>\n<\/tr>\n<tr>\n<th class=\"cell-style1\">paper range<\/th>\n<td class=\"cell-style1\">gsm<\/td>\n<td>40-130<\/td>\n<\/tr>\n<\/tbody>\n<\/table>\n<p>* Performance and numbers may differ from the specifications listed here. Specifications can also be changed to improve the product.<br \/>\n* The maximum print area depends on the theoretical values for individual colors.<\/p>\n<p>&nbsp;<\/p>","protected":false},"featured_media":6885,"template":"","meta":[],"product_cat":[673],"product_tag":[],"class_list":{"0":"post-6621","1":"product","2":"type-product","3":"status-publish","4":"has-post-thumbnail","6":"product_cat-offset","7":"pa_marca-komori","8":"pa_sectores-impresion-comercial","10":"first","11":"instock","12":"shipping-taxable","13":"product-type-simple"},"yoast_head":"<!-- This site is optimized with the Yoast SEO plugin v27.4 - https:\/\/yoast.com\/product\/yoast-seo-wordpress\/ -->\n<title>M\u00e1quina de impresi\u00f3n offset - Komori SYSTEM G38 - OMC sae<\/title>\n<meta name=\"robots\" content=\"index, follow, max-snippet:-1, max-image-preview:large, max-video-preview:-1\" \/>\n<link rel=\"canonical\" href=\"https:\/\/www.omcsae.com\/en\/products\/offset-printing-machine-komori-system-g38\/\" \/>\n<meta property=\"og:locale\" content=\"en_GB\" \/>\n<meta property=\"og:type\" content=\"article\" \/>\n<meta property=\"og:title\" content=\"M\u00e1quina de impresi\u00f3n offset - Komori SYSTEM G38 - OMC sae\" \/>\n<meta property=\"og:description\" content=\"Prensa de impresi\u00f3n offset de 38&quot;   M\u00e1ximo rendimiento en preparaci\u00f3n corta con el sistema de control integrado AI-Link, Full-APC (cambiador de planchas completamente autom\u00e1tico) y el sistema de curado instant\u00e1neo H-UV.  Configurado con el sistema de curado H-UV en l\u00ednea como equipo est\u00e1ndar.\u00a0Es la soluci\u00f3n a una amplia gama de problemas de impresi\u00f3n.\u00a0Asegura una mejor calidad de impresi\u00f3n porque no tiene polvo y resuelve el problema de la expansi\u00f3n y contracci\u00f3n del papel porque no se utiliza un secador de aire caliente.\u00a0Adem\u00e1s, cumple con las necesidades de respuesta r\u00e1pida y reduce la carga de trabajo del operador y el impacto ambiental porque se reduce el tiempo de entrega total.  Equipado con las \u00faltimas tecnolog\u00edas y sistemas que completan simult\u00e1neamente el ajuste de registro y densidades est\u00e1ndar para permitir la impresi\u00f3n de bobinas de papel.     Modelo  SISTEMA G38   Cortar mil\u00edmetro 625   m\u00e1x.\u00a0ancho de banda mil\u00edmetro 965   m\u00e1x.\u00a0\u00e1rea de impresi\u00f3n *(largo\u00d7ancho)( mil\u00edmetro 617\u00d7965   Tama\u00f1o de la placa (largo \u00d7 ancho) mil\u00edmetro 649\u00d7975   Gama de papel GSM 40-130    * El rendimiento y los n\u00fameros pueden diferir de las especificaciones aqu\u00ed detalladas.\u00a0Las especificaciones tambi\u00e9n pueden modificarse para mejorar el producto. * El \u00e1rea m\u00e1xima de impresi\u00f3n depende de los valores te\u00f3ricos para colores individuales.  &nbsp;\" \/>\n<meta property=\"og:url\" content=\"https:\/\/www.omcsae.com\/en\/products\/offset-printing-machine-komori-system-g38\/\" \/>\n<meta property=\"og:site_name\" content=\"OMC sae\" \/>\n<meta property=\"article:modified_time\" content=\"2023-02-13T11:47:02+00:00\" \/>\n<meta property=\"og:image\" content=\"https:\/\/www.omcsae.com\/wp-content\/uploads\/2022\/03\/001_G38_splicer_view-scaled-1.png\" \/>\n\t<meta property=\"og:image:width\" content=\"2420\" \/>\n\t<meta property=\"og:image:height\" content=\"2420\" \/>\n\t<meta property=\"og:image:type\" content=\"image\/png\" \/>\n<meta name=\"twitter:card\" content=\"summary_large_image\" \/>\n<script type=\"application\/ld+json\" class=\"yoast-schema-graph\">{\"@context\":\"https:\\\/\\\/schema.org\",\"@graph\":[{\"@type\":\"WebPage\",\"@id\":\"https:\\\/\\\/www.omcsae.com\\\/producto\\\/maquina-de-impresion-offset-komori-system-g38\\\/\",\"url\":\"https:\\\/\\\/www.omcsae.com\\\/producto\\\/maquina-de-impresion-offset-komori-system-g38\\\/\",\"name\":\"M\u00e1quina de impresi\u00f3n offset - Komori SYSTEM G38 - OMC sae\",\"isPartOf\":{\"@id\":\"https:\\\/\\\/www.omcsae.com\\\/#website\"},\"primaryImageOfPage\":{\"@id\":\"https:\\\/\\\/www.omcsae.com\\\/producto\\\/maquina-de-impresion-offset-komori-system-g38\\\/#primaryimage\"},\"image\":{\"@id\":\"https:\\\/\\\/www.omcsae.com\\\/producto\\\/maquina-de-impresion-offset-komori-system-g38\\\/#primaryimage\"},\"thumbnailUrl\":\"https:\\\/\\\/www.omcsae.com\\\/wp-content\\\/uploads\\\/2022\\\/03\\\/001_G38_splicer_view-scaled-1.png\",\"datePublished\":\"2022-03-09T16:42:26+00:00\",\"dateModified\":\"2023-02-13T11:47:02+00:00\",\"breadcrumb\":{\"@id\":\"https:\\\/\\\/www.omcsae.com\\\/producto\\\/maquina-de-impresion-offset-komori-system-g38\\\/#breadcrumb\"},\"inLanguage\":\"en-GB\",\"potentialAction\":[{\"@type\":\"ReadAction\",\"target\":[\"https:\\\/\\\/www.omcsae.com\\\/producto\\\/maquina-de-impresion-offset-komori-system-g38\\\/\"]}]},{\"@type\":\"ImageObject\",\"inLanguage\":\"en-GB\",\"@id\":\"https:\\\/\\\/www.omcsae.com\\\/producto\\\/maquina-de-impresion-offset-komori-system-g38\\\/#primaryimage\",\"url\":\"https:\\\/\\\/www.omcsae.com\\\/wp-content\\\/uploads\\\/2022\\\/03\\\/001_G38_splicer_view-scaled-1.png\",\"contentUrl\":\"https:\\\/\\\/www.omcsae.com\\\/wp-content\\\/uploads\\\/2022\\\/03\\\/001_G38_splicer_view-scaled-1.png\",\"width\":2420,\"height\":2420},{\"@type\":\"BreadcrumbList\",\"@id\":\"https:\\\/\\\/www.omcsae.com\\\/producto\\\/maquina-de-impresion-offset-komori-system-g38\\\/#breadcrumb\",\"itemListElement\":[{\"@type\":\"ListItem\",\"position\":1,\"name\":\"Portada\",\"item\":\"https:\\\/\\\/www.omcsae.com\\\/\"},{\"@type\":\"ListItem\",\"position\":2,\"name\":\"Productos\",\"item\":\"https:\\\/\\\/www.omcsae.com\\\/shop\\\/\"},{\"@type\":\"ListItem\",\"position\":3,\"name\":\"M\u00e1quina de impresi\u00f3n offset &#8211; Komori SYSTEM G38\"}]},{\"@type\":\"WebSite\",\"@id\":\"https:\\\/\\\/www.omcsae.com\\\/#website\",\"url\":\"https:\\\/\\\/www.omcsae.com\\\/\",\"name\":\"OMC sae\",\"description\":\"Distribuidor de maquinaria, consumibles y equipos para imprentas, artes gr\u00e1ficas\",\"publisher\":{\"@id\":\"https:\\\/\\\/www.omcsae.com\\\/#organization\"},\"potentialAction\":[{\"@type\":\"SearchAction\",\"target\":{\"@type\":\"EntryPoint\",\"urlTemplate\":\"https:\\\/\\\/www.omcsae.com\\\/?s={search_term_string}\"},\"query-input\":{\"@type\":\"PropertyValueSpecification\",\"valueRequired\":true,\"valueName\":\"search_term_string\"}}],\"inLanguage\":\"en-GB\"},{\"@type\":\"Organization\",\"@id\":\"https:\\\/\\\/www.omcsae.com\\\/#organization\",\"name\":\"OMC SAE: distribuidor de maquinaria, consumibles y equipos para imprentas\",\"url\":\"https:\\\/\\\/www.omcsae.com\\\/\",\"logo\":{\"@type\":\"ImageObject\",\"inLanguage\":\"en-GB\",\"@id\":\"https:\\\/\\\/www.omcsae.com\\\/#\\\/schema\\\/logo\\\/image\\\/\",\"url\":\"https:\\\/\\\/www.omcsae.com\\\/wp-content\\\/uploads\\\/2020\\\/09\\\/OMC_Logo-transparent-e1646645548126.png\",\"contentUrl\":\"https:\\\/\\\/www.omcsae.com\\\/wp-content\\\/uploads\\\/2020\\\/09\\\/OMC_Logo-transparent-e1646645548126.png\",\"width\":303,\"height\":351,\"caption\":\"OMC SAE: distribuidor de maquinaria, consumibles y equipos para imprentas\"},\"image\":{\"@id\":\"https:\\\/\\\/www.omcsae.com\\\/#\\\/schema\\\/logo\\\/image\\\/\"}}]}<\/script>\n<!-- \/ Yoast SEO plugin. -->","yoast_head_json":{"title":"Offset printing machine - Komori SYSTEM G38 - OMC sae","robots":{"index":"index","follow":"follow","max-snippet":"max-snippet:-1","max-image-preview":"max-image-preview:large","max-video-preview":"max-video-preview:-1"},"canonical":"https:\/\/www.omcsae.com\/en\/products\/offset-printing-machine-komori-system-g38\/","og_locale":"en_GB","og_type":"article","og_title":"M\u00e1quina de impresi\u00f3n offset - Komori SYSTEM G38 - OMC sae","og_description":"Prensa de impresi\u00f3n offset de 38\"   M\u00e1ximo rendimiento en preparaci\u00f3n corta con el sistema de control integrado AI-Link, Full-APC (cambiador de planchas completamente autom\u00e1tico) y el sistema de curado instant\u00e1neo H-UV.  Configurado con el sistema de curado H-UV en l\u00ednea como equipo est\u00e1ndar.\u00a0Es la soluci\u00f3n a una amplia gama de problemas de impresi\u00f3n.\u00a0Asegura una mejor calidad de impresi\u00f3n porque no tiene polvo y resuelve el problema de la expansi\u00f3n y contracci\u00f3n del papel porque no se utiliza un secador de aire caliente.\u00a0Adem\u00e1s, cumple con las necesidades de respuesta r\u00e1pida y reduce la carga de trabajo del operador y el impacto ambiental porque se reduce el tiempo de entrega total.  Equipado con las \u00faltimas tecnolog\u00edas y sistemas que completan simult\u00e1neamente el ajuste de registro y densidades est\u00e1ndar para permitir la impresi\u00f3n de bobinas de papel.     Modelo  SISTEMA G38   Cortar mil\u00edmetro 625   m\u00e1x.\u00a0ancho de banda mil\u00edmetro 965   m\u00e1x.\u00a0\u00e1rea de impresi\u00f3n *(largo\u00d7ancho)( mil\u00edmetro 617\u00d7965   Tama\u00f1o de la placa (largo \u00d7 ancho) mil\u00edmetro 649\u00d7975   Gama de papel GSM 40-130    * El rendimiento y los n\u00fameros pueden diferir de las especificaciones aqu\u00ed detalladas.\u00a0Las especificaciones tambi\u00e9n pueden modificarse para mejorar el producto. * El \u00e1rea m\u00e1xima de impresi\u00f3n depende de los valores te\u00f3ricos para colores individuales.  &nbsp;","og_url":"https:\/\/www.omcsae.com\/en\/products\/offset-printing-machine-komori-system-g38\/","og_site_name":"OMC sae","article_modified_time":"2023-02-13T11:47:02+00:00","og_image":[{"width":2420,"height":2420,"url":"https:\/\/www.omcsae.com\/wp-content\/uploads\/2022\/03\/001_G38_splicer_view-scaled-1.png","type":"image\/png"}],"twitter_card":"summary_large_image","schema":{"@context":"https:\/\/schema.org","@graph":[{"@type":"WebPage","@id":"https:\/\/www.omcsae.com\/producto\/maquina-de-impresion-offset-komori-system-g38\/","url":"https:\/\/www.omcsae.com\/producto\/maquina-de-impresion-offset-komori-system-g38\/","name":"Offset printing machine - Komori SYSTEM G38 - OMC sae","isPartOf":{"@id":"https:\/\/www.omcsae.com\/#website"},"primaryImageOfPage":{"@id":"https:\/\/www.omcsae.com\/producto\/maquina-de-impresion-offset-komori-system-g38\/#primaryimage"},"image":{"@id":"https:\/\/www.omcsae.com\/producto\/maquina-de-impresion-offset-komori-system-g38\/#primaryimage"},"thumbnailUrl":"https:\/\/www.omcsae.com\/wp-content\/uploads\/2022\/03\/001_G38_splicer_view-scaled-1.png","datePublished":"2022-03-09T16:42:26+00:00","dateModified":"2023-02-13T11:47:02+00:00","breadcrumb":{"@id":"https:\/\/www.omcsae.com\/producto\/maquina-de-impresion-offset-komori-system-g38\/#breadcrumb"},"inLanguage":"en-GB","potentialAction":[{"@type":"ReadAction","target":["https:\/\/www.omcsae.com\/producto\/maquina-de-impresion-offset-komori-system-g38\/"]}]},{"@type":"ImageObject","inLanguage":"en-GB","@id":"https:\/\/www.omcsae.com\/producto\/maquina-de-impresion-offset-komori-system-g38\/#primaryimage","url":"https:\/\/www.omcsae.com\/wp-content\/uploads\/2022\/03\/001_G38_splicer_view-scaled-1.png","contentUrl":"https:\/\/www.omcsae.com\/wp-content\/uploads\/2022\/03\/001_G38_splicer_view-scaled-1.png","width":2420,"height":2420},{"@type":"BreadcrumbList","@id":"https:\/\/www.omcsae.com\/producto\/maquina-de-impresion-offset-komori-system-g38\/#breadcrumb","itemListElement":[{"@type":"ListItem","position":1,"name":"Portada","item":"https:\/\/www.omcsae.com\/"},{"@type":"ListItem","position":2,"name":"Productos","item":"https:\/\/www.omcsae.com\/shop\/"},{"@type":"ListItem","position":3,"name":"M\u00e1quina de impresi\u00f3n offset &#8211; Komori SYSTEM G38"}]},{"@type":"WebSite","@id":"https:\/\/www.omcsae.com\/#website","url":"https:\/\/www.omcsae.com\/","name":"OMC sae","description":"Distributor of machinery, consumables and equipment for printing, graphic arts","publisher":{"@id":"https:\/\/www.omcsae.com\/#organization"},"potentialAction":[{"@type":"SearchAction","target":{"@type":"EntryPoint","urlTemplate":"https:\/\/www.omcsae.com\/?s={search_term_string}"},"query-input":{"@type":"PropertyValueSpecification","valueRequired":true,"valueName":"search_term_string"}}],"inLanguage":"en-GB"},{"@type":"Organization","@id":"https:\/\/www.omcsae.com\/#organization","name":"OMC SAE: distributor of machinery, consumables and equipment for the printing industry","url":"https:\/\/www.omcsae.com\/","logo":{"@type":"ImageObject","inLanguage":"en-GB","@id":"https:\/\/www.omcsae.com\/#\/schema\/logo\/image\/","url":"https:\/\/www.omcsae.com\/wp-content\/uploads\/2020\/09\/OMC_Logo-transparent-e1646645548126.png","contentUrl":"https:\/\/www.omcsae.com\/wp-content\/uploads\/2020\/09\/OMC_Logo-transparent-e1646645548126.png","width":303,"height":351,"caption":"OMC SAE: distribuidor de maquinaria, consumibles y equipos para imprentas"},"image":{"@id":"https:\/\/www.omcsae.com\/#\/schema\/logo\/image\/"}}]}},"_links":{"self":[{"href":"https:\/\/www.omcsae.com\/en\/wp-json\/wp\/v2\/product\/6621","targetHints":{"allow":["GET"]}}],"collection":[{"href":"https:\/\/www.omcsae.com\/en\/wp-json\/wp\/v2\/product"}],"about":[{"href":"https:\/\/www.omcsae.com\/en\/wp-json\/wp\/v2\/types\/product"}],"wp:featuredmedia":[{"embeddable":true,"href":"https:\/\/www.omcsae.com\/en\/wp-json\/wp\/v2\/media\/6885"}],"wp:attachment":[{"href":"https:\/\/www.omcsae.com\/en\/wp-json\/wp\/v2\/media?parent=6621"}],"wp:term":[{"taxonomy":"product_cat","embeddable":true,"href":"https:\/\/www.omcsae.com\/en\/wp-json\/wp\/v2\/product_cat?post=6621"},{"taxonomy":"product_tag","embeddable":true,"href":"https:\/\/www.omcsae.com\/en\/wp-json\/wp\/v2\/product_tag?post=6621"}],"curies":[{"name":"wp","href":"https:\/\/api.w.org\/{rel}","templated":true}]}}