{"id":6672,"date":"2022-03-10T08:06:47","date_gmt":"2022-03-10T08:06:47","guid":{"rendered":"https:\/\/www.omcsae.com\/?post_type=product&#038;p=6672"},"modified":"2023-02-13T11:49:32","modified_gmt":"2023-02-13T11:49:32","slug":"komori-impremia-ns40-digital-printing-machine-komori-impremia-ns40","status":"publish","type":"product","link":"https:\/\/www.omcsae.com\/en\/products\/komori-impremia-ns40-digital-printing-machine-komori-impremia-ns40\/","title":{"rendered":"Digital printing machine \u2013 Komori IMPREMIA NS40"},"content":{"rendered":"<h2 class=\"heading_title\">Characteristics<\/h2>\n<ul class=\"list-bullet\">\n<li>Impressive productivity and profitability for small and medium runs<\/li>\n<li>B1 print speeds of 6500 sph<\/li>\n<li>Excellent post-press compatibility<\/li>\n<li>Compatible with a variety of papers<\/li>\n<li>Reduce time spent on on-site corrections and confirmations<\/li>\n<li>Reduces costs, respects the environment<\/li>\n<\/ul>\n<table class=\"table_inner\">\n<tbody>\n<tr>\n<th class=\"cell-style1\">Number of colors<\/th>\n<td class=\"cell-style1\"><\/td>\n<td>4,7<\/td>\n<\/tr>\n<tr>\n<th class=\"cell-style1\">Ink<\/th>\n<td class=\"cell-style1\"><\/td>\n<td>Landa NanoInk\u00ae<\/td>\n<\/tr>\n<tr>\n<th class=\"cell-style1\">Print speeds<\/th>\n<td class=\"cell-style1\">sph<\/td>\n<td>6,500<\/td>\n<\/tr>\n<tr>\n<th class=\"cell-style1\">max. sheet size<\/th>\n<td class=\"cell-style1\">millimeter (inches)<\/td>\n<td>750 \u00d7 1050 (29.5 \u00d7 41.3)<\/td>\n<\/tr>\n<tr>\n<th class=\"cell-style1\">max. print area<\/th>\n<td class=\"cell-style1\">millimeter (inches)<\/td>\n<td>734 \u00d7 1032 (28.9 \u00d7 40.6)<\/td>\n<\/tr>\n<tr>\n<th class=\"cell-style1\">The thickness of a sheet<\/th>\n<td class=\"cell-style1\">millimeter (inches)<\/td>\n<td>0,06-0,8 (0,0024-0,031)<\/td>\n<\/tr>\n<tr>\n<th class=\"cell-style1\">Resolution<\/th>\n<td class=\"cell-style1\">ppp<\/td>\n<td>1200<\/td>\n<\/tr>\n<\/tbody>\n<\/table>\n<p>* Total length is the measurement from the feeder to the delivery.<br \/>\n* Performance and numbers may differ from the specifications listed here. Specifications may also be modified to improve the product.<\/p>","protected":false},"excerpt":{"rendered":"<p><img loading=\"lazy\" decoding=\"async\" class=\"size-medium wp-image-6674 aligncenter\" src=\"https:\/\/www.omcsae.com\/wp-content\/uploads\/2022\/03\/impremiaNS40_gray-300x61.png\" alt=\"\" width=\"300\" height=\"61\" srcset=\"https:\/\/www.omcsae.com\/wp-content\/uploads\/2022\/03\/impremiaNS40_gray-300x61.png 300w, https:\/\/www.omcsae.com\/wp-content\/uploads\/2022\/03\/impremiaNS40_gray-600x121.png 600w, https:\/\/www.omcsae.com\/wp-content\/uploads\/2022\/03\/impremiaNS40_gray-1024x207.png 1024w, https:\/\/www.omcsae.com\/wp-content\/uploads\/2022\/03\/impremiaNS40_gray-768x155.png 768w, https:\/\/www.omcsae.com\/wp-content\/uploads\/2022\/03\/impremiaNS40_gray-1536x310.png 1536w, https:\/\/www.omcsae.com\/wp-content\/uploads\/2022\/03\/impremiaNS40_gray-2048x414.png 2048w, https:\/\/www.omcsae.com\/wp-content\/uploads\/2022\/03\/impremiaNS40_gray-18x4.png 18w\" sizes=\"auto, (max-width: 300px) 100vw, 300px\" \/><\/p>\n<p class=\"text-paragraph\">Introducing a new digital press, with the impressive productivity and cost-effectiveness needed to expand customers&#039; businesses by meeting growing demand for short and medium runs, including variable printing and version control for immediate response on jobs like packages, displays and points of sale.<\/p>\n<div class=\"js-accordion\">\n<div class=\"js-accordion_panel\">\n<p class=\"text-paragraph\">Backed by Komori&#039;s previously accumulated technologies and unique designs, such as the use of image transfer blankets, the press achieves B1 print speeds of 6,500 sph.<br \/>\nAs a &quot;digital offset&quot; press, the NS40 is the pinnacle of digital presses and only Komori makes it possible.<\/p>\n<\/div>\n<\/div>","protected":false},"featured_media":6886,"template":"","meta":[],"product_cat":[674],"product_tag":[],"class_list":{"0":"post-6672","1":"product","2":"type-product","3":"status-publish","4":"has-post-thumbnail","6":"product_cat-digital","7":"pa_marca-komori","8":"pa_sectores-impresion-comercial","9":"pa_sectores-packaging","11":"first","12":"instock","13":"shipping-taxable","14":"product-type-simple"},"yoast_head":"<!-- This site is optimized with the Yoast SEO plugin v27.5 - https:\/\/yoast.com\/product\/yoast-seo-wordpress\/ -->\n<title>M\u00e1quina de impresi\u00f3n digital - Komori IMPREMIA NS40 - OMC sae<\/title>\n<meta name=\"robots\" content=\"index, follow, max-snippet:-1, max-image-preview:large, max-video-preview:-1\" \/>\n<link rel=\"canonical\" href=\"https:\/\/www.omcsae.com\/en\/products\/komori-impremia-ns40-digital-printing-machine-komori-impremia-ns40\/\" \/>\n<meta property=\"og:locale\" content=\"en_GB\" \/>\n<meta property=\"og:type\" content=\"article\" \/>\n<meta property=\"og:title\" content=\"M\u00e1quina de impresi\u00f3n digital - Komori IMPREMIA NS40 - OMC sae\" \/>\n<meta property=\"og:description\" content=\"Presentamos una nueva prensa digital, con la impresionante productividad y rentabilidad necesarias para expandir los negocios de los clientes al satisfacer la creciente demanda de tiradas cortas y medianas, incluidas la impresi\u00f3n variable y el control de versiones para una respuesta inmediata en trabajos como paquetes, exhibidores y puntos de venta.    Con el respaldo de las tecnolog\u00edas acumuladas anteriormente de Komori y con dise\u00f1os \u00fanicos, como el uso de mantillas de transferencia de im\u00e1genes, la prensa alcanza velocidades de impresi\u00f3n B1 de 6500 pl.\/h. Como imprenta &quot;offset digital&quot;, la NS40 es la cima de las imprentas digitales y solo Komori la hace posible.\" \/>\n<meta property=\"og:url\" content=\"https:\/\/www.omcsae.com\/en\/products\/komori-impremia-ns40-digital-printing-machine-komori-impremia-ns40\/\" \/>\n<meta property=\"og:site_name\" content=\"OMC sae\" \/>\n<meta property=\"article:modified_time\" content=\"2023-02-13T11:49:32+00:00\" \/>\n<meta property=\"og:image\" content=\"https:\/\/www.omcsae.com\/wp-content\/uploads\/2022\/03\/ns40_delivery_view-1024x372-1.png\" \/>\n\t<meta property=\"og:image:width\" content=\"922\" \/>\n\t<meta property=\"og:image:height\" content=\"922\" \/>\n\t<meta property=\"og:image:type\" content=\"image\/png\" \/>\n<meta name=\"twitter:card\" content=\"summary_large_image\" \/>\n<meta name=\"twitter:label1\" content=\"Estimated reading time\" \/>\n\t<meta name=\"twitter:data1\" content=\"1 minute\" \/>\n<script type=\"application\/ld+json\" class=\"yoast-schema-graph\">{\"@context\":\"https:\\\/\\\/schema.org\",\"@graph\":[{\"@type\":\"WebPage\",\"@id\":\"https:\\\/\\\/www.omcsae.com\\\/producto\\\/maquina-de-impresion-digital-komori-impremia-ns40\\\/\",\"url\":\"https:\\\/\\\/www.omcsae.com\\\/producto\\\/maquina-de-impresion-digital-komori-impremia-ns40\\\/\",\"name\":\"M\u00e1quina de impresi\u00f3n digital - Komori IMPREMIA NS40 - OMC sae\",\"isPartOf\":{\"@id\":\"https:\\\/\\\/www.omcsae.com\\\/#website\"},\"primaryImageOfPage\":{\"@id\":\"https:\\\/\\\/www.omcsae.com\\\/producto\\\/maquina-de-impresion-digital-komori-impremia-ns40\\\/#primaryimage\"},\"image\":{\"@id\":\"https:\\\/\\\/www.omcsae.com\\\/producto\\\/maquina-de-impresion-digital-komori-impremia-ns40\\\/#primaryimage\"},\"thumbnailUrl\":\"https:\\\/\\\/www.omcsae.com\\\/wp-content\\\/uploads\\\/2022\\\/03\\\/ns40_delivery_view-1024x372-1.png\",\"datePublished\":\"2022-03-10T08:06:47+00:00\",\"dateModified\":\"2023-02-13T11:49:32+00:00\",\"breadcrumb\":{\"@id\":\"https:\\\/\\\/www.omcsae.com\\\/producto\\\/maquina-de-impresion-digital-komori-impremia-ns40\\\/#breadcrumb\"},\"inLanguage\":\"en-GB\",\"potentialAction\":[{\"@type\":\"ReadAction\",\"target\":[\"https:\\\/\\\/www.omcsae.com\\\/producto\\\/maquina-de-impresion-digital-komori-impremia-ns40\\\/\"]}]},{\"@type\":\"ImageObject\",\"inLanguage\":\"en-GB\",\"@id\":\"https:\\\/\\\/www.omcsae.com\\\/producto\\\/maquina-de-impresion-digital-komori-impremia-ns40\\\/#primaryimage\",\"url\":\"https:\\\/\\\/www.omcsae.com\\\/wp-content\\\/uploads\\\/2022\\\/03\\\/ns40_delivery_view-1024x372-1.png\",\"contentUrl\":\"https:\\\/\\\/www.omcsae.com\\\/wp-content\\\/uploads\\\/2022\\\/03\\\/ns40_delivery_view-1024x372-1.png\",\"width\":922,\"height\":922},{\"@type\":\"BreadcrumbList\",\"@id\":\"https:\\\/\\\/www.omcsae.com\\\/producto\\\/maquina-de-impresion-digital-komori-impremia-ns40\\\/#breadcrumb\",\"itemListElement\":[{\"@type\":\"ListItem\",\"position\":1,\"name\":\"Portada\",\"item\":\"https:\\\/\\\/www.omcsae.com\\\/\"},{\"@type\":\"ListItem\",\"position\":2,\"name\":\"Productos\",\"item\":\"https:\\\/\\\/www.omcsae.com\\\/shop\\\/\"},{\"@type\":\"ListItem\",\"position\":3,\"name\":\"M\u00e1quina de impresi\u00f3n digital &#8211; Komori IMPREMIA NS40\"}]},{\"@type\":\"WebSite\",\"@id\":\"https:\\\/\\\/www.omcsae.com\\\/#website\",\"url\":\"https:\\\/\\\/www.omcsae.com\\\/\",\"name\":\"OMC sae\",\"description\":\"Distribuidor de maquinaria, consumibles y equipos para imprentas, artes gr\u00e1ficas\",\"publisher\":{\"@id\":\"https:\\\/\\\/www.omcsae.com\\\/#organization\"},\"potentialAction\":[{\"@type\":\"SearchAction\",\"target\":{\"@type\":\"EntryPoint\",\"urlTemplate\":\"https:\\\/\\\/www.omcsae.com\\\/?s={search_term_string}\"},\"query-input\":{\"@type\":\"PropertyValueSpecification\",\"valueRequired\":true,\"valueName\":\"search_term_string\"}}],\"inLanguage\":\"en-GB\"},{\"@type\":\"Organization\",\"@id\":\"https:\\\/\\\/www.omcsae.com\\\/#organization\",\"name\":\"OMC SAE: distribuidor de maquinaria, consumibles y equipos para imprentas\",\"url\":\"https:\\\/\\\/www.omcsae.com\\\/\",\"logo\":{\"@type\":\"ImageObject\",\"inLanguage\":\"en-GB\",\"@id\":\"https:\\\/\\\/www.omcsae.com\\\/#\\\/schema\\\/logo\\\/image\\\/\",\"url\":\"https:\\\/\\\/www.omcsae.com\\\/wp-content\\\/uploads\\\/2020\\\/09\\\/OMC_Logo-transparent-e1646645548126.png\",\"contentUrl\":\"https:\\\/\\\/www.omcsae.com\\\/wp-content\\\/uploads\\\/2020\\\/09\\\/OMC_Logo-transparent-e1646645548126.png\",\"width\":303,\"height\":351,\"caption\":\"OMC SAE: distribuidor de maquinaria, consumibles y equipos para imprentas\"},\"image\":{\"@id\":\"https:\\\/\\\/www.omcsae.com\\\/#\\\/schema\\\/logo\\\/image\\\/\"}}]}<\/script>\n<!-- \/ Yoast SEO plugin. -->","yoast_head_json":{"title":"Digital Printing Machine - Komori IMPREMIA NS40 - OMC sae","robots":{"index":"index","follow":"follow","max-snippet":"max-snippet:-1","max-image-preview":"max-image-preview:large","max-video-preview":"max-video-preview:-1"},"canonical":"https:\/\/www.omcsae.com\/en\/products\/komori-impremia-ns40-digital-printing-machine-komori-impremia-ns40\/","og_locale":"en_GB","og_type":"article","og_title":"M\u00e1quina de impresi\u00f3n digital - Komori IMPREMIA NS40 - OMC sae","og_description":"Presentamos una nueva prensa digital, con la impresionante productividad y rentabilidad necesarias para expandir los negocios de los clientes al satisfacer la creciente demanda de tiradas cortas y medianas, incluidas la impresi\u00f3n variable y el control de versiones para una respuesta inmediata en trabajos como paquetes, exhibidores y puntos de venta.    Con el respaldo de las tecnolog\u00edas acumuladas anteriormente de Komori y con dise\u00f1os \u00fanicos, como el uso de mantillas de transferencia de im\u00e1genes, la prensa alcanza velocidades de impresi\u00f3n B1 de 6500 pl.\/h. Como imprenta \"offset digital\", la NS40 es la cima de las imprentas digitales y solo Komori la hace posible.","og_url":"https:\/\/www.omcsae.com\/en\/products\/komori-impremia-ns40-digital-printing-machine-komori-impremia-ns40\/","og_site_name":"OMC sae","article_modified_time":"2023-02-13T11:49:32+00:00","og_image":[{"width":922,"height":922,"url":"https:\/\/www.omcsae.com\/wp-content\/uploads\/2022\/03\/ns40_delivery_view-1024x372-1.png","type":"image\/png"}],"twitter_card":"summary_large_image","twitter_misc":{"Estimated reading time":"1 minute"},"schema":{"@context":"https:\/\/schema.org","@graph":[{"@type":"WebPage","@id":"https:\/\/www.omcsae.com\/producto\/maquina-de-impresion-digital-komori-impremia-ns40\/","url":"https:\/\/www.omcsae.com\/producto\/maquina-de-impresion-digital-komori-impremia-ns40\/","name":"Digital Printing Machine - Komori IMPREMIA NS40 - OMC sae","isPartOf":{"@id":"https:\/\/www.omcsae.com\/#website"},"primaryImageOfPage":{"@id":"https:\/\/www.omcsae.com\/producto\/maquina-de-impresion-digital-komori-impremia-ns40\/#primaryimage"},"image":{"@id":"https:\/\/www.omcsae.com\/producto\/maquina-de-impresion-digital-komori-impremia-ns40\/#primaryimage"},"thumbnailUrl":"https:\/\/www.omcsae.com\/wp-content\/uploads\/2022\/03\/ns40_delivery_view-1024x372-1.png","datePublished":"2022-03-10T08:06:47+00:00","dateModified":"2023-02-13T11:49:32+00:00","breadcrumb":{"@id":"https:\/\/www.omcsae.com\/producto\/maquina-de-impresion-digital-komori-impremia-ns40\/#breadcrumb"},"inLanguage":"en-GB","potentialAction":[{"@type":"ReadAction","target":["https:\/\/www.omcsae.com\/producto\/maquina-de-impresion-digital-komori-impremia-ns40\/"]}]},{"@type":"ImageObject","inLanguage":"en-GB","@id":"https:\/\/www.omcsae.com\/producto\/maquina-de-impresion-digital-komori-impremia-ns40\/#primaryimage","url":"https:\/\/www.omcsae.com\/wp-content\/uploads\/2022\/03\/ns40_delivery_view-1024x372-1.png","contentUrl":"https:\/\/www.omcsae.com\/wp-content\/uploads\/2022\/03\/ns40_delivery_view-1024x372-1.png","width":922,"height":922},{"@type":"BreadcrumbList","@id":"https:\/\/www.omcsae.com\/producto\/maquina-de-impresion-digital-komori-impremia-ns40\/#breadcrumb","itemListElement":[{"@type":"ListItem","position":1,"name":"Portada","item":"https:\/\/www.omcsae.com\/"},{"@type":"ListItem","position":2,"name":"Productos","item":"https:\/\/www.omcsae.com\/shop\/"},{"@type":"ListItem","position":3,"name":"M\u00e1quina de impresi\u00f3n digital &#8211; Komori IMPREMIA NS40"}]},{"@type":"WebSite","@id":"https:\/\/www.omcsae.com\/#website","url":"https:\/\/www.omcsae.com\/","name":"OMC sae","description":"Distributor of machinery, consumables and equipment for printing, graphic arts","publisher":{"@id":"https:\/\/www.omcsae.com\/#organization"},"potentialAction":[{"@type":"SearchAction","target":{"@type":"EntryPoint","urlTemplate":"https:\/\/www.omcsae.com\/?s={search_term_string}"},"query-input":{"@type":"PropertyValueSpecification","valueRequired":true,"valueName":"search_term_string"}}],"inLanguage":"en-GB"},{"@type":"Organization","@id":"https:\/\/www.omcsae.com\/#organization","name":"OMC SAE: distributor of machinery, consumables and equipment for the printing industry","url":"https:\/\/www.omcsae.com\/","logo":{"@type":"ImageObject","inLanguage":"en-GB","@id":"https:\/\/www.omcsae.com\/#\/schema\/logo\/image\/","url":"https:\/\/www.omcsae.com\/wp-content\/uploads\/2020\/09\/OMC_Logo-transparent-e1646645548126.png","contentUrl":"https:\/\/www.omcsae.com\/wp-content\/uploads\/2020\/09\/OMC_Logo-transparent-e1646645548126.png","width":303,"height":351,"caption":"OMC SAE: distribuidor de maquinaria, consumibles y equipos para imprentas"},"image":{"@id":"https:\/\/www.omcsae.com\/#\/schema\/logo\/image\/"}}]}},"_links":{"self":[{"href":"https:\/\/www.omcsae.com\/en\/wp-json\/wp\/v2\/product\/6672","targetHints":{"allow":["GET"]}}],"collection":[{"href":"https:\/\/www.omcsae.com\/en\/wp-json\/wp\/v2\/product"}],"about":[{"href":"https:\/\/www.omcsae.com\/en\/wp-json\/wp\/v2\/types\/product"}],"wp:featuredmedia":[{"embeddable":true,"href":"https:\/\/www.omcsae.com\/en\/wp-json\/wp\/v2\/media\/6886"}],"wp:attachment":[{"href":"https:\/\/www.omcsae.com\/en\/wp-json\/wp\/v2\/media?parent=6672"}],"wp:term":[{"taxonomy":"product_cat","embeddable":true,"href":"https:\/\/www.omcsae.com\/en\/wp-json\/wp\/v2\/product_cat?post=6672"},{"taxonomy":"product_tag","embeddable":true,"href":"https:\/\/www.omcsae.com\/en\/wp-json\/wp\/v2\/product_tag?post=6672"}],"curies":[{"name":"wp","href":"https:\/\/api.w.org\/{rel}","templated":true}]}}