{"id":6686,"date":"2022-03-10T11:09:04","date_gmt":"2022-03-10T11:09:04","guid":{"rendered":"https:\/\/www.omcsae.com\/?post_type=product&#038;p=6686"},"modified":"2023-02-13T11:44:17","modified_gmt":"2023-02-13T11:44:17","slug":"offset-printing-machine-komori-lithrone-g40p-advance","status":"publish","type":"product","link":"https:\/\/www.omcsae.com\/en\/products\/offset-printing-machine-komori-lithrone-g40p-advance\/","title":{"rendered":"Offset printing machine \u2013 Komori LITHRONE G40P ADVANCE"},"content":{"rendered":"<h2 class=\"heading_title\">Characteristics<\/h2>\n<ul class=\"list-bullet\">\n<li>It allows high-quality double-sided printing in a single pass and direct multi-color printing on a single machine.<\/li>\n<li>Equipped with Komori&#039;s proprietary high-performance perfecting mechanism, featuring three double-size cylinders. Komori&#039;s unique sheet transport system, enabled by stress-free sheet transfer and lower-unit air control, enables two-sided printing at 15,000 sheets per hour.<\/li>\n<li>Equipped with the asynchronous automatic plate changer (A-APC)* for significantly shorter makeready times. In addition, the Lithrone G40P advance is also equipped with the H-UV\/H-UV L (LED)* system, which enables rapid print drying and short turnaround times.<br \/>\nA wide range of other options are also available.<\/li>\n<li>Excellent performance on thick paper in single- or double-sided printing mode means a variety of striking, high-value printing effects can be achieved with specialty inks and overprint varnishes. The Lithrone G40P Advance is a machine of unmatched flexibility that addresses a variety of needs at the highest level.<\/li>\n<\/ul>\n<p><span class=\"list_mark\">*<\/span>Optional specification<\/p>\n<table class=\"table_inner\">\n<tbody>\n<tr>\n<th class=\"cell-style1\">Model<\/th>\n<td class=\"cell-style1\"><\/td>\n<td>LITHRONE G40P advance<\/td>\n<\/tr>\n<tr>\n<th class=\"cell-style1\">Number of colors<\/th>\n<td class=\"cell-style1\"><\/td>\n<td>4-10<\/td>\n<\/tr>\n<tr>\n<th class=\"cell-style1\">max. sheet size<\/th>\n<td class=\"cell-style1\">millimeter<\/td>\n<td>720\u00d71030<\/td>\n<\/tr>\n<tr>\n<th class=\"cell-style1\">max. print area<\/th>\n<td class=\"cell-style1\">millimeter<\/td>\n<td>710\u00d71020 (one side)<br \/>\n700\u00d71020 (double-sided)<\/td>\n<\/tr>\n<tr>\n<th class=\"cell-style1\">Plate size<\/th>\n<td class=\"cell-style1\">millimeter<\/td>\n<td>800\u00d71030<\/td>\n<\/tr>\n<tr>\n<th class=\"cell-style1\">Feeder stack height<\/th>\n<td class=\"cell-style1\">millimeter<\/td>\n<td>1,450<\/td>\n<\/tr>\n<tr>\n<th class=\"cell-style1\">Delivery pile height<\/th>\n<td class=\"cell-style1\">millimeter<\/td>\n<td>1,380<\/td>\n<\/tr>\n<\/tbody>\n<\/table>\n<p>* Vacuum wheel clearance is required on the back of the sheet for double-sided printing.<br \/>\n* Maximum print speed varies depending on printing conditions.<br \/>\n* Performance and numbers may differ from the specifications listed here. Specifications can also be changed to improve the product.<\/p>","protected":false},"excerpt":{"rendered":"<p><strong>Press with high production efficiency and high return rate of single pass printing.<\/strong><\/p>\n<p class=\"text-paragraph\">The Lithrone G40P advance enables high-quality duplex printing in a single pass and multi-color straight printing in a single machine. Equipped with Komori&#039;s own high performance reversing mechanism configured by three double size cylinders: impression cylinder, transfer cylinder and reversing cylinder. Komori&#039;s unique sheet transport system, enabled by stress-free sheet transfer attributable to this ideal cylinder configuration and lower unit air control, enables duplex printing at 15,000 sheets per hour. Stable sheet transport due to minimal movement coupled with a small number of gripper changes reduces scuffing and smearing, decreases curl while ensuring exceptional registration accuracy.<\/p>\n<div class=\"js-accordion\">\n<div class=\"js-accordion_panel\">\n<p class=\"text-paragraph\">In addition, a variety of automatic devices and systems, including the KHS-AI integrated control system, the Full-APC system without curves* and the lateral movement of the suction drum linked to paper size presets, drastically reduce the need for paper. Spare for printing and preparation tasks. and also drastically reduced the delivery time. Excellent performance on thick paper in single or duplex printing mode means that a variety of high value-added, stunning print effects can be achieved with specialty inks and overprint varnishes. The Lithrone G40 advance is a machine of unmatched flexibility that addresses a variety of needs at the highest level. By maximizing the benefits of single-pass printing, the Lithrone G40 advance produces high-level print quality, as well as outstanding productivity and profitability.<br \/>\n* Option<\/p>\n<\/div>\n<\/div>","protected":false},"featured_media":6884,"template":"","meta":[],"product_cat":[673],"product_tag":[],"class_list":{"0":"post-6686","1":"product","2":"type-product","3":"status-publish","4":"has-post-thumbnail","6":"product_cat-offset","7":"pa_marca-komori","8":"pa_sectores-impresion-comercial","10":"first","11":"instock","12":"shipping-taxable","13":"product-type-simple"},"yoast_head":"<!-- This site is optimized with the Yoast SEO plugin v27.4 - https:\/\/yoast.com\/product\/yoast-seo-wordpress\/ -->\n<title>M\u00e1quina de impresi\u00f3n offset - Komori LITHRONE G40P ADVANCE - OMC sae<\/title>\n<meta name=\"robots\" content=\"index, follow, max-snippet:-1, max-image-preview:large, max-video-preview:-1\" \/>\n<link rel=\"canonical\" href=\"https:\/\/www.omcsae.com\/en\/products\/offset-printing-machine-komori-lithrone-g40p-advance\/\" \/>\n<meta property=\"og:locale\" content=\"en_GB\" \/>\n<meta property=\"og:type\" content=\"article\" \/>\n<meta property=\"og:title\" content=\"M\u00e1quina de impresi\u00f3n offset - Komori LITHRONE G40P ADVANCE - OMC sae\" \/>\n<meta property=\"og:description\" content=\"Prensa con alta eficiencia de producci\u00f3n y alta tasa de retorno de la impresi\u00f3n de un solo paso. La Lithrone G40P advance permite la impresi\u00f3n a dos caras de alta calidad en una sola pasada y la impresi\u00f3n multicolor recta en una sola m\u00e1quina.\u00a0Equipado con el mecanismo de inversi\u00f3n de alto rendimiento propio de Komori configurado por tres cilindros de doble tama\u00f1o: cilindro de impresi\u00f3n, cilindro de transferencia y cilindro de inversi\u00f3n.\u00a0El exclusivo sistema de transporte de hojas de Komori, habilitado por la transferencia de hojas sin estr\u00e9s atribuible a esta configuraci\u00f3n de cilindro ideal y por el control de aire de la unidad inferior, permite la impresi\u00f3n a dos caras a 15.000 hojas por hora.\u00a0El transporte estable de hojas gracias al movimiento m\u00ednimo junto con la peque\u00f1a cantidad de cambios de pinzas reduce los rasgu\u00f1os y las manchas, disminuye la curvatura y al mismo tiempo asegura una precisi\u00f3n de registro excepcional.    Adem\u00e1s, una variedad de dispositivos y sistemas autom\u00e1ticos, incluido el sistema de control integrado KHS-AI, el sistema Full-APC sin curvas* y el movimiento lateral del tambor de succi\u00f3n vinculado a preajustes de tama\u00f1o de papel, reducen dr\u00e1sticamente la necesidad de papel de repuesto para las tareas de impresi\u00f3n y preparaci\u00f3n. y tambi\u00e9n redujo dr\u00e1sticamente el tiempo de entrega.\u00a0El excelente rendimiento con papel grueso en el modo de impresi\u00f3n a una o dos caras significa que se puede obtener una variedad de efectos de impresi\u00f3n sorprendentes de alto valor agregado con tintas especiales y barnices de sobreimpresi\u00f3n.\u00a0La Lithrone G40 advance es una m\u00e1quina de flexibilidad inigualable que aborda una variedad de necesidades al m\u00e1s alto nivel.\u00a0Al maximizar los beneficios de la impresi\u00f3n de una sola pasada, la Lithrone G40 advance produce una calidad de impresi\u00f3n de alto nivel, as\u00ed como una productividad y una rentabilidad sobresalientes. * Opci\u00f3n\" \/>\n<meta property=\"og:url\" content=\"https:\/\/www.omcsae.com\/en\/products\/offset-printing-machine-komori-lithrone-g40p-advance\/\" \/>\n<meta property=\"og:site_name\" content=\"OMC sae\" \/>\n<meta property=\"article:modified_time\" content=\"2023-02-13T11:44:17+00:00\" \/>\n<meta property=\"og:image\" content=\"https:\/\/www.omcsae.com\/wp-content\/uploads\/2022\/03\/GL-840P-Apqa-s-scaled-1.png\" \/>\n\t<meta property=\"og:image:width\" content=\"2560\" \/>\n\t<meta property=\"og:image:height\" content=\"2560\" \/>\n\t<meta property=\"og:image:type\" content=\"image\/png\" \/>\n<meta name=\"twitter:card\" content=\"summary_large_image\" \/>\n<meta name=\"twitter:label1\" content=\"Estimated reading time\" \/>\n\t<meta name=\"twitter:data1\" content=\"2 minutes\" \/>\n<script type=\"application\/ld+json\" class=\"yoast-schema-graph\">{\"@context\":\"https:\\\/\\\/schema.org\",\"@graph\":[{\"@type\":\"WebPage\",\"@id\":\"https:\\\/\\\/www.omcsae.com\\\/producto\\\/maquina-de-impresion-offset-komori-lithrone-g40p-advance\\\/\",\"url\":\"https:\\\/\\\/www.omcsae.com\\\/producto\\\/maquina-de-impresion-offset-komori-lithrone-g40p-advance\\\/\",\"name\":\"M\u00e1quina de impresi\u00f3n offset - Komori LITHRONE G40P ADVANCE - OMC sae\",\"isPartOf\":{\"@id\":\"https:\\\/\\\/www.omcsae.com\\\/#website\"},\"primaryImageOfPage\":{\"@id\":\"https:\\\/\\\/www.omcsae.com\\\/producto\\\/maquina-de-impresion-offset-komori-lithrone-g40p-advance\\\/#primaryimage\"},\"image\":{\"@id\":\"https:\\\/\\\/www.omcsae.com\\\/producto\\\/maquina-de-impresion-offset-komori-lithrone-g40p-advance\\\/#primaryimage\"},\"thumbnailUrl\":\"https:\\\/\\\/www.omcsae.com\\\/wp-content\\\/uploads\\\/2022\\\/03\\\/GL-840P-Apqa-s-scaled-1.png\",\"datePublished\":\"2022-03-10T11:09:04+00:00\",\"dateModified\":\"2023-02-13T11:44:17+00:00\",\"breadcrumb\":{\"@id\":\"https:\\\/\\\/www.omcsae.com\\\/producto\\\/maquina-de-impresion-offset-komori-lithrone-g40p-advance\\\/#breadcrumb\"},\"inLanguage\":\"en-GB\",\"potentialAction\":[{\"@type\":\"ReadAction\",\"target\":[\"https:\\\/\\\/www.omcsae.com\\\/producto\\\/maquina-de-impresion-offset-komori-lithrone-g40p-advance\\\/\"]}]},{\"@type\":\"ImageObject\",\"inLanguage\":\"en-GB\",\"@id\":\"https:\\\/\\\/www.omcsae.com\\\/producto\\\/maquina-de-impresion-offset-komori-lithrone-g40p-advance\\\/#primaryimage\",\"url\":\"https:\\\/\\\/www.omcsae.com\\\/wp-content\\\/uploads\\\/2022\\\/03\\\/GL-840P-Apqa-s-scaled-1.png\",\"contentUrl\":\"https:\\\/\\\/www.omcsae.com\\\/wp-content\\\/uploads\\\/2022\\\/03\\\/GL-840P-Apqa-s-scaled-1.png\",\"width\":2560,\"height\":2560},{\"@type\":\"BreadcrumbList\",\"@id\":\"https:\\\/\\\/www.omcsae.com\\\/producto\\\/maquina-de-impresion-offset-komori-lithrone-g40p-advance\\\/#breadcrumb\",\"itemListElement\":[{\"@type\":\"ListItem\",\"position\":1,\"name\":\"Portada\",\"item\":\"https:\\\/\\\/www.omcsae.com\\\/\"},{\"@type\":\"ListItem\",\"position\":2,\"name\":\"Productos\",\"item\":\"https:\\\/\\\/www.omcsae.com\\\/shop\\\/\"},{\"@type\":\"ListItem\",\"position\":3,\"name\":\"M\u00e1quina de impresi\u00f3n offset &#8211; Komori LITHRONE G40P ADVANCE\"}]},{\"@type\":\"WebSite\",\"@id\":\"https:\\\/\\\/www.omcsae.com\\\/#website\",\"url\":\"https:\\\/\\\/www.omcsae.com\\\/\",\"name\":\"OMC sae\",\"description\":\"Distribuidor de maquinaria, consumibles y equipos para imprentas, artes gr\u00e1ficas\",\"publisher\":{\"@id\":\"https:\\\/\\\/www.omcsae.com\\\/#organization\"},\"potentialAction\":[{\"@type\":\"SearchAction\",\"target\":{\"@type\":\"EntryPoint\",\"urlTemplate\":\"https:\\\/\\\/www.omcsae.com\\\/?s={search_term_string}\"},\"query-input\":{\"@type\":\"PropertyValueSpecification\",\"valueRequired\":true,\"valueName\":\"search_term_string\"}}],\"inLanguage\":\"en-GB\"},{\"@type\":\"Organization\",\"@id\":\"https:\\\/\\\/www.omcsae.com\\\/#organization\",\"name\":\"OMC SAE: distribuidor de maquinaria, consumibles y equipos para imprentas\",\"url\":\"https:\\\/\\\/www.omcsae.com\\\/\",\"logo\":{\"@type\":\"ImageObject\",\"inLanguage\":\"en-GB\",\"@id\":\"https:\\\/\\\/www.omcsae.com\\\/#\\\/schema\\\/logo\\\/image\\\/\",\"url\":\"https:\\\/\\\/www.omcsae.com\\\/wp-content\\\/uploads\\\/2020\\\/09\\\/OMC_Logo-transparent-e1646645548126.png\",\"contentUrl\":\"https:\\\/\\\/www.omcsae.com\\\/wp-content\\\/uploads\\\/2020\\\/09\\\/OMC_Logo-transparent-e1646645548126.png\",\"width\":303,\"height\":351,\"caption\":\"OMC SAE: distribuidor de maquinaria, consumibles y equipos para imprentas\"},\"image\":{\"@id\":\"https:\\\/\\\/www.omcsae.com\\\/#\\\/schema\\\/logo\\\/image\\\/\"}}]}<\/script>\n<!-- \/ Yoast SEO plugin. -->","yoast_head_json":{"title":"Offset printing machine - Komori LITHRONE G40P ADVANCE - OMC sae","robots":{"index":"index","follow":"follow","max-snippet":"max-snippet:-1","max-image-preview":"max-image-preview:large","max-video-preview":"max-video-preview:-1"},"canonical":"https:\/\/www.omcsae.com\/en\/products\/offset-printing-machine-komori-lithrone-g40p-advance\/","og_locale":"en_GB","og_type":"article","og_title":"M\u00e1quina de impresi\u00f3n offset - Komori LITHRONE G40P ADVANCE - OMC sae","og_description":"Prensa con alta eficiencia de producci\u00f3n y alta tasa de retorno de la impresi\u00f3n de un solo paso. La Lithrone G40P advance permite la impresi\u00f3n a dos caras de alta calidad en una sola pasada y la impresi\u00f3n multicolor recta en una sola m\u00e1quina.\u00a0Equipado con el mecanismo de inversi\u00f3n de alto rendimiento propio de Komori configurado por tres cilindros de doble tama\u00f1o: cilindro de impresi\u00f3n, cilindro de transferencia y cilindro de inversi\u00f3n.\u00a0El exclusivo sistema de transporte de hojas de Komori, habilitado por la transferencia de hojas sin estr\u00e9s atribuible a esta configuraci\u00f3n de cilindro ideal y por el control de aire de la unidad inferior, permite la impresi\u00f3n a dos caras a 15.000 hojas por hora.\u00a0El transporte estable de hojas gracias al movimiento m\u00ednimo junto con la peque\u00f1a cantidad de cambios de pinzas reduce los rasgu\u00f1os y las manchas, disminuye la curvatura y al mismo tiempo asegura una precisi\u00f3n de registro excepcional.    Adem\u00e1s, una variedad de dispositivos y sistemas autom\u00e1ticos, incluido el sistema de control integrado KHS-AI, el sistema Full-APC sin curvas* y el movimiento lateral del tambor de succi\u00f3n vinculado a preajustes de tama\u00f1o de papel, reducen dr\u00e1sticamente la necesidad de papel de repuesto para las tareas de impresi\u00f3n y preparaci\u00f3n. y tambi\u00e9n redujo dr\u00e1sticamente el tiempo de entrega.\u00a0El excelente rendimiento con papel grueso en el modo de impresi\u00f3n a una o dos caras significa que se puede obtener una variedad de efectos de impresi\u00f3n sorprendentes de alto valor agregado con tintas especiales y barnices de sobreimpresi\u00f3n.\u00a0La Lithrone G40 advance es una m\u00e1quina de flexibilidad inigualable que aborda una variedad de necesidades al m\u00e1s alto nivel.\u00a0Al maximizar los beneficios de la impresi\u00f3n de una sola pasada, la Lithrone G40 advance produce una calidad de impresi\u00f3n de alto nivel, as\u00ed como una productividad y una rentabilidad sobresalientes. * Opci\u00f3n","og_url":"https:\/\/www.omcsae.com\/en\/products\/offset-printing-machine-komori-lithrone-g40p-advance\/","og_site_name":"OMC sae","article_modified_time":"2023-02-13T11:44:17+00:00","og_image":[{"width":2560,"height":2560,"url":"https:\/\/www.omcsae.com\/wp-content\/uploads\/2022\/03\/GL-840P-Apqa-s-scaled-1.png","type":"image\/png"}],"twitter_card":"summary_large_image","twitter_misc":{"Estimated reading time":"2 minutes"},"schema":{"@context":"https:\/\/schema.org","@graph":[{"@type":"WebPage","@id":"https:\/\/www.omcsae.com\/producto\/maquina-de-impresion-offset-komori-lithrone-g40p-advance\/","url":"https:\/\/www.omcsae.com\/producto\/maquina-de-impresion-offset-komori-lithrone-g40p-advance\/","name":"Offset printing machine - Komori LITHRONE G40P ADVANCE - OMC sae","isPartOf":{"@id":"https:\/\/www.omcsae.com\/#website"},"primaryImageOfPage":{"@id":"https:\/\/www.omcsae.com\/producto\/maquina-de-impresion-offset-komori-lithrone-g40p-advance\/#primaryimage"},"image":{"@id":"https:\/\/www.omcsae.com\/producto\/maquina-de-impresion-offset-komori-lithrone-g40p-advance\/#primaryimage"},"thumbnailUrl":"https:\/\/www.omcsae.com\/wp-content\/uploads\/2022\/03\/GL-840P-Apqa-s-scaled-1.png","datePublished":"2022-03-10T11:09:04+00:00","dateModified":"2023-02-13T11:44:17+00:00","breadcrumb":{"@id":"https:\/\/www.omcsae.com\/producto\/maquina-de-impresion-offset-komori-lithrone-g40p-advance\/#breadcrumb"},"inLanguage":"en-GB","potentialAction":[{"@type":"ReadAction","target":["https:\/\/www.omcsae.com\/producto\/maquina-de-impresion-offset-komori-lithrone-g40p-advance\/"]}]},{"@type":"ImageObject","inLanguage":"en-GB","@id":"https:\/\/www.omcsae.com\/producto\/maquina-de-impresion-offset-komori-lithrone-g40p-advance\/#primaryimage","url":"https:\/\/www.omcsae.com\/wp-content\/uploads\/2022\/03\/GL-840P-Apqa-s-scaled-1.png","contentUrl":"https:\/\/www.omcsae.com\/wp-content\/uploads\/2022\/03\/GL-840P-Apqa-s-scaled-1.png","width":2560,"height":2560},{"@type":"BreadcrumbList","@id":"https:\/\/www.omcsae.com\/producto\/maquina-de-impresion-offset-komori-lithrone-g40p-advance\/#breadcrumb","itemListElement":[{"@type":"ListItem","position":1,"name":"Portada","item":"https:\/\/www.omcsae.com\/"},{"@type":"ListItem","position":2,"name":"Productos","item":"https:\/\/www.omcsae.com\/shop\/"},{"@type":"ListItem","position":3,"name":"M\u00e1quina de impresi\u00f3n offset &#8211; Komori LITHRONE G40P ADVANCE"}]},{"@type":"WebSite","@id":"https:\/\/www.omcsae.com\/#website","url":"https:\/\/www.omcsae.com\/","name":"OMC sae","description":"Distributor of machinery, consumables and equipment for printing, graphic arts","publisher":{"@id":"https:\/\/www.omcsae.com\/#organization"},"potentialAction":[{"@type":"SearchAction","target":{"@type":"EntryPoint","urlTemplate":"https:\/\/www.omcsae.com\/?s={search_term_string}"},"query-input":{"@type":"PropertyValueSpecification","valueRequired":true,"valueName":"search_term_string"}}],"inLanguage":"en-GB"},{"@type":"Organization","@id":"https:\/\/www.omcsae.com\/#organization","name":"OMC SAE: distributor of machinery, consumables and equipment for the printing industry","url":"https:\/\/www.omcsae.com\/","logo":{"@type":"ImageObject","inLanguage":"en-GB","@id":"https:\/\/www.omcsae.com\/#\/schema\/logo\/image\/","url":"https:\/\/www.omcsae.com\/wp-content\/uploads\/2020\/09\/OMC_Logo-transparent-e1646645548126.png","contentUrl":"https:\/\/www.omcsae.com\/wp-content\/uploads\/2020\/09\/OMC_Logo-transparent-e1646645548126.png","width":303,"height":351,"caption":"OMC SAE: distribuidor de maquinaria, consumibles y equipos para imprentas"},"image":{"@id":"https:\/\/www.omcsae.com\/#\/schema\/logo\/image\/"}}]}},"_links":{"self":[{"href":"https:\/\/www.omcsae.com\/en\/wp-json\/wp\/v2\/product\/6686","targetHints":{"allow":["GET"]}}],"collection":[{"href":"https:\/\/www.omcsae.com\/en\/wp-json\/wp\/v2\/product"}],"about":[{"href":"https:\/\/www.omcsae.com\/en\/wp-json\/wp\/v2\/types\/product"}],"wp:featuredmedia":[{"embeddable":true,"href":"https:\/\/www.omcsae.com\/en\/wp-json\/wp\/v2\/media\/6884"}],"wp:attachment":[{"href":"https:\/\/www.omcsae.com\/en\/wp-json\/wp\/v2\/media?parent=6686"}],"wp:term":[{"taxonomy":"product_cat","embeddable":true,"href":"https:\/\/www.omcsae.com\/en\/wp-json\/wp\/v2\/product_cat?post=6686"},{"taxonomy":"product_tag","embeddable":true,"href":"https:\/\/www.omcsae.com\/en\/wp-json\/wp\/v2\/product_tag?post=6686"}],"curies":[{"name":"wp","href":"https:\/\/api.w.org\/{rel}","templated":true}]}}