{"id":6774,"date":"2022-03-25T10:49:47","date_gmt":"2022-03-25T10:49:47","guid":{"rendered":"https:\/\/www.omcsae.com\/?post_type=product&#038;p=6774"},"modified":"2022-03-29T09:56:02","modified_gmt":"2022-03-29T09:56:02","slug":"packaging-cutting-plotter-with-optional-milling-machine-valiani-integra","status":"publish","type":"product","link":"https:\/\/www.omcsae.com\/en\/products\/packaging-cutting-plotter-with-optional-milling-machine-valiani-integra\/","title":{"rendered":"Cutting plotter for packaging with optional milling machine \u2013 VALIANI INTEGRA"},"content":{"rendered":"","protected":false},"excerpt":{"rendered":"<p>ALL IN ONE MACHINE<\/p>\n<p>Integra is a cutting system designed by Valiani to process materials of greater consistency and thickness typical of the world of signage and the packaging industry. Configurable with a 1kW milling machine and a wide range of cutting tools, Integra guarantees great versatility and quality standards in managing the processing of the most common rigid supports used in the graphic industry. Precise milling, engraving, cutting and creasing is now possible with Valiani Integra, a qualitatively impeccable Italian product characterized by its robust shape, high precision and reliability.<\/p>\n<p>MILLING TOOL<\/p>\n<p>The 1 kW milling machine that mounts on the machine can handle the processing of the most common rigid media used in the sign and graphics industry including PVC rigid foam, acrylic, aluminum composite panels, forex and plexiglass up to 13 mm (0.5\u2033) thick. The module of the milling machine reaches a maximum of 6 mm in diameter.<\/p>\n<p>ONE MILL, MANY OPPORTUNITIES<\/p>\n<p>Integra is the answer to the demands of cutting, kiss-cutting, creasing and milling, as it is capable of guaranteeing optimal performance without resorting to a cutting die. The machine can be equipped with a high resolution camera that automatically detects the position of the registration marks of the registration marks to make fast and accurate contour cuts. Optimum media fixation is provided by a zone-adjustable dynamic concentration vacuum table and a pneumatic clamping system.<\/p>\n<p>MORE AUTOMATION FOR GREATER PRODUCTIVITY AND HIGHER SPEED<\/p>\n<p>Integra&#039;s computerized systems use a considerable degree of automation with the depth of cut and the motorization of the two cutting heads. Integra turns out to be fast in the processing of materials with quick configuration of the tool in relation to the height of the panel to be processed.<\/p>\n<p>main applications<\/p>\n<p>\u2013 Businesses and signage signs<br \/>\n\u2013 Personalized engraving plates<br \/>\n\u2013 Gadgets and objects for showcases<br \/>\n\u2013 Exhibitors for points of sale<br \/>\n\u2013 Advertising banners<br \/>\n\u2013 Die-cutting of digital impressions and Offset<br \/>\n\u2013 Packaging<\/p>\n<p>SUPPORTED MATERIALS<\/p>\n<p>\u2013 Plexiglass \/ Acrylic<br \/>\n\u2013 Aluminum composite \/ DIBOND<br \/>\n\u2013 Plastic materials<br \/>\n\u2013 FOAM<br \/>\n\u2013 Medium density board \/ fiber board<br \/>\n\u2013 Folding and corrugated cardboard<\/p>\n<p>and much more\u2026<\/p>","protected":false},"featured_media":6775,"template":"","meta":[],"product_cat":[684,15],"product_tag":[],"class_list":{"0":"post-6774","1":"product","2":"type-product","3":"status-publish","4":"has-post-thumbnail","6":"product_cat-plotters","7":"product_cat-sin-categorizar","8":"pa_marca-valiani","9":"pa_sectores-packaging","11":"first","12":"instock","13":"shipping-taxable","14":"product-type-simple"},"yoast_head":"<!-- This site is optimized with the Yoast SEO plugin v27.4 - https:\/\/yoast.com\/product\/yoast-seo-wordpress\/ -->\n<title>Plotter de corte para packaging con fresadora opcional - VALIANI INTEGRA - OMC sae<\/title>\n<meta name=\"robots\" content=\"index, follow, max-snippet:-1, max-image-preview:large, max-video-preview:-1\" \/>\n<link rel=\"canonical\" href=\"https:\/\/www.omcsae.com\/en\/products\/packaging-cutting-plotter-with-optional-milling-machine-valiani-integra\/\" \/>\n<meta property=\"og:locale\" content=\"en_GB\" \/>\n<meta property=\"og:type\" content=\"article\" \/>\n<meta property=\"og:title\" content=\"Plotter de corte para packaging con fresadora opcional - VALIANI INTEGRA - OMC sae\" \/>\n<meta property=\"og:description\" content=\"M\u00c1QUINA TODO EN UNO  Integra es un sistema de corte dise\u00f1ado por Valiani para procesar materiales de mayor consistencia y grosor t\u00edpicos del mundo de la se\u00f1alizaci\u00f3n y la industria del embalaje. Configurable con una fresadora de 1kW y una amplia gama de herramientas de corte, Integra garantiza una gran versatilidad y est\u00e1ndares de calidad en la gesti\u00f3n del procesamiento de los soportes r\u00edgidos m\u00e1s comunes utilizados en la industria gr\u00e1fica. Fresar, grabar, cortar y hender de forma precisa es ahora posible con Valiani Integra, un producto italiano cualitativamente impecable que se caracteriza por su forma robusta, su alta precisi\u00f3n y su fiabilidad.  HERRAMIENTA DE FRESADO  La fresadora de 1 kW que se monta en la m\u00e1quina, puede manejar el procesamiento de los soportes r\u00edgidos m\u00e1s comunes utilizados en la industria gr\u00e1fica y de la se\u00f1alizaci\u00f3n incluyendo espuma r\u00edgida de PVC, acr\u00edlico, paneles compuestos de aluminio, forex y plexigl\u00e1s de hasta 13 mm (0,5&quot;) de grosor. El m\u00f3dulo de la fresadora alcanza un m\u00e1ximo de 6 mm de di\u00e1metro.  UNA FRESADORA, MUCHAS OPORTUNIDADES  Integra es la respuesta a las exigencias de corte, kiss-cut, hendido y fresado, ya que es capaz de garantizar un rendimiento \u00f3ptimo sin recurrir a un troquel de corte. La m\u00e1quina puede estar equipada con una c\u00e1mara de alta resoluci\u00f3n que detecta autom\u00e1ticamente la posici\u00f3n de las marcas de registro de las marcas de registro para realizar cortes de contorno r\u00e1pidos y precisos. La fijaci\u00f3n \u00f3ptima de los medios est\u00e1 dada por una mesa de vac\u00edo de concentraci\u00f3n din\u00e1mica ajustable por zonas y un sistema de sujeci\u00f3n neum\u00e1tica.  M\u00c1S AUTOMATIZACI\u00d3N PARA UNA MAYOR PRODUCTIVIDAD Y MAYOR VELOCIDAD  Los sistemas informatizados de Integra utilizan un grado considerable de automatizaci\u00f3n con la profundidad de corte y la motorizaci\u00f3n de los dos cabezales de corte. Integra resulta ser r\u00e1pida en el procesamiento de materiales con r\u00e1pida configuraci\u00f3n de la herramienta en relaci\u00f3n con la altura del panel a procesar.  Principales aplicaciones  - Negocios y r\u00f3tulos de se\u00f1alizaci\u00f3n - Placas de grabado personalizadas - Artilugios y objetos para vitrinas - Expositores para puntos de compraventa - Pancartas publicitarias - Troquelado de impresiones digitales y Offset - Embalaje  MATERIALES SOPORTADOS  - Plexigl\u00e1s \/ Acr\u00edlico - Compuesto de aluminio \/ DIBOND - Materiales de pl\u00e1stico - FOAM - Tablero de media densidad \/ tablero de fibra - Cart\u00f3n plegable y ondulado  y mucho m\u00e1s...\" \/>\n<meta property=\"og:url\" content=\"https:\/\/www.omcsae.com\/en\/products\/packaging-cutting-plotter-with-optional-milling-machine-valiani-integra\/\" \/>\n<meta property=\"og:site_name\" content=\"OMC sae\" \/>\n<meta property=\"article:modified_time\" content=\"2022-03-29T09:56:02+00:00\" \/>\n<meta property=\"og:image\" content=\"https:\/\/www.omcsae.com\/wp-content\/uploads\/2022\/03\/integra.png\" \/>\n\t<meta property=\"og:image:width\" content=\"882\" \/>\n\t<meta property=\"og:image:height\" content=\"790\" \/>\n\t<meta property=\"og:image:type\" content=\"image\/png\" \/>\n<meta name=\"twitter:card\" content=\"summary_large_image\" \/>\n<meta name=\"twitter:label1\" content=\"Estimated reading time\" \/>\n\t<meta name=\"twitter:data1\" content=\"1 minute\" \/>\n<script type=\"application\/ld+json\" class=\"yoast-schema-graph\">{\"@context\":\"https:\\\/\\\/schema.org\",\"@graph\":[{\"@type\":\"WebPage\",\"@id\":\"https:\\\/\\\/www.omcsae.com\\\/producto\\\/plotter-de-corte-para-packaging-con-fresadora-opcional-valiani-integra\\\/\",\"url\":\"https:\\\/\\\/www.omcsae.com\\\/producto\\\/plotter-de-corte-para-packaging-con-fresadora-opcional-valiani-integra\\\/\",\"name\":\"Plotter de corte para packaging con fresadora opcional - VALIANI INTEGRA - OMC sae\",\"isPartOf\":{\"@id\":\"https:\\\/\\\/www.omcsae.com\\\/#website\"},\"primaryImageOfPage\":{\"@id\":\"https:\\\/\\\/www.omcsae.com\\\/producto\\\/plotter-de-corte-para-packaging-con-fresadora-opcional-valiani-integra\\\/#primaryimage\"},\"image\":{\"@id\":\"https:\\\/\\\/www.omcsae.com\\\/producto\\\/plotter-de-corte-para-packaging-con-fresadora-opcional-valiani-integra\\\/#primaryimage\"},\"thumbnailUrl\":\"https:\\\/\\\/www.omcsae.com\\\/wp-content\\\/uploads\\\/2022\\\/03\\\/integra.png\",\"datePublished\":\"2022-03-25T10:49:47+00:00\",\"dateModified\":\"2022-03-29T09:56:02+00:00\",\"breadcrumb\":{\"@id\":\"https:\\\/\\\/www.omcsae.com\\\/producto\\\/plotter-de-corte-para-packaging-con-fresadora-opcional-valiani-integra\\\/#breadcrumb\"},\"inLanguage\":\"en-GB\",\"potentialAction\":[{\"@type\":\"ReadAction\",\"target\":[\"https:\\\/\\\/www.omcsae.com\\\/producto\\\/plotter-de-corte-para-packaging-con-fresadora-opcional-valiani-integra\\\/\"]}]},{\"@type\":\"ImageObject\",\"inLanguage\":\"en-GB\",\"@id\":\"https:\\\/\\\/www.omcsae.com\\\/producto\\\/plotter-de-corte-para-packaging-con-fresadora-opcional-valiani-integra\\\/#primaryimage\",\"url\":\"https:\\\/\\\/www.omcsae.com\\\/wp-content\\\/uploads\\\/2022\\\/03\\\/integra.png\",\"contentUrl\":\"https:\\\/\\\/www.omcsae.com\\\/wp-content\\\/uploads\\\/2022\\\/03\\\/integra.png\",\"width\":882,\"height\":790,\"caption\":\"integra\"},{\"@type\":\"BreadcrumbList\",\"@id\":\"https:\\\/\\\/www.omcsae.com\\\/producto\\\/plotter-de-corte-para-packaging-con-fresadora-opcional-valiani-integra\\\/#breadcrumb\",\"itemListElement\":[{\"@type\":\"ListItem\",\"position\":1,\"name\":\"Portada\",\"item\":\"https:\\\/\\\/www.omcsae.com\\\/\"},{\"@type\":\"ListItem\",\"position\":2,\"name\":\"Productos\",\"item\":\"https:\\\/\\\/www.omcsae.com\\\/shop\\\/\"},{\"@type\":\"ListItem\",\"position\":3,\"name\":\"Plotter de corte para packaging con fresadora opcional &#8211; VALIANI INTEGRA\"}]},{\"@type\":\"WebSite\",\"@id\":\"https:\\\/\\\/www.omcsae.com\\\/#website\",\"url\":\"https:\\\/\\\/www.omcsae.com\\\/\",\"name\":\"OMC sae\",\"description\":\"Distribuidor de maquinaria, consumibles y equipos para imprentas, artes gr\u00e1ficas\",\"publisher\":{\"@id\":\"https:\\\/\\\/www.omcsae.com\\\/#organization\"},\"potentialAction\":[{\"@type\":\"SearchAction\",\"target\":{\"@type\":\"EntryPoint\",\"urlTemplate\":\"https:\\\/\\\/www.omcsae.com\\\/?s={search_term_string}\"},\"query-input\":{\"@type\":\"PropertyValueSpecification\",\"valueRequired\":true,\"valueName\":\"search_term_string\"}}],\"inLanguage\":\"en-GB\"},{\"@type\":\"Organization\",\"@id\":\"https:\\\/\\\/www.omcsae.com\\\/#organization\",\"name\":\"OMC SAE: distribuidor de maquinaria, consumibles y equipos para imprentas\",\"url\":\"https:\\\/\\\/www.omcsae.com\\\/\",\"logo\":{\"@type\":\"ImageObject\",\"inLanguage\":\"en-GB\",\"@id\":\"https:\\\/\\\/www.omcsae.com\\\/#\\\/schema\\\/logo\\\/image\\\/\",\"url\":\"https:\\\/\\\/www.omcsae.com\\\/wp-content\\\/uploads\\\/2020\\\/09\\\/OMC_Logo-transparent-e1646645548126.png\",\"contentUrl\":\"https:\\\/\\\/www.omcsae.com\\\/wp-content\\\/uploads\\\/2020\\\/09\\\/OMC_Logo-transparent-e1646645548126.png\",\"width\":303,\"height\":351,\"caption\":\"OMC SAE: distribuidor de maquinaria, consumibles y equipos para imprentas\"},\"image\":{\"@id\":\"https:\\\/\\\/www.omcsae.com\\\/#\\\/schema\\\/logo\\\/image\\\/\"}}]}<\/script>\n<!-- \/ Yoast SEO plugin. -->","yoast_head_json":{"title":"Cutting plotter for packaging with optional milling machine - VALIANI INTEGRA - WTO sae","robots":{"index":"index","follow":"follow","max-snippet":"max-snippet:-1","max-image-preview":"max-image-preview:large","max-video-preview":"max-video-preview:-1"},"canonical":"https:\/\/www.omcsae.com\/en\/products\/packaging-cutting-plotter-with-optional-milling-machine-valiani-integra\/","og_locale":"en_GB","og_type":"article","og_title":"Plotter de corte para packaging con fresadora opcional - VALIANI INTEGRA - OMC sae","og_description":"M\u00c1QUINA TODO EN UNO  Integra es un sistema de corte dise\u00f1ado por Valiani para procesar materiales de mayor consistencia y grosor t\u00edpicos del mundo de la se\u00f1alizaci\u00f3n y la industria del embalaje. Configurable con una fresadora de 1kW y una amplia gama de herramientas de corte, Integra garantiza una gran versatilidad y est\u00e1ndares de calidad en la gesti\u00f3n del procesamiento de los soportes r\u00edgidos m\u00e1s comunes utilizados en la industria gr\u00e1fica. Fresar, grabar, cortar y hender de forma precisa es ahora posible con Valiani Integra, un producto italiano cualitativamente impecable que se caracteriza por su forma robusta, su alta precisi\u00f3n y su fiabilidad.  HERRAMIENTA DE FRESADO  La fresadora de 1 kW que se monta en la m\u00e1quina, puede manejar el procesamiento de los soportes r\u00edgidos m\u00e1s comunes utilizados en la industria gr\u00e1fica y de la se\u00f1alizaci\u00f3n incluyendo espuma r\u00edgida de PVC, acr\u00edlico, paneles compuestos de aluminio, forex y plexigl\u00e1s de hasta 13 mm (0,5\") de grosor. El m\u00f3dulo de la fresadora alcanza un m\u00e1ximo de 6 mm de di\u00e1metro.  UNA FRESADORA, MUCHAS OPORTUNIDADES  Integra es la respuesta a las exigencias de corte, kiss-cut, hendido y fresado, ya que es capaz de garantizar un rendimiento \u00f3ptimo sin recurrir a un troquel de corte. La m\u00e1quina puede estar equipada con una c\u00e1mara de alta resoluci\u00f3n que detecta autom\u00e1ticamente la posici\u00f3n de las marcas de registro de las marcas de registro para realizar cortes de contorno r\u00e1pidos y precisos. La fijaci\u00f3n \u00f3ptima de los medios est\u00e1 dada por una mesa de vac\u00edo de concentraci\u00f3n din\u00e1mica ajustable por zonas y un sistema de sujeci\u00f3n neum\u00e1tica.  M\u00c1S AUTOMATIZACI\u00d3N PARA UNA MAYOR PRODUCTIVIDAD Y MAYOR VELOCIDAD  Los sistemas informatizados de Integra utilizan un grado considerable de automatizaci\u00f3n con la profundidad de corte y la motorizaci\u00f3n de los dos cabezales de corte. Integra resulta ser r\u00e1pida en el procesamiento de materiales con r\u00e1pida configuraci\u00f3n de la herramienta en relaci\u00f3n con la altura del panel a procesar.  Principales aplicaciones  - Negocios y r\u00f3tulos de se\u00f1alizaci\u00f3n - Placas de grabado personalizadas - Artilugios y objetos para vitrinas - Expositores para puntos de compraventa - Pancartas publicitarias - Troquelado de impresiones digitales y Offset - Embalaje  MATERIALES SOPORTADOS  - Plexigl\u00e1s \/ Acr\u00edlico - Compuesto de aluminio \/ DIBOND - Materiales de pl\u00e1stico - FOAM - Tablero de media densidad \/ tablero de fibra - Cart\u00f3n plegable y ondulado  y mucho m\u00e1s...","og_url":"https:\/\/www.omcsae.com\/en\/products\/packaging-cutting-plotter-with-optional-milling-machine-valiani-integra\/","og_site_name":"OMC sae","article_modified_time":"2022-03-29T09:56:02+00:00","og_image":[{"width":882,"height":790,"url":"https:\/\/www.omcsae.com\/wp-content\/uploads\/2022\/03\/integra.png","type":"image\/png"}],"twitter_card":"summary_large_image","twitter_misc":{"Estimated reading time":"1 minute"},"schema":{"@context":"https:\/\/schema.org","@graph":[{"@type":"WebPage","@id":"https:\/\/www.omcsae.com\/producto\/plotter-de-corte-para-packaging-con-fresadora-opcional-valiani-integra\/","url":"https:\/\/www.omcsae.com\/producto\/plotter-de-corte-para-packaging-con-fresadora-opcional-valiani-integra\/","name":"Cutting plotter for packaging with optional milling machine - VALIANI INTEGRA - WTO sae","isPartOf":{"@id":"https:\/\/www.omcsae.com\/#website"},"primaryImageOfPage":{"@id":"https:\/\/www.omcsae.com\/producto\/plotter-de-corte-para-packaging-con-fresadora-opcional-valiani-integra\/#primaryimage"},"image":{"@id":"https:\/\/www.omcsae.com\/producto\/plotter-de-corte-para-packaging-con-fresadora-opcional-valiani-integra\/#primaryimage"},"thumbnailUrl":"https:\/\/www.omcsae.com\/wp-content\/uploads\/2022\/03\/integra.png","datePublished":"2022-03-25T10:49:47+00:00","dateModified":"2022-03-29T09:56:02+00:00","breadcrumb":{"@id":"https:\/\/www.omcsae.com\/producto\/plotter-de-corte-para-packaging-con-fresadora-opcional-valiani-integra\/#breadcrumb"},"inLanguage":"en-GB","potentialAction":[{"@type":"ReadAction","target":["https:\/\/www.omcsae.com\/producto\/plotter-de-corte-para-packaging-con-fresadora-opcional-valiani-integra\/"]}]},{"@type":"ImageObject","inLanguage":"en-GB","@id":"https:\/\/www.omcsae.com\/producto\/plotter-de-corte-para-packaging-con-fresadora-opcional-valiani-integra\/#primaryimage","url":"https:\/\/www.omcsae.com\/wp-content\/uploads\/2022\/03\/integra.png","contentUrl":"https:\/\/www.omcsae.com\/wp-content\/uploads\/2022\/03\/integra.png","width":882,"height":790,"caption":"integra"},{"@type":"BreadcrumbList","@id":"https:\/\/www.omcsae.com\/producto\/plotter-de-corte-para-packaging-con-fresadora-opcional-valiani-integra\/#breadcrumb","itemListElement":[{"@type":"ListItem","position":1,"name":"Portada","item":"https:\/\/www.omcsae.com\/"},{"@type":"ListItem","position":2,"name":"Productos","item":"https:\/\/www.omcsae.com\/shop\/"},{"@type":"ListItem","position":3,"name":"Plotter de corte para packaging con fresadora opcional &#8211; VALIANI INTEGRA"}]},{"@type":"WebSite","@id":"https:\/\/www.omcsae.com\/#website","url":"https:\/\/www.omcsae.com\/","name":"OMC sae","description":"Distributor of machinery, consumables and equipment for printing, graphic arts","publisher":{"@id":"https:\/\/www.omcsae.com\/#organization"},"potentialAction":[{"@type":"SearchAction","target":{"@type":"EntryPoint","urlTemplate":"https:\/\/www.omcsae.com\/?s={search_term_string}"},"query-input":{"@type":"PropertyValueSpecification","valueRequired":true,"valueName":"search_term_string"}}],"inLanguage":"en-GB"},{"@type":"Organization","@id":"https:\/\/www.omcsae.com\/#organization","name":"OMC SAE: distributor of machinery, consumables and equipment for the printing industry","url":"https:\/\/www.omcsae.com\/","logo":{"@type":"ImageObject","inLanguage":"en-GB","@id":"https:\/\/www.omcsae.com\/#\/schema\/logo\/image\/","url":"https:\/\/www.omcsae.com\/wp-content\/uploads\/2020\/09\/OMC_Logo-transparent-e1646645548126.png","contentUrl":"https:\/\/www.omcsae.com\/wp-content\/uploads\/2020\/09\/OMC_Logo-transparent-e1646645548126.png","width":303,"height":351,"caption":"OMC SAE: distribuidor de maquinaria, consumibles y equipos para imprentas"},"image":{"@id":"https:\/\/www.omcsae.com\/#\/schema\/logo\/image\/"}}]}},"_links":{"self":[{"href":"https:\/\/www.omcsae.com\/en\/wp-json\/wp\/v2\/product\/6774","targetHints":{"allow":["GET"]}}],"collection":[{"href":"https:\/\/www.omcsae.com\/en\/wp-json\/wp\/v2\/product"}],"about":[{"href":"https:\/\/www.omcsae.com\/en\/wp-json\/wp\/v2\/types\/product"}],"wp:featuredmedia":[{"embeddable":true,"href":"https:\/\/www.omcsae.com\/en\/wp-json\/wp\/v2\/media\/6775"}],"wp:attachment":[{"href":"https:\/\/www.omcsae.com\/en\/wp-json\/wp\/v2\/media?parent=6774"}],"wp:term":[{"taxonomy":"product_cat","embeddable":true,"href":"https:\/\/www.omcsae.com\/en\/wp-json\/wp\/v2\/product_cat?post=6774"},{"taxonomy":"product_tag","embeddable":true,"href":"https:\/\/www.omcsae.com\/en\/wp-json\/wp\/v2\/product_tag?post=6774"}],"curies":[{"name":"wp","href":"https:\/\/api.w.org\/{rel}","templated":true}]}}