{"id":6995,"date":"2023-06-13T15:33:29","date_gmt":"2023-06-13T15:33:29","guid":{"rendered":"https:\/\/www.omcsae.com\/?post_type=product&#038;p=6995"},"modified":"2023-09-04T16:08:54","modified_gmt":"2023-09-04T16:08:54","slug":"sakura","status":"publish","type":"product","link":"https:\/\/www.omcsae.com\/en\/products\/sakura\/","title":{"rendered":"Used offset printing machine \u2013 KOMORI LS 640 \u2013 double coating tower"},"content":{"rendered":"","protected":false},"excerpt":{"rendered":"<p class=\"p2\"><b>KOMORI LITHRONE LS640 + C + C <\/b><\/p>\n<ul class=\"ul1\">\n<li class=\"li2\">Year of manufacture: 2008<\/li>\n<li class=\"li2\">Number of colors: 6<\/li>\n<li class=\"li2\">Thickness: 0.06 \u2013 1.0mm<\/li>\n<li class=\"li2\">Maximum sheet size: 720 mm x 1030 mm<\/li>\n<li class=\"li2\">Maximum online printing format: 710 x 1020 mm<\/li>\n<li class=\"li2\">Plate format: 800 x 1030 mm<\/li>\n<li class=\"li2\">Rubber format: 920 x 1040 mm<\/li>\n<li class=\"li2\">Varnish unit: 2 units<\/li>\n<li class=\"li2\">Extended exit: YES<\/li>\n<li class=\"li2\">Rise: 300 mm<\/li>\n<li class=\"li3\">Number of copies: 75 million approx.<\/li>\n<\/ul>\n<p class=\"p2\"><b>EQUIPMENT <\/b><\/p>\n<ul class=\"ul1\">\n<li class=\"li2\">Skeleton Type Transfer Cylinder<\/li>\n<li class=\"li2\">Battery temperature control.<\/li>\n<li class=\"li3\">Battery disengagement of all units<\/li>\n<li class=\"li2\">FAPC automatic plate changing<\/li>\n<li class=\"li2\">PQC-S and KMS 4 desk<\/li>\n<li class=\"li3\">Automatic roller, rubber and printer washers<\/li>\n<li class=\"li3\">6 ink stirrers<\/li>\n<li class=\"li2\">Anilox Roller Varnish Systems<\/li>\n<li class=\"li3\">Overelevation 300mm<\/li>\n<li class=\"li2\">IR+HA dryer in the extended outlet.<\/li>\n<li class=\"li2\">UV drying equipment at the outlet<\/li>\n<li class=\"li2\">2 Interdeck<\/li>\n<li class=\"li2\">Cardboard printing package<\/li>\n<li class=\"li4\">Retofit marker<\/li>\n<\/ul>\n<p class=\"p2\">Machine delivery conditions: in its current condition and location<\/p>\n<p class=\"p2\">Offer validity: subject to availability *(subject to machine signage)<\/p>","protected":false},"featured_media":7017,"template":"","meta":[],"product_cat":[736],"product_tag":[],"class_list":{"0":"post-6995","1":"product","2":"type-product","3":"status-publish","4":"has-post-thumbnail","6":"product_cat-maquinas-de-ocasion","7":"pa_marca-maquinas-de-ocasion","9":"first","10":"instock","11":"shipping-taxable","12":"product-type-simple"},"yoast_head":"<!-- This site is optimized with the Yoast SEO plugin v27.3 - https:\/\/yoast.com\/product\/yoast-seo-wordpress\/ -->\n<title>M\u00e1quina de impresi\u00f3n offset usada - KOMORI LS 640 - doble torre de barniz - OMC sae<\/title>\n<meta name=\"robots\" content=\"index, follow, max-snippet:-1, max-image-preview:large, max-video-preview:-1\" \/>\n<link rel=\"canonical\" href=\"https:\/\/www.omcsae.com\/en\/products\/sakura\/\" \/>\n<meta property=\"og:locale\" content=\"en_GB\" \/>\n<meta property=\"og:type\" content=\"article\" \/>\n<meta property=\"og:title\" content=\"M\u00e1quina de impresi\u00f3n offset usada - KOMORI LS 640 - doble torre de barniz - OMC sae\" \/>\n<meta property=\"og:description\" content=\"KOMORI LITHRONE LS640 + C + C     A\u00f1o de fabricaci\u00f3n: 2008  N\u00famero de colores: 6  Espesor: 0.06 \u2013 1.0 mm  Tama\u00f1o m\u00e1ximo del pliego: 720 mm x 1030 mm  Formato m\u00e1ximo de impresi\u00f3n en l\u00ednea: 710 x 1020 mm  Formato de plancha: 800 x 1030 mm  Formato del caucho: 920 x 1040 mm  Unidad de barniz: 2 unidades  Salida prolongada: SI  Sobreelevaci\u00f3n: 300 mm  N\u00famero de ejemplares: 75 millones aprox.  EQUIPAMIENTO     Cilindro de transferencia tipo esqueleto  Atemperador de bater\u00edas.  Desembrague de bater\u00edas todas las unidades  FAPC cambio autom\u00e1tico de planchas  Pupitre PQC-S y KMS 4  Lavadores autom\u00e1ticos rodillos, cauchos e impresores  6 agitadores de tinta  Sistemas de barniz con rodillo Anilox  Sobreelevaci\u00f3n 300mm  Secador IR+HA en la salida extendida.  Equipo de secado UV en la salida  2 Interdeck  Paquete para impresi\u00f3n de cart\u00f3n  Retofit marcador  Condiciones de entrega de la m\u00e1quina: en su estado y ubicaci\u00f3n actual Validez de la oferta: sujeta a disponibilidad *(sujeta a la se\u00f1alizaci\u00f3n de la m\u00e1quina)\" \/>\n<meta property=\"og:url\" content=\"https:\/\/www.omcsae.com\/en\/products\/sakura\/\" \/>\n<meta property=\"og:site_name\" content=\"OMC sae\" \/>\n<meta property=\"article:modified_time\" content=\"2023-09-04T16:08:54+00:00\" \/>\n<meta property=\"og:image\" content=\"https:\/\/www.omcsae.com\/wp-content\/uploads\/2023\/06\/komoriLS-640VENDIDA-1.png\" \/>\n\t<meta property=\"og:image:width\" content=\"693\" \/>\n\t<meta property=\"og:image:height\" content=\"727\" \/>\n\t<meta property=\"og:image:type\" content=\"image\/png\" \/>\n<meta name=\"twitter:card\" content=\"summary_large_image\" \/>\n<script type=\"application\/ld+json\" class=\"yoast-schema-graph\">{\"@context\":\"https:\\\/\\\/schema.org\",\"@graph\":[{\"@type\":\"WebPage\",\"@id\":\"https:\\\/\\\/www.omcsae.com\\\/producto\\\/maquina-de-impresion-offset-usada-komori-ls-640-doble-torre-de-barniz\\\/\",\"url\":\"https:\\\/\\\/www.omcsae.com\\\/producto\\\/maquina-de-impresion-offset-usada-komori-ls-640-doble-torre-de-barniz\\\/\",\"name\":\"M\u00e1quina de impresi\u00f3n offset usada - KOMORI LS 640 - doble torre de barniz - OMC sae\",\"isPartOf\":{\"@id\":\"https:\\\/\\\/www.omcsae.com\\\/#website\"},\"primaryImageOfPage\":{\"@id\":\"https:\\\/\\\/www.omcsae.com\\\/producto\\\/maquina-de-impresion-offset-usada-komori-ls-640-doble-torre-de-barniz\\\/#primaryimage\"},\"image\":{\"@id\":\"https:\\\/\\\/www.omcsae.com\\\/producto\\\/maquina-de-impresion-offset-usada-komori-ls-640-doble-torre-de-barniz\\\/#primaryimage\"},\"thumbnailUrl\":\"https:\\\/\\\/www.omcsae.com\\\/wp-content\\\/uploads\\\/2023\\\/06\\\/komoriLS-640VENDIDA-1.png\",\"datePublished\":\"2023-06-13T15:33:29+00:00\",\"dateModified\":\"2023-09-04T16:08:54+00:00\",\"breadcrumb\":{\"@id\":\"https:\\\/\\\/www.omcsae.com\\\/producto\\\/maquina-de-impresion-offset-usada-komori-ls-640-doble-torre-de-barniz\\\/#breadcrumb\"},\"inLanguage\":\"en-GB\",\"potentialAction\":[{\"@type\":\"ReadAction\",\"target\":[\"https:\\\/\\\/www.omcsae.com\\\/producto\\\/maquina-de-impresion-offset-usada-komori-ls-640-doble-torre-de-barniz\\\/\"]}]},{\"@type\":\"ImageObject\",\"inLanguage\":\"en-GB\",\"@id\":\"https:\\\/\\\/www.omcsae.com\\\/producto\\\/maquina-de-impresion-offset-usada-komori-ls-640-doble-torre-de-barniz\\\/#primaryimage\",\"url\":\"https:\\\/\\\/www.omcsae.com\\\/wp-content\\\/uploads\\\/2023\\\/06\\\/komoriLS-640VENDIDA-1.png\",\"contentUrl\":\"https:\\\/\\\/www.omcsae.com\\\/wp-content\\\/uploads\\\/2023\\\/06\\\/komoriLS-640VENDIDA-1.png\",\"width\":693,\"height\":727},{\"@type\":\"BreadcrumbList\",\"@id\":\"https:\\\/\\\/www.omcsae.com\\\/producto\\\/maquina-de-impresion-offset-usada-komori-ls-640-doble-torre-de-barniz\\\/#breadcrumb\",\"itemListElement\":[{\"@type\":\"ListItem\",\"position\":1,\"name\":\"Portada\",\"item\":\"https:\\\/\\\/www.omcsae.com\\\/\"},{\"@type\":\"ListItem\",\"position\":2,\"name\":\"Productos\",\"item\":\"https:\\\/\\\/www.omcsae.com\\\/shop\\\/\"},{\"@type\":\"ListItem\",\"position\":3,\"name\":\"M\u00e1quina de impresi\u00f3n offset usada &#8211; KOMORI LS 640 &#8211; doble torre de barniz\"}]},{\"@type\":\"WebSite\",\"@id\":\"https:\\\/\\\/www.omcsae.com\\\/#website\",\"url\":\"https:\\\/\\\/www.omcsae.com\\\/\",\"name\":\"OMC sae\",\"description\":\"Distribuidor de maquinaria, consumibles y equipos para imprentas, artes gr\u00e1ficas\",\"publisher\":{\"@id\":\"https:\\\/\\\/www.omcsae.com\\\/#organization\"},\"potentialAction\":[{\"@type\":\"SearchAction\",\"target\":{\"@type\":\"EntryPoint\",\"urlTemplate\":\"https:\\\/\\\/www.omcsae.com\\\/?s={search_term_string}\"},\"query-input\":{\"@type\":\"PropertyValueSpecification\",\"valueRequired\":true,\"valueName\":\"search_term_string\"}}],\"inLanguage\":\"en-GB\"},{\"@type\":\"Organization\",\"@id\":\"https:\\\/\\\/www.omcsae.com\\\/#organization\",\"name\":\"OMC SAE: distribuidor de maquinaria, consumibles y equipos para imprentas\",\"url\":\"https:\\\/\\\/www.omcsae.com\\\/\",\"logo\":{\"@type\":\"ImageObject\",\"inLanguage\":\"en-GB\",\"@id\":\"https:\\\/\\\/www.omcsae.com\\\/#\\\/schema\\\/logo\\\/image\\\/\",\"url\":\"https:\\\/\\\/www.omcsae.com\\\/wp-content\\\/uploads\\\/2020\\\/09\\\/OMC_Logo-transparent-e1646645548126.png\",\"contentUrl\":\"https:\\\/\\\/www.omcsae.com\\\/wp-content\\\/uploads\\\/2020\\\/09\\\/OMC_Logo-transparent-e1646645548126.png\",\"width\":303,\"height\":351,\"caption\":\"OMC SAE: distribuidor de maquinaria, consumibles y equipos para imprentas\"},\"image\":{\"@id\":\"https:\\\/\\\/www.omcsae.com\\\/#\\\/schema\\\/logo\\\/image\\\/\"}}]}<\/script>\n<!-- \/ Yoast SEO plugin. -->","yoast_head_json":{"title":"Used offset printing press - KOMORI LS 640 - double varnish tower - OMC sae","robots":{"index":"index","follow":"follow","max-snippet":"max-snippet:-1","max-image-preview":"max-image-preview:large","max-video-preview":"max-video-preview:-1"},"canonical":"https:\/\/www.omcsae.com\/en\/products\/sakura\/","og_locale":"en_GB","og_type":"article","og_title":"M\u00e1quina de impresi\u00f3n offset usada - KOMORI LS 640 - doble torre de barniz - OMC sae","og_description":"KOMORI LITHRONE LS640 + C + C     A\u00f1o de fabricaci\u00f3n: 2008  N\u00famero de colores: 6  Espesor: 0.06 \u2013 1.0 mm  Tama\u00f1o m\u00e1ximo del pliego: 720 mm x 1030 mm  Formato m\u00e1ximo de impresi\u00f3n en l\u00ednea: 710 x 1020 mm  Formato de plancha: 800 x 1030 mm  Formato del caucho: 920 x 1040 mm  Unidad de barniz: 2 unidades  Salida prolongada: SI  Sobreelevaci\u00f3n: 300 mm  N\u00famero de ejemplares: 75 millones aprox.  EQUIPAMIENTO     Cilindro de transferencia tipo esqueleto  Atemperador de bater\u00edas.  Desembrague de bater\u00edas todas las unidades  FAPC cambio autom\u00e1tico de planchas  Pupitre PQC-S y KMS 4  Lavadores autom\u00e1ticos rodillos, cauchos e impresores  6 agitadores de tinta  Sistemas de barniz con rodillo Anilox  Sobreelevaci\u00f3n 300mm  Secador IR+HA en la salida extendida.  Equipo de secado UV en la salida  2 Interdeck  Paquete para impresi\u00f3n de cart\u00f3n  Retofit marcador  Condiciones de entrega de la m\u00e1quina: en su estado y ubicaci\u00f3n actual Validez de la oferta: sujeta a disponibilidad *(sujeta a la se\u00f1alizaci\u00f3n de la m\u00e1quina)","og_url":"https:\/\/www.omcsae.com\/en\/products\/sakura\/","og_site_name":"OMC sae","article_modified_time":"2023-09-04T16:08:54+00:00","og_image":[{"width":693,"height":727,"url":"https:\/\/www.omcsae.com\/wp-content\/uploads\/2023\/06\/komoriLS-640VENDIDA-1.png","type":"image\/png"}],"twitter_card":"summary_large_image","schema":{"@context":"https:\/\/schema.org","@graph":[{"@type":"WebPage","@id":"https:\/\/www.omcsae.com\/producto\/maquina-de-impresion-offset-usada-komori-ls-640-doble-torre-de-barniz\/","url":"https:\/\/www.omcsae.com\/producto\/maquina-de-impresion-offset-usada-komori-ls-640-doble-torre-de-barniz\/","name":"Used offset printing press - KOMORI LS 640 - double varnish tower - OMC sae","isPartOf":{"@id":"https:\/\/www.omcsae.com\/#website"},"primaryImageOfPage":{"@id":"https:\/\/www.omcsae.com\/producto\/maquina-de-impresion-offset-usada-komori-ls-640-doble-torre-de-barniz\/#primaryimage"},"image":{"@id":"https:\/\/www.omcsae.com\/producto\/maquina-de-impresion-offset-usada-komori-ls-640-doble-torre-de-barniz\/#primaryimage"},"thumbnailUrl":"https:\/\/www.omcsae.com\/wp-content\/uploads\/2023\/06\/komoriLS-640VENDIDA-1.png","datePublished":"2023-06-13T15:33:29+00:00","dateModified":"2023-09-04T16:08:54+00:00","breadcrumb":{"@id":"https:\/\/www.omcsae.com\/producto\/maquina-de-impresion-offset-usada-komori-ls-640-doble-torre-de-barniz\/#breadcrumb"},"inLanguage":"en-GB","potentialAction":[{"@type":"ReadAction","target":["https:\/\/www.omcsae.com\/producto\/maquina-de-impresion-offset-usada-komori-ls-640-doble-torre-de-barniz\/"]}]},{"@type":"ImageObject","inLanguage":"en-GB","@id":"https:\/\/www.omcsae.com\/producto\/maquina-de-impresion-offset-usada-komori-ls-640-doble-torre-de-barniz\/#primaryimage","url":"https:\/\/www.omcsae.com\/wp-content\/uploads\/2023\/06\/komoriLS-640VENDIDA-1.png","contentUrl":"https:\/\/www.omcsae.com\/wp-content\/uploads\/2023\/06\/komoriLS-640VENDIDA-1.png","width":693,"height":727},{"@type":"BreadcrumbList","@id":"https:\/\/www.omcsae.com\/producto\/maquina-de-impresion-offset-usada-komori-ls-640-doble-torre-de-barniz\/#breadcrumb","itemListElement":[{"@type":"ListItem","position":1,"name":"Portada","item":"https:\/\/www.omcsae.com\/"},{"@type":"ListItem","position":2,"name":"Productos","item":"https:\/\/www.omcsae.com\/shop\/"},{"@type":"ListItem","position":3,"name":"M\u00e1quina de impresi\u00f3n offset usada &#8211; KOMORI LS 640 &#8211; doble torre de barniz"}]},{"@type":"WebSite","@id":"https:\/\/www.omcsae.com\/#website","url":"https:\/\/www.omcsae.com\/","name":"OMC sae","description":"Distributor of machinery, consumables and equipment for printing, graphic arts","publisher":{"@id":"https:\/\/www.omcsae.com\/#organization"},"potentialAction":[{"@type":"SearchAction","target":{"@type":"EntryPoint","urlTemplate":"https:\/\/www.omcsae.com\/?s={search_term_string}"},"query-input":{"@type":"PropertyValueSpecification","valueRequired":true,"valueName":"search_term_string"}}],"inLanguage":"en-GB"},{"@type":"Organization","@id":"https:\/\/www.omcsae.com\/#organization","name":"OMC SAE: distributor of machinery, consumables and equipment for the printing industry","url":"https:\/\/www.omcsae.com\/","logo":{"@type":"ImageObject","inLanguage":"en-GB","@id":"https:\/\/www.omcsae.com\/#\/schema\/logo\/image\/","url":"https:\/\/www.omcsae.com\/wp-content\/uploads\/2020\/09\/OMC_Logo-transparent-e1646645548126.png","contentUrl":"https:\/\/www.omcsae.com\/wp-content\/uploads\/2020\/09\/OMC_Logo-transparent-e1646645548126.png","width":303,"height":351,"caption":"OMC SAE: distribuidor de maquinaria, consumibles y equipos para imprentas"},"image":{"@id":"https:\/\/www.omcsae.com\/#\/schema\/logo\/image\/"}}]}},"_links":{"self":[{"href":"https:\/\/www.omcsae.com\/en\/wp-json\/wp\/v2\/product\/6995","targetHints":{"allow":["GET"]}}],"collection":[{"href":"https:\/\/www.omcsae.com\/en\/wp-json\/wp\/v2\/product"}],"about":[{"href":"https:\/\/www.omcsae.com\/en\/wp-json\/wp\/v2\/types\/product"}],"wp:featuredmedia":[{"embeddable":true,"href":"https:\/\/www.omcsae.com\/en\/wp-json\/wp\/v2\/media\/7017"}],"wp:attachment":[{"href":"https:\/\/www.omcsae.com\/en\/wp-json\/wp\/v2\/media?parent=6995"}],"wp:term":[{"taxonomy":"product_cat","embeddable":true,"href":"https:\/\/www.omcsae.com\/en\/wp-json\/wp\/v2\/product_cat?post=6995"},{"taxonomy":"product_tag","embeddable":true,"href":"https:\/\/www.omcsae.com\/en\/wp-json\/wp\/v2\/product_tag?post=6995"}],"curies":[{"name":"wp","href":"https:\/\/api.w.org\/{rel}","templated":true}]}}